{"id":8475,"date":"1970-01-01T00:00:00","date_gmt":"1970-01-01T00:00:00","guid":{"rendered":"https:\/\/elfsight.com\/es\/?page_id=8475"},"modified":"2025-02-06T15:37:12","modified_gmt":"2025-02-06T15:37:12","slug":"elementor","status":"publish","type":"page","link":"https:\/\/elfsight.com\/es\/restaurant-menu-widget\/elementor\/","title":{"rendered":"Restaurant Menu &#8211; Elementor"},"content":{"rendered":"<div class=\"application-platform-content-item-description application-platform-content-item\" id=\"description\" data-nav-section=\"description\"> <h2>Integre el men\u00fa del restaurante en Elementor con el widget de Elfsight<\/h2><p>Elfsight Restaurant Menu es una herramienta conveniente para mostrar su variedad de comidas y bebidas directamente en su sitio web. El widget es absolutamente f\u00e1cil de usar. A trav\u00e9s de \u00e9l, puede configurar una gran cantidad de men\u00fas con un n\u00famero ilimitado de elementos o simplemente mostrar una lista concisa de los platos que sirve. No dudes en elegir un esquema claro, oscuro o modificar todo lo que quieras, cambiando todos los colores de acento. Adem\u00e1s, el widget permite que la informaci\u00f3n est\u00e9 siempre actualizada: precios correctos, una lista de art\u00edculos, agregar nuevas bebidas o incluso men\u00fas en cuesti\u00f3n de segundos. No m\u00e1s men\u00fas est\u00e1ticos que tienes que crear desde el principio. \u00a1Empiece a crear su apetitoso men\u00fa ahora mismo! <\/p> <p><b> Al tener el widget Men\u00fa del restaurante directamente en la p\u00e1gina web de su empresa, puede tener m\u00e1s invitados y ver negocios activos. \u00a1Empiece a utilizar Restaurant Menu de Elfsight!<\/b><\/p> <\/div> <div class=\"application-platform-content-item-features application-platform-content-item\" id=\"features\" data-nav-section=\"features\"> <h2>Aqu\u00ed hay algunas caracter\u00edsticas b\u00e1sicas del widget: <\/h2> <ul><li> Una herramienta sencilla incluso para usuarios no profesionales <\/li><li>Cantidad personalizada de men\u00fas, secciones o elementos, formados con pesta\u00f1as, listas o mamposter\u00eda dise\u00f1os<\/li><li>Men\u00fa f\u00e1cil de actualizar y todos sus elementos, como descuentos, ofertas especiales de temporada, etc. <\/li><li>Muestre informaci\u00f3n adicional extensa sobre los art\u00edculos, incluidos \u00edconos, elementos nutricionales e insignias <\/li><li>Adjunte fotograf\u00edas apetitosas para los art\u00edculos e incluso mu\u00e9strelas en una vista emergente <\/li><li>Ajuste y cambie el color de cualquier elemento, como texto, combinaci\u00f3n de colores e \u00edconos <\/li><\/ul><p><a href=\"#demo\">Examine todas las funciones de personalizaci\u00f3n en una demostraci\u00f3n completamente funcional<\/a><\/p> <\/div> <div class=\"application-platform-content-item-installation application-platform-content-item\" id=\"installation\" data-nav-section=\"installation\"> <h2>\u00bfC\u00f3mo agrego el men\u00fa del restaurante a mi sitio Elementor? <\/h2> <div class=\"video-container\"><iframe width=\"720\" height=\"405\" src=\"https:\/\/www.youtube.com\/embed\/dzt-nRfEjsM\" frameborder=\"0\"><\/iframe><\/div><p>Simplemente aplique las instrucciones a continuaci\u00f3n para integrar el widget: <\/p> <ol><li><b>Administre nuestra demostraci\u00f3n gratuita y comience a crear su men\u00fa personalizado. <\/b><br> Especifique la interfaz seleccionada y las caracter\u00edsticas del complemento y guarde las correcciones. <\/li> <li><b>Adquiera su c\u00f3digo \u00fanico que aparece en el formulario especial en Elfsight Apps. <\/b><br> Inmediatamente despu\u00e9s de generar su men\u00fa personal, copie el c\u00f3digo individual en la ventana emergente que aparece y gu\u00e1rdelo para futuras ocasiones. <\/li> <li><b>Comience a utilizar la herramienta en su p\u00e1gina de inicio de Elementor. <\/b><br> Agregue el c\u00f3digo guardado anteriormente en su p\u00e1gina de inicio y aplique las ediciones. <\/li> <li><b>La instalaci\u00f3n finaliz\u00f3 exitosamente. <\/b><br>Visita su p\u00e1gina web para echar un vistazo al funcionamiento del widget. <\/li><\/ol> <p>A condici\u00f3n de atender consultas o tener alguna complicaci\u00f3n, no dudes en ponerte en contacto con nuestro equipo de atenci\u00f3n al cliente. Nuestra gente estar\u00e1 encantada de resolver todos los problemas que pueda tener con el widget. <\/p> <div class=\"faq\" data-component=\"FAQ\"><div class=\"faq-item\">\r\n\t\t\t\t\t<div class=\"faq-item-question\">\r\n\t\t\t\t\t\t<h3 class=\"faq-item-question-text\">\u00bfExiste alguna forma de incrustar el Men\u00fa del restaurante en mi p\u00e1gina web de Elementor sin necesidad de codificaci\u00f3n?<\/h3>\r\n\r\n\t\t\t\t\t\t<div class=\"faq-item-question-icon\"><\/div>\r\n\t\t\t\t\t<\/div>\r\n\r\n\t\t\t\t\t<div class=\"faq-item-answer\">\r\n\t\t\t\t\t\t<div class=\"faq-item-answer-text\"> <p>Elfsight ofrece una soluci\u00f3n que permite a los propietarios de sitios crear una aplicaci\u00f3n de Men\u00fa del restaurante usted mismo. Compruebe lo simple que es: vaya al Editor en vivo para establecer un widget de Men\u00fa del restaurante que le gustar\u00eda incrustar en la p\u00e1gina web de Elementor. Seleccione una de las plantillas predise\u00f1adas y modifique la configuraci\u00f3n del men\u00fa del restaurante, transforme el dise\u00f1o y el color de los elementos y agregue su contenido, sin experiencia en codificaci\u00f3n. Guarde el men\u00fa del restaurante y obtenga el c\u00f3digo de instalaci\u00f3n del complemento, que puede insertar sin esfuerzo en cualquier sitio de Elementor dentro de un plan gratuito. Con la ayuda del Configurador f\u00e1cil de usar, cada usuario web puede generar una secci\u00f3n de Men\u00fa de restaurante en l\u00ednea y agregarla f\u00e1cilmente a cualquier p\u00e1gina de inicio de Elementor. No es necesario pagar ni revelar los datos de su tarjeta para acceder a nuestro Editor. Si encuentra alg\u00fan obst\u00e1culo en alg\u00fan paso, no dude en ponerse en contacto con nuestro servicio de atenci\u00f3n al cliente.<\/p> <\/div>\r\n\t\t\t\t\t<\/div>\r\n\t\t\t\t<\/div> <\/div><\/div>","protected":false},"excerpt":{"rendered":"","protected":false},"author":9,"featured_media":0,"parent":586,"menu_order":0,"comment_status":"closed","ping_status":"closed","template":"templates\/template-application-platform.php","meta":{"publish_to_discourse":"","publish_post_category":"","wpdc_auto_publish_overridden":"","wpdc_topic_tags":"","wpdc_pin_topic":"","wpdc_pin_until":"","discourse_post_id":"","discourse_permalink":"","wpdc_publishing_response":"","wpdc_publishing_error":"","footnotes":""},"class_list":["post-8475","page","type-page","status-publish","hentry"],"yoast_head":"<!-- This site is optimized with the Yoast SEO plugin v25.3.1 - https:\/\/yoast.com\/wordpress\/plugins\/seo\/ -->\n<title>Men\u00fa de restaurante para el sitio web de Elementor: r\u00e1pido y gratuito<\/title>\n<meta name=\"description\" content=\"Implemente un widget de men\u00fa de restaurante f\u00e1cil de usar en su p\u00e1gina web de Elementor. Pruebe la pr\u00e1ctica demostraci\u00f3n de Elfsight y modifique su elegante herramienta en solo unos minutos\" \/>\n<meta name=\"robots\" content=\"index, follow, max-snippet:-1, max-image-preview:large, max-video-preview:-1\" \/>\n<link rel=\"canonical\" href=\"https:\/\/elfsight.com\/es\/restaurant-menu-widget\/elementor\/\" \/>\n<meta property=\"og:locale\" content=\"es_ES\" \/>\n<meta property=\"og:type\" content=\"article\" \/>\n<meta property=\"og:title\" content=\"Men\u00fa de restaurante para el sitio web de Elementor: r\u00e1pido y gratuito\" \/>\n<meta property=\"og:description\" content=\"Implemente un widget de men\u00fa de restaurante f\u00e1cil de usar en su p\u00e1gina web de Elementor. Pruebe la pr\u00e1ctica demostraci\u00f3n de Elfsight y modifique su elegante herramienta en solo unos minutos\" \/>\n<meta property=\"og:url\" content=\"https:\/\/elfsight.com\/es\/restaurant-menu-widget\/elementor\/\" \/>\n<meta property=\"og:site_name\" content=\"Elfsight ES\" \/>\n<meta property=\"article:modified_time\" content=\"2025-02-06T15:37:12+00:00\" \/>\n<meta name=\"twitter:card\" content=\"summary_large_image\" \/>\n<meta name=\"twitter:label1\" content=\"Tiempo de lectura\" \/>\n\t<meta name=\"twitter:data1\" content=\"4 minutos\" \/>\n<!-- \/ Yoast SEO plugin. -->","yoast_head_json":{"title":"Men\u00fa de restaurante para el sitio web de Elementor: r\u00e1pido y gratuito","description":"Implemente un widget de men\u00fa de restaurante f\u00e1cil de usar en su p\u00e1gina web de Elementor. Pruebe la pr\u00e1ctica demostraci\u00f3n de Elfsight y modifique su elegante herramienta en solo unos minutos","robots":{"index":"index","follow":"follow","max-snippet":"max-snippet:-1","max-image-preview":"max-image-preview:large","max-video-preview":"max-video-preview:-1"},"canonical":"https:\/\/elfsight.com\/es\/restaurant-menu-widget\/elementor\/","og_locale":"es_ES","og_type":"article","og_title":"Men\u00fa de restaurante para el sitio web de Elementor: r\u00e1pido y gratuito","og_description":"Implemente un widget de men\u00fa de restaurante f\u00e1cil de usar en su p\u00e1gina web de Elementor. Pruebe la pr\u00e1ctica demostraci\u00f3n de Elfsight y modifique su elegante herramienta en solo unos minutos","og_url":"https:\/\/elfsight.com\/es\/restaurant-menu-widget\/elementor\/","og_site_name":"Elfsight ES","article_modified_time":"2025-02-06T15:37:12+00:00","twitter_card":"summary_large_image","twitter_misc":{"Tiempo de lectura":"4 minutos"},"schema":{"@context":"https:\/\/schema.org","@graph":[{"@type":"WebPage","@id":"https:\/\/elfsight.com\/es\/restaurant-menu-widget\/elementor\/","url":"https:\/\/elfsight.com\/es\/restaurant-menu-widget\/elementor\/","name":"Men\u00fa de restaurante para el sitio web de Elementor: r\u00e1pido y gratuito","isPartOf":{"@id":"https:\/\/elfsight.com\/es\/#website"},"datePublished":"1970-01-01T00:00:00+00:00","dateModified":"2025-02-06T15:37:12+00:00","description":"Implemente un widget de men\u00fa de restaurante f\u00e1cil de usar en su p\u00e1gina web de Elementor. Pruebe la pr\u00e1ctica demostraci\u00f3n de Elfsight y modifique su elegante herramienta en solo unos minutos","breadcrumb":{"@id":"https:\/\/elfsight.com\/es\/restaurant-menu-widget\/elementor\/#breadcrumb"},"inLanguage":"es","potentialAction":[{"@type":"ReadAction","target":["https:\/\/elfsight.com\/es\/restaurant-menu-widget\/elementor\/"]}]},{"@type":"BreadcrumbList","@id":"https:\/\/elfsight.com\/es\/restaurant-menu-widget\/elementor\/#breadcrumb","itemListElement":[{"@type":"ListItem","position":1,"name":"Home","item":"https:\/\/elfsight.com\/es\/"},{"@type":"ListItem","position":2,"name":"Restaurant Menu","item":"https:\/\/elfsight.com\/es\/restaurant-menu-widget\/"},{"@type":"ListItem","position":3,"name":"Restaurant Menu &#8211; Elementor"}]},{"@type":"WebSite","@id":"https:\/\/elfsight.com\/es\/#website","url":"https:\/\/elfsight.com\/es\/","name":"Elfsight ES","description":"Just another Elfsight Sites site","potentialAction":[{"@type":"SearchAction","target":{"@type":"EntryPoint","urlTemplate":"https:\/\/elfsight.com\/es\/?s={search_term_string}"},"query-input":{"@type":"PropertyValueSpecification","valueRequired":true,"valueName":"search_term_string"}}],"inLanguage":"es"}]}},"meta_box":{"industry":"","seo_heading":"","heading":"","description":"","cta_heading":"","cta_description":"","application":"585","h1":"Widget de men\u00fa de restaurante de Elementor","h1_caption":"Muestre el men\u00fa de su restaurante en un formato visualmente atractivo, f\u00e1cil de actualizar y f\u00e1cil de usar en su sitio web de Elementor sin esfuerzo.","application_category":[],"applications_title":"","applications_request_title":"","applications_request_button_text":"","hero_text":"","hero_video":"","hero_video_schema_markup":"","selling_points_title":"","selling_points_caption":"","selling_points":[],"selling_points_cta_text":"","features_title":"","features":"","ed_cta_examples_text":"","ed_cta_examples_hidden":"","ed_cta_demo_text":"","ed_cta_demo_hidden":"","why_caption":"","why_editor_title":"","why_editor_text":"","why_team_title":"","why_team_text":"","why_service_title":"","why_service_text":"","template_catalog_visible":"","template_catalog_title":"","template_catalog_text":"","template_catalog_categories_visible":"","demo_title":"Crea el widget de men\u00fa de tu restaurante","demo_caption":"\u00a1Configure el men\u00fa de su restaurante y agr\u00e9guelo a su sitio web de Elementor gratis!","default_faq_hidden":"","app_template_category":[],"platform":"58","template_public_id":"","codecanyon_url":"","codecanyon_item_id":"","codecanyon_price":"","pricing_caption":"","pricing_elfsight_apps_hide_column":"","pricing_elfsight_apps_url":"","pricing_codecanyon_price_caption":"","integration_category":[],"integration_request_title":"","integration_request_cta":"","integration_platform":"","integrations":[],"platform_category":[],"video_schema_markup":"","price":"desde $0 \/ mes","trial":"","benefits":[{"text":"Ayuda de instalaci\u00f3n gratuita"},{"text":"Atenci\u00f3n al cliente experimentada"},{"text":"Garant\u00eda de reembolso de 14 d\u00edas"},{"text":"Actualizaciones peri\u00f3dicas"}],"button_url":"#demo","button_target_blank":"","button_nofollow":"","attributes":[{"name":"Instalaciones","content":"10,000 - 100,000"},{"name":"Sensible","content":"S\u00ed"},{"name":"Navegadores compatibles","content":"Firefox, Safari, Opera, Chrome, Edge"}],"tags":[],"tags_disable_links":"","hide_more_platforms":"","video_object":"","demo_hide_cta":"","demo_hide_cloud_options":"","pricing_title":"","pricing":[{"pricing_icon":"platform","pricing_title":"Elfsight Apps","pricing_title_caption":"Versi\u00f3n multiplataforma que funciona en cualquier sitio web.","pricing_price":"desde $0 \/ mes","pricing_price_caption":"comienza con el plan gratuito","pricing_benefits":[{"text":"Dominios ilimitados"},{"text":"Soporte premium y puntual"},{"text":"Ayuda de instalaci\u00f3n gratuita"},{"text":"Oferta por tiempo limitado para m\u00faltiples aplicaciones"}],"pricing_button_text":"A\u00f1adir al sitio web","pricing_button_url":"#demo"}],"related_apps_title":"","related_apps_hidden":"","author":"","image":[],"title":"","job":"","social_networks":[]},"_links":{"self":[{"href":"https:\/\/elfsight.com\/es\/wp-json\/wp\/v2\/pages\/8475","targetHints":{"allow":["GET"]}}],"collection":[{"href":"https:\/\/elfsight.com\/es\/wp-json\/wp\/v2\/pages"}],"about":[{"href":"https:\/\/elfsight.com\/es\/wp-json\/wp\/v2\/types\/page"}],"author":[{"embeddable":true,"href":"https:\/\/elfsight.com\/es\/wp-json\/wp\/v2\/users\/9"}],"replies":[{"embeddable":true,"href":"https:\/\/elfsight.com\/es\/wp-json\/wp\/v2\/comments?post=8475"}],"version-history":[{"count":2,"href":"https:\/\/elfsight.com\/es\/wp-json\/wp\/v2\/pages\/8475\/revisions"}],"predecessor-version":[{"id":18527,"href":"https:\/\/elfsight.com\/es\/wp-json\/wp\/v2\/pages\/8475\/revisions\/18527"}],"up":[{"embeddable":true,"href":"https:\/\/elfsight.com\/es\/wp-json\/wp\/v2\/pages\/586"}],"wp:attachment":[{"href":"https:\/\/elfsight.com\/es\/wp-json\/wp\/v2\/media?parent=8475"}],"curies":[{"name":"wp","href":"https:\/\/api.w.org\/{rel}","templated":true}]}}