{"id":8474,"date":"1970-01-01T00:00:00","date_gmt":"1970-01-01T00:00:00","guid":{"rendered":"https:\/\/elfsight.com\/es\/?page_id=8474"},"modified":"2025-02-06T15:37:12","modified_gmt":"2025-02-06T15:37:12","slug":"drupal","status":"publish","type":"page","link":"https:\/\/elfsight.com\/es\/restaurant-menu-widget\/drupal\/","title":{"rendered":"Restaurant Menu &#8211; Drupal"},"content":{"rendered":"<div class=\"application-platform-content-item-description application-platform-content-item\" id=\"description\" data-nav-section=\"description\"> <h2>Descripci\u00f3n<\/h2><p>El men\u00fa del restaurante Elfsight es un m\u00f3dulo manejable para la presentaci\u00f3n de su variedad de alimentos y bebidas directamente en su sitio web. Es una manera conveniente de familiarizar a sus visitantes con su variedad, transmitir caracter\u00edsticas sobresalientes y llamar su atenci\u00f3n con fotograf\u00edas cautivadoras de productos. El widget es extremadamente \u00fatil. A trav\u00e9s de \u00e9l, puede crear una variedad infinita de p\u00e1ginas de men\u00fa con una gran cantidad de elementos o simplemente presentar una lista concisa de lo que sirve. Seleccione un esquema claro u oscuro o cambie la configuraci\u00f3n que desee, volviendo a colorear todos los elementos. Adem\u00e1s, tu men\u00fa siempre puede ser actual: \u00a1puedes cambiar precios, una lista de art\u00edculos, agregar nuevas bebidas o incluso men\u00fas en unos segundos! No m\u00e1s men\u00fas listos para imprimir que necesita crear desde el principio. \u00a1Empiece a crear su impresionante m\u00f3dulo ahora mismo! <\/p> <p><b>\u00a1Agregue el men\u00fa del restaurante para lograr los objetivos de su negocio de manera m\u00e1s simple! \u00a1Por medio del men\u00fa en su sitio web puede atraer m\u00e1s clientes potenciales y experimentar un s\u00f3lido desarrollo comercial!<\/b><\/p> <\/div> <div class=\"application-platform-content-item-features application-platform-content-item\" id=\"features\" data-nav-section=\"features\"> <h2>A continuaci\u00f3n se detallan las caracter\u00edsticas centrales del m\u00f3dulo: <\/h2> <ul><li>Herramienta f\u00e1cil de usar incluso para usuarios no profesionales<\/li><li>Cantidad ilimitada de men\u00fas, secciones o elementos, divididos con la ayuda de dise\u00f1os de pesta\u00f1as, listas o mamposter\u00eda<\/li><li>Men\u00fa f\u00e1cil de actualizar y todos sus componentes: precios, platos de temporada, bebidas, etc.<\/li><li>Escribe una descripci\u00f3n detallada de los art\u00edculos: \u00edconos, informaci\u00f3n nutricional e insignias <\/li><li>Sube im\u00e1genes apetitosas para los art\u00edculos e incluso pres\u00e9ntalas en modo emergente<\/li><li>Ajusta y vuelve a pintar todos los elementos: texto, combinaci\u00f3n de colores e \u00edconos<\/li><\/ul><p><a href=\"#demo\">Puedes comprobar lo que ofrece el widget con la ayuda de la demostraci\u00f3n<\/a><\/p> <\/div> <div class=\"application-platform-content-item-installation application-platform-content-item\" id=\"installation\" data-nav-section=\"installation\"> <h2>\u00bfC\u00f3mo incrustar el men\u00fa del restaurante en mi sitio web Drupal?<\/h2><div class=\"video-container\"><iframe width=\"720\" height=\"405\" src=\"https:\/\/www.youtube.com\/embed\/-Qa4XGQedkQ\" frameborder=\"0\"><\/iframe><\/div><p>Simplemente siga las pautas a continuaci\u00f3n para activar la herramienta: <\/p> <ol><li><b>Realice nuestro configurador gratuito y comience a construir su m\u00f3dulo personalizado. <\/b><br> Elija el dise\u00f1o y los aspectos deseados del m\u00f3dulo y aplique todas las correcciones. <\/li> <li><b>Adquiera el c\u00f3digo individual que aparece en el formulario especial de Elfsight Apps. <\/b><br> Una vez finalizada la personalizaci\u00f3n de su m\u00f3dulo personal, copie el c\u00f3digo individual en la ventana que aparece y gu\u00e1rdelo para su uso posterior. <\/li> <li><b>Comience a utilizar el m\u00f3dulo en su p\u00e1gina web Drupal. <\/b><br>Coloca el c\u00f3digo que has guardado antes en tu sitio web y guarda los ajustes. <\/li> <li><b>La instalaci\u00f3n se ha realizado por completo. <\/b><br> Vaya a su p\u00e1gina web para ver en acci\u00f3n c\u00f3mo funciona el m\u00f3dulo. <\/li><\/ol><p>En caso de tener dudas o encontrar alguna dificultad, no dude en ponerse en contacto con nuestro personal de atenci\u00f3n al cliente. El equipo de Elfsight est\u00e1 deseando ayudarle con todas las preguntas que pueda tener sobre el m\u00f3dulo. <\/p> <div class=\"faq\" data-component=\"FAQ\"><div class=\"faq-item\">\r\n\t\t\t\t\t<div class=\"faq-item-question\">\r\n\t\t\t\t\t\t<h3 class=\"faq-item-question-text\">\u00bfC\u00f3mo agregar un men\u00fa de restaurante a mi sitio web Drupal sin codificaci\u00f3n?<\/h3>\r\n\r\n\t\t\t\t\t\t<div class=\"faq-item-question-icon\"><\/div>\r\n\t\t\t\t\t<\/div>\r\n\r\n\t\t\t\t\t<div class=\"faq-item-answer\">\r\n\t\t\t\t\t\t<div class=\"faq-item-answer-text\"> <p>Elfsight ofrece una soluci\u00f3n SaaS que permite a los usuarios crear un widget de men\u00fa de restaurante usted mismo. Descubra las sencillas instrucciones: vaya al editor en vivo para establecer una aplicaci\u00f3n de men\u00fa de restaurante que le gustar\u00eda insertar en su p\u00e1gina de inicio de Drupal. Seleccione una de las muchas plantillas listas para usar y modifique la configuraci\u00f3n del men\u00fa del restaurante, incluya su contenido, cambie el dise\u00f1o y el color de los elementos sin conocimientos de codificaci\u00f3n. Haz clic para guardar la configuraci\u00f3n que has realizado en Restaurant Menu y copia el c\u00f3digo de instalaci\u00f3n, que puedes simplemente incluir en cualquier p\u00e1gina web de Drupal de forma gratuita. Utilizando nuestro Configurador intuitivo, cualquier usuario web puede crear un men\u00fa de restaurante en l\u00ednea y pegarlo en la p\u00e1gina web de Drupal. No debe obtener un plan pago ni ingresar las credenciales de su tarjeta para acceder al servicio Elfsight. Si tiene alg\u00fan problema en alg\u00fan paso, no dude en ponerse en contacto con nuestro servicio de atenci\u00f3n al cliente.<\/p> <\/div>\r\n\t\t\t\t\t<\/div>\r\n\t\t\t\t<\/div> <\/div><\/div>","protected":false},"excerpt":{"rendered":"","protected":false},"author":9,"featured_media":0,"parent":586,"menu_order":0,"comment_status":"closed","ping_status":"closed","template":"templates\/template-application-platform.php","meta":{"publish_to_discourse":"","publish_post_category":"","wpdc_auto_publish_overridden":"","wpdc_topic_tags":"","wpdc_pin_topic":"","wpdc_pin_until":"","discourse_post_id":"","discourse_permalink":"","wpdc_publishing_response":"","wpdc_publishing_error":"","footnotes":""},"class_list":["post-8474","page","type-page","status-publish","hentry"],"yoast_head":"<!-- This site is optimized with the Yoast SEO plugin v25.3.1 - https:\/\/yoast.com\/wordpress\/plugins\/seo\/ -->\n<title>Men\u00fa de restaurante para el sitio web Drupal: espectacular y gratuito<\/title>\n<meta name=\"description\" content=\"Inserte un men\u00fa de restaurante responsivo en su p\u00e1gina web Drupal. Pruebe la pr\u00e1ctica demostraci\u00f3n de Elfsight y cree su incre\u00edble m\u00f3dulo con solo un par de clics\" \/>\n<meta name=\"robots\" content=\"index, follow, max-snippet:-1, max-image-preview:large, max-video-preview:-1\" \/>\n<link rel=\"canonical\" href=\"https:\/\/elfsight.com\/es\/restaurant-menu-widget\/drupal\/\" \/>\n<meta property=\"og:locale\" content=\"es_ES\" \/>\n<meta property=\"og:type\" content=\"article\" \/>\n<meta property=\"og:title\" content=\"Men\u00fa de restaurante para el sitio web Drupal: espectacular y gratuito\" \/>\n<meta property=\"og:description\" content=\"Inserte un men\u00fa de restaurante responsivo en su p\u00e1gina web Drupal. Pruebe la pr\u00e1ctica demostraci\u00f3n de Elfsight y cree su incre\u00edble m\u00f3dulo con solo un par de clics\" \/>\n<meta property=\"og:url\" content=\"https:\/\/elfsight.com\/es\/restaurant-menu-widget\/drupal\/\" \/>\n<meta property=\"og:site_name\" content=\"Elfsight ES\" \/>\n<meta property=\"article:modified_time\" content=\"2025-02-06T15:37:12+00:00\" \/>\n<meta name=\"twitter:card\" content=\"summary_large_image\" \/>\n<meta name=\"twitter:label1\" content=\"Tiempo de lectura\" \/>\n\t<meta name=\"twitter:data1\" content=\"4 minutos\" \/>\n<!-- \/ Yoast SEO plugin. -->","yoast_head_json":{"title":"Men\u00fa de restaurante para el sitio web Drupal: espectacular y gratuito","description":"Inserte un men\u00fa de restaurante responsivo en su p\u00e1gina web Drupal. Pruebe la pr\u00e1ctica demostraci\u00f3n de Elfsight y cree su incre\u00edble m\u00f3dulo con solo un par de clics","robots":{"index":"index","follow":"follow","max-snippet":"max-snippet:-1","max-image-preview":"max-image-preview:large","max-video-preview":"max-video-preview:-1"},"canonical":"https:\/\/elfsight.com\/es\/restaurant-menu-widget\/drupal\/","og_locale":"es_ES","og_type":"article","og_title":"Men\u00fa de restaurante para el sitio web Drupal: espectacular y gratuito","og_description":"Inserte un men\u00fa de restaurante responsivo en su p\u00e1gina web Drupal. Pruebe la pr\u00e1ctica demostraci\u00f3n de Elfsight y cree su incre\u00edble m\u00f3dulo con solo un par de clics","og_url":"https:\/\/elfsight.com\/es\/restaurant-menu-widget\/drupal\/","og_site_name":"Elfsight ES","article_modified_time":"2025-02-06T15:37:12+00:00","twitter_card":"summary_large_image","twitter_misc":{"Tiempo de lectura":"4 minutos"},"schema":{"@context":"https:\/\/schema.org","@graph":[{"@type":"WebPage","@id":"https:\/\/elfsight.com\/es\/restaurant-menu-widget\/drupal\/","url":"https:\/\/elfsight.com\/es\/restaurant-menu-widget\/drupal\/","name":"Men\u00fa de restaurante para el sitio web Drupal: espectacular y gratuito","isPartOf":{"@id":"https:\/\/elfsight.com\/es\/#website"},"datePublished":"1970-01-01T00:00:00+00:00","dateModified":"2025-02-06T15:37:12+00:00","description":"Inserte un men\u00fa de restaurante responsivo en su p\u00e1gina web Drupal. Pruebe la pr\u00e1ctica demostraci\u00f3n de Elfsight y cree su incre\u00edble m\u00f3dulo con solo un par de clics","breadcrumb":{"@id":"https:\/\/elfsight.com\/es\/restaurant-menu-widget\/drupal\/#breadcrumb"},"inLanguage":"es","potentialAction":[{"@type":"ReadAction","target":["https:\/\/elfsight.com\/es\/restaurant-menu-widget\/drupal\/"]}]},{"@type":"BreadcrumbList","@id":"https:\/\/elfsight.com\/es\/restaurant-menu-widget\/drupal\/#breadcrumb","itemListElement":[{"@type":"ListItem","position":1,"name":"Home","item":"https:\/\/elfsight.com\/es\/"},{"@type":"ListItem","position":2,"name":"Restaurant Menu","item":"https:\/\/elfsight.com\/es\/restaurant-menu-widget\/"},{"@type":"ListItem","position":3,"name":"Restaurant Menu &#8211; Drupal"}]},{"@type":"WebSite","@id":"https:\/\/elfsight.com\/es\/#website","url":"https:\/\/elfsight.com\/es\/","name":"Elfsight ES","description":"Just another Elfsight Sites site","potentialAction":[{"@type":"SearchAction","target":{"@type":"EntryPoint","urlTemplate":"https:\/\/elfsight.com\/es\/?s={search_term_string}"},"query-input":{"@type":"PropertyValueSpecification","valueRequired":true,"valueName":"search_term_string"}}],"inLanguage":"es"}]}},"meta_box":{"industry":"","seo_heading":"","heading":"","description":"","cta_heading":"","cta_description":"","application":"585","h1":"M\u00f3dulo de men\u00fa de restaurante Drupal","h1_caption":"Muestre el men\u00fa de su restaurante en un formato visualmente atractivo, f\u00e1cil de actualizar y f\u00e1cil de usar en su sitio web Drupal sin esfuerzo.","application_category":[],"applications_title":"","applications_request_title":"","applications_request_button_text":"","hero_text":"","hero_video":"","hero_video_schema_markup":"","selling_points_title":"","selling_points_caption":"","selling_points":[],"selling_points_cta_text":"","features_title":"","features":"","ed_cta_examples_text":"","ed_cta_examples_hidden":"","ed_cta_demo_text":"","ed_cta_demo_hidden":"","why_caption":"","why_editor_title":"","why_editor_text":"","why_team_title":"","why_team_text":"","why_service_title":"","why_service_text":"","template_catalog_visible":"","template_catalog_title":"","template_catalog_text":"","template_catalog_categories_visible":"","demo_title":"Crea tu m\u00f3dulo de Men\u00fa de Restaurante","demo_caption":"\u00a1Configura el men\u00fa de tu restaurante y agr\u00e9galo a tu sitio web Drupal gratis!","default_faq_hidden":"","app_template_category":[],"platform":"2161","template_public_id":"","codecanyon_url":"","codecanyon_item_id":"","codecanyon_price":"","pricing_caption":"","pricing_elfsight_apps_hide_column":"","pricing_elfsight_apps_url":"","pricing_codecanyon_price_caption":"","integration_category":[],"integration_request_title":"","integration_request_cta":"","integration_platform":"","integrations":[],"platform_category":[],"video_schema_markup":"","price":"desde $0 \/ mes","trial":"","benefits":[{"text":"Asistencia de instalaci\u00f3n gratuita"},{"text":"Soporte excepcional"},{"text":"Garant\u00eda de devoluci\u00f3n de dinero de 14 d\u00edas"},{"text":"Futuras actualizaciones gratuitas"}],"button_url":"#demo","button_target_blank":"","button_nofollow":"","attributes":[{"name":"Instalaciones","content":"10,000 - 100,000"},{"name":"Sensible","content":"S\u00ed"},{"name":"Navegadores compatibles","content":"Firefox, Safari, Opera, Chrome, Edge"}],"tags":[],"tags_disable_links":"","hide_more_platforms":"","video_object":"","demo_hide_cta":"","demo_hide_cloud_options":"","pricing_title":"","pricing":[{"pricing_icon":"platform","pricing_title":"Elfsight Apps","pricing_title_caption":"Soluci\u00f3n digital multiplataforma","pricing_price":"desde $0 \/ mes","pricing_price_caption":"comienza con el plan gratuito","pricing_benefits":[{"text":"Dominios ilimitados"},{"text":"Soporte empresarial premium"},{"text":"Servicio de instalaci\u00f3n gratuito"},{"text":"Oferta especial para m\u00faltiples aplicaciones"}],"pricing_button_text":"A\u00f1adir al sitio web","pricing_button_url":"#demo"}],"related_apps_title":"","related_apps_hidden":"","author":"","image":[],"title":"","job":"","social_networks":[]},"_links":{"self":[{"href":"https:\/\/elfsight.com\/es\/wp-json\/wp\/v2\/pages\/8474","targetHints":{"allow":["GET"]}}],"collection":[{"href":"https:\/\/elfsight.com\/es\/wp-json\/wp\/v2\/pages"}],"about":[{"href":"https:\/\/elfsight.com\/es\/wp-json\/wp\/v2\/types\/page"}],"author":[{"embeddable":true,"href":"https:\/\/elfsight.com\/es\/wp-json\/wp\/v2\/users\/9"}],"replies":[{"embeddable":true,"href":"https:\/\/elfsight.com\/es\/wp-json\/wp\/v2\/comments?post=8474"}],"version-history":[{"count":2,"href":"https:\/\/elfsight.com\/es\/wp-json\/wp\/v2\/pages\/8474\/revisions"}],"predecessor-version":[{"id":18528,"href":"https:\/\/elfsight.com\/es\/wp-json\/wp\/v2\/pages\/8474\/revisions\/18528"}],"up":[{"embeddable":true,"href":"https:\/\/elfsight.com\/es\/wp-json\/wp\/v2\/pages\/586"}],"wp:attachment":[{"href":"https:\/\/elfsight.com\/es\/wp-json\/wp\/v2\/media?parent=8474"}],"curies":[{"name":"wp","href":"https:\/\/api.w.org\/{rel}","templated":true}]}}