{"id":8469,"date":"1970-01-01T00:00:00","date_gmt":"1970-01-01T00:00:00","guid":{"rendered":"https:\/\/elfsight.com\/es\/?page_id=8469"},"modified":"2025-02-06T15:37:12","modified_gmt":"2025-02-06T15:37:12","slug":"blogger","status":"publish","type":"page","link":"https:\/\/elfsight.com\/es\/restaurant-menu-widget\/blogger\/","title":{"rendered":"Restaurant Menu &#8211; Blogger"},"content":{"rendered":"<div class=\"application-platform-content-item-description application-platform-content-item\" id=\"description\" data-nav-section=\"description\"> <h2>Descripci\u00f3n<\/h2><p>El men\u00fa del restaurante es una manera f\u00e1cil de familiarizar a tus invitados con tus especialidades, se\u00f1alar un concepto excepcional y tentarlos con atractivas fotograf\u00edas de platos. El widget es muy f\u00e1cil de usar. Gracias a \u00e9l podr\u00e1s seleccionar un sinf\u00edn de men\u00fas con un n\u00famero ilimitado de elementos. O simplemente cree una breve lista de los productos que ofrece. Seleccione un esquema claro y oscuro o cambie cualquier elemento que desee, volviendo a pintar todos los colores de acento. La mayor oportunidad del widget es estar siempre actualizado: \u00a1puedes modificar precios, una lista de art\u00edculos, agregar nuevos platos o incluso men\u00fas en cuesti\u00f3n de segundos! No m\u00e1s men\u00fas est\u00e1ticos que necesitas configurar desde el principio. \u00a1Simplemente comienza a crear tu men\u00fa elegante! <\/p> <p><b>\u00a1Lanza el men\u00fa del restaurante para lograr tus objetivos comerciales m\u00e1s f\u00e1cilmente! Tener el men\u00fa en el sitio web de tu restaurante puede invitar a m\u00e1s visitantes, lograr un fuerte desarrollo comercial y aumentar las ventas. \u00a1Empiece a utilizar Restaurant Menu de Elfsight!<\/b><\/p> <\/div> <div class=\"application-platform-content-item-features application-platform-content-item\" id=\"features\" data-nav-section=\"features\"> <h2>Las funciones clave del widget incluyen<\/h2> <ul><li>F\u00e1cil de administrar incluso para usuarios sin conocimientos t\u00e9cnicos <\/li><li>Cantidad ilimitada de men\u00fas, secciones o elementos, organizados con dise\u00f1os de pesta\u00f1as, listas o mamposter\u00eda <\/li><li>Men\u00fa f\u00e1cil de administrar y todos sus elementos dondequiera que los necesite: precios, ofertas especiales de temporada, etc. <\/li><li>Muestre una descripci\u00f3n extensa de los art\u00edculos, incluidos \u00edconos, informaci\u00f3n nutricional e insignias <\/li><li>Adjunte im\u00e1genes impresionantes para los art\u00edculos e incluso pres\u00e9ntelas en una vista emergente <\/li><li>Personalice y cambie el color de cualquier elemento: texto, combinaci\u00f3n de colores e \u00edconos <\/li><\/ul><p><a href=\"#demo\">Puede explorar la funcionalidad completa del widget en la demostraci\u00f3n aqu\u00ed<\/a><\/p> <\/div> <div class=\"application-platform-content-item-installation application-platform-content-item\" id=\"installation\" data-nav-section=\"installation\"> <h2>\u00bfC\u00f3mo agregar el men\u00fa del restaurante a mi sitio de Blogger? <\/h2><div class=\"video-container\"><iframe width=\"720\" height=\"405\" src=\"https:\/\/www.youtube.com\/embed\/oxAK4dipTps\" frameborder=\"0\"><\/iframe><\/div><p>Simplemente siga varios pasos que se detallan a continuaci\u00f3n para comenzar a trabajar con la herramienta: <\/p> <ol><li><b>Utilice nuestra demostraci\u00f3n gratuita y comience a darle forma a su dise\u00f1o personalizado. instrumento. <\/b><br> Elija el dise\u00f1o y los par\u00e1metros deseados del widget y aplique las ediciones. <\/li> <li><b>Obtenga su c\u00f3digo individual en el formulario especial de Elfsight Apps. <\/b><br> Inmediatamente despu\u00e9s de crear su widget personal, copie el c\u00f3digo personal en el cuadro que aparece y gu\u00e1rdelo para usarlo en el futuro. <\/li> <li><b>Ingrese al uso de la herramienta en su p\u00e1gina de inicio de Blogger. <\/b><br> A\u00f1ade el c\u00f3digo que has guardado recientemente en tu sitio web y aplica las correcciones. <\/li> <li><b>\u00a1Listo! La incrustaci\u00f3n se realiza con \u00e9xito. <\/b><br> Vaya a su sitio para observar el funcionamiento de la herramienta. <\/li><\/ol> <p>Si tiene alg\u00fan problema, no dude en ponerse en contacto con nuestro equipo de soporte. Nuestra gente estar\u00e1 encantada de ayudarle con todos los problemas que pueda tener con el producto. <\/p> <div class=\"faq\" data-component=\"FAQ\"><div class=\"faq-item\">\r\n\t\t\t\t\t<div class=\"faq-item-question\">\r\n\t\t\t\t\t\t<h3 class=\"faq-item-question-text\">\u00bfExiste una opci\u00f3n para incrustar un men\u00fa de restaurante en mi p\u00e1gina web de Blogger sin experiencia en codificaci\u00f3n?<\/h3>\r\n\r\n\t\t\t\t\t\t<div class=\"faq-item-question-icon\"><\/div>\r\n\t\t\t\t\t<\/div>\r\n\r\n\t\t\t\t\t<div class=\"faq-item-answer\">\r\n\t\t\t\t\t\t<div class=\"faq-item-answer-text\"> <p>Elfsight presenta una soluci\u00f3n SaaS que permite a las personas establecer un widget de men\u00fa de restaurante usted mismo. Descubra los sencillos pasos: comience a trabajar directamente en el editor en vivo para crear un complemento de men\u00fa de restaurante que le gustar\u00eda incluir en la p\u00e1gina de inicio de Blogger. Elija una de las plantillas predise\u00f1adas y cambie la configuraci\u00f3n del men\u00fa del restaurante, transforme el dise\u00f1o y las combinaciones de colores para incluir su contenido, sin ning\u00fan conocimiento de codificaci\u00f3n. Haga clic para guardar la configuraci\u00f3n que realiz\u00f3 en el Men\u00fa del restaurante y obtenga el c\u00f3digo del widget para incrustarlo, que se puede agregar f\u00e1cilmente en cualquier p\u00e1gina de inicio de Blogger de forma gratuita. Utilizando nuestro editor intuitivo, cualquier usuario de Internet puede generar una secci\u00f3n de men\u00fa de restaurante en l\u00ednea e incrustarla en la p\u00e1gina de inicio de Blogger. No es necesario pagar ni revelar las credenciales de su tarjeta para acceder a Elfsight Editor. Si tiene alg\u00fan problema de cualquier tipo, no dude en ponerse en contacto con nuestro equipo de soporte.<\/p> <\/div>\r\n\t\t\t\t\t<\/div>\r\n\t\t\t\t<\/div> <\/div><\/div>","protected":false},"excerpt":{"rendered":"","protected":false},"author":9,"featured_media":0,"parent":586,"menu_order":0,"comment_status":"closed","ping_status":"closed","template":"templates\/template-application-platform.php","meta":{"publish_to_discourse":"","publish_post_category":"","wpdc_auto_publish_overridden":"","wpdc_topic_tags":"","wpdc_pin_topic":"","wpdc_pin_until":"","discourse_post_id":"","discourse_permalink":"","wpdc_publishing_response":"","wpdc_publishing_error":"","footnotes":""},"class_list":["post-8469","page","type-page","status-publish","hentry"],"yoast_head":"<!-- This site is optimized with the Yoast SEO plugin v25.3.1 - https:\/\/yoast.com\/wordpress\/plugins\/seo\/ -->\n<title>Men\u00fa de restaurante para sitios web de Blogger: f\u00e1cil y gratuito<\/title>\n<meta name=\"description\" content=\"Agregue un widget de men\u00fa de restaurante compatible con dispositivos m\u00f3viles en su sitio de Blogger. Utilice la pr\u00e1ctica demostraci\u00f3n de Elfsight y cree su elegante complemento en solo unos minutos\" \/>\n<meta name=\"robots\" content=\"index, follow, max-snippet:-1, max-image-preview:large, max-video-preview:-1\" \/>\n<link rel=\"canonical\" href=\"https:\/\/elfsight.com\/es\/restaurant-menu-widget\/blogger\/\" \/>\n<meta property=\"og:locale\" content=\"es_ES\" \/>\n<meta property=\"og:type\" content=\"article\" \/>\n<meta property=\"og:title\" content=\"Men\u00fa de restaurante para sitios web de Blogger: f\u00e1cil y gratuito\" \/>\n<meta property=\"og:description\" content=\"Agregue un widget de men\u00fa de restaurante compatible con dispositivos m\u00f3viles en su sitio de Blogger. Utilice la pr\u00e1ctica demostraci\u00f3n de Elfsight y cree su elegante complemento en solo unos minutos\" \/>\n<meta property=\"og:url\" content=\"https:\/\/elfsight.com\/es\/restaurant-menu-widget\/blogger\/\" \/>\n<meta property=\"og:site_name\" content=\"Elfsight ES\" \/>\n<meta property=\"article:modified_time\" content=\"2025-02-06T15:37:12+00:00\" \/>\n<meta name=\"twitter:card\" content=\"summary_large_image\" \/>\n<meta name=\"twitter:label1\" content=\"Tiempo de lectura\" \/>\n\t<meta name=\"twitter:data1\" content=\"4 minutos\" \/>\n<!-- \/ Yoast SEO plugin. -->","yoast_head_json":{"title":"Men\u00fa de restaurante para sitios web de Blogger: f\u00e1cil y gratuito","description":"Agregue un widget de men\u00fa de restaurante compatible con dispositivos m\u00f3viles en su sitio de Blogger. Utilice la pr\u00e1ctica demostraci\u00f3n de Elfsight y cree su elegante complemento en solo unos minutos","robots":{"index":"index","follow":"follow","max-snippet":"max-snippet:-1","max-image-preview":"max-image-preview:large","max-video-preview":"max-video-preview:-1"},"canonical":"https:\/\/elfsight.com\/es\/restaurant-menu-widget\/blogger\/","og_locale":"es_ES","og_type":"article","og_title":"Men\u00fa de restaurante para sitios web de Blogger: f\u00e1cil y gratuito","og_description":"Agregue un widget de men\u00fa de restaurante compatible con dispositivos m\u00f3viles en su sitio de Blogger. Utilice la pr\u00e1ctica demostraci\u00f3n de Elfsight y cree su elegante complemento en solo unos minutos","og_url":"https:\/\/elfsight.com\/es\/restaurant-menu-widget\/blogger\/","og_site_name":"Elfsight ES","article_modified_time":"2025-02-06T15:37:12+00:00","twitter_card":"summary_large_image","twitter_misc":{"Tiempo de lectura":"4 minutos"},"schema":{"@context":"https:\/\/schema.org","@graph":[{"@type":"WebPage","@id":"https:\/\/elfsight.com\/es\/restaurant-menu-widget\/blogger\/","url":"https:\/\/elfsight.com\/es\/restaurant-menu-widget\/blogger\/","name":"Men\u00fa de restaurante para sitios web de Blogger: f\u00e1cil y gratuito","isPartOf":{"@id":"https:\/\/elfsight.com\/es\/#website"},"datePublished":"1970-01-01T00:00:00+00:00","dateModified":"2025-02-06T15:37:12+00:00","description":"Agregue un widget de men\u00fa de restaurante compatible con dispositivos m\u00f3viles en su sitio de Blogger. Utilice la pr\u00e1ctica demostraci\u00f3n de Elfsight y cree su elegante complemento en solo unos minutos","breadcrumb":{"@id":"https:\/\/elfsight.com\/es\/restaurant-menu-widget\/blogger\/#breadcrumb"},"inLanguage":"es","potentialAction":[{"@type":"ReadAction","target":["https:\/\/elfsight.com\/es\/restaurant-menu-widget\/blogger\/"]}]},{"@type":"BreadcrumbList","@id":"https:\/\/elfsight.com\/es\/restaurant-menu-widget\/blogger\/#breadcrumb","itemListElement":[{"@type":"ListItem","position":1,"name":"Home","item":"https:\/\/elfsight.com\/es\/"},{"@type":"ListItem","position":2,"name":"Restaurant Menu","item":"https:\/\/elfsight.com\/es\/restaurant-menu-widget\/"},{"@type":"ListItem","position":3,"name":"Restaurant Menu &#8211; Blogger"}]},{"@type":"WebSite","@id":"https:\/\/elfsight.com\/es\/#website","url":"https:\/\/elfsight.com\/es\/","name":"Elfsight ES","description":"Just another Elfsight Sites site","potentialAction":[{"@type":"SearchAction","target":{"@type":"EntryPoint","urlTemplate":"https:\/\/elfsight.com\/es\/?s={search_term_string}"},"query-input":{"@type":"PropertyValueSpecification","valueRequired":true,"valueName":"search_term_string"}}],"inLanguage":"es"}]}},"meta_box":{"industry":"","seo_heading":"","heading":"","description":"","cta_heading":"","cta_description":"","application":"585","h1":"Widget de men\u00fa de restaurante de Blogger","h1_caption":"Muestre el men\u00fa de su restaurante en un formato visualmente atractivo, f\u00e1cil de actualizar y f\u00e1cil de usar en su sitio web de Blogger sin esfuerzo.","application_category":[],"applications_title":"","applications_request_title":"","applications_request_button_text":"","hero_text":"","hero_video":"","hero_video_schema_markup":"","selling_points_title":"","selling_points_caption":"","selling_points":[],"selling_points_cta_text":"","features_title":"","features":"","ed_cta_examples_text":"","ed_cta_examples_hidden":"","ed_cta_demo_text":"","ed_cta_demo_hidden":"","why_caption":"","why_editor_title":"","why_editor_text":"","why_team_title":"","why_team_text":"","why_service_title":"","why_service_text":"","template_catalog_visible":"","template_catalog_title":"","template_catalog_text":"","template_catalog_categories_visible":"","demo_title":"Crea el widget de men\u00fa de tu restaurante","demo_caption":"\u00a1Configura el men\u00fa de tu restaurante y agr\u00e9galo a tu sitio web de Blogger gratis!","default_faq_hidden":"","app_template_category":[],"platform":"39","template_public_id":"","codecanyon_url":"","codecanyon_item_id":"","codecanyon_price":"","pricing_caption":"","pricing_elfsight_apps_hide_column":"","pricing_elfsight_apps_url":"","pricing_codecanyon_price_caption":"","integration_category":[],"integration_request_title":"","integration_request_cta":"","integration_platform":"","integrations":[],"platform_category":[],"video_schema_markup":"","price":"desde $0 \/ mes","trial":"","benefits":[{"text":"Ayuda de instalaci\u00f3n gratuita"},{"text":"Atenci\u00f3n al cliente experimentada"},{"text":"Garant\u00eda de reembolso de 14 d\u00edas"},{"text":"Desarrollo continuo"}],"button_url":"#demo","button_target_blank":"","button_nofollow":"","attributes":[{"name":"Instalaciones","content":"10,000 - 100,000"},{"name":"Sensible","content":"S\u00ed"},{"name":"Navegadores compatibles","content":"Firefox, Safari, Opera, Chrome, Edge"}],"tags":[],"tags_disable_links":"","hide_more_platforms":"","video_object":"","demo_hide_cta":"","demo_hide_cloud_options":"","pricing_title":"","pricing":[{"pricing_icon":"platform","pricing_title":"Elfsight Apps","pricing_title_caption":"Soluci\u00f3n multiplataforma que funciona en cualquier sitio","pricing_price":"desde $0 \/ mes","pricing_price_caption":"comienza con un plan gratuito","pricing_benefits":[{"text":"Sitios web ilimitados"},{"text":"Soporte premium, puntual y bien documentado."},{"text":"Asistencia de instalaci\u00f3n gratuita"},{"text":"Dise\u00f1o flexible"}],"pricing_button_text":"A\u00f1adir al sitio web","pricing_button_url":"#demo"}],"related_apps_title":"","related_apps_hidden":"","author":"","image":[],"title":"","job":"","social_networks":[]},"_links":{"self":[{"href":"https:\/\/elfsight.com\/es\/wp-json\/wp\/v2\/pages\/8469","targetHints":{"allow":["GET"]}}],"collection":[{"href":"https:\/\/elfsight.com\/es\/wp-json\/wp\/v2\/pages"}],"about":[{"href":"https:\/\/elfsight.com\/es\/wp-json\/wp\/v2\/types\/page"}],"author":[{"embeddable":true,"href":"https:\/\/elfsight.com\/es\/wp-json\/wp\/v2\/users\/9"}],"replies":[{"embeddable":true,"href":"https:\/\/elfsight.com\/es\/wp-json\/wp\/v2\/comments?post=8469"}],"version-history":[{"count":2,"href":"https:\/\/elfsight.com\/es\/wp-json\/wp\/v2\/pages\/8469\/revisions"}],"predecessor-version":[{"id":18529,"href":"https:\/\/elfsight.com\/es\/wp-json\/wp\/v2\/pages\/8469\/revisions\/18529"}],"up":[{"embeddable":true,"href":"https:\/\/elfsight.com\/es\/wp-json\/wp\/v2\/pages\/586"}],"wp:attachment":[{"href":"https:\/\/elfsight.com\/es\/wp-json\/wp\/v2\/media?parent=8469"}],"curies":[{"name":"wp","href":"https:\/\/api.w.org\/{rel}","templated":true}]}}