{"id":8450,"date":"1970-01-01T00:00:00","date_gmt":"1970-01-01T00:00:00","guid":{"rendered":"https:\/\/elfsight.com\/es\/?page_id=8450"},"modified":"2025-02-06T15:37:20","modified_gmt":"2025-02-06T15:37:20","slug":"prestashop","status":"publish","type":"page","link":"https:\/\/elfsight.com\/es\/before-and-after-slider-widget\/prestashop\/","title":{"rendered":"Before and After Slider &#8211; PrestaShop"},"content":{"rendered":"<div class=\"application-platform-content-item-description application-platform-content-item\" id=\"description\" data-nav-section=\"description\"> <h2>Descripci\u00f3n<\/h2> <p>El control deslizante Antes y despu\u00e9s de Elfsight le permite crear impresionantes im\u00e1genes promocionales para su sitio. Los clientes tendr\u00e1n la oportunidad de explorar todos los resultados que aportan sus productos o servicios. Simplemente cargue dos im\u00e1genes en el control deslizante Antes y Despu\u00e9s de PrestaShop y estar\u00e1n equipadas con un divisor que se puede mover para permitir la comparaci\u00f3n. Puede publicar<\/p> <p><b>Con el control deslizante Antes y Despu\u00e9s, iniciar un crecimiento empresarial m\u00e1s r\u00e1pido y aumentar las ventas <\/b><\/p> <\/div> <div class=\"application-platform-content-item-features application-platform-content-item\" id=\"features\" data-nav-section=\"features\"> <h2>Ofrecemos funciones pr\u00e1cticas y sencillas, consulte algunas de ellas: <\/h2> <ul><li>Emplee CTA para guiar a su audiencia hacia su objetivo. <\/li><li>Regula la duraci\u00f3n del cambio de diapositiva. <\/li><li>Elija entre funciones de paginaci\u00f3n. <\/li><li>Pon tu mensaje en cualquier lugar que desees de la p\u00e1gina mediante la posici\u00f3n avanzada. <\/li><li>Modificar cinco opciones de contenido. <\/li><\/ul><p><a href=\"#demo\">Explore todas las opciones de personalizaci\u00f3n en una demostraci\u00f3n 100% funcional<\/a><\/p> <\/div> <div class=\"application-platform-content-item-installation application-platform-content-item\" id=\"installation\" data-nav-section=\"installation\"> <h2>\u00bfC\u00f3mo incrustar el control deslizante Antes y Despu\u00e9s en mi sitio PrestaShop? <\/h2> <p>Simplemente siga varios pasos que se describen a continuaci\u00f3n para integrar la herramienta. <\/p> <ol><li><b>Utilice nuestro editor gratuito y comience a crear su widget personalizado. <\/b><br> Elija la interfaz preferida y las especificaciones del widget y guarde las ediciones. <\/li> <li><b>Copia el c\u00f3digo individual expuesto en el cuadro de Elfsight Apps. <\/b><br> Inmediatamente despu\u00e9s de finalizar la configuraci\u00f3n de su widget personal, copie el c\u00f3digo personal en la ventana emergente que aparece y gu\u00e1rdelo para su uso posterior. <\/li> <li><b>Comience a utilizar el widget en su p\u00e1gina web PrestaShop. <\/b><br>Coloca el c\u00f3digo que has copiado recientemente en tu p\u00e1gina y guarda las modificaciones. <\/li> <li><b>La instalaci\u00f3n est\u00e1 completamente realizada. <\/b><br> Vaya a su sitio web para ver c\u00f3mo funciona el complemento. <\/li><\/ol> <p>En caso de que encuentre algunas complicaciones, no dude en comunicarse con nuestro personal de soporte. Nuestros especialistas estar\u00e1n encantados de resolver todos los problemas que pueda tener con el complemento. <\/p> <div class=\"faq\" data-component=\"FAQ\"><div class=\"faq-item\">\r\n\t\t\t\t\t<div class=\"faq-item-question\">\r\n\t\t\t\t\t\t<h3 class=\"faq-item-question-text\">\u00bfC\u00f3mo puedo agregar un control deslizante Antes y Despu\u00e9s a mi sitio web PrestaShop sin conocimientos de codificaci\u00f3n?<\/h3>\r\n\r\n\t\t\t\t\t\t<div class=\"faq-item-question-icon\"><\/div>\r\n\t\t\t\t\t<\/div>\r\n\r\n\t\t\t\t\t<div class=\"faq-item-answer\">\r\n\t\t\t\t\t\t<div class=\"faq-item-answer-text\"> <p>Elfsight proporciona una soluci\u00f3n SaaS que le permite crear un control deslizante Antes y Despu\u00e9s usted mismo. Vea lo f\u00e1cil que es el proceso: trabaje directamente en el editor en l\u00ednea para crear un control deslizante Antes y Despu\u00e9s que le gustar\u00eda ver en su sitio web PrestaShop. Elija una de las plantillas predise\u00f1adas y ajuste la configuraci\u00f3n del control deslizante Antes y Despu\u00e9s, agregue su contenido, cambie el dise\u00f1o y los colores sin conocimientos de codificaci\u00f3n. Guarde el control deslizante Antes y Despu\u00e9s y copie su c\u00f3digo de instalaci\u00f3n, que puede insertar en su sitio web PrestaShop sin necesidad de comprar una versi\u00f3n paga. Con nuestro editor intuitivo, cualquier usuario de Internet puede crear un widget deslizante de Antes y despu\u00e9s en l\u00ednea e incrustarlo f\u00e1cilmente en su sitio web PrestaShop. No es necesario pagar ni ingresar las credenciales de su tarjeta para acceder al servicio. Si tiene alg\u00fan problema en cualquier paso, no dude en ponerse en contacto con nuestro equipo de soporte t\u00e9cnico.<\/p> <\/div>\r\n\t\t\t\t\t<\/div>\r\n\t\t\t\t<\/div> <\/div><\/div>","protected":false},"excerpt":{"rendered":"","protected":false},"author":9,"featured_media":0,"parent":608,"menu_order":0,"comment_status":"closed","ping_status":"closed","template":"templates\/template-application-platform.php","meta":{"publish_to_discourse":"","publish_post_category":"","wpdc_auto_publish_overridden":"","wpdc_topic_tags":"","wpdc_pin_topic":"","wpdc_pin_until":"","discourse_post_id":"","discourse_permalink":"","wpdc_publishing_response":"","wpdc_publishing_error":"","footnotes":""},"class_list":["post-8450","page","type-page","status-publish","hentry"],"yoast_head":"<!-- This site is optimized with the Yoast SEO plugin v25.3.1 - https:\/\/yoast.com\/wordpress\/plugins\/seo\/ -->\n<title>Control deslizante de antes y despu\u00e9s para el sitio web de PrestaShop (\u00a1gratis y r\u00e1pido!)<\/title>\n<meta name=\"description\" content=\"Complemento Shape Before and After Slider para su sitio web PrestaShop. Pruebe la demostraci\u00f3n gratuita de Elfsight y dise\u00f1e su control deslizante de comparaci\u00f3n en varios segundos.\" \/>\n<meta name=\"robots\" content=\"index, follow, max-snippet:-1, max-image-preview:large, max-video-preview:-1\" \/>\n<link rel=\"canonical\" href=\"https:\/\/elfsight.com\/es\/before-and-after-slider-widget\/prestashop\/\" \/>\n<meta property=\"og:locale\" content=\"es_ES\" \/>\n<meta property=\"og:type\" content=\"article\" \/>\n<meta property=\"og:title\" content=\"Control deslizante de antes y despu\u00e9s para el sitio web de PrestaShop (\u00a1gratis y r\u00e1pido!)\" \/>\n<meta property=\"og:description\" content=\"Complemento Shape Before and After Slider para su sitio web PrestaShop. Pruebe la demostraci\u00f3n gratuita de Elfsight y dise\u00f1e su control deslizante de comparaci\u00f3n en varios segundos.\" \/>\n<meta property=\"og:url\" content=\"https:\/\/elfsight.com\/es\/before-and-after-slider-widget\/prestashop\/\" \/>\n<meta property=\"og:site_name\" content=\"Elfsight ES\" \/>\n<meta property=\"article:modified_time\" content=\"2025-02-06T15:37:20+00:00\" \/>\n<meta name=\"twitter:card\" content=\"summary_large_image\" \/>\n<meta name=\"twitter:label1\" content=\"Tiempo de lectura\" \/>\n\t<meta name=\"twitter:data1\" content=\"3 minutos\" \/>\n<!-- \/ Yoast SEO plugin. -->","yoast_head_json":{"title":"Control deslizante de antes y despu\u00e9s para el sitio web de PrestaShop (\u00a1gratis y r\u00e1pido!)","description":"Complemento Shape Before and After Slider para su sitio web PrestaShop. Pruebe la demostraci\u00f3n gratuita de Elfsight y dise\u00f1e su control deslizante de comparaci\u00f3n en varios segundos.","robots":{"index":"index","follow":"follow","max-snippet":"max-snippet:-1","max-image-preview":"max-image-preview:large","max-video-preview":"max-video-preview:-1"},"canonical":"https:\/\/elfsight.com\/es\/before-and-after-slider-widget\/prestashop\/","og_locale":"es_ES","og_type":"article","og_title":"Control deslizante de antes y despu\u00e9s para el sitio web de PrestaShop (\u00a1gratis y r\u00e1pido!)","og_description":"Complemento Shape Before and After Slider para su sitio web PrestaShop. Pruebe la demostraci\u00f3n gratuita de Elfsight y dise\u00f1e su control deslizante de comparaci\u00f3n en varios segundos.","og_url":"https:\/\/elfsight.com\/es\/before-and-after-slider-widget\/prestashop\/","og_site_name":"Elfsight ES","article_modified_time":"2025-02-06T15:37:20+00:00","twitter_card":"summary_large_image","twitter_misc":{"Tiempo de lectura":"3 minutos"},"schema":{"@context":"https:\/\/schema.org","@graph":[{"@type":"WebPage","@id":"https:\/\/elfsight.com\/es\/before-and-after-slider-widget\/prestashop\/","url":"https:\/\/elfsight.com\/es\/before-and-after-slider-widget\/prestashop\/","name":"Control deslizante de antes y despu\u00e9s para el sitio web de PrestaShop (\u00a1gratis y r\u00e1pido!)","isPartOf":{"@id":"https:\/\/elfsight.com\/es\/#website"},"datePublished":"1970-01-01T00:00:00+00:00","dateModified":"2025-02-06T15:37:20+00:00","description":"Complemento Shape Before and After Slider para su sitio web PrestaShop. Pruebe la demostraci\u00f3n gratuita de Elfsight y dise\u00f1e su control deslizante de comparaci\u00f3n en varios segundos.","breadcrumb":{"@id":"https:\/\/elfsight.com\/es\/before-and-after-slider-widget\/prestashop\/#breadcrumb"},"inLanguage":"es","potentialAction":[{"@type":"ReadAction","target":["https:\/\/elfsight.com\/es\/before-and-after-slider-widget\/prestashop\/"]}]},{"@type":"BreadcrumbList","@id":"https:\/\/elfsight.com\/es\/before-and-after-slider-widget\/prestashop\/#breadcrumb","itemListElement":[{"@type":"ListItem","position":1,"name":"Home","item":"https:\/\/elfsight.com\/es\/"},{"@type":"ListItem","position":2,"name":"Before and After Slider","item":"https:\/\/elfsight.com\/es\/before-and-after-slider-widget\/"},{"@type":"ListItem","position":3,"name":"Before and After Slider &#8211; PrestaShop"}]},{"@type":"WebSite","@id":"https:\/\/elfsight.com\/es\/#website","url":"https:\/\/elfsight.com\/es\/","name":"Elfsight ES","description":"Just another Elfsight Sites site","potentialAction":[{"@type":"SearchAction","target":{"@type":"EntryPoint","urlTemplate":"https:\/\/elfsight.com\/es\/?s={search_term_string}"},"query-input":{"@type":"PropertyValueSpecification","valueRequired":true,"valueName":"search_term_string"}}],"inLanguage":"es"}]}},"meta_box":{"industry":"","seo_heading":"","heading":"","description":"","cta_heading":"","cta_description":"","application":"607","h1":"Control deslizante de antes y despu\u00e9s para PrestaShop","h1_caption":"Presente comparaciones entre dos im\u00e1genes, ideales para resaltar transformaciones o mostrar los beneficios del producto en su sitio web Prestashop sin esfuerzo.","application_category":[],"applications_title":"","applications_request_title":"","applications_request_button_text":"","hero_text":"","hero_video":"","hero_video_schema_markup":"","selling_points_title":"","selling_points_caption":"","selling_points":[],"selling_points_cta_text":"","features_title":"","features":"","ed_cta_examples_text":"","ed_cta_examples_hidden":"","ed_cta_demo_text":"","ed_cta_demo_hidden":"","why_caption":"","why_editor_title":"","why_editor_text":"","why_team_title":"","why_team_text":"","why_service_title":"","why_service_text":"","template_catalog_visible":"","template_catalog_title":"","template_catalog_text":"","template_catalog_categories_visible":"","demo_title":"Crea tu complemento deslizante Antes y Despu\u00e9s","demo_caption":"\u00a1Configure su control deslizante Antes y Despu\u00e9s y agr\u00e9guelo a su sitio web PrestaShop de forma gratuita!","default_faq_hidden":"","app_template_category":[],"platform":"2250","template_public_id":"","codecanyon_url":"","codecanyon_item_id":"","codecanyon_price":"","pricing_caption":"","pricing_elfsight_apps_hide_column":"","pricing_elfsight_apps_url":"","pricing_codecanyon_price_caption":"","integration_category":[],"integration_request_title":"","integration_request_cta":"","integration_platform":"","integrations":[],"platform_category":[],"video_schema_markup":"","price":"desde $0 \/ mes","trial":"","benefits":[{"text":"Ayuda de instalaci\u00f3n gratuita"},{"text":"Servicio al cliente profesional"},{"text":"Garant\u00eda de devoluci\u00f3n de dinero de 14 d\u00edas"},{"text":"Mejoras gratuitas de por vida"}],"button_url":"#demo","button_target_blank":"","button_nofollow":"","attributes":[{"name":"Instalaciones","content":"10,000 - 100,000"},{"name":"Sensible","content":"S\u00ed"},{"name":"Navegadores compatibles","content":"Firefox, Safari, Opera, Chrome, Edge"}],"tags":[],"tags_disable_links":"","hide_more_platforms":"","video_object":"","demo_hide_cta":"","demo_hide_cloud_options":"","pricing_title":"","pricing":[{"pricing_icon":"platform","pricing_title":"Elfsight Apps","pricing_title_caption":"Soluci\u00f3n digital multiplataforma que funciona en cualquier sitio","pricing_price":"desde $0 \/ mes","pricing_price_caption":"comienza con el plan gratuito","pricing_benefits":[{"text":"Sitios web ilimitados"},{"text":"Soporte profesional"},{"text":"Asistencia de instalaci\u00f3n gratuita"},{"text":"Totalmente personalizable"}],"pricing_button_text":"A\u00f1adir al sitio web","pricing_button_url":"#demo"}],"related_apps_title":"","related_apps_hidden":"","author":"","image":[],"title":"","job":"","social_networks":[]},"_links":{"self":[{"href":"https:\/\/elfsight.com\/es\/wp-json\/wp\/v2\/pages\/8450","targetHints":{"allow":["GET"]}}],"collection":[{"href":"https:\/\/elfsight.com\/es\/wp-json\/wp\/v2\/pages"}],"about":[{"href":"https:\/\/elfsight.com\/es\/wp-json\/wp\/v2\/types\/page"}],"author":[{"embeddable":true,"href":"https:\/\/elfsight.com\/es\/wp-json\/wp\/v2\/users\/9"}],"replies":[{"embeddable":true,"href":"https:\/\/elfsight.com\/es\/wp-json\/wp\/v2\/comments?post=8450"}],"version-history":[{"count":2,"href":"https:\/\/elfsight.com\/es\/wp-json\/wp\/v2\/pages\/8450\/revisions"}],"predecessor-version":[{"id":18532,"href":"https:\/\/elfsight.com\/es\/wp-json\/wp\/v2\/pages\/8450\/revisions\/18532"}],"up":[{"embeddable":true,"href":"https:\/\/elfsight.com\/es\/wp-json\/wp\/v2\/pages\/608"}],"wp:attachment":[{"href":"https:\/\/elfsight.com\/es\/wp-json\/wp\/v2\/media?parent=8450"}],"curies":[{"name":"wp","href":"https:\/\/api.w.org\/{rel}","templated":true}]}}