{"id":8411,"date":"1970-01-01T00:00:00","date_gmt":"1970-01-01T00:00:00","guid":{"rendered":"https:\/\/elfsight.com\/es\/?page_id=8411"},"modified":"2025-02-06T15:37:28","modified_gmt":"2025-02-06T15:37:28","slug":"woocommerce","status":"publish","type":"page","link":"https:\/\/elfsight.com\/es\/booking-reviews-widget\/woocommerce\/","title":{"rendered":"Booking Reviews &#8211; WooCommerce"},"content":{"rendered":"<div class=\"application-platform-content-item-description application-platform-content-item\" id=\"description\" data-nav-section=\"description\"><h2>Descripci\u00f3n<\/h2><p>Si desea demostrar su alta calificaci\u00f3n y convencer a los visitantes de su sitio web de que vale la pena gastar dinero en sus productos o servicios, el widget Elfsight Booking Reviews se adapta perfectamente a sus necesidades. Con este widget, podr\u00e1 mostrar las opiniones de los clientes de Booking en su sitio con detalles sobre sus autores, filtrarlas para mostrar solo las buenas, mostrar calificaciones y un bot\u00f3n de redireccionamiento que llevar\u00e1 a los usuarios a su p\u00e1gina de Booking para que puedan publicar su opini\u00f3n.<\/p><p><b>Con Elfsight Booking Reviews, logre un s\u00f3lido desarrollo comercial y aumente las ventas<\/b><\/p><\/div> <div class=\"application-platform-content-item-features application-platform-content-item\" id=\"features\" data-nav-section=\"features\"><h2>Estudie la lista de las funciones m\u00e1s poderosas:<\/h2><ul><li>Cuatro dise\u00f1os disponibles: Lista, Cuadr\u00edcula, Mamposter\u00eda y Control deslizante;<\/li><li>Una oportunidad para activar\/desactivar el encabezado del widget;<\/li><li>Dos opciones de escenarios de rechazo de solicitud de revisi\u00f3n: mostrar un mensaje personalizado u ocultar el bot\u00f3n.<\/li><\/ul><p><a href=\"#demo\">Simplemente pruebe esta demostraci\u00f3n para ver qu\u00e9 el widget vale<\/a><\/p><\/div><div class=\"application-platform-content-item-installation application-platform-content-item\" id=\"installation\" data-nav-section=\"installation\"><h2>\u00bfC\u00f3mo agregar rese\u00f1as de reservas en mi sitio web WooCommerce?<\/h2><p>Simplemente siga un par de pasos que se presentan a continuaci\u00f3n para integrar el widget.<\/p><ol><li><b>Inicie nuestro editor gratuito y comience a crear su complemento personalizado.<\/b><br>Determine la interfaz seleccionada y la funcionalidad del complemento y apl\u00edquelo. las ediciones.<\/li><li><b>Reciba su c\u00f3digo \u00fanico que se muestra en el formulario especial en Elfsight Apps.<\/b><br>Tan pronto como finalice la configuraci\u00f3n de su complemento, copie el c\u00f3digo exclusivo en la ventana emergente que aparece y gu\u00e1rdelo para futuras necesidades.<\/li><li><b>Comience a usar el complemento en su sitio web de plataforma.<\/b><br>Agregue el c\u00f3digo copiado anteriormente en su p\u00e1gina web y guarde el modificaciones.<\/li><li><b>\u00a1Listo! La integraci\u00f3n finaliz\u00f3 exitosamente.<\/b><br>Vaya a su p\u00e1gina para ver c\u00f3mo funciona el widget.<\/li><\/ol><p>En caso de que experimente algunos obst\u00e1culos, no dude en buscar ayuda de nuestro personal de soporte. Nuestros especialistas estar\u00e1n encantados de resolver todas las preguntas que pueda tener sobre la herramienta.<\/p><div class=\"faq\" data-component=\"FAQ\"> <div class=\"faq-item\">\r\n\t\t\t\t\t<div class=\"faq-item-question\">\r\n\t\t\t\t\t\t<h3 class=\"faq-item-question-text\">\u00bfC\u00f3mo agregar rese\u00f1as de Amazon a mi sitio web WooCommerce sin conocimientos de codificaci\u00f3n?<\/h3>\r\n\r\n\t\t\t\t\t\t<div class=\"faq-item-question-icon\"><\/div>\r\n\t\t\t\t\t<\/div>\r\n\r\n\t\t\t\t\t<div class=\"faq-item-answer\">\r\n\t\t\t\t\t\t<div class=\"faq-item-answer-text\"> <p>Elfsight proporciona una soluci\u00f3n SaaS que le permite crear un widget de rese\u00f1as de Amazon usted mismo. Vea lo f\u00e1cil que es el proceso: trabaje directamente en el editor en l\u00ednea para crear un widget de rese\u00f1as de Amazon que le gustar\u00eda ver en su sitio web WooCommerce. Elija una de las plantillas predise\u00f1adas y ajuste la configuraci\u00f3n de Rese\u00f1as de Amazon, agregue su contenido, cambie el dise\u00f1o y la combinaci\u00f3n de colores sin conocimientos de codificaci\u00f3n. Guarde las rese\u00f1as de Amazon y copie su c\u00f3digo de instalaci\u00f3n, que puede simplemente pegar en su sitio web WooCommerce sin necesidad de comprar una versi\u00f3n paga. Con nuestro editor intuitivo, cualquier usuario de Internet puede crear un widget de Rese\u00f1as de Amazon en l\u00ednea e incrustarlo f\u00e1cilmente en su sitio web WooCommerce. No es necesario pagar ni ingresar las credenciales de su tarjeta para acceder al servicio. Si tiene alg\u00fan problema en cualquier paso, no dude en ponerse en contacto con nuestro equipo de soporte t\u00e9cnico.<\/p> <\/div>\r\n\t\t\t\t\t<\/div>\r\n\t\t\t\t<\/div> <\/div> <\/div>","protected":false},"excerpt":{"rendered":"","protected":false},"author":9,"featured_media":0,"parent":628,"menu_order":0,"comment_status":"closed","ping_status":"closed","template":"templates\/template-application-platform.php","meta":{"publish_to_discourse":"","publish_post_category":"","wpdc_auto_publish_overridden":"","wpdc_topic_tags":"","wpdc_pin_topic":"","wpdc_pin_until":"","discourse_post_id":"","discourse_permalink":"","wpdc_publishing_response":"","wpdc_publishing_error":"","footnotes":""},"class_list":["post-8411","page","type-page","status-publish","hentry"],"yoast_head":"<!-- This site is optimized with the Yoast SEO plugin v25.3.1 - https:\/\/yoast.com\/wordpress\/plugins\/seo\/ -->\n<title>Complemento WooCommerce Booking Reviews para su sitio web (2025)<\/title>\n<meta name=\"description\" content=\"Aproveche la oportunidad de personalizar el complemento Booking Reviews ahora mismo e int\u00e9grelo en su sitio WooCommerce directamente desde la demostraci\u00f3n en vivo.\" \/>\n<meta name=\"robots\" content=\"index, follow, max-snippet:-1, max-image-preview:large, max-video-preview:-1\" \/>\n<link rel=\"canonical\" href=\"https:\/\/elfsight.com\/es\/booking-reviews-widget\/woocommerce\/\" \/>\n<meta property=\"og:locale\" content=\"es_ES\" \/>\n<meta property=\"og:type\" content=\"article\" \/>\n<meta property=\"og:title\" content=\"Complemento WooCommerce Booking Reviews para su sitio web (2025)\" \/>\n<meta property=\"og:description\" content=\"Aproveche la oportunidad de personalizar el complemento Booking Reviews ahora mismo e int\u00e9grelo en su sitio WooCommerce directamente desde la demostraci\u00f3n en vivo.\" \/>\n<meta property=\"og:url\" content=\"https:\/\/elfsight.com\/es\/booking-reviews-widget\/woocommerce\/\" \/>\n<meta property=\"og:site_name\" content=\"Elfsight ES\" \/>\n<meta property=\"article:modified_time\" content=\"2025-02-06T15:37:28+00:00\" \/>\n<meta name=\"twitter:card\" content=\"summary_large_image\" \/>\n<meta name=\"twitter:label1\" content=\"Tiempo de lectura\" \/>\n\t<meta name=\"twitter:data1\" content=\"3 minutos\" \/>\n<!-- \/ Yoast SEO plugin. -->","yoast_head_json":{"title":"Complemento WooCommerce Booking Reviews para su sitio web (2025)","description":"Aproveche la oportunidad de personalizar el complemento Booking Reviews ahora mismo e int\u00e9grelo en su sitio WooCommerce directamente desde la demostraci\u00f3n en vivo.","robots":{"index":"index","follow":"follow","max-snippet":"max-snippet:-1","max-image-preview":"max-image-preview:large","max-video-preview":"max-video-preview:-1"},"canonical":"https:\/\/elfsight.com\/es\/booking-reviews-widget\/woocommerce\/","og_locale":"es_ES","og_type":"article","og_title":"Complemento WooCommerce Booking Reviews para su sitio web (2025)","og_description":"Aproveche la oportunidad de personalizar el complemento Booking Reviews ahora mismo e int\u00e9grelo en su sitio WooCommerce directamente desde la demostraci\u00f3n en vivo.","og_url":"https:\/\/elfsight.com\/es\/booking-reviews-widget\/woocommerce\/","og_site_name":"Elfsight ES","article_modified_time":"2025-02-06T15:37:28+00:00","twitter_card":"summary_large_image","twitter_misc":{"Tiempo de lectura":"3 minutos"},"schema":{"@context":"https:\/\/schema.org","@graph":[{"@type":"WebPage","@id":"https:\/\/elfsight.com\/es\/booking-reviews-widget\/woocommerce\/","url":"https:\/\/elfsight.com\/es\/booking-reviews-widget\/woocommerce\/","name":"Complemento WooCommerce Booking Reviews para su sitio web (2025)","isPartOf":{"@id":"https:\/\/elfsight.com\/es\/#website"},"datePublished":"1970-01-01T00:00:00+00:00","dateModified":"2025-02-06T15:37:28+00:00","description":"Aproveche la oportunidad de personalizar el complemento Booking Reviews ahora mismo e int\u00e9grelo en su sitio WooCommerce directamente desde la demostraci\u00f3n en vivo.","breadcrumb":{"@id":"https:\/\/elfsight.com\/es\/booking-reviews-widget\/woocommerce\/#breadcrumb"},"inLanguage":"es","potentialAction":[{"@type":"ReadAction","target":["https:\/\/elfsight.com\/es\/booking-reviews-widget\/woocommerce\/"]}]},{"@type":"BreadcrumbList","@id":"https:\/\/elfsight.com\/es\/booking-reviews-widget\/woocommerce\/#breadcrumb","itemListElement":[{"@type":"ListItem","position":1,"name":"Home","item":"https:\/\/elfsight.com\/es\/"},{"@type":"ListItem","position":2,"name":"Booking Reviews","item":"https:\/\/elfsight.com\/es\/booking-reviews-widget\/"},{"@type":"ListItem","position":3,"name":"Booking Reviews &#8211; WooCommerce"}]},{"@type":"WebSite","@id":"https:\/\/elfsight.com\/es\/#website","url":"https:\/\/elfsight.com\/es\/","name":"Elfsight ES","description":"Just another Elfsight Sites site","potentialAction":[{"@type":"SearchAction","target":{"@type":"EntryPoint","urlTemplate":"https:\/\/elfsight.com\/es\/?s={search_term_string}"},"query-input":{"@type":"PropertyValueSpecification","valueRequired":true,"valueName":"search_term_string"}}],"inLanguage":"es"}]}},"meta_box":{"industry":"","seo_heading":"","heading":"","description":"","cta_heading":"","cta_description":"","application":"627","h1":"Complemento de rese\u00f1as de WooCommerce Booking.com","h1_caption":"Muestra las opiniones de tus usuarios perfectos de Booking en tu sitio","application_category":[],"applications_title":"","applications_request_title":"","applications_request_button_text":"","hero_text":"","hero_video":"","hero_video_schema_markup":"","selling_points_title":"","selling_points_caption":"","selling_points":[],"selling_points_cta_text":"","features_title":"","features":"","ed_cta_examples_text":"","ed_cta_examples_hidden":"","ed_cta_demo_text":"","ed_cta_demo_hidden":"","why_caption":"","why_editor_title":"","why_editor_text":"","why_team_title":"","why_team_text":"","why_service_title":"","why_service_text":"","template_catalog_visible":"","template_catalog_title":"","template_catalog_text":"","template_catalog_categories_visible":"","demo_title":"Crea tu aplicaci\u00f3n de Rese\u00f1as de Reservas","demo_caption":"\u00a1Configure sus rese\u00f1as de reservas y agr\u00e9guelas a su sitio web WooCommerce de forma gratuita!","default_faq_hidden":"","app_template_category":[],"platform":"2311","template_public_id":"","codecanyon_url":"","codecanyon_item_id":"","codecanyon_price":"","pricing_caption":"","pricing_elfsight_apps_hide_column":"","pricing_elfsight_apps_url":"","pricing_codecanyon_price_caption":"","integration_category":[],"integration_request_title":"","integration_request_cta":"","integration_platform":"","integrations":[],"platform_category":[],"video_schema_markup":"","price":"desde $0 \/ mes","trial":"","benefits":[{"text":"Servicio de instalaci\u00f3n gratuito"},{"text":"Soporte premium"},{"text":"Garant\u00eda de devoluci\u00f3n de dinero de 14 d\u00edas"},{"text":"Actualizaciones de por vida"}],"button_url":"#demo","button_target_blank":"","button_nofollow":"","attributes":[{"name":"Instalaciones","content":"10,000 - 100,000"},{"name":"Sensible","content":"S\u00ed"},{"name":"Navegadores compatibles","content":"Firefox, Safari, Opera, Chrome, Edge"}],"tags":[],"tags_disable_links":"","hide_more_platforms":"","video_object":"","demo_hide_cta":"","demo_hide_cloud_options":"","pricing_title":"","pricing":[{"pricing_icon":"platform","pricing_title":"Elfsight Apps","pricing_title_caption":"Soporte dedicado, puntual y bien documentado.","pricing_price":"desde $0 \/ mes","pricing_price_caption":"comienza con un plan gratuito","pricing_benefits":[{"text":"Sitios web ilimitados"},{"text":"Soporte dedicado, puntual y bien documentado."},{"text":"Soporte de instalaci\u00f3n gratuito"},{"text":"Totalmente personalizable"}],"pricing_button_text":"A\u00f1adir al sitio web","pricing_button_url":"#demo"}],"related_apps_title":"","related_apps_hidden":"","author":"","image":[],"title":"","job":"","social_networks":[]},"_links":{"self":[{"href":"https:\/\/elfsight.com\/es\/wp-json\/wp\/v2\/pages\/8411","targetHints":{"allow":["GET"]}}],"collection":[{"href":"https:\/\/elfsight.com\/es\/wp-json\/wp\/v2\/pages"}],"about":[{"href":"https:\/\/elfsight.com\/es\/wp-json\/wp\/v2\/types\/page"}],"author":[{"embeddable":true,"href":"https:\/\/elfsight.com\/es\/wp-json\/wp\/v2\/users\/9"}],"replies":[{"embeddable":true,"href":"https:\/\/elfsight.com\/es\/wp-json\/wp\/v2\/comments?post=8411"}],"version-history":[{"count":2,"href":"https:\/\/elfsight.com\/es\/wp-json\/wp\/v2\/pages\/8411\/revisions"}],"predecessor-version":[{"id":18534,"href":"https:\/\/elfsight.com\/es\/wp-json\/wp\/v2\/pages\/8411\/revisions\/18534"}],"up":[{"embeddable":true,"href":"https:\/\/elfsight.com\/es\/wp-json\/wp\/v2\/pages\/628"}],"wp:attachment":[{"href":"https:\/\/elfsight.com\/es\/wp-json\/wp\/v2\/media?parent=8411"}],"curies":[{"name":"wp","href":"https:\/\/api.w.org\/{rel}","templated":true}]}}