{"id":8404,"date":"1970-01-01T00:00:00","date_gmt":"1970-01-01T00:00:00","guid":{"rendered":"https:\/\/elfsight.com\/es\/?page_id=8404"},"modified":"2025-02-06T15:37:28","modified_gmt":"2025-02-06T15:37:28","slug":"webnode","status":"publish","type":"page","link":"https:\/\/elfsight.com\/es\/booking-reviews-widget\/webnode\/","title":{"rendered":"Booking Reviews &#8211; Webnode"},"content":{"rendered":"<div class=\"application-platform-content-item-description application-platform-content-item\" id=\"description\" data-nav-section=\"description\"> <h2>Descripci\u00f3n<\/h2> <p>Si desea mostrar su alta calificaci\u00f3n y convencer a los visitantes del sitio de que vale la pena comprar sus ofertas, el widget Elfsight Booking Reviews es adecuado para usted. Con esta herramienta, podr\u00e1 colocar f\u00e1cilmente rese\u00f1as de clientes de Booking en su sitio web con informaci\u00f3n sobre sus autores, filtrarlas para revelar solo las mejores, agregar calificaciones y un bot\u00f3n activo, que llevar\u00e1 a los usuarios a su cuenta de Booking, para que puedan compartir su rese\u00f1a. <\/p> <div class=\"faq\" data-component=\"FAQ\"><div class=\"faq-item\">\r\n\t\t\t\t\t<div class=\"faq-item-question\">\r\n\t\t\t\t\t\t<h3 class=\"faq-item-question-text\">\u00bfD\u00f3nde puedo instalarlo en mi sitio?<\/h3>\r\n\r\n\t\t\t\t\t\t<div class=\"faq-item-question-icon\"><\/div>\r\n\t\t\t\t\t<\/div>\r\n\r\n\t\t\t\t\t<div class=\"faq-item-answer\">\r\n\t\t\t\t\t\t<div class=\"faq-item-answer-text\"> <p>Puede mostrar el widget de revisi\u00f3n en cualquier p\u00e1gina del sitio web o pegarlo en la plantilla del sitio web y se mostrar\u00e1 en todas las p\u00e1ginas. Las rese\u00f1as pueden ser efectivas en las p\u00e1ginas de productos o en la p\u00e1gina Acerca de nosotros, los lugares donde desea impresionar a los usuarios con su alta calificaci\u00f3n. <\/p> <\/div>\r\n\t\t\t\t\t<\/div>\r\n\t\t\t\t<\/div><div class=\"faq-item\">\r\n\t\t\t\t\t<div class=\"faq-item-question\">\r\n\t\t\t\t\t\t<h3 class=\"faq-item-question-text\">\u00bfQu\u00e9 ventajas me puede dar?<\/h3>\r\n\r\n\t\t\t\t\t\t<div class=\"faq-item-question-icon\"><\/div>\r\n\t\t\t\t\t<\/div>\r\n\r\n\t\t\t\t\t<div class=\"faq-item-answer\">\r\n\t\t\t\t\t\t<div class=\"faq-item-answer-text\"> <p>Las rese\u00f1as escritas por personas reales parecen m\u00e1ximamente cre\u00edbles para los clientes de su sitio web y les indican que se puede confiar en su empresa. Una calificaci\u00f3n alta y buenos testimonios pueden ayudar a elevar el nivel de compras en su sitio. Adem\u00e1s, el bot\u00f3n de redireccionamiento puede contribuir a que haya m\u00e1s opiniones de usuarios relacionadas con tu negocio en Booking. <\/p> <\/div>\r\n\t\t\t\t\t<\/div>\r\n\t\t\t\t<\/div> <div class=\"faq-item\">\r\n\t\t\t\t\t<div class=\"faq-item-question\">\r\n\t\t\t\t\t\t<h3 class=\"faq-item-question-text\">\u00bfC\u00f3mo puedo a\u00f1adir Rese\u00f1as de Reservas a mi sitio web Webnode?<\/h3>\r\n\r\n\t\t\t\t\t\t<div class=\"faq-item-question-icon\"><\/div>\r\n\t\t\t\t\t<\/div>\r\n\r\n\t\t\t\t\t<div class=\"faq-item-answer\">\r\n\t\t\t\t\t\t<div class=\"faq-item-answer-text\"> <p>Solo me llevar\u00e1 un minuto comenzar a utilizar el widget. Es extremadamente r\u00e1pido, gratuito y sin codificaci\u00f3n. <\/p> <ol><li>Puedes integrar el widget en tu sitio web directamente a trav\u00e9s de nuestro servicio. Simplemente aplique las instrucciones a continuaci\u00f3n en esta p\u00e1gina. <\/li> <li>Las rese\u00f1as de reservas de Elfsight se pueden insertar en nuestro servicio o a trav\u00e9s del mercado. Puedes leer m\u00e1s detalles sobre estas variantes y elegir la tuya. <\/li> <\/ol> <\/div>\r\n\t\t\t\t\t<\/div>\r\n\t\t\t\t<\/div> <\/div> <\/div> <div class=\"application-platform-content-item-features application-platform-content-item\" id=\"features\" data-nav-section=\"features\"> <h2>Caracter\u00edsticas<\/h2> <p>Para darte una idea completa de Booking Reviews, descubre la lista de sus caracter\u00edsticas m\u00e1s destacadas. Hacen que el widget sea m\u00e1s efectivo para su sitio web: <\/p> <ul> <li>Cuatro dise\u00f1os disponibles: Lista, Cuadr\u00edcula, Masoner\u00eda y Control deslizante; <\/li> <li> Encabezado totalmente flexible del widget; <\/li> <li>6 elementos ajustables del widget: nombre del autor y foto, texto de recomendaci\u00f3n, fecha de uso compartido, icono de reserva y calificaci\u00f3n de estrellas; <\/li> <\/ul><p><a href=\"#demo\">Para ver m\u00e1s funciones, vea nuestra demostraci\u00f3n<\/a><\/p> <\/div> <div class=\"application-platform-content-item-installation application-platform-content-item\" id=\"installation\" data-nav-section=\"installation\"> <h2>Aprenda c\u00f3mo insertar Booking Reviews en su sitio Webnode<\/h2> <p>Estos pasos son lo \u00fanico que debe hacer para configurar el widget en su p\u00e1gina web. S\u00f3lo le llevar\u00e1 un minuto de su tiempo y ni una l\u00ednea de codificaci\u00f3n. <\/p> <ol><li><b>Cree su complemento exclusivo de Rese\u00f1as de reservas<\/b><br> Con la ayuda de nuestro editor gratuito, genere un complemento con una apariencia personalizada y caracter\u00edsticas funcionales. <\/li><li><b>Adquiera el c\u00f3digo personal para instalar el complemento<\/b><br> Despu\u00e9s de haber configurado su widget, recibir\u00e1 su c\u00f3digo personal en la notificaci\u00f3n que aparece en Elfsight Apps. Copie el c\u00f3digo para uso futuro. <\/li> <li><b>El complemento en tu sitio Webnode<\/b><br>Selecciona el \u00e1rea donde deseas colocar el complemento e inserta all\u00ed el c\u00f3digo copiado. Publicar los cambios. <\/li> <li><b>La instalaci\u00f3n est\u00e1 completa<\/b><br> Vaya a su p\u00e1gina web para ver sus testimonios. <\/li> <\/ol><p>\u00bfA\u00fan no est\u00e1s seguro? \u00bfO tropez\u00f3 con algo? Una sola solicitud a nuestro equipo de soporte solucionar\u00e1 cualquier tipo de problema. <\/p> <\/div>","protected":false},"excerpt":{"rendered":"","protected":false},"author":9,"featured_media":0,"parent":628,"menu_order":0,"comment_status":"closed","ping_status":"closed","template":"templates\/template-application-platform.php","meta":{"publish_to_discourse":"","publish_post_category":"","wpdc_auto_publish_overridden":"","wpdc_topic_tags":"","wpdc_pin_topic":"","wpdc_pin_until":"","discourse_post_id":"","discourse_permalink":"","wpdc_publishing_response":"","wpdc_publishing_error":"","footnotes":""},"class_list":["post-8404","page","type-page","status-publish","hentry"],"yoast_head":"<!-- This site is optimized with the Yoast SEO plugin v25.3.1 - https:\/\/yoast.com\/wordpress\/plugins\/seo\/ -->\n<title>Insertar Booking Reviews en el sitio web de Webnode (gratis y r\u00e1pido)<\/title>\n<meta name=\"description\" content=\"Con Elfsight, dise\u00f1a tus Booking Reviews y publ\u00edcalos en tu p\u00e1gina de Webnode r\u00e1pidamente. Ofrecemos servicio al cliente gratuito y otras bonificaciones.\" \/>\n<meta name=\"robots\" content=\"index, follow, max-snippet:-1, max-image-preview:large, max-video-preview:-1\" \/>\n<link rel=\"canonical\" href=\"https:\/\/elfsight.com\/es\/booking-reviews-widget\/webnode\/\" \/>\n<meta property=\"og:locale\" content=\"es_ES\" \/>\n<meta property=\"og:type\" content=\"article\" \/>\n<meta property=\"og:title\" content=\"Insertar Booking Reviews en el sitio web de Webnode (gratis y r\u00e1pido)\" \/>\n<meta property=\"og:description\" content=\"Con Elfsight, dise\u00f1a tus Booking Reviews y publ\u00edcalos en tu p\u00e1gina de Webnode r\u00e1pidamente. Ofrecemos servicio al cliente gratuito y otras bonificaciones.\" \/>\n<meta property=\"og:url\" content=\"https:\/\/elfsight.com\/es\/booking-reviews-widget\/webnode\/\" \/>\n<meta property=\"og:site_name\" content=\"Elfsight ES\" \/>\n<meta property=\"article:modified_time\" content=\"2025-02-06T15:37:28+00:00\" \/>\n<meta name=\"twitter:card\" content=\"summary_large_image\" \/>\n<meta name=\"twitter:label1\" content=\"Tiempo de lectura\" \/>\n\t<meta name=\"twitter:data1\" content=\"3 minutos\" \/>\n<!-- \/ Yoast SEO plugin. -->","yoast_head_json":{"title":"Insertar Booking Reviews en el sitio web de Webnode (gratis y r\u00e1pido)","description":"Con Elfsight, dise\u00f1a tus Booking Reviews y publ\u00edcalos en tu p\u00e1gina de Webnode r\u00e1pidamente. Ofrecemos servicio al cliente gratuito y otras bonificaciones.","robots":{"index":"index","follow":"follow","max-snippet":"max-snippet:-1","max-image-preview":"max-image-preview:large","max-video-preview":"max-video-preview:-1"},"canonical":"https:\/\/elfsight.com\/es\/booking-reviews-widget\/webnode\/","og_locale":"es_ES","og_type":"article","og_title":"Insertar Booking Reviews en el sitio web de Webnode (gratis y r\u00e1pido)","og_description":"Con Elfsight, dise\u00f1a tus Booking Reviews y publ\u00edcalos en tu p\u00e1gina de Webnode r\u00e1pidamente. Ofrecemos servicio al cliente gratuito y otras bonificaciones.","og_url":"https:\/\/elfsight.com\/es\/booking-reviews-widget\/webnode\/","og_site_name":"Elfsight ES","article_modified_time":"2025-02-06T15:37:28+00:00","twitter_card":"summary_large_image","twitter_misc":{"Tiempo de lectura":"3 minutos"},"schema":{"@context":"https:\/\/schema.org","@graph":[{"@type":"WebPage","@id":"https:\/\/elfsight.com\/es\/booking-reviews-widget\/webnode\/","url":"https:\/\/elfsight.com\/es\/booking-reviews-widget\/webnode\/","name":"Insertar Booking Reviews en el sitio web de Webnode (gratis y r\u00e1pido)","isPartOf":{"@id":"https:\/\/elfsight.com\/es\/#website"},"datePublished":"1970-01-01T00:00:00+00:00","dateModified":"2025-02-06T15:37:28+00:00","description":"Con Elfsight, dise\u00f1a tus Booking Reviews y publ\u00edcalos en tu p\u00e1gina de Webnode r\u00e1pidamente. Ofrecemos servicio al cliente gratuito y otras bonificaciones.","breadcrumb":{"@id":"https:\/\/elfsight.com\/es\/booking-reviews-widget\/webnode\/#breadcrumb"},"inLanguage":"es","potentialAction":[{"@type":"ReadAction","target":["https:\/\/elfsight.com\/es\/booking-reviews-widget\/webnode\/"]}]},{"@type":"BreadcrumbList","@id":"https:\/\/elfsight.com\/es\/booking-reviews-widget\/webnode\/#breadcrumb","itemListElement":[{"@type":"ListItem","position":1,"name":"Home","item":"https:\/\/elfsight.com\/es\/"},{"@type":"ListItem","position":2,"name":"Booking Reviews","item":"https:\/\/elfsight.com\/es\/booking-reviews-widget\/"},{"@type":"ListItem","position":3,"name":"Booking Reviews &#8211; Webnode"}]},{"@type":"WebSite","@id":"https:\/\/elfsight.com\/es\/#website","url":"https:\/\/elfsight.com\/es\/","name":"Elfsight ES","description":"Just another Elfsight Sites site","potentialAction":[{"@type":"SearchAction","target":{"@type":"EntryPoint","urlTemplate":"https:\/\/elfsight.com\/es\/?s={search_term_string}"},"query-input":{"@type":"PropertyValueSpecification","valueRequired":true,"valueName":"search_term_string"}}],"inLanguage":"es"}]}},"meta_box":{"industry":"","seo_heading":"","heading":"","description":"","cta_heading":"","cta_description":"","application":"627","h1":"Webnode Booking.com Opiniones","h1_caption":"Publica los mejores testimonios de clientes de Booking en tu web","application_category":[],"applications_title":"","applications_request_title":"","applications_request_button_text":"","hero_text":"","hero_video":"","hero_video_schema_markup":"","selling_points_title":"","selling_points_caption":"","selling_points":[],"selling_points_cta_text":"","features_title":"","features":"","ed_cta_examples_text":"","ed_cta_examples_hidden":"","ed_cta_demo_text":"","ed_cta_demo_hidden":"","why_caption":"","why_editor_title":"","why_editor_text":"","why_team_title":"","why_team_text":"","why_service_title":"","why_service_text":"","template_catalog_visible":"","template_catalog_title":"","template_catalog_text":"","template_catalog_categories_visible":"","demo_title":"Crea tu widget de Rese\u00f1as de Reservas","demo_caption":"\u00a1Configura tus Rese\u00f1as de Reservas y a\u00f1\u00e1delas a tu sitio web Webnode gratis!","default_faq_hidden":"","app_template_category":[],"platform":"2302","template_public_id":"","codecanyon_url":"","codecanyon_item_id":"","codecanyon_price":"","pricing_caption":"","pricing_elfsight_apps_hide_column":"","pricing_elfsight_apps_url":"","pricing_codecanyon_price_caption":"","integration_category":[],"integration_request_title":"","integration_request_cta":"","integration_platform":"","integrations":[],"platform_category":[],"video_schema_markup":"","price":"desde $0 \/ mes","trial":"","benefits":[{"text":"Asistencia de instalaci\u00f3n gratuita"},{"text":"Soporte premium"},{"text":"Garant\u00eda de devoluci\u00f3n de dinero de 14 d\u00edas"},{"text":"Actualizaciones gratuitas continuas"}],"button_url":"#demo","button_target_blank":"","button_nofollow":"","attributes":[{"name":"Instalaciones","content":"10,000 - 100,000"},{"name":"Sensible","content":"S\u00ed"},{"name":"Navegadores compatibles","content":"Firefox, Safari, Opera, Chrome, Edge"}],"tags":[],"tags_disable_links":"","hide_more_platforms":"","video_object":"","demo_hide_cta":"","demo_hide_cloud_options":"","pricing_title":"","pricing":[{"pricing_icon":"platform","pricing_title":"Elfsight Apps","pricing_title_caption":"Software multiplataforma que funciona en cualquier sitio","pricing_price":"desde $0 \/ mes","pricing_price_caption":"comienza con el plan gratuito","pricing_benefits":[{"text":"Sitios web ilimitados"},{"text":"Soporte dedicado y puntual"},{"text":"Servicio de instalaci\u00f3n gratuito"},{"text":"Oferta especial para m\u00faltiples aplicaciones"}],"pricing_button_text":"A\u00f1adir al sitio web","pricing_button_url":"#demo"}],"related_apps_title":"","related_apps_hidden":"","author":"","image":[],"title":"","job":"","social_networks":[]},"_links":{"self":[{"href":"https:\/\/elfsight.com\/es\/wp-json\/wp\/v2\/pages\/8404","targetHints":{"allow":["GET"]}}],"collection":[{"href":"https:\/\/elfsight.com\/es\/wp-json\/wp\/v2\/pages"}],"about":[{"href":"https:\/\/elfsight.com\/es\/wp-json\/wp\/v2\/types\/page"}],"author":[{"embeddable":true,"href":"https:\/\/elfsight.com\/es\/wp-json\/wp\/v2\/users\/9"}],"replies":[{"embeddable":true,"href":"https:\/\/elfsight.com\/es\/wp-json\/wp\/v2\/comments?post=8404"}],"version-history":[{"count":2,"href":"https:\/\/elfsight.com\/es\/wp-json\/wp\/v2\/pages\/8404\/revisions"}],"predecessor-version":[{"id":18537,"href":"https:\/\/elfsight.com\/es\/wp-json\/wp\/v2\/pages\/8404\/revisions\/18537"}],"up":[{"embeddable":true,"href":"https:\/\/elfsight.com\/es\/wp-json\/wp\/v2\/pages\/628"}],"wp:attachment":[{"href":"https:\/\/elfsight.com\/es\/wp-json\/wp\/v2\/media?parent=8404"}],"curies":[{"name":"wp","href":"https:\/\/api.w.org\/{rel}","templated":true}]}}