{"id":8402,"date":"1970-01-01T00:00:00","date_gmt":"1970-01-01T00:00:00","guid":{"rendered":"https:\/\/elfsight.com\/es\/?page_id=8402"},"modified":"2025-02-06T15:37:35","modified_gmt":"2025-02-06T15:37:35","slug":"squarespace","status":"publish","type":"page","link":"https:\/\/elfsight.com\/es\/booking-reviews-widget\/squarespace\/","title":{"rendered":"Booking Reviews &#8211; Squarespace"},"content":{"rendered":"<div class=\"application-platform-content-item-description application-platform-content-item\" id=\"description\" data-nav-section=\"description\"> <h2>Incorpore Booking Reviews en Squarespace con el widget Elfsight<\/h2> <p>Si desea mostrar su aprecio entre los usuarios y convencer a los visitantes del sitio de que vale la pena visitar su lugar, el widget Elfsight Booking Reviews es adecuado para usted. Con nuestra herramienta, puede mostrar las opiniones de los clientes de Booking en su sitio web con informaci\u00f3n sobre sus autores, usar filtros para mostrar solo las positivas, agregar calificaciones y el bot\u00f3n de solicitud de revisi\u00f3n, lo que llevar\u00e1 a las personas a su p\u00e1gina de Booking, donde podr\u00e1n compartir su opini\u00f3n. <\/p> <div class=\"faq\" data-component=\"FAQ\"><div class=\"faq-item\">\r\n\t\t\t\t\t<div class=\"faq-item-question\">\r\n\t\t\t\t\t\t<h3 class=\"faq-item-question-text\">\u00bfEn qu\u00e9 parte de mi sitio puedo integrarlo?<\/h3>\r\n\r\n\t\t\t\t\t\t<div class=\"faq-item-question-icon\"><\/div>\r\n\t\t\t\t\t<\/div>\r\n\r\n\t\t\t\t\t<div class=\"faq-item-answer\">\r\n\t\t\t\t\t\t<div class=\"faq-item-answer-text\"> <p>El widget se puede agregar en cualquier p\u00e1gina web donde necesite demostrar su alta calificaci\u00f3n y popularidad entre los clientes. Si lo necesita en todas las p\u00e1ginas de su sitio, simplemente puede insertarlo en la plantilla del sitio web. <\/p> <\/div>\r\n\t\t\t\t\t<\/div>\r\n\t\t\t\t<\/div><div class=\"faq-item\">\r\n\t\t\t\t\t<div class=\"faq-item-question\">\r\n\t\t\t\t\t\t<h3 class=\"faq-item-question-text\">\u00bfCu\u00e1les son los beneficios de tener rese\u00f1as de reservas para m\u00ed?<\/h3>\r\n\r\n\t\t\t\t\t\t<div class=\"faq-item-question-icon\"><\/div>\r\n\t\t\t\t\t<\/div>\r\n\r\n\t\t\t\t\t<div class=\"faq-item-answer\">\r\n\t\t\t\t\t\t<div class=\"faq-item-answer-text\"> <p>Las rese\u00f1as dejadas por personas reales son absolutamente cre\u00edbles para los clientes de su sitio web y les muestran que su negocio es confiable. Una calificaci\u00f3n alta y buenas cr\u00edticas pueden ayudar a aumentar las ventas en su sitio web. Adem\u00e1s, el bot\u00f3n Activo puede contribuir a generar m\u00e1s opiniones de clientes sobre tus servicios en Booking. <\/p> <\/div>\r\n\t\t\t\t\t<\/div>\r\n\t\t\t\t<\/div> <div class=\"faq-item\">\r\n\t\t\t\t\t<div class=\"faq-item-question\">\r\n\t\t\t\t\t\t<h3 class=\"faq-item-question-text\">\u00bfQu\u00e9 necesito para insertar Rese\u00f1as de reservas en mi sitio web de Squarespace?<\/h3>\r\n\r\n\t\t\t\t\t\t<div class=\"faq-item-question-icon\"><\/div>\r\n\t\t\t\t\t<\/div>\r\n\r\n\t\t\t\t\t<div class=\"faq-item-answer\">\r\n\t\t\t\t\t\t<div class=\"faq-item-answer-text\"> <p>La configuraci\u00f3n tardar\u00e1 un minuto. La instalaci\u00f3n es muy r\u00e1pida, gratuita y sin codificaci\u00f3n. <\/p> <ol><li>Puedes insertar el widget en tu sitio web a trav\u00e9s de nuestro servicio. Simplemente utilice la gu\u00eda que aparece a continuaci\u00f3n en esta p\u00e1gina. <\/li> <li>Elfsight Booking Reviews se puede integrar a trav\u00e9s de nuestro servicio o a trav\u00e9s del mercado. Puedes comparar las dos variantes y decidir cu\u00e1l es la tuya. <\/li> <\/ol> <\/div>\r\n\t\t\t\t\t<\/div>\r\n\t\t\t\t<\/div> <\/div> <\/div> <div class=\"application-platform-content-item-features application-platform-content-item\" id=\"features\" data-nav-section=\"features\"> <h2>Caracter\u00edsticas principales del widget Rese\u00f1as de reservas<\/h2> <p>Para comprender mejor el widget, examine la lista de sus caracter\u00edsticas principales. Hacen que este widget sea eficiente para usted: <\/p> <ul> <li>Tres filtros disponibles: por tipo, excluir por y cantidad de rese\u00f1as para mostrar; <\/li> <li> Encabezado intercambiable del widget; <\/li> <li>Dos opciones de escenarios despu\u00e9s del rechazo de la solicitud de revisi\u00f3n: mostrar su mensaje u ocultar el bot\u00f3n. <\/li> <\/ul><p><a href=\"#demo\">Vea una lista completa de funciones en nuestra demostraci\u00f3n en vivo<\/a><\/p> <\/div> <div class=\"application-platform-content-item-installation application-platform-content-item\" id=\"installation\" data-nav-section=\"installation\"> <h2>Descubra c\u00f3mo agregar Booking Reviews a su sitio web de Squarespace<\/h2><div class=\"video-container\"><iframe width=\"720\" height=\"405\" src=\"https:\/\/www.youtube.com\/embed\/wdZ8_IaZTqk\" frameborder=\"0\"><\/iframe> <\/div><p> Un par de acciones sencillas es lo \u00fanico que necesita para estar libre de codificaci\u00f3n. <\/p> <ol><li><b>Cree su propio complemento de Rese\u00f1as de reservas<\/b><br> En nuestro editor gratuito, obtenga un complemento con una apariencia y funciones personalizadas. <\/li><li><b>Obtenga el c\u00f3digo personal para insertar el complemento<\/b><br> Despu\u00e9s de haber configurado su widget, recibir\u00e1 el c\u00f3digo de instalaci\u00f3n de la notificaci\u00f3n que aparece en Elfsight Apps. C\u00f3pialo. <\/li> <li><b>Incrusta el complemento en tu sitio de Squarespace<\/b><br> Ve al \u00e1rea donde deseas mostrar el complemento e inserta el c\u00f3digo guardado all\u00ed. Aplicar los resultados. <\/li> <li><b>\u00a1Ya terminaste! <\/b><br> Ingresa a tu p\u00e1gina web, para ver tus testimonios. <\/li> <\/ol><p>\u00bfA\u00fan tienes algo que te hace sentir inseguro? \u00bfO experimentando problemas? Una sola solicitud a nuestro servicio de atenci\u00f3n al cliente le ayudar\u00e1 con cualquier problema. <\/p> <\/div>","protected":false},"excerpt":{"rendered":"","protected":false},"author":9,"featured_media":0,"parent":628,"menu_order":0,"comment_status":"closed","ping_status":"closed","template":"templates\/template-application-platform.php","meta":{"publish_to_discourse":"","publish_post_category":"","wpdc_auto_publish_overridden":"","wpdc_topic_tags":"","wpdc_pin_topic":"","wpdc_pin_until":"","discourse_post_id":"","discourse_permalink":"","wpdc_publishing_response":"","wpdc_publishing_error":"","footnotes":""},"class_list":["post-8402","page","type-page","status-publish","hentry"],"yoast_head":"<!-- This site is optimized with the Yoast SEO plugin v25.3.1 - https:\/\/yoast.com\/wordpress\/plugins\/seo\/ -->\n<title>Insertar rese\u00f1as de reservas en el sitio web de Squarespace (r\u00e1pido y f\u00e1cil)<\/title>\n<meta name=\"description\" content=\"Con Elfsight, d\u00e9 forma a sus rese\u00f1as de reservas y agr\u00e9guelas a su sitio web de Squarespace con facilidad. Tenemos soporte al cliente gratuito y m\u00e1s bonos.\" \/>\n<meta name=\"robots\" content=\"index, follow, max-snippet:-1, max-image-preview:large, max-video-preview:-1\" \/>\n<link rel=\"canonical\" href=\"https:\/\/elfsight.com\/es\/booking-reviews-widget\/squarespace\/\" \/>\n<meta property=\"og:locale\" content=\"es_ES\" \/>\n<meta property=\"og:type\" content=\"article\" \/>\n<meta property=\"og:title\" content=\"Insertar rese\u00f1as de reservas en el sitio web de Squarespace (r\u00e1pido y f\u00e1cil)\" \/>\n<meta property=\"og:description\" content=\"Con Elfsight, d\u00e9 forma a sus rese\u00f1as de reservas y agr\u00e9guelas a su sitio web de Squarespace con facilidad. Tenemos soporte al cliente gratuito y m\u00e1s bonos.\" \/>\n<meta property=\"og:url\" content=\"https:\/\/elfsight.com\/es\/booking-reviews-widget\/squarespace\/\" \/>\n<meta property=\"og:site_name\" content=\"Elfsight ES\" \/>\n<meta property=\"article:modified_time\" content=\"2025-02-06T15:37:35+00:00\" \/>\n<meta name=\"twitter:card\" content=\"summary_large_image\" \/>\n<meta name=\"twitter:label1\" content=\"Tiempo de lectura\" \/>\n\t<meta name=\"twitter:data1\" content=\"3 minutos\" \/>\n<!-- \/ Yoast SEO plugin. -->","yoast_head_json":{"title":"Insertar rese\u00f1as de reservas en el sitio web de Squarespace (r\u00e1pido y f\u00e1cil)","description":"Con Elfsight, d\u00e9 forma a sus rese\u00f1as de reservas y agr\u00e9guelas a su sitio web de Squarespace con facilidad. Tenemos soporte al cliente gratuito y m\u00e1s bonos.","robots":{"index":"index","follow":"follow","max-snippet":"max-snippet:-1","max-image-preview":"max-image-preview:large","max-video-preview":"max-video-preview:-1"},"canonical":"https:\/\/elfsight.com\/es\/booking-reviews-widget\/squarespace\/","og_locale":"es_ES","og_type":"article","og_title":"Insertar rese\u00f1as de reservas en el sitio web de Squarespace (r\u00e1pido y f\u00e1cil)","og_description":"Con Elfsight, d\u00e9 forma a sus rese\u00f1as de reservas y agr\u00e9guelas a su sitio web de Squarespace con facilidad. Tenemos soporte al cliente gratuito y m\u00e1s bonos.","og_url":"https:\/\/elfsight.com\/es\/booking-reviews-widget\/squarespace\/","og_site_name":"Elfsight ES","article_modified_time":"2025-02-06T15:37:35+00:00","twitter_card":"summary_large_image","twitter_misc":{"Tiempo de lectura":"3 minutos"},"schema":{"@context":"https:\/\/schema.org","@graph":[{"@type":"WebPage","@id":"https:\/\/elfsight.com\/es\/booking-reviews-widget\/squarespace\/","url":"https:\/\/elfsight.com\/es\/booking-reviews-widget\/squarespace\/","name":"Insertar rese\u00f1as de reservas en el sitio web de Squarespace (r\u00e1pido y f\u00e1cil)","isPartOf":{"@id":"https:\/\/elfsight.com\/es\/#website"},"datePublished":"1970-01-01T00:00:00+00:00","dateModified":"2025-02-06T15:37:35+00:00","description":"Con Elfsight, d\u00e9 forma a sus rese\u00f1as de reservas y agr\u00e9guelas a su sitio web de Squarespace con facilidad. Tenemos soporte al cliente gratuito y m\u00e1s bonos.","breadcrumb":{"@id":"https:\/\/elfsight.com\/es\/booking-reviews-widget\/squarespace\/#breadcrumb"},"inLanguage":"es","potentialAction":[{"@type":"ReadAction","target":["https:\/\/elfsight.com\/es\/booking-reviews-widget\/squarespace\/"]}]},{"@type":"BreadcrumbList","@id":"https:\/\/elfsight.com\/es\/booking-reviews-widget\/squarespace\/#breadcrumb","itemListElement":[{"@type":"ListItem","position":1,"name":"Home","item":"https:\/\/elfsight.com\/es\/"},{"@type":"ListItem","position":2,"name":"Booking Reviews","item":"https:\/\/elfsight.com\/es\/booking-reviews-widget\/"},{"@type":"ListItem","position":3,"name":"Booking Reviews &#8211; Squarespace"}]},{"@type":"WebSite","@id":"https:\/\/elfsight.com\/es\/#website","url":"https:\/\/elfsight.com\/es\/","name":"Elfsight ES","description":"Just another Elfsight Sites site","potentialAction":[{"@type":"SearchAction","target":{"@type":"EntryPoint","urlTemplate":"https:\/\/elfsight.com\/es\/?s={search_term_string}"},"query-input":{"@type":"PropertyValueSpecification","valueRequired":true,"valueName":"search_term_string"}}],"inLanguage":"es"}]}},"meta_box":{"industry":"","seo_heading":"","heading":"","description":"","cta_heading":"","cta_description":"","application":"627","h1":"Opiniones de Booking.com sobre Squarespace","h1_caption":"Inserta las rese\u00f1as de clientes m\u00e1s atractivas de Booking en tu sitio web","application_category":[],"applications_title":"","applications_request_title":"","applications_request_button_text":"","hero_text":"","hero_video":"","hero_video_schema_markup":"","selling_points_title":"","selling_points_caption":"","selling_points":[],"selling_points_cta_text":"","features_title":"","features":"","ed_cta_examples_text":"","ed_cta_examples_hidden":"","ed_cta_demo_text":"","ed_cta_demo_hidden":"","why_caption":"","why_editor_title":"","why_editor_text":"","why_team_title":"","why_team_text":"","why_service_title":"","why_service_text":"","template_catalog_visible":"","template_catalog_title":"","template_catalog_text":"","template_catalog_categories_visible":"","demo_title":"Crea tu complemento Rese\u00f1as de reservas","demo_caption":"\u00a1Configura tus rese\u00f1as de reservas y agr\u00e9galas a tu sitio web de Squarespace de forma gratuita!","default_faq_hidden":"","app_template_category":[],"platform":"100","template_public_id":"","codecanyon_url":"","codecanyon_item_id":"","codecanyon_price":"","pricing_caption":"","pricing_elfsight_apps_hide_column":"","pricing_elfsight_apps_url":"","pricing_codecanyon_price_caption":"","integration_category":[],"integration_request_title":"","integration_request_cta":"","integration_platform":"","integrations":[],"platform_category":[],"video_schema_markup":"","price":"desde $0 \/ mes","trial":"","benefits":[{"text":"Servicio de instalaci\u00f3n gratuito"},{"text":"Servicio al cliente competente"},{"text":"Garant\u00eda de devoluci\u00f3n de dinero de 14 d\u00edas"},{"text":"Desarrollo continuo"}],"button_url":"#demo","button_target_blank":"","button_nofollow":"","attributes":[{"name":"Instalaciones","content":"10,000 - 100,000"},{"name":"Sensible","content":"S\u00ed"},{"name":"Navegadores compatibles","content":"Firefox, Safari, Opera, Chrome, Edge"}],"tags":[],"tags_disable_links":"","hide_more_platforms":"","video_object":"","demo_hide_cta":"","demo_hide_cloud_options":"","pricing_title":"","pricing":[{"pricing_icon":"platform","pricing_title":"Elfsight Apps","pricing_title_caption":"Soluci\u00f3n multiplataforma","pricing_price":"desde $0 \/ mes","pricing_price_caption":"comienza con el plan gratuito","pricing_benefits":[{"text":"Sitios web ilimitados"},{"text":"Soporte premium y puntual"},{"text":"Soporte de instalaci\u00f3n gratuito"},{"text":"Dise\u00f1o flexible"}],"pricing_button_text":"A\u00f1adir al sitio web","pricing_button_url":"#demo"}],"related_apps_title":"","related_apps_hidden":"","author":"","image":[],"title":"","job":"","social_networks":[]},"_links":{"self":[{"href":"https:\/\/elfsight.com\/es\/wp-json\/wp\/v2\/pages\/8402","targetHints":{"allow":["GET"]}}],"collection":[{"href":"https:\/\/elfsight.com\/es\/wp-json\/wp\/v2\/pages"}],"about":[{"href":"https:\/\/elfsight.com\/es\/wp-json\/wp\/v2\/types\/page"}],"author":[{"embeddable":true,"href":"https:\/\/elfsight.com\/es\/wp-json\/wp\/v2\/users\/9"}],"replies":[{"embeddable":true,"href":"https:\/\/elfsight.com\/es\/wp-json\/wp\/v2\/comments?post=8402"}],"version-history":[{"count":2,"href":"https:\/\/elfsight.com\/es\/wp-json\/wp\/v2\/pages\/8402\/revisions"}],"predecessor-version":[{"id":18539,"href":"https:\/\/elfsight.com\/es\/wp-json\/wp\/v2\/pages\/8402\/revisions\/18539"}],"up":[{"embeddable":true,"href":"https:\/\/elfsight.com\/es\/wp-json\/wp\/v2\/pages\/628"}],"wp:attachment":[{"href":"https:\/\/elfsight.com\/es\/wp-json\/wp\/v2\/media?parent=8402"}],"curies":[{"name":"wp","href":"https:\/\/api.w.org\/{rel}","templated":true}]}}