{"id":8397,"date":"1970-01-01T00:00:00","date_gmt":"1970-01-01T00:00:00","guid":{"rendered":"https:\/\/elfsight.com\/es\/?page_id=8397"},"modified":"2025-02-06T15:37:35","modified_gmt":"2025-02-06T15:37:35","slug":"shopify","status":"publish","type":"page","link":"https:\/\/elfsight.com\/es\/booking-reviews-widget\/shopify\/","title":{"rendered":"Booking Reviews &#8211; Shopify"},"content":{"rendered":"<div class=\"application-platform-content-item-description application-platform-content-item\" id=\"description\" data-nav-section=\"description\"> <h2>Incorporar Booking Reviews en Shopify con el widget de Elfsight<\/h2> <p>Si est\u00e1 buscando una manera de demostrar su alta calificaci\u00f3n y convencer a los visitantes del sitio de que su hotel o apartamento tiene una buena relaci\u00f3n calidad-precio, Elfsight Booking Reviews ser\u00e1 la elecci\u00f3n correcta. Con nuestro widget, eres libre de mostrar las opiniones de los clientes de Booking.com en tu sitio web con detalles sobre sus autores, filtrarlas para mostrar solo las mejores, agregar calificaciones y un bot\u00f3n activo que llevar\u00e1 a las personas a tu p\u00e1gina de Booking, donde podr\u00e1n agregar una nueva rese\u00f1a. <\/p> <div class=\"faq\" data-component=\"FAQ\"><div class=\"faq-item\">\r\n\t\t\t\t\t<div class=\"faq-item-question\">\r\n\t\t\t\t\t\t<h3 class=\"faq-item-question-text\">\u00bfD\u00f3nde puedo integrar este complemento?<\/h3>\r\n\r\n\t\t\t\t\t\t<div class=\"faq-item-question-icon\"><\/div>\r\n\t\t\t\t\t<\/div>\r\n\r\n\t\t\t\t\t<div class=\"faq-item-answer\">\r\n\t\t\t\t\t\t<div class=\"faq-item-answer-text\"> <p>Puedes agregar el widget a cualquier p\u00e1gina del sitio web o pegarlo en la plantilla del sitio, en este caso se publicar\u00e1 en todas las p\u00e1ginas. Las rese\u00f1as pueden funcionar bien en las p\u00e1ginas de productos o en la p\u00e1gina Acerca de nosotros, los lugares donde necesita demostrar su alta calificaci\u00f3n. <\/p> <\/div>\r\n\t\t\t\t\t<\/div>\r\n\t\t\t\t<\/div><div class=\"faq-item\">\r\n\t\t\t\t\t<div class=\"faq-item-question\">\r\n\t\t\t\t\t\t<h3 class=\"faq-item-question-text\">\u00bfC\u00f3mo podr\u00eda beneficiarme de esto?<\/h3>\r\n\r\n\t\t\t\t\t\t<div class=\"faq-item-question-icon\"><\/div>\r\n\t\t\t\t\t<\/div>\r\n\r\n\t\t\t\t\t<div class=\"faq-item-answer\">\r\n\t\t\t\t\t\t<div class=\"faq-item-answer-text\"> <p>Las rese\u00f1as de personas reales son absolutamente confiables para los visitantes de su sitio web y les demuestran que su empresa es un socio confiable. Una calificaci\u00f3n alta y excelentes cr\u00edticas pueden ayudar a impulsar las ventas en su sitio web. Adem\u00e1s, el bot\u00f3n de redireccionamiento puede contribuir a aumentar la cantidad de opiniones de clientes relacionadas con tu negocio en Booking. <\/p> <\/div>\r\n\t\t\t\t\t<\/div>\r\n\t\t\t\t<\/div> <div class=\"faq-item\">\r\n\t\t\t\t\t<div class=\"faq-item-question\">\r\n\t\t\t\t\t\t<h3 class=\"faq-item-question-text\">\u00bfC\u00f3mo puedo agregar rese\u00f1as de reservas en mi sitio web de Shopify?<\/h3>\r\n\r\n\t\t\t\t\t\t<div class=\"faq-item-question-icon\"><\/div>\r\n\t\t\t\t\t<\/div>\r\n\r\n\t\t\t\t\t<div class=\"faq-item-answer\">\r\n\t\t\t\t\t\t<div class=\"faq-item-answer-text\"> <p>Solo toma un minuto de tu tiempo tener el widget en funcionamiento. La integraci\u00f3n es realmente r\u00e1pida, gratuita y sin codificaci\u00f3n. <\/p> <ol><li>Puedes configurar el widget en tu sitio en nuestro servicio. Para ello deber\u00e1s aplicar las instrucciones que aparecen en esta p\u00e1gina. <\/li> <li>Las rese\u00f1as de reservas de Elfsight se pueden agregar directamente en nuestro servicio o a trav\u00e9s del mercado. Puedes comparar las ventajas de ambas variantes y elegir la tuya. <\/li> <\/ol> <\/div>\r\n\t\t\t\t\t<\/div>\r\n\t\t\t\t<\/div> <\/div> <\/div> <div class=\"application-platform-content-item-features application-platform-content-item\" id=\"features\" data-nav-section=\"features\"> <h2>Caracter\u00edsticas principales del widget Booking Reviews<\/h2> <p>Para comprender mejor Booking Reviews, aqu\u00ed tienes la lista de sus caracter\u00edsticas principales. Hacen que nuestro widget sea incre\u00edblemente efectivo para su negocio: <\/p> <ul> <li>Cuatro dise\u00f1os predefinidos: Lista, Cuadr\u00edcula, Mamposter\u00eda y Control deslizante; <\/li> <li> Encabezado intercambiable del widget; <\/li> <li>Dos escenarios alternativos despu\u00e9s del rechazo de la solicitud de revisi\u00f3n: mostrar un mensaje de texto u ocultar el bot\u00f3n. <\/li> <\/ul><p><a href=\"#demo\">Nuestra demostraci\u00f3n en vivo le abrir\u00e1 una lista completa de funciones<\/a><\/p> <\/div> <div class=\"application-platform-content-item-installation application-platform-content-item\" id=\"installation\" data-nav-section=\"installation\"> <h2>Aqu\u00ed se explica c\u00f3mo insertar las rese\u00f1as de reservas en su tienda Shopify<\/h2> <div class=\"video-container\"><iframe width=\"720\" height=\"405\" src=\"https:\/\/www.youtube.com\/embed\/tNiLv6RMLlc\" frameborder=\"0\"><\/iframe><\/div><p>Los siguientes pasos son lo \u00fanico que necesita para tener el widget en funcionamiento.<\/p> <ol><li><b>Utilice nuestro configurador gratuito y comience a darle forma a su aplicaci\u00f3n \u00fanica. <\/b><br> Determine la interfaz y los aspectos adecuados de la aplicaci\u00f3n y guarde todas las modificaciones. <\/li> <li><b>Adquiera el c\u00f3digo personal que se muestra en el cuadro de Elfsight Apps. <\/b><br> Cuando finalice la personalizaci\u00f3n de su aplicaci\u00f3n, copie el c\u00f3digo exclusivo de la ventana emergente que aparece y gu\u00e1rdelo para usarlo en el futuro. <\/li> <li><b>Empieza a usar la aplicaci\u00f3n en tu sitio web Shopify. <\/b><br> Introduce el c\u00f3digo que has guardado recientemente en tu p\u00e1gina web y guarda las modificaciones. <\/li> <li><b>La instalaci\u00f3n finaliz\u00f3 exitosamente. <\/b><br>Abre tu p\u00e1gina web para inspeccionar el rendimiento de la aplicaci\u00f3n. <\/li><\/ol><p>\u00bfA\u00fan dudas de algo? \u00bfO tienes consultas? Simplemente env\u00ede su solicitud a nuestro servicio de atenci\u00f3n al cliente y resolveremos cualquier tipo de pregunta. <\/p> <\/div>","protected":false},"excerpt":{"rendered":"","protected":false},"author":9,"featured_media":0,"parent":628,"menu_order":0,"comment_status":"closed","ping_status":"closed","template":"templates\/template-application-platform.php","meta":{"publish_to_discourse":"","publish_post_category":"","wpdc_auto_publish_overridden":"","wpdc_topic_tags":"","wpdc_pin_topic":"","wpdc_pin_until":"","discourse_post_id":"","discourse_permalink":"","wpdc_publishing_response":"","wpdc_publishing_error":"","footnotes":""},"class_list":["post-8397","page","type-page","status-publish","hentry"],"yoast_head":"<!-- This site is optimized with the Yoast SEO plugin v25.3.1 - https:\/\/yoast.com\/wordpress\/plugins\/seo\/ -->\n<title>Insertar rese\u00f1as de reservas en el sitio web de Shopify (2025)<\/title>\n<meta name=\"description\" content=\"Es perfectamente sencillo crear tu aplicaci\u00f3n Booking Reviews y colocarla en tu tienda Shopify. El servicio de atenci\u00f3n al cliente de Elfsight es gratuito.\" \/>\n<meta name=\"robots\" content=\"index, follow, max-snippet:-1, max-image-preview:large, max-video-preview:-1\" \/>\n<link rel=\"canonical\" href=\"https:\/\/elfsight.com\/es\/booking-reviews-widget\/shopify\/\" \/>\n<meta property=\"og:locale\" content=\"es_ES\" \/>\n<meta property=\"og:type\" content=\"article\" \/>\n<meta property=\"og:title\" content=\"Insertar rese\u00f1as de reservas en el sitio web de Shopify (2025)\" \/>\n<meta property=\"og:description\" content=\"Es perfectamente sencillo crear tu aplicaci\u00f3n Booking Reviews y colocarla en tu tienda Shopify. El servicio de atenci\u00f3n al cliente de Elfsight es gratuito.\" \/>\n<meta property=\"og:url\" content=\"https:\/\/elfsight.com\/es\/booking-reviews-widget\/shopify\/\" \/>\n<meta property=\"og:site_name\" content=\"Elfsight ES\" \/>\n<meta property=\"article:modified_time\" content=\"2025-02-06T15:37:35+00:00\" \/>\n<meta name=\"twitter:card\" content=\"summary_large_image\" \/>\n<meta name=\"twitter:label1\" content=\"Tiempo de lectura\" \/>\n\t<meta name=\"twitter:data1\" content=\"3 minutos\" \/>\n<!-- \/ Yoast SEO plugin. -->","yoast_head_json":{"title":"Insertar rese\u00f1as de reservas en el sitio web de Shopify (2025)","description":"Es perfectamente sencillo crear tu aplicaci\u00f3n Booking Reviews y colocarla en tu tienda Shopify. El servicio de atenci\u00f3n al cliente de Elfsight es gratuito.","robots":{"index":"index","follow":"follow","max-snippet":"max-snippet:-1","max-image-preview":"max-image-preview:large","max-video-preview":"max-video-preview:-1"},"canonical":"https:\/\/elfsight.com\/es\/booking-reviews-widget\/shopify\/","og_locale":"es_ES","og_type":"article","og_title":"Insertar rese\u00f1as de reservas en el sitio web de Shopify (2025)","og_description":"Es perfectamente sencillo crear tu aplicaci\u00f3n Booking Reviews y colocarla en tu tienda Shopify. El servicio de atenci\u00f3n al cliente de Elfsight es gratuito.","og_url":"https:\/\/elfsight.com\/es\/booking-reviews-widget\/shopify\/","og_site_name":"Elfsight ES","article_modified_time":"2025-02-06T15:37:35+00:00","twitter_card":"summary_large_image","twitter_misc":{"Tiempo de lectura":"3 minutos"},"schema":{"@context":"https:\/\/schema.org","@graph":[{"@type":"WebPage","@id":"https:\/\/elfsight.com\/es\/booking-reviews-widget\/shopify\/","url":"https:\/\/elfsight.com\/es\/booking-reviews-widget\/shopify\/","name":"Insertar rese\u00f1as de reservas en el sitio web de Shopify (2025)","isPartOf":{"@id":"https:\/\/elfsight.com\/es\/#website"},"datePublished":"1970-01-01T00:00:00+00:00","dateModified":"2025-02-06T15:37:35+00:00","description":"Es perfectamente sencillo crear tu aplicaci\u00f3n Booking Reviews y colocarla en tu tienda Shopify. El servicio de atenci\u00f3n al cliente de Elfsight es gratuito.","breadcrumb":{"@id":"https:\/\/elfsight.com\/es\/booking-reviews-widget\/shopify\/#breadcrumb"},"inLanguage":"es","potentialAction":[{"@type":"ReadAction","target":["https:\/\/elfsight.com\/es\/booking-reviews-widget\/shopify\/"]}]},{"@type":"BreadcrumbList","@id":"https:\/\/elfsight.com\/es\/booking-reviews-widget\/shopify\/#breadcrumb","itemListElement":[{"@type":"ListItem","position":1,"name":"Home","item":"https:\/\/elfsight.com\/es\/"},{"@type":"ListItem","position":2,"name":"Booking Reviews","item":"https:\/\/elfsight.com\/es\/booking-reviews-widget\/"},{"@type":"ListItem","position":3,"name":"Booking Reviews &#8211; Shopify"}]},{"@type":"WebSite","@id":"https:\/\/elfsight.com\/es\/#website","url":"https:\/\/elfsight.com\/es\/","name":"Elfsight ES","description":"Just another Elfsight Sites site","potentialAction":[{"@type":"SearchAction","target":{"@type":"EntryPoint","urlTemplate":"https:\/\/elfsight.com\/es\/?s={search_term_string}"},"query-input":{"@type":"PropertyValueSpecification","valueRequired":true,"valueName":"search_term_string"}}],"inLanguage":"es"}]}},"meta_box":{"industry":"","seo_heading":"","heading":"","description":"","cta_heading":"","cta_description":"","application":"627","h1":"Shopify Rese\u00f1as de Booking.com","h1_caption":"Publique los testimonios de sus clientes perfectos de Booking en su sitio","application_category":[],"applications_title":"","applications_request_title":"","applications_request_button_text":"","hero_text":"","hero_video":"","hero_video_schema_markup":"","selling_points_title":"","selling_points_caption":"","selling_points":[],"selling_points_cta_text":"","features_title":"","features":"","ed_cta_examples_text":"","ed_cta_examples_hidden":"","ed_cta_demo_text":"","ed_cta_demo_hidden":"","why_caption":"","why_editor_title":"","why_editor_text":"","why_team_title":"","why_team_text":"","why_service_title":"","why_service_text":"","template_catalog_visible":"","template_catalog_title":"","template_catalog_text":"","template_catalog_categories_visible":"","demo_title":"Crea tu aplicaci\u00f3n de Rese\u00f1as de Reservas","demo_caption":"\u00a1Configura tus rese\u00f1as de reservas y agr\u00e9galas a tu sitio web de Shopify gratis!","default_faq_hidden":"","app_template_category":[],"platform":"91","template_public_id":"","codecanyon_url":"","codecanyon_item_id":"","codecanyon_price":"","pricing_caption":"","pricing_elfsight_apps_hide_column":"","pricing_elfsight_apps_url":"","pricing_codecanyon_price_caption":"","integration_category":[],"integration_request_title":"","integration_request_cta":"","integration_platform":"","integrations":[],"platform_category":[],"video_schema_markup":"","price":"desde $0 \/ mes","trial":"","benefits":[{"text":"Servicio de instalaci\u00f3n gratuito"},{"text":"Soporte premium"},{"text":"Garant\u00eda de devoluci\u00f3n de dinero de 14 d\u00edas"},{"text":"Actualizaciones gratuitas continuas"}],"button_url":"#demo","button_target_blank":"","button_nofollow":"","attributes":[{"name":"Instalaciones","content":"10,000 - 100,000"},{"name":"Sensible","content":"S\u00ed"},{"name":"Navegadores compatibles","content":"Firefox, Safari, Opera, Chrome, Edge"}],"tags":[],"tags_disable_links":"","hide_more_platforms":"","video_object":"","demo_hide_cta":"","demo_hide_cloud_options":"","pricing_title":"","pricing":[{"pricing_icon":"cloud","pricing_title":"Elfsight Apps","pricing_title_caption":"Versi\u00f3n multiplataforma que funciona en cualquier sitio web.","pricing_price":"desde $0 \/ mes","pricing_price_caption":"comienza con el plan gratuito","pricing_benefits":[{"text":"Sitios web ilimitados"},{"text":"Soporte premium"},{"text":"Servicio de instalaci\u00f3n gratuito"},{"text":"Oferta especial para m\u00faltiples aplicaciones."}],"pricing_button_text":"A\u00f1adir al sitio web","pricing_button_url":"#demo"}],"related_apps_title":"","related_apps_hidden":"","author":"","image":[],"title":"","job":"","social_networks":[]},"_links":{"self":[{"href":"https:\/\/elfsight.com\/es\/wp-json\/wp\/v2\/pages\/8397","targetHints":{"allow":["GET"]}}],"collection":[{"href":"https:\/\/elfsight.com\/es\/wp-json\/wp\/v2\/pages"}],"about":[{"href":"https:\/\/elfsight.com\/es\/wp-json\/wp\/v2\/types\/page"}],"author":[{"embeddable":true,"href":"https:\/\/elfsight.com\/es\/wp-json\/wp\/v2\/users\/9"}],"replies":[{"embeddable":true,"href":"https:\/\/elfsight.com\/es\/wp-json\/wp\/v2\/comments?post=8397"}],"version-history":[{"count":2,"href":"https:\/\/elfsight.com\/es\/wp-json\/wp\/v2\/pages\/8397\/revisions"}],"predecessor-version":[{"id":18540,"href":"https:\/\/elfsight.com\/es\/wp-json\/wp\/v2\/pages\/8397\/revisions\/18540"}],"up":[{"embeddable":true,"href":"https:\/\/elfsight.com\/es\/wp-json\/wp\/v2\/pages\/628"}],"wp:attachment":[{"href":"https:\/\/elfsight.com\/es\/wp-json\/wp\/v2\/media?parent=8397"}],"curies":[{"name":"wp","href":"https:\/\/api.w.org\/{rel}","templated":true}]}}