{"id":8396,"date":"1970-01-01T00:00:00","date_gmt":"1970-01-01T00:00:00","guid":{"rendered":"https:\/\/elfsight.com\/es\/?page_id=8396"},"modified":"2025-02-06T15:37:35","modified_gmt":"2025-02-06T15:37:35","slug":"prestashop","status":"publish","type":"page","link":"https:\/\/elfsight.com\/es\/booking-reviews-widget\/prestashop\/","title":{"rendered":"Booking Reviews &#8211; PrestaShop"},"content":{"rendered":"<div class=\"application-platform-content-item-description application-platform-content-item\" id=\"description\" data-nav-section=\"description\"> <h2>Descripci\u00f3n<\/h2> <p>Elfsight Booking Reviews es una herramienta \u00fatil que le brinda la oportunidad de demostrar los testimonios sobre su mercanc\u00eda directamente en su sitio web desde todos los sitios de rese\u00f1as populares. A trav\u00e9s de nuestro complemento, podr\u00e1 aplicar filtros para ocultar los comentarios no deseados, mostrar su calificaci\u00f3n de estrellas y de n\u00fameros directamente desde su cuenta en cualquier p\u00e1gina web de rese\u00f1as de negocios, agregar datos sobre los creadores de las rese\u00f1as y adjuntar un llamado a la acci\u00f3n que provocar\u00e1 que los visitantes escriban sus pensamientos. La herramienta Rese\u00f1as de reservas le ayudar\u00e1 a mostrar su destacada prueba social en la p\u00e1gina web y empezar a recibir m\u00e1s compras nuevas. <\/p><p><b>\u00a1Empiece a aplicar Booking Reviews para alcanzar los picos de su negocio con menos esfuerzo! <\/b><\/p> <\/div> <div class=\"application-platform-content-item-features application-platform-content-item\" id=\"features\" data-nav-section=\"features\"> <h2>Las caracter\u00edsticas esenciales del widget incluyen<\/h2> <ul><li>Agregar rese\u00f1as de clientes desde la cuenta de Booking<\/li><li>3 tipos de filtros: excluir por, cantidad de rese\u00f1as y por tipo<\/li><li>Cuatro tipos de dise\u00f1o: control deslizante, cuadr\u00edcula, mamposter\u00eda y lista<\/li><li>tipos de navegaci\u00f3n con flechas y arrastres en el dise\u00f1o del control deslizante<\/li><li>Establezca la velocidad de reproducci\u00f3n autom\u00e1tica y la velocidad de la diapositiva<\/li><li>Seleccione el tipo de paginaci\u00f3n en el dise\u00f1o del control deslizante<\/li><li>Bot\u00f3n de llamada a la acci\u00f3n para obtener rese\u00f1as de nuevos usuarios en la p\u00e1gina de Reservas<\/li><li>3 plantillas de rese\u00f1as: Cl\u00e1sica, Destacada y Burbuja<\/li><li>6 elementos flexibles de las rese\u00f1as: fecha y recomendaci\u00f3n, calificaci\u00f3n con estrellas, nombre del autor, foto e \u00edcono de Reservas<\/li><li>Una opci\u00f3n para cambiar el tama\u00f1o de fuente del texto de la rese\u00f1a<\/li><\/ul><p><a href=\"#demo\">Simplemente pruebe esta demostraci\u00f3n para ver c\u00f3mo funciona<\/a><\/p> <\/div> <div class=\"application-platform-content-item-installation application-platform-content-item\" id=\"installation\" data-nav-section=\"installation\"> <h2>\u00bfC\u00f3mo puedo agregar Booking Reviews a mi sitio web PrestaShop? <\/h2> <p>Simplemente siga las pautas a continuaci\u00f3n para comenzar a usar el complemento. <\/p> <ol><li><b>Emplea nuestro editor gratuito y comienza a crear tu complemento personalizado. <\/b><br> Elija el aspecto y las caracter\u00edsticas funcionales adecuadas del widget y aplique las correcciones. <\/li> <li><b>Reciba su c\u00f3digo individual que se muestra en el formulario especial en Elfsight Apps. <\/b><br> Cuando finalice la generaci\u00f3n de su widget, copie el c\u00f3digo individual del cuadro que aparece y gu\u00e1rdelo para usarlo m\u00e1s adelante. <\/li> <li><b>Empiece a utilizar la herramienta en su sitio web PrestaShop. <\/b><br> Implemente el c\u00f3digo que copi\u00f3 recientemente en su p\u00e1gina web y guarde las modificaciones. <\/li> <li><b>\u00a1Ya terminaste! La incrustaci\u00f3n se realiza con \u00e9xito. <\/b><br>Visite su p\u00e1gina para ver en acci\u00f3n el trabajo del widget. <\/li><\/ol> <p>En caso de tener alg\u00fan obst\u00e1culo, no dudes en ponerte en contacto con nuestro personal de atenci\u00f3n al cliente. Nuestros consultores esperan resolver todos los problemas que pueda tener con la herramienta. <\/p> <div class=\"faq\" data-component=\"FAQ\"> <div class=\"faq-item\">\r\n\t\t\t\t\t<div class=\"faq-item-question\">\r\n\t\t\t\t\t\t<h3 class=\"faq-item-question-text\">\u00bfC\u00f3mo agregar Rese\u00f1as de Amazon a mi sitio web PrestaShop sin conocimientos de codificaci\u00f3n?<\/h3>\r\n\r\n\t\t\t\t\t\t<div class=\"faq-item-question-icon\"><\/div>\r\n\t\t\t\t\t<\/div>\r\n\r\n\t\t\t\t\t<div class=\"faq-item-answer\">\r\n\t\t\t\t\t\t<div class=\"faq-item-answer-text\"> <p>Elfsight proporciona una soluci\u00f3n SaaS que le permite crear un widget de Rese\u00f1as de Amazon usted mismo. Vea lo f\u00e1cil que es el proceso: trabaje directamente en el editor en l\u00ednea para crear un widget de Rese\u00f1as de Amazon que le gustar\u00eda ver en su sitio web de PrestaShop. Elija una de las plantillas predise\u00f1adas y ajuste la configuraci\u00f3n de Rese\u00f1as de Amazon, agregue su contenido, cambie el dise\u00f1o y los colores sin conocimientos de codificaci\u00f3n. Guarde las Rese\u00f1as de Amazon y copie su c\u00f3digo de instalaci\u00f3n, que puede incluir f\u00e1cilmente en su sitio web PrestaShop sin comprar un plan pago. Con nuestro editor intuitivo, cualquier usuario de Internet puede crear un widget de Rese\u00f1as de Amazon en l\u00ednea e incrustarlo f\u00e1cilmente en su sitio web PrestaShop. No es necesario pagar ni ingresar las credenciales de su tarjeta para acceder al servicio. Si tiene alg\u00fan problema en cualquier paso, no dude en ponerse en contacto con nuestro equipo de soporte t\u00e9cnico.<\/p> <\/div>\r\n\t\t\t\t\t<\/div>\r\n\t\t\t\t<\/div> <\/div> <\/div>","protected":false},"excerpt":{"rendered":"","protected":false},"author":9,"featured_media":0,"parent":628,"menu_order":0,"comment_status":"closed","ping_status":"closed","template":"templates\/template-application-platform.php","meta":{"publish_to_discourse":"","publish_post_category":"","wpdc_auto_publish_overridden":"","wpdc_topic_tags":"","wpdc_pin_topic":"","wpdc_pin_until":"","discourse_post_id":"","discourse_permalink":"","wpdc_publishing_response":"","wpdc_publishing_error":"","footnotes":""},"class_list":["post-8396","page","type-page","status-publish","hentry"],"yoast_head":"<!-- This site is optimized with the Yoast SEO plugin v25.3.1 - https:\/\/yoast.com\/wordpress\/plugins\/seo\/ -->\n<title>Insertar Rese\u00f1as de Reservas en el sitio web de PrestaShop (r\u00e1pido y f\u00e1cil)<\/title>\n<meta name=\"description\" content=\"Con Elfsight, d\u00e9 forma a sus Rese\u00f1as de Reservas y agr\u00e9guelas a su sitio web PrestaShop con facilidad. Tenemos soporte al cliente gratuito y m\u00e1s bonos.\" \/>\n<meta name=\"robots\" content=\"index, follow, max-snippet:-1, max-image-preview:large, max-video-preview:-1\" \/>\n<link rel=\"canonical\" href=\"https:\/\/elfsight.com\/es\/booking-reviews-widget\/prestashop\/\" \/>\n<meta property=\"og:locale\" content=\"es_ES\" \/>\n<meta property=\"og:type\" content=\"article\" \/>\n<meta property=\"og:title\" content=\"Insertar Rese\u00f1as de Reservas en el sitio web de PrestaShop (r\u00e1pido y f\u00e1cil)\" \/>\n<meta property=\"og:description\" content=\"Con Elfsight, d\u00e9 forma a sus Rese\u00f1as de Reservas y agr\u00e9guelas a su sitio web PrestaShop con facilidad. Tenemos soporte al cliente gratuito y m\u00e1s bonos.\" \/>\n<meta property=\"og:url\" content=\"https:\/\/elfsight.com\/es\/booking-reviews-widget\/prestashop\/\" \/>\n<meta property=\"og:site_name\" content=\"Elfsight ES\" \/>\n<meta property=\"article:modified_time\" content=\"2025-02-06T15:37:35+00:00\" \/>\n<meta name=\"twitter:card\" content=\"summary_large_image\" \/>\n<meta name=\"twitter:label1\" content=\"Tiempo de lectura\" \/>\n\t<meta name=\"twitter:data1\" content=\"4 minutos\" \/>\n<!-- \/ Yoast SEO plugin. -->","yoast_head_json":{"title":"Insertar Rese\u00f1as de Reservas en el sitio web de PrestaShop (r\u00e1pido y f\u00e1cil)","description":"Con Elfsight, d\u00e9 forma a sus Rese\u00f1as de Reservas y agr\u00e9guelas a su sitio web PrestaShop con facilidad. Tenemos soporte al cliente gratuito y m\u00e1s bonos.","robots":{"index":"index","follow":"follow","max-snippet":"max-snippet:-1","max-image-preview":"max-image-preview:large","max-video-preview":"max-video-preview:-1"},"canonical":"https:\/\/elfsight.com\/es\/booking-reviews-widget\/prestashop\/","og_locale":"es_ES","og_type":"article","og_title":"Insertar Rese\u00f1as de Reservas en el sitio web de PrestaShop (r\u00e1pido y f\u00e1cil)","og_description":"Con Elfsight, d\u00e9 forma a sus Rese\u00f1as de Reservas y agr\u00e9guelas a su sitio web PrestaShop con facilidad. Tenemos soporte al cliente gratuito y m\u00e1s bonos.","og_url":"https:\/\/elfsight.com\/es\/booking-reviews-widget\/prestashop\/","og_site_name":"Elfsight ES","article_modified_time":"2025-02-06T15:37:35+00:00","twitter_card":"summary_large_image","twitter_misc":{"Tiempo de lectura":"4 minutos"},"schema":{"@context":"https:\/\/schema.org","@graph":[{"@type":"WebPage","@id":"https:\/\/elfsight.com\/es\/booking-reviews-widget\/prestashop\/","url":"https:\/\/elfsight.com\/es\/booking-reviews-widget\/prestashop\/","name":"Insertar Rese\u00f1as de Reservas en el sitio web de PrestaShop (r\u00e1pido y f\u00e1cil)","isPartOf":{"@id":"https:\/\/elfsight.com\/es\/#website"},"datePublished":"1970-01-01T00:00:00+00:00","dateModified":"2025-02-06T15:37:35+00:00","description":"Con Elfsight, d\u00e9 forma a sus Rese\u00f1as de Reservas y agr\u00e9guelas a su sitio web PrestaShop con facilidad. Tenemos soporte al cliente gratuito y m\u00e1s bonos.","breadcrumb":{"@id":"https:\/\/elfsight.com\/es\/booking-reviews-widget\/prestashop\/#breadcrumb"},"inLanguage":"es","potentialAction":[{"@type":"ReadAction","target":["https:\/\/elfsight.com\/es\/booking-reviews-widget\/prestashop\/"]}]},{"@type":"BreadcrumbList","@id":"https:\/\/elfsight.com\/es\/booking-reviews-widget\/prestashop\/#breadcrumb","itemListElement":[{"@type":"ListItem","position":1,"name":"Home","item":"https:\/\/elfsight.com\/es\/"},{"@type":"ListItem","position":2,"name":"Booking Reviews","item":"https:\/\/elfsight.com\/es\/booking-reviews-widget\/"},{"@type":"ListItem","position":3,"name":"Booking Reviews &#8211; PrestaShop"}]},{"@type":"WebSite","@id":"https:\/\/elfsight.com\/es\/#website","url":"https:\/\/elfsight.com\/es\/","name":"Elfsight ES","description":"Just another Elfsight Sites site","potentialAction":[{"@type":"SearchAction","target":{"@type":"EntryPoint","urlTemplate":"https:\/\/elfsight.com\/es\/?s={search_term_string}"},"query-input":{"@type":"PropertyValueSpecification","valueRequired":true,"valueName":"search_term_string"}}],"inLanguage":"es"}]}},"meta_box":{"industry":"","seo_heading":"","heading":"","description":"","cta_heading":"","cta_description":"","application":"627","h1":"PrestaShop Booking.com Opiniones","h1_caption":"Aumente la confianza de los clientes publicando rese\u00f1as sobre su empresa directamente en su sitio web","application_category":[],"applications_title":"","applications_request_title":"","applications_request_button_text":"","hero_text":"","hero_video":"","hero_video_schema_markup":"","selling_points_title":"","selling_points_caption":"","selling_points":[],"selling_points_cta_text":"","features_title":"","features":"","ed_cta_examples_text":"","ed_cta_examples_hidden":"","ed_cta_demo_text":"","ed_cta_demo_hidden":"","why_caption":"","why_editor_title":"","why_editor_text":"","why_team_title":"","why_team_text":"","why_service_title":"","why_service_text":"","template_catalog_visible":"","template_catalog_title":"","template_catalog_text":"","template_catalog_categories_visible":"","demo_title":"Crea tu complemento Rese\u00f1as de reservas","demo_caption":"\u00a1Configura tus Rese\u00f1as de Reservas y agr\u00e9galas a tu sitio web PrestaShop gratis!","default_faq_hidden":"","app_template_category":[],"platform":"2250","template_public_id":"","codecanyon_url":"","codecanyon_item_id":"","codecanyon_price":"","pricing_caption":"","pricing_elfsight_apps_hide_column":"","pricing_elfsight_apps_url":"","pricing_codecanyon_price_caption":"","integration_category":[],"integration_request_title":"","integration_request_cta":"","integration_platform":"","integrations":[],"platform_category":[],"video_schema_markup":"","price":"desde $0 \/ mes","trial":"","benefits":[{"text":"Servicio de instalaci\u00f3n gratuito"},{"text":"Soporte premium"},{"text":"Garant\u00eda de devoluci\u00f3n de dinero de 14 d\u00edas"},{"text":"Actualizando constantemente"}],"button_url":"#demo","button_target_blank":"","button_nofollow":"","attributes":[{"name":"Instalaciones","content":"10,000 - 100,000"},{"name":"Sensible","content":"S\u00ed"},{"name":"Navegadores compatibles","content":"Firefox, Safari, Opera, Chrome, Edge"}],"tags":[],"tags_disable_links":"","hide_more_platforms":"","video_object":"","demo_hide_cta":"","demo_hide_cloud_options":"","pricing_title":"","pricing":[{"pricing_icon":"platform","pricing_title":"Elfsight Apps","pricing_title_caption":"Soluci\u00f3n multiplataforma","pricing_price":"desde $0 \/ mes","pricing_price_caption":"comienza con el plan gratuito","pricing_benefits":[{"text":"Sitios web ilimitados"},{"text":"Soporte profesional y puntual"},{"text":"Ayuda de instalaci\u00f3n gratuita"},{"text":"100% personalizable"}],"pricing_button_text":"A\u00f1adir al sitio web","pricing_button_url":"#demo"}],"related_apps_title":"","related_apps_hidden":"","author":"","image":[],"title":"","job":"","social_networks":[]},"_links":{"self":[{"href":"https:\/\/elfsight.com\/es\/wp-json\/wp\/v2\/pages\/8396","targetHints":{"allow":["GET"]}}],"collection":[{"href":"https:\/\/elfsight.com\/es\/wp-json\/wp\/v2\/pages"}],"about":[{"href":"https:\/\/elfsight.com\/es\/wp-json\/wp\/v2\/types\/page"}],"author":[{"embeddable":true,"href":"https:\/\/elfsight.com\/es\/wp-json\/wp\/v2\/users\/9"}],"replies":[{"embeddable":true,"href":"https:\/\/elfsight.com\/es\/wp-json\/wp\/v2\/comments?post=8396"}],"version-history":[{"count":2,"href":"https:\/\/elfsight.com\/es\/wp-json\/wp\/v2\/pages\/8396\/revisions"}],"predecessor-version":[{"id":18541,"href":"https:\/\/elfsight.com\/es\/wp-json\/wp\/v2\/pages\/8396\/revisions\/18541"}],"up":[{"embeddable":true,"href":"https:\/\/elfsight.com\/es\/wp-json\/wp\/v2\/pages\/628"}],"wp:attachment":[{"href":"https:\/\/elfsight.com\/es\/wp-json\/wp\/v2\/media?parent=8396"}],"curies":[{"name":"wp","href":"https:\/\/api.w.org\/{rel}","templated":true}]}}