{"id":8395,"date":"1970-01-01T00:00:00","date_gmt":"1970-01-01T00:00:00","guid":{"rendered":"https:\/\/elfsight.com\/es\/?page_id=8395"},"modified":"2025-02-06T15:37:43","modified_gmt":"2025-02-06T15:37:43","slug":"opencart","status":"publish","type":"page","link":"https:\/\/elfsight.com\/es\/booking-reviews-widget\/opencart\/","title":{"rendered":"Booking Reviews &#8211; OpenCart"},"content":{"rendered":"<div class=\"application-platform-content-item-description application-platform-content-item\" id=\"description\" data-nav-section=\"description\"> <h2>Descripci\u00f3n<\/h2> <p>Si est\u00e1 buscando una manera de demostrar su alta valoraci\u00f3n por parte de los clientes y convencer a los visitantes del sitio de que vale la pena visitar su alojamiento, Elfsight Booking Reviews har\u00e1 el trabajo. Con nuestra herramienta, podr\u00e1 colocar r\u00e1pidamente rese\u00f1as de clientes de Booking en su sitio web con informaci\u00f3n sobre sus autores, usar filtros para mostrar solo las positivas, agregar calificaciones y un bot\u00f3n de redireccionamiento que llevar\u00e1 a los usuarios a su p\u00e1gina de Booking para que puedan publicar una nueva rese\u00f1a. <\/p> <div class=\"faq\" data-component=\"FAQ\"><div class=\"faq-item\">\r\n\t\t\t\t\t<div class=\"faq-item-question\">\r\n\t\t\t\t\t\t<h3 class=\"faq-item-question-text\">\u00bfD\u00f3nde puedo insertar este complemento en mi sitio?<\/h3>\r\n\r\n\t\t\t\t\t\t<div class=\"faq-item-question-icon\"><\/div>\r\n\t\t\t\t\t<\/div>\r\n\r\n\t\t\t\t\t<div class=\"faq-item-answer\">\r\n\t\t\t\t\t\t<div class=\"faq-item-answer-text\"> <p>Puedes insertar el widget en cualquier p\u00e1gina de tu sitio web o colocarlo en la plantilla; en este caso, se mostrar\u00e1 en todas las p\u00e1ginas. Las rese\u00f1as funcionar\u00e1n bien en las p\u00e1ginas de productos o en la p\u00e1gina Acerca de nosotros, donde le gustar\u00eda mostrar su alta valoraci\u00f3n. <\/p> <\/div>\r\n\t\t\t\t\t<\/div>\r\n\t\t\t\t<\/div><div class=\"faq-item\">\r\n\t\t\t\t\t<div class=\"faq-item-question\">\r\n\t\t\t\t\t\t<h3 class=\"faq-item-question-text\">\u00bfC\u00f3mo puedo beneficiarme de las rese\u00f1as de reservas?<\/h3>\r\n\r\n\t\t\t\t\t\t<div class=\"faq-item-question-icon\"><\/div>\r\n\t\t\t\t\t<\/div>\r\n\r\n\t\t\t\t\t<div class=\"faq-item-answer\">\r\n\t\t\t\t\t\t<div class=\"faq-item-answer-text\"> <p>Las rese\u00f1as escritas por personas reales son absolutamente cre\u00edbles para los visitantes de su sitio web y les demuestran que se puede confiar en su empresa. Una calificaci\u00f3n alta y buenas cr\u00edticas pueden ayudar a fortalecer el nivel de ventas en su sitio web. Adem\u00e1s, el bot\u00f3n Activo puede contribuir a generar m\u00e1s opiniones de clientes sobre tu negocio en Booking. <\/p> <\/div>\r\n\t\t\t\t\t<\/div>\r\n\t\t\t\t<\/div> <div class=\"faq-item\">\r\n\t\t\t\t\t<div class=\"faq-item-question\">\r\n\t\t\t\t\t\t<h3 class=\"faq-item-question-text\">\u00bfQu\u00e9 necesito para agregar Rese\u00f1as de reservas a mi sitio web OpenCart?<\/h3>\r\n\r\n\t\t\t\t\t\t<div class=\"faq-item-question-icon\"><\/div>\r\n\t\t\t\t\t<\/div>\r\n\r\n\t\t\t\t\t<div class=\"faq-item-answer\">\r\n\t\t\t\t\t\t<div class=\"faq-item-answer-text\"> <p>Le tomar\u00e1 tres minutos de su tiempo configurar el widget. Agregar es s\u00faper r\u00e1pido, gratis y no requiere codificaci\u00f3n. <\/p> <ol><li>Puedes insertar Rese\u00f1as de Reservas en el sitio web de nuestro servicio. Para ello, debe seguir la breve descripci\u00f3n que aparece en esta p\u00e1gina. <\/li> <li>Las rese\u00f1as de reservas de Elfsight se pueden integrar a trav\u00e9s de nuestro servicio o a trav\u00e9s del mercado. Aqu\u00ed puede leer m\u00e1s detalles sobre las dos opciones y seleccionar una m\u00e1s adecuada. <\/li> <\/ol> <\/div>\r\n\t\t\t\t\t<\/div>\r\n\t\t\t\t<\/div> <\/div> <\/div> <div class=\"application-platform-content-item-features application-platform-content-item\" id=\"features\" data-nav-section=\"features\"> <h2>Caracter\u00edsticas<\/h2> <p>Para lograr una percepci\u00f3n m\u00e1s clara del widget, puede consultar la lista de sus funciones principales. Hacen que el widget sea eficiente para su negocio: <\/p> <ul> <li>4 dise\u00f1os predefinidos: Lista, Cuadr\u00edcula, Mamposter\u00eda y Control deslizante; <\/li> <li>El bot\u00f3n para solicitar una rese\u00f1a dirige a los visitantes a su p\u00e1gina de Reservas; <\/li> <li>6 elementos ajustables del widget: el nombre del autor y la imagen, texto de recomendaci\u00f3n, fecha, icono de reserva y calificaci\u00f3n de estrellas; <\/li> <\/ul><p><a href=\"#demo\">Conozca m\u00e1s funciones en la demostraci\u00f3n<\/a><\/p> <\/div> <div class=\"application-platform-content-item-installation application-platform-content-item\" id=\"installation\" data-nav-section=\"installation\"> <h2>Descubra c\u00f3mo incrustar las Rese\u00f1as de reservas en su p\u00e1gina OpenCart<\/h2> <p>Estas diversas acciones son lo \u00fanico que necesita realizar para incrustar el widget de Rese\u00f1as en su sitio. <\/p> <ol><li><b>Inicie nuestra demostraci\u00f3n gratuita y comience a darle forma a su extensi\u00f3n personalizada. <\/b><br> Encuentre la forma deseable y los rasgos funcionales de la extensi\u00f3n y guarde todas las correcciones. <\/li> <li><b>Adquiera su c\u00f3digo \u00fanico que se muestra en el cuadro de Elfsight Apps. <\/b><br> Una vez completado el establecimiento de su extensi\u00f3n, copie el c\u00f3digo personal de la ventana emergente que aparece y gu\u00e1rdelo para ocasiones posteriores. <\/li> <li><b>Comience a usar la extensi\u00f3n en el sitio OpenCart. <\/b><br> Incruste el c\u00f3digo que copi\u00f3 anteriormente en su sitio y aplique las ediciones. <\/li> <li><b>La instalaci\u00f3n se ha realizado por completo. <\/b><br>Ve a su p\u00e1gina web para ver el funcionamiento de la extensi\u00f3n. <\/li><\/ol><p>\u00bfA\u00fan no puedes decidirte? \u00bfO tener problemas? Simplemente env\u00ede su solicitud a nuestro equipo de soporte que lo ayudar\u00e1 con cada problema. <\/p> <\/div>","protected":false},"excerpt":{"rendered":"","protected":false},"author":9,"featured_media":0,"parent":628,"menu_order":0,"comment_status":"closed","ping_status":"closed","template":"templates\/template-application-platform.php","meta":{"publish_to_discourse":"","publish_post_category":"","wpdc_auto_publish_overridden":"","wpdc_topic_tags":"","wpdc_pin_topic":"","wpdc_pin_until":"","discourse_post_id":"","discourse_permalink":"","wpdc_publishing_response":"","wpdc_publishing_error":"","footnotes":""},"class_list":["post-8395","page","type-page","status-publish","hentry"],"yoast_head":"<!-- This site is optimized with the Yoast SEO plugin v25.3.1 - https:\/\/yoast.com\/wordpress\/plugins\/seo\/ -->\n<title>Insertar rese\u00f1as de reservas en el sitio web de OpenCart (gratis y r\u00e1pido)<\/title>\n<meta name=\"description\" content=\"Es perfectamente sencillo crear su extensi\u00f3n Booking Reviews y agregarla al sitio OpenCart. La atenci\u00f3n al cliente de Elfsight es gratuita.\" \/>\n<meta name=\"robots\" content=\"index, follow, max-snippet:-1, max-image-preview:large, max-video-preview:-1\" \/>\n<link rel=\"canonical\" href=\"https:\/\/elfsight.com\/es\/booking-reviews-widget\/opencart\/\" \/>\n<meta property=\"og:locale\" content=\"es_ES\" \/>\n<meta property=\"og:type\" content=\"article\" \/>\n<meta property=\"og:title\" content=\"Insertar rese\u00f1as de reservas en el sitio web de OpenCart (gratis y r\u00e1pido)\" \/>\n<meta property=\"og:description\" content=\"Es perfectamente sencillo crear su extensi\u00f3n Booking Reviews y agregarla al sitio OpenCart. La atenci\u00f3n al cliente de Elfsight es gratuita.\" \/>\n<meta property=\"og:url\" content=\"https:\/\/elfsight.com\/es\/booking-reviews-widget\/opencart\/\" \/>\n<meta property=\"og:site_name\" content=\"Elfsight ES\" \/>\n<meta property=\"article:modified_time\" content=\"2025-02-06T15:37:43+00:00\" \/>\n<meta name=\"twitter:card\" content=\"summary_large_image\" \/>\n<meta name=\"twitter:label1\" content=\"Tiempo de lectura\" \/>\n\t<meta name=\"twitter:data1\" content=\"3 minutos\" \/>\n<!-- \/ Yoast SEO plugin. -->","yoast_head_json":{"title":"Insertar rese\u00f1as de reservas en el sitio web de OpenCart (gratis y r\u00e1pido)","description":"Es perfectamente sencillo crear su extensi\u00f3n Booking Reviews y agregarla al sitio OpenCart. La atenci\u00f3n al cliente de Elfsight es gratuita.","robots":{"index":"index","follow":"follow","max-snippet":"max-snippet:-1","max-image-preview":"max-image-preview:large","max-video-preview":"max-video-preview:-1"},"canonical":"https:\/\/elfsight.com\/es\/booking-reviews-widget\/opencart\/","og_locale":"es_ES","og_type":"article","og_title":"Insertar rese\u00f1as de reservas en el sitio web de OpenCart (gratis y r\u00e1pido)","og_description":"Es perfectamente sencillo crear su extensi\u00f3n Booking Reviews y agregarla al sitio OpenCart. La atenci\u00f3n al cliente de Elfsight es gratuita.","og_url":"https:\/\/elfsight.com\/es\/booking-reviews-widget\/opencart\/","og_site_name":"Elfsight ES","article_modified_time":"2025-02-06T15:37:43+00:00","twitter_card":"summary_large_image","twitter_misc":{"Tiempo de lectura":"3 minutos"},"schema":{"@context":"https:\/\/schema.org","@graph":[{"@type":"WebPage","@id":"https:\/\/elfsight.com\/es\/booking-reviews-widget\/opencart\/","url":"https:\/\/elfsight.com\/es\/booking-reviews-widget\/opencart\/","name":"Insertar rese\u00f1as de reservas en el sitio web de OpenCart (gratis y r\u00e1pido)","isPartOf":{"@id":"https:\/\/elfsight.com\/es\/#website"},"datePublished":"1970-01-01T00:00:00+00:00","dateModified":"2025-02-06T15:37:43+00:00","description":"Es perfectamente sencillo crear su extensi\u00f3n Booking Reviews y agregarla al sitio OpenCart. La atenci\u00f3n al cliente de Elfsight es gratuita.","breadcrumb":{"@id":"https:\/\/elfsight.com\/es\/booking-reviews-widget\/opencart\/#breadcrumb"},"inLanguage":"es","potentialAction":[{"@type":"ReadAction","target":["https:\/\/elfsight.com\/es\/booking-reviews-widget\/opencart\/"]}]},{"@type":"BreadcrumbList","@id":"https:\/\/elfsight.com\/es\/booking-reviews-widget\/opencart\/#breadcrumb","itemListElement":[{"@type":"ListItem","position":1,"name":"Home","item":"https:\/\/elfsight.com\/es\/"},{"@type":"ListItem","position":2,"name":"Booking Reviews","item":"https:\/\/elfsight.com\/es\/booking-reviews-widget\/"},{"@type":"ListItem","position":3,"name":"Booking Reviews &#8211; OpenCart"}]},{"@type":"WebSite","@id":"https:\/\/elfsight.com\/es\/#website","url":"https:\/\/elfsight.com\/es\/","name":"Elfsight ES","description":"Just another Elfsight Sites site","potentialAction":[{"@type":"SearchAction","target":{"@type":"EntryPoint","urlTemplate":"https:\/\/elfsight.com\/es\/?s={search_term_string}"},"query-input":{"@type":"PropertyValueSpecification","valueRequired":true,"valueName":"search_term_string"}}],"inLanguage":"es"}]}},"meta_box":{"industry":"","seo_heading":"","heading":"","description":"","cta_heading":"","cta_description":"","application":"627","h1":"Opiniones de OpenCart Booking.com","h1_caption":"Inserta las opiniones m\u00e1s atractivas de los clientes de Booking en tu sitio web","application_category":[],"applications_title":"","applications_request_title":"","applications_request_button_text":"","hero_text":"","hero_video":"","hero_video_schema_markup":"","selling_points_title":"","selling_points_caption":"","selling_points":[],"selling_points_cta_text":"","features_title":"","features":"","ed_cta_examples_text":"","ed_cta_examples_hidden":"","ed_cta_demo_text":"","ed_cta_demo_hidden":"","why_caption":"","why_editor_title":"","why_editor_text":"","why_team_title":"","why_team_text":"","why_service_title":"","why_service_text":"","template_catalog_visible":"","template_catalog_title":"","template_catalog_text":"","template_catalog_categories_visible":"","demo_title":"Crea tu extensi\u00f3n Booking Reviews","demo_caption":"\u00a1Configure sus Rese\u00f1as de Reservas y agr\u00e9guelas a su sitio web OpenCart de forma gratuita!","default_faq_hidden":"","app_template_category":[],"platform":"88","template_public_id":"","codecanyon_url":"","codecanyon_item_id":"","codecanyon_price":"","pricing_caption":"","pricing_elfsight_apps_hide_column":"","pricing_elfsight_apps_url":"","pricing_codecanyon_price_caption":"","integration_category":[],"integration_request_title":"","integration_request_cta":"","integration_platform":"","integrations":[],"platform_category":[],"video_schema_markup":"","price":"desde $0 \/ mes","trial":"","benefits":[{"text":"Servicio de instalaci\u00f3n gratuito"},{"text":"Atenci\u00f3n al cliente experimentada"},{"text":"Garant\u00eda de reembolso de 14 d\u00edas"},{"text":"Actualizaciones futuras"}],"button_url":"#demo","button_target_blank":"","button_nofollow":"","attributes":[{"name":"Instalaciones","content":"10,000 - 100,000"},{"name":"Sensible","content":"S\u00ed"},{"name":"Navegadores compatibles","content":"Safari, Opera, Edge, Chrome, Firefox"}],"tags":[],"tags_disable_links":"","hide_more_platforms":"","video_object":"","demo_hide_cta":"","demo_hide_cloud_options":"","pricing_title":"","pricing":[{"pricing_icon":"platform","pricing_title":"Elfsight Apps","pricing_title_caption":"Soluci\u00f3n digital multiplataforma que funciona en cualquier sitio web","pricing_price":"desde $0 \/ mes","pricing_price_caption":"comienza con el plan gratuito","pricing_benefits":[{"text":"Dominios ilimitados"},{"text":"Soporte profesional y puntual"},{"text":"Ayuda de instalaci\u00f3n gratuita"},{"text":"100% personalizable"}],"pricing_button_text":"A\u00f1adir al sitio web","pricing_button_url":"#demo"}],"related_apps_title":"","related_apps_hidden":"","author":"","image":[],"title":"","job":"","social_networks":[]},"_links":{"self":[{"href":"https:\/\/elfsight.com\/es\/wp-json\/wp\/v2\/pages\/8395","targetHints":{"allow":["GET"]}}],"collection":[{"href":"https:\/\/elfsight.com\/es\/wp-json\/wp\/v2\/pages"}],"about":[{"href":"https:\/\/elfsight.com\/es\/wp-json\/wp\/v2\/types\/page"}],"author":[{"embeddable":true,"href":"https:\/\/elfsight.com\/es\/wp-json\/wp\/v2\/users\/9"}],"replies":[{"embeddable":true,"href":"https:\/\/elfsight.com\/es\/wp-json\/wp\/v2\/comments?post=8395"}],"version-history":[{"count":2,"href":"https:\/\/elfsight.com\/es\/wp-json\/wp\/v2\/pages\/8395\/revisions"}],"predecessor-version":[{"id":18542,"href":"https:\/\/elfsight.com\/es\/wp-json\/wp\/v2\/pages\/8395\/revisions\/18542"}],"up":[{"embeddable":true,"href":"https:\/\/elfsight.com\/es\/wp-json\/wp\/v2\/pages\/628"}],"wp:attachment":[{"href":"https:\/\/elfsight.com\/es\/wp-json\/wp\/v2\/media?parent=8395"}],"curies":[{"name":"wp","href":"https:\/\/api.w.org\/{rel}","templated":true}]}}