{"id":8389,"date":"1970-01-01T00:00:00","date_gmt":"1970-01-01T00:00:00","guid":{"rendered":"https:\/\/elfsight.com\/es\/?page_id=8389"},"modified":"2025-02-06T15:37:43","modified_gmt":"2025-02-06T15:37:43","slug":"magento","status":"publish","type":"page","link":"https:\/\/elfsight.com\/es\/booking-reviews-widget\/magento\/","title":{"rendered":"Booking Reviews &#8211; Magento"},"content":{"rendered":"<div class=\"application-platform-content-item-description application-platform-content-item\" id=\"description\" data-nav-section=\"description\"> <h2>Descripci\u00f3n<\/h2> <p>Elfsight Booking Reviews es una herramienta \u00fatil que le permite insertar en su sitio web rese\u00f1as sobre sus ofertas de los usuarios de Booking. Con nuestro widget, podr\u00e1 aplicar filtros para clasificar rese\u00f1as no deseadas, presumir de sus calificaciones de estrellas y n\u00fameros de Booking, agregar informaci\u00f3n sobre los autores e integrar un bot\u00f3n que redirigir\u00e1 a los visitantes para que publiquen una rese\u00f1a m\u00e1s en Booking. El widget Elfsight Booking Reviews le ayudar\u00e1 a mostrar su alta prueba social en el sitio y aumentar las ventas. <\/p> <div class=\"faq\" data-component=\"FAQ\"><div class=\"faq-item\">\r\n\t\t\t\t\t<div class=\"faq-item-question\">\r\n\t\t\t\t\t\t<h3 class=\"faq-item-question-text\">\u00bfD\u00f3nde en mi sitio puedo insertar este complemento?<\/h3>\r\n\r\n\t\t\t\t\t\t<div class=\"faq-item-question-icon\"><\/div>\r\n\t\t\t\t\t<\/div>\r\n\r\n\t\t\t\t\t<div class=\"faq-item-answer\">\r\n\t\t\t\t\t\t<div class=\"faq-item-answer-text\"> <p>El widget se puede mostrar en cualquier p\u00e1gina donde desee demostrar su alta valoraci\u00f3n y popularidad entre los clientes. Si lo necesita en todas las p\u00e1ginas del sitio, simplemente puede insertarlo en la plantilla del sitio web. <\/p> <\/div>\r\n\t\t\t\t\t<\/div>\r\n\t\t\t\t<\/div><div class=\"faq-item\">\r\n\t\t\t\t\t<div class=\"faq-item-question\">\r\n\t\t\t\t\t\t<h3 class=\"faq-item-question-text\">\u00bfCu\u00e1les son las ventajas de tener este complemento para m\u00ed?<\/h3>\r\n\r\n\t\t\t\t\t\t<div class=\"faq-item-question-icon\"><\/div>\r\n\t\t\t\t\t<\/div>\r\n\r\n\t\t\t\t\t<div class=\"faq-item-answer\">\r\n\t\t\t\t\t\t<div class=\"faq-item-answer-text\"> <p>Las rese\u00f1as de personas reales parecen impecablemente cre\u00edbles para los clientes de su sitio web y les indican que su empresa es confiable. Las calificaciones altas y las impresiones positivas pueden ayudar a aumentar las compras en su sitio. Adem\u00e1s, el bot\u00f3n de redireccionamiento puede contribuir a que haya m\u00e1s opiniones de clientes relacionadas con tu negocio en Booking. <\/p> <\/div>\r\n\t\t\t\t\t<\/div>\r\n\t\t\t\t<\/div> <div class=\"faq-item\">\r\n\t\t\t\t\t<div class=\"faq-item-question\">\r\n\t\t\t\t\t\t<h3 class=\"faq-item-question-text\">\u00bfC\u00f3mo agrego Rese\u00f1as de reservas a mi sitio web Magento?<\/h3>\r\n\r\n\t\t\t\t\t\t<div class=\"faq-item-question-icon\"><\/div>\r\n\t\t\t\t\t<\/div>\r\n\r\n\t\t\t\t\t<div class=\"faq-item-answer\">\r\n\t\t\t\t\t\t<div class=\"faq-item-answer-text\"> <p>Solo necesitar\u00e1s tres minutos de tu tiempo para tener el widget en funcionamiento. La integraci\u00f3n es s\u00faper r\u00e1pida, gratuita y sin codificaci\u00f3n. <\/p> <ol><li>Existe una opci\u00f3n para introducir el widget en el sitio a trav\u00e9s de nuestro servicio. Para ello, siga los pasos de la breve descripci\u00f3n que aparece en esta p\u00e1gina. <\/li> <li>El widget se puede integrar directamente en nuestro servicio o a trav\u00e9s del mercado. Aqu\u00ed puedes ver m\u00e1s de estas opciones y seleccionar la tuya. <\/li> <\/ol> <\/div>\r\n\t\t\t\t\t<\/div>\r\n\t\t\t\t<\/div> <\/div> <\/div> <div class=\"application-platform-content-item-features application-platform-content-item\" id=\"features\" data-nav-section=\"features\"> <h2>Caracter\u00edsticas<\/h2> <p>Para tener una percepci\u00f3n m\u00e1s clara de Booking Reviews, descubre la lista de las principales caracter\u00edsticas. Hacen que este widget sea lo m\u00e1s eficiente posible para usted:<\/p> <ul> <li>Cuatro dise\u00f1os: Lista, Cuadr\u00edcula, Mamposter\u00eda y Control deslizante; <\/li> <li>Una opci\u00f3n para controlar la visualizaci\u00f3n del encabezado del widget; <\/li> <li>Dos opciones de escenarios despu\u00e9s del rechazo de la solicitud de revisi\u00f3n: revelar su mensaje u ocultar el bot\u00f3n.<\/li> <\/ul><p><a href=\"#demo\">Conozca todas las funciones en una demostraci\u00f3n en vivo<\/a><\/p><\/div> <div class=\"application-platform-content-item-installation application-platform-content-item\" id=\"installation\" data-nav-section=\"installation\"> <h2>Veamos c\u00f3mo agregar Booking Reviews a su tienda Magento<\/h2> <p>Los siguientes pasos son lo \u00fanico que necesita para integrar.<\/p> <ol><li><b>Emplee nuestro configurador gratuito y comience a crear su extensi\u00f3n de Rese\u00f1as personalizada. <\/b><br> Elija la disposici\u00f3n deseada y las caracter\u00edsticas funcionales de la extensi\u00f3n y guarde todas las modificaciones. <\/li> <li><b>Obtenga el c\u00f3digo individual revelado en la ventana de Elfsight Apps. <\/b><br> Inmediatamente despu\u00e9s de crear su extensi\u00f3n personal, copie el c\u00f3digo personal de la ventana emergente que aparece y gu\u00e1rdelo para futuras necesidades. <\/li> <li><b>Inicie la aplicaci\u00f3n de la extensi\u00f3n en su sitio Magento. <\/b><br> Incruste el c\u00f3digo que copi\u00f3 anteriormente en su sitio y aplique las mejoras. <\/li> <li><b>\u00a1Ya terminaste! La configuraci\u00f3n est\u00e1 completamente realizada. <\/b><br>Visita su p\u00e1gina web para comprobar c\u00f3mo funciona la extensi\u00f3n. <\/li><\/ol><p>\u00bfA\u00fan no puedes decidirte? \u00bfO experimentando problemas? Una sola petici\u00f3n a nuestro servicio de atenci\u00f3n al cliente solucionar\u00e1 cualquier tipo de problema. <\/p> <\/div>","protected":false},"excerpt":{"rendered":"","protected":false},"author":9,"featured_media":0,"parent":628,"menu_order":0,"comment_status":"closed","ping_status":"closed","template":"templates\/template-application-platform.php","meta":{"publish_to_discourse":"","publish_post_category":"","wpdc_auto_publish_overridden":"","wpdc_topic_tags":"","wpdc_pin_topic":"","wpdc_pin_until":"","discourse_post_id":"","discourse_permalink":"","wpdc_publishing_response":"","wpdc_publishing_error":"","footnotes":""},"class_list":["post-8389","page","type-page","status-publish","hentry"],"yoast_head":"<!-- This site is optimized with the Yoast SEO plugin v25.3.1 - https:\/\/yoast.com\/wordpress\/plugins\/seo\/ -->\n<title>Insertar rese\u00f1as de reservas en el sitio web de Magento (2025)<\/title>\n<meta name=\"description\" content=\"Con Elfsight, d\u00e9 forma a su extensi\u00f3n Booking Reviews e ins\u00e9rtela en su sitio web Magento r\u00e1pidamente. Contamos con atenci\u00f3n al cliente gratuita y m\u00e1s bonos.\" \/>\n<meta name=\"robots\" content=\"index, follow, max-snippet:-1, max-image-preview:large, max-video-preview:-1\" \/>\n<link rel=\"canonical\" href=\"https:\/\/elfsight.com\/es\/booking-reviews-widget\/magento\/\" \/>\n<meta property=\"og:locale\" content=\"es_ES\" \/>\n<meta property=\"og:type\" content=\"article\" \/>\n<meta property=\"og:title\" content=\"Insertar rese\u00f1as de reservas en el sitio web de Magento (2025)\" \/>\n<meta property=\"og:description\" content=\"Con Elfsight, d\u00e9 forma a su extensi\u00f3n Booking Reviews e ins\u00e9rtela en su sitio web Magento r\u00e1pidamente. Contamos con atenci\u00f3n al cliente gratuita y m\u00e1s bonos.\" \/>\n<meta property=\"og:url\" content=\"https:\/\/elfsight.com\/es\/booking-reviews-widget\/magento\/\" \/>\n<meta property=\"og:site_name\" content=\"Elfsight ES\" \/>\n<meta property=\"article:modified_time\" content=\"2025-02-06T15:37:43+00:00\" \/>\n<meta name=\"twitter:card\" content=\"summary_large_image\" \/>\n<meta name=\"twitter:label1\" content=\"Tiempo de lectura\" \/>\n\t<meta name=\"twitter:data1\" content=\"3 minutos\" \/>\n<!-- \/ Yoast SEO plugin. -->","yoast_head_json":{"title":"Insertar rese\u00f1as de reservas en el sitio web de Magento (2025)","description":"Con Elfsight, d\u00e9 forma a su extensi\u00f3n Booking Reviews e ins\u00e9rtela en su sitio web Magento r\u00e1pidamente. Contamos con atenci\u00f3n al cliente gratuita y m\u00e1s bonos.","robots":{"index":"index","follow":"follow","max-snippet":"max-snippet:-1","max-image-preview":"max-image-preview:large","max-video-preview":"max-video-preview:-1"},"canonical":"https:\/\/elfsight.com\/es\/booking-reviews-widget\/magento\/","og_locale":"es_ES","og_type":"article","og_title":"Insertar rese\u00f1as de reservas en el sitio web de Magento (2025)","og_description":"Con Elfsight, d\u00e9 forma a su extensi\u00f3n Booking Reviews e ins\u00e9rtela en su sitio web Magento r\u00e1pidamente. Contamos con atenci\u00f3n al cliente gratuita y m\u00e1s bonos.","og_url":"https:\/\/elfsight.com\/es\/booking-reviews-widget\/magento\/","og_site_name":"Elfsight ES","article_modified_time":"2025-02-06T15:37:43+00:00","twitter_card":"summary_large_image","twitter_misc":{"Tiempo de lectura":"3 minutos"},"schema":{"@context":"https:\/\/schema.org","@graph":[{"@type":"WebPage","@id":"https:\/\/elfsight.com\/es\/booking-reviews-widget\/magento\/","url":"https:\/\/elfsight.com\/es\/booking-reviews-widget\/magento\/","name":"Insertar rese\u00f1as de reservas en el sitio web de Magento (2025)","isPartOf":{"@id":"https:\/\/elfsight.com\/es\/#website"},"datePublished":"1970-01-01T00:00:00+00:00","dateModified":"2025-02-06T15:37:43+00:00","description":"Con Elfsight, d\u00e9 forma a su extensi\u00f3n Booking Reviews e ins\u00e9rtela en su sitio web Magento r\u00e1pidamente. Contamos con atenci\u00f3n al cliente gratuita y m\u00e1s bonos.","breadcrumb":{"@id":"https:\/\/elfsight.com\/es\/booking-reviews-widget\/magento\/#breadcrumb"},"inLanguage":"es","potentialAction":[{"@type":"ReadAction","target":["https:\/\/elfsight.com\/es\/booking-reviews-widget\/magento\/"]}]},{"@type":"BreadcrumbList","@id":"https:\/\/elfsight.com\/es\/booking-reviews-widget\/magento\/#breadcrumb","itemListElement":[{"@type":"ListItem","position":1,"name":"Home","item":"https:\/\/elfsight.com\/es\/"},{"@type":"ListItem","position":2,"name":"Booking Reviews","item":"https:\/\/elfsight.com\/es\/booking-reviews-widget\/"},{"@type":"ListItem","position":3,"name":"Booking Reviews &#8211; Magento"}]},{"@type":"WebSite","@id":"https:\/\/elfsight.com\/es\/#website","url":"https:\/\/elfsight.com\/es\/","name":"Elfsight ES","description":"Just another Elfsight Sites site","potentialAction":[{"@type":"SearchAction","target":{"@type":"EntryPoint","urlTemplate":"https:\/\/elfsight.com\/es\/?s={search_term_string}"},"query-input":{"@type":"PropertyValueSpecification","valueRequired":true,"valueName":"search_term_string"}}],"inLanguage":"es"}]}},"meta_box":{"industry":"","seo_heading":"","heading":"","description":"","cta_heading":"","cta_description":"","application":"627","h1":"Magento Booking.com Opiniones","h1_caption":"Muestre las mejores impresiones de los clientes de Booking en su sitio","application_category":[],"applications_title":"","applications_request_title":"","applications_request_button_text":"","hero_text":"","hero_video":"","hero_video_schema_markup":"","selling_points_title":"","selling_points_caption":"","selling_points":[],"selling_points_cta_text":"","features_title":"","features":"","ed_cta_examples_text":"","ed_cta_examples_hidden":"","ed_cta_demo_text":"","ed_cta_demo_hidden":"","why_caption":"","why_editor_title":"","why_editor_text":"","why_team_title":"","why_team_text":"","why_service_title":"","why_service_text":"","template_catalog_visible":"","template_catalog_title":"","template_catalog_text":"","template_catalog_categories_visible":"","demo_title":"Crea tu extensi\u00f3n Booking Reviews","demo_caption":"\u00a1Configure sus Rese\u00f1as de Reservas y agr\u00e9guelas a su sitio web Magento de forma gratuita!","default_faq_hidden":"","app_template_category":[],"platform":"82","template_public_id":"","codecanyon_url":"","codecanyon_item_id":"","codecanyon_price":"","pricing_caption":"","pricing_elfsight_apps_hide_column":"","pricing_elfsight_apps_url":"","pricing_codecanyon_price_caption":"","integration_category":[],"integration_request_title":"","integration_request_cta":"","integration_platform":"","integrations":[],"platform_category":[],"video_schema_markup":"","price":"desde $0 \/ mes","trial":"","benefits":[{"text":"Servicio de instalaci\u00f3n gratuito"},{"text":"Servicio al cliente eficaz"},{"text":"Garant\u00eda de reembolso de 14 d\u00edas"},{"text":"Mejoras continuas y gratuitas"}],"button_url":"#demo","button_target_blank":"","button_nofollow":"","attributes":[{"name":"Instalaciones","content":"10,000 - 100,000"},{"name":"Sensible","content":"S\u00ed"},{"name":"Navegadores compatibles","content":"Firefox, Safari, Opera, Chrome, Edge"}],"tags":[],"tags_disable_links":"","hide_more_platforms":"","video_object":"","demo_hide_cta":"","demo_hide_cloud_options":"","pricing_title":"","pricing":[{"pricing_icon":"platform","pricing_title":"Elfsight Apps","pricing_title_caption":"Software independiente de la plataforma que funciona en cualquier sitio","pricing_price":"desde $0 \/ mes","pricing_price_caption":"comienza con un plan gratuito","pricing_benefits":[{"text":"Dominios ilimitados"},{"text":"Atenci\u00f3n al cliente gratuita"},{"text":"Servicio de instalaci\u00f3n gratuito"},{"text":"Dise\u00f1o flexible"}],"pricing_button_text":"A\u00f1adir al sitio web","pricing_button_url":"#demo"}],"related_apps_title":"","related_apps_hidden":"","author":"","image":[],"title":"","job":"","social_networks":[]},"_links":{"self":[{"href":"https:\/\/elfsight.com\/es\/wp-json\/wp\/v2\/pages\/8389","targetHints":{"allow":["GET"]}}],"collection":[{"href":"https:\/\/elfsight.com\/es\/wp-json\/wp\/v2\/pages"}],"about":[{"href":"https:\/\/elfsight.com\/es\/wp-json\/wp\/v2\/types\/page"}],"author":[{"embeddable":true,"href":"https:\/\/elfsight.com\/es\/wp-json\/wp\/v2\/users\/9"}],"replies":[{"embeddable":true,"href":"https:\/\/elfsight.com\/es\/wp-json\/wp\/v2\/comments?post=8389"}],"version-history":[{"count":2,"href":"https:\/\/elfsight.com\/es\/wp-json\/wp\/v2\/pages\/8389\/revisions"}],"predecessor-version":[{"id":18544,"href":"https:\/\/elfsight.com\/es\/wp-json\/wp\/v2\/pages\/8389\/revisions\/18544"}],"up":[{"embeddable":true,"href":"https:\/\/elfsight.com\/es\/wp-json\/wp\/v2\/pages\/628"}],"wp:attachment":[{"href":"https:\/\/elfsight.com\/es\/wp-json\/wp\/v2\/media?parent=8389"}],"curies":[{"name":"wp","href":"https:\/\/api.w.org\/{rel}","templated":true}]}}