{"id":8387,"date":"1970-01-01T00:00:00","date_gmt":"1970-01-01T00:00:00","guid":{"rendered":"https:\/\/elfsight.com\/es\/?page_id=8387"},"modified":"2025-02-06T15:37:52","modified_gmt":"2025-02-06T15:37:52","slug":"jquery","status":"publish","type":"page","link":"https:\/\/elfsight.com\/es\/booking-reviews-widget\/jquery\/","title":{"rendered":"Booking Reviews &#8211; jQuery"},"content":{"rendered":"<div class=\"application-platform-content-item-description application-platform-content-item\" id=\"description\" data-nav-section=\"description\"> <h2>Descripci\u00f3n<\/h2> <p>Si est\u00e1 buscando una manera de presumir de su alta calificaci\u00f3n y convencer a los visitantes del sitio de que vale la pena visitar su lugar, Elfsight Booking Reviews es adecuado para usted. Con nuestra herramienta, insertar\u00e1 r\u00e1pidamente rese\u00f1as de clientes de Booking en su sitio con informaci\u00f3n sobre sus autores, usar\u00e1 filtros para revelar solo las buenas, agregar\u00e1 calificaciones y un bot\u00f3n activo, que llevar\u00e1 a los usuarios a su cuenta de Booking, donde podr\u00e1n publicar sus rese\u00f1as. <\/p> <div class=\"faq\" data-component=\"FAQ\"><div class=\"faq-item\">\r\n\t\t\t\t\t<div class=\"faq-item-question\">\r\n\t\t\t\t\t\t<h3 class=\"faq-item-question-text\">\u00bfD\u00f3nde puedo instalar este complemento?<\/h3>\r\n\r\n\t\t\t\t\t\t<div class=\"faq-item-question-icon\"><\/div>\r\n\t\t\t\t\t<\/div>\r\n\r\n\t\t\t\t\t<div class=\"faq-item-answer\">\r\n\t\t\t\t\t\t<div class=\"faq-item-answer-text\"> <p>Nuestro widget se puede insertar en cualquier p\u00e1gina donde desee presumir de su gran reconocimiento y popularidad entre los clientes. Si desea publicar el widget en todas las p\u00e1ginas de su sitio, puede agregarlo f\u00e1cilmente a la plantilla del sitio web. <\/p> <\/div>\r\n\t\t\t\t\t<\/div>\r\n\t\t\t\t<\/div><div class=\"faq-item\">\r\n\t\t\t\t\t<div class=\"faq-item-question\">\r\n\t\t\t\t\t\t<h3 class=\"faq-item-question-text\">\u00bfC\u00f3mo podr\u00eda beneficiarme del widget?<\/h3>\r\n\r\n\t\t\t\t\t\t<div class=\"faq-item-question-icon\"><\/div>\r\n\t\t\t\t\t<\/div>\r\n\r\n\t\t\t\t\t<div class=\"faq-item-answer\">\r\n\t\t\t\t\t\t<div class=\"faq-item-answer-text\"> <p>Las rese\u00f1as de personas reales son perfectamente cre\u00edbles para los usuarios de su sitio web y les demuestran que su empresa es un socio confiable. Las calificaciones altas y las rese\u00f1as excelentes pueden ayudar a aumentar el nivel de compras en su sitio. Es m\u00e1s, el bot\u00f3n activo puede contribuir a que haya m\u00e1s opiniones de usuarios relacionadas con tu negocio en Booking. <\/p> <\/div>\r\n\t\t\t\t\t<\/div>\r\n\t\t\t\t<\/div> <div class=\"faq-item\">\r\n\t\t\t\t\t<div class=\"faq-item-question\">\r\n\t\t\t\t\t\t<h3 class=\"faq-item-question-text\">\u00bfC\u00f3mo puedo agregar rese\u00f1as de reservas a mi sitio web jQuery?<\/h3>\r\n\r\n\t\t\t\t\t\t<div class=\"faq-item-question-icon\"><\/div>\r\n\t\t\t\t\t<\/div>\r\n\r\n\t\t\t\t\t<div class=\"faq-item-answer\">\r\n\t\t\t\t\t\t<div class=\"faq-item-answer-text\"> <p>Le tomar\u00e1 un par de minutos comenzar a usar el widget. Agregar es realmente r\u00e1pido, gratuito y sin codificaci\u00f3n. <\/p> <ol><li>Puedes colocar el widget en tu sitio web a trav\u00e9s de nuestro servicio. Simplemente consulte la breve descripci\u00f3n que aparece a continuaci\u00f3n en esta p\u00e1gina. <\/li> <li>El widget se puede introducir directamente en nuestro servicio o en el mercado. Aqu\u00ed podr\u00e1s comparar los pros y los contras de ambas variantes y elegir la tuya. <\/li> <\/ol> <\/div>\r\n\t\t\t\t\t<\/div>\r\n\t\t\t\t<\/div> <\/div> <\/div> <div class=\"application-platform-content-item-features application-platform-content-item\" id=\"features\" data-nav-section=\"features\"> <h2>Caracter\u00edsticas<\/h2> <p>Para lograr una percepci\u00f3n completa del widget, aqu\u00ed tienes la lista de sus caracter\u00edsticas m\u00e1s destacadas. Hacen que este widget sea incre\u00edblemente eficiente para su promoci\u00f3n: <\/p> <ul> <li>4 dise\u00f1os listos para usar: Lista, Cuadr\u00edcula, Mamposter\u00eda y Control deslizante; <\/li> <li>El bot\u00f3n de solicitud de revisi\u00f3n dirige a los clientes a la p\u00e1gina de Reservas; <\/li> <li>Dos posibles escenarios de rechazo de solicitud de revisi\u00f3n: mostrar un mensaje personalizado u ocultar el bot\u00f3n. <\/li> <\/ul><p><a href=\"#demo\">La demostraci\u00f3n en vivo le mostrar\u00e1 una lista completa de funciones<\/a><\/p> <\/div> <div class=\"application-platform-content-item-installation application-platform-content-item\" id=\"installation\" data-nav-section=\"installation\"> <h2>Descubra c\u00f3mo pegar las rese\u00f1as de reservas en su sitio web jQuery<\/h2> <p> Un par de acciones r\u00e1pidas es lo \u00fanico que necesita hacer. <\/p> <ol><li><b>Crea tu complemento de Rese\u00f1as de reservas personalizado<\/b><br> Utilizando nuestro editor gratuito, crea un complemento con una apariencia y funciones preferibles. <\/li><li><b>Copia el c\u00f3digo personal para publicar el complemento<\/b><br> Despu\u00e9s de haber creado tu widget, obtendr\u00e1s tu c\u00f3digo de instalaci\u00f3n en la notificaci\u00f3n emergente en Elfsight Apps. Copie este c\u00f3digo para uso futuro. <\/li> <li><b>Agregue el complemento en su sitio web jQuery<\/b><br> Elija el \u00e1rea donde le gustar\u00eda colocar el complemento y agregue el c\u00f3digo guardado all\u00ed. Guarde los resultados. <\/li> <li><b>La instalaci\u00f3n est\u00e1 completa<\/b><br> Vaya a su sitio para ver su trabajo. <\/li> <\/ol><p>\u00bfA\u00fan no te decides? \u00bfO tienes preguntas que hacer? Simplemente escriba una solicitud a nuestro equipo de atenci\u00f3n al cliente, ellos resolver\u00e1n todas las preguntas. <\/p> <\/div>","protected":false},"excerpt":{"rendered":"","protected":false},"author":9,"featured_media":0,"parent":628,"menu_order":0,"comment_status":"closed","ping_status":"closed","template":"templates\/template-application-platform.php","meta":{"publish_to_discourse":"","publish_post_category":"","wpdc_auto_publish_overridden":"","wpdc_topic_tags":"","wpdc_pin_topic":"","wpdc_pin_until":"","discourse_post_id":"","discourse_permalink":"","wpdc_publishing_response":"","wpdc_publishing_error":"","footnotes":""},"class_list":["post-8387","page","type-page","status-publish","hentry"],"yoast_head":"<!-- This site is optimized with the Yoast SEO plugin v25.3.1 - https:\/\/yoast.com\/wordpress\/plugins\/seo\/ -->\n<title>Insertar rese\u00f1as de reservas en el sitio web jQuery (gratis y r\u00e1pido)<\/title>\n<meta name=\"description\" content=\"Con Elfsight, cree su complemento Booking Reviews y col\u00f3quelo en el sitio web jQuery r\u00e1pidamente. Ofrecemos atenci\u00f3n al cliente gratuita y m\u00e1s bonificaciones.\" \/>\n<meta name=\"robots\" content=\"index, follow, max-snippet:-1, max-image-preview:large, max-video-preview:-1\" \/>\n<link rel=\"canonical\" href=\"https:\/\/elfsight.com\/es\/booking-reviews-widget\/jquery\/\" \/>\n<meta property=\"og:locale\" content=\"es_ES\" \/>\n<meta property=\"og:type\" content=\"article\" \/>\n<meta property=\"og:title\" content=\"Insertar rese\u00f1as de reservas en el sitio web jQuery (gratis y r\u00e1pido)\" \/>\n<meta property=\"og:description\" content=\"Con Elfsight, cree su complemento Booking Reviews y col\u00f3quelo en el sitio web jQuery r\u00e1pidamente. Ofrecemos atenci\u00f3n al cliente gratuita y m\u00e1s bonificaciones.\" \/>\n<meta property=\"og:url\" content=\"https:\/\/elfsight.com\/es\/booking-reviews-widget\/jquery\/\" \/>\n<meta property=\"og:site_name\" content=\"Elfsight ES\" \/>\n<meta property=\"article:modified_time\" content=\"2025-02-06T15:37:52+00:00\" \/>\n<meta name=\"twitter:card\" content=\"summary_large_image\" \/>\n<meta name=\"twitter:label1\" content=\"Tiempo de lectura\" \/>\n\t<meta name=\"twitter:data1\" content=\"3 minutos\" \/>\n<!-- \/ Yoast SEO plugin. -->","yoast_head_json":{"title":"Insertar rese\u00f1as de reservas en el sitio web jQuery (gratis y r\u00e1pido)","description":"Con Elfsight, cree su complemento Booking Reviews y col\u00f3quelo en el sitio web jQuery r\u00e1pidamente. Ofrecemos atenci\u00f3n al cliente gratuita y m\u00e1s bonificaciones.","robots":{"index":"index","follow":"follow","max-snippet":"max-snippet:-1","max-image-preview":"max-image-preview:large","max-video-preview":"max-video-preview:-1"},"canonical":"https:\/\/elfsight.com\/es\/booking-reviews-widget\/jquery\/","og_locale":"es_ES","og_type":"article","og_title":"Insertar rese\u00f1as de reservas en el sitio web jQuery (gratis y r\u00e1pido)","og_description":"Con Elfsight, cree su complemento Booking Reviews y col\u00f3quelo en el sitio web jQuery r\u00e1pidamente. Ofrecemos atenci\u00f3n al cliente gratuita y m\u00e1s bonificaciones.","og_url":"https:\/\/elfsight.com\/es\/booking-reviews-widget\/jquery\/","og_site_name":"Elfsight ES","article_modified_time":"2025-02-06T15:37:52+00:00","twitter_card":"summary_large_image","twitter_misc":{"Tiempo de lectura":"3 minutos"},"schema":{"@context":"https:\/\/schema.org","@graph":[{"@type":"WebPage","@id":"https:\/\/elfsight.com\/es\/booking-reviews-widget\/jquery\/","url":"https:\/\/elfsight.com\/es\/booking-reviews-widget\/jquery\/","name":"Insertar rese\u00f1as de reservas en el sitio web jQuery (gratis y r\u00e1pido)","isPartOf":{"@id":"https:\/\/elfsight.com\/es\/#website"},"datePublished":"1970-01-01T00:00:00+00:00","dateModified":"2025-02-06T15:37:52+00:00","description":"Con Elfsight, cree su complemento Booking Reviews y col\u00f3quelo en el sitio web jQuery r\u00e1pidamente. Ofrecemos atenci\u00f3n al cliente gratuita y m\u00e1s bonificaciones.","breadcrumb":{"@id":"https:\/\/elfsight.com\/es\/booking-reviews-widget\/jquery\/#breadcrumb"},"inLanguage":"es","potentialAction":[{"@type":"ReadAction","target":["https:\/\/elfsight.com\/es\/booking-reviews-widget\/jquery\/"]}]},{"@type":"BreadcrumbList","@id":"https:\/\/elfsight.com\/es\/booking-reviews-widget\/jquery\/#breadcrumb","itemListElement":[{"@type":"ListItem","position":1,"name":"Home","item":"https:\/\/elfsight.com\/es\/"},{"@type":"ListItem","position":2,"name":"Booking Reviews","item":"https:\/\/elfsight.com\/es\/booking-reviews-widget\/"},{"@type":"ListItem","position":3,"name":"Booking Reviews &#8211; jQuery"}]},{"@type":"WebSite","@id":"https:\/\/elfsight.com\/es\/#website","url":"https:\/\/elfsight.com\/es\/","name":"Elfsight ES","description":"Just another Elfsight Sites site","potentialAction":[{"@type":"SearchAction","target":{"@type":"EntryPoint","urlTemplate":"https:\/\/elfsight.com\/es\/?s={search_term_string}"},"query-input":{"@type":"PropertyValueSpecification","valueRequired":true,"valueName":"search_term_string"}}],"inLanguage":"es"}]}},"meta_box":{"industry":"","seo_heading":"","heading":"","description":"","cta_heading":"","cta_description":"","application":"627","h1":"jQuery Booking.com Opiniones","h1_caption":"Incruste las mejores impresiones de los clientes de Booking en su sitio","application_category":[],"applications_title":"","applications_request_title":"","applications_request_button_text":"","hero_text":"","hero_video":"","hero_video_schema_markup":"","selling_points_title":"","selling_points_caption":"","selling_points":[],"selling_points_cta_text":"","features_title":"","features":"","ed_cta_examples_text":"","ed_cta_examples_hidden":"","ed_cta_demo_text":"","ed_cta_demo_hidden":"","why_caption":"","why_editor_title":"","why_editor_text":"","why_team_title":"","why_team_text":"","why_service_title":"","why_service_text":"","template_catalog_visible":"","template_catalog_title":"","template_catalog_text":"","template_catalog_categories_visible":"","demo_title":"Crea tu complemento Rese\u00f1as de reservas","demo_caption":"\u00a1Configure sus Rese\u00f1as de Reservas y agr\u00e9guelas a su sitio web jQuery de forma gratuita!","default_faq_hidden":"","app_template_category":[],"platform":"76","template_public_id":"","codecanyon_url":"","codecanyon_item_id":"","codecanyon_price":"","pricing_caption":"","pricing_elfsight_apps_hide_column":"","pricing_elfsight_apps_url":"","pricing_codecanyon_price_caption":"","integration_category":[],"integration_request_title":"","integration_request_cta":"","integration_platform":"","integrations":[],"platform_category":[],"video_schema_markup":"","price":"desde $0 \/ mes","trial":"","benefits":[{"text":"Ayuda de instalaci\u00f3n gratuita"},{"text":"Servicio al cliente eficaz"},{"text":"Garant\u00eda de devoluci\u00f3n de dinero de 14 d\u00edas"},{"text":"Actualizando constantemente"}],"button_url":"#demo","button_target_blank":"","button_nofollow":"","attributes":[{"name":"Instalaciones","content":"10,000 - 100,000"},{"name":"Sensible","content":"S\u00ed"},{"name":"Navegadores compatibles","content":"Firefox, Safari, Opera, Chrome, Edge"}],"tags":[],"tags_disable_links":"","hide_more_platforms":"","video_object":"","demo_hide_cta":"","demo_hide_cloud_options":"","pricing_title":"","pricing":[{"pricing_icon":"platform","pricing_title":"Elfsight Apps","pricing_title_caption":"Soluci\u00f3n digital multiplataforma que funciona en cualquier sitio","pricing_price":"desde $0 \/ mes","pricing_price_caption":"comienza con un plan gratuito","pricing_benefits":[{"text":"Dominios ilimitados"},{"text":"Soporte gratuito de la empresa y bien documentado."},{"text":"Ayuda de instalaci\u00f3n gratuita"},{"text":"Dise\u00f1o flexible"}],"pricing_button_text":"A\u00f1adir al sitio web","pricing_button_url":"#demo"}],"related_apps_title":"","related_apps_hidden":"","author":"","image":[],"title":"","job":"","social_networks":[]},"_links":{"self":[{"href":"https:\/\/elfsight.com\/es\/wp-json\/wp\/v2\/pages\/8387","targetHints":{"allow":["GET"]}}],"collection":[{"href":"https:\/\/elfsight.com\/es\/wp-json\/wp\/v2\/pages"}],"about":[{"href":"https:\/\/elfsight.com\/es\/wp-json\/wp\/v2\/types\/page"}],"author":[{"embeddable":true,"href":"https:\/\/elfsight.com\/es\/wp-json\/wp\/v2\/users\/9"}],"replies":[{"embeddable":true,"href":"https:\/\/elfsight.com\/es\/wp-json\/wp\/v2\/comments?post=8387"}],"version-history":[{"count":2,"href":"https:\/\/elfsight.com\/es\/wp-json\/wp\/v2\/pages\/8387\/revisions"}],"predecessor-version":[{"id":18546,"href":"https:\/\/elfsight.com\/es\/wp-json\/wp\/v2\/pages\/8387\/revisions\/18546"}],"up":[{"embeddable":true,"href":"https:\/\/elfsight.com\/es\/wp-json\/wp\/v2\/pages\/628"}],"wp:attachment":[{"href":"https:\/\/elfsight.com\/es\/wp-json\/wp\/v2\/media?parent=8387"}],"curies":[{"name":"wp","href":"https:\/\/api.w.org\/{rel}","templated":true}]}}