{"id":8386,"date":"1970-01-01T00:00:00","date_gmt":"1970-01-01T00:00:00","guid":{"rendered":"https:\/\/elfsight.com\/es\/?page_id=8386"},"modified":"2025-02-06T15:37:52","modified_gmt":"2025-02-06T15:37:52","slug":"joomla","status":"publish","type":"page","link":"https:\/\/elfsight.com\/es\/booking-reviews-widget\/joomla\/","title":{"rendered":"Booking Reviews &#8211; Joomla"},"content":{"rendered":"<div class=\"application-platform-content-item-description application-platform-content-item\" id=\"description\" data-nav-section=\"description\"> <h2>Descripci\u00f3n<\/h2> <p>Si desea mostrar su alta calificaci\u00f3n y convencer a los visitantes del sitio de que sus ofertas tienen una buena relaci\u00f3n calidad-precio, Elfsight Booking Reviews es la elecci\u00f3n correcta. Con este widget, puedes colocar rese\u00f1as de clientes de Booking.com en tu sitio con informaci\u00f3n sobre sus autores, filtrarlas para mostrar solo positivas, mostrar calificaciones y un bot\u00f3n de redireccionamiento, que llevar\u00e1 a los usuarios a tu p\u00e1gina de Booking, donde podr\u00e1n agregar una rese\u00f1a m\u00e1s. <\/p> <div class=\"faq\" data-component=\"FAQ\"><div class=\"faq-item\">\r\n\t\t\t\t\t<div class=\"faq-item-question\">\r\n\t\t\t\t\t\t<h3 class=\"faq-item-question-text\">\u00bfD\u00f3nde puedo insertarlo en mi sitio web?<\/h3>\r\n\r\n\t\t\t\t\t\t<div class=\"faq-item-question-icon\"><\/div>\r\n\t\t\t\t\t<\/div>\r\n\r\n\t\t\t\t\t<div class=\"faq-item-answer\">\r\n\t\t\t\t\t\t<div class=\"faq-item-answer-text\"> <p>Nuestro widget se puede colocar en cualquier p\u00e1gina donde necesite presumir de su alta calificaci\u00f3n y popularidad entre los clientes. Si desea publicar el widget en todas las p\u00e1ginas de su sitio, puede agregarlo f\u00e1cilmente a la plantilla del sitio web. <\/p> <\/div>\r\n\t\t\t\t\t<\/div>\r\n\t\t\t\t<\/div><div class=\"faq-item\">\r\n\t\t\t\t\t<div class=\"faq-item-question\">\r\n\t\t\t\t\t\t<h3 class=\"faq-item-question-text\">\u00bfCu\u00e1les son las ventajas de tenerlo en mi sitio?<\/h3>\r\n\r\n\t\t\t\t\t\t<div class=\"faq-item-question-icon\"><\/div>\r\n\t\t\t\t\t<\/div>\r\n\r\n\t\t\t\t\t<div class=\"faq-item-answer\">\r\n\t\t\t\t\t\t<div class=\"faq-item-answer-text\"> <p>Las rese\u00f1as agregadas por personas reales son de m\u00e1xima confianza para los clientes de su sitio y les indican que se puede confiar en su empresa. Las altas calificaciones y las impresiones positivas pueden ayudar a fortalecer las compras en su sitio web. Adem\u00e1s, el bot\u00f3n Activo contribuir\u00e1 a que haya m\u00e1s opiniones de clientes relacionadas con tu negocio en Booking. <\/p> <\/div>\r\n\t\t\t\t\t<\/div>\r\n\t\t\t\t<\/div> <div class=\"faq-item\">\r\n\t\t\t\t\t<div class=\"faq-item-question\">\r\n\t\t\t\t\t\t<h3 class=\"faq-item-question-text\">\u00bfC\u00f3mo puedo insertar Rese\u00f1as de reservas en mi sitio web Joomla?<\/h3>\r\n\r\n\t\t\t\t\t\t<div class=\"faq-item-question-icon\"><\/div>\r\n\t\t\t\t\t<\/div>\r\n\r\n\t\t\t\t\t<div class=\"faq-item-answer\">\r\n\t\t\t\t\t\t<div class=\"faq-item-answer-text\"> <p>Solo necesitas dos minutos de tu tiempo para configurarlo. Es muy r\u00e1pido, gratuito y sin codificaci\u00f3n. <\/p> <ol><li>Puedes integrar el widget con tu sitio web directamente a trav\u00e9s de nuestro servicio. Para esto, siga las instrucciones a continuaci\u00f3n en esta p\u00e1gina. <\/li> <li>Las rese\u00f1as de reservas de Elfsight se pueden integrar a trav\u00e9s de nuestro servicio o en el mercado. Aqu\u00ed puede leer todos los detalles sobre estas variantes y seleccionar una m\u00e1s adecuada. <\/li> <\/ol> <\/div>\r\n\t\t\t\t\t<\/div>\r\n\t\t\t\t<\/div> <\/div> <\/div> <div class=\"application-platform-content-item-features application-platform-content-item\" id=\"features\" data-nav-section=\"features\"> <h2>Caracter\u00edsticas<\/h2> <p>Para tener un mejor conocimiento del widget, aqu\u00ed est\u00e1 la lista de sus caracter\u00edsticas principales. Hacen que el widget sea realmente eficiente para su promoci\u00f3n: <\/p> <ul> <li>3 variantes de filtros: por tipo, excluir por y cantidad de rese\u00f1as para mostrar; <\/li> <li>El bot\u00f3n para solicitar una rese\u00f1a lleva a los visitantes a la p\u00e1gina de Reservas; <\/li> <li>Dos escenarios alternativos despu\u00e9s del rechazo de la solicitud de revisi\u00f3n: mostrar un mensaje personalizado u ocultar el bot\u00f3n. <\/li> <\/ul><p><a href=\"#demo\">Nuestra demostraci\u00f3n le revelar\u00e1 una lista completa de funciones<\/a><\/p> <\/div> <div class=\"application-platform-content-item-installation application-platform-content-item\" id=\"installation\" data-nav-section=\"installation\"> <h2>A continuaci\u00f3n se explica c\u00f3mo integrar Booking Reviews en su sitio Joomla<\/h2><div class=\"video-container\"><iframe width=\"720\" height=\"405\" src=\"https:\/\/www.youtube.com\/embed\/qBlO04hq4_k\" frameborder=\"0\"><\/iframe><\/div><p>Los pasos a continuaci\u00f3n son lo \u00fanico que necesita para realizar la integraci\u00f3n. <\/p> <ol><li><b>Administre nuestro editor gratuito y comience a crear su extensi\u00f3n personalizada. <\/b><br> Determine la disposici\u00f3n personalizada y el rendimiento de la extensi\u00f3n y aplique todas las ediciones. <\/li> <li><b>Copia el c\u00f3digo individual que se muestra en el cuadro de Elfsight Apps. <\/b><br> Una vez realizada la personalizaci\u00f3n de su extensi\u00f3n personal, copie su c\u00f3digo en la ventana emergente que aparece y gu\u00e1rdelo para usarlo en el futuro. <\/li> <li><b>Ingrese al uso de la extensi\u00f3n en el sitio web Joomla. <\/b><br>Coloca el c\u00f3digo guardado anteriormente en tu p\u00e1gina y aplica las modificaciones. <\/li> <li><b>\u00a1Ya terminaste! La configuraci\u00f3n ha finalizado por completo. <\/b><br>Visite su sitio para ver el funcionamiento de la extensi\u00f3n. <\/li><\/ol><p>\u00bfA\u00fan no est\u00e1s seguro? \u00bfO tener problemas? Simplemente env\u00ede una solicitud a nuestro servicio de atenci\u00f3n al cliente y resolver\u00e1 todas las preguntas. <\/p> <\/div>","protected":false},"excerpt":{"rendered":"","protected":false},"author":9,"featured_media":0,"parent":628,"menu_order":0,"comment_status":"closed","ping_status":"closed","template":"templates\/template-application-platform.php","meta":{"publish_to_discourse":"","publish_post_category":"","wpdc_auto_publish_overridden":"","wpdc_topic_tags":"","wpdc_pin_topic":"","wpdc_pin_until":"","discourse_post_id":"","discourse_permalink":"","wpdc_publishing_response":"","wpdc_publishing_error":"","footnotes":""},"class_list":["post-8386","page","type-page","status-publish","hentry"],"yoast_head":"<!-- This site is optimized with the Yoast SEO plugin v25.3.1 - https:\/\/yoast.com\/wordpress\/plugins\/seo\/ -->\n<title>Insertar rese\u00f1as de reservas en el sitio web Joomla (en 2 minutos)<\/title>\n<meta name=\"description\" content=\"Es muy f\u00e1cil crear su extensi\u00f3n Booking Reviews y mostrarla en su sitio web Joomla. La atenci\u00f3n al cliente de Elfsight es gratuita.\" \/>\n<meta name=\"robots\" content=\"index, follow, max-snippet:-1, max-image-preview:large, max-video-preview:-1\" \/>\n<link rel=\"canonical\" href=\"https:\/\/elfsight.com\/es\/booking-reviews-widget\/joomla\/\" \/>\n<meta property=\"og:locale\" content=\"es_ES\" \/>\n<meta property=\"og:type\" content=\"article\" \/>\n<meta property=\"og:title\" content=\"Insertar rese\u00f1as de reservas en el sitio web Joomla (en 2 minutos)\" \/>\n<meta property=\"og:description\" content=\"Es muy f\u00e1cil crear su extensi\u00f3n Booking Reviews y mostrarla en su sitio web Joomla. La atenci\u00f3n al cliente de Elfsight es gratuita.\" \/>\n<meta property=\"og:url\" content=\"https:\/\/elfsight.com\/es\/booking-reviews-widget\/joomla\/\" \/>\n<meta property=\"og:site_name\" content=\"Elfsight ES\" \/>\n<meta property=\"article:modified_time\" content=\"2025-02-06T15:37:52+00:00\" \/>\n<meta name=\"twitter:card\" content=\"summary_large_image\" \/>\n<meta name=\"twitter:label1\" content=\"Tiempo de lectura\" \/>\n\t<meta name=\"twitter:data1\" content=\"3 minutos\" \/>\n<!-- \/ Yoast SEO plugin. -->","yoast_head_json":{"title":"Insertar rese\u00f1as de reservas en el sitio web Joomla (en 2 minutos)","description":"Es muy f\u00e1cil crear su extensi\u00f3n Booking Reviews y mostrarla en su sitio web Joomla. La atenci\u00f3n al cliente de Elfsight es gratuita.","robots":{"index":"index","follow":"follow","max-snippet":"max-snippet:-1","max-image-preview":"max-image-preview:large","max-video-preview":"max-video-preview:-1"},"canonical":"https:\/\/elfsight.com\/es\/booking-reviews-widget\/joomla\/","og_locale":"es_ES","og_type":"article","og_title":"Insertar rese\u00f1as de reservas en el sitio web Joomla (en 2 minutos)","og_description":"Es muy f\u00e1cil crear su extensi\u00f3n Booking Reviews y mostrarla en su sitio web Joomla. La atenci\u00f3n al cliente de Elfsight es gratuita.","og_url":"https:\/\/elfsight.com\/es\/booking-reviews-widget\/joomla\/","og_site_name":"Elfsight ES","article_modified_time":"2025-02-06T15:37:52+00:00","twitter_card":"summary_large_image","twitter_misc":{"Tiempo de lectura":"3 minutos"},"schema":{"@context":"https:\/\/schema.org","@graph":[{"@type":"WebPage","@id":"https:\/\/elfsight.com\/es\/booking-reviews-widget\/joomla\/","url":"https:\/\/elfsight.com\/es\/booking-reviews-widget\/joomla\/","name":"Insertar rese\u00f1as de reservas en el sitio web Joomla (en 2 minutos)","isPartOf":{"@id":"https:\/\/elfsight.com\/es\/#website"},"datePublished":"1970-01-01T00:00:00+00:00","dateModified":"2025-02-06T15:37:52+00:00","description":"Es muy f\u00e1cil crear su extensi\u00f3n Booking Reviews y mostrarla en su sitio web Joomla. La atenci\u00f3n al cliente de Elfsight es gratuita.","breadcrumb":{"@id":"https:\/\/elfsight.com\/es\/booking-reviews-widget\/joomla\/#breadcrumb"},"inLanguage":"es","potentialAction":[{"@type":"ReadAction","target":["https:\/\/elfsight.com\/es\/booking-reviews-widget\/joomla\/"]}]},{"@type":"BreadcrumbList","@id":"https:\/\/elfsight.com\/es\/booking-reviews-widget\/joomla\/#breadcrumb","itemListElement":[{"@type":"ListItem","position":1,"name":"Home","item":"https:\/\/elfsight.com\/es\/"},{"@type":"ListItem","position":2,"name":"Booking Reviews","item":"https:\/\/elfsight.com\/es\/booking-reviews-widget\/"},{"@type":"ListItem","position":3,"name":"Booking Reviews &#8211; Joomla"}]},{"@type":"WebSite","@id":"https:\/\/elfsight.com\/es\/#website","url":"https:\/\/elfsight.com\/es\/","name":"Elfsight ES","description":"Just another Elfsight Sites site","potentialAction":[{"@type":"SearchAction","target":{"@type":"EntryPoint","urlTemplate":"https:\/\/elfsight.com\/es\/?s={search_term_string}"},"query-input":{"@type":"PropertyValueSpecification","valueRequired":true,"valueName":"search_term_string"}}],"inLanguage":"es"}]}},"meta_box":{"industry":"","seo_heading":"","heading":"","description":"","cta_heading":"","cta_description":"","application":"627","h1":"Rese\u00f1as de Joomla Booking.com","h1_caption":"Inserta las opiniones perfectas de tus clientes de Booking.com en tu sitio","application_category":[],"applications_title":"","applications_request_title":"","applications_request_button_text":"","hero_text":"","hero_video":"","hero_video_schema_markup":"","selling_points_title":"","selling_points_caption":"","selling_points":[],"selling_points_cta_text":"","features_title":"","features":"","ed_cta_examples_text":"","ed_cta_examples_hidden":"","ed_cta_demo_text":"","ed_cta_demo_hidden":"","why_caption":"","why_editor_title":"","why_editor_text":"","why_team_title":"","why_team_text":"","why_service_title":"","why_service_text":"","template_catalog_visible":"","template_catalog_title":"","template_catalog_text":"","template_catalog_categories_visible":"","demo_title":"Crea tu complemento Rese\u00f1as de reservas","demo_caption":"Configure sus Rese\u00f1as de reservas y agr\u00e9guelas a su sitio web Joomla de forma gratuita.","default_faq_hidden":"","app_template_category":[],"platform":"73","template_public_id":"","codecanyon_url":"","codecanyon_item_id":"","codecanyon_price":"","pricing_caption":"","pricing_elfsight_apps_hide_column":"","pricing_elfsight_apps_url":"","pricing_codecanyon_price_caption":"","integration_category":[],"integration_request_title":"","integration_request_cta":"","integration_platform":"","integrations":[],"platform_category":[],"video_schema_markup":"","price":"desde $0 \/ mes","trial":"","benefits":[{"text":"Servicio de instalaci\u00f3n gratuito"},{"text":"Soporte premium"},{"text":"Garant\u00eda de reembolso de 14 d\u00edas"},{"text":"Mejoras continuas y gratuitas"}],"button_url":"#demo","button_target_blank":"","button_nofollow":"","attributes":[{"name":"Instalaciones","content":"10,000 - 100,000"},{"name":"Sensible","content":"S\u00ed"},{"name":"Navegadores compatibles","content":"Firefox, Safari, Opera, Chrome, Edge"}],"tags":[],"tags_disable_links":"","hide_more_platforms":"","video_object":"","demo_hide_cta":"","demo_hide_cloud_options":"","pricing_title":"","pricing":[{"pricing_icon":"platform","pricing_title":"Elfsight Apps","pricing_title_caption":"Soluci\u00f3n independiente de la plataforma","pricing_price":"desde $0 \/ mes","pricing_price_caption":"comienza con el plan gratuito","pricing_benefits":[{"text":"Dominios ilimitados"},{"text":"Soporte 24 horas al d\u00eda, 7 d\u00edas a la semana y bien documentado."},{"text":"Servicio de instalaci\u00f3n gratuito"},{"text":"Oferta especial para m\u00faltiples aplicaciones"}],"pricing_button_text":"A\u00f1adir al sitio web","pricing_button_url":"#demo"}],"related_apps_title":"","related_apps_hidden":"","author":"","image":[],"title":"","job":"","social_networks":[]},"_links":{"self":[{"href":"https:\/\/elfsight.com\/es\/wp-json\/wp\/v2\/pages\/8386","targetHints":{"allow":["GET"]}}],"collection":[{"href":"https:\/\/elfsight.com\/es\/wp-json\/wp\/v2\/pages"}],"about":[{"href":"https:\/\/elfsight.com\/es\/wp-json\/wp\/v2\/types\/page"}],"author":[{"embeddable":true,"href":"https:\/\/elfsight.com\/es\/wp-json\/wp\/v2\/users\/9"}],"replies":[{"embeddable":true,"href":"https:\/\/elfsight.com\/es\/wp-json\/wp\/v2\/comments?post=8386"}],"version-history":[{"count":2,"href":"https:\/\/elfsight.com\/es\/wp-json\/wp\/v2\/pages\/8386\/revisions"}],"predecessor-version":[{"id":18547,"href":"https:\/\/elfsight.com\/es\/wp-json\/wp\/v2\/pages\/8386\/revisions\/18547"}],"up":[{"embeddable":true,"href":"https:\/\/elfsight.com\/es\/wp-json\/wp\/v2\/pages\/628"}],"wp:attachment":[{"href":"https:\/\/elfsight.com\/es\/wp-json\/wp\/v2\/media?parent=8386"}],"curies":[{"name":"wp","href":"https:\/\/api.w.org\/{rel}","templated":true}]}}