{"id":8381,"date":"1970-01-01T00:00:00","date_gmt":"1970-01-01T00:00:00","guid":{"rendered":"https:\/\/elfsight.com\/es\/?page_id=8381"},"modified":"2025-02-06T15:37:52","modified_gmt":"2025-02-06T15:37:52","slug":"jimdo","status":"publish","type":"page","link":"https:\/\/elfsight.com\/es\/booking-reviews-widget\/jimdo\/","title":{"rendered":"Booking Reviews &#8211; Jimdo"},"content":{"rendered":"<div class=\"application-platform-content-item-description application-platform-content-item\" id=\"description\" data-nav-section=\"description\"> <h2>Descripci\u00f3n<\/h2> <p>Elfsight Booking Reviews es un pr\u00e1ctico widget que le brinda la oportunidad de demostrar las rese\u00f1as de su mercanc\u00eda directamente en su sitio desde todos los sitios de rese\u00f1as conocidos. Al utilizar nuestro widget, podr\u00e1 aplicar filtros para ocultar los comentarios no deseados, exponer su calificaci\u00f3n de estrellas y cantidad directamente desde su cuenta en cualquier sitio web de rese\u00f1as, agregar datos sobre los creadores de las rese\u00f1as y adjuntar un bot\u00f3n de CTA que provocar\u00e1 que los visitantes escriban sus pensamientos. Nuestra aplicaci\u00f3n Booking Reviews lo impulsar\u00e1 a demostrar su notable prueba social directamente en el sitio web y comenzar a realizar m\u00e1s compras nuevas. <\/p><p><b>\u00a1Inserte Rese\u00f1as de Reservas para alcanzar sus objetivos comerciales! <\/b><\/p> <\/div> <div class=\"application-platform-content-item-features application-platform-content-item\" id=\"features\" data-nav-section=\"features\"> <h2>El widget tiene funciones \u00fatiles y r\u00e1pidas, estas son algunas de ellas: <\/h2> <ul><li>Integrar rese\u00f1as de clientes desde la cuenta de Booking<\/li><li>Tres tipos de filtros: por tipo, excluir por y cantidad de rese\u00f1as<\/li><li>Cuatro tipos de dise\u00f1o: Lista, Masoner\u00eda, Control deslizante y cuadr\u00edcula<\/li><li>Tipos de navegaci\u00f3n con flechas y arrastre en el dise\u00f1o del control deslizante<\/li><li>Establecer la velocidad de la diapositiva y la velocidad de reproducci\u00f3n autom\u00e1tica<\/li><li>Seleccione el tipo de paginaci\u00f3n en el dise\u00f1o del control deslizante<\/li><li>Bot\u00f3n de llamada a la acci\u00f3n para obtener rese\u00f1as de nuevos usuarios en la p\u00e1gina de reservas<\/li><li>3 plantillas de rese\u00f1as: Spotlight, Bubble, Classic<\/li><li>Seis elementos flexibles de las rese\u00f1as: \u00edcono de reserva y nombre del autor, fecha, calificaci\u00f3n de estrellas, foto y recomendaci\u00f3n<\/li><li>Una opci\u00f3n para cambiar la rese\u00f1a tama\u00f1o de fuente del texto<\/li><\/ul><p><a href=\"#demo\">Puedes probar todas las capacidades del widget en la demostraci\u00f3n aqu\u00ed mismo<\/a><\/p> <\/div> <div class=\"application-platform-content-item-installation application-platform-content-item\" id=\"installation\" data-nav-section=\"installation\"> <h2>\u00bfC\u00f3mo agregar rese\u00f1as de reservas a mi sitio Jimdo? <\/h2> <p>Simplemente siga las pautas a continuaci\u00f3n para insertar la herramienta. <\/p> <ol><li><b>Inicie nuestro configurador gratuito y comience a darle forma a su widget personalizado. <\/b><br> Determine el aspecto personalizado y la funcionalidad del widget y guarde las ediciones. <\/li> <li><b>Adquiera su c\u00f3digo personal que aparece en el formulario especial en Elfsight Apps. <\/b><br> Cuando finalice la configuraci\u00f3n de su widget, copie el c\u00f3digo personal en el cuadro que aparece y gu\u00e1rdelo para usarlo en el futuro. <\/li> <li><b>Empieza a utilizar el widget en tu sitio web Jimdo. <\/b><br> Inserta el c\u00f3digo copiado anteriormente en tu p\u00e1gina de inicio y aplica los ajustes. <\/li> <li><b>\u00a1Ya terminaste! La configuraci\u00f3n se realiz\u00f3 con \u00e9xito. <\/b><br>Vaya a su p\u00e1gina para ver el funcionamiento del widget. <\/li><\/ol> <p>Si encuentra alg\u00fan problema, no dude en ponerse en contacto con nuestro personal de atenci\u00f3n al cliente. Nuestra gente est\u00e1 ansiosa por ayudarte con todas las preguntas que puedas tener con la herramienta. <\/p><div class=\"faq\" data-component=\"FAQ\"> <div class=\"faq-item\">\r\n\t\t\t\t\t<div class=\"faq-item-question\">\r\n\t\t\t\t\t\t<h3 class=\"faq-item-question-text\">\u00bfC\u00f3mo a\u00f1adir Rese\u00f1as de Amazon a mi sitio web Jimdo sin conocimientos de codificaci\u00f3n?<\/h3>\r\n\r\n\t\t\t\t\t\t<div class=\"faq-item-question-icon\"><\/div>\r\n\t\t\t\t\t<\/div>\r\n\r\n\t\t\t\t\t<div class=\"faq-item-answer\">\r\n\t\t\t\t\t\t<div class=\"faq-item-answer-text\"> <p>Elfsight proporciona una soluci\u00f3n SaaS que te permite crear un widget de Rese\u00f1as de Amazon t\u00fa mismo. Mira lo f\u00e1cil que es el proceso: trabaja directamente en el editor en l\u00ednea para crear un widget de Rese\u00f1as de Amazon que te gustar\u00eda ver en tu sitio web Jimdo. Elija una de las plantillas predise\u00f1adas y ajuste la configuraci\u00f3n de Rese\u00f1as de Amazon, agregue su contenido, cambie el dise\u00f1o y la combinaci\u00f3n de colores sin conocimientos de codificaci\u00f3n. Guarda las rese\u00f1as de Amazon y copia su c\u00f3digo de instalaci\u00f3n, que puedes insertar f\u00e1cilmente en tu sitio web Jimdo sin comprar una versi\u00f3n paga. Con nuestro editor intuitivo, cualquier usuario de Internet puede crear un widget de Rese\u00f1as de Amazon en l\u00ednea e incrustarlo f\u00e1cilmente en su sitio web Jimdo. No es necesario pagar ni ingresar las credenciales de su tarjeta para acceder al servicio. Si tiene alg\u00fan problema en cualquier paso, no dude en ponerse en contacto con nuestro equipo de soporte t\u00e9cnico.<\/p> <\/div>\r\n\t\t\t\t\t<\/div>\r\n\t\t\t\t<\/div> <\/div> <\/div>","protected":false},"excerpt":{"rendered":"","protected":false},"author":9,"featured_media":0,"parent":628,"menu_order":0,"comment_status":"closed","ping_status":"closed","template":"templates\/template-application-platform.php","meta":{"publish_to_discourse":"","publish_post_category":"","wpdc_auto_publish_overridden":"","wpdc_topic_tags":"","wpdc_pin_topic":"","wpdc_pin_until":"","discourse_post_id":"","discourse_permalink":"","wpdc_publishing_response":"","wpdc_publishing_error":"","footnotes":""},"class_list":["post-8381","page","type-page","status-publish","hentry"],"yoast_head":"<!-- This site is optimized with the Yoast SEO plugin v25.3.1 - https:\/\/yoast.com\/wordpress\/plugins\/seo\/ -->\n<title>Insertar rese\u00f1as de reservas en el sitio web de Jimdo (r\u00e1pido y sencillo)<\/title>\n<meta name=\"description\" content=\"Con Elfsight, da forma a tus Rese\u00f1as de Reservas y agr\u00e9galas a tu sitio web Jimdo con facilidad. Tenemos soporte al cliente gratuito y m\u00e1s bonos.\" \/>\n<meta name=\"robots\" content=\"index, follow, max-snippet:-1, max-image-preview:large, max-video-preview:-1\" \/>\n<link rel=\"canonical\" href=\"https:\/\/elfsight.com\/es\/booking-reviews-widget\/jimdo\/\" \/>\n<meta property=\"og:locale\" content=\"es_ES\" \/>\n<meta property=\"og:type\" content=\"article\" \/>\n<meta property=\"og:title\" content=\"Insertar rese\u00f1as de reservas en el sitio web de Jimdo (r\u00e1pido y sencillo)\" \/>\n<meta property=\"og:description\" content=\"Con Elfsight, da forma a tus Rese\u00f1as de Reservas y agr\u00e9galas a tu sitio web Jimdo con facilidad. Tenemos soporte al cliente gratuito y m\u00e1s bonos.\" \/>\n<meta property=\"og:url\" content=\"https:\/\/elfsight.com\/es\/booking-reviews-widget\/jimdo\/\" \/>\n<meta property=\"og:site_name\" content=\"Elfsight ES\" \/>\n<meta property=\"article:modified_time\" content=\"2025-02-06T15:37:52+00:00\" \/>\n<meta name=\"twitter:card\" content=\"summary_large_image\" \/>\n<meta name=\"twitter:label1\" content=\"Tiempo de lectura\" \/>\n\t<meta name=\"twitter:data1\" content=\"3 minutos\" \/>\n<!-- \/ Yoast SEO plugin. -->","yoast_head_json":{"title":"Insertar rese\u00f1as de reservas en el sitio web de Jimdo (r\u00e1pido y sencillo)","description":"Con Elfsight, da forma a tus Rese\u00f1as de Reservas y agr\u00e9galas a tu sitio web Jimdo con facilidad. Tenemos soporte al cliente gratuito y m\u00e1s bonos.","robots":{"index":"index","follow":"follow","max-snippet":"max-snippet:-1","max-image-preview":"max-image-preview:large","max-video-preview":"max-video-preview:-1"},"canonical":"https:\/\/elfsight.com\/es\/booking-reviews-widget\/jimdo\/","og_locale":"es_ES","og_type":"article","og_title":"Insertar rese\u00f1as de reservas en el sitio web de Jimdo (r\u00e1pido y sencillo)","og_description":"Con Elfsight, da forma a tus Rese\u00f1as de Reservas y agr\u00e9galas a tu sitio web Jimdo con facilidad. Tenemos soporte al cliente gratuito y m\u00e1s bonos.","og_url":"https:\/\/elfsight.com\/es\/booking-reviews-widget\/jimdo\/","og_site_name":"Elfsight ES","article_modified_time":"2025-02-06T15:37:52+00:00","twitter_card":"summary_large_image","twitter_misc":{"Tiempo de lectura":"3 minutos"},"schema":{"@context":"https:\/\/schema.org","@graph":[{"@type":"WebPage","@id":"https:\/\/elfsight.com\/es\/booking-reviews-widget\/jimdo\/","url":"https:\/\/elfsight.com\/es\/booking-reviews-widget\/jimdo\/","name":"Insertar rese\u00f1as de reservas en el sitio web de Jimdo (r\u00e1pido y sencillo)","isPartOf":{"@id":"https:\/\/elfsight.com\/es\/#website"},"datePublished":"1970-01-01T00:00:00+00:00","dateModified":"2025-02-06T15:37:52+00:00","description":"Con Elfsight, da forma a tus Rese\u00f1as de Reservas y agr\u00e9galas a tu sitio web Jimdo con facilidad. Tenemos soporte al cliente gratuito y m\u00e1s bonos.","breadcrumb":{"@id":"https:\/\/elfsight.com\/es\/booking-reviews-widget\/jimdo\/#breadcrumb"},"inLanguage":"es","potentialAction":[{"@type":"ReadAction","target":["https:\/\/elfsight.com\/es\/booking-reviews-widget\/jimdo\/"]}]},{"@type":"BreadcrumbList","@id":"https:\/\/elfsight.com\/es\/booking-reviews-widget\/jimdo\/#breadcrumb","itemListElement":[{"@type":"ListItem","position":1,"name":"Home","item":"https:\/\/elfsight.com\/es\/"},{"@type":"ListItem","position":2,"name":"Booking Reviews","item":"https:\/\/elfsight.com\/es\/booking-reviews-widget\/"},{"@type":"ListItem","position":3,"name":"Booking Reviews &#8211; Jimdo"}]},{"@type":"WebSite","@id":"https:\/\/elfsight.com\/es\/#website","url":"https:\/\/elfsight.com\/es\/","name":"Elfsight ES","description":"Just another Elfsight Sites site","potentialAction":[{"@type":"SearchAction","target":{"@type":"EntryPoint","urlTemplate":"https:\/\/elfsight.com\/es\/?s={search_term_string}"},"query-input":{"@type":"PropertyValueSpecification","valueRequired":true,"valueName":"search_term_string"}}],"inLanguage":"es"}]}},"meta_box":{"industry":"","seo_heading":"","heading":"","description":"","cta_heading":"","cta_description":"","application":"627","h1":"Widget de rese\u00f1as de Jimdo Booking.com","h1_caption":"Inserta las rese\u00f1as de clientes m\u00e1s atractivas de Booking en tu sitio web","application_category":[],"applications_title":"","applications_request_title":"","applications_request_button_text":"","hero_text":"","hero_video":"","hero_video_schema_markup":"","selling_points_title":"","selling_points_caption":"","selling_points":[],"selling_points_cta_text":"","features_title":"","features":"","ed_cta_examples_text":"","ed_cta_examples_hidden":"","ed_cta_demo_text":"","ed_cta_demo_hidden":"","why_caption":"","why_editor_title":"","why_editor_text":"","why_team_title":"","why_team_text":"","why_service_title":"","why_service_text":"","template_catalog_visible":"","template_catalog_title":"","template_catalog_text":"","template_catalog_categories_visible":"","demo_title":"Crea tu widget de Rese\u00f1as de Reservas","demo_caption":"\u00a1Configura tus Rese\u00f1as de Reservas y a\u00f1\u00e1delas a tu sitio web Jimdo gratis!","default_faq_hidden":"","app_template_category":[],"platform":"2198","template_public_id":"","codecanyon_url":"","codecanyon_item_id":"","codecanyon_price":"","pricing_caption":"","pricing_elfsight_apps_hide_column":"","pricing_elfsight_apps_url":"","pricing_codecanyon_price_caption":"","integration_category":[],"integration_request_title":"","integration_request_cta":"","integration_platform":"","integrations":[],"platform_category":[],"video_schema_markup":"","price":"desde $0 \/ mes","trial":"","benefits":[{"text":"Servicio de instalaci\u00f3n gratuito"},{"text":"Servicio al cliente competente"},{"text":"Garant\u00eda de devoluci\u00f3n de dinero de 14 d\u00edas"},{"text":"Desarrollo continuo"}],"button_url":"#demo","button_target_blank":"","button_nofollow":"","attributes":[{"name":"Instalaciones","content":"10,000 - 100,000"},{"name":"Sensible","content":"S\u00ed"},{"name":"Navegadores compatibles","content":"Firefox, Safari, Opera, Chrome, Edge"}],"tags":[],"tags_disable_links":"","hide_more_platforms":"","video_object":"","demo_hide_cta":"","demo_hide_cloud_options":"","pricing_title":"","pricing":[{"pricing_icon":"platform","pricing_title":"Elfsight Apps","pricing_title_caption":"Soluci\u00f3n multiplataforma","pricing_price":"desde $0 \/ mes","pricing_price_caption":"comienza con el plan gratuito","pricing_benefits":[{"text":"Sitios web ilimitados"},{"text":"Soporte premium y puntual"},{"text":"Soporte de instalaci\u00f3n gratuito"},{"text":"Dise\u00f1o flexible"}],"pricing_button_text":"A\u00f1adir al sitio web","pricing_button_url":"#demo"}],"related_apps_title":"","related_apps_hidden":"","author":"","image":[],"title":"","job":"","social_networks":[]},"_links":{"self":[{"href":"https:\/\/elfsight.com\/es\/wp-json\/wp\/v2\/pages\/8381","targetHints":{"allow":["GET"]}}],"collection":[{"href":"https:\/\/elfsight.com\/es\/wp-json\/wp\/v2\/pages"}],"about":[{"href":"https:\/\/elfsight.com\/es\/wp-json\/wp\/v2\/types\/page"}],"author":[{"embeddable":true,"href":"https:\/\/elfsight.com\/es\/wp-json\/wp\/v2\/users\/9"}],"replies":[{"embeddable":true,"href":"https:\/\/elfsight.com\/es\/wp-json\/wp\/v2\/comments?post=8381"}],"version-history":[{"count":2,"href":"https:\/\/elfsight.com\/es\/wp-json\/wp\/v2\/pages\/8381\/revisions"}],"predecessor-version":[{"id":18548,"href":"https:\/\/elfsight.com\/es\/wp-json\/wp\/v2\/pages\/8381\/revisions\/18548"}],"up":[{"embeddable":true,"href":"https:\/\/elfsight.com\/es\/wp-json\/wp\/v2\/pages\/628"}],"wp:attachment":[{"href":"https:\/\/elfsight.com\/es\/wp-json\/wp\/v2\/media?parent=8381"}],"curies":[{"name":"wp","href":"https:\/\/api.w.org\/{rel}","templated":true}]}}