{"id":8379,"date":"1970-01-01T00:00:00","date_gmt":"1970-01-01T00:00:00","guid":{"rendered":"https:\/\/elfsight.com\/es\/?page_id=8379"},"modified":"2025-02-06T15:38:00","modified_gmt":"2025-02-06T15:38:00","slug":"html","status":"publish","type":"page","link":"https:\/\/elfsight.com\/es\/booking-reviews-widget\/html\/","title":{"rendered":"Booking Reviews &#8211; HTML"},"content":{"rendered":"<div class=\"application-platform-content-item-description application-platform-content-item\" id=\"description\" data-nav-section=\"description\"> <h2>Descripci\u00f3n<\/h2> <p>Si necesita presumir de su aprecio entre los clientes y convencer a los visitantes del sitio web de que vale la pena comprar sus productos o servicios, Elfsight Booking Reviews ser\u00e1 la elecci\u00f3n correcta. Con la ayuda de este widget, podr\u00e1 mostrar las rese\u00f1as de los clientes de Booking en su sitio con informaci\u00f3n sobre sus autores, usar filtros para mostrar solo las buenas, agregar calificaciones y un bot\u00f3n activo que llevar\u00e1 a las personas a su cuenta de Booking, donde podr\u00e1n agregar una rese\u00f1a nueva. <\/p> <div class=\"faq\" data-component=\"FAQ\"><div class=\"faq-item\">\r\n\t\t\t\t\t<div class=\"faq-item-question\">\r\n\t\t\t\t\t\t<h3 class=\"faq-item-question-text\">\u00bfD\u00f3nde puedo insertar rese\u00f1as de reservas?<\/h3>\r\n\r\n\t\t\t\t\t\t<div class=\"faq-item-question-icon\"><\/div>\r\n\t\t\t\t\t<\/div>\r\n\r\n\t\t\t\t\t<div class=\"faq-item-answer\">\r\n\t\t\t\t\t\t<div class=\"faq-item-answer-text\"> <p>Nuestro widget se puede colocar en cualquier p\u00e1gina donde desee mostrar su alta valoraci\u00f3n y popularidad entre los clientes. Si lo necesita en todas las p\u00e1ginas del sitio, simplemente p\u00e9guelo en la plantilla del sitio web. <\/p> <\/div>\r\n\t\t\t\t\t<\/div>\r\n\t\t\t\t<\/div><div class=\"faq-item\">\r\n\t\t\t\t\t<div class=\"faq-item-question\">\r\n\t\t\t\t\t\t<h3 class=\"faq-item-question-text\">\u00bfC\u00f3mo me beneficiar\u00e9 de este complemento?<\/h3>\r\n\r\n\t\t\t\t\t\t<div class=\"faq-item-question-icon\"><\/div>\r\n\t\t\t\t\t<\/div>\r\n\r\n\t\t\t\t\t<div class=\"faq-item-answer\">\r\n\t\t\t\t\t\t<div class=\"faq-item-answer-text\"> <p>Las rese\u00f1as compartidas por personas reales parecen perfectamente confiables para los clientes de su sitio y les demuestran que su negocio es confiable. Las altas calificaciones y las cr\u00edticas positivas pueden ayudar a aumentar el nivel de ventas de su sitio web. Adem\u00e1s, el bot\u00f3n Activo puede contribuir a aumentar la cantidad de opiniones de los usuarios sobre tus servicios en Booking. <\/p> <\/div>\r\n\t\t\t\t\t<\/div>\r\n\t\t\t\t<\/div> <div class=\"faq-item\">\r\n\t\t\t\t\t<div class=\"faq-item-question\">\r\n\t\t\t\t\t\t<h3 class=\"faq-item-question-text\">\u00bfC\u00f3mo puedo insertar Rese\u00f1as de reservas en mi sitio web HTML?<\/h3>\r\n\r\n\t\t\t\t\t\t<div class=\"faq-item-question-icon\"><\/div>\r\n\t\t\t\t\t<\/div>\r\n\r\n\t\t\t\t\t<div class=\"faq-item-answer\">\r\n\t\t\t\t\t\t<div class=\"faq-item-answer-text\"> <p>Solo le llevar\u00e1 dos minutos comenzar a utilizar el widget. Agregar es realmente r\u00e1pido, gratuito y no requiere codificaci\u00f3n. <\/p> <ol><li>Puedes pegar el widget en tu sitio directamente en nuestro servicio. Simplemente aplique las instrucciones que aparecen en esta p\u00e1gina. <\/li> <li>El widget se puede configurar en nuestro servicio o a trav\u00e9s del mercado. Podr\u00e1s conocer las ventajas de estas variantes y decidir cu\u00e1l es la tuya. <\/li> <\/ol> <\/div>\r\n\t\t\t\t\t<\/div>\r\n\t\t\t\t<\/div> <\/div> <\/div> <div class=\"application-platform-content-item-features application-platform-content-item\" id=\"features\" data-nav-section=\"features\"> <h2>Caracter\u00edsticas<\/h2> <p>Para conocer mejor el widget, consulte la lista de sus caracter\u00edsticas esenciales. Hacen que este widget sea incre\u00edblemente eficiente para usted: <\/p> <ul> <li>4 variantes de dise\u00f1os: Lista, Cuadr\u00edcula, Mamposter\u00eda y Control deslizante; <\/li> <li>Una oportunidad para controlar la visualizaci\u00f3n del encabezado del widget; <\/li> <li>Dos variantes de escenarios despu\u00e9s del rechazo de la solicitud de revisi\u00f3n: mostrar un mensaje personalizado u ocultar el bot\u00f3n. <\/li> <\/ul><p><a href=\"#demo\">Descubra una lista completa de funciones en nuestra demostraci\u00f3n<\/a><\/p> <\/div> <div class=\"application-platform-content-item-installation application-platform-content-item\" id=\"installation\" data-nav-section=\"installation\"> <h2>Descubra c\u00f3mo integrar Booking Reviews en su sitio web HTML<\/h2><div class=\"video-container\"><iframe width=\"720\" height=\"405\" src=\"https:\/\/www.youtube.com\/embed\/9iCqdFLsxqA\" frameborder=\"0\"><\/iframe><\/div><p>Los pasos a continuaci\u00f3n son lo \u00fanico que debe hacer. <\/p> <ol><li><b>Dise\u00f1a tu complemento personal de Rese\u00f1as de reservas<\/b><br> En nuestro configurador gratuito, configura un complemento con un dise\u00f1o seleccionado y otras caracter\u00edsticas. <\/li><li><b>Copia el c\u00f3digo personal para integrar el complemento<\/b><br> Despu\u00e9s de haber configurado tu widget, obtendr\u00e1s el c\u00f3digo \u00fanico en la ventana que aparece en Elfsight Apps. C\u00f3pielo para su uso posterior. <\/li> <li><b>Publique el complemento en su sitio web HTML<\/b><br> Elija el \u00e1rea donde desea integrar el complemento e inserte el c\u00f3digo guardado all\u00ed. Aplicar los cambios. <\/li> <li><b>La instalaci\u00f3n ha finalizado<\/b><br>Vaya a la p\u00e1gina con el widget para verlo.<\/li> <\/ol><p>\u00bfA\u00fan tienes dudas o consultas? Simplemente env\u00ede una solicitud a nuestro equipo de soporte. Resolveremos cualquier problema. <\/p> <\/div>","protected":false},"excerpt":{"rendered":"","protected":false},"author":9,"featured_media":0,"parent":628,"menu_order":0,"comment_status":"closed","ping_status":"closed","template":"templates\/template-application-platform.php","meta":{"publish_to_discourse":"","publish_post_category":"","wpdc_auto_publish_overridden":"","wpdc_topic_tags":"","wpdc_pin_topic":"","wpdc_pin_until":"","discourse_post_id":"","discourse_permalink":"","wpdc_publishing_response":"","wpdc_publishing_error":"","footnotes":""},"class_list":["post-8379","page","type-page","status-publish","hentry"],"yoast_head":"<!-- This site is optimized with the Yoast SEO plugin v25.3.1 - https:\/\/yoast.com\/wordpress\/plugins\/seo\/ -->\n<title>Incrustar rese\u00f1as de reservas en un sitio web HTML (r\u00e1pido y sencillo)<\/title>\n<meta name=\"description\" content=\"Con Elfsight, cree su widget de Rese\u00f1as de reservas y agr\u00e9guelo r\u00e1pidamente a su sitio web HTML. Ofrecemos atenci\u00f3n al cliente gratuita y m\u00e1s bonificaciones.\" \/>\n<meta name=\"robots\" content=\"index, follow, max-snippet:-1, max-image-preview:large, max-video-preview:-1\" \/>\n<link rel=\"canonical\" href=\"https:\/\/elfsight.com\/es\/booking-reviews-widget\/html\/\" \/>\n<meta property=\"og:locale\" content=\"es_ES\" \/>\n<meta property=\"og:type\" content=\"article\" \/>\n<meta property=\"og:title\" content=\"Incrustar rese\u00f1as de reservas en un sitio web HTML (r\u00e1pido y sencillo)\" \/>\n<meta property=\"og:description\" content=\"Con Elfsight, cree su widget de Rese\u00f1as de reservas y agr\u00e9guelo r\u00e1pidamente a su sitio web HTML. Ofrecemos atenci\u00f3n al cliente gratuita y m\u00e1s bonificaciones.\" \/>\n<meta property=\"og:url\" content=\"https:\/\/elfsight.com\/es\/booking-reviews-widget\/html\/\" \/>\n<meta property=\"og:site_name\" content=\"Elfsight ES\" \/>\n<meta property=\"article:modified_time\" content=\"2025-02-06T15:38:00+00:00\" \/>\n<meta name=\"twitter:card\" content=\"summary_large_image\" \/>\n<meta name=\"twitter:label1\" content=\"Tiempo de lectura\" \/>\n\t<meta name=\"twitter:data1\" content=\"3 minutos\" \/>\n<!-- \/ Yoast SEO plugin. -->","yoast_head_json":{"title":"Incrustar rese\u00f1as de reservas en un sitio web HTML (r\u00e1pido y sencillo)","description":"Con Elfsight, cree su widget de Rese\u00f1as de reservas y agr\u00e9guelo r\u00e1pidamente a su sitio web HTML. Ofrecemos atenci\u00f3n al cliente gratuita y m\u00e1s bonificaciones.","robots":{"index":"index","follow":"follow","max-snippet":"max-snippet:-1","max-image-preview":"max-image-preview:large","max-video-preview":"max-video-preview:-1"},"canonical":"https:\/\/elfsight.com\/es\/booking-reviews-widget\/html\/","og_locale":"es_ES","og_type":"article","og_title":"Incrustar rese\u00f1as de reservas en un sitio web HTML (r\u00e1pido y sencillo)","og_description":"Con Elfsight, cree su widget de Rese\u00f1as de reservas y agr\u00e9guelo r\u00e1pidamente a su sitio web HTML. Ofrecemos atenci\u00f3n al cliente gratuita y m\u00e1s bonificaciones.","og_url":"https:\/\/elfsight.com\/es\/booking-reviews-widget\/html\/","og_site_name":"Elfsight ES","article_modified_time":"2025-02-06T15:38:00+00:00","twitter_card":"summary_large_image","twitter_misc":{"Tiempo de lectura":"3 minutos"},"schema":{"@context":"https:\/\/schema.org","@graph":[{"@type":"WebPage","@id":"https:\/\/elfsight.com\/es\/booking-reviews-widget\/html\/","url":"https:\/\/elfsight.com\/es\/booking-reviews-widget\/html\/","name":"Incrustar rese\u00f1as de reservas en un sitio web HTML (r\u00e1pido y sencillo)","isPartOf":{"@id":"https:\/\/elfsight.com\/es\/#website"},"datePublished":"1970-01-01T00:00:00+00:00","dateModified":"2025-02-06T15:38:00+00:00","description":"Con Elfsight, cree su widget de Rese\u00f1as de reservas y agr\u00e9guelo r\u00e1pidamente a su sitio web HTML. Ofrecemos atenci\u00f3n al cliente gratuita y m\u00e1s bonificaciones.","breadcrumb":{"@id":"https:\/\/elfsight.com\/es\/booking-reviews-widget\/html\/#breadcrumb"},"inLanguage":"es","potentialAction":[{"@type":"ReadAction","target":["https:\/\/elfsight.com\/es\/booking-reviews-widget\/html\/"]}]},{"@type":"BreadcrumbList","@id":"https:\/\/elfsight.com\/es\/booking-reviews-widget\/html\/#breadcrumb","itemListElement":[{"@type":"ListItem","position":1,"name":"Home","item":"https:\/\/elfsight.com\/es\/"},{"@type":"ListItem","position":2,"name":"Booking Reviews","item":"https:\/\/elfsight.com\/es\/booking-reviews-widget\/"},{"@type":"ListItem","position":3,"name":"Booking Reviews &#8211; HTML"}]},{"@type":"WebSite","@id":"https:\/\/elfsight.com\/es\/#website","url":"https:\/\/elfsight.com\/es\/","name":"Elfsight ES","description":"Just another Elfsight Sites site","potentialAction":[{"@type":"SearchAction","target":{"@type":"EntryPoint","urlTemplate":"https:\/\/elfsight.com\/es\/?s={search_term_string}"},"query-input":{"@type":"PropertyValueSpecification","valueRequired":true,"valueName":"search_term_string"}}],"inLanguage":"es"}]}},"meta_box":{"industry":"","seo_heading":"","heading":"","description":"","cta_heading":"","cta_description":"","application":"627","h1":"Rese\u00f1as HTML de Booking.com","h1_caption":"Publica las mejores opiniones de los usuarios de Booking en tu sitio","application_category":[],"applications_title":"","applications_request_title":"","applications_request_button_text":"","hero_text":"","hero_video":"","hero_video_schema_markup":"","selling_points_title":"","selling_points_caption":"","selling_points":[],"selling_points_cta_text":"","features_title":"","features":"","ed_cta_examples_text":"","ed_cta_examples_hidden":"","ed_cta_demo_text":"","ed_cta_demo_hidden":"","why_caption":"","why_editor_title":"","why_editor_text":"","why_team_title":"","why_team_text":"","why_service_title":"","why_service_text":"","template_catalog_visible":"","template_catalog_title":"","template_catalog_text":"","template_catalog_categories_visible":"","demo_title":"Crea tu widget de Rese\u00f1as de Reservas","demo_caption":"\u00a1Configure sus Rese\u00f1as de Reservas y agr\u00e9guelas a su sitio web HTML de forma gratuita!","default_faq_hidden":"","app_template_category":[],"platform":"70","template_public_id":"","codecanyon_url":"","codecanyon_item_id":"","codecanyon_price":"","pricing_caption":"","pricing_elfsight_apps_hide_column":"","pricing_elfsight_apps_url":"","pricing_codecanyon_price_caption":"","integration_category":[],"integration_request_title":"","integration_request_cta":"","integration_platform":"","integrations":[],"platform_category":[],"video_schema_markup":"","price":"desde $0 \/ mes","trial":"","benefits":[{"text":"Asistencia de instalaci\u00f3n gratuita"},{"text":"Servicio al cliente profesional"},{"text":"Garant\u00eda de reembolso de 14 d\u00edas"},{"text":"Actualizaciones peri\u00f3dicas"}],"button_url":"#demo","button_target_blank":"","button_nofollow":"","attributes":[{"name":"Instalaciones","content":"10,000 - 100,000"},{"name":"Sensible","content":"S\u00ed"},{"name":"Navegadores compatibles","content":"Firefox, Safari, Opera, Chrome, Edge"}],"tags":[],"tags_disable_links":"","hide_more_platforms":"","video_object":"","demo_hide_cta":"","demo_hide_cloud_options":"","pricing_title":"","pricing":[{"pricing_icon":"platform","pricing_title":"Elfsight Apps","pricing_title_caption":"Versi\u00f3n independiente de la plataforma que se adapta a cualquier sitio","pricing_price":"desde $0 \/ mes","pricing_price_caption":"comienza con el plan gratuito","pricing_benefits":[{"text":"Dominios ilimitados"},{"text":"Soporte r\u00e1pido"},{"text":"Servicio de instalaci\u00f3n gratuito"},{"text":"Gran oferta para m\u00faltiples aplicaciones"}],"pricing_button_text":"A\u00f1adir al sitio web","pricing_button_url":"#demo"}],"related_apps_title":"","related_apps_hidden":"","author":"","image":[],"title":"","job":"","social_networks":[]},"_links":{"self":[{"href":"https:\/\/elfsight.com\/es\/wp-json\/wp\/v2\/pages\/8379","targetHints":{"allow":["GET"]}}],"collection":[{"href":"https:\/\/elfsight.com\/es\/wp-json\/wp\/v2\/pages"}],"about":[{"href":"https:\/\/elfsight.com\/es\/wp-json\/wp\/v2\/types\/page"}],"author":[{"embeddable":true,"href":"https:\/\/elfsight.com\/es\/wp-json\/wp\/v2\/users\/9"}],"replies":[{"embeddable":true,"href":"https:\/\/elfsight.com\/es\/wp-json\/wp\/v2\/comments?post=8379"}],"version-history":[{"count":2,"href":"https:\/\/elfsight.com\/es\/wp-json\/wp\/v2\/pages\/8379\/revisions"}],"predecessor-version":[{"id":18550,"href":"https:\/\/elfsight.com\/es\/wp-json\/wp\/v2\/pages\/8379\/revisions\/18550"}],"up":[{"embeddable":true,"href":"https:\/\/elfsight.com\/es\/wp-json\/wp\/v2\/pages\/628"}],"wp:attachment":[{"href":"https:\/\/elfsight.com\/es\/wp-json\/wp\/v2\/media?parent=8379"}],"curies":[{"name":"wp","href":"https:\/\/api.w.org\/{rel}","templated":true}]}}