{"id":8378,"date":"1970-01-01T00:00:00","date_gmt":"1970-01-01T00:00:00","guid":{"rendered":"https:\/\/elfsight.com\/es\/?page_id=8378"},"modified":"2025-02-06T15:38:00","modified_gmt":"2025-02-06T15:38:00","slug":"google-sites","status":"publish","type":"page","link":"https:\/\/elfsight.com\/es\/booking-reviews-widget\/google-sites\/","title":{"rendered":"Booking Reviews &#8211; Google Sites"},"content":{"rendered":"<div class=\"application-platform-content-item-description application-platform-content-item\" id=\"description\" data-nav-section=\"description\"> <h2>Integrar rese\u00f1as de reservas en Google Sites con el widget de Elfsight<\/h2> <p>Si necesita mostrar la alta valoraci\u00f3n que tiene por parte de los clientes y convencer a los visitantes del sitio web de que vale la pena comprar sus productos o servicios, Elfsight Booking Reviews para Google Sites ser\u00e1 la elecci\u00f3n correcta. Con nuestra herramienta, podr\u00e1 colocar las rese\u00f1as de los usuarios de Booking en su sitio web con informaci\u00f3n sobre sus autores, ordenarlas para revelar solo las buenas, mostrar calificaciones y un bot\u00f3n de solicitud de rese\u00f1a que llevar\u00e1 a las personas a su p\u00e1gina de Booking, donde podr\u00e1n escribir una rese\u00f1a m\u00e1s.  <\/p> <p><b>Con las rese\u00f1as de reservas, vea el desarrollo empresarial activo y aumente las ventas <\/b><\/p> <\/div> <div class=\"application-platform-content-item-features application-platform-content-item\" id=\"features\" data-nav-section=\"features\"> <h2>Estas son las caracter\u00edsticas centrales del widget: <\/h2> <ul> <li>Cuatro dise\u00f1os predefinidos: lista, cuadr\u00edcula, mamposter\u00eda y control deslizante; <\/li> <li>El bot\u00f3n para solicitar una revisi\u00f3n lleva a los usuarios a su p\u00e1gina de Reservas; <\/li> <li>Dos variantes de escenarios despu\u00e9s del rechazo de una solicitud de revisi\u00f3n: mostrar un mensaje de texto u ocultar el bot\u00f3n. <\/li> <\/ul><p><a href=\"#demo\">Puedes sentir el valor del widget con la ayuda de la demostraci\u00f3n<\/a><\/p> <\/div> <div class=\"application-platform-content-item-installation application-platform-content-item\" id=\"installation\" data-nav-section=\"installation\"> <h2>\u00bfC\u00f3mo puedo agregar rese\u00f1as de reservas a mi p\u00e1gina web de Google Sites? <\/h2><div class=\"video-container\"><iframe width=\"720\" height=\"405\" src=\"https:\/\/www.youtube.com\/embed\/CuzMC2vW9dk\"><\/iframe><\/div><p>Simplemente aplique las instrucciones a continuaci\u00f3n para comenzar a usar la herramienta. <\/p> <ol><li><b>Administra nuestro configurador gratuito y comienza a crear tu complemento personalizado. <\/b><br> Determine el aspecto y la funcionalidad adecuados del complemento y guarde las ediciones. <\/li> <li><b>Obtenga su c\u00f3digo individual revelado en el formulario especial en Elfsight Apps. <\/b><br> Inmediatamente despu\u00e9s de que se complete la generaci\u00f3n de su widget, copie el c\u00f3digo personal en la ventana que aparece y gu\u00e1rdelo para futuras ocasiones. <\/li> <li><b>Inicie la aplicaci\u00f3n de la herramienta en su sitio web de Google Sites. <\/b><br>Integre el c\u00f3digo copiado anteriormente en su p\u00e1gina y guarde las ediciones. <\/li> <li><b>La instalaci\u00f3n se ha realizado por completo. <\/b><br> Visite su sitio web para ver c\u00f3mo funciona la herramienta. <\/li><\/ol> <div class=\"tip-yellow tip\"><b>Debido a las peculiaridades del trabajo de Google Sites, el widget puede tener un aspecto diferente al de la demostraci\u00f3n en l\u00ednea. Nos disculpamos por cualquier inconveniente causado.<\/b><\/div><p>A condici\u00f3n de resolver preguntas o enfrentar algunas complicaciones, no dude en comunicarse con nuestro equipo de soporte. Nuestros especialistas estar\u00e1n encantados de resolver todos los problemas que pueda tener con el producto. <\/p> <div class=\"faq\" data-component=\"FAQ\"> <div class=\"faq-item\">\r\n\t\t\t\t\t<div class=\"faq-item-question\">\r\n\t\t\t\t\t\t<h3 class=\"faq-item-question-text\">\u00bfC\u00f3mo agregar Rese\u00f1as de Amazon a mi sitio web de Google Sites sin conocimientos de codificaci\u00f3n?<\/h3>\r\n\r\n\t\t\t\t\t\t<div class=\"faq-item-question-icon\"><\/div>\r\n\t\t\t\t\t<\/div>\r\n\r\n\t\t\t\t\t<div class=\"faq-item-answer\">\r\n\t\t\t\t\t\t<div class=\"faq-item-answer-text\"> <p>Elfsight proporciona una soluci\u00f3n SaaS que le permite crear un widget de Rese\u00f1as de Amazon usted mismo. Vea lo f\u00e1cil que es el proceso: trabaje directamente en el editor en l\u00ednea para crear un widget de Rese\u00f1as de Amazon que le gustar\u00eda ver en su sitio web de Google Sites. Elija una de las plantillas predise\u00f1adas y ajuste la configuraci\u00f3n de Rese\u00f1as de Amazon, agregue su contenido, cambie el dise\u00f1o y la combinaci\u00f3n de colores sin conocimientos de codificaci\u00f3n. Guarde las rese\u00f1as de Amazon y copie su c\u00f3digo de instalaci\u00f3n, que puede pegar f\u00e1cilmente en su sitio web de Google Sites sin comprar una versi\u00f3n paga. Con nuestro editor intuitivo, cualquier usuario de Internet puede crear un widget de Rese\u00f1as de Amazon en l\u00ednea e incrustarlo f\u00e1cilmente en su sitio web de Google Sites. No es necesario pagar ni ingresar las credenciales de su tarjeta para acceder al servicio. Si tiene alg\u00fan problema en cualquier paso, no dude en ponerse en contacto con nuestro equipo de soporte t\u00e9cnico.<\/p> <\/div>\r\n\t\t\t\t\t<\/div>\r\n\t\t\t\t<\/div> <\/div> <\/div>","protected":false},"excerpt":{"rendered":"","protected":false},"author":9,"featured_media":0,"parent":628,"menu_order":0,"comment_status":"closed","ping_status":"closed","template":"templates\/template-application-platform.php","meta":{"publish_to_discourse":"","publish_post_category":"","wpdc_auto_publish_overridden":"","wpdc_topic_tags":"","wpdc_pin_topic":"","wpdc_pin_until":"","discourse_post_id":"","discourse_permalink":"","wpdc_publishing_response":"","wpdc_publishing_error":"","footnotes":""},"class_list":["post-8378","page","type-page","status-publish","hentry"],"yoast_head":"<!-- This site is optimized with the Yoast SEO plugin v25.3.1 - https:\/\/yoast.com\/wordpress\/plugins\/seo\/ -->\n<title>Rese\u00f1as de reservas: agregar rese\u00f1as de reservas a Google Sites (2025)<\/title>\n<meta name=\"description\" content=\"Agregue un complemento responsivo de Rese\u00f1as de reservas en su p\u00e1gina web de Google Sites y gane plena confianza. Utilice la demostraci\u00f3n de Elfsight para crear su funci\u00f3n personalizada.\" \/>\n<meta name=\"robots\" content=\"index, follow, max-snippet:-1, max-image-preview:large, max-video-preview:-1\" \/>\n<link rel=\"canonical\" href=\"https:\/\/elfsight.com\/es\/booking-reviews-widget\/google-sites\/\" \/>\n<meta property=\"og:locale\" content=\"es_ES\" \/>\n<meta property=\"og:type\" content=\"article\" \/>\n<meta property=\"og:title\" content=\"Rese\u00f1as de reservas: agregar rese\u00f1as de reservas a Google Sites (2025)\" \/>\n<meta property=\"og:description\" content=\"Agregue un complemento responsivo de Rese\u00f1as de reservas en su p\u00e1gina web de Google Sites y gane plena confianza. Utilice la demostraci\u00f3n de Elfsight para crear su funci\u00f3n personalizada.\" \/>\n<meta property=\"og:url\" content=\"https:\/\/elfsight.com\/es\/booking-reviews-widget\/google-sites\/\" \/>\n<meta property=\"og:site_name\" content=\"Elfsight ES\" \/>\n<meta property=\"article:modified_time\" content=\"2025-02-06T15:38:00+00:00\" \/>\n<meta name=\"twitter:card\" content=\"summary_large_image\" \/>\n<meta name=\"twitter:label1\" content=\"Tiempo de lectura\" \/>\n\t<meta name=\"twitter:data1\" content=\"3 minutos\" \/>\n<!-- \/ Yoast SEO plugin. -->","yoast_head_json":{"title":"Rese\u00f1as de reservas: agregar rese\u00f1as de reservas a Google Sites (2025)","description":"Agregue un complemento responsivo de Rese\u00f1as de reservas en su p\u00e1gina web de Google Sites y gane plena confianza. Utilice la demostraci\u00f3n de Elfsight para crear su funci\u00f3n personalizada.","robots":{"index":"index","follow":"follow","max-snippet":"max-snippet:-1","max-image-preview":"max-image-preview:large","max-video-preview":"max-video-preview:-1"},"canonical":"https:\/\/elfsight.com\/es\/booking-reviews-widget\/google-sites\/","og_locale":"es_ES","og_type":"article","og_title":"Rese\u00f1as de reservas: agregar rese\u00f1as de reservas a Google Sites (2025)","og_description":"Agregue un complemento responsivo de Rese\u00f1as de reservas en su p\u00e1gina web de Google Sites y gane plena confianza. Utilice la demostraci\u00f3n de Elfsight para crear su funci\u00f3n personalizada.","og_url":"https:\/\/elfsight.com\/es\/booking-reviews-widget\/google-sites\/","og_site_name":"Elfsight ES","article_modified_time":"2025-02-06T15:38:00+00:00","twitter_card":"summary_large_image","twitter_misc":{"Tiempo de lectura":"3 minutos"},"schema":{"@context":"https:\/\/schema.org","@graph":[{"@type":"WebPage","@id":"https:\/\/elfsight.com\/es\/booking-reviews-widget\/google-sites\/","url":"https:\/\/elfsight.com\/es\/booking-reviews-widget\/google-sites\/","name":"Rese\u00f1as de reservas: agregar rese\u00f1as de reservas a Google Sites (2025)","isPartOf":{"@id":"https:\/\/elfsight.com\/es\/#website"},"datePublished":"1970-01-01T00:00:00+00:00","dateModified":"2025-02-06T15:38:00+00:00","description":"Agregue un complemento responsivo de Rese\u00f1as de reservas en su p\u00e1gina web de Google Sites y gane plena confianza. Utilice la demostraci\u00f3n de Elfsight para crear su funci\u00f3n personalizada.","breadcrumb":{"@id":"https:\/\/elfsight.com\/es\/booking-reviews-widget\/google-sites\/#breadcrumb"},"inLanguage":"es","potentialAction":[{"@type":"ReadAction","target":["https:\/\/elfsight.com\/es\/booking-reviews-widget\/google-sites\/"]}]},{"@type":"BreadcrumbList","@id":"https:\/\/elfsight.com\/es\/booking-reviews-widget\/google-sites\/#breadcrumb","itemListElement":[{"@type":"ListItem","position":1,"name":"Home","item":"https:\/\/elfsight.com\/es\/"},{"@type":"ListItem","position":2,"name":"Booking Reviews","item":"https:\/\/elfsight.com\/es\/booking-reviews-widget\/"},{"@type":"ListItem","position":3,"name":"Booking Reviews &#8211; Google Sites"}]},{"@type":"WebSite","@id":"https:\/\/elfsight.com\/es\/#website","url":"https:\/\/elfsight.com\/es\/","name":"Elfsight ES","description":"Just another Elfsight Sites site","potentialAction":[{"@type":"SearchAction","target":{"@type":"EntryPoint","urlTemplate":"https:\/\/elfsight.com\/es\/?s={search_term_string}"},"query-input":{"@type":"PropertyValueSpecification","valueRequired":true,"valueName":"search_term_string"}}],"inLanguage":"es"}]}},"meta_box":{"industry":"","seo_heading":"","heading":"","description":"","cta_heading":"","cta_description":"","application":"627","h1":"Widget de rese\u00f1as de Booking.com de Google Sites","h1_caption":"Muestra las mejores opiniones de clientes de Booking en tu web","application_category":[],"applications_title":"","applications_request_title":"","applications_request_button_text":"","hero_text":"","hero_video":"","hero_video_schema_markup":"","selling_points_title":"","selling_points_caption":"","selling_points":[],"selling_points_cta_text":"","features_title":"","features":"","ed_cta_examples_text":"","ed_cta_examples_hidden":"","ed_cta_demo_text":"","ed_cta_demo_hidden":"","why_caption":"","why_editor_title":"","why_editor_text":"","why_team_title":"","why_team_text":"","why_service_title":"","why_service_text":"","template_catalog_visible":"","template_catalog_title":"","template_catalog_text":"","template_catalog_categories_visible":"","demo_title":"Crea tu widget de Rese\u00f1as de Reservas","demo_caption":"Configure sus Rese\u00f1as de reservas y agr\u00e9guelas a su sitio web de Google Sites de forma gratuita.","default_faq_hidden":"","app_template_category":[],"platform":"67","template_public_id":"","codecanyon_url":"","codecanyon_item_id":"","codecanyon_price":"","pricing_caption":"","pricing_elfsight_apps_hide_column":"","pricing_elfsight_apps_url":"","pricing_codecanyon_price_caption":"","integration_category":[],"integration_request_title":"","integration_request_cta":"","integration_platform":"","integrations":[],"platform_category":[],"video_schema_markup":"","price":"desde $0 \/ mes","trial":"","benefits":[{"text":"Asistencia de instalaci\u00f3n gratuita"},{"text":"Soporte excepcional"},{"text":"Garant\u00eda de reembolso de 14 d\u00edas"},{"text":"Actualizaciones gratuitas continuas"}],"button_url":"#demo","button_target_blank":"","button_nofollow":"","attributes":[{"name":"Instalaciones","content":"10,000 - 100,000"},{"name":"Sensible","content":"Listo para dispositivos m\u00f3viles primero"},{"name":"Navegadores compatibles","content":"Firefox, Edge, Chrome, Safari, Opera"}],"tags":[],"tags_disable_links":"","hide_more_platforms":"","video_object":"","demo_hide_cta":"","demo_hide_cloud_options":"","pricing_title":"","pricing":[{"pricing_icon":"platform","pricing_title":"Elfsight Apps","pricing_title_caption":"Soluci\u00f3n multiplataforma","pricing_price":"desde $0 \/ mes","pricing_price_caption":"comienza con el plan gratuito","pricing_benefits":[{"text":"N\u00famero ilimitado de dominios"},{"text":"Soporte profesional y puntual"},{"text":"Servicio de instalaci\u00f3n gratuito"},{"text":"Oferta especial para m\u00faltiples aplicaciones."}],"pricing_button_text":"A\u00f1adir al sitio web","pricing_button_url":"#demo"}],"related_apps_title":"","related_apps_hidden":"","author":"","image":[],"title":"","job":"","social_networks":[]},"_links":{"self":[{"href":"https:\/\/elfsight.com\/es\/wp-json\/wp\/v2\/pages\/8378","targetHints":{"allow":["GET"]}}],"collection":[{"href":"https:\/\/elfsight.com\/es\/wp-json\/wp\/v2\/pages"}],"about":[{"href":"https:\/\/elfsight.com\/es\/wp-json\/wp\/v2\/types\/page"}],"author":[{"embeddable":true,"href":"https:\/\/elfsight.com\/es\/wp-json\/wp\/v2\/users\/9"}],"replies":[{"embeddable":true,"href":"https:\/\/elfsight.com\/es\/wp-json\/wp\/v2\/comments?post=8378"}],"version-history":[{"count":2,"href":"https:\/\/elfsight.com\/es\/wp-json\/wp\/v2\/pages\/8378\/revisions"}],"predecessor-version":[{"id":18551,"href":"https:\/\/elfsight.com\/es\/wp-json\/wp\/v2\/pages\/8378\/revisions\/18551"}],"up":[{"embeddable":true,"href":"https:\/\/elfsight.com\/es\/wp-json\/wp\/v2\/pages\/628"}],"wp:attachment":[{"href":"https:\/\/elfsight.com\/es\/wp-json\/wp\/v2\/media?parent=8378"}],"curies":[{"name":"wp","href":"https:\/\/api.w.org\/{rel}","templated":true}]}}