{"id":8373,"date":"1970-01-01T00:00:00","date_gmt":"1970-01-01T00:00:00","guid":{"rendered":"https:\/\/elfsight.com\/es\/?page_id=8373"},"modified":"2025-02-06T15:38:00","modified_gmt":"2025-02-06T15:38:00","slug":"godaddy","status":"publish","type":"page","link":"https:\/\/elfsight.com\/es\/booking-reviews-widget\/godaddy\/","title":{"rendered":"Booking Reviews &#8211; GoDaddy"},"content":{"rendered":"<div class=\"application-platform-content-item-description application-platform-content-item\" id=\"description\" data-nav-section=\"description\"> <h2>Incorporar rese\u00f1as de reservas en GoDaddy con el widget de Elfsight<\/h2> <p>Elfsight Booking Reviews es un complemento sencillo para GoDaddy que le permite insertar en su sitio rese\u00f1as sobre su negocio publicadas en Booking. Con este complemento, podr\u00e1 utilizar filtros para clasificar rese\u00f1as no deseadas, mostrar sus calificaciones de estrellas y n\u00fameros de Booking, mostrar detalles sobre los autores e integrar un bot\u00f3n que ayudar\u00e1 a los visitantes a escribir una nueva rese\u00f1a en Booking. El complemento Elfsight Booking Reviews lo ayudar\u00e1 a presumir de su prueba social perfecta en su sitio web y aumentar las ventas. <\/p> <p><b>\u00a1Muestre los mejores testimonios de clientes de Booking en su sitio!<\/b><\/p> <\/div> <div class=\"application-platform-content-item-features application-platform-content-item\" id=\"features\" data-nav-section=\"features\"> <h2>Estas son solo algunas de las valiosas funciones del complemento: <\/h2> <ul> <li>4 dise\u00f1os disponibles: Lista, Cuadr\u00edcula, Masoner\u00eda y Control deslizante; <\/li> <li>El bot\u00f3n de solicitud de revisi\u00f3n lleva a las personas a la p\u00e1gina de Reservas; <\/li> <li>6 elementos ajustables de la interfaz: el nombre del autor y la foto, texto de recomendaci\u00f3n, fecha de salida, icono de reserva y calificaci\u00f3n de estrellas; <\/li> <\/ul><p><a href=\"#demo\">Puedes explorar si el complemento es para ti con la ayuda de la demostraci\u00f3n<\/a><\/p> <\/div> <div class=\"application-platform-content-item-installation application-platform-content-item\" id=\"installation\" data-nav-section=\"installation\"> <h2>\u00bfC\u00f3mo incorporo Booking Reviews en mi sitio GoDaddy? <\/h2> <p>Simplemente siga estos pasos que se describen a continuaci\u00f3n para insertar el complemento. <\/p> <ol><li><b>Haz uso de nuestra demostraci\u00f3n gratuita y comienza a formar tu instrumento \u00fanico. <\/b><br> Especifique el dise\u00f1o preferible y las caracter\u00edsticas funcionales del complemento y guarde las modificaciones. <\/li> <li><b>Adquiera el c\u00f3digo individual que se muestra en el formulario especial en Elfsight Apps. <\/b><br> Una vez finalizada la generaci\u00f3n de su herramienta, copie el c\u00f3digo personal en el cuadro que aparece y gu\u00e1rdelo para uso futuro. <\/li> <li><b>Iniciar la aplicaci\u00f3n de la herramienta en la p\u00e1gina web de GoDaddy. <\/b><br> Pega el c\u00f3digo que has guardado recientemente en tu sitio web y aplica las modificaciones. <\/li> <li><b>\u00a1Ya terminaste! La incrustaci\u00f3n se realiza con \u00e9xito. <\/b><br>Vaya a su p\u00e1gina web para ver c\u00f3mo funciona el complemento. <\/li><\/ol> <p>Si tienes dudas o te encuentras con algunos obst\u00e1culos, no dudes en ponerte en contacto con nuestro equipo de atenci\u00f3n al cliente. Nuestros asesores est\u00e1n deseosos de resolver todas las dudas que puedas tener con el producto. <\/p> <div class=\"faq\" data-component=\"FAQ\"> <div class=\"faq-item\">\r\n\t\t\t\t\t<div class=\"faq-item-question\">\r\n\t\t\t\t\t\t<h3 class=\"faq-item-question-text\">\u00bfC\u00f3mo agregar rese\u00f1as de Amazon a mi sitio web de GoDaddy sin conocimientos de codificaci\u00f3n?<\/h3>\r\n\r\n\t\t\t\t\t\t<div class=\"faq-item-question-icon\"><\/div>\r\n\t\t\t\t\t<\/div>\r\n\r\n\t\t\t\t\t<div class=\"faq-item-answer\">\r\n\t\t\t\t\t\t<div class=\"faq-item-answer-text\"> <p>Elfsight proporciona una soluci\u00f3n SaaS que le permite crear un widget de rese\u00f1as de Amazon usted mismo. Vea lo f\u00e1cil que es el proceso: trabaje directamente en el editor en l\u00ednea para crear un widget de rese\u00f1as de Amazon que le gustar\u00eda ver en su sitio web de GoDaddy. Elija una de las plantillas predise\u00f1adas y ajuste la configuraci\u00f3n de Rese\u00f1as de Amazon, agregue su contenido, cambie el dise\u00f1o y los colores sin conocimientos de codificaci\u00f3n. Guarde las rese\u00f1as de Amazon y copie su c\u00f3digo de instalaci\u00f3n, que puede pegar f\u00e1cilmente en su sitio web de GoDaddy sin comprar una versi\u00f3n paga. Con nuestro editor intuitivo, cualquier usuario de Internet puede crear un widget de Rese\u00f1as de Amazon en l\u00ednea e incrustarlo f\u00e1cilmente en su sitio web GoDaddy. No es necesario pagar ni ingresar las credenciales de su tarjeta para acceder al servicio. Si tiene alg\u00fan problema en cualquier paso, no dude en ponerse en contacto con nuestro equipo de soporte t\u00e9cnico.<\/p> <\/div>\r\n\t\t\t\t\t<\/div>\r\n\t\t\t\t<\/div> <\/div> <\/div>","protected":false},"excerpt":{"rendered":"","protected":false},"author":9,"featured_media":0,"parent":628,"menu_order":0,"comment_status":"closed","ping_status":"closed","template":"templates\/template-application-platform.php","meta":{"publish_to_discourse":"","publish_post_category":"","wpdc_auto_publish_overridden":"","wpdc_topic_tags":"","wpdc_pin_topic":"","wpdc_pin_until":"","discourse_post_id":"","discourse_permalink":"","wpdc_publishing_response":"","wpdc_publishing_error":"","footnotes":""},"class_list":["post-8373","page","type-page","status-publish","hentry"],"yoast_head":"<!-- This site is optimized with the Yoast SEO plugin v25.3.1 - https:\/\/yoast.com\/wordpress\/plugins\/seo\/ -->\n<title>Complemento de rese\u00f1as de reservas: \u00a1agregue el complemento de rese\u00f1as al sitio web de GoDaddy!<\/title>\n<meta name=\"description\" content=\"\u00a1Proporcione a su audiencia una manera f\u00e1cil de dejar una rese\u00f1a sobre su negocio usando un sencillo complemento de Rese\u00f1as de reservas para el sitio web de GoDaddy!\" \/>\n<meta name=\"robots\" content=\"index, follow, max-snippet:-1, max-image-preview:large, max-video-preview:-1\" \/>\n<link rel=\"canonical\" href=\"https:\/\/elfsight.com\/es\/booking-reviews-widget\/godaddy\/\" \/>\n<meta property=\"og:locale\" content=\"es_ES\" \/>\n<meta property=\"og:type\" content=\"article\" \/>\n<meta property=\"og:title\" content=\"Complemento de rese\u00f1as de reservas: \u00a1agregue el complemento de rese\u00f1as al sitio web de GoDaddy!\" \/>\n<meta property=\"og:description\" content=\"\u00a1Proporcione a su audiencia una manera f\u00e1cil de dejar una rese\u00f1a sobre su negocio usando un sencillo complemento de Rese\u00f1as de reservas para el sitio web de GoDaddy!\" \/>\n<meta property=\"og:url\" content=\"https:\/\/elfsight.com\/es\/booking-reviews-widget\/godaddy\/\" \/>\n<meta property=\"og:site_name\" content=\"Elfsight ES\" \/>\n<meta property=\"article:modified_time\" content=\"2025-02-06T15:38:00+00:00\" \/>\n<meta name=\"twitter:card\" content=\"summary_large_image\" \/>\n<meta name=\"twitter:label1\" content=\"Tiempo de lectura\" \/>\n\t<meta name=\"twitter:data1\" content=\"3 minutos\" \/>\n<!-- \/ Yoast SEO plugin. -->","yoast_head_json":{"title":"Complemento de rese\u00f1as de reservas: \u00a1agregue el complemento de rese\u00f1as al sitio web de GoDaddy!","description":"\u00a1Proporcione a su audiencia una manera f\u00e1cil de dejar una rese\u00f1a sobre su negocio usando un sencillo complemento de Rese\u00f1as de reservas para el sitio web de GoDaddy!","robots":{"index":"index","follow":"follow","max-snippet":"max-snippet:-1","max-image-preview":"max-image-preview:large","max-video-preview":"max-video-preview:-1"},"canonical":"https:\/\/elfsight.com\/es\/booking-reviews-widget\/godaddy\/","og_locale":"es_ES","og_type":"article","og_title":"Complemento de rese\u00f1as de reservas: \u00a1agregue el complemento de rese\u00f1as al sitio web de GoDaddy!","og_description":"\u00a1Proporcione a su audiencia una manera f\u00e1cil de dejar una rese\u00f1a sobre su negocio usando un sencillo complemento de Rese\u00f1as de reservas para el sitio web de GoDaddy!","og_url":"https:\/\/elfsight.com\/es\/booking-reviews-widget\/godaddy\/","og_site_name":"Elfsight ES","article_modified_time":"2025-02-06T15:38:00+00:00","twitter_card":"summary_large_image","twitter_misc":{"Tiempo de lectura":"3 minutos"},"schema":{"@context":"https:\/\/schema.org","@graph":[{"@type":"WebPage","@id":"https:\/\/elfsight.com\/es\/booking-reviews-widget\/godaddy\/","url":"https:\/\/elfsight.com\/es\/booking-reviews-widget\/godaddy\/","name":"Complemento de rese\u00f1as de reservas: \u00a1agregue el complemento de rese\u00f1as al sitio web de GoDaddy!","isPartOf":{"@id":"https:\/\/elfsight.com\/es\/#website"},"datePublished":"1970-01-01T00:00:00+00:00","dateModified":"2025-02-06T15:38:00+00:00","description":"\u00a1Proporcione a su audiencia una manera f\u00e1cil de dejar una rese\u00f1a sobre su negocio usando un sencillo complemento de Rese\u00f1as de reservas para el sitio web de GoDaddy!","breadcrumb":{"@id":"https:\/\/elfsight.com\/es\/booking-reviews-widget\/godaddy\/#breadcrumb"},"inLanguage":"es","potentialAction":[{"@type":"ReadAction","target":["https:\/\/elfsight.com\/es\/booking-reviews-widget\/godaddy\/"]}]},{"@type":"BreadcrumbList","@id":"https:\/\/elfsight.com\/es\/booking-reviews-widget\/godaddy\/#breadcrumb","itemListElement":[{"@type":"ListItem","position":1,"name":"Home","item":"https:\/\/elfsight.com\/es\/"},{"@type":"ListItem","position":2,"name":"Booking Reviews","item":"https:\/\/elfsight.com\/es\/booking-reviews-widget\/"},{"@type":"ListItem","position":3,"name":"Booking Reviews &#8211; GoDaddy"}]},{"@type":"WebSite","@id":"https:\/\/elfsight.com\/es\/#website","url":"https:\/\/elfsight.com\/es\/","name":"Elfsight ES","description":"Just another Elfsight Sites site","potentialAction":[{"@type":"SearchAction","target":{"@type":"EntryPoint","urlTemplate":"https:\/\/elfsight.com\/es\/?s={search_term_string}"},"query-input":{"@type":"PropertyValueSpecification","valueRequired":true,"valueName":"search_term_string"}}],"inLanguage":"es"}]}},"meta_box":{"industry":"","seo_heading":"","heading":"","description":"","cta_heading":"","cta_description":"","application":"627","h1":"Complemento de rese\u00f1as de GoDaddy Booking.com","h1_caption":"Aumente las ventas haciendo alarde de su excelente calificaci\u00f3n y el reconocimiento de los clientes.","application_category":[],"applications_title":"","applications_request_title":"","applications_request_button_text":"","hero_text":"","hero_video":"","hero_video_schema_markup":"","selling_points_title":"","selling_points_caption":"","selling_points":[],"selling_points_cta_text":"","features_title":"","features":"","ed_cta_examples_text":"","ed_cta_examples_hidden":"","ed_cta_demo_text":"","ed_cta_demo_hidden":"","why_caption":"","why_editor_title":"","why_editor_text":"","why_team_title":"","why_team_text":"","why_service_title":"","why_service_text":"","template_catalog_visible":"","template_catalog_title":"","template_catalog_text":"","template_catalog_categories_visible":"","demo_title":"Crea tu complemento Rese\u00f1as de reservas","demo_caption":"\u00a1Configura tus rese\u00f1as de reservas y agr\u00e9galas a tu sitio web de GoDaddy gratis!","default_faq_hidden":"","app_template_category":[],"platform":"2183","template_public_id":"","codecanyon_url":"","codecanyon_item_id":"","codecanyon_price":"","pricing_caption":"","pricing_elfsight_apps_hide_column":"","pricing_elfsight_apps_url":"","pricing_codecanyon_price_caption":"","integration_category":[],"integration_request_title":"","integration_request_cta":"","integration_platform":"","integrations":[],"platform_category":[],"video_schema_markup":"","price":"desde $0 \/ mes","trial":"","benefits":[{"text":"Ayuda de instalaci\u00f3n gratuita"},{"text":"Soporte excepcional"},{"text":"Garant\u00eda de reembolso de 14 d\u00edas"},{"text":"Desarrollo continuo"}],"button_url":"#demo","button_target_blank":"","button_nofollow":"","attributes":[{"name":"Instalaciones","content":"10,000 - 100,000"},{"name":"Sensible","content":"S\u00ed"},{"name":"Navegadores compatibles","content":"IE11, Firefox, Safari, Opera, Chrome, Edge"}],"tags":[],"tags_disable_links":"","hide_more_platforms":"","video_object":"","demo_hide_cta":"","demo_hide_cloud_options":"","pricing_title":"","pricing":[{"pricing_icon":"platform","pricing_title":"Elfsight Apps","pricing_title_caption":"Software multiplataforma que se adapta a cualquier sitio web","pricing_price":"desde $0 \/ mes","pricing_price_caption":"comienza con el plan gratuito","pricing_benefits":[{"text":"Sitios web ilimitados"},{"text":"Soporte profesional, puntual y bien documentado."},{"text":"Ayuda de instalaci\u00f3n gratuita"},{"text":"100% personalizable"}],"pricing_button_text":"A\u00f1adir al sitio web","pricing_button_url":"#demo"}],"related_apps_title":"","related_apps_hidden":"","author":"","image":[],"title":"","job":"","social_networks":[]},"_links":{"self":[{"href":"https:\/\/elfsight.com\/es\/wp-json\/wp\/v2\/pages\/8373","targetHints":{"allow":["GET"]}}],"collection":[{"href":"https:\/\/elfsight.com\/es\/wp-json\/wp\/v2\/pages"}],"about":[{"href":"https:\/\/elfsight.com\/es\/wp-json\/wp\/v2\/types\/page"}],"author":[{"embeddable":true,"href":"https:\/\/elfsight.com\/es\/wp-json\/wp\/v2\/users\/9"}],"replies":[{"embeddable":true,"href":"https:\/\/elfsight.com\/es\/wp-json\/wp\/v2\/comments?post=8373"}],"version-history":[{"count":2,"href":"https:\/\/elfsight.com\/es\/wp-json\/wp\/v2\/pages\/8373\/revisions"}],"predecessor-version":[{"id":18552,"href":"https:\/\/elfsight.com\/es\/wp-json\/wp\/v2\/pages\/8373\/revisions\/18552"}],"up":[{"embeddable":true,"href":"https:\/\/elfsight.com\/es\/wp-json\/wp\/v2\/pages\/628"}],"wp:attachment":[{"href":"https:\/\/elfsight.com\/es\/wp-json\/wp\/v2\/media?parent=8373"}],"curies":[{"name":"wp","href":"https:\/\/api.w.org\/{rel}","templated":true}]}}