{"id":8371,"date":"1970-01-01T00:00:00","date_gmt":"1970-01-01T00:00:00","guid":{"rendered":"https:\/\/elfsight.com\/es\/?page_id=8371"},"modified":"2025-02-06T15:38:08","modified_gmt":"2025-02-06T15:38:08","slug":"elementor","status":"publish","type":"page","link":"https:\/\/elfsight.com\/es\/booking-reviews-widget\/elementor\/","title":{"rendered":"Booking Reviews &#8211; Elementor"},"content":{"rendered":"<div class=\"application-platform-content-item-description application-platform-content-item\" id=\"description\" data-nav-section=\"description\"> <h2>Incrustar rese\u00f1as de reservas en Elementor con el widget de Elfsight<\/h2> <p>Elfsight Booking Reviews es una herramienta \u00fatil que le facilitar\u00e1 la inserci\u00f3n en su sitio de rese\u00f1as sobre sus ofertas publicadas en Booking. Con este widget, puede utilizar filtros para ocultar rese\u00f1as negativas, agregar sus calificaciones de estrellas y n\u00fameros de Booking, agregar detalles sobre los autores y agregar un bot\u00f3n que llevar\u00e1 a los visitantes a agregar una nueva rese\u00f1a en Booking. Elfsight Booking Reviews le ayudar\u00e1 a demostrar su prueba social perfecta en su sitio web personal y a aumentar las ventas. <\/p> <div class=\"faq\" data-component=\"FAQ\"><div class=\"faq-item\">\r\n\t\t\t\t\t<div class=\"faq-item-question\">\r\n\t\t\t\t\t\t<h3 class=\"faq-item-question-text\">\u00bfD\u00f3nde puedo integrar el widget?<\/h3>\r\n\r\n\t\t\t\t\t\t<div class=\"faq-item-question-icon\"><\/div>\r\n\t\t\t\t\t<\/div>\r\n\r\n\t\t\t\t\t<div class=\"faq-item-answer\">\r\n\t\t\t\t\t\t<div class=\"faq-item-answer-text\"> <p>Puedes pegar el widget en cualquier p\u00e1gina de tu sitio o insertarlo en la plantilla del sitio web, en este caso se mostrar\u00e1 en todas las p\u00e1ginas. Las rese\u00f1as son efectivas en las p\u00e1ginas de productos o en la p\u00e1gina Acerca de nosotros, donde desea demostrar su alta calificaci\u00f3n. <\/p> <\/div>\r\n\t\t\t\t\t<\/div>\r\n\t\t\t\t<\/div><div class=\"faq-item\">\r\n\t\t\t\t\t<div class=\"faq-item-question\">\r\n\t\t\t\t\t\t<h3 class=\"faq-item-question-text\">\u00bfCu\u00e1les son las ventajas de tener este complemento para m\u00ed?<\/h3>\r\n\r\n\t\t\t\t\t\t<div class=\"faq-item-question-icon\"><\/div>\r\n\t\t\t\t\t<\/div>\r\n\r\n\t\t\t\t\t<div class=\"faq-item-answer\">\r\n\t\t\t\t\t\t<div class=\"faq-item-answer-text\"> <p>Las rese\u00f1as publicadas por personas reales son perfectamente confiables para los clientes de su sitio web y les muestran que su negocio es confiable. Una calificaci\u00f3n alta y excelentes testimonios pueden ayudar a elevar el nivel de ventas en su sitio web. Adem\u00e1s, el bot\u00f3n de redireccionamiento puede contribuir a generar m\u00e1s opiniones de clientes sobre tu negocio en Booking. <\/p> <\/div>\r\n\t\t\t\t\t<\/div>\r\n\t\t\t\t<\/div> <div class=\"faq-item\">\r\n\t\t\t\t\t<div class=\"faq-item-question\">\r\n\t\t\t\t\t\t<h3 class=\"faq-item-question-text\">\u00bfQu\u00e9 necesito para instalar Booking Reviews en mi sitio web Elementor?<\/h3>\r\n\r\n\t\t\t\t\t\t<div class=\"faq-item-question-icon\"><\/div>\r\n\t\t\t\t\t<\/div>\r\n\r\n\t\t\t\t\t<div class=\"faq-item-answer\">\r\n\t\t\t\t\t\t<div class=\"faq-item-answer-text\"> <p>Solo necesitar\u00e1s un minuto para comenzar a usar el widget. Es s\u00faper r\u00e1pido, gratuito y sin codificaci\u00f3n. <\/p> <ol><li>Existe una opci\u00f3n para insertar el widget en su sitio a trav\u00e9s de nuestro servicio. Para hacerlo, consulte las instrucciones a continuaci\u00f3n en esta p\u00e1gina. <\/li> <li>Las rese\u00f1as de reservas de Elfsight se pueden integrar en nuestro servicio o en el mercado. Puede comparar los pros y los contras de estas variantes y elegir la m\u00e1s adecuada. <\/li> <\/ol> <\/div>\r\n\t\t\t\t\t<\/div>\r\n\t\t\t\t<\/div> <\/div> <\/div> <div class=\"application-platform-content-item-features application-platform-content-item\" id=\"features\" data-nav-section=\"features\"> <h2>Caracter\u00edsticas principales del widget Booking Reviews<\/h2> <p>Para tener una idea clara de Booking Reviews, consulte la lista de las funciones principales. Hacen que el widget sea lo m\u00e1s beneficioso para usted: <\/p> <ul> <li>4 dise\u00f1os listos para usar: Lista, Cuadr\u00edcula, Mamposter\u00eda y Control deslizante; <\/li> <li>Una opci\u00f3n para mostrar u ocultar el encabezado del widget; <\/li> <li>Dos escenarios posibles despu\u00e9s del rechazo de la solicitud de revisi\u00f3n: mostrar su mensaje u ocultar el bot\u00f3n. <\/li> <\/ul><p><a href=\"#demo\">La demostraci\u00f3n en vivo le mostrar\u00e1 todas las funciones<\/a><\/p> <\/div> <div class=\"application-platform-content-item-installation application-platform-content-item\" id=\"installation\" data-nav-section=\"installation\"> <h2>Vea c\u00f3mo agregar Booking Reviews a su sitio web de Elementor<\/h2> <div class=\"video-container\"><iframe width=\"720\" height=\"405\" src=\"https:\/\/www.youtube.com\/embed\/vz3oxrr1zZM\" frameborder=\"0\"><\/iframe><\/div><p>Las siguientes acciones son lo \u00fanico que necesita para demostrar Elfsight Booking Reviews en su sitio. <\/p> <ol><li><b>Dise\u00f1e su complemento \u00fanico de Rese\u00f1as de reservas<\/b><br> Usando nuestra demostraci\u00f3n gratuita, configure un complemento con un dise\u00f1o y funciones seleccionados. <\/li><li><b>Adquiera el c\u00f3digo individual para mostrar el complemento<\/b><br> Despu\u00e9s de haber creado su widget, recibir\u00e1 su c\u00f3digo personal en la notificaci\u00f3n que aparece en Elfsight Apps. C\u00f3pielo para su uso posterior. <\/li> <li><b>Agregue el complemento en su sitio web de Elementor<\/b><br> Elija el lugar donde desea revelar el complemento y pegue el c\u00f3digo copiado all\u00ed. Guarde los cambios. <\/li> <li><b>\u00a1Ya terminaste! <\/b><br>Vaya a su sitio web para ver sus testimonios. <\/li> <\/ol><p>\u00bfA\u00fan est\u00e1s inquieto? \u00bfO tienes consultas? Simplemente env\u00ede su solicitud a nuestro equipo de atenci\u00f3n al cliente y resolver\u00e1 cualquier problema. <\/p> <\/div>","protected":false},"excerpt":{"rendered":"","protected":false},"author":9,"featured_media":0,"parent":628,"menu_order":0,"comment_status":"closed","ping_status":"closed","template":"templates\/template-application-platform.php","meta":{"publish_to_discourse":"","publish_post_category":"","wpdc_auto_publish_overridden":"","wpdc_topic_tags":"","wpdc_pin_topic":"","wpdc_pin_until":"","discourse_post_id":"","discourse_permalink":"","wpdc_publishing_response":"","wpdc_publishing_error":"","footnotes":""},"class_list":["post-8371","page","type-page","status-publish","hentry"],"yoast_head":"<!-- This site is optimized with the Yoast SEO plugin v25.3.1 - https:\/\/yoast.com\/wordpress\/plugins\/seo\/ -->\n<title>Insertar rese\u00f1as de reservas en el sitio web de Elementor (r\u00e1pido y f\u00e1cil)<\/title>\n<meta name=\"description\" content=\"Es f\u00e1cil crear su widget de Rese\u00f1as de reservas y mostrarlo en su sitio web de Elementor. El servicio al cliente de Elfsight es gratuito.\" \/>\n<meta name=\"robots\" content=\"index, follow, max-snippet:-1, max-image-preview:large, max-video-preview:-1\" \/>\n<link rel=\"canonical\" href=\"https:\/\/elfsight.com\/es\/booking-reviews-widget\/elementor\/\" \/>\n<meta property=\"og:locale\" content=\"es_ES\" \/>\n<meta property=\"og:type\" content=\"article\" \/>\n<meta property=\"og:title\" content=\"Insertar rese\u00f1as de reservas en el sitio web de Elementor (r\u00e1pido y f\u00e1cil)\" \/>\n<meta property=\"og:description\" content=\"Es f\u00e1cil crear su widget de Rese\u00f1as de reservas y mostrarlo en su sitio web de Elementor. El servicio al cliente de Elfsight es gratuito.\" \/>\n<meta property=\"og:url\" content=\"https:\/\/elfsight.com\/es\/booking-reviews-widget\/elementor\/\" \/>\n<meta property=\"og:site_name\" content=\"Elfsight ES\" \/>\n<meta property=\"article:modified_time\" content=\"2025-02-06T15:38:08+00:00\" \/>\n<meta name=\"twitter:card\" content=\"summary_large_image\" \/>\n<meta name=\"twitter:label1\" content=\"Tiempo de lectura\" \/>\n\t<meta name=\"twitter:data1\" content=\"3 minutos\" \/>\n<!-- \/ Yoast SEO plugin. -->","yoast_head_json":{"title":"Insertar rese\u00f1as de reservas en el sitio web de Elementor (r\u00e1pido y f\u00e1cil)","description":"Es f\u00e1cil crear su widget de Rese\u00f1as de reservas y mostrarlo en su sitio web de Elementor. El servicio al cliente de Elfsight es gratuito.","robots":{"index":"index","follow":"follow","max-snippet":"max-snippet:-1","max-image-preview":"max-image-preview:large","max-video-preview":"max-video-preview:-1"},"canonical":"https:\/\/elfsight.com\/es\/booking-reviews-widget\/elementor\/","og_locale":"es_ES","og_type":"article","og_title":"Insertar rese\u00f1as de reservas en el sitio web de Elementor (r\u00e1pido y f\u00e1cil)","og_description":"Es f\u00e1cil crear su widget de Rese\u00f1as de reservas y mostrarlo en su sitio web de Elementor. El servicio al cliente de Elfsight es gratuito.","og_url":"https:\/\/elfsight.com\/es\/booking-reviews-widget\/elementor\/","og_site_name":"Elfsight ES","article_modified_time":"2025-02-06T15:38:08+00:00","twitter_card":"summary_large_image","twitter_misc":{"Tiempo de lectura":"3 minutos"},"schema":{"@context":"https:\/\/schema.org","@graph":[{"@type":"WebPage","@id":"https:\/\/elfsight.com\/es\/booking-reviews-widget\/elementor\/","url":"https:\/\/elfsight.com\/es\/booking-reviews-widget\/elementor\/","name":"Insertar rese\u00f1as de reservas en el sitio web de Elementor (r\u00e1pido y f\u00e1cil)","isPartOf":{"@id":"https:\/\/elfsight.com\/es\/#website"},"datePublished":"1970-01-01T00:00:00+00:00","dateModified":"2025-02-06T15:38:08+00:00","description":"Es f\u00e1cil crear su widget de Rese\u00f1as de reservas y mostrarlo en su sitio web de Elementor. El servicio al cliente de Elfsight es gratuito.","breadcrumb":{"@id":"https:\/\/elfsight.com\/es\/booking-reviews-widget\/elementor\/#breadcrumb"},"inLanguage":"es","potentialAction":[{"@type":"ReadAction","target":["https:\/\/elfsight.com\/es\/booking-reviews-widget\/elementor\/"]}]},{"@type":"BreadcrumbList","@id":"https:\/\/elfsight.com\/es\/booking-reviews-widget\/elementor\/#breadcrumb","itemListElement":[{"@type":"ListItem","position":1,"name":"Home","item":"https:\/\/elfsight.com\/es\/"},{"@type":"ListItem","position":2,"name":"Booking Reviews","item":"https:\/\/elfsight.com\/es\/booking-reviews-widget\/"},{"@type":"ListItem","position":3,"name":"Booking Reviews &#8211; Elementor"}]},{"@type":"WebSite","@id":"https:\/\/elfsight.com\/es\/#website","url":"https:\/\/elfsight.com\/es\/","name":"Elfsight ES","description":"Just another Elfsight Sites site","potentialAction":[{"@type":"SearchAction","target":{"@type":"EntryPoint","urlTemplate":"https:\/\/elfsight.com\/es\/?s={search_term_string}"},"query-input":{"@type":"PropertyValueSpecification","valueRequired":true,"valueName":"search_term_string"}}],"inLanguage":"es"}]}},"meta_box":{"industry":"","seo_heading":"","heading":"","description":"","cta_heading":"","cta_description":"","application":"627","h1":"Opiniones de Booking.com sobre Elementor","h1_caption":"Integra las opiniones perfectas de tus clientes de Booking en tu sitio web","application_category":[],"applications_title":"","applications_request_title":"","applications_request_button_text":"","hero_text":"","hero_video":"","hero_video_schema_markup":"","selling_points_title":"","selling_points_caption":"","selling_points":[],"selling_points_cta_text":"","features_title":"","features":"","ed_cta_examples_text":"","ed_cta_examples_hidden":"","ed_cta_demo_text":"","ed_cta_demo_hidden":"","why_caption":"","why_editor_title":"","why_editor_text":"","why_team_title":"","why_team_text":"","why_service_title":"","why_service_text":"","template_catalog_visible":"","template_catalog_title":"","template_catalog_text":"","template_catalog_categories_visible":"","demo_title":"Crea tu widget de Rese\u00f1as de Reservas","demo_caption":"\u00a1Configure sus rese\u00f1as de reservas y agr\u00e9guelas a su sitio web de Elementor de forma gratuita!","default_faq_hidden":"","app_template_category":[],"platform":"58","template_public_id":"","codecanyon_url":"","codecanyon_item_id":"","codecanyon_price":"","pricing_caption":"","pricing_elfsight_apps_hide_column":"","pricing_elfsight_apps_url":"","pricing_codecanyon_price_caption":"","integration_category":[],"integration_request_title":"","integration_request_cta":"","integration_platform":"","integrations":[],"platform_category":[],"video_schema_markup":"","price":"desde $0 \/ mes","trial":"","benefits":[{"text":"Servicio de instalaci\u00f3n gratuito"},{"text":"Atenci\u00f3n al cliente experimentada"},{"text":"Garant\u00eda de reembolso de 14 d\u00edas"},{"text":"Desarrollo continuo"}],"button_url":"#demo","button_target_blank":"","button_nofollow":"","attributes":[{"name":"Instalaciones","content":"10,000 - 100,000"},{"name":"Sensible","content":"S\u00ed"},{"name":"Navegadores compatibles","content":"Firefox, Safari, Opera, Chrome, Edge"}],"tags":[],"tags_disable_links":"","hide_more_platforms":"","video_object":"","demo_hide_cta":"","demo_hide_cloud_options":"","pricing_title":"","pricing":[{"pricing_icon":"platform","pricing_title":"Elfsight Apps","pricing_title_caption":"Software independiente de la plataforma","pricing_price":"desde $0 \/ mes","pricing_price_caption":"comienza con el plan gratuito","pricing_benefits":[{"text":"Dominios ilimitados"},{"text":"Soporte profesional y puntual"},{"text":"Servicio de instalaci\u00f3n gratuito"},{"text":"Oferta especial para m\u00faltiples aplicaciones."}],"pricing_button_text":"A\u00f1adir al sitio web","pricing_button_url":"#demo"}],"related_apps_title":"","related_apps_hidden":"","author":"","image":[],"title":"","job":"","social_networks":[]},"_links":{"self":[{"href":"https:\/\/elfsight.com\/es\/wp-json\/wp\/v2\/pages\/8371","targetHints":{"allow":["GET"]}}],"collection":[{"href":"https:\/\/elfsight.com\/es\/wp-json\/wp\/v2\/pages"}],"about":[{"href":"https:\/\/elfsight.com\/es\/wp-json\/wp\/v2\/types\/page"}],"author":[{"embeddable":true,"href":"https:\/\/elfsight.com\/es\/wp-json\/wp\/v2\/users\/9"}],"replies":[{"embeddable":true,"href":"https:\/\/elfsight.com\/es\/wp-json\/wp\/v2\/comments?post=8371"}],"version-history":[{"count":2,"href":"https:\/\/elfsight.com\/es\/wp-json\/wp\/v2\/pages\/8371\/revisions"}],"predecessor-version":[{"id":18554,"href":"https:\/\/elfsight.com\/es\/wp-json\/wp\/v2\/pages\/8371\/revisions\/18554"}],"up":[{"embeddable":true,"href":"https:\/\/elfsight.com\/es\/wp-json\/wp\/v2\/pages\/628"}],"wp:attachment":[{"href":"https:\/\/elfsight.com\/es\/wp-json\/wp\/v2\/media?parent=8371"}],"curies":[{"name":"wp","href":"https:\/\/api.w.org\/{rel}","templated":true}]}}