{"id":8370,"date":"1970-01-01T00:00:00","date_gmt":"1970-01-01T00:00:00","guid":{"rendered":"https:\/\/elfsight.com\/es\/?page_id=8370"},"modified":"2025-02-06T15:38:08","modified_gmt":"2025-02-06T15:38:08","slug":"drupal","status":"publish","type":"page","link":"https:\/\/elfsight.com\/es\/booking-reviews-widget\/drupal\/","title":{"rendered":"Booking Reviews &#8211; Drupal"},"content":{"rendered":"<div class=\"application-platform-content-item-description application-platform-content-item\" id=\"description\" data-nav-section=\"description\"> <h2>Descripci\u00f3n<\/h2> <p>Si necesita demostrar su aprecio entre los usuarios y convencer a los visitantes del sitio web de que sus productos o servicios tienen una buena relaci\u00f3n calidad-precio, el widget Elfsight Booking Reviews se adapta perfectamente a sus necesidades. Con este widget, puede insertar rese\u00f1as de clientes de Booking en su sitio web con informaci\u00f3n sobre sus autores, ordenarlas para mostrar solo las buenas, mostrar calificaciones y un bot\u00f3n de redireccionamiento, que llevar\u00e1 a las personas a su p\u00e1gina de Booking, donde podr\u00e1n agregar una rese\u00f1a m\u00e1s. <\/p> <div class=\"faq\" data-component=\"FAQ\"><div class=\"faq-item\">\r\n\t\t\t\t\t<div class=\"faq-item-question\">\r\n\t\t\t\t\t\t<h3 class=\"faq-item-question-text\">\u00bfD\u00f3nde puedo mostrarlo?<\/h3>\r\n\r\n\t\t\t\t\t\t<div class=\"faq-item-question-icon\"><\/div>\r\n\t\t\t\t\t<\/div>\r\n\r\n\t\t\t\t\t<div class=\"faq-item-answer\">\r\n\t\t\t\t\t\t<div class=\"faq-item-answer-text\"> <p>Puedes mostrar el widget de revisi\u00f3n en cualquier p\u00e1gina del sitio, o pegarlo en la plantilla, en este caso se publicar\u00e1 en todas las p\u00e1ginas. Las rese\u00f1as pueden ser efectivas en las p\u00e1ginas de productos o en la p\u00e1gina Acerca de nosotros, donde debe demostrar su alta calificaci\u00f3n. <\/p> <\/div>\r\n\t\t\t\t\t<\/div>\r\n\t\t\t\t<\/div><div class=\"faq-item\">\r\n\t\t\t\t\t<div class=\"faq-item-question\">\r\n\t\t\t\t\t\t<h3 class=\"faq-item-question-text\">\u00bfC\u00f3mo me beneficiar\u00e9?<\/h3>\r\n\r\n\t\t\t\t\t\t<div class=\"faq-item-question-icon\"><\/div>\r\n\t\t\t\t\t<\/div>\r\n\r\n\t\t\t\t\t<div class=\"faq-item-answer\">\r\n\t\t\t\t\t\t<div class=\"faq-item-answer-text\"> <p>Las rese\u00f1as dejadas por personas reales son perfectamente cre\u00edbles para los usuarios de su sitio y les demuestran que se puede confiar en su empresa. Las calificaciones altas y los testimonios positivos pueden ayudar a impulsar las ventas de su sitio web. Adem\u00e1s, el bot\u00f3n Activo puede contribuir a tener m\u00e1s opiniones de clientes relacionadas con tus servicios en Booking. <\/p> <\/div>\r\n\t\t\t\t\t<\/div>\r\n\t\t\t\t<\/div> <div class=\"faq-item\">\r\n\t\t\t\t\t<div class=\"faq-item-question\">\r\n\t\t\t\t\t\t<h3 class=\"faq-item-question-text\">\u00bfC\u00f3mo agrego rese\u00f1as de reservas a mi sitio web Drupal?<\/h3>\r\n\r\n\t\t\t\t\t\t<div class=\"faq-item-question-icon\"><\/div>\r\n\t\t\t\t\t<\/div>\r\n\r\n\t\t\t\t\t<div class=\"faq-item-answer\">\r\n\t\t\t\t\t\t<div class=\"faq-item-answer-text\"> <p>Solo necesitar\u00e1s un par de minutos para insertar el widget. La integraci\u00f3n es realmente r\u00e1pida, gratuita y sin codificaci\u00f3n. <\/p> <ol><li>Puedes a\u00f1adir Rese\u00f1as de Reservas a tu p\u00e1gina web a trav\u00e9s de nuestro servicio. Para ello siga la gu\u00eda que aparece a continuaci\u00f3n en esta p\u00e1gina. <\/li> <li>Las rese\u00f1as de reservas de Elfsight se pueden configurar directamente en nuestro servicio o a trav\u00e9s del mercado. Aqu\u00ed podr\u00e1s conocer m\u00e1s ambas variantes y seleccionar la tuya. <\/li> <\/ol> <\/div>\r\n\t\t\t\t\t<\/div>\r\n\t\t\t\t<\/div> <\/div> <\/div> <div class=\"application-platform-content-item-features application-platform-content-item\" id=\"features\" data-nav-section=\"features\"> <h2>Caracter\u00edsticas<\/h2> <p>Para formarse una mejor idea del widget, puede estudiar la lista de sus funciones principales. Hacen que nuestro widget sea realmente efectivo para su sitio web:<\/p> <ul> <li>4 dise\u00f1os disponibles: Lista, Cuadr\u00edcula, Mamposter\u00eda y Control deslizante; <\/li> <li> Encabezado totalmente flexible del widget; <\/li> <li>6 elementos ajustables de la interfaz: nombre del autor e imagen, recomendaci\u00f3n, fecha de salida, \u00edcono de reserva y calificaci\u00f3n de estrellas; <\/li> <\/ul><p><a href=\"#demo\">Consulte una lista completa de funciones en nuestra demostraci\u00f3n en vivo<\/a><\/p> <\/div> <div class=\"application-platform-content-item-installation application-platform-content-item\" id=\"installation\" data-nav-section=\"installation\"> <h2>Veamos c\u00f3mo insertar Booking Reviews en el sitio Drupal<\/h2><div class=\"video-container\"><iframe width=\"720\" height=\"405\" src=\"https:\/\/www.youtube.com\/embed\/N3kO8aSUuw8\" frameborder=\"0\"><\/iframe><\/div><p>Simplemente sigue los pasos que se indican a continuaci\u00f3n para agregar el m\u00f3dulo en Drupal.<\/p> <ol><li><b>Abre nuestro editor gratuito y comienza a crear tu propio m\u00f3dulo de Rese\u00f1as de reservas. <\/b><br> Determine la forma adecuada y las caracter\u00edsticas funcionales del widget y guarde las ediciones. <\/li> <li><b>Reciba el c\u00f3digo personal que aparece en el formulario especial de Elfsight Apps. <\/b><br> Inmediatamente despu\u00e9s de finalizar la personalizaci\u00f3n de su herramienta personal, copie el c\u00f3digo exclusivo de la ventana emergente que aparece y gu\u00e1rdelo para futuras ocasiones. <\/li> <li><b>Comience a utilizar el complemento en el sitio web de Drupal. <\/b><br>Implemente el c\u00f3digo copiado anteriormente en su sitio web y guarde las ediciones. <\/li> <li><b>La instalaci\u00f3n ha finalizado por completo. <\/b><br> Visite su sitio web para ver en acci\u00f3n el rendimiento de la herramienta. <\/li><\/ol><p>\u00bfA\u00fan dudas de algo? \u00bfTienes problemas? Una sola solicitud a nuestro equipo de soporte resolver\u00e1 todos los asuntos. <\/p> <\/div>","protected":false},"excerpt":{"rendered":"","protected":false},"author":9,"featured_media":0,"parent":628,"menu_order":0,"comment_status":"closed","ping_status":"closed","template":"templates\/template-application-platform.php","meta":{"publish_to_discourse":"","publish_post_category":"","wpdc_auto_publish_overridden":"","wpdc_topic_tags":"","wpdc_pin_topic":"","wpdc_pin_until":"","discourse_post_id":"","discourse_permalink":"","wpdc_publishing_response":"","wpdc_publishing_error":"","footnotes":""},"class_list":["post-8370","page","type-page","status-publish","hentry"],"yoast_head":"<!-- This site is optimized with the Yoast SEO plugin v25.3.1 - https:\/\/yoast.com\/wordpress\/plugins\/seo\/ -->\n<title>Insertar el m\u00f3dulo Booking Reviews en el sitio web de Drupal (2025)<\/title>\n<meta name=\"description\" content=\"Es muy sencillo crear su m\u00f3dulo de Rese\u00f1as de reservas y colocarlo en su sitio web Drupal. La atenci\u00f3n al cliente de Elfsight es gratuita.\" \/>\n<meta name=\"robots\" content=\"index, follow, max-snippet:-1, max-image-preview:large, max-video-preview:-1\" \/>\n<link rel=\"canonical\" href=\"https:\/\/elfsight.com\/es\/booking-reviews-widget\/drupal\/\" \/>\n<meta property=\"og:locale\" content=\"es_ES\" \/>\n<meta property=\"og:type\" content=\"article\" \/>\n<meta property=\"og:title\" content=\"Insertar el m\u00f3dulo Booking Reviews en el sitio web de Drupal (2025)\" \/>\n<meta property=\"og:description\" content=\"Es muy sencillo crear su m\u00f3dulo de Rese\u00f1as de reservas y colocarlo en su sitio web Drupal. La atenci\u00f3n al cliente de Elfsight es gratuita.\" \/>\n<meta property=\"og:url\" content=\"https:\/\/elfsight.com\/es\/booking-reviews-widget\/drupal\/\" \/>\n<meta property=\"og:site_name\" content=\"Elfsight ES\" \/>\n<meta property=\"article:modified_time\" content=\"2025-02-06T15:38:08+00:00\" \/>\n<meta name=\"twitter:card\" content=\"summary_large_image\" \/>\n<meta name=\"twitter:label1\" content=\"Tiempo de lectura\" \/>\n\t<meta name=\"twitter:data1\" content=\"3 minutos\" \/>\n<!-- \/ Yoast SEO plugin. -->","yoast_head_json":{"title":"Insertar el m\u00f3dulo Booking Reviews en el sitio web de Drupal (2025)","description":"Es muy sencillo crear su m\u00f3dulo de Rese\u00f1as de reservas y colocarlo en su sitio web Drupal. La atenci\u00f3n al cliente de Elfsight es gratuita.","robots":{"index":"index","follow":"follow","max-snippet":"max-snippet:-1","max-image-preview":"max-image-preview:large","max-video-preview":"max-video-preview:-1"},"canonical":"https:\/\/elfsight.com\/es\/booking-reviews-widget\/drupal\/","og_locale":"es_ES","og_type":"article","og_title":"Insertar el m\u00f3dulo Booking Reviews en el sitio web de Drupal (2025)","og_description":"Es muy sencillo crear su m\u00f3dulo de Rese\u00f1as de reservas y colocarlo en su sitio web Drupal. La atenci\u00f3n al cliente de Elfsight es gratuita.","og_url":"https:\/\/elfsight.com\/es\/booking-reviews-widget\/drupal\/","og_site_name":"Elfsight ES","article_modified_time":"2025-02-06T15:38:08+00:00","twitter_card":"summary_large_image","twitter_misc":{"Tiempo de lectura":"3 minutos"},"schema":{"@context":"https:\/\/schema.org","@graph":[{"@type":"WebPage","@id":"https:\/\/elfsight.com\/es\/booking-reviews-widget\/drupal\/","url":"https:\/\/elfsight.com\/es\/booking-reviews-widget\/drupal\/","name":"Insertar el m\u00f3dulo Booking Reviews en el sitio web de Drupal (2025)","isPartOf":{"@id":"https:\/\/elfsight.com\/es\/#website"},"datePublished":"1970-01-01T00:00:00+00:00","dateModified":"2025-02-06T15:38:08+00:00","description":"Es muy sencillo crear su m\u00f3dulo de Rese\u00f1as de reservas y colocarlo en su sitio web Drupal. La atenci\u00f3n al cliente de Elfsight es gratuita.","breadcrumb":{"@id":"https:\/\/elfsight.com\/es\/booking-reviews-widget\/drupal\/#breadcrumb"},"inLanguage":"es","potentialAction":[{"@type":"ReadAction","target":["https:\/\/elfsight.com\/es\/booking-reviews-widget\/drupal\/"]}]},{"@type":"BreadcrumbList","@id":"https:\/\/elfsight.com\/es\/booking-reviews-widget\/drupal\/#breadcrumb","itemListElement":[{"@type":"ListItem","position":1,"name":"Home","item":"https:\/\/elfsight.com\/es\/"},{"@type":"ListItem","position":2,"name":"Booking Reviews","item":"https:\/\/elfsight.com\/es\/booking-reviews-widget\/"},{"@type":"ListItem","position":3,"name":"Booking Reviews &#8211; Drupal"}]},{"@type":"WebSite","@id":"https:\/\/elfsight.com\/es\/#website","url":"https:\/\/elfsight.com\/es\/","name":"Elfsight ES","description":"Just another Elfsight Sites site","potentialAction":[{"@type":"SearchAction","target":{"@type":"EntryPoint","urlTemplate":"https:\/\/elfsight.com\/es\/?s={search_term_string}"},"query-input":{"@type":"PropertyValueSpecification","valueRequired":true,"valueName":"search_term_string"}}],"inLanguage":"es"}]}},"meta_box":{"industry":"","seo_heading":"","heading":"","description":"","cta_heading":"","cta_description":"","application":"627","h1":"M\u00f3dulo de rese\u00f1as de Drupal Booking.com","h1_caption":"Integre las opiniones de clientes m\u00e1s atractivas de Booking en su sitio","application_category":[],"applications_title":"","applications_request_title":"","applications_request_button_text":"","hero_text":"","hero_video":"","hero_video_schema_markup":"","selling_points_title":"","selling_points_caption":"","selling_points":[],"selling_points_cta_text":"","features_title":"","features":"","ed_cta_examples_text":"","ed_cta_examples_hidden":"","ed_cta_demo_text":"","ed_cta_demo_hidden":"","why_caption":"","why_editor_title":"","why_editor_text":"","why_team_title":"","why_team_text":"","why_service_title":"","why_service_text":"","template_catalog_visible":"","template_catalog_title":"","template_catalog_text":"","template_catalog_categories_visible":"","demo_title":"Crea tu m\u00f3dulo de Rese\u00f1as de Reservas","demo_caption":"\u00a1Configura tus Rese\u00f1as de Reservas y agr\u00e9galas a tu sitio web Drupal de forma gratuita!","default_faq_hidden":"","app_template_category":[],"platform":"2161","template_public_id":"","codecanyon_url":"","codecanyon_item_id":"","codecanyon_price":"","pricing_caption":"","pricing_elfsight_apps_hide_column":"","pricing_elfsight_apps_url":"","pricing_codecanyon_price_caption":"","integration_category":[],"integration_request_title":"","integration_request_cta":"","integration_platform":"","integrations":[],"platform_category":[],"video_schema_markup":"","price":"desde $0 \/ mes","trial":"","benefits":[{"text":"Asistencia de instalaci\u00f3n gratuita"},{"text":"Soporte premium"},{"text":"Garant\u00eda de reembolso de 14 d\u00edas"},{"text":"Desarrollo continuo"}],"button_url":"#demo","button_target_blank":"","button_nofollow":"","attributes":[{"name":"Instalaciones","content":"10,000 - 100,000"},{"name":"Sensible","content":"S\u00ed"},{"name":"Navegadores compatibles","content":"Firefox, Safari, Opera, Chrome, Edge"}],"tags":[],"tags_disable_links":"","hide_more_platforms":"","video_object":"","demo_hide_cta":"","demo_hide_cloud_options":"","pricing_title":"","pricing":[{"pricing_icon":"platform","pricing_title":"Elfsight Apps","pricing_title_caption":"Soluci\u00f3n digital independiente de la plataforma","pricing_price":"desde $0 \/ mes","pricing_price_caption":"comienza con el plan gratuito","pricing_benefits":[{"text":"Sitios web ilimitados"},{"text":"Atenci\u00f3n al cliente gratuita"},{"text":"Asistencia de instalaci\u00f3n gratuita"},{"text":"Oferta por tiempo limitado para m\u00faltiples aplicaciones"}],"pricing_button_text":"A\u00f1adir al sitio web","pricing_button_url":"#demo"}],"related_apps_title":"","related_apps_hidden":"","author":"","image":[],"title":"","job":"","social_networks":[]},"_links":{"self":[{"href":"https:\/\/elfsight.com\/es\/wp-json\/wp\/v2\/pages\/8370","targetHints":{"allow":["GET"]}}],"collection":[{"href":"https:\/\/elfsight.com\/es\/wp-json\/wp\/v2\/pages"}],"about":[{"href":"https:\/\/elfsight.com\/es\/wp-json\/wp\/v2\/types\/page"}],"author":[{"embeddable":true,"href":"https:\/\/elfsight.com\/es\/wp-json\/wp\/v2\/users\/9"}],"replies":[{"embeddable":true,"href":"https:\/\/elfsight.com\/es\/wp-json\/wp\/v2\/comments?post=8370"}],"version-history":[{"count":2,"href":"https:\/\/elfsight.com\/es\/wp-json\/wp\/v2\/pages\/8370\/revisions"}],"predecessor-version":[{"id":18555,"href":"https:\/\/elfsight.com\/es\/wp-json\/wp\/v2\/pages\/8370\/revisions\/18555"}],"up":[{"embeddable":true,"href":"https:\/\/elfsight.com\/es\/wp-json\/wp\/v2\/pages\/628"}],"wp:attachment":[{"href":"https:\/\/elfsight.com\/es\/wp-json\/wp\/v2\/media?parent=8370"}],"curies":[{"name":"wp","href":"https:\/\/api.w.org\/{rel}","templated":true}]}}