{"id":8365,"date":"1970-01-01T00:00:00","date_gmt":"1970-01-01T00:00:00","guid":{"rendered":"https:\/\/elfsight.com\/es\/?page_id=8365"},"modified":"2025-02-06T15:38:08","modified_gmt":"2025-02-06T15:38:08","slug":"blogger","status":"publish","type":"page","link":"https:\/\/elfsight.com\/es\/booking-reviews-widget\/blogger\/","title":{"rendered":"Booking Reviews &#8211; Blogger"},"content":{"rendered":"<div class=\"application-platform-content-item-description application-platform-content-item\" id=\"description\" data-nav-section=\"description\"> <h2>Descripci\u00f3n<\/h2> <p>Si desea demostrar su alta calificaci\u00f3n y convencer a los visitantes del sitio web de que sus ofertas tienen una buena relaci\u00f3n calidad-precio, el widget Elfsight Booking Reviews har\u00e1 el trabajo. Con nuestro widget, eres libre de colocar las rese\u00f1as de los usuarios de Booking en tu sitio web con informaci\u00f3n sobre sus autores, filtrarlas para mostrar solo las buenas, mostrar calificaciones y un bot\u00f3n de redireccionamiento que llevar\u00e1 a los usuarios a tu cuenta de Booking, para que puedan escribir una rese\u00f1a m\u00e1s. <\/p> <div class=\"faq\" data-component=\"FAQ\"><div class=\"faq-item\">\r\n\t\t\t\t\t<div class=\"faq-item-question\">\r\n\t\t\t\t\t\t<h3 class=\"faq-item-question-text\">\u00bfD\u00f3nde puedo agregar el widget en mi sitio web?<\/h3>\r\n\r\n\t\t\t\t\t\t<div class=\"faq-item-question-icon\"><\/div>\r\n\t\t\t\t\t<\/div>\r\n\r\n\t\t\t\t\t<div class=\"faq-item-answer\">\r\n\t\t\t\t\t\t<div class=\"faq-item-answer-text\"> <p>Puede insertar el widget de revisi\u00f3n en cualquier p\u00e1gina de su sitio, o insertarlo en la plantilla del sitio web, y aparecer\u00e1 en todas las p\u00e1ginas. Las rese\u00f1as pueden funcionar bien en las p\u00e1ginas de productos o en la p\u00e1gina Acerca de nosotros, donde desea demostrar su alta calificaci\u00f3n. <\/p> <\/div>\r\n\t\t\t\t\t<\/div>\r\n\t\t\t\t<\/div><div class=\"faq-item\">\r\n\t\t\t\t\t<div class=\"faq-item-question\">\r\n\t\t\t\t\t\t<h3 class=\"faq-item-question-text\">\u00bfCu\u00e1les son los beneficios de tener Booking Reviews para m\u00ed?<\/h3>\r\n\r\n\t\t\t\t\t\t<div class=\"faq-item-question-icon\"><\/div>\r\n\t\t\t\t\t<\/div>\r\n\r\n\t\t\t\t\t<div class=\"faq-item-answer\">\r\n\t\t\t\t\t\t<div class=\"faq-item-answer-text\"> <p>Las rese\u00f1as compartidas por personas reales parecen perfectamente cre\u00edbles para los usuarios de su sitio y les demuestran que su empresa es un socio confiable. Una calificaci\u00f3n alta y buenas impresiones pueden ayudar a aumentar las ventas de su sitio web. Adem\u00e1s, el bot\u00f3n activo puede contribuir a que m\u00e1s usuarios opinen sobre tu negocio en Booking. <\/p> <\/div>\r\n\t\t\t\t\t<\/div>\r\n\t\t\t\t<\/div> <div class=\"faq-item\">\r\n\t\t\t\t\t<div class=\"faq-item-question\">\r\n\t\t\t\t\t\t<h3 class=\"faq-item-question-text\">\u00bfQu\u00e9 necesito para insertar Rese\u00f1as de reservas en mi sitio web de Blogger?<\/h3>\r\n\r\n\t\t\t\t\t\t<div class=\"faq-item-question-icon\"><\/div>\r\n\t\t\t\t\t<\/div>\r\n\r\n\t\t\t\t\t<div class=\"faq-item-answer\">\r\n\t\t\t\t\t\t<div class=\"faq-item-answer-text\"> <p>Le llevar\u00e1 un minuto de su tiempo activar el widget. La integraci\u00f3n es s\u00faper r\u00e1pida, gratuita y no requiere codificaci\u00f3n. <\/p> <ol><li>Existe una opci\u00f3n para pegar el widget en la p\u00e1gina web directamente a trav\u00e9s de nuestro servicio. Para hacerlo, aplique las instrucciones a continuaci\u00f3n en esta p\u00e1gina. <\/li> <li>El widget se puede introducir a trav\u00e9s de nuestro servicio o a trav\u00e9s del mercado. Puede comparar detalles sobre las dos opciones y elegir una m\u00e1s adecuada. <\/li> <\/ol> <\/div>\r\n\t\t\t\t\t<\/div>\r\n\t\t\t\t<\/div> <\/div> <\/div> <div class=\"application-platform-content-item-features application-platform-content-item\" id=\"features\" data-nav-section=\"features\"> <h2>Caracter\u00edsticas<\/h2> <p>Para comprender completamente las rese\u00f1as de reservas, examine la lista de funciones esenciales. Hacen que este widget sea m\u00e1s efectivo para usted: <\/p> <ul> <li>Tres filtros listos para usar: por tipo, excluir por y cantidad de rese\u00f1as para mostrar; <\/li> <li>El bot\u00f3n de solicitud de revisi\u00f3n lleva a los usuarios a la p\u00e1gina de Reservas; <\/li> <li>Dos opciones de escenarios despu\u00e9s del rechazo de la solicitud de revisi\u00f3n: mostrar un mensaje personalizado u ocultar el bot\u00f3n. <\/li> <\/ul><p><a href=\"#demo\">Nuestra demostraci\u00f3n le abrir\u00e1 m\u00e1s funciones<\/a><\/p> <\/div> <div class=\"application-platform-content-item-installation application-platform-content-item\" id=\"installation\" data-nav-section=\"installation\"> <h2>Aprenda c\u00f3mo configurar el widget en su tienda. Es r\u00e1pido y sin complicaciones.<\/h2> <div class=\"video-container\"><iframe width=\"720\" height=\"405\" src=\"https:\/\/www.youtube.com\/embed\/K2K2KO4bqLQ\" frameborder=\"0\"><\/iframe><\/div><p>Las siguientes acciones son lo \u00fanico que necesita para establecerlo. <\/p> <ol><li><b>Crea tu propio complemento de Rese\u00f1as de reservas<\/b><br> Al administrar nuestro configurador gratuito, obt\u00e9n un complemento con un dise\u00f1o seleccionado y caracter\u00edsticas funcionales. <\/li><li><b>Copia el c\u00f3digo personal para insertar el complemento<\/b><br> Despu\u00e9s de haber configurado tu widget, obtendr\u00e1s el c\u00f3digo \u00fanico de la notificaci\u00f3n que aparece en Elfsight Apps. Copia el c\u00f3digo. <\/li> <li><b>Agregue el complemento a su sitio de Blogger<\/b><br> Vaya al lugar donde desea revelar el complemento e inserte el c\u00f3digo guardado all\u00ed. Publicar los cambios. <\/li> <li><b>\u00a1La incrustaci\u00f3n se realiz\u00f3 correctamente! <\/b><br>Vaya a su sitio web para consultar sus testimonios. <\/li> <\/ol><p>\u00bfA\u00fan no te decides? \u00bfO experimentando problemas? Simplemente escriba una solicitud a nuestro servicio de atenci\u00f3n al cliente para resolver cualquier tipo de problema. <\/p> <\/div>","protected":false},"excerpt":{"rendered":"","protected":false},"author":9,"featured_media":0,"parent":628,"menu_order":0,"comment_status":"closed","ping_status":"closed","template":"templates\/template-application-platform.php","meta":{"publish_to_discourse":"","publish_post_category":"","wpdc_auto_publish_overridden":"","wpdc_topic_tags":"","wpdc_pin_topic":"","wpdc_pin_until":"","discourse_post_id":"","discourse_permalink":"","wpdc_publishing_response":"","wpdc_publishing_error":"","footnotes":""},"class_list":["post-8365","page","type-page","status-publish","hentry"],"yoast_head":"<!-- This site is optimized with the Yoast SEO plugin v25.3.1 - https:\/\/yoast.com\/wordpress\/plugins\/seo\/ -->\n<title>Insertar rese\u00f1as de reservas en el sitio web de Blogger (gratis y r\u00e1pido)<\/title>\n<meta name=\"description\" content=\"Con Elfsight, cree sus rese\u00f1as de reservas y col\u00f3quelas en su sitio de Blogger r\u00e1pidamente. Ofrecemos atenci\u00f3n al cliente gratuita y otras bonificaciones.\" \/>\n<meta name=\"robots\" content=\"index, follow, max-snippet:-1, max-image-preview:large, max-video-preview:-1\" \/>\n<link rel=\"canonical\" href=\"https:\/\/elfsight.com\/es\/booking-reviews-widget\/blogger\/\" \/>\n<meta property=\"og:locale\" content=\"es_ES\" \/>\n<meta property=\"og:type\" content=\"article\" \/>\n<meta property=\"og:title\" content=\"Insertar rese\u00f1as de reservas en el sitio web de Blogger (gratis y r\u00e1pido)\" \/>\n<meta property=\"og:description\" content=\"Con Elfsight, cree sus rese\u00f1as de reservas y col\u00f3quelas en su sitio de Blogger r\u00e1pidamente. Ofrecemos atenci\u00f3n al cliente gratuita y otras bonificaciones.\" \/>\n<meta property=\"og:url\" content=\"https:\/\/elfsight.com\/es\/booking-reviews-widget\/blogger\/\" \/>\n<meta property=\"og:site_name\" content=\"Elfsight ES\" \/>\n<meta property=\"article:modified_time\" content=\"2025-02-06T15:38:08+00:00\" \/>\n<meta name=\"twitter:card\" content=\"summary_large_image\" \/>\n<meta name=\"twitter:label1\" content=\"Tiempo de lectura\" \/>\n\t<meta name=\"twitter:data1\" content=\"3 minutos\" \/>\n<!-- \/ Yoast SEO plugin. -->","yoast_head_json":{"title":"Insertar rese\u00f1as de reservas en el sitio web de Blogger (gratis y r\u00e1pido)","description":"Con Elfsight, cree sus rese\u00f1as de reservas y col\u00f3quelas en su sitio de Blogger r\u00e1pidamente. Ofrecemos atenci\u00f3n al cliente gratuita y otras bonificaciones.","robots":{"index":"index","follow":"follow","max-snippet":"max-snippet:-1","max-image-preview":"max-image-preview:large","max-video-preview":"max-video-preview:-1"},"canonical":"https:\/\/elfsight.com\/es\/booking-reviews-widget\/blogger\/","og_locale":"es_ES","og_type":"article","og_title":"Insertar rese\u00f1as de reservas en el sitio web de Blogger (gratis y r\u00e1pido)","og_description":"Con Elfsight, cree sus rese\u00f1as de reservas y col\u00f3quelas en su sitio de Blogger r\u00e1pidamente. Ofrecemos atenci\u00f3n al cliente gratuita y otras bonificaciones.","og_url":"https:\/\/elfsight.com\/es\/booking-reviews-widget\/blogger\/","og_site_name":"Elfsight ES","article_modified_time":"2025-02-06T15:38:08+00:00","twitter_card":"summary_large_image","twitter_misc":{"Tiempo de lectura":"3 minutos"},"schema":{"@context":"https:\/\/schema.org","@graph":[{"@type":"WebPage","@id":"https:\/\/elfsight.com\/es\/booking-reviews-widget\/blogger\/","url":"https:\/\/elfsight.com\/es\/booking-reviews-widget\/blogger\/","name":"Insertar rese\u00f1as de reservas en el sitio web de Blogger (gratis y r\u00e1pido)","isPartOf":{"@id":"https:\/\/elfsight.com\/es\/#website"},"datePublished":"1970-01-01T00:00:00+00:00","dateModified":"2025-02-06T15:38:08+00:00","description":"Con Elfsight, cree sus rese\u00f1as de reservas y col\u00f3quelas en su sitio de Blogger r\u00e1pidamente. Ofrecemos atenci\u00f3n al cliente gratuita y otras bonificaciones.","breadcrumb":{"@id":"https:\/\/elfsight.com\/es\/booking-reviews-widget\/blogger\/#breadcrumb"},"inLanguage":"es","potentialAction":[{"@type":"ReadAction","target":["https:\/\/elfsight.com\/es\/booking-reviews-widget\/blogger\/"]}]},{"@type":"BreadcrumbList","@id":"https:\/\/elfsight.com\/es\/booking-reviews-widget\/blogger\/#breadcrumb","itemListElement":[{"@type":"ListItem","position":1,"name":"Home","item":"https:\/\/elfsight.com\/es\/"},{"@type":"ListItem","position":2,"name":"Booking Reviews","item":"https:\/\/elfsight.com\/es\/booking-reviews-widget\/"},{"@type":"ListItem","position":3,"name":"Booking Reviews &#8211; Blogger"}]},{"@type":"WebSite","@id":"https:\/\/elfsight.com\/es\/#website","url":"https:\/\/elfsight.com\/es\/","name":"Elfsight ES","description":"Just another Elfsight Sites site","potentialAction":[{"@type":"SearchAction","target":{"@type":"EntryPoint","urlTemplate":"https:\/\/elfsight.com\/es\/?s={search_term_string}"},"query-input":{"@type":"PropertyValueSpecification","valueRequired":true,"valueName":"search_term_string"}}],"inLanguage":"es"}]}},"meta_box":{"industry":"","seo_heading":"","heading":"","description":"","cta_heading":"","cta_description":"","application":"627","h1":"Rese\u00f1as de Blogger sobre Booking.com","h1_caption":"Integre las mejores opiniones de clientes de Booking en su sitio","application_category":[],"applications_title":"","applications_request_title":"","applications_request_button_text":"","hero_text":"","hero_video":"","hero_video_schema_markup":"","selling_points_title":"","selling_points_caption":"","selling_points":[],"selling_points_cta_text":"","features_title":"","features":"","ed_cta_examples_text":"","ed_cta_examples_hidden":"","ed_cta_demo_text":"","ed_cta_demo_hidden":"","why_caption":"","why_editor_title":"","why_editor_text":"","why_team_title":"","why_team_text":"","why_service_title":"","why_service_text":"","template_catalog_visible":"","template_catalog_title":"","template_catalog_text":"","template_catalog_categories_visible":"","demo_title":"Crea tu widget de Rese\u00f1as de Reservas","demo_caption":"\u00a1Configura tus Rese\u00f1as de Reservas y agr\u00e9galas a tu sitio web de Blogger de forma gratuita!","default_faq_hidden":"","app_template_category":[],"platform":"39","template_public_id":"","codecanyon_url":"","codecanyon_item_id":"","codecanyon_price":"","pricing_caption":"","pricing_elfsight_apps_hide_column":"","pricing_elfsight_apps_url":"","pricing_codecanyon_price_caption":"","integration_category":[],"integration_request_title":"","integration_request_cta":"","integration_platform":"","integrations":[],"platform_category":[],"video_schema_markup":"","price":"desde $0 \/ mes","trial":"","benefits":[{"text":"Ayuda de instalaci\u00f3n gratuita"},{"text":"Servicio al cliente eficaz"},{"text":"Garant\u00eda de devoluci\u00f3n de dinero de 14 d\u00edas"},{"text":"Mejoras futuras"}],"button_url":"#demo","button_target_blank":"","button_nofollow":"","attributes":[{"name":"Instalaciones","content":"10,000 - 100,000"},{"name":"Sensible","content":"S\u00ed"},{"name":"Navegadores compatibles","content":"Firefox, Safari, Opera, Chrome, Edge"}],"tags":[],"tags_disable_links":"","hide_more_platforms":"","video_object":"","demo_hide_cta":"","demo_hide_cloud_options":"","pricing_title":"","pricing":[{"pricing_icon":"platform","pricing_title":"Elfsight Apps","pricing_title_caption":"Soluci\u00f3n independiente de plataforma que se adapta a cualquier sitio web","pricing_price":"desde $0 \/ mes","pricing_price_caption":"comienza con un plan gratuito","pricing_benefits":[{"text":"Dominios ilimitados"},{"text":"Soporte empresarial 24 horas al d\u00eda, 7 d\u00edas a la semana"},{"text":"Servicio de instalaci\u00f3n gratuito"},{"text":"Totalmente personalizable"}],"pricing_button_text":"A\u00f1adir al sitio web","pricing_button_url":"#demo"}],"related_apps_title":"","related_apps_hidden":"","author":"","image":[],"title":"","job":"","social_networks":[]},"_links":{"self":[{"href":"https:\/\/elfsight.com\/es\/wp-json\/wp\/v2\/pages\/8365","targetHints":{"allow":["GET"]}}],"collection":[{"href":"https:\/\/elfsight.com\/es\/wp-json\/wp\/v2\/pages"}],"about":[{"href":"https:\/\/elfsight.com\/es\/wp-json\/wp\/v2\/types\/page"}],"author":[{"embeddable":true,"href":"https:\/\/elfsight.com\/es\/wp-json\/wp\/v2\/users\/9"}],"replies":[{"embeddable":true,"href":"https:\/\/elfsight.com\/es\/wp-json\/wp\/v2\/comments?post=8365"}],"version-history":[{"count":2,"href":"https:\/\/elfsight.com\/es\/wp-json\/wp\/v2\/pages\/8365\/revisions"}],"predecessor-version":[{"id":18556,"href":"https:\/\/elfsight.com\/es\/wp-json\/wp\/v2\/pages\/8365\/revisions\/18556"}],"up":[{"embeddable":true,"href":"https:\/\/elfsight.com\/es\/wp-json\/wp\/v2\/pages\/628"}],"wp:attachment":[{"href":"https:\/\/elfsight.com\/es\/wp-json\/wp\/v2\/media?parent=8365"}],"curies":[{"name":"wp","href":"https:\/\/api.w.org\/{rel}","templated":true}]}}