{"id":8364,"date":"1970-01-01T00:00:00","date_gmt":"1970-01-01T00:00:00","guid":{"rendered":"https:\/\/elfsight.com\/es\/?page_id=8364"},"modified":"2025-02-06T15:38:08","modified_gmt":"2025-02-06T15:38:08","slug":"bigcommerce","status":"publish","type":"page","link":"https:\/\/elfsight.com\/es\/booking-reviews-widget\/bigcommerce\/","title":{"rendered":"Booking Reviews &#8211; BigCommerce"},"content":{"rendered":"<div class=\"application-platform-content-item-description application-platform-content-item\" id=\"description\" data-nav-section=\"description\"> <h2>Descripci\u00f3n<\/h2> <p>Elfsight Booking Reviews es una herramienta sencilla que te permite a\u00f1adir a tu sitio web rese\u00f1as sobre tus ofertas de Booking.com. Con la ayuda de nuestro widget, puedes usar filtros para ocultar rese\u00f1as negativas, mostrar tus calificaciones de estrellas y n\u00fameros de Booking, agregar detalles sobre los autores e integrar un bot\u00f3n que ayudar\u00e1 a los visitantes a dejar su rese\u00f1a en Booking. El widget Elfsight Booking Reviews le ayudar\u00e1 a demostrar su prueba social perfecta en su sitio web y a aumentar las ventas. <\/p> <div class=\"faq\" data-component=\"FAQ\"><div class=\"faq-item\">\r\n\t\t\t\t\t<div class=\"faq-item-question\">\r\n\t\t\t\t\t\t<h3 class=\"faq-item-question-text\">\u00bfD\u00f3nde puedo publicar este complemento en mi sitio?<\/h3>\r\n\r\n\t\t\t\t\t\t<div class=\"faq-item-question-icon\"><\/div>\r\n\t\t\t\t\t<\/div>\r\n\r\n\t\t\t\t\t<div class=\"faq-item-answer\">\r\n\t\t\t\t\t\t<div class=\"faq-item-answer-text\"> <p>Puede insertar el widget de revisi\u00f3n en cualquier p\u00e1gina de su sitio o agregarlo a la plantilla del sitio, para que se muestre en todas las p\u00e1ginas. Las rese\u00f1as son efectivas en las p\u00e1ginas de productos o en la p\u00e1gina Acerca de nosotros, donde le gustar\u00eda mostrar su alta calificaci\u00f3n. <\/p> <\/div>\r\n\t\t\t\t\t<\/div>\r\n\t\t\t\t<\/div><div class=\"faq-item\">\r\n\t\t\t\t\t<div class=\"faq-item-question\">\r\n\t\t\t\t\t\t<h3 class=\"faq-item-question-text\">\u00bfQu\u00e9 ventajas me ofrece?<\/h3>\r\n\r\n\t\t\t\t\t\t<div class=\"faq-item-question-icon\"><\/div>\r\n\t\t\t\t\t<\/div>\r\n\r\n\t\t\t\t\t<div class=\"faq-item-answer\">\r\n\t\t\t\t\t\t<div class=\"faq-item-answer-text\"> <p>Las rese\u00f1as de personas reales parecen de m\u00e1xima confianza para los clientes de su sitio y les demuestran que su empresa es un socio confiable. Las calificaciones altas y las cr\u00edticas positivas pueden ayudar a aumentar el n\u00famero de hu\u00e9spedes. Adem\u00e1s, el bot\u00f3n Activo puede contribuir a generar m\u00e1s opiniones de clientes relacionadas con tus servicios en Booking. <\/p> <\/div>\r\n\t\t\t\t\t<\/div>\r\n\t\t\t\t<\/div> <div class=\"faq-item\">\r\n\t\t\t\t\t<div class=\"faq-item-question\">\r\n\t\t\t\t\t\t<h3 class=\"faq-item-question-text\">\u00bfC\u00f3mo puedo insertar rese\u00f1as de reservas en mi sitio de BigCommerce?<\/h3>\r\n\r\n\t\t\t\t\t\t<div class=\"faq-item-question-icon\"><\/div>\r\n\t\t\t\t\t<\/div>\r\n\r\n\t\t\t\t\t<div class=\"faq-item-answer\">\r\n\t\t\t\t\t\t<div class=\"faq-item-answer-text\"> <p>Solo necesitas dos minutos para comenzar a usar el widget. El proceso de integraci\u00f3n es muy r\u00e1pido, gratuito y sin codificaci\u00f3n. <\/p> <ol><li>Existe una opci\u00f3n para configurar Rese\u00f1as de reservas en el sitio web directamente en nuestro servicio. Simplemente use la gu\u00eda que se encuentra en esta p\u00e1gina. <\/li> <li>Las rese\u00f1as de reservas de Elfsight se pueden insertar a trav\u00e9s de nuestro servicio o del mercado. Podr\u00e1s comparar las ventajas de ambas opciones y decidir cu\u00e1l es la m\u00e1s adecuada. <\/li> <\/ol> <\/div>\r\n\t\t\t\t\t<\/div>\r\n\t\t\t\t<\/div> <\/div> <\/div> <div class=\"application-platform-content-item-features application-platform-content-item\" id=\"features\" data-nav-section=\"features\"> <h2>Caracter\u00edsticas<\/h2> <p>Para formar un conocimiento m\u00e1s claro del widget, consulte la lista de sus funciones principales. Hacen que el widget sea incre\u00edblemente beneficioso para usted: <\/p> <ul> <li>Tres filtros predefinidos: por tipo, excluido por y cantidad de rese\u00f1as para mostrar; <\/li> <li>Una oportunidad para activar\/desactivar el encabezado del widget; <\/li> <li>Dos opciones de escenarios de rechazo de solicitud de revisi\u00f3n: mostrar un mensaje personalizado u ocultar el bot\u00f3n. <\/li> <\/ul><p>Para conocer una lista completa de funciones, vea nuestra demostraci\u00f3n en vivo<\/p> <\/div> <div class=\"application-platform-content-item-installation application-platform-content-item\" id=\"installation\" data-nav-section=\"installation\"> <h2>C\u00f3mo agregar rese\u00f1as de reservas a su sitio web de BigCommerce<\/h2><div class=\"video-container\"><iframe width=\"720\" height=\"405\" src=\"https:\/\/www.youtube.com\/embed\/K2K2KO4bqLQ\" frameborder=\"0\"><\/iframe><\/div><p>Simplemente siga los siguientes pasos que se describen a continuaci\u00f3n para comenzar a trabajar con la aplicaci\u00f3n en BigCommerce.<\/p> <ol><li><b>Administre nuestro editor gratuito y comience a darle forma a su propio widget. <\/b><br> Encuentre el formulario y la funcionalidad seleccionados de la aplicaci\u00f3n Booking Reviews y guarde las correcciones. <\/li> <li><b>Obtenga el c\u00f3digo \u00fanico que se muestra en la ventana de Elfsight Apps. <\/b><br> Cuando finalice la creaci\u00f3n de su widget, copie el c\u00f3digo individual en la ventana que aparece y gu\u00e1rdelo para futuras necesidades. <\/li> <li><b>Comience a utilizar la aplicaci\u00f3n en su sitio BigCommerce. <\/b><br> Inserta el c\u00f3digo que has guardado anteriormente en tu sitio y guarda las correcciones. <\/li> <li><b>La instalaci\u00f3n se ha realizado por completo. <\/b><br>Visite su sitio web para ver c\u00f3mo funciona el widget. <\/li><\/ol><p>\u00bfA\u00fan no puedes decidirte? \u00bfO tienes consultas? Simplemente env\u00ede una solicitud a nuestro equipo de soporte. Ayudar\u00e1n con cada problema. <\/p> <\/div>","protected":false},"excerpt":{"rendered":"","protected":false},"author":9,"featured_media":0,"parent":628,"menu_order":0,"comment_status":"closed","ping_status":"closed","template":"templates\/template-application-platform.php","meta":{"publish_to_discourse":"","publish_post_category":"","wpdc_auto_publish_overridden":"","wpdc_topic_tags":"","wpdc_pin_topic":"","wpdc_pin_until":"","discourse_post_id":"","discourse_permalink":"","wpdc_publishing_response":"","wpdc_publishing_error":"","footnotes":""},"class_list":["post-8364","page","type-page","status-publish","hentry"],"yoast_head":"<!-- This site is optimized with the Yoast SEO plugin v25.3.1 - https:\/\/yoast.com\/wordpress\/plugins\/seo\/ -->\n<title>Insertar rese\u00f1as de reservas en el sitio web de BigCommerce (en 2 minutos)<\/title>\n<meta name=\"description\" content=\"Con Elfsight, dise\u00f1e sus rese\u00f1as de reservas y agr\u00e9guelas al sitio web de BigCommerce con facilidad. Ofrecemos atenci\u00f3n al cliente gratuita y otras bonificaciones.\" \/>\n<meta name=\"robots\" content=\"index, follow, max-snippet:-1, max-image-preview:large, max-video-preview:-1\" \/>\n<link rel=\"canonical\" href=\"https:\/\/elfsight.com\/es\/booking-reviews-widget\/bigcommerce\/\" \/>\n<meta property=\"og:locale\" content=\"es_ES\" \/>\n<meta property=\"og:type\" content=\"article\" \/>\n<meta property=\"og:title\" content=\"Insertar rese\u00f1as de reservas en el sitio web de BigCommerce (en 2 minutos)\" \/>\n<meta property=\"og:description\" content=\"Con Elfsight, dise\u00f1e sus rese\u00f1as de reservas y agr\u00e9guelas al sitio web de BigCommerce con facilidad. Ofrecemos atenci\u00f3n al cliente gratuita y otras bonificaciones.\" \/>\n<meta property=\"og:url\" content=\"https:\/\/elfsight.com\/es\/booking-reviews-widget\/bigcommerce\/\" \/>\n<meta property=\"og:site_name\" content=\"Elfsight ES\" \/>\n<meta property=\"article:modified_time\" content=\"2025-02-06T15:38:08+00:00\" \/>\n<meta name=\"twitter:card\" content=\"summary_large_image\" \/>\n<meta name=\"twitter:label1\" content=\"Tiempo de lectura\" \/>\n\t<meta name=\"twitter:data1\" content=\"3 minutos\" \/>\n<!-- \/ Yoast SEO plugin. -->","yoast_head_json":{"title":"Insertar rese\u00f1as de reservas en el sitio web de BigCommerce (en 2 minutos)","description":"Con Elfsight, dise\u00f1e sus rese\u00f1as de reservas y agr\u00e9guelas al sitio web de BigCommerce con facilidad. Ofrecemos atenci\u00f3n al cliente gratuita y otras bonificaciones.","robots":{"index":"index","follow":"follow","max-snippet":"max-snippet:-1","max-image-preview":"max-image-preview:large","max-video-preview":"max-video-preview:-1"},"canonical":"https:\/\/elfsight.com\/es\/booking-reviews-widget\/bigcommerce\/","og_locale":"es_ES","og_type":"article","og_title":"Insertar rese\u00f1as de reservas en el sitio web de BigCommerce (en 2 minutos)","og_description":"Con Elfsight, dise\u00f1e sus rese\u00f1as de reservas y agr\u00e9guelas al sitio web de BigCommerce con facilidad. Ofrecemos atenci\u00f3n al cliente gratuita y otras bonificaciones.","og_url":"https:\/\/elfsight.com\/es\/booking-reviews-widget\/bigcommerce\/","og_site_name":"Elfsight ES","article_modified_time":"2025-02-06T15:38:08+00:00","twitter_card":"summary_large_image","twitter_misc":{"Tiempo de lectura":"3 minutos"},"schema":{"@context":"https:\/\/schema.org","@graph":[{"@type":"WebPage","@id":"https:\/\/elfsight.com\/es\/booking-reviews-widget\/bigcommerce\/","url":"https:\/\/elfsight.com\/es\/booking-reviews-widget\/bigcommerce\/","name":"Insertar rese\u00f1as de reservas en el sitio web de BigCommerce (en 2 minutos)","isPartOf":{"@id":"https:\/\/elfsight.com\/es\/#website"},"datePublished":"1970-01-01T00:00:00+00:00","dateModified":"2025-02-06T15:38:08+00:00","description":"Con Elfsight, dise\u00f1e sus rese\u00f1as de reservas y agr\u00e9guelas al sitio web de BigCommerce con facilidad. Ofrecemos atenci\u00f3n al cliente gratuita y otras bonificaciones.","breadcrumb":{"@id":"https:\/\/elfsight.com\/es\/booking-reviews-widget\/bigcommerce\/#breadcrumb"},"inLanguage":"es","potentialAction":[{"@type":"ReadAction","target":["https:\/\/elfsight.com\/es\/booking-reviews-widget\/bigcommerce\/"]}]},{"@type":"BreadcrumbList","@id":"https:\/\/elfsight.com\/es\/booking-reviews-widget\/bigcommerce\/#breadcrumb","itemListElement":[{"@type":"ListItem","position":1,"name":"Home","item":"https:\/\/elfsight.com\/es\/"},{"@type":"ListItem","position":2,"name":"Booking Reviews","item":"https:\/\/elfsight.com\/es\/booking-reviews-widget\/"},{"@type":"ListItem","position":3,"name":"Booking Reviews &#8211; BigCommerce"}]},{"@type":"WebSite","@id":"https:\/\/elfsight.com\/es\/#website","url":"https:\/\/elfsight.com\/es\/","name":"Elfsight ES","description":"Just another Elfsight Sites site","potentialAction":[{"@type":"SearchAction","target":{"@type":"EntryPoint","urlTemplate":"https:\/\/elfsight.com\/es\/?s={search_term_string}"},"query-input":{"@type":"PropertyValueSpecification","valueRequired":true,"valueName":"search_term_string"}}],"inLanguage":"es"}]}},"meta_box":{"industry":"","seo_heading":"","heading":"","description":"","cta_heading":"","cta_description":"","application":"627","h1":"Aplicaci\u00f3n BigCommerce Booking.com Rese\u00f1as","h1_caption":"Publique los testimonios de sus clientes perfectos de Booking en su sitio","application_category":[],"applications_title":"","applications_request_title":"","applications_request_button_text":"","hero_text":"","hero_video":"","hero_video_schema_markup":"","selling_points_title":"","selling_points_caption":"","selling_points":[],"selling_points_cta_text":"","features_title":"","features":"","ed_cta_examples_text":"","ed_cta_examples_hidden":"","ed_cta_demo_text":"","ed_cta_demo_hidden":"","why_caption":"","why_editor_title":"","why_editor_text":"","why_team_title":"","why_team_text":"","why_service_title":"","why_service_text":"","template_catalog_visible":"","template_catalog_title":"","template_catalog_text":"","template_catalog_categories_visible":"","demo_title":"Crea tu aplicaci\u00f3n de Rese\u00f1as de Reservas","demo_caption":"\u00a1Configure sus Rese\u00f1as de Reservas y agr\u00e9guelas a su sitio web de BigCommerce de forma gratuita!","default_faq_hidden":"","app_template_category":[],"platform":"33","template_public_id":"","codecanyon_url":"","codecanyon_item_id":"","codecanyon_price":"","pricing_caption":"","pricing_elfsight_apps_hide_column":"","pricing_elfsight_apps_url":"","pricing_codecanyon_price_caption":"","integration_category":[],"integration_request_title":"","integration_request_cta":"","integration_platform":"","integrations":[],"platform_category":[],"video_schema_markup":"","price":"desde $0 \/ mes","trial":"","benefits":[{"text":"Garant\u00eda de reembolso de 14 d\u00edas"},{"text":"Servicio de instalaci\u00f3n gratuito"},{"text":"Servicio al cliente eficaz"},{"text":"Actualizando constantemente"}],"button_url":"#demo","button_target_blank":"","button_nofollow":"","attributes":[{"name":"Instalaciones","content":"10,000 - 100,000"},{"name":"Sensible","content":"S\u00ed"},{"name":"Navegadores compatibles","content":"Firefox, Safari, Opera, Chrome, Edge"}],"tags":[],"tags_disable_links":"","hide_more_platforms":"","video_object":"","demo_hide_cta":"","demo_hide_cloud_options":"","pricing_title":"","pricing":[{"pricing_icon":"platform","pricing_title":"Elfsight Apps","pricing_title_caption":"Soluci\u00f3n digital multiplataforma","pricing_price":"desde $0 \/ mes","pricing_price_caption":"comienza con un plan gratuito","pricing_benefits":[{"text":"Dominios ilimitados"},{"text":"Soporte premium y puntual"},{"text":"Ayuda de instalaci\u00f3n gratuita"},{"text":"Totalmente personalizable"}],"pricing_button_text":"A\u00f1adir al sitio web","pricing_button_url":"#demo"}],"related_apps_title":"","related_apps_hidden":"","author":"","image":[],"title":"","job":"","social_networks":[]},"_links":{"self":[{"href":"https:\/\/elfsight.com\/es\/wp-json\/wp\/v2\/pages\/8364","targetHints":{"allow":["GET"]}}],"collection":[{"href":"https:\/\/elfsight.com\/es\/wp-json\/wp\/v2\/pages"}],"about":[{"href":"https:\/\/elfsight.com\/es\/wp-json\/wp\/v2\/types\/page"}],"author":[{"embeddable":true,"href":"https:\/\/elfsight.com\/es\/wp-json\/wp\/v2\/users\/9"}],"replies":[{"embeddable":true,"href":"https:\/\/elfsight.com\/es\/wp-json\/wp\/v2\/comments?post=8364"}],"version-history":[{"count":2,"href":"https:\/\/elfsight.com\/es\/wp-json\/wp\/v2\/pages\/8364\/revisions"}],"predecessor-version":[{"id":18557,"href":"https:\/\/elfsight.com\/es\/wp-json\/wp\/v2\/pages\/8364\/revisions\/18557"}],"up":[{"embeddable":true,"href":"https:\/\/elfsight.com\/es\/wp-json\/wp\/v2\/pages\/628"}],"wp:attachment":[{"href":"https:\/\/elfsight.com\/es\/wp-json\/wp\/v2\/media?parent=8364"}],"curies":[{"name":"wp","href":"https:\/\/api.w.org\/{rel}","templated":true}]}}