{"id":8355,"date":"1970-01-01T00:00:00","date_gmt":"1970-01-01T00:00:00","guid":{"rendered":"https:\/\/elfsight.com\/es\/?page_id=8355"},"modified":"2025-02-06T15:38:16","modified_gmt":"2025-02-06T15:38:16","slug":"weebly","status":"publish","type":"page","link":"https:\/\/elfsight.com\/es\/click-to-call-widget\/weebly\/","title":{"rendered":"Click to Call &#8211; Weebly"},"content":{"rendered":"<div class=\"application-platform-content-item-description application-platform-content-item\" id=\"description\" data-nav-section=\"description\"> <h2>Descripci\u00f3n<\/h2> <p>El complemento Click To Call para Weebly es una herramienta f\u00e1cil de usar que simplifica que la audiencia de su sitio lo llame m\u00e1s r\u00e1pidamente. Sus visitantes pueden llamarlo presionando la imagen del tel\u00e9fono en los dispositivos m\u00f3viles y, en la PC, su n\u00famero resulta llamativo para poder marcarlo c\u00f3modamente. La burbuja y la ventana del tel\u00e9fono son enormemente configurables y te permiten crear un estilo absolutamente exclusivo para tu widget. Eres libre de pintar todas las partes de la herramienta para que se ajuste completamente a la gama de colores del sitio web.<\/p> <div class=\"faq\" data-component=\"FAQ\"><div class=\"faq-item\">\r\n\t\t\t\t\t<div class=\"faq-item-question\">\r\n\t\t\t\t\t\t<h3 class=\"faq-item-question-text\">\u00bfD\u00f3nde puedo publicar Click to Call<\/h3>\r\n\r\n\t\t\t\t\t\t<div class=\"faq-item-question-icon\"><\/div>\r\n\t\t\t\t\t<\/div>\r\n\r\n\t\t\t\t\t<div class=\"faq-item-answer\">\r\n\t\t\t\t\t\t<div class=\"faq-item-answer-text\"> <p>Eres libre de seleccionar las p\u00e1ginas en las que deseas que se muestre la burbuja del tel\u00e9fono y demostrar su URL en la configuraci\u00f3n. O puede bloquear p\u00e1ginas espec\u00edficas mediante URL.<\/p> <\/div>\r\n\t\t\t\t\t<\/div>\r\n\t\t\t\t<\/div><div class=\"faq-item\">\r\n\t\t\t\t\t<div class=\"faq-item-question\">\r\n\t\t\t\t\t\t<h3 class=\"faq-item-question-text\">\u00bfC\u00f3mo puedo beneficiarme del bot\u00f3n de llamada?<\/h3>\r\n\r\n\t\t\t\t\t\t<div class=\"faq-item-question-icon\"><\/div>\r\n\t\t\t\t\t<\/div>\r\n\r\n\t\t\t\t\t<div class=\"faq-item-answer\">\r\n\t\t\t\t\t\t<div class=\"faq-item-answer-text\"> <p>La conversaci\u00f3n directa por tel\u00e9fono ayuda a convertir a m\u00e1s posibles compradores en clientes f\u00edsicos. Adem\u00e1s, una simple marcaci\u00f3n y una demostraci\u00f3n de su n\u00famero de tel\u00e9fono har\u00e1n que marcarlo sea lo m\u00e1s f\u00e1cil posible.<\/p> <\/div>\r\n\t\t\t\t\t<\/div>\r\n\t\t\t\t<\/div> <div class=\"faq-item\">\r\n\t\t\t\t\t<div class=\"faq-item-question\">\r\n\t\t\t\t\t\t<h3 class=\"faq-item-question-text\">\u00bfC\u00f3mo inserto la aplicaci\u00f3n Call en mi sitio Weebly?<\/h3>\r\n\r\n\t\t\t\t\t\t<div class=\"faq-item-question-icon\"><\/div>\r\n\t\t\t\t\t<\/div>\r\n\r\n\t\t\t\t\t<div class=\"faq-item-answer\">\r\n\t\t\t\t\t\t<div class=\"faq-item-answer-text\"> <p>Lo \u00fanico que debe hacer es crear su herramienta, elegir los colores y el tama\u00f1o, luego guardarla y copiar el c\u00f3digo que se mostrar\u00e1 en la ventana emergente al final del proceso de creaci\u00f3n. Implemente el c\u00f3digo en su sitio web.<\/p> <\/div>\r\n\t\t\t\t\t<\/div>\r\n\t\t\t\t<\/div> <\/div> <\/div> <div class=\"application-platform-content-item-features application-platform-content-item\" id=\"features\" data-nav-section=\"features\"> <h2>Caracter\u00edsticas<\/h2> <p>Para tener una idea clara de Click to Call, aqu\u00ed est\u00e1 la lista de las funciones principales. Hacen que la aplicaci\u00f3n sea incre\u00edblemente efectiva para usted: <\/p> <ul><li>Marcaci\u00f3n r\u00e1pida en dispositivos m\u00f3viles;<\/li> <li>Tres opciones de posici\u00f3n del widget: flotante hacia la izquierda o hacia la derecha o personalizada;<\/li> <li>La opci\u00f3n de incrustar el widget en p\u00e1ginas web seleccionadas o excluir p\u00e1ginas web;<\/li> <li>Tres grupos de visitantes a los que mostrar el widget: todos, nuevos o solo para regresar;<\/li> <li> 4 activadores de activaci\u00f3n del widget: tiempo invertido en la p\u00e1gina, tiempo invertido en el sitio web, el porcentaje de desplazamiento o el intento de salida.<\/li> <\/ul><p><a href=\"#demo\">Descubra una lista completa de funciones en la demostraci\u00f3n<\/a><\/p> <\/div> <div class=\"application-platform-content-item-installation application-platform-content-item\" id=\"installation\" data-nav-section=\"installation\"> <h2>C\u00f3mo agregar el bot\u00f3n Haga clic para llamar en su sitio Weebly<\/h2> <p>Las siguientes acciones son lo \u00fanico que debe hacer. <\/p> <ol><li><b>Utilice nuestra demostraci\u00f3n gratuita y comience a crear su widget \u00fanico. <\/b><br> Especifique el aspecto personalizado y la funcionalidad de la herramienta y aplique las ediciones. <\/li> <li><b>Reciba su c\u00f3digo individual que aparece en el cuadro de Elfsight Apps. <\/b><br> Inmediatamente despu\u00e9s de crear su complemento personal, copie el c\u00f3digo individual de la ventana emergente que aparece y gu\u00e1rdelo para ocasiones posteriores. <\/li> <li><b>Ingrese al uso de la herramienta en el sitio Weebly. <\/b><br>Integre el c\u00f3digo copiado recientemente en su sitio web y aplique las ediciones. <\/li> <li><b>\u00a1Listo! La incrustaci\u00f3n se realiza por completo. <\/b><br>Vaya a su sitio web para inspeccionar el funcionamiento de la herramienta. <\/li><\/ol><p>\u00bfA\u00fan no puedes decidirte? \u00bfO tener problemas? Simplemente escriba una solicitud a nuestro servicio de atenci\u00f3n al cliente. Resolveremos cualquier tipo de duda.<\/p> <\/div>","protected":false},"excerpt":{"rendered":"","protected":false},"author":9,"featured_media":0,"parent":650,"menu_order":0,"comment_status":"closed","ping_status":"closed","template":"templates\/template-application-platform.php","meta":{"publish_to_discourse":"","publish_post_category":"","wpdc_auto_publish_overridden":"","wpdc_topic_tags":"","wpdc_pin_topic":"","wpdc_pin_until":"","discourse_post_id":"","discourse_permalink":"","wpdc_publishing_response":"","wpdc_publishing_error":"","footnotes":""},"class_list":["post-8355","page","type-page","status-publish","hentry"],"yoast_head":"<!-- This site is optimized with the Yoast SEO plugin v25.3.1 - https:\/\/yoast.com\/wordpress\/plugins\/seo\/ -->\n<title>Bot\u00f3n de llamada de Weebly | Agregue la aplicaci\u00f3n Click to Call Button al sitio web (gratis y r\u00e1pido)<\/title>\n<meta name=\"description\" content=\"Agregue un pr\u00e1ctico complemento Click to Call en su sitio web Weebly. Aplique la demostraci\u00f3n manejable de Elfsight y cree su complemento \u00fanico en 1-2-3.\" \/>\n<meta name=\"robots\" content=\"index, follow, max-snippet:-1, max-image-preview:large, max-video-preview:-1\" \/>\n<link rel=\"canonical\" href=\"https:\/\/elfsight.com\/es\/click-to-call-widget\/weebly\/\" \/>\n<meta property=\"og:locale\" content=\"es_ES\" \/>\n<meta property=\"og:type\" content=\"article\" \/>\n<meta property=\"og:title\" content=\"Bot\u00f3n de llamada de Weebly | Agregue la aplicaci\u00f3n Click to Call Button al sitio web (gratis y r\u00e1pido)\" \/>\n<meta property=\"og:description\" content=\"Agregue un pr\u00e1ctico complemento Click to Call en su sitio web Weebly. Aplique la demostraci\u00f3n manejable de Elfsight y cree su complemento \u00fanico en 1-2-3.\" \/>\n<meta property=\"og:url\" content=\"https:\/\/elfsight.com\/es\/click-to-call-widget\/weebly\/\" \/>\n<meta property=\"og:site_name\" content=\"Elfsight ES\" \/>\n<meta property=\"article:modified_time\" content=\"2025-02-06T15:38:16+00:00\" \/>\n<meta name=\"twitter:card\" content=\"summary_large_image\" \/>\n<meta name=\"twitter:label1\" content=\"Tiempo de lectura\" \/>\n\t<meta name=\"twitter:data1\" content=\"3 minutos\" \/>\n<!-- \/ Yoast SEO plugin. -->","yoast_head_json":{"title":"Bot\u00f3n de llamada de Weebly | Agregue la aplicaci\u00f3n Click to Call Button al sitio web (gratis y r\u00e1pido)","description":"Agregue un pr\u00e1ctico complemento Click to Call en su sitio web Weebly. Aplique la demostraci\u00f3n manejable de Elfsight y cree su complemento \u00fanico en 1-2-3.","robots":{"index":"index","follow":"follow","max-snippet":"max-snippet:-1","max-image-preview":"max-image-preview:large","max-video-preview":"max-video-preview:-1"},"canonical":"https:\/\/elfsight.com\/es\/click-to-call-widget\/weebly\/","og_locale":"es_ES","og_type":"article","og_title":"Bot\u00f3n de llamada de Weebly | Agregue la aplicaci\u00f3n Click to Call Button al sitio web (gratis y r\u00e1pido)","og_description":"Agregue un pr\u00e1ctico complemento Click to Call en su sitio web Weebly. Aplique la demostraci\u00f3n manejable de Elfsight y cree su complemento \u00fanico en 1-2-3.","og_url":"https:\/\/elfsight.com\/es\/click-to-call-widget\/weebly\/","og_site_name":"Elfsight ES","article_modified_time":"2025-02-06T15:38:16+00:00","twitter_card":"summary_large_image","twitter_misc":{"Tiempo de lectura":"3 minutos"},"schema":{"@context":"https:\/\/schema.org","@graph":[{"@type":"WebPage","@id":"https:\/\/elfsight.com\/es\/click-to-call-widget\/weebly\/","url":"https:\/\/elfsight.com\/es\/click-to-call-widget\/weebly\/","name":"Bot\u00f3n de llamada de Weebly | Agregue la aplicaci\u00f3n Click to Call Button al sitio web (gratis y r\u00e1pido)","isPartOf":{"@id":"https:\/\/elfsight.com\/es\/#website"},"datePublished":"1970-01-01T00:00:00+00:00","dateModified":"2025-02-06T15:38:16+00:00","description":"Agregue un pr\u00e1ctico complemento Click to Call en su sitio web Weebly. Aplique la demostraci\u00f3n manejable de Elfsight y cree su complemento \u00fanico en 1-2-3.","breadcrumb":{"@id":"https:\/\/elfsight.com\/es\/click-to-call-widget\/weebly\/#breadcrumb"},"inLanguage":"es","potentialAction":[{"@type":"ReadAction","target":["https:\/\/elfsight.com\/es\/click-to-call-widget\/weebly\/"]}]},{"@type":"BreadcrumbList","@id":"https:\/\/elfsight.com\/es\/click-to-call-widget\/weebly\/#breadcrumb","itemListElement":[{"@type":"ListItem","position":1,"name":"Home","item":"https:\/\/elfsight.com\/es\/"},{"@type":"ListItem","position":2,"name":"Click to Call","item":"https:\/\/elfsight.com\/es\/click-to-call-widget\/"},{"@type":"ListItem","position":3,"name":"Click to Call &#8211; Weebly"}]},{"@type":"WebSite","@id":"https:\/\/elfsight.com\/es\/#website","url":"https:\/\/elfsight.com\/es\/","name":"Elfsight ES","description":"Just another Elfsight Sites site","potentialAction":[{"@type":"SearchAction","target":{"@type":"EntryPoint","urlTemplate":"https:\/\/elfsight.com\/es\/?s={search_term_string}"},"query-input":{"@type":"PropertyValueSpecification","valueRequired":true,"valueName":"search_term_string"}}],"inLanguage":"es"}]}},"meta_box":{"industry":"","seo_heading":"","heading":"","description":"","cta_heading":"","cta_description":"","application":"649","h1":"Aplicaci\u00f3n Weebly Click to Call Button","h1_caption":"Permita que los usuarios se comuniquen con usted instant\u00e1neamente con un simple bot\u00f3n de hacer clic para llamar, lo que facilita el acceso directo a su sitio web Weebly sin esfuerzo.","application_category":[],"applications_title":"","applications_request_title":"","applications_request_button_text":"","hero_text":"","hero_video":"","hero_video_schema_markup":"","selling_points_title":"","selling_points_caption":"","selling_points":[],"selling_points_cta_text":"","features_title":"","features":"","ed_cta_examples_text":"","ed_cta_examples_hidden":"","ed_cta_demo_text":"","ed_cta_demo_hidden":"","why_caption":"","why_editor_title":"","why_editor_text":"","why_team_title":"","why_team_text":"","why_service_title":"","why_service_text":"","template_catalog_visible":"","template_catalog_title":"","template_catalog_text":"","template_catalog_categories_visible":"","demo_title":"Crea tu aplicaci\u00f3n Click to Call","demo_caption":"\u00a1Configura tu Click to Call y agr\u00e9galo a tu sitio web Weebly gratis!","default_faq_hidden":"","app_template_category":[],"platform":"109","template_public_id":"","codecanyon_url":"","codecanyon_item_id":"","codecanyon_price":"","pricing_caption":"","pricing_elfsight_apps_hide_column":"","pricing_elfsight_apps_url":"","pricing_codecanyon_price_caption":"","integration_category":[],"integration_request_title":"","integration_request_cta":"","integration_platform":"","integrations":[],"platform_category":[],"video_schema_markup":"","price":"desde $0 \/ mes","trial":"","benefits":[{"text":"Ayuda de instalaci\u00f3n gratuita"},{"text":"Servicio al cliente eficaz"},{"text":"Garant\u00eda de reembolso de 14 d\u00edas"},{"text":"Desarrollo continuo"}],"button_url":"#demo","button_target_blank":"","button_nofollow":"","attributes":[{"name":"Instalaciones","content":"10,000 - 100,000"},{"name":"Sensible","content":"S\u00ed"},{"name":"Navegadores compatibles","content":"Firefox, Safari, Opera, Chrome, Edge"}],"tags":[],"tags_disable_links":"","hide_more_platforms":"","video_object":"","demo_hide_cta":"","demo_hide_cloud_options":"","pricing_title":"","pricing":[{"pricing_icon":"platform","pricing_title":"Elfsight Apps","pricing_title_caption":"Soluci\u00f3n digital multiplataforma que funciona en cualquier sitio","pricing_price":"desde $0 \/ mes","pricing_price_caption":"comienza con un plan gratuito","pricing_benefits":[{"text":"Sitios web ilimitados"},{"text":"Soporte premium y bien documentado."},{"text":"Asistencia de instalaci\u00f3n gratuita"},{"text":"Totalmente personalizable"}],"pricing_button_text":"A\u00f1adir al sitio web","pricing_button_url":"#demo"}],"related_apps_title":"","related_apps_hidden":"","author":"","image":[],"title":"","job":"","social_networks":[]},"_links":{"self":[{"href":"https:\/\/elfsight.com\/es\/wp-json\/wp\/v2\/pages\/8355","targetHints":{"allow":["GET"]}}],"collection":[{"href":"https:\/\/elfsight.com\/es\/wp-json\/wp\/v2\/pages"}],"about":[{"href":"https:\/\/elfsight.com\/es\/wp-json\/wp\/v2\/types\/page"}],"author":[{"embeddable":true,"href":"https:\/\/elfsight.com\/es\/wp-json\/wp\/v2\/users\/9"}],"replies":[{"embeddable":true,"href":"https:\/\/elfsight.com\/es\/wp-json\/wp\/v2\/comments?post=8355"}],"version-history":[{"count":2,"href":"https:\/\/elfsight.com\/es\/wp-json\/wp\/v2\/pages\/8355\/revisions"}],"predecessor-version":[{"id":18561,"href":"https:\/\/elfsight.com\/es\/wp-json\/wp\/v2\/pages\/8355\/revisions\/18561"}],"up":[{"embeddable":true,"href":"https:\/\/elfsight.com\/es\/wp-json\/wp\/v2\/pages\/650"}],"wp:attachment":[{"href":"https:\/\/elfsight.com\/es\/wp-json\/wp\/v2\/media?parent=8355"}],"curies":[{"name":"wp","href":"https:\/\/api.w.org\/{rel}","templated":true}]}}