{"id":8349,"date":"1970-01-01T00:00:00","date_gmt":"1970-01-01T00:00:00","guid":{"rendered":"https:\/\/elfsight.com\/es\/?page_id=8349"},"modified":"2025-02-06T15:38:24","modified_gmt":"2025-02-06T15:38:24","slug":"webflow","status":"publish","type":"page","link":"https:\/\/elfsight.com\/es\/click-to-call-widget\/webflow\/","title":{"rendered":"Click to Call &#8211; Webflow"},"content":{"rendered":"<div class=\"application-platform-content-item-description application-platform-content-item\" id=\"description\" data-nav-section=\"description\"> <h2>Insertar clic para llamar en Webflow con el widget de Elfsight<\/h2> <p>El bot\u00f3n Llamar ahora de Elfsight es un widget sencillo para un sitio web, que agiliza que los clientes le hagan una llamada telef\u00f3nica. Visto desde tel\u00e9fonos m\u00f3viles, el widget comienza a marcar su n\u00famero tan pronto como el usuario hace clic en la burbuja del tel\u00e9fono. Cuando se usa desde computadoras de escritorio, al hacer clic se mostrar\u00e1 su n\u00famero en la p\u00e1gina para ayudar a los usuarios a llamarlo directamente. Hay una opci\u00f3n no solo para agregar el n\u00famero de tel\u00e9fono, sino tambi\u00e9n para configurar la ventana de llamada, que incluye el nombre y la foto de la persona de contacto de su cliente y un t\u00edtulo. Todas las partes son flexibles y permiten configurarlo para obtener cualquier variante de la interfaz. Tambi\u00e9n hay una opci\u00f3n para elegir un disparador que haga aparecer la burbuja del tel\u00e9fono y decidir qu\u00e9 categor\u00eda de usuarios la ver\u00e1n. <\/p> <div class=\"faq\" data-component=\"FAQ\"><div class=\"faq-item\">\r\n\t\t\t\t\t<div class=\"faq-item-question\">\r\n\t\t\t\t\t\t<h3 class=\"faq-item-question-text\">\u00bfD\u00f3nde puedo incrustar el widget?<\/h3>\r\n\r\n\t\t\t\t\t\t<div class=\"faq-item-question-icon\"><\/div>\r\n\t\t\t\t\t<\/div>\r\n\r\n\t\t\t\t\t<div class=\"faq-item-answer\">\r\n\t\t\t\t\t\t<div class=\"faq-item-answer-text\"> <p>Puedes agregarlo a cualquier p\u00e1gina de tu sitio web o a todas las p\u00e1ginas web. En la configuraci\u00f3n del widget, puede ingresar las URL de p\u00e1ginas espec\u00edficas donde necesita habilitar el widget. O utilice la funci\u00f3n Excluir e ingrese las URL de las p\u00e1ginas donde necesita prohibir que se muestre el widget.<\/p> <\/div>\r\n\t\t\t\t\t<\/div>\r\n\t\t\t\t<\/div><div class=\"faq-item\">\r\n\t\t\t\t\t<div class=\"faq-item-question\">\r\n\t\t\t\t\t\t<h3 class=\"faq-item-question-text\">\u00bfQu\u00e9 beneficios puede brindarme?<\/h3>\r\n\r\n\t\t\t\t\t\t<div class=\"faq-item-question-icon\"><\/div>\r\n\t\t\t\t\t<\/div>\r\n\r\n\t\t\t\t\t<div class=\"faq-item-answer\">\r\n\t\t\t\t\t\t<div class=\"faq-item-answer-text\"> <p>Puede recibir m\u00e1s llamadas de clientes gracias a una forma r\u00e1pida y pr\u00e1ctica de llamarlo, sin salir de la p\u00e1gina web. Puede ayudarle a obtener m\u00e1s comunicaciones directas y convertir visitantes en clientes. Adem\u00e1s, puede crear su base de clientes potenciales. <\/p> <\/div>\r\n\t\t\t\t\t<\/div>\r\n\t\t\t\t<\/div> <div class=\"faq-item\">\r\n\t\t\t\t\t<div class=\"faq-item-question\">\r\n\t\t\t\t\t\t<h3 class=\"faq-item-question-text\">\u00bfC\u00f3mo incorporo el bot\u00f3n de llamada en mi sitio web Webflow?<\/h3>\r\n\r\n\t\t\t\t\t\t<div class=\"faq-item-question-icon\"><\/div>\r\n\t\t\t\t\t<\/div>\r\n\r\n\t\t\t\t\t<div class=\"faq-item-answer\">\r\n\t\t\t\t\t\t<div class=\"faq-item-answer-text\"> <p>Solo necesitas un minuto para configurarlo. Este proceso es realmente r\u00e1pido, gratuito y no requiere codificaci\u00f3n. <\/p> <p>Puede agregar el widget de llamada a su sitio en nuestro servicio. Para esto, siga las instrucciones que aparecen a continuaci\u00f3n en esta p\u00e1gina.<\/p> <\/div>\r\n\t\t\t\t\t<\/div>\r\n\t\t\t\t<\/div> <\/div> <\/div> <div class=\"application-platform-content-item-features application-platform-content-item\" id=\"features\" data-nav-section=\"features\"> <h2>Caracter\u00edsticas principales del widget Click to Call<\/h2> <p>Para tener un conocimiento completo del widget, aqu\u00ed est\u00e1 la lista de las caracter\u00edsticas principales. Hacen que nuestro widget sea incre\u00edblemente eficiente para usted: <\/p> <ul><li>Llamadas telef\u00f3nicas r\u00e1pidas en m\u00f3viles; <\/li> <li>Elija una de las tres opciones de ubicaci\u00f3n del widget: flotante hacia la izquierda o hacia la derecha o personalizado; <\/li> <li>La opci\u00f3n de incrustar widgets en p\u00e1ginas particulares o excluir p\u00e1ginas web; <\/li> <li>Elija las categor\u00edas de usuarios que ver\u00e1n el widget: todos, nuevos o recurrentes; <\/li> <li> Activadores de widgets incorporados: tiempo en la p\u00e1gina, tiempo en el sitio web, porcentaje de desplazamiento e intento de abandonar el sitio. <\/li> <\/ul><p><a href=\"#demo\">La demostraci\u00f3n le abrir\u00e1 m\u00e1s funciones<\/a><\/p> <\/div> <div class=\"application-platform-content-item-installation application-platform-content-item\" id=\"installation\" data-nav-section=\"installation\"> <h2>C\u00f3mo agregar el bot\u00f3n Click To Call en su sitio web de Webflow<\/h2> <p>Estas diversas acciones son todo lo que necesita hacer para instalar el widget. <\/p> <ol><li><b>Genera tu widget de llamada \u00fanico<\/b><br> Mediante nuestro editor gratuito, obt\u00e9n un complemento con un dise\u00f1o y funciones seleccionados. <\/li><li><b>Reciba el c\u00f3digo individual para instalar el complemento<\/b><br> Despu\u00e9s de haber configurado su widget, obtendr\u00e1 el c\u00f3digo de instalaci\u00f3n de la notificaci\u00f3n que aparece en Elfsight Apps. Copie este c\u00f3digo para su uso posterior. <\/li> <li><b>Muestre el complemento en su sitio Webflow<\/b><br> Vaya al lugar donde desea colocar el complemento y agregue el c\u00f3digo copiado all\u00ed. Aplique los cambios.<\/li> <li><b>\u00a1Listo! <\/b><br>Entra en la tienda, para echar un vistazo a tu Bot\u00f3n de Llamada. <\/li> <\/ol><p>\u00bfA\u00fan no puedes decidirte? \u00bfO tienes preguntas que hacer? Simplemente env\u00ede una solicitud a nuestro servicio de atenci\u00f3n al cliente para solucionar cualquier problema. <\/p> <\/div>","protected":false},"excerpt":{"rendered":"","protected":false},"author":9,"featured_media":0,"parent":650,"menu_order":0,"comment_status":"closed","ping_status":"closed","template":"templates\/template-application-platform.php","meta":{"publish_to_discourse":"","publish_post_category":"","wpdc_auto_publish_overridden":"","wpdc_topic_tags":"","wpdc_pin_topic":"","wpdc_pin_until":"","discourse_post_id":"","discourse_permalink":"","wpdc_publishing_response":"","wpdc_publishing_error":"","footnotes":""},"class_list":["post-8349","page","type-page","status-publish","hentry"],"yoast_head":"<!-- This site is optimized with the Yoast SEO plugin v25.3.1 - https:\/\/yoast.com\/wordpress\/plugins\/seo\/ -->\n<title>Agregue el widget Bot\u00f3n de clic para llamar a su sitio web de Webflow (en 2 minutos)<\/title>\n<meta name=\"description\" content=\"Es absolutamente sencillo darle forma a su widget del bot\u00f3n Haga clic para llamar ahora y agregarlo al sitio web de Webflow. El servicio al cliente de Elfsight es gratuito y r\u00e1pido.\" \/>\n<meta name=\"robots\" content=\"index, follow, max-snippet:-1, max-image-preview:large, max-video-preview:-1\" \/>\n<link rel=\"canonical\" href=\"https:\/\/elfsight.com\/es\/click-to-call-widget\/webflow\/\" \/>\n<meta property=\"og:locale\" content=\"es_ES\" \/>\n<meta property=\"og:type\" content=\"article\" \/>\n<meta property=\"og:title\" content=\"Agregue el widget Bot\u00f3n de clic para llamar a su sitio web de Webflow (en 2 minutos)\" \/>\n<meta property=\"og:description\" content=\"Es absolutamente sencillo darle forma a su widget del bot\u00f3n Haga clic para llamar ahora y agregarlo al sitio web de Webflow. El servicio al cliente de Elfsight es gratuito y r\u00e1pido.\" \/>\n<meta property=\"og:url\" content=\"https:\/\/elfsight.com\/es\/click-to-call-widget\/webflow\/\" \/>\n<meta property=\"og:site_name\" content=\"Elfsight ES\" \/>\n<meta property=\"article:modified_time\" content=\"2025-02-06T15:38:24+00:00\" \/>\n<meta name=\"twitter:card\" content=\"summary_large_image\" \/>\n<meta name=\"twitter:label1\" content=\"Tiempo de lectura\" \/>\n\t<meta name=\"twitter:data1\" content=\"3 minutos\" \/>\n<!-- \/ Yoast SEO plugin. -->","yoast_head_json":{"title":"Agregue el widget Bot\u00f3n de clic para llamar a su sitio web de Webflow (en 2 minutos)","description":"Es absolutamente sencillo darle forma a su widget del bot\u00f3n Haga clic para llamar ahora y agregarlo al sitio web de Webflow. El servicio al cliente de Elfsight es gratuito y r\u00e1pido.","robots":{"index":"index","follow":"follow","max-snippet":"max-snippet:-1","max-image-preview":"max-image-preview:large","max-video-preview":"max-video-preview:-1"},"canonical":"https:\/\/elfsight.com\/es\/click-to-call-widget\/webflow\/","og_locale":"es_ES","og_type":"article","og_title":"Agregue el widget Bot\u00f3n de clic para llamar a su sitio web de Webflow (en 2 minutos)","og_description":"Es absolutamente sencillo darle forma a su widget del bot\u00f3n Haga clic para llamar ahora y agregarlo al sitio web de Webflow. El servicio al cliente de Elfsight es gratuito y r\u00e1pido.","og_url":"https:\/\/elfsight.com\/es\/click-to-call-widget\/webflow\/","og_site_name":"Elfsight ES","article_modified_time":"2025-02-06T15:38:24+00:00","twitter_card":"summary_large_image","twitter_misc":{"Tiempo de lectura":"3 minutos"},"schema":{"@context":"https:\/\/schema.org","@graph":[{"@type":"WebPage","@id":"https:\/\/elfsight.com\/es\/click-to-call-widget\/webflow\/","url":"https:\/\/elfsight.com\/es\/click-to-call-widget\/webflow\/","name":"Agregue el widget Bot\u00f3n de clic para llamar a su sitio web de Webflow (en 2 minutos)","isPartOf":{"@id":"https:\/\/elfsight.com\/es\/#website"},"datePublished":"1970-01-01T00:00:00+00:00","dateModified":"2025-02-06T15:38:24+00:00","description":"Es absolutamente sencillo darle forma a su widget del bot\u00f3n Haga clic para llamar ahora y agregarlo al sitio web de Webflow. El servicio al cliente de Elfsight es gratuito y r\u00e1pido.","breadcrumb":{"@id":"https:\/\/elfsight.com\/es\/click-to-call-widget\/webflow\/#breadcrumb"},"inLanguage":"es","potentialAction":[{"@type":"ReadAction","target":["https:\/\/elfsight.com\/es\/click-to-call-widget\/webflow\/"]}]},{"@type":"BreadcrumbList","@id":"https:\/\/elfsight.com\/es\/click-to-call-widget\/webflow\/#breadcrumb","itemListElement":[{"@type":"ListItem","position":1,"name":"Home","item":"https:\/\/elfsight.com\/es\/"},{"@type":"ListItem","position":2,"name":"Click to Call","item":"https:\/\/elfsight.com\/es\/click-to-call-widget\/"},{"@type":"ListItem","position":3,"name":"Click to Call &#8211; Webflow"}]},{"@type":"WebSite","@id":"https:\/\/elfsight.com\/es\/#website","url":"https:\/\/elfsight.com\/es\/","name":"Elfsight ES","description":"Just another Elfsight Sites site","potentialAction":[{"@type":"SearchAction","target":{"@type":"EntryPoint","urlTemplate":"https:\/\/elfsight.com\/es\/?s={search_term_string}"},"query-input":{"@type":"PropertyValueSpecification","valueRequired":true,"valueName":"search_term_string"}}],"inLanguage":"es"}]}},"meta_box":{"industry":"","seo_heading":"","heading":"","description":"","cta_heading":"","cta_description":"","application":"649","h1":"Bot\u00f3n de clic para llamar de Webflow","h1_caption":"Permita que los usuarios se comuniquen con usted al instante con un simple bot\u00f3n de hacer clic para llamar, lo que facilita el acceso directo a su sitio web de Webflow sin esfuerzo.","application_category":[],"applications_title":"","applications_request_title":"","applications_request_button_text":"","hero_text":"","hero_video":"","hero_video_schema_markup":"","selling_points_title":"","selling_points_caption":"","selling_points":[],"selling_points_cta_text":"","features_title":"","features":"","ed_cta_examples_text":"","ed_cta_examples_hidden":"","ed_cta_demo_text":"","ed_cta_demo_hidden":"","why_caption":"","why_editor_title":"","why_editor_text":"","why_team_title":"","why_team_text":"","why_service_title":"","why_service_text":"","template_catalog_visible":"","template_catalog_title":"","template_catalog_text":"","template_catalog_categories_visible":"","demo_title":"Crea tu widget Click to Call","demo_caption":"\u00a1Configura tu Click to Call y agr\u00e9galo a tu sitio web Webflow gratis!","default_faq_hidden":"","app_template_category":[],"platform":"106","template_public_id":"","codecanyon_url":"","codecanyon_item_id":"","codecanyon_price":"","pricing_caption":"","pricing_elfsight_apps_hide_column":"","pricing_elfsight_apps_url":"","pricing_codecanyon_price_caption":"","integration_category":[],"integration_request_title":"","integration_request_cta":"","integration_platform":"","integrations":[],"platform_category":[],"video_schema_markup":"","price":"desde $0 \/ mes","trial":"","benefits":[{"text":"Asistencia de instalaci\u00f3n gratuita"},{"text":"Soporte premium"},{"text":"Garant\u00eda de devoluci\u00f3n de dinero de 14 d\u00edas"},{"text":"Mejoras gratuitas de por vida"}],"button_url":"#demo","button_target_blank":"","button_nofollow":"","attributes":[{"name":"Instalaciones","content":"10,000 - 100,000"},{"name":"Sensible","content":"S\u00ed"},{"name":"Navegadores compatibles","content":"Chrome, Firefox, Safari, Opera, Edge"}],"tags":[],"tags_disable_links":"","hide_more_platforms":"","video_object":"","demo_hide_cta":"","demo_hide_cloud_options":"","pricing_title":"","pricing":[{"pricing_icon":"platform","pricing_title":"Elfsight Apps","pricing_title_caption":"Software independiente de la plataforma que se adapta a cualquier sitio web","pricing_price":"desde $0 \/ mes","pricing_price_caption":"comienza con el plan gratuito","pricing_benefits":[{"text":"Dominios ilimitados"},{"text":"Servicio de instalaci\u00f3n gratuito"},{"text":"Atenci\u00f3n al cliente profesional"},{"text":"Oferta especial para m\u00faltiples aplicaciones"}],"pricing_button_text":"A\u00f1adir al sitio web","pricing_button_url":"#demo"}],"related_apps_title":"","related_apps_hidden":"","author":"","image":[],"title":"","job":"","social_networks":[]},"_links":{"self":[{"href":"https:\/\/elfsight.com\/es\/wp-json\/wp\/v2\/pages\/8349","targetHints":{"allow":["GET"]}}],"collection":[{"href":"https:\/\/elfsight.com\/es\/wp-json\/wp\/v2\/pages"}],"about":[{"href":"https:\/\/elfsight.com\/es\/wp-json\/wp\/v2\/types\/page"}],"author":[{"embeddable":true,"href":"https:\/\/elfsight.com\/es\/wp-json\/wp\/v2\/users\/9"}],"replies":[{"embeddable":true,"href":"https:\/\/elfsight.com\/es\/wp-json\/wp\/v2\/comments?post=8349"}],"version-history":[{"count":2,"href":"https:\/\/elfsight.com\/es\/wp-json\/wp\/v2\/pages\/8349\/revisions"}],"predecessor-version":[{"id":18563,"href":"https:\/\/elfsight.com\/es\/wp-json\/wp\/v2\/pages\/8349\/revisions\/18563"}],"up":[{"embeddable":true,"href":"https:\/\/elfsight.com\/es\/wp-json\/wp\/v2\/pages\/650"}],"wp:attachment":[{"href":"https:\/\/elfsight.com\/es\/wp-json\/wp\/v2\/media?parent=8349"}],"curies":[{"name":"wp","href":"https:\/\/api.w.org\/{rel}","templated":true}]}}