{"id":8348,"date":"1970-01-01T00:00:00","date_gmt":"1970-01-01T00:00:00","guid":{"rendered":"https:\/\/elfsight.com\/es\/?page_id=8348"},"modified":"2025-02-06T15:38:24","modified_gmt":"2025-02-06T15:38:24","slug":"squarespace","status":"publish","type":"page","link":"https:\/\/elfsight.com\/es\/click-to-call-widget\/squarespace\/","title":{"rendered":"Click to Call &#8211; Squarespace"},"content":{"rendered":"<div class=\"application-platform-content-item-description application-platform-content-item\" id=\"description\" data-nav-section=\"description\"> <h2>Insertar clic para llamar en Squarespace con el widget de Elfsight<\/h2> <p>El bot\u00f3n Llamar ahora de Elfsight es el complemento m\u00e1s sencillo para un sitio, que har\u00e1 que sea m\u00e1s f\u00e1cil para los usuarios realizar una llamada telef\u00f3nica. Utilizado en tel\u00e9fonos m\u00f3viles, el complemento comienza a marcar su n\u00famero cuando una persona hace clic en el \u00edcono del tel\u00e9fono. En computadoras de escritorio, al hacer clic se revelar\u00e1 su n\u00famero de tel\u00e9fono en el sitio y ayudar\u00e1 a los usuarios a llamarlo directamente. No s\u00f3lo puede revelar el n\u00famero de tel\u00e9fono, sino tambi\u00e9n mostrar la ventana de llamada que tiene el nombre y la foto de su persona de contacto y un t\u00edtulo. Todas estas partes son intercambiables, lo que permite crear cualquier variante de la interfaz. Tambi\u00e9n puede seleccionar un activador, que activa la burbuja del tel\u00e9fono y decide qu\u00e9 categor\u00eda de espectadores lo ver\u00e1n.<\/p><div class=\"faq\" data-component=\"FAQ\"><div class=\"faq-item\">\r\n\t\t\t\t\t<div class=\"faq-item-question\">\r\n\t\t\t\t\t\t<h3 class=\"faq-item-question-text\">\u00bfD\u00f3nde puedo instalar Click to Call?<\/h3>\r\n\r\n\t\t\t\t\t\t<div class=\"faq-item-question-icon\"><\/div>\r\n\t\t\t\t\t<\/div>\r\n\r\n\t\t\t\t\t<div class=\"faq-item-answer\">\r\n\t\t\t\t\t\t<div class=\"faq-item-answer-text\"> <p>El complemento Elfsight Call se puede configurar en cualquier p\u00e1gina de su sitio web o en todas las p\u00e1ginas web. En la configuraci\u00f3n del bot\u00f3n de llamada, hay una funci\u00f3n para insertar las URL de p\u00e1ginas separadas donde necesita habilitar el widget. O utilice la funci\u00f3n Excluir e inserte las URL de las p\u00e1ginas donde desea limitar la visualizaci\u00f3n del widget.<\/p> <\/div>\r\n\t\t\t\t\t<\/div>\r\n\t\t\t\t<\/div><div class=\"faq-item\">\r\n\t\t\t\t\t<div class=\"faq-item-question\">\r\n\t\t\t\t\t\t<h3 class=\"faq-item-question-text\">\u00bfC\u00f3mo puedo beneficiarme de \u00e9l?<\/h3>\r\n\r\n\t\t\t\t\t\t<div class=\"faq-item-question-icon\"><\/div>\r\n\t\t\t\t\t<\/div>\r\n\r\n\t\t\t\t\t<div class=\"faq-item-answer\">\r\n\t\t\t\t\t\t<div class=\"faq-item-answer-text\"> <p>Puede recibir m\u00e1s llamadas telef\u00f3nicas de clientes potenciales gracias a una forma f\u00e1cil e instant\u00e1nea de llamarlo, sin salir del sitio. Puede contribuir a tener m\u00e1s comunicaciones personales y convertir a los visitantes en nuevas compras. Adem\u00e1s, puede recopilar clientes potenciales de su base de clientes. <\/p> <\/div>\r\n\t\t\t\t\t<\/div>\r\n\t\t\t\t<\/div> <div class=\"faq-item\">\r\n\t\t\t\t\t<div class=\"faq-item-question\">\r\n\t\t\t\t\t\t<h3 class=\"faq-item-question-text\">\u00bfC\u00f3mo puedo insertar el bot\u00f3n Hacer clic para llamar en mi sitio web de Squarespace?<\/h3>\r\n\r\n\t\t\t\t\t\t<div class=\"faq-item-question-icon\"><\/div>\r\n\t\t\t\t\t<\/div>\r\n\r\n\t\t\t\t\t<div class=\"faq-item-answer\">\r\n\t\t\t\t\t\t<div class=\"faq-item-answer-text\"> <p>Solo necesitar\u00e1s dos minutos de tu tiempo para insertar el complemento. Este proceso es muy r\u00e1pido, gratuito y sin codificaci\u00f3n.<\/p> <p>Puedes integrar el complemento al sitio web directamente en nuestro servicio. Simplemente siga la gu\u00eda que se incluye a continuaci\u00f3n en esta p\u00e1gina.<\/p> <\/div>\r\n\t\t\t\t\t<\/div>\r\n\t\t\t\t<\/div> <\/div> <\/div> <div class=\"application-platform-content-item-features application-platform-content-item\" id=\"features\" data-nav-section=\"features\"> <h2>Caracter\u00edsticas principales del widget Hacer clic para llamar<\/h2> <p>Para tener una mejor percepci\u00f3n del bot\u00f3n Llamar ahora, aqu\u00ed hay una lista de las funciones principales. Hacen que nuestro complemento sea realmente efectivo para usted: <\/p> <ul><li>Marcaci\u00f3n r\u00e1pida en m\u00f3viles;<\/li> <li>3 variantes de ubicaci\u00f3n del widget: flotante a la izquierda, flotante a la derecha o personalizado;<\/li> <li>La opci\u00f3n de mostrar el widget en p\u00e1ginas web espec\u00edficas o excluyendo p\u00e1ginas web;<\/li> <li>Tres variantes de visitantes a quienes mostrar el widget: todos, nuevos y recurrentes;<\/li> <li> 4 activadores de apertura del widget: tiempo en la p\u00e1gina, tiempo invertido en el sitio web, porcentaje de desplazamiento o intento de salida.<\/li> <\/ul><p><a href=\"#demo\">Consulte m\u00e1s funciones en la demostraci\u00f3n en vivo<\/a><\/p> <\/div><div class=\"application-platform-content-item-installation application-platform-content-item\" id=\"installation\" data-nav-section=\"installation\"> <h2>C\u00f3mo agregar el bot\u00f3n Clic para llamar en su sitio web de Squarespace<\/h2> <p>Los siguientes pasos son lo \u00fanico que necesita para establecerlo. <\/p> <ol><li><b>Genere su complemento de llamada personalizado<\/b><br> En nuestro configurador gratuito, cree un complemento con un dise\u00f1o y funciones preferidos.<\/li><li><b>Adquiera el c\u00f3digo individual para agregar el complemento<\/b><br> Despu\u00e9s de haber generado su complemento, obtendr\u00e1 el c\u00f3digo de instalaci\u00f3n en la ventana que aparece en Elfsight Apps. Copia este c\u00f3digo. <\/li> <li><b>Incrusta el complemento en tu sitio de Squarespace<\/b><br> Define el lugar donde deseas revelar el complemento y agrega el c\u00f3digo guardado all\u00ed. Aplicar los cambios. <\/li> <li><b>\u00a1La inserci\u00f3n fue exitosa!<\/b><br> Visite su sitio para ver su trabajo. <\/li> <\/ol><p>\u00bfA\u00fan no est\u00e1s seguro? \u00bfO experimentando problemas? Simplemente env\u00ede una solicitud a nuestro equipo de soporte y lo ayudar\u00e1 con cualquier problema. <\/p> <\/div>","protected":false},"excerpt":{"rendered":"","protected":false},"author":9,"featured_media":0,"parent":650,"menu_order":0,"comment_status":"closed","ping_status":"closed","template":"templates\/template-application-platform.php","meta":{"publish_to_discourse":"","publish_post_category":"","wpdc_auto_publish_overridden":"","wpdc_topic_tags":"","wpdc_pin_topic":"","wpdc_pin_until":"","discourse_post_id":"","discourse_permalink":"","wpdc_publishing_response":"","wpdc_publishing_error":"","footnotes":""},"class_list":["post-8348","page","type-page","status-publish","hentry"],"yoast_head":"<!-- This site is optimized with the Yoast SEO plugin v25.3.1 - https:\/\/yoast.com\/wordpress\/plugins\/seo\/ -->\n<title>Bot\u00f3n de llamada de Squarespace | Agregue el complemento del bot\u00f3n Hacer clic para llamar al sitio web [2025]<\/title>\n<meta name=\"description\" content=\"Cree su complemento Bot\u00f3n de clic para llamar y agr\u00e9guelo a su sitio web de Squarespace. Disponemos de atenci\u00f3n al cliente gratuita y otros bonos.\" \/>\n<meta name=\"robots\" content=\"index, follow, max-snippet:-1, max-image-preview:large, max-video-preview:-1\" \/>\n<link rel=\"canonical\" href=\"https:\/\/elfsight.com\/es\/click-to-call-widget\/squarespace\/\" \/>\n<meta property=\"og:locale\" content=\"es_ES\" \/>\n<meta property=\"og:type\" content=\"article\" \/>\n<meta property=\"og:title\" content=\"Bot\u00f3n de llamada de Squarespace | Agregue el complemento del bot\u00f3n Hacer clic para llamar al sitio web [2025]\" \/>\n<meta property=\"og:description\" content=\"Cree su complemento Bot\u00f3n de clic para llamar y agr\u00e9guelo a su sitio web de Squarespace. Disponemos de atenci\u00f3n al cliente gratuita y otros bonos.\" \/>\n<meta property=\"og:url\" content=\"https:\/\/elfsight.com\/es\/click-to-call-widget\/squarespace\/\" \/>\n<meta property=\"og:site_name\" content=\"Elfsight ES\" \/>\n<meta property=\"article:modified_time\" content=\"2025-02-06T15:38:24+00:00\" \/>\n<meta name=\"twitter:card\" content=\"summary_large_image\" \/>\n<meta name=\"twitter:label1\" content=\"Tiempo de lectura\" \/>\n\t<meta name=\"twitter:data1\" content=\"3 minutos\" \/>\n<!-- \/ Yoast SEO plugin. -->","yoast_head_json":{"title":"Bot\u00f3n de llamada de Squarespace | Agregue el complemento del bot\u00f3n Hacer clic para llamar al sitio web [2025]","description":"Cree su complemento Bot\u00f3n de clic para llamar y agr\u00e9guelo a su sitio web de Squarespace. Disponemos de atenci\u00f3n al cliente gratuita y otros bonos.","robots":{"index":"index","follow":"follow","max-snippet":"max-snippet:-1","max-image-preview":"max-image-preview:large","max-video-preview":"max-video-preview:-1"},"canonical":"https:\/\/elfsight.com\/es\/click-to-call-widget\/squarespace\/","og_locale":"es_ES","og_type":"article","og_title":"Bot\u00f3n de llamada de Squarespace | Agregue el complemento del bot\u00f3n Hacer clic para llamar al sitio web [2025]","og_description":"Cree su complemento Bot\u00f3n de clic para llamar y agr\u00e9guelo a su sitio web de Squarespace. Disponemos de atenci\u00f3n al cliente gratuita y otros bonos.","og_url":"https:\/\/elfsight.com\/es\/click-to-call-widget\/squarespace\/","og_site_name":"Elfsight ES","article_modified_time":"2025-02-06T15:38:24+00:00","twitter_card":"summary_large_image","twitter_misc":{"Tiempo de lectura":"3 minutos"},"schema":{"@context":"https:\/\/schema.org","@graph":[{"@type":"WebPage","@id":"https:\/\/elfsight.com\/es\/click-to-call-widget\/squarespace\/","url":"https:\/\/elfsight.com\/es\/click-to-call-widget\/squarespace\/","name":"Bot\u00f3n de llamada de Squarespace | Agregue el complemento del bot\u00f3n Hacer clic para llamar al sitio web [2025]","isPartOf":{"@id":"https:\/\/elfsight.com\/es\/#website"},"datePublished":"1970-01-01T00:00:00+00:00","dateModified":"2025-02-06T15:38:24+00:00","description":"Cree su complemento Bot\u00f3n de clic para llamar y agr\u00e9guelo a su sitio web de Squarespace. Disponemos de atenci\u00f3n al cliente gratuita y otros bonos.","breadcrumb":{"@id":"https:\/\/elfsight.com\/es\/click-to-call-widget\/squarespace\/#breadcrumb"},"inLanguage":"es","potentialAction":[{"@type":"ReadAction","target":["https:\/\/elfsight.com\/es\/click-to-call-widget\/squarespace\/"]}]},{"@type":"BreadcrumbList","@id":"https:\/\/elfsight.com\/es\/click-to-call-widget\/squarespace\/#breadcrumb","itemListElement":[{"@type":"ListItem","position":1,"name":"Home","item":"https:\/\/elfsight.com\/es\/"},{"@type":"ListItem","position":2,"name":"Click to Call","item":"https:\/\/elfsight.com\/es\/click-to-call-widget\/"},{"@type":"ListItem","position":3,"name":"Click to Call &#8211; Squarespace"}]},{"@type":"WebSite","@id":"https:\/\/elfsight.com\/es\/#website","url":"https:\/\/elfsight.com\/es\/","name":"Elfsight ES","description":"Just another Elfsight Sites site","potentialAction":[{"@type":"SearchAction","target":{"@type":"EntryPoint","urlTemplate":"https:\/\/elfsight.com\/es\/?s={search_term_string}"},"query-input":{"@type":"PropertyValueSpecification","valueRequired":true,"valueName":"search_term_string"}}],"inLanguage":"es"}]}},"meta_box":{"industry":"","seo_heading":"","heading":"","description":"","cta_heading":"","cta_description":"","application":"649","h1":"Bot\u00f3n de clic para llamar de Squarespace","h1_caption":"Permita que los usuarios se comuniquen con usted al instante con un simple bot\u00f3n de hacer clic para llamar, lo que facilita el acceso directo a su sitio web de Squarespace sin esfuerzo.","application_category":[],"applications_title":"","applications_request_title":"","applications_request_button_text":"","hero_text":"","hero_video":"","hero_video_schema_markup":"","selling_points_title":"","selling_points_caption":"","selling_points":[],"selling_points_cta_text":"","features_title":"","features":"","ed_cta_examples_text":"","ed_cta_examples_hidden":"","ed_cta_demo_text":"","ed_cta_demo_hidden":"","why_caption":"","why_editor_title":"","why_editor_text":"","why_team_title":"","why_team_text":"","why_service_title":"","why_service_text":"","template_catalog_visible":"","template_catalog_title":"","template_catalog_text":"","template_catalog_categories_visible":"","demo_title":"Crea tu complemento Click to Call","demo_caption":"\u00a1Configura tu Click to Call y agr\u00e9galo a tu sitio web de Squarespace gratis!","default_faq_hidden":"","app_template_category":[],"platform":"100","template_public_id":"","codecanyon_url":"","codecanyon_item_id":"","codecanyon_price":"","pricing_caption":"","pricing_elfsight_apps_hide_column":"","pricing_elfsight_apps_url":"","pricing_codecanyon_price_caption":"","integration_category":[],"integration_request_title":"","integration_request_cta":"","integration_platform":"","integrations":[],"platform_category":[],"video_schema_markup":"","price":"desde $0 \/ mes","trial":"","benefits":[{"text":"Soporte premium"},{"text":"Servicio de instalaci\u00f3n gratuito"},{"text":"Garant\u00eda de devoluci\u00f3n de dinero de 14 d\u00edas"},{"text":"Desarrollo continuo"}],"button_url":"#demo","button_target_blank":"","button_nofollow":"","attributes":[{"name":"Instalaciones","content":"10,000 - 100,000"},{"name":"Sensible","content":"S\u00ed"},{"name":"Navegadores compatibles","content":"Firefox, Safari, Opera, Chrome, Edge"}],"tags":[],"tags_disable_links":"","hide_more_platforms":"","video_object":"","demo_hide_cta":"","demo_hide_cloud_options":"","pricing_title":"","pricing":[{"pricing_icon":"platform","pricing_title":"Elfsight Apps","pricing_title_caption":"Software multiplataforma que se adapta a cualquier sitio web","pricing_price":"desde $0 \/ mes","pricing_price_caption":"comienza con un plan gratuito","pricing_benefits":[{"text":"Sitios web ilimitados"},{"text":"Soporte r\u00e1pido de la empresa"},{"text":"Ayuda de instalaci\u00f3n gratuita"},{"text":"Dise\u00f1o flexible"}],"pricing_button_text":"A\u00f1adir al sitio web","pricing_button_url":"#demo"}],"related_apps_title":"","related_apps_hidden":"","author":"","image":[],"title":"","job":"","social_networks":[]},"_links":{"self":[{"href":"https:\/\/elfsight.com\/es\/wp-json\/wp\/v2\/pages\/8348","targetHints":{"allow":["GET"]}}],"collection":[{"href":"https:\/\/elfsight.com\/es\/wp-json\/wp\/v2\/pages"}],"about":[{"href":"https:\/\/elfsight.com\/es\/wp-json\/wp\/v2\/types\/page"}],"author":[{"embeddable":true,"href":"https:\/\/elfsight.com\/es\/wp-json\/wp\/v2\/users\/9"}],"replies":[{"embeddable":true,"href":"https:\/\/elfsight.com\/es\/wp-json\/wp\/v2\/comments?post=8348"}],"version-history":[{"count":2,"href":"https:\/\/elfsight.com\/es\/wp-json\/wp\/v2\/pages\/8348\/revisions"}],"predecessor-version":[{"id":18564,"href":"https:\/\/elfsight.com\/es\/wp-json\/wp\/v2\/pages\/8348\/revisions\/18564"}],"up":[{"embeddable":true,"href":"https:\/\/elfsight.com\/es\/wp-json\/wp\/v2\/pages\/650"}],"wp:attachment":[{"href":"https:\/\/elfsight.com\/es\/wp-json\/wp\/v2\/media?parent=8348"}],"curies":[{"name":"wp","href":"https:\/\/api.w.org\/{rel}","templated":true}]}}