{"id":8346,"date":"1970-01-01T00:00:00","date_gmt":"1970-01-01T00:00:00","guid":{"rendered":"https:\/\/elfsight.com\/es\/?page_id=8346"},"modified":"2025-02-06T15:38:32","modified_gmt":"2025-02-06T15:38:32","slug":"prestashop","status":"publish","type":"page","link":"https:\/\/elfsight.com\/es\/click-to-call-widget\/prestashop\/","title":{"rendered":"Click to Call &#8211; PrestaShop"},"content":{"rendered":"<div class=\"application-platform-content-item-description application-platform-content-item\" id=\"description\" data-nav-section=\"description\"> <h2>Descripci\u00f3n<\/h2> <p>Click To Call de Elfsight es una herramienta que ayuda a que los usuarios de su sitio web puedan comunicarse con usted por tel\u00e9fono directamente desde la p\u00e1gina web de la manera m\u00e1s sencilla posible. Un solo clic en el letrero del tel\u00e9fono iniciar\u00e1 una llamada y marcar\u00e1 autom\u00e1ticamente el n\u00famero en los dispositivos m\u00f3viles, mientras que en el escritorio muestra el n\u00famero elegido en la ventana de llamada, donde tambi\u00e9n puede mostrar una imagen de su persona de contacto y un texto y un t\u00edtulo. Para lograr el trabajo m\u00e1s eficiente del widget, puede seleccionar p\u00e1ginas particulares en las que aparecer\u00e1, el tipo de usuarios que solo podr\u00e1n verlo y una condici\u00f3n de activaci\u00f3n que controlar\u00e1 su visualizaci\u00f3n. <\/p><\/div> <div class=\"application-platform-content-item-features application-platform-content-item\" id=\"features\" data-nav-section=\"features\"> <h2>Estas son las caracter\u00edsticas fundamentales del complemento: <\/h2> <ul><li>Muestre su n\u00famero de tel\u00e9fono en el sitio para marcarlo f\u00e1cilmente<\/li><li>Marcaci\u00f3n con un clic en dispositivos m\u00f3viles<\/li><li>La opci\u00f3n de mostrar la foto y el nombre de su persona de contacto<\/li><li>Agregar un t\u00edtulo y un texto de la llamada ventana<\/li><li>Mostrar la burbuja del tel\u00e9fono con \u00edcono y texto<\/li><li>Elige el tama\u00f1o de la burbuja del tel\u00e9fono<\/li><li>La opci\u00f3n para editar el texto de la burbuja<\/li><li>Habilitar la animaci\u00f3n del \u00edcono de la burbuja<\/li><li>Tres opciones de posici\u00f3n del widget: flotante derecha o izquierda o personalizado<\/li><li>La opci\u00f3n para mostrar el widget en p\u00e1ginas seleccionadas o excluir p\u00e1ginas<\/li><li>Elija habilitar el widget en ambos, escritorio o dispositivo m\u00f3vil<\/li><\/ul><p><a href=\"#demo\">Pruebe todas las opciones de personalizaci\u00f3n en una demostraci\u00f3n con todas las funciones<\/a><\/p> <\/div> <div class=\"application-platform-content-item-installation application-platform-content-item\" id=\"installation\" data-nav-section=\"installation\"> <h2>\u00bfC\u00f3mo puedo insertar Click to Call en mi p\u00e1gina web de PrestaShop? <\/h2> <p>Simplemente siga las pautas a continuaci\u00f3n para agregar el widget. <\/p> <ol><li><b>Utilice nuestra demostraci\u00f3n gratuita y comience a darle forma a su complemento personalizado. <\/b><br> Especifique la interfaz deseada y los par\u00e1metros de la herramienta y guarde las ediciones. <\/li> <li><b>Adquiera su c\u00f3digo personal que aparece en la ventana de Elfsight Apps. <\/b><br> Inmediatamente despu\u00e9s de finalizar la configuraci\u00f3n de su complemento personal, copie el c\u00f3digo personal en el cuadro que aparece y gu\u00e1rdelo para su uso posterior. <\/li> <li><b>Comience a utilizar el complemento en su p\u00e1gina de inicio de PrestaShop. <\/b><br>Implemente el c\u00f3digo que guard\u00f3 anteriormente en su sitio web y guarde las modificaciones. <\/li> <li><b>La instalaci\u00f3n ha finalizado por completo. <\/b><br> Visite su sitio para ver c\u00f3mo funciona el complemento. <\/li><\/ol> <p>Si tiene alguna consulta o tiene alguna dificultad, no dude en ponerse en contacto con nuestro equipo de atenci\u00f3n al cliente. Nuestra gente estar\u00e1 encantada de resolver todos los problemas que pueda tener con la herramienta. <\/p> <div class=\"faq\" data-component=\"FAQ\"> <div class=\"faq-item\">\r\n\t\t\t\t\t<div class=\"faq-item-question\">\r\n\t\t\t\t\t\t<h3 class=\"faq-item-question-text\">\u00bfC\u00f3mo puedo agregar un clic para llamar a mi sitio web de PrestaShop sin conocimientos de codificaci\u00f3n?<\/h3>\r\n\r\n\t\t\t\t\t\t<div class=\"faq-item-question-icon\"><\/div>\r\n\t\t\t\t\t<\/div>\r\n\r\n\t\t\t\t\t<div class=\"faq-item-answer\">\r\n\t\t\t\t\t\t<div class=\"faq-item-answer-text\"> <p>Elfsight proporciona una soluci\u00f3n SaaS que le permite crear un widget de clic para llamar usted mismo. Vea lo f\u00e1cil que es el proceso: trabaje directamente en el editor en l\u00ednea para crear un widget de clic para llamar que le gustar\u00eda ver en su sitio web de PrestaShop. Elija una de las plantillas predise\u00f1adas y ajuste la configuraci\u00f3n de Hacer clic para llamar, agregue su contenido, cambie el dise\u00f1o y la combinaci\u00f3n de colores sin conocimientos de codificaci\u00f3n. Guarde el Haga clic para llamar y copie su c\u00f3digo de instalaci\u00f3n, que puede agregar f\u00e1cilmente en su sitio web PrestaShop sin comprar una suscripci\u00f3n paga. Con nuestro editor intuitivo, cualquier usuario de Internet puede crear un widget Click to call en l\u00ednea e incrustarlo f\u00e1cilmente en su sitio web PrestaShop. No es necesario pagar ni ingresar las credenciales de su tarjeta para acceder al servicio. Si tiene alg\u00fan problema en cualquier paso, no dude en ponerse en contacto con nuestro equipo de soporte t\u00e9cnico.<\/p> <\/div>\r\n\t\t\t\t\t<\/div>\r\n\t\t\t\t<\/div> <\/div> <\/div>","protected":false},"excerpt":{"rendered":"","protected":false},"author":9,"featured_media":0,"parent":650,"menu_order":0,"comment_status":"closed","ping_status":"closed","template":"templates\/template-application-platform.php","meta":{"publish_to_discourse":"","publish_post_category":"","wpdc_auto_publish_overridden":"","wpdc_topic_tags":"","wpdc_pin_topic":"","wpdc_pin_until":"","discourse_post_id":"","discourse_permalink":"","wpdc_publishing_response":"","wpdc_publishing_error":"","footnotes":""},"class_list":["post-8346","page","type-page","status-publish","hentry"],"yoast_head":"<!-- This site is optimized with the Yoast SEO plugin v25.3.1 - https:\/\/yoast.com\/wordpress\/plugins\/seo\/ -->\n<title>Bot\u00f3n de llamada de PrestaShop | Agregar el complemento Bot\u00f3n de clic para llamar al sitio web [2025]<\/title>\n<meta name=\"description\" content=\"Cree su complemento Click to Call Button y agr\u00e9guelo a su sitio web PrestaShop. Disponemos de atenci\u00f3n al cliente gratuita y otros bonos.\" \/>\n<meta name=\"robots\" content=\"index, follow, max-snippet:-1, max-image-preview:large, max-video-preview:-1\" \/>\n<link rel=\"canonical\" href=\"https:\/\/elfsight.com\/es\/click-to-call-widget\/prestashop\/\" \/>\n<meta property=\"og:locale\" content=\"es_ES\" \/>\n<meta property=\"og:type\" content=\"article\" \/>\n<meta property=\"og:title\" content=\"Bot\u00f3n de llamada de PrestaShop | Agregar el complemento Bot\u00f3n de clic para llamar al sitio web [2025]\" \/>\n<meta property=\"og:description\" content=\"Cree su complemento Click to Call Button y agr\u00e9guelo a su sitio web PrestaShop. Disponemos de atenci\u00f3n al cliente gratuita y otros bonos.\" \/>\n<meta property=\"og:url\" content=\"https:\/\/elfsight.com\/es\/click-to-call-widget\/prestashop\/\" \/>\n<meta property=\"og:site_name\" content=\"Elfsight ES\" \/>\n<meta property=\"article:modified_time\" content=\"2025-02-06T15:38:32+00:00\" \/>\n<meta name=\"twitter:card\" content=\"summary_large_image\" \/>\n<meta name=\"twitter:label1\" content=\"Tiempo de lectura\" \/>\n\t<meta name=\"twitter:data1\" content=\"3 minutos\" \/>\n<!-- \/ Yoast SEO plugin. -->","yoast_head_json":{"title":"Bot\u00f3n de llamada de PrestaShop | Agregar el complemento Bot\u00f3n de clic para llamar al sitio web [2025]","description":"Cree su complemento Click to Call Button y agr\u00e9guelo a su sitio web PrestaShop. Disponemos de atenci\u00f3n al cliente gratuita y otros bonos.","robots":{"index":"index","follow":"follow","max-snippet":"max-snippet:-1","max-image-preview":"max-image-preview:large","max-video-preview":"max-video-preview:-1"},"canonical":"https:\/\/elfsight.com\/es\/click-to-call-widget\/prestashop\/","og_locale":"es_ES","og_type":"article","og_title":"Bot\u00f3n de llamada de PrestaShop | Agregar el complemento Bot\u00f3n de clic para llamar al sitio web [2025]","og_description":"Cree su complemento Click to Call Button y agr\u00e9guelo a su sitio web PrestaShop. Disponemos de atenci\u00f3n al cliente gratuita y otros bonos.","og_url":"https:\/\/elfsight.com\/es\/click-to-call-widget\/prestashop\/","og_site_name":"Elfsight ES","article_modified_time":"2025-02-06T15:38:32+00:00","twitter_card":"summary_large_image","twitter_misc":{"Tiempo de lectura":"3 minutos"},"schema":{"@context":"https:\/\/schema.org","@graph":[{"@type":"WebPage","@id":"https:\/\/elfsight.com\/es\/click-to-call-widget\/prestashop\/","url":"https:\/\/elfsight.com\/es\/click-to-call-widget\/prestashop\/","name":"Bot\u00f3n de llamada de PrestaShop | Agregar el complemento Bot\u00f3n de clic para llamar al sitio web [2025]","isPartOf":{"@id":"https:\/\/elfsight.com\/es\/#website"},"datePublished":"1970-01-01T00:00:00+00:00","dateModified":"2025-02-06T15:38:32+00:00","description":"Cree su complemento Click to Call Button y agr\u00e9guelo a su sitio web PrestaShop. Disponemos de atenci\u00f3n al cliente gratuita y otros bonos.","breadcrumb":{"@id":"https:\/\/elfsight.com\/es\/click-to-call-widget\/prestashop\/#breadcrumb"},"inLanguage":"es","potentialAction":[{"@type":"ReadAction","target":["https:\/\/elfsight.com\/es\/click-to-call-widget\/prestashop\/"]}]},{"@type":"BreadcrumbList","@id":"https:\/\/elfsight.com\/es\/click-to-call-widget\/prestashop\/#breadcrumb","itemListElement":[{"@type":"ListItem","position":1,"name":"Home","item":"https:\/\/elfsight.com\/es\/"},{"@type":"ListItem","position":2,"name":"Click to Call","item":"https:\/\/elfsight.com\/es\/click-to-call-widget\/"},{"@type":"ListItem","position":3,"name":"Click to Call &#8211; PrestaShop"}]},{"@type":"WebSite","@id":"https:\/\/elfsight.com\/es\/#website","url":"https:\/\/elfsight.com\/es\/","name":"Elfsight ES","description":"Just another Elfsight Sites site","potentialAction":[{"@type":"SearchAction","target":{"@type":"EntryPoint","urlTemplate":"https:\/\/elfsight.com\/es\/?s={search_term_string}"},"query-input":{"@type":"PropertyValueSpecification","valueRequired":true,"valueName":"search_term_string"}}],"inLanguage":"es"}]}},"meta_box":{"industry":"","seo_heading":"","heading":"","description":"","cta_heading":"","cta_description":"","application":"649","h1":"Bot\u00f3n de clic para llamar de PrestaShop","h1_caption":"Permita que los usuarios se comuniquen con usted instant\u00e1neamente con un simple bot\u00f3n de hacer clic para llamar, lo que facilita el acceso directo a su sitio web de Prestashop sin esfuerzo.","application_category":[],"applications_title":"","applications_request_title":"","applications_request_button_text":"","hero_text":"","hero_video":"","hero_video_schema_markup":"","selling_points_title":"","selling_points_caption":"","selling_points":[],"selling_points_cta_text":"","features_title":"","features":"","ed_cta_examples_text":"","ed_cta_examples_hidden":"","ed_cta_demo_text":"","ed_cta_demo_hidden":"","why_caption":"","why_editor_title":"","why_editor_text":"","why_team_title":"","why_team_text":"","why_service_title":"","why_service_text":"","template_catalog_visible":"","template_catalog_title":"","template_catalog_text":"","template_catalog_categories_visible":"","demo_title":"Crea tu complemento Click to Call","demo_caption":"\u00a1Configura tu Click to Call y agr\u00e9galo a tu sitio web PrestaShop gratis!","default_faq_hidden":"","app_template_category":[],"platform":"2250","template_public_id":"","codecanyon_url":"","codecanyon_item_id":"","codecanyon_price":"","pricing_caption":"","pricing_elfsight_apps_hide_column":"","pricing_elfsight_apps_url":"","pricing_codecanyon_price_caption":"","integration_category":[],"integration_request_title":"","integration_request_cta":"","integration_platform":"","integrations":[],"platform_category":[],"video_schema_markup":"","price":"desde $0 \/ mes","trial":"","benefits":[{"text":"Servicio al cliente profesional"},{"text":"Servicio de instalaci\u00f3n gratuito"},{"text":"Garant\u00eda de reembolso de 14 d\u00edas"},{"text":"Desarrollo continuo"}],"button_url":"#demo","button_target_blank":"","button_nofollow":"","attributes":[{"name":"Instalaciones","content":"10,000 - 100,000"},{"name":"Sensible","content":"S\u00ed"},{"name":"Navegadores compatibles","content":"Firefox, Safari, Opera, Chrome, Edge"}],"tags":[],"tags_disable_links":"","hide_more_platforms":"","video_object":"","demo_hide_cta":"","demo_hide_cloud_options":"","pricing_title":"","pricing":[{"pricing_icon":"platform","pricing_title":"Elfsight Apps","pricing_title_caption":"Software independiente de la plataforma que se adapta a cualquier sitio web","pricing_price":"desde $0 \/ mes","pricing_price_caption":"comienza con un plan gratuito","pricing_benefits":[{"text":"Dominios ilimitados"},{"text":"Atenci\u00f3n al cliente r\u00e1pida y bien documentada."},{"text":"Servicio de instalaci\u00f3n gratuito"},{"text":"Dise\u00f1o flexible"}],"pricing_button_text":"A\u00f1adir al sitio web","pricing_button_url":"#demo"}],"related_apps_title":"","related_apps_hidden":"","author":"","image":[],"title":"","job":"","social_networks":[]},"_links":{"self":[{"href":"https:\/\/elfsight.com\/es\/wp-json\/wp\/v2\/pages\/8346","targetHints":{"allow":["GET"]}}],"collection":[{"href":"https:\/\/elfsight.com\/es\/wp-json\/wp\/v2\/pages"}],"about":[{"href":"https:\/\/elfsight.com\/es\/wp-json\/wp\/v2\/types\/page"}],"author":[{"embeddable":true,"href":"https:\/\/elfsight.com\/es\/wp-json\/wp\/v2\/users\/9"}],"replies":[{"embeddable":true,"href":"https:\/\/elfsight.com\/es\/wp-json\/wp\/v2\/comments?post=8346"}],"version-history":[{"count":2,"href":"https:\/\/elfsight.com\/es\/wp-json\/wp\/v2\/pages\/8346\/revisions"}],"predecessor-version":[{"id":18566,"href":"https:\/\/elfsight.com\/es\/wp-json\/wp\/v2\/pages\/8346\/revisions\/18566"}],"up":[{"embeddable":true,"href":"https:\/\/elfsight.com\/es\/wp-json\/wp\/v2\/pages\/650"}],"wp:attachment":[{"href":"https:\/\/elfsight.com\/es\/wp-json\/wp\/v2\/media?parent=8346"}],"curies":[{"name":"wp","href":"https:\/\/api.w.org\/{rel}","templated":true}]}}