{"id":8341,"date":"1970-01-01T00:00:00","date_gmt":"1970-01-01T00:00:00","guid":{"rendered":"https:\/\/elfsight.com\/es\/?page_id=8341"},"modified":"2025-02-06T15:38:32","modified_gmt":"2025-02-06T15:38:32","slug":"opencart","status":"publish","type":"page","link":"https:\/\/elfsight.com\/es\/click-to-call-widget\/opencart\/","title":{"rendered":"Click to Call &#8211; OpenCart"},"content":{"rendered":"<div class=\"application-platform-content-item-description application-platform-content-item\" id=\"description\" data-nav-section=\"description\"> <h2>Descripci\u00f3n<\/h2> <p>Elfsight Call Now Button es un m\u00f3dulo simple para cualquier sitio web, que agilizar\u00e1 que los usuarios se comuniquen con usted por tel\u00e9fono. Cuando se utilizan dispositivos m\u00f3viles, el m\u00f3dulo marca el n\u00famero seleccionado tan pronto como una persona hace clic en la burbuja del tel\u00e9fono. En PC y tabletas, el clic muestra su n\u00famero de tel\u00e9fono en la p\u00e1gina y ayuda a los usuarios a comenzar a marcar en el mismo segundo. Existe una opci\u00f3n no solo para mostrar su n\u00famero, sino tambi\u00e9n para configurar la ventana de llamada, que tiene el nombre y la imagen de la persona de contacto del cliente y un t\u00edtulo. Todas las partes de la ventana de llamada son conmutables y permiten dise\u00f1ar cualquier variante de la interfaz. Tambi\u00e9n puedes activar un disparador, que har\u00e1 que aparezca la burbuja del tel\u00e9fono y elegir\u00e1 una categor\u00eda de usuarios que la ver\u00e1n. <\/p> <div class=\"faq\" data-component=\"FAQ\"><div class=\"faq-item\">\r\n\t\t\t\t\t<div class=\"faq-item-question\">\r\n\t\t\t\t\t\t<h3 class=\"faq-item-question-text\">\u00bfD\u00f3nde puedo insertar el m\u00f3dulo en mi sitio web?<\/h3>\r\n\r\n\t\t\t\t\t\t<div class=\"faq-item-question-icon\"><\/div>\r\n\t\t\t\t\t<\/div>\r\n\r\n\t\t\t\t\t<div class=\"faq-item-answer\">\r\n\t\t\t\t\t\t<div class=\"faq-item-answer-text\"> <p>Puedes incrustarlo en cualquier p\u00e1gina del sitio, as\u00ed como en todas las p\u00e1ginas. En la configuraci\u00f3n del m\u00f3dulo, hay una opci\u00f3n para insertar las URL de aquellas p\u00e1ginas en las que necesita colocar el m\u00f3dulo. Alternativamente, puede usar la funci\u00f3n Excluir y agregar las URL de las p\u00e1ginas donde elige restringir la visualizaci\u00f3n del m\u00f3dulo. <\/p> <\/div>\r\n\t\t\t\t\t<\/div>\r\n\t\t\t\t<\/div><div class=\"faq-item\">\r\n\t\t\t\t\t<div class=\"faq-item-question\">\r\n\t\t\t\t\t\t<h3 class=\"faq-item-question-text\">\u00bfQu\u00e9 ventajas me puede dar?<\/h3>\r\n\r\n\t\t\t\t\t\t<div class=\"faq-item-question-icon\"><\/div>\r\n\t\t\t\t\t<\/div>\r\n\r\n\t\t\t\t\t<div class=\"faq-item-answer\">\r\n\t\t\t\t\t\t<div class=\"faq-item-answer-text\"> <p>Puedes recibir m\u00e1s llamadas de clientes gracias a la forma f\u00e1cil e instant\u00e1nea de llamarte, sin salir del sitio web. Contribuir\u00e1 a tener m\u00e1s comunicaciones personales y convertir a los usuarios en nuevas compras. Adem\u00e1s, puedes crear tu base de datos de leads. <\/p> <\/div>\r\n\t\t\t\t\t<\/div>\r\n\t\t\t\t<\/div><div class=\"faq-item\">\r\n\t\t\t\t\t<div class=\"faq-item-question\">\r\n\t\t\t\t\t\t<h3 class=\"faq-item-question-text\">\u00bfC\u00f3mo puedo instalar el m\u00f3dulo del bot\u00f3n de llamada en mi sitio web OpenCart?<\/h3>\r\n\r\n\t\t\t\t\t\t<div class=\"faq-item-question-icon\"><\/div>\r\n\t\t\t\t\t<\/div>\r\n\r\n\t\t\t\t\t<div class=\"faq-item-answer\">\r\n\t\t\t\t\t\t<div class=\"faq-item-answer-text\"> <p>Tomar\u00e1 tres minutos activar el m\u00f3dulo. La integraci\u00f3n es extremadamente r\u00e1pida, gratuita y no incluye codificaci\u00f3n.<\/p> <p>Elfsight Click to Call se puede agregar a su sitio a trav\u00e9s de nuestro servicio o a trav\u00e9s del mercado. Puede ver m\u00e1s detalles sobre estas opciones y decidir cu\u00e1l es la suya.<\/p><\/div>\r\n\t\t\t\t\t<\/div>\r\n\t\t\t\t<\/div><\/div> <\/div><div class=\"application-platform-content-item-features application-platform-content-item\" id=\"features\" data-nav-section=\"features\"> <h2>Caracter\u00edsticas<\/h2> <p>Para tener un conocimiento m\u00e1s claro del bot\u00f3n Llamar ahora, vea la lista de las caracter\u00edsticas principales. Hacen que nuestro m\u00f3dulo sea m\u00e1s eficiente para usted: <\/p> <ul><li>Marcaci\u00f3n r\u00e1pida en dispositivos m\u00f3viles; <\/li> <li>Tres variantes incorporadas de colocaci\u00f3n de widgets: flotante hacia la izquierda o hacia la derecha o personalizada; <\/li> <li>La opci\u00f3n de mostrar widgets en determinadas p\u00e1ginas web o excluir p\u00e1ginas web; <\/li> <li>Elija categor\u00edas de visitantes para mostrarles el widget: todos, nuevos y recurrentes; <\/li> <li> 4 activadores de activaci\u00f3n de widgets: tiempo en la p\u00e1gina, tiempo en el sitio web, porcentaje de desplazamiento o intento de salida. <\/li> <\/ul><p><a href=\"#demo\">Explore una lista completa de funciones en una demostraci\u00f3n en vivo<\/a><\/p> <\/div><div class=\"application-platform-content-item-installation application-platform-content-item\" id=\"installation\" data-nav-section=\"installation\"> <h2>C\u00f3mo agregar la extensi\u00f3n del bot\u00f3n Haga clic para llamar a su sitio web OpenCart<\/h2><p>Simplemente siga estos pasos que se indican a continuaci\u00f3n para agregar la herramienta en OpenCart.<\/p> <ol><li><b>Utilice nuestro configurador gratuito y comience a crear su propio widget. <\/b><br> Determine la interfaz y las funciones preferidas de la herramienta y aplique las ediciones. <\/li> <li><b>Obtenga el c\u00f3digo individual que aparece en el formulario especial en Elfsight Apps. <\/b><br> Cuando haya terminado de establecer su extensi\u00f3n personal Click to Call, copie el c\u00f3digo personal en la ventana que aparece y gu\u00e1rdelo para futuras necesidades. <\/li> <li><b>Comience a utilizar la herramienta en su sitio web OpenCart. <\/b><br>Coloca el c\u00f3digo copiado recientemente en tu p\u00e1gina y guarda las modificaciones. <\/li> <li><b>\u00a1Ya terminaste! La incrustaci\u00f3n se realiza con \u00e9xito. <\/b><br>Accede a su sitio web para observar el funcionamiento de la herramienta. <\/li><\/ol> <p>\u00bfA\u00fan est\u00e1s inquieto? \u00bfO experimentando problemas? Una sola solicitud a nuestro equipo de atenci\u00f3n al cliente resolver\u00e1 todos los problemas. <\/p> <\/div>","protected":false},"excerpt":{"rendered":"","protected":false},"author":9,"featured_media":0,"parent":650,"menu_order":0,"comment_status":"closed","ping_status":"closed","template":"templates\/template-application-platform.php","meta":{"publish_to_discourse":"","publish_post_category":"","wpdc_auto_publish_overridden":"","wpdc_topic_tags":"","wpdc_pin_topic":"","wpdc_pin_until":"","discourse_post_id":"","discourse_permalink":"","wpdc_publishing_response":"","wpdc_publishing_error":"","footnotes":""},"class_list":["post-8341","page","type-page","status-publish","hentry"],"yoast_head":"<!-- This site is optimized with the Yoast SEO plugin v25.3.1 - https:\/\/yoast.com\/wordpress\/plugins\/seo\/ -->\n<title>Agregue el m\u00f3dulo Bot\u00f3n de clic para llamar a su sitio web OpenCart (gratis y r\u00e1pido)<\/title>\n<meta name=\"description\" content=\"Cree un bot\u00f3n de clic para llamar y agr\u00e9guelo a su sitio web OpenCart. Disfrute de atenci\u00f3n al cliente gratuita y otras bonificaciones de Elfsight.\" \/>\n<meta name=\"robots\" content=\"index, follow, max-snippet:-1, max-image-preview:large, max-video-preview:-1\" \/>\n<link rel=\"canonical\" href=\"https:\/\/elfsight.com\/es\/click-to-call-widget\/opencart\/\" \/>\n<meta property=\"og:locale\" content=\"es_ES\" \/>\n<meta property=\"og:type\" content=\"article\" \/>\n<meta property=\"og:title\" content=\"Agregue el m\u00f3dulo Bot\u00f3n de clic para llamar a su sitio web OpenCart (gratis y r\u00e1pido)\" \/>\n<meta property=\"og:description\" content=\"Cree un bot\u00f3n de clic para llamar y agr\u00e9guelo a su sitio web OpenCart. Disfrute de atenci\u00f3n al cliente gratuita y otras bonificaciones de Elfsight.\" \/>\n<meta property=\"og:url\" content=\"https:\/\/elfsight.com\/es\/click-to-call-widget\/opencart\/\" \/>\n<meta property=\"og:site_name\" content=\"Elfsight ES\" \/>\n<meta property=\"article:modified_time\" content=\"2025-02-06T15:38:32+00:00\" \/>\n<meta name=\"twitter:card\" content=\"summary_large_image\" \/>\n<meta name=\"twitter:label1\" content=\"Tiempo de lectura\" \/>\n\t<meta name=\"twitter:data1\" content=\"4 minutos\" \/>\n<!-- \/ Yoast SEO plugin. -->","yoast_head_json":{"title":"Agregue el m\u00f3dulo Bot\u00f3n de clic para llamar a su sitio web OpenCart (gratis y r\u00e1pido)","description":"Cree un bot\u00f3n de clic para llamar y agr\u00e9guelo a su sitio web OpenCart. Disfrute de atenci\u00f3n al cliente gratuita y otras bonificaciones de Elfsight.","robots":{"index":"index","follow":"follow","max-snippet":"max-snippet:-1","max-image-preview":"max-image-preview:large","max-video-preview":"max-video-preview:-1"},"canonical":"https:\/\/elfsight.com\/es\/click-to-call-widget\/opencart\/","og_locale":"es_ES","og_type":"article","og_title":"Agregue el m\u00f3dulo Bot\u00f3n de clic para llamar a su sitio web OpenCart (gratis y r\u00e1pido)","og_description":"Cree un bot\u00f3n de clic para llamar y agr\u00e9guelo a su sitio web OpenCart. Disfrute de atenci\u00f3n al cliente gratuita y otras bonificaciones de Elfsight.","og_url":"https:\/\/elfsight.com\/es\/click-to-call-widget\/opencart\/","og_site_name":"Elfsight ES","article_modified_time":"2025-02-06T15:38:32+00:00","twitter_card":"summary_large_image","twitter_misc":{"Tiempo de lectura":"4 minutos"},"schema":{"@context":"https:\/\/schema.org","@graph":[{"@type":"WebPage","@id":"https:\/\/elfsight.com\/es\/click-to-call-widget\/opencart\/","url":"https:\/\/elfsight.com\/es\/click-to-call-widget\/opencart\/","name":"Agregue el m\u00f3dulo Bot\u00f3n de clic para llamar a su sitio web OpenCart (gratis y r\u00e1pido)","isPartOf":{"@id":"https:\/\/elfsight.com\/es\/#website"},"datePublished":"1970-01-01T00:00:00+00:00","dateModified":"2025-02-06T15:38:32+00:00","description":"Cree un bot\u00f3n de clic para llamar y agr\u00e9guelo a su sitio web OpenCart. Disfrute de atenci\u00f3n al cliente gratuita y otras bonificaciones de Elfsight.","breadcrumb":{"@id":"https:\/\/elfsight.com\/es\/click-to-call-widget\/opencart\/#breadcrumb"},"inLanguage":"es","potentialAction":[{"@type":"ReadAction","target":["https:\/\/elfsight.com\/es\/click-to-call-widget\/opencart\/"]}]},{"@type":"BreadcrumbList","@id":"https:\/\/elfsight.com\/es\/click-to-call-widget\/opencart\/#breadcrumb","itemListElement":[{"@type":"ListItem","position":1,"name":"Home","item":"https:\/\/elfsight.com\/es\/"},{"@type":"ListItem","position":2,"name":"Click to Call","item":"https:\/\/elfsight.com\/es\/click-to-call-widget\/"},{"@type":"ListItem","position":3,"name":"Click to Call &#8211; OpenCart"}]},{"@type":"WebSite","@id":"https:\/\/elfsight.com\/es\/#website","url":"https:\/\/elfsight.com\/es\/","name":"Elfsight ES","description":"Just another Elfsight Sites site","potentialAction":[{"@type":"SearchAction","target":{"@type":"EntryPoint","urlTemplate":"https:\/\/elfsight.com\/es\/?s={search_term_string}"},"query-input":{"@type":"PropertyValueSpecification","valueRequired":true,"valueName":"search_term_string"}}],"inLanguage":"es"}]}},"meta_box":{"industry":"","seo_heading":"","heading":"","description":"","cta_heading":"","cta_description":"","application":"649","h1":"M\u00f3dulo de bot\u00f3n de llamada OpenCart","h1_caption":"Permita que los usuarios se comuniquen con usted instant\u00e1neamente con un simple bot\u00f3n de hacer clic para llamar, lo que facilita el acceso directo a su sitio web Opencart sin esfuerzo.","application_category":[],"applications_title":"","applications_request_title":"","applications_request_button_text":"","hero_text":"","hero_video":"","hero_video_schema_markup":"","selling_points_title":"","selling_points_caption":"","selling_points":[],"selling_points_cta_text":"","features_title":"","features":"","ed_cta_examples_text":"","ed_cta_examples_hidden":"","ed_cta_demo_text":"","ed_cta_demo_hidden":"","why_caption":"","why_editor_title":"","why_editor_text":"","why_team_title":"","why_team_text":"","why_service_title":"","why_service_text":"","template_catalog_visible":"","template_catalog_title":"","template_catalog_text":"","template_catalog_categories_visible":"","demo_title":"Crea tu extensi\u00f3n Click to Call","demo_caption":"\u00a1Configure su Click to Call y agr\u00e9guelo a su sitio web OpenCart gratis!","default_faq_hidden":"","app_template_category":[],"platform":"88","template_public_id":"","codecanyon_url":"","codecanyon_item_id":"","codecanyon_price":"","pricing_caption":"","pricing_elfsight_apps_hide_column":"","pricing_elfsight_apps_url":"","pricing_codecanyon_price_caption":"","integration_category":[],"integration_request_title":"","integration_request_cta":"","integration_platform":"","integrations":[],"platform_category":[],"video_schema_markup":"","price":"desde $0 \/ mes","trial":"","benefits":[{"text":"Ayuda de instalaci\u00f3n gratuita"},{"text":"Servicio al cliente competente"},{"text":"Garant\u00eda de devoluci\u00f3n de dinero de 14 d\u00edas"},{"text":"Actualizaciones gratuitas continuas"}],"button_url":"#demo","button_target_blank":"","button_nofollow":"","attributes":[{"name":"Instalaciones","content":"10,000 - 100,000"},{"name":"Sensible","content":"S\u00ed"},{"name":"Navegadores compatibles","content":"Chrome, Firefox, Opera, Safari, Edge"}],"tags":[],"tags_disable_links":"","hide_more_platforms":"","video_object":"","demo_hide_cta":"","demo_hide_cloud_options":"","pricing_title":"","pricing":[{"pricing_icon":"platform","pricing_title":"Elfsight Apps","pricing_title_caption":"Versi\u00f3n multiplataforma","pricing_price":"desde $0 \/ mes","pricing_price_caption":"comienza con el plan gratuito","pricing_benefits":[{"text":"Dominios ilimitados"},{"text":"Soporte premium"},{"text":"Asistencia de instalaci\u00f3n gratuita"},{"text":"Dise\u00f1o flexible"}],"pricing_button_text":"A\u00f1adir al sitio web","pricing_button_url":"#demo"}],"related_apps_title":"","related_apps_hidden":"","author":"","image":[],"title":"","job":"","social_networks":[]},"_links":{"self":[{"href":"https:\/\/elfsight.com\/es\/wp-json\/wp\/v2\/pages\/8341","targetHints":{"allow":["GET"]}}],"collection":[{"href":"https:\/\/elfsight.com\/es\/wp-json\/wp\/v2\/pages"}],"about":[{"href":"https:\/\/elfsight.com\/es\/wp-json\/wp\/v2\/types\/page"}],"author":[{"embeddable":true,"href":"https:\/\/elfsight.com\/es\/wp-json\/wp\/v2\/users\/9"}],"replies":[{"embeddable":true,"href":"https:\/\/elfsight.com\/es\/wp-json\/wp\/v2\/comments?post=8341"}],"version-history":[{"count":2,"href":"https:\/\/elfsight.com\/es\/wp-json\/wp\/v2\/pages\/8341\/revisions"}],"predecessor-version":[{"id":18567,"href":"https:\/\/elfsight.com\/es\/wp-json\/wp\/v2\/pages\/8341\/revisions\/18567"}],"up":[{"embeddable":true,"href":"https:\/\/elfsight.com\/es\/wp-json\/wp\/v2\/pages\/650"}],"wp:attachment":[{"href":"https:\/\/elfsight.com\/es\/wp-json\/wp\/v2\/media?parent=8341"}],"curies":[{"name":"wp","href":"https:\/\/api.w.org\/{rel}","templated":true}]}}