{"id":8333,"date":"1970-01-01T00:00:00","date_gmt":"1970-01-01T00:00:00","guid":{"rendered":"https:\/\/elfsight.com\/es\/?page_id=8333"},"modified":"2025-02-06T15:38:39","modified_gmt":"2025-02-06T15:38:39","slug":"jquery","status":"publish","type":"page","link":"https:\/\/elfsight.com\/es\/click-to-call-widget\/jquery\/","title":{"rendered":"Click to Call &#8211; jQuery"},"content":{"rendered":"<div class=\"application-platform-content-item-description application-platform-content-item\" id=\"description\" data-nav-section=\"description\"> <h2>Descripci\u00f3n<\/h2> <p>Clic para llamar para jOuery es una herramienta \u00fatil que permite a los visitantes de su sitio comunicarse con usted en menos tiempo. Los usuarios pueden llamarlo haciendo clic en la miniatura de marcaci\u00f3n en el dispositivo m\u00f3vil y, en cuanto a la PC, su n\u00famero aparece llamativo para marcar m\u00e1s f\u00e1cilmente. La burbuja en s\u00ed y la ventana del tel\u00e9fono son enormemente ajustables y le facilitan darle forma a un dise\u00f1o absolutamente \u00fanico de su complemento. Eres libre de cambiar el color de todos los componentes de tu herramienta para que se ajuste completamente al dise\u00f1o general del sitio web.<\/p> <div class=\"faq\" data-component=\"FAQ\"><div class=\"faq-item\">\r\n\t\t\t\t\t<div class=\"faq-item-question\">\r\n\t\t\t\t\t\t<h3 class=\"faq-item-question-text\">\u00bfC\u00f3mo puedo agregar un bot\u00f3n de clic para llamar a mi sitio jQuery?<\/h3>\r\n\r\n\t\t\t\t\t\t<div class=\"faq-item-question-icon\"><\/div>\r\n\t\t\t\t\t<\/div>\r\n\r\n\t\t\t\t\t<div class=\"faq-item-answer\">\r\n\t\t\t\t\t\t<div class=\"faq-item-answer-text\"><p>La construcci\u00f3n del widget ocurre dentro del sitio web de Elfsight y no es necesario aprender a codificar. Utilice la demostraci\u00f3n en l\u00ednea para crear su aplicaci\u00f3n, obtenga el c\u00f3digo e ins\u00e9rtelo en su sitio. <\/p><\/div>\r\n\t\t\t\t\t<\/div>\r\n\t\t\t\t<\/div><div class=\"faq-item\">\r\n\t\t\t\t\t<div class=\"faq-item-question\">\r\n\t\t\t\t\t\t<h3 class=\"faq-item-question-text\">Los mejores ejemplos de uso de la integraci\u00f3n del bot\u00f3n de llamada<\/h3>\r\n\r\n\t\t\t\t\t\t<div class=\"faq-item-question-icon\"><\/div>\r\n\t\t\t\t\t<\/div>\r\n\r\n\t\t\t\t\t<div class=\"faq-item-answer\">\r\n\t\t\t\t\t\t<div class=\"faq-item-answer-text\"><p>Tenemos toneladas de opciones de personalizaci\u00f3n: widgets completos para agregar en la secci\u00f3n de contenido, widgets flotantes para la funci\u00f3n de desplazamiento, dise\u00f1os para el pie de p\u00e1gina, encabezado y todo tipo de posibilidades verticales para men\u00fas y barras laterales de sitios web. <\/p><\/div>\r\n\t\t\t\t\t<\/div>\r\n\t\t\t\t<\/div><div class=\"faq-item\">\r\n\t\t\t\t\t<div class=\"faq-item-question\">\r\n\t\t\t\t\t\t<h3 class=\"faq-item-question-text\">\u00bfPuedo crear un bot\u00f3n Ll\u00e1manos o un bot\u00f3n de llamada flotante con la ayuda del editor?<\/h3>\r\n\r\n\t\t\t\t\t\t<div class=\"faq-item-question-icon\"><\/div>\r\n\t\t\t\t\t<\/div>\r\n\r\n\t\t\t\t\t<div class=\"faq-item-answer\">\r\n\t\t\t\t\t\t<div class=\"faq-item-answer-text\"><p>Puedes crear cualquier variaci\u00f3n de widget. Hay toneladas de dise\u00f1os disponibles en el editor y todos ellos pueden personalizarse r\u00e1pidamente de la forma que necesites. <\/p><\/div>\r\n\t\t\t\t\t<\/div>\r\n\t\t\t\t<\/div><\/div><\/div> <div class=\"application-platform-content-item-features application-platform-content-item\" id=\"features\" data-nav-section=\"features\"> <h2>Caracter\u00edsticas<\/h2> <p>Para tener una comprensi\u00f3n clara del widget, aqu\u00ed hay una lista de las caracter\u00edsticas principales. Hacen que este widget sea incre\u00edblemente eficiente para usted: <\/p> <ul><li>Marcaci\u00f3n inmediata en dispositivos m\u00f3viles;<\/li> <li>Seleccione una de las opciones de ubicaci\u00f3n del widget: flotante a la izquierda, flotante a la derecha o personalizado;<\/li> <li>La opci\u00f3n de demostrar el widget en ciertas p\u00e1ginas o excluir p\u00e1ginas web;<\/li> <li>3 tipos de usuarios para quienes aparecer\u00e1 el widget: todos, nuevos y solo los que regresan;<\/li> <li>Activadores de apertura de widget incorporados: tiempo invertido en la p\u00e1gina, tiempo en el sitio, el porcentaje de desplazamiento o la intenci\u00f3n de salida.<\/li> <\/ul><p><a href=\"#demo\">Para explorar m\u00e1s funciones, vea la demostraci\u00f3n en vivo<\/a><\/p> <\/div> <div class=\"application-platform-content-item-installation application-platform-content-item\" id=\"installation\" data-nav-section=\"installation\"> <h2>C\u00f3mo incrustar el bot\u00f3n Llamar ahora en su sitio jQuery<\/h2> <p>Estas diversas acciones son lo \u00fanico que debe hacer para incrustar plugin.<\/p> <ol><li><b>Administra nuestro configurador gratuito y comienza a crear tu propio plugin. <\/b><br> Determine el aspecto preferido y las especificaciones del complemento y aplique las ediciones. <\/li> <li><b>Obtenga su c\u00f3digo personal revelado en la ventana de Elfsight Apps. <\/b><br> Cuando haya terminado de establecer su widget personal, copie el c\u00f3digo personal en la ventana que aparece y gu\u00e1rdelo para usarlo m\u00e1s adelante. <\/li> <li><b>Comience a utilizar la herramienta en su sitio web jQuery. <\/b><br>Ingrese el c\u00f3digo copiado recientemente en su sitio web y guarde los ajustes. <\/li> <li><b>\u00a1Ya terminaste! La configuraci\u00f3n finaliz\u00f3 exitosamente. <\/b><br> Vaya a su sitio para ver el rendimiento del complemento. <\/li><\/ol> <p>\u00bfA\u00fan tienes dudas? \u00bfO tener problemas? Simplemente escriba una solicitud a nuestro equipo de soporte. Haremos todo lo posible para resolver cualquier tipo de problema. <\/p> <\/div>","protected":false},"excerpt":{"rendered":"","protected":false},"author":9,"featured_media":0,"parent":650,"menu_order":0,"comment_status":"closed","ping_status":"closed","template":"templates\/template-application-platform.php","meta":{"publish_to_discourse":"","publish_post_category":"","wpdc_auto_publish_overridden":"","wpdc_topic_tags":"","wpdc_pin_topic":"","wpdc_pin_until":"","discourse_post_id":"","discourse_permalink":"","wpdc_publishing_response":"","wpdc_publishing_error":"","footnotes":""},"class_list":["post-8333","page","type-page","status-publish","hentry"],"yoast_head":"<!-- This site is optimized with the Yoast SEO plugin v25.3.1 - https:\/\/yoast.com\/wordpress\/plugins\/seo\/ -->\n<title>Bot\u00f3n de llamada jquery | Agregar el complemento del bot\u00f3n Llamar ahora al sitio web (2025)<\/title>\n<meta name=\"description\" content=\"Cree el complemento Click to Call en su sitio jQuery. Utilice la demostraci\u00f3n gratuita de Elfsight y cree su complemento exclusivo en solo 2 minutos.\" \/>\n<meta name=\"robots\" content=\"index, follow, max-snippet:-1, max-image-preview:large, max-video-preview:-1\" \/>\n<link rel=\"canonical\" href=\"https:\/\/elfsight.com\/es\/click-to-call-widget\/jquery\/\" \/>\n<meta property=\"og:locale\" content=\"es_ES\" \/>\n<meta property=\"og:type\" content=\"article\" \/>\n<meta property=\"og:title\" content=\"Bot\u00f3n de llamada jquery | Agregar el complemento del bot\u00f3n Llamar ahora al sitio web (2025)\" \/>\n<meta property=\"og:description\" content=\"Cree el complemento Click to Call en su sitio jQuery. Utilice la demostraci\u00f3n gratuita de Elfsight y cree su complemento exclusivo en solo 2 minutos.\" \/>\n<meta property=\"og:url\" content=\"https:\/\/elfsight.com\/es\/click-to-call-widget\/jquery\/\" \/>\n<meta property=\"og:site_name\" content=\"Elfsight ES\" \/>\n<meta property=\"article:modified_time\" content=\"2025-02-06T15:38:39+00:00\" \/>\n<meta name=\"twitter:card\" content=\"summary_large_image\" \/>\n<meta name=\"twitter:label1\" content=\"Tiempo de lectura\" \/>\n\t<meta name=\"twitter:data1\" content=\"3 minutos\" \/>\n<!-- \/ Yoast SEO plugin. -->","yoast_head_json":{"title":"Bot\u00f3n de llamada jquery | Agregar el complemento del bot\u00f3n Llamar ahora al sitio web (2025)","description":"Cree el complemento Click to Call en su sitio jQuery. Utilice la demostraci\u00f3n gratuita de Elfsight y cree su complemento exclusivo en solo 2 minutos.","robots":{"index":"index","follow":"follow","max-snippet":"max-snippet:-1","max-image-preview":"max-image-preview:large","max-video-preview":"max-video-preview:-1"},"canonical":"https:\/\/elfsight.com\/es\/click-to-call-widget\/jquery\/","og_locale":"es_ES","og_type":"article","og_title":"Bot\u00f3n de llamada jquery | Agregar el complemento del bot\u00f3n Llamar ahora al sitio web (2025)","og_description":"Cree el complemento Click to Call en su sitio jQuery. Utilice la demostraci\u00f3n gratuita de Elfsight y cree su complemento exclusivo en solo 2 minutos.","og_url":"https:\/\/elfsight.com\/es\/click-to-call-widget\/jquery\/","og_site_name":"Elfsight ES","article_modified_time":"2025-02-06T15:38:39+00:00","twitter_card":"summary_large_image","twitter_misc":{"Tiempo de lectura":"3 minutos"},"schema":{"@context":"https:\/\/schema.org","@graph":[{"@type":"WebPage","@id":"https:\/\/elfsight.com\/es\/click-to-call-widget\/jquery\/","url":"https:\/\/elfsight.com\/es\/click-to-call-widget\/jquery\/","name":"Bot\u00f3n de llamada jquery | Agregar el complemento del bot\u00f3n Llamar ahora al sitio web (2025)","isPartOf":{"@id":"https:\/\/elfsight.com\/es\/#website"},"datePublished":"1970-01-01T00:00:00+00:00","dateModified":"2025-02-06T15:38:39+00:00","description":"Cree el complemento Click to Call en su sitio jQuery. Utilice la demostraci\u00f3n gratuita de Elfsight y cree su complemento exclusivo en solo 2 minutos.","breadcrumb":{"@id":"https:\/\/elfsight.com\/es\/click-to-call-widget\/jquery\/#breadcrumb"},"inLanguage":"es","potentialAction":[{"@type":"ReadAction","target":["https:\/\/elfsight.com\/es\/click-to-call-widget\/jquery\/"]}]},{"@type":"BreadcrumbList","@id":"https:\/\/elfsight.com\/es\/click-to-call-widget\/jquery\/#breadcrumb","itemListElement":[{"@type":"ListItem","position":1,"name":"Home","item":"https:\/\/elfsight.com\/es\/"},{"@type":"ListItem","position":2,"name":"Click to Call","item":"https:\/\/elfsight.com\/es\/click-to-call-widget\/"},{"@type":"ListItem","position":3,"name":"Click to Call &#8211; jQuery"}]},{"@type":"WebSite","@id":"https:\/\/elfsight.com\/es\/#website","url":"https:\/\/elfsight.com\/es\/","name":"Elfsight ES","description":"Just another Elfsight Sites site","potentialAction":[{"@type":"SearchAction","target":{"@type":"EntryPoint","urlTemplate":"https:\/\/elfsight.com\/es\/?s={search_term_string}"},"query-input":{"@type":"PropertyValueSpecification","valueRequired":true,"valueName":"search_term_string"}}],"inLanguage":"es"}]}},"meta_box":{"industry":"","seo_heading":"","heading":"","description":"","cta_heading":"","cta_description":"","application":"649","h1":"Complemento jQuery Click to Call Button","h1_caption":"Permita que los usuarios se comuniquen con usted instant\u00e1neamente con un simple bot\u00f3n de hacer clic para llamar, lo que facilita el acceso directo a su sitio web jQuery sin esfuerzo.","application_category":[],"applications_title":"","applications_request_title":"","applications_request_button_text":"","hero_text":"","hero_video":"","hero_video_schema_markup":"","selling_points_title":"","selling_points_caption":"","selling_points":[],"selling_points_cta_text":"","features_title":"","features":"","ed_cta_examples_text":"","ed_cta_examples_hidden":"","ed_cta_demo_text":"","ed_cta_demo_hidden":"","why_caption":"","why_editor_title":"","why_editor_text":"","why_team_title":"","why_team_text":"","why_service_title":"","why_service_text":"","template_catalog_visible":"","template_catalog_title":"","template_catalog_text":"","template_catalog_categories_visible":"","demo_title":"Crea tu complemento Click to Call","demo_caption":"\u00a1Configura tu Click to Call y agr\u00e9galo a tu sitio web jQuery gratis!","default_faq_hidden":"","app_template_category":[],"platform":"76","template_public_id":"","codecanyon_url":"","codecanyon_item_id":"","codecanyon_price":"","pricing_caption":"","pricing_elfsight_apps_hide_column":"","pricing_elfsight_apps_url":"","pricing_codecanyon_price_caption":"","integration_category":[],"integration_request_title":"","integration_request_cta":"","integration_platform":"","integrations":[],"platform_category":[],"video_schema_markup":"","price":"desde $0 \/ mes","trial":"","benefits":[{"text":"Asistencia de instalaci\u00f3n gratuita"},{"text":"Soporte premium"},{"text":"Garant\u00eda de reembolso de 14 d\u00edas"},{"text":"Mejoras continuas y gratuitas"}],"button_url":"#demo","button_target_blank":"","button_nofollow":"","attributes":[{"name":"Instalaciones","content":"10,000 - 100,000"},{"name":"Sensible","content":"S\u00ed"},{"name":"Navegadores compatibles","content":"Firefox, Safari, Opera, Chrome, Edge"}],"tags":[],"tags_disable_links":"","hide_more_platforms":"","video_object":"","demo_hide_cta":"","demo_hide_cloud_options":"","pricing_title":"","pricing":[{"pricing_icon":"platform","pricing_title":"Elfsight Apps","pricing_title_caption":"Soluci\u00f3n multiplataforma que funciona en cualquier sitio web","pricing_price":"desde $0 \/ mes","pricing_price_caption":"comienza con un plan gratuito","pricing_benefits":[{"text":"Dominios ilimitados"},{"text":"Soporte dedicado, puntual y bien documentado."},{"text":"Ayuda de instalaci\u00f3n gratuita"},{"text":"Dise\u00f1o flexible"}],"pricing_button_text":"A\u00f1adir al sitio web","pricing_button_url":"#demo"}],"related_apps_title":"","related_apps_hidden":"","author":"","image":[],"title":"","job":"","social_networks":[]},"_links":{"self":[{"href":"https:\/\/elfsight.com\/es\/wp-json\/wp\/v2\/pages\/8333","targetHints":{"allow":["GET"]}}],"collection":[{"href":"https:\/\/elfsight.com\/es\/wp-json\/wp\/v2\/pages"}],"about":[{"href":"https:\/\/elfsight.com\/es\/wp-json\/wp\/v2\/types\/page"}],"author":[{"embeddable":true,"href":"https:\/\/elfsight.com\/es\/wp-json\/wp\/v2\/users\/9"}],"replies":[{"embeddable":true,"href":"https:\/\/elfsight.com\/es\/wp-json\/wp\/v2\/comments?post=8333"}],"version-history":[{"count":2,"href":"https:\/\/elfsight.com\/es\/wp-json\/wp\/v2\/pages\/8333\/revisions"}],"predecessor-version":[{"id":18571,"href":"https:\/\/elfsight.com\/es\/wp-json\/wp\/v2\/pages\/8333\/revisions\/18571"}],"up":[{"embeddable":true,"href":"https:\/\/elfsight.com\/es\/wp-json\/wp\/v2\/pages\/650"}],"wp:attachment":[{"href":"https:\/\/elfsight.com\/es\/wp-json\/wp\/v2\/media?parent=8333"}],"curies":[{"name":"wp","href":"https:\/\/api.w.org\/{rel}","templated":true}]}}