{"id":8332,"date":"1970-01-01T00:00:00","date_gmt":"1970-01-01T00:00:00","guid":{"rendered":"https:\/\/elfsight.com\/es\/?page_id=8332"},"modified":"2025-02-06T15:38:39","modified_gmt":"2025-02-06T15:38:39","slug":"joomla","status":"publish","type":"page","link":"https:\/\/elfsight.com\/es\/click-to-call-widget\/joomla\/","title":{"rendered":"Click to Call &#8211; Joomla"},"content":{"rendered":"<div class=\"application-platform-content-item-description application-platform-content-item\" id=\"description\" data-nav-section=\"description\"><h2>Descripci\u00f3n<\/h2><p>Elfsight Call Now Button es una extensi\u00f3n simple para su sitio web, que har\u00e1 que sus clientes lo llamen por tel\u00e9fono m\u00e1s r\u00e1pido. Utilizado en tel\u00e9fonos m\u00f3viles, el complemento comienza a marcar el n\u00famero seleccionado tan pronto como el usuario hace clic en el icono del tel\u00e9fono. Cuando se ve desde computadoras de escritorio, el clic muestra su n\u00famero en el sitio y ayuda a los usuarios a marcarlo al instante. Es posible no solo mostrar el n\u00famero, sino tambi\u00e9n mostrar la ventana de llamada que incluye el nombre y la foto de la persona de contacto de su cliente y un breve texto. Todas las partes son intercambiables, lo que le permite darle forma para obtener diferentes apariencias de la interfaz. Tambi\u00e9n puede elegir un activador que har\u00e1 que aparezca la burbuja del tel\u00e9fono y establecer una categor\u00eda de espectadores para quienes aparecer\u00e1.<\/p><div class=\"faq\" data-component=\"FAQ\"><div class=\"faq-item\">\r\n\t\t\t\t\t<div class=\"faq-item-question\">\r\n\t\t\t\t\t\t<h3 class=\"faq-item-question-text\">\u00bfD\u00f3nde puedo agregar el complemento?<\/h3>\r\n\r\n\t\t\t\t\t\t<div class=\"faq-item-question-icon\"><\/div>\r\n\t\t\t\t\t<\/div>\r\n\r\n\t\t\t\t\t<div class=\"faq-item-answer\">\r\n\t\t\t\t\t\t<div class=\"faq-item-answer-text\"> <p>Elfsight Click To Call se puede integrar en cualquier p\u00e1gina de su sitio web, as\u00ed como en todas las p\u00e1ginas. En la configuraci\u00f3n del complemento, hay una funci\u00f3n para insertar las URL de las p\u00e1ginas donde necesita colocar el bot\u00f3n. O utilice la funci\u00f3n Excluir e ingrese las URL de las p\u00e1ginas exactas donde desea prohibir la visualizaci\u00f3n de la extensi\u00f3n.<\/p> <\/div>\r\n\t\t\t\t\t<\/div>\r\n\t\t\t\t<\/div><div class=\"faq-item\">\r\n\t\t\t\t\t<div class=\"faq-item-question\">\r\n\t\t\t\t\t\t<h3 class=\"faq-item-question-text\">\u00bfQu\u00e9 ventajas me puede brindar?<\/h3>\r\n\r\n\t\t\t\t\t\t<div class=\"faq-item-question-icon\"><\/div>\r\n\t\t\t\t\t<\/div>\r\n\r\n\t\t\t\t\t<div class=\"faq-item-answer\">\r\n\t\t\t\t\t\t<div class=\"faq-item-answer-text\"> <p>Puede atraer m\u00e1s llamadas telef\u00f3nicas de los clientes gracias a una forma r\u00e1pida y sencilla de llamarlo, permaneciendo en el sitio. Contribuir\u00e1 a tener comunicaciones m\u00e1s directas y convertir a los visitantes en clientes. Adem\u00e1s, puede recopilar su base de datos de clientes potenciales.<\/p> <\/div>\r\n\t\t\t\t\t<\/div>\r\n\t\t\t\t<\/div> <div class=\"faq-item\">\r\n\t\t\t\t\t<div class=\"faq-item-question\">\r\n\t\t\t\t\t\t<h3 class=\"faq-item-question-text\">\u00bfQu\u00e9 necesito para insertar el bot\u00f3n Llamar ahora en mi sitio web Joomla?<\/h3>\r\n\r\n\t\t\t\t\t\t<div class=\"faq-item-question-icon\"><\/div>\r\n\t\t\t\t\t<\/div>\r\n\r\n\t\t\t\t\t<div class=\"faq-item-answer\">\r\n\t\t\t\t\t\t<div class=\"faq-item-answer-text\"> <p>Solo toma un minuto de su tiempo comenzar a usar el complemento. El proceso de integraci\u00f3n es muy r\u00e1pido, gratuito y sin codificaci\u00f3n. <\/p> <p>Click to Call de Elfsight se puede agregar a su sitio a trav\u00e9s de nuestro servicio o a trav\u00e9s del mercado. Aqu\u00ed puedes comparar las opciones y decidir cu\u00e1l es la tuya.<\/p><\/div>\r\n\t\t\t\t\t<\/div>\r\n\t\t\t\t<\/div> <\/div> <\/div><div class=\"application-platform-content-item-features application-platform-content-item\" id=\"features\" data-nav-section=\"features\"> <h2>Caracter\u00edsticas<\/h2> <p>Para lograr una mejor percepci\u00f3n del complemento Call, examina la lista de sus caracter\u00edsticas esenciales. Hacen que nuestra extensi\u00f3n sea incre\u00edblemente efectiva para ti: <\/p> <ul><li>Llamadas telef\u00f3nicas inmediatas en dispositivos m\u00f3viles; <\/li> <li>3 variantes de colocaci\u00f3n de complementos: flotante hacia la izquierda o hacia la derecha o personalizado; <\/li> <li>La opci\u00f3n de mostrar el complemento en determinadas p\u00e1ginas o excluir p\u00e1ginas; <\/li> <li>Elija categor\u00edas de usuarios para ver el complemento: todos, nuevos o solo recurrentes; <\/li> <li> Cuatro activadores de activaci\u00f3n de complementos: tiempo pasado en la p\u00e1gina, tiempo pasado en el sitio web, posici\u00f3n de desplazamiento e intento de abandonar el sitio. <\/li> <\/ul><p><a href=\"#demo\">Explore todas las funciones en nuestra demostraci\u00f3n<\/a><\/p> <\/div><div class=\"application-platform-content-item-installation application-platform-content-item\" id=\"installation\" data-nav-section=\"installation\"> <h2>C\u00f3mo agregar el complemento Bot\u00f3n de llamada a su sitio web Joomla<\/h2> <p>Simplemente siga estos pasos que se indican a continuaci\u00f3n para integrar la herramienta en Joomla.<\/p> <ol><li><b>Realice nuestro programa gratuito demo y comience a crear su extensi\u00f3n \u00fanica Click to Call para Joomla. <\/b><br> Determine la forma y las especificaciones adecuadas de la herramienta y guarde las ediciones. <\/li> <li><b>Copia el c\u00f3digo \u00fanico que aparece en la ventana de Elfsight Apps. <\/b><br> Tan pronto como finalice el establecimiento de su herramienta, copie el c\u00f3digo exclusivo en la ventana que aparece y gu\u00e1rdelo para su uso posterior. <\/li> <li><b>Inicie la utilizaci\u00f3n de la herramienta en su sitio web Joomla. <\/b><br> Implemente el c\u00f3digo guardado recientemente en su sitio y aplique las mejoras. <\/li> <li><b>La configuraci\u00f3n est\u00e1 completamente realizada. <\/b><br> Vaya a su sitio para ver en acci\u00f3n el funcionamiento de la herramienta. <\/li><\/ol><p>\u00bfA\u00fan no puedes decidirte? \u00bfO tienes consultas? Simplemente dirija una solicitud a nuestro equipo de soporte. Resolver\u00e1n cualquier problema. <\/p> <\/div><p><\/p>","protected":false},"excerpt":{"rendered":"","protected":false},"author":9,"featured_media":0,"parent":650,"menu_order":0,"comment_status":"closed","ping_status":"closed","template":"templates\/template-application-platform.php","meta":{"publish_to_discourse":"","publish_post_category":"","wpdc_auto_publish_overridden":"","wpdc_topic_tags":"","wpdc_pin_topic":"","wpdc_pin_until":"","discourse_post_id":"","discourse_permalink":"","wpdc_publishing_response":"","wpdc_publishing_error":"","footnotes":""},"class_list":["post-8332","page","type-page","status-publish","hentry"],"yoast_head":"<!-- This site is optimized with the Yoast SEO plugin v25.3.1 - https:\/\/yoast.com\/wordpress\/plugins\/seo\/ -->\n<title>Complemento de llamada de Joomla | Agregue la extensi\u00f3n del bot\u00f3n Haga clic para llamar ahora al sitio web<\/title>\n<meta name=\"description\" content=\"Dise\u00f1e su complemento Bot\u00f3n de clic para llamar y agr\u00e9guelo a su sitio web Joomla r\u00e1pidamente. Contamos con atenci\u00f3n al cliente gratuita y otras bonificaciones.\" \/>\n<meta name=\"robots\" content=\"index, follow, max-snippet:-1, max-image-preview:large, max-video-preview:-1\" \/>\n<link rel=\"canonical\" href=\"https:\/\/elfsight.com\/es\/click-to-call-widget\/joomla\/\" \/>\n<meta property=\"og:locale\" content=\"es_ES\" \/>\n<meta property=\"og:type\" content=\"article\" \/>\n<meta property=\"og:title\" content=\"Complemento de llamada de Joomla | Agregue la extensi\u00f3n del bot\u00f3n Haga clic para llamar ahora al sitio web\" \/>\n<meta property=\"og:description\" content=\"Dise\u00f1e su complemento Bot\u00f3n de clic para llamar y agr\u00e9guelo a su sitio web Joomla r\u00e1pidamente. Contamos con atenci\u00f3n al cliente gratuita y otras bonificaciones.\" \/>\n<meta property=\"og:url\" content=\"https:\/\/elfsight.com\/es\/click-to-call-widget\/joomla\/\" \/>\n<meta property=\"og:site_name\" content=\"Elfsight ES\" \/>\n<meta property=\"article:modified_time\" content=\"2025-02-06T15:38:39+00:00\" \/>\n<meta name=\"twitter:card\" content=\"summary_large_image\" \/>\n<meta name=\"twitter:label1\" content=\"Tiempo de lectura\" \/>\n\t<meta name=\"twitter:data1\" content=\"3 minutos\" \/>\n<!-- \/ Yoast SEO plugin. -->","yoast_head_json":{"title":"Complemento de llamada de Joomla | Agregue la extensi\u00f3n del bot\u00f3n Haga clic para llamar ahora al sitio web","description":"Dise\u00f1e su complemento Bot\u00f3n de clic para llamar y agr\u00e9guelo a su sitio web Joomla r\u00e1pidamente. Contamos con atenci\u00f3n al cliente gratuita y otras bonificaciones.","robots":{"index":"index","follow":"follow","max-snippet":"max-snippet:-1","max-image-preview":"max-image-preview:large","max-video-preview":"max-video-preview:-1"},"canonical":"https:\/\/elfsight.com\/es\/click-to-call-widget\/joomla\/","og_locale":"es_ES","og_type":"article","og_title":"Complemento de llamada de Joomla | Agregue la extensi\u00f3n del bot\u00f3n Haga clic para llamar ahora al sitio web","og_description":"Dise\u00f1e su complemento Bot\u00f3n de clic para llamar y agr\u00e9guelo a su sitio web Joomla r\u00e1pidamente. Contamos con atenci\u00f3n al cliente gratuita y otras bonificaciones.","og_url":"https:\/\/elfsight.com\/es\/click-to-call-widget\/joomla\/","og_site_name":"Elfsight ES","article_modified_time":"2025-02-06T15:38:39+00:00","twitter_card":"summary_large_image","twitter_misc":{"Tiempo de lectura":"3 minutos"},"schema":{"@context":"https:\/\/schema.org","@graph":[{"@type":"WebPage","@id":"https:\/\/elfsight.com\/es\/click-to-call-widget\/joomla\/","url":"https:\/\/elfsight.com\/es\/click-to-call-widget\/joomla\/","name":"Complemento de llamada de Joomla | Agregue la extensi\u00f3n del bot\u00f3n Haga clic para llamar ahora al sitio web","isPartOf":{"@id":"https:\/\/elfsight.com\/es\/#website"},"datePublished":"1970-01-01T00:00:00+00:00","dateModified":"2025-02-06T15:38:39+00:00","description":"Dise\u00f1e su complemento Bot\u00f3n de clic para llamar y agr\u00e9guelo a su sitio web Joomla r\u00e1pidamente. Contamos con atenci\u00f3n al cliente gratuita y otras bonificaciones.","breadcrumb":{"@id":"https:\/\/elfsight.com\/es\/click-to-call-widget\/joomla\/#breadcrumb"},"inLanguage":"es","potentialAction":[{"@type":"ReadAction","target":["https:\/\/elfsight.com\/es\/click-to-call-widget\/joomla\/"]}]},{"@type":"BreadcrumbList","@id":"https:\/\/elfsight.com\/es\/click-to-call-widget\/joomla\/#breadcrumb","itemListElement":[{"@type":"ListItem","position":1,"name":"Home","item":"https:\/\/elfsight.com\/es\/"},{"@type":"ListItem","position":2,"name":"Click to Call","item":"https:\/\/elfsight.com\/es\/click-to-call-widget\/"},{"@type":"ListItem","position":3,"name":"Click to Call &#8211; Joomla"}]},{"@type":"WebSite","@id":"https:\/\/elfsight.com\/es\/#website","url":"https:\/\/elfsight.com\/es\/","name":"Elfsight ES","description":"Just another Elfsight Sites site","potentialAction":[{"@type":"SearchAction","target":{"@type":"EntryPoint","urlTemplate":"https:\/\/elfsight.com\/es\/?s={search_term_string}"},"query-input":{"@type":"PropertyValueSpecification","valueRequired":true,"valueName":"search_term_string"}}],"inLanguage":"es"}]}},"meta_box":{"industry":"","seo_heading":"","heading":"","description":"","cta_heading":"","cta_description":"","application":"649","h1":"Extensi\u00f3n del bot\u00f3n de llamada de Joomla","h1_caption":"Permita que los usuarios se comuniquen con usted instant\u00e1neamente con un simple bot\u00f3n de hacer clic para llamar, lo que facilita el acceso directo a su sitio web Joomla sin esfuerzo.","application_category":[],"applications_title":"","applications_request_title":"","applications_request_button_text":"","hero_text":"","hero_video":"","hero_video_schema_markup":"","selling_points_title":"","selling_points_caption":"","selling_points":[],"selling_points_cta_text":"","features_title":"","features":"","ed_cta_examples_text":"","ed_cta_examples_hidden":"","ed_cta_demo_text":"","ed_cta_demo_hidden":"","why_caption":"","why_editor_title":"","why_editor_text":"","why_team_title":"","why_team_text":"","why_service_title":"","why_service_text":"","template_catalog_visible":"","template_catalog_title":"","template_catalog_text":"","template_catalog_categories_visible":"","demo_title":"Crea tu complemento Click to Call","demo_caption":"\u00a1Configure su Click to Call y agr\u00e9guelo a su sitio web Joomla gratis!","default_faq_hidden":"","app_template_category":[],"platform":"73","template_public_id":"","codecanyon_url":"","codecanyon_item_id":"","codecanyon_price":"","pricing_caption":"","pricing_elfsight_apps_hide_column":"","pricing_elfsight_apps_url":"","pricing_codecanyon_price_caption":"","integration_category":[],"integration_request_title":"","integration_request_cta":"","integration_platform":"","integrations":[],"platform_category":[],"video_schema_markup":"","price":"desde $0 \/ mes","trial":"","benefits":[{"text":"Ayuda de instalaci\u00f3n gratuita"},{"text":"Soporte excepcional"},{"text":"Garant\u00eda de devoluci\u00f3n de dinero de 14 d\u00edas"},{"text":"Mejoras peri\u00f3dicas"}],"button_url":"#demo","button_target_blank":"","button_nofollow":"","attributes":[{"name":"Instalaciones","content":"10,000 - 100,000"},{"name":"Sensible","content":"S\u00ed"},{"name":"Navegadores compatibles","content":"IE11, Firefox, Safari, Opera, Chrome, Edge"}],"tags":[],"tags_disable_links":"","hide_more_platforms":"","video_object":"","demo_hide_cta":"","demo_hide_cloud_options":"","pricing_title":"","pricing":[{"pricing_icon":"platform","pricing_title":"Elfsight Apps","pricing_title_caption":"Versi\u00f3n multiplataforma que se adapta a cualquier sitio web.","pricing_price":"desde $0 \/ mes","pricing_price_caption":"comienza con el plan gratuito","pricing_benefits":[{"text":"Sitios web ilimitados"},{"text":"Soporte empresarial dedicado y bien documentado."},{"text":"Asistencia de instalaci\u00f3n gratuita"},{"text":"Precio especial para m\u00faltiples aplicaciones"}],"pricing_button_text":"A\u00f1adir al sitio web","pricing_button_url":"#demo"}],"related_apps_title":"","related_apps_hidden":"","author":"","image":[],"title":"","job":"","social_networks":[]},"_links":{"self":[{"href":"https:\/\/elfsight.com\/es\/wp-json\/wp\/v2\/pages\/8332","targetHints":{"allow":["GET"]}}],"collection":[{"href":"https:\/\/elfsight.com\/es\/wp-json\/wp\/v2\/pages"}],"about":[{"href":"https:\/\/elfsight.com\/es\/wp-json\/wp\/v2\/types\/page"}],"author":[{"embeddable":true,"href":"https:\/\/elfsight.com\/es\/wp-json\/wp\/v2\/users\/9"}],"replies":[{"embeddable":true,"href":"https:\/\/elfsight.com\/es\/wp-json\/wp\/v2\/comments?post=8332"}],"version-history":[{"count":2,"href":"https:\/\/elfsight.com\/es\/wp-json\/wp\/v2\/pages\/8332\/revisions"}],"predecessor-version":[{"id":18572,"href":"https:\/\/elfsight.com\/es\/wp-json\/wp\/v2\/pages\/8332\/revisions\/18572"}],"up":[{"embeddable":true,"href":"https:\/\/elfsight.com\/es\/wp-json\/wp\/v2\/pages\/650"}],"wp:attachment":[{"href":"https:\/\/elfsight.com\/es\/wp-json\/wp\/v2\/media?parent=8332"}],"curies":[{"name":"wp","href":"https:\/\/api.w.org\/{rel}","templated":true}]}}