{"id":8330,"date":"1970-01-01T00:00:00","date_gmt":"1970-01-01T00:00:00","guid":{"rendered":"https:\/\/elfsight.com\/es\/?page_id=8330"},"modified":"2025-02-06T15:38:47","modified_gmt":"2025-02-06T15:38:47","slug":"iframe","status":"publish","type":"page","link":"https:\/\/elfsight.com\/es\/click-to-call-widget\/iframe\/","title":{"rendered":"Click to Call &#8211; iFrame"},"content":{"rendered":"<div class=\"application-platform-content-item-description application-platform-content-item\" id=\"description\" data-nav-section=\"description\"> <h2>Insertar clic para llamar en iFrame con el widget de Elfsight<\/h2> <p>El bot\u00f3n Llamar ahora de Elfsight es el widget m\u00e1s pr\u00e1ctico para cualquier sitio, que facilitar\u00e1 a los usuarios realizar una llamada telef\u00f3nica. En el m\u00f3vil, el widget marca el n\u00famero incrustado cuando un usuario hace clic en la burbuja del tel\u00e9fono. En PC y tabletas, al hacer clic se muestra su n\u00famero de tel\u00e9fono en el sitio y ayuda a los usuarios a realizar una llamada al instante. Hay una opci\u00f3n no solo para mostrar su n\u00famero de tel\u00e9fono, sino tambi\u00e9n para mostrar la ventana de llamada con el nombre y la foto de la persona de contacto y un texto personalizado. Todas estas partes son conmutables, lo que permite configurarlas para tener cualquier variante de la interfaz. Tambi\u00e9n hay una opci\u00f3n para seleccionar un activador que muestra la burbuja del tel\u00e9fono y elegir una categor\u00eda de audiencia del sitio web que lo ver\u00e1. <\/p> <div class=\"faq\" data-component=\"FAQ\"><div class=\"faq-item\">\r\n\t\t\t\t\t<div class=\"faq-item-question\">\r\n\t\t\t\t\t\t<h3 class=\"faq-item-question-text\">\u00bfD\u00f3nde puedo publicar el widget?<\/h3>\r\n\r\n\t\t\t\t\t\t<div class=\"faq-item-question-icon\"><\/div>\r\n\t\t\t\t\t<\/div>\r\n\r\n\t\t\t\t\t<div class=\"faq-item-answer\">\r\n\t\t\t\t\t\t<div class=\"faq-item-answer-text\"> <p>Puede agregar Elfsight Click To Call en cualquier p\u00e1gina del sitio web que necesite, as\u00ed como en todas las p\u00e1ginas. En la configuraci\u00f3n del widget, puede insertar las URL de las p\u00e1ginas seleccionadas donde necesita habilitar el widget. O utilice la funci\u00f3n Excluir e inserte las URL de las p\u00e1ginas exactas donde desea limitar la demostraci\u00f3n del widget. <\/p> <\/div>\r\n\t\t\t\t\t<\/div>\r\n\t\t\t\t<\/div><div class=\"faq-item\">\r\n\t\t\t\t\t<div class=\"faq-item-question\">\r\n\t\t\t\t\t\t<h3 class=\"faq-item-question-text\">\u00bfQu\u00e9 ventajas me dar\u00e1?<\/h3>\r\n\r\n\t\t\t\t\t\t<div class=\"faq-item-question-icon\"><\/div>\r\n\t\t\t\t\t<\/div>\r\n\r\n\t\t\t\t\t<div class=\"faq-item-answer\">\r\n\t\t\t\t\t\t<div class=\"faq-item-answer-text\"> <p>Puedes recibir m\u00e1s llamadas telef\u00f3nicas de los visitantes del sitio web teniendo una forma f\u00e1cil y r\u00e1pida de llamarte por tel\u00e9fono, sin salir del sitio web. Esto puede ayudarle a obtener m\u00e1s conversaciones personales y convertir a los usuarios en clientes. Adem\u00e1s, puedes crear tu base de clientes. <\/p> <\/div>\r\n\t\t\t\t\t<\/div>\r\n\t\t\t\t<\/div> <div class=\"faq-item\">\r\n\t\t\t\t\t<div class=\"faq-item-question\">\r\n\t\t\t\t\t\t<h3 class=\"faq-item-question-text\">\u00bfC\u00f3mo puedo tener Click to Call en mi sitio iFrame?<\/h3>\r\n\r\n\t\t\t\t\t\t<div class=\"faq-item-question-icon\"><\/div>\r\n\t\t\t\t\t<\/div>\r\n\r\n\t\t\t\t\t<div class=\"faq-item-answer\">\r\n\t\t\t\t\t\t<div class=\"faq-item-answer-text\"> <p>Se tarda un minuto en activar el widget. El proceso de integraci\u00f3n es extremadamente r\u00e1pido, gratuito y sin codificaci\u00f3n. <\/p> <p>Puedes insertar el bot\u00f3n de clic en tu p\u00e1gina web a trav\u00e9s de nuestro servicio. Para hacerlo, siga las instrucciones que aparecen en esta p\u00e1gina. <\/p> <\/div>\r\n\t\t\t\t\t<\/div>\r\n\t\t\t\t<\/div> <\/div> <\/div> <div class=\"application-platform-content-item-features application-platform-content-item\" id=\"features\" data-nav-section=\"features\"> <h2>Principales caracter\u00edsticas del widget Click to Call<\/h2> <p>Para conocer mejor el widget, consulte la lista de sus principales caracter\u00edsticas. Hacen que el widget sea incre\u00edblemente eficiente para su sitio web: <\/p> <ul><li>Marcaci\u00f3n instant\u00e1nea en dispositivos m\u00f3viles; <\/li> <li>Elija una de las tres opciones de ubicaci\u00f3n del widget: flotante a la izquierda, flotante a la derecha o personalizado; <\/li> <li>La opci\u00f3n de demostrar el widget en p\u00e1ginas seleccionadas o excluir p\u00e1ginas web; <\/li> <li>Tres grupos de visitantes a los que mostrarles el widget: todos, nuevos y recurrentes solamente; <\/li> <li> Activadores de widgets incorporados: tiempo en la p\u00e1gina, tiempo en el sitio, cantidad de desplazamiento e intento de salida. <\/li> <\/ul><p><a href=\"#demo\">Para consultar una lista completa de funciones, consulte la demostraci\u00f3n<\/a><\/p> <\/div> <div class=\"application-platform-content-item-installation application-platform-content-item\" id=\"installation\" data-nav-section=\"installation\"> <h2>C\u00f3mo agregar el widget Bot\u00f3n de clic para llamar al sitio web iFrame<\/h2> <p>Las siguientes acciones son lo \u00fanico que debe hacer para publicar el widget. <\/p> <ol><li><b>Dise\u00f1e su complemento Call Now exclusivo<\/b><br> En nuestro editor gratuito, genere un complemento con un dise\u00f1o y una funcionalidad personalizados. <\/li><li><b>Adquiera el c\u00f3digo individual para insertar el complemento<\/b><br> Despu\u00e9s de haber configurado su widget, recibir\u00e1 el c\u00f3digo \u00fanico en la notificaci\u00f3n emergente en Elfsight Apps. C\u00f3pielo para su uso posterior. <\/li> <li><b> El complemento en su sitio iFrame<\/b><br> Defina el \u00e1rea donde planea mostrar el complemento y agregue el c\u00f3digo guardado all\u00ed. Guarde los cambios. <\/li> <li><b>La configuraci\u00f3n ha finalizado<\/b><br> Visita la p\u00e1gina para ver tu complemento de llamada.<\/li> <\/ol><p>\u00bfA\u00fan no est\u00e1s resuelto? \u00bfO tienes consultas? Una sola solicitud a nuestro departamento de atenci\u00f3n al cliente solucionar\u00e1 cualquier problema. <\/p> <div class=\"faq\" data-component=\"FAQ\"><div class=\"faq-item\">\r\n\t\t\t\t\t<div class=\"faq-item-question\">\r\n\t\t\t\t\t\t<h3 class=\"faq-item-question-text\">\u00bfC\u00f3mo inserto una galer\u00eda de videos de YouTube en mi sitio web de Squarespace sin conocimientos de codificaci\u00f3n?<\/h3>\r\n\r\n\t\t\t\t\t\t<div class=\"faq-item-question-icon\"><\/div>\r\n\t\t\t\t\t<\/div>\r\n\r\n\t\t\t\t\t<div class=\"faq-item-answer\">\r\n\t\t\t\t\t\t<div class=\"faq-item-answer-text\"><p>Elfsight proporciona una soluci\u00f3n basada en la nube para integrar sin problemas una galer\u00eda de videos de YouTube en su sitio web de Squarespace. A continuaci\u00f3n le indicamos c\u00f3mo hacerlo:<\/p><ul><li>Acceda al Editor en l\u00ednea para generar una secci\u00f3n de la Galer\u00eda de videos de YouTube que desee agregar a su sitio de Squarespace.<\/li><li>Elija una de nuestras plantillas predise\u00f1adas y configure los ajustes de la Galer\u00eda de videos de YouTube, adapte el dise\u00f1o y la combinaci\u00f3n de colores, e ingrese su contenido sin necesidad de conocimientos de codificaci\u00f3n.<\/li><li>Guarde la configuraci\u00f3n que ha personalizado para la Galer\u00eda de videos de YouTube y obtenga el fragmento de c\u00f3digo para incrustarlo, que puede ser f\u00e1cilmente integrado en su sitio de Squarespace sin costo.<\/li><\/ul><p>Al utilizar el editor f\u00e1cil de usar, cualquier persona, independientemente de su experiencia t\u00e9cnica, puede insertar sin esfuerzo una secci\u00f3n de la Galer\u00eda de videos de YouTube en su sitio web de Squarespace. No es necesario realizar ning\u00fan pago ni proporcionar la informaci\u00f3n de su tarjeta de cr\u00e9dito para acceder al Editor de Elfsight. Si encuentra alg\u00fan desaf\u00edo durante el proceso, no dude en comunicarse con nuestro servicio de atenci\u00f3n al cliente para obtener ayuda.<\/p><\/div>\r\n\t\t\t\t\t<\/div>\r\n\t\t\t\t<\/div><\/div><\/div>","protected":false},"excerpt":{"rendered":"","protected":false},"author":9,"featured_media":0,"parent":650,"menu_order":0,"comment_status":"closed","ping_status":"closed","template":"templates\/template-application-platform.php","meta":{"publish_to_discourse":"","publish_post_category":"","wpdc_auto_publish_overridden":"","wpdc_topic_tags":"","wpdc_pin_topic":"","wpdc_pin_until":"","discourse_post_id":"","discourse_permalink":"","wpdc_publishing_response":"","wpdc_publishing_error":"","footnotes":""},"class_list":["post-8330","page","type-page","status-publish","hentry"],"yoast_head":"<!-- This site is optimized with the Yoast SEO plugin v25.3.1 - https:\/\/yoast.com\/wordpress\/plugins\/seo\/ -->\n<title>Agregue el widget del bot\u00f3n Llamar ahora a su sitio web iFrame (gratis y r\u00e1pido)<\/title>\n<meta name=\"description\" content=\"Aqu\u00ed existe la posibilidad de darle forma al bot\u00f3n Hacer clic para llamar ahora y agregar un widget a su sitio web iFrame. Disfrute de asistencia al cliente gratuita y otras ventajas de Elfsight.\" \/>\n<meta name=\"robots\" content=\"index, follow, max-snippet:-1, max-image-preview:large, max-video-preview:-1\" \/>\n<link rel=\"canonical\" href=\"https:\/\/elfsight.com\/es\/click-to-call-widget\/iframe\/\" \/>\n<meta property=\"og:locale\" content=\"es_ES\" \/>\n<meta property=\"og:type\" content=\"article\" \/>\n<meta property=\"og:title\" content=\"Agregue el widget del bot\u00f3n Llamar ahora a su sitio web iFrame (gratis y r\u00e1pido)\" \/>\n<meta property=\"og:description\" content=\"Aqu\u00ed existe la posibilidad de darle forma al bot\u00f3n Hacer clic para llamar ahora y agregar un widget a su sitio web iFrame. Disfrute de asistencia al cliente gratuita y otras ventajas de Elfsight.\" \/>\n<meta property=\"og:url\" content=\"https:\/\/elfsight.com\/es\/click-to-call-widget\/iframe\/\" \/>\n<meta property=\"og:site_name\" content=\"Elfsight ES\" \/>\n<meta property=\"article:modified_time\" content=\"2025-02-06T15:38:47+00:00\" \/>\n<meta name=\"twitter:card\" content=\"summary_large_image\" \/>\n<meta name=\"twitter:label1\" content=\"Tiempo de lectura\" \/>\n\t<meta name=\"twitter:data1\" content=\"5 minutos\" \/>\n<!-- \/ Yoast SEO plugin. -->","yoast_head_json":{"title":"Agregue el widget del bot\u00f3n Llamar ahora a su sitio web iFrame (gratis y r\u00e1pido)","description":"Aqu\u00ed existe la posibilidad de darle forma al bot\u00f3n Hacer clic para llamar ahora y agregar un widget a su sitio web iFrame. Disfrute de asistencia al cliente gratuita y otras ventajas de Elfsight.","robots":{"index":"index","follow":"follow","max-snippet":"max-snippet:-1","max-image-preview":"max-image-preview:large","max-video-preview":"max-video-preview:-1"},"canonical":"https:\/\/elfsight.com\/es\/click-to-call-widget\/iframe\/","og_locale":"es_ES","og_type":"article","og_title":"Agregue el widget del bot\u00f3n Llamar ahora a su sitio web iFrame (gratis y r\u00e1pido)","og_description":"Aqu\u00ed existe la posibilidad de darle forma al bot\u00f3n Hacer clic para llamar ahora y agregar un widget a su sitio web iFrame. Disfrute de asistencia al cliente gratuita y otras ventajas de Elfsight.","og_url":"https:\/\/elfsight.com\/es\/click-to-call-widget\/iframe\/","og_site_name":"Elfsight ES","article_modified_time":"2025-02-06T15:38:47+00:00","twitter_card":"summary_large_image","twitter_misc":{"Tiempo de lectura":"5 minutos"},"schema":{"@context":"https:\/\/schema.org","@graph":[{"@type":"WebPage","@id":"https:\/\/elfsight.com\/es\/click-to-call-widget\/iframe\/","url":"https:\/\/elfsight.com\/es\/click-to-call-widget\/iframe\/","name":"Agregue el widget del bot\u00f3n Llamar ahora a su sitio web iFrame (gratis y r\u00e1pido)","isPartOf":{"@id":"https:\/\/elfsight.com\/es\/#website"},"datePublished":"1970-01-01T00:00:00+00:00","dateModified":"2025-02-06T15:38:47+00:00","description":"Aqu\u00ed existe la posibilidad de darle forma al bot\u00f3n Hacer clic para llamar ahora y agregar un widget a su sitio web iFrame. Disfrute de asistencia al cliente gratuita y otras ventajas de Elfsight.","breadcrumb":{"@id":"https:\/\/elfsight.com\/es\/click-to-call-widget\/iframe\/#breadcrumb"},"inLanguage":"es","potentialAction":[{"@type":"ReadAction","target":["https:\/\/elfsight.com\/es\/click-to-call-widget\/iframe\/"]}]},{"@type":"BreadcrumbList","@id":"https:\/\/elfsight.com\/es\/click-to-call-widget\/iframe\/#breadcrumb","itemListElement":[{"@type":"ListItem","position":1,"name":"Home","item":"https:\/\/elfsight.com\/es\/"},{"@type":"ListItem","position":2,"name":"Click to Call","item":"https:\/\/elfsight.com\/es\/click-to-call-widget\/"},{"@type":"ListItem","position":3,"name":"Click to Call &#8211; iFrame"}]},{"@type":"WebSite","@id":"https:\/\/elfsight.com\/es\/#website","url":"https:\/\/elfsight.com\/es\/","name":"Elfsight ES","description":"Just another Elfsight Sites site","potentialAction":[{"@type":"SearchAction","target":{"@type":"EntryPoint","urlTemplate":"https:\/\/elfsight.com\/es\/?s={search_term_string}"},"query-input":{"@type":"PropertyValueSpecification","valueRequired":true,"valueName":"search_term_string"}}],"inLanguage":"es"}]}},"meta_box":{"industry":"","seo_heading":"","heading":"","description":"","cta_heading":"","cta_description":"","application":"649","h1":"Bot\u00f3n iFrame Haga clic para llamar ahora","h1_caption":"Permita que los usuarios se comuniquen con usted al instante con un simple bot\u00f3n de hacer clic para llamar, lo que facilita el acceso directo a su sitio web iFrame sin esfuerzo.","application_category":[],"applications_title":"","applications_request_title":"","applications_request_button_text":"","hero_text":"","hero_video":"","hero_video_schema_markup":"","selling_points_title":"","selling_points_caption":"","selling_points":[],"selling_points_cta_text":"","features_title":"","features":"","ed_cta_examples_text":"","ed_cta_examples_hidden":"","ed_cta_demo_text":"","ed_cta_demo_hidden":"","why_caption":"","why_editor_title":"","why_editor_text":"","why_team_title":"","why_team_text":"","why_service_title":"","why_service_text":"","template_catalog_visible":"","template_catalog_title":"","template_catalog_text":"","template_catalog_categories_visible":"","demo_title":"Crea tu widget Click to Call","demo_caption":"\u00a1Configure su Click to Call y agr\u00e9guelo a su sitio web iFrame gratis!","default_faq_hidden":"","app_template_category":[],"platform":"2192","template_public_id":"","codecanyon_url":"","codecanyon_item_id":"","codecanyon_price":"","pricing_caption":"","pricing_elfsight_apps_hide_column":"","pricing_elfsight_apps_url":"","pricing_codecanyon_price_caption":"","integration_category":[],"integration_request_title":"","integration_request_cta":"","integration_platform":"","integrations":[],"platform_category":[],"video_schema_markup":"","price":"desde $0 \/ mes","trial":"","benefits":[{"text":"Ayuda de instalaci\u00f3n gratuita"},{"text":"Soporte premium"},{"text":"Garant\u00eda de reembolso de 14 d\u00edas"},{"text":"Futuras mejoras gratuitas"}],"button_url":"#demo","button_target_blank":"","button_nofollow":"","attributes":[{"name":"Instalaciones","content":"10,000 - 100,000"},{"name":"Sensible","content":"S\u00ed"},{"name":"Navegadores compatibles","content":"Chrome, Edge, Opera, Firefox, Safari"}],"tags":[],"tags_disable_links":"","hide_more_platforms":"","video_object":"","demo_hide_cta":"","demo_hide_cloud_options":"","pricing_title":"","pricing":[{"pricing_icon":"platform","pricing_title":"Elfsight Apps","pricing_title_caption":"Soluci\u00f3n multiplataforma que funciona en cualquier sitio web","pricing_price":"desde $0 \/ mes","pricing_price_caption":"comienza con el plan gratuito","pricing_benefits":[{"text":"Sitios web ilimitados"},{"text":"Soporte r\u00e1pido"},{"text":"Asistencia de instalaci\u00f3n gratuita"},{"text":"Precio especial para m\u00faltiples aplicaciones"}],"pricing_button_text":"A\u00f1adir al sitio web","pricing_button_url":"#demo"}],"related_apps_title":"","related_apps_hidden":"","author":"","image":[],"title":"","job":"","social_networks":[]},"_links":{"self":[{"href":"https:\/\/elfsight.com\/es\/wp-json\/wp\/v2\/pages\/8330","targetHints":{"allow":["GET"]}}],"collection":[{"href":"https:\/\/elfsight.com\/es\/wp-json\/wp\/v2\/pages"}],"about":[{"href":"https:\/\/elfsight.com\/es\/wp-json\/wp\/v2\/types\/page"}],"author":[{"embeddable":true,"href":"https:\/\/elfsight.com\/es\/wp-json\/wp\/v2\/users\/9"}],"replies":[{"embeddable":true,"href":"https:\/\/elfsight.com\/es\/wp-json\/wp\/v2\/comments?post=8330"}],"version-history":[{"count":2,"href":"https:\/\/elfsight.com\/es\/wp-json\/wp\/v2\/pages\/8330\/revisions"}],"predecessor-version":[{"id":18574,"href":"https:\/\/elfsight.com\/es\/wp-json\/wp\/v2\/pages\/8330\/revisions\/18574"}],"up":[{"embeddable":true,"href":"https:\/\/elfsight.com\/es\/wp-json\/wp\/v2\/pages\/650"}],"wp:attachment":[{"href":"https:\/\/elfsight.com\/es\/wp-json\/wp\/v2\/media?parent=8330"}],"curies":[{"name":"wp","href":"https:\/\/api.w.org\/{rel}","templated":true}]}}