{"id":8324,"date":"1970-01-01T00:00:00","date_gmt":"1970-01-01T00:00:00","guid":{"rendered":"https:\/\/elfsight.com\/es\/?page_id=8324"},"modified":"2025-02-06T15:38:47","modified_gmt":"2025-02-06T15:38:47","slug":"google-sites","status":"publish","type":"page","link":"https:\/\/elfsight.com\/es\/click-to-call-widget\/google-sites\/","title":{"rendered":"Click To Call &#8211; Google Sites"},"content":{"rendered":"<div class=\"application-platform-content-item-description application-platform-content-item\" id=\"description\" data-nav-section=\"description\"> <h2>Integre Click To Call en Google Sites con el widget Elfsight<\/h2> <p>El widget Elfsight Call para Google Sites es una herramienta eficaz que permite a su audiencia llamarle m\u00e1s r\u00e1pidamente. Los usuarios pueden llamarlo presionando el \u00edcono de contacto en los tel\u00e9fonos inteligentes y en la PC, su n\u00famero aparece llamativo para un acceso telef\u00f3nico simplificado. La burbuja y la ventana de llamada son totalmente ajustables y te permiten crear un estilo totalmente exclusivo de tu herramienta. Eres libre de volver a pintar todos los elementos de tu complemento para que encaje perfectamente con el dise\u00f1o general del sitio web.<\/p> <p><b>\u00a1Prueba el bot\u00f3n Ll\u00e1mame para alcanzar tus picos de comercio electr\u00f3nico m\u00e1s r\u00e1pido!<\/b><\/p> <div class=\"faq\" data-component=\"FAQ\"><div class=\"faq-item\">\r\n\t\t\t\t\t<div class=\"faq-item-question\">\r\n\t\t\t\t\t\t<h3 class=\"faq-item-question-text\">\u00bfD\u00f3nde puedo insertar el bot\u00f3n Llamar?<\/h3>\r\n\r\n\t\t\t\t\t\t<div class=\"faq-item-question-icon\"><\/div>\r\n\t\t\t\t\t<\/div>\r\n\r\n\t\t\t\t\t<div class=\"faq-item-answer\">\r\n\t\t\t\t\t\t<div class=\"faq-item-answer-text\"> <p>Puedes elegir las p\u00e1ginas donde vas a revelar la burbuja de llamada e ingresar sus URL en la secci\u00f3n de configuraci\u00f3n. O puede eliminar p\u00e1ginas espec\u00edficas, tambi\u00e9n por URL.<\/p> <\/div>\r\n\t\t\t\t\t<\/div>\r\n\t\t\t\t<\/div><div class=\"faq-item\">\r\n\t\t\t\t\t<div class=\"faq-item-question\">\r\n\t\t\t\t\t\t<h3 class=\"faq-item-question-text\">\u00bfC\u00f3mo podr\u00eda beneficiarme del widget?<\/h3>\r\n\r\n\t\t\t\t\t\t<div class=\"faq-item-question-icon\"><\/div>\r\n\t\t\t\t\t<\/div>\r\n\r\n\t\t\t\t\t<div class=\"faq-item-answer\">\r\n\t\t\t\t\t\t<div class=\"faq-item-answer-text\"> <p>Una conversaci\u00f3n directa a trav\u00e9s de una llamada telef\u00f3nica ayuda a cambiar a los compradores m\u00e1s probables entre los clientes existentes. Adem\u00e1s, las llamadas con un solo clic y la demostraci\u00f3n del n\u00famero de tel\u00e9fono har\u00e1n que llamarte sea muy f\u00e1cil. <\/p> <\/div>\r\n\t\t\t\t\t<\/div>\r\n\t\t\t\t<\/div> <div class=\"faq-item\">\r\n\t\t\t\t\t<div class=\"faq-item-question\">\r\n\t\t\t\t\t\t<h3 class=\"faq-item-question-text\">\u00bfQu\u00e9 necesito para tener el bot\u00f3n Llamar ahora en mi sitio web de Google Sites?<\/h3>\r\n\r\n\t\t\t\t\t\t<div class=\"faq-item-question-icon\"><\/div>\r\n\t\t\t\t\t<\/div>\r\n\r\n\t\t\t\t\t<div class=\"faq-item-answer\">\r\n\t\t\t\t\t\t<div class=\"faq-item-answer-text\"> <p>Lo \u00fanico que debe hacer es crear su widget, definir los colores y los par\u00e1metros de tama\u00f1o, luego guardar su trabajo y hacer clic para copiar el c\u00f3digo que aparecer\u00e1 en la ventana emergente al final del proceso de producci\u00f3n. Inserte este c\u00f3digo en su sitio web.<\/p> <\/div>\r\n\t\t\t\t\t<\/div>\r\n\t\t\t\t<\/div> <\/div> <\/div> <div class=\"application-platform-content-item-features application-platform-content-item\" id=\"features\" data-nav-section=\"features\"> <h2>Encuentre las siguientes caracter\u00edsticas clave del widget: <\/h2> <ul><li>Marcaci\u00f3n instant\u00e1nea en dispositivos m\u00f3viles; <\/li> <li>Elija una de las tres opciones de ubicaci\u00f3n del widget: flotante a la izquierda, flotante a la derecha o personalizado; <\/li> <li>La opci\u00f3n de demostrar el widget en p\u00e1ginas seleccionadas o excluir p\u00e1ginas web; <\/li> <li>Tres grupos de visitantes a los que mostrarles el widget: todos, nuevos y recurrentes solamente; <\/li> <li> Activadores de widget incorporados: tiempo en la p\u00e1gina, tiempo en el sitio, cantidad de desplazamiento e intento de salida.<\/li> <\/ul><p><a href=\"#demo\">Puedes probar la funcionalidad completa del widget en la demostraci\u00f3n aqu\u00ed mismo<\/a><\/p> <\/div> <div class=\"application-platform-content-item-installation application-platform-content-item\" id=\"installation\" data-nav-section=\"installation\"> <h2>\u00bfC\u00f3mo puedo incrustar el bot\u00f3n Hacer clic para llamar en mi \u00bfGoogle Site?<\/h2> <p>Simplemente siga los pasos que se describen a continuaci\u00f3n para insertar el widget.<\/p> <ol><li><b>Utilice nuestro configurador gratuito y comience a darle forma a su complemento personalizado.<\/b><br> Determine el aspecto y la funcionalidad deseados de la herramienta y aplique las modificaciones.<\/li> <li><b>Obtenga su c\u00f3digo \u00fanico revelado en la ventana de Elfsight Apps.<\/b><br> Una vez finalizada la personalizaci\u00f3n de su widget, copie el c\u00f3digo exclusivo de la ventana emergente emergente y gu\u00e1rdelo para el futuro. uso.<\/li> <li><b>Comience a utilizar el widget Ll\u00e1mame en Google Sites.<\/b><br> Integre el c\u00f3digo guardado anteriormente en su p\u00e1gina de inicio y guarde los ajustes.<\/li> <li><b>La instalaci\u00f3n se realiz\u00f3 con \u00e9xito.<\/b><br> Visite su p\u00e1gina para comprobar el funcionamiento de la herramienta.<\/li><\/ol> [consejo]<b>Debido a las peculiaridades del trabajo de Google Sites, el widget puede tener un aspecto diferente al de la demostraci\u00f3n en l\u00ednea. Nos disculpamos por cualquier inconveniente causado.<\/b>[\/tip]<p>Si experimenta algunas dificultades, no dude en comunicarse con nuestro equipo de atenci\u00f3n al cliente. Nuestros consultores estar\u00e1n encantados de ayudarle con todas las dificultades que pueda tener con la herramienta. <\/p> <\/div>","protected":false},"excerpt":{"rendered":"","protected":false},"author":9,"featured_media":0,"parent":650,"menu_order":0,"comment_status":"closed","ping_status":"closed","template":"templates\/template-application-platform.php","meta":{"publish_to_discourse":"","publish_post_category":"","wpdc_auto_publish_overridden":"","wpdc_topic_tags":"","wpdc_pin_topic":"","wpdc_pin_until":"","discourse_post_id":"","discourse_permalink":"","wpdc_publishing_response":"","wpdc_publishing_error":"","footnotes":""},"class_list":["post-8324","page","type-page","status-publish","hentry"],"yoast_head":"<!-- This site is optimized with the Yoast SEO plugin v25.3.1 - https:\/\/yoast.com\/wordpress\/plugins\/seo\/ -->\n<title>Haga clic para llamar al bot\u00f3n | Agregar el bot\u00f3n Ll\u00e1mame a Google Sites [2025]<\/title>\n<meta name=\"description\" content=\"InsertarImplemente un bot\u00f3n Ll\u00e1mame \u00fatil en sus sitios de Google. Utilice la \u00fatil demostraci\u00f3n de Elfsight y d\u00e9 forma a su complemento de llamada exclusivo en 1-2-3.\" \/>\n<meta name=\"robots\" content=\"index, follow, max-snippet:-1, max-image-preview:large, max-video-preview:-1\" \/>\n<link rel=\"canonical\" href=\"https:\/\/elfsight.com\/es\/click-to-call-widget\/google-sites\/\" \/>\n<meta property=\"og:locale\" content=\"es_ES\" \/>\n<meta property=\"og:type\" content=\"article\" \/>\n<meta property=\"og:title\" content=\"Haga clic para llamar al bot\u00f3n | Agregar el bot\u00f3n Ll\u00e1mame a Google Sites [2025]\" \/>\n<meta property=\"og:description\" content=\"InsertarImplemente un bot\u00f3n Ll\u00e1mame \u00fatil en sus sitios de Google. Utilice la \u00fatil demostraci\u00f3n de Elfsight y d\u00e9 forma a su complemento de llamada exclusivo en 1-2-3.\" \/>\n<meta property=\"og:url\" content=\"https:\/\/elfsight.com\/es\/click-to-call-widget\/google-sites\/\" \/>\n<meta property=\"og:site_name\" content=\"Elfsight ES\" \/>\n<meta property=\"article:modified_time\" content=\"2025-02-06T15:38:47+00:00\" \/>\n<meta name=\"twitter:card\" content=\"summary_large_image\" \/>\n<meta name=\"twitter:label1\" content=\"Tiempo de lectura\" \/>\n\t<meta name=\"twitter:data1\" content=\"3 minutos\" \/>\n<!-- \/ Yoast SEO plugin. -->","yoast_head_json":{"title":"Haga clic para llamar al bot\u00f3n | Agregar el bot\u00f3n Ll\u00e1mame a Google Sites [2025]","description":"InsertarImplemente un bot\u00f3n Ll\u00e1mame \u00fatil en sus sitios de Google. Utilice la \u00fatil demostraci\u00f3n de Elfsight y d\u00e9 forma a su complemento de llamada exclusivo en 1-2-3.","robots":{"index":"index","follow":"follow","max-snippet":"max-snippet:-1","max-image-preview":"max-image-preview:large","max-video-preview":"max-video-preview:-1"},"canonical":"https:\/\/elfsight.com\/es\/click-to-call-widget\/google-sites\/","og_locale":"es_ES","og_type":"article","og_title":"Haga clic para llamar al bot\u00f3n | Agregar el bot\u00f3n Ll\u00e1mame a Google Sites [2025]","og_description":"InsertarImplemente un bot\u00f3n Ll\u00e1mame \u00fatil en sus sitios de Google. Utilice la \u00fatil demostraci\u00f3n de Elfsight y d\u00e9 forma a su complemento de llamada exclusivo en 1-2-3.","og_url":"https:\/\/elfsight.com\/es\/click-to-call-widget\/google-sites\/","og_site_name":"Elfsight ES","article_modified_time":"2025-02-06T15:38:47+00:00","twitter_card":"summary_large_image","twitter_misc":{"Tiempo de lectura":"3 minutos"},"schema":{"@context":"https:\/\/schema.org","@graph":[{"@type":"WebPage","@id":"https:\/\/elfsight.com\/es\/click-to-call-widget\/google-sites\/","url":"https:\/\/elfsight.com\/es\/click-to-call-widget\/google-sites\/","name":"Haga clic para llamar al bot\u00f3n | Agregar el bot\u00f3n Ll\u00e1mame a Google Sites [2025]","isPartOf":{"@id":"https:\/\/elfsight.com\/es\/#website"},"datePublished":"1970-01-01T00:00:00+00:00","dateModified":"2025-02-06T15:38:47+00:00","description":"InsertarImplemente un bot\u00f3n Ll\u00e1mame \u00fatil en sus sitios de Google. Utilice la \u00fatil demostraci\u00f3n de Elfsight y d\u00e9 forma a su complemento de llamada exclusivo en 1-2-3.","breadcrumb":{"@id":"https:\/\/elfsight.com\/es\/click-to-call-widget\/google-sites\/#breadcrumb"},"inLanguage":"es","potentialAction":[{"@type":"ReadAction","target":["https:\/\/elfsight.com\/es\/click-to-call-widget\/google-sites\/"]}]},{"@type":"BreadcrumbList","@id":"https:\/\/elfsight.com\/es\/click-to-call-widget\/google-sites\/#breadcrumb","itemListElement":[{"@type":"ListItem","position":1,"name":"Home","item":"https:\/\/elfsight.com\/es\/"},{"@type":"ListItem","position":2,"name":"Click to Call","item":"https:\/\/elfsight.com\/es\/click-to-call-widget\/"},{"@type":"ListItem","position":3,"name":"Click To Call &#8211; Google Sites"}]},{"@type":"WebSite","@id":"https:\/\/elfsight.com\/es\/#website","url":"https:\/\/elfsight.com\/es\/","name":"Elfsight ES","description":"Just another Elfsight Sites site","potentialAction":[{"@type":"SearchAction","target":{"@type":"EntryPoint","urlTemplate":"https:\/\/elfsight.com\/es\/?s={search_term_string}"},"query-input":{"@type":"PropertyValueSpecification","valueRequired":true,"valueName":"search_term_string"}}],"inLanguage":"es"}]}},"meta_box":{"industry":"","seo_heading":"","heading":"","description":"","cta_heading":"","cta_description":"","application":"649","h1":"Bot\u00f3n de clic para llamar de Google Sites","h1_caption":"Permita que los usuarios se comuniquen con usted al instante con un simple bot\u00f3n de hacer clic para llamar, lo que facilita el acceso directo a sus sitios de Google sin esfuerzo.","application_category":[],"applications_title":"","applications_request_title":"","applications_request_button_text":"","hero_text":"","hero_video":"","hero_video_schema_markup":"","selling_points_title":"","selling_points_caption":"","selling_points":[],"selling_points_cta_text":"","features_title":"","features":"","ed_cta_examples_text":"","ed_cta_examples_hidden":"","ed_cta_demo_text":"","ed_cta_demo_hidden":"","why_caption":"","why_editor_title":"","why_editor_text":"","why_team_title":"","why_team_text":"","why_service_title":"","why_service_text":"","template_catalog_visible":"","template_catalog_title":"","template_catalog_text":"","template_catalog_categories_visible":"","demo_title":"Crea tu widget Click To Call","demo_caption":"\u00a1Configure su Click To Call y agr\u00e9guelo a su sitio web de Google Sites gratis!","default_faq_hidden":"","app_template_category":[],"platform":"67","template_public_id":"","codecanyon_url":"","codecanyon_item_id":"","codecanyon_price":"","pricing_caption":"","pricing_elfsight_apps_hide_column":"","pricing_elfsight_apps_url":"","pricing_codecanyon_price_caption":"","integration_category":[],"integration_request_title":"","integration_request_cta":"","integration_platform":"","integrations":[],"platform_category":[],"video_schema_markup":"","price":"desde $0 \/ mes","trial":"","benefits":[{"text":"Ayuda de instalaci\u00f3n gratuita"},{"text":"Soporte excepcional"},{"text":"Garant\u00eda de devoluci\u00f3n de dinero de 14 d\u00edas"},{"text":"Actualizando constantemente"}],"button_url":"#demo","button_target_blank":"","button_nofollow":"","attributes":[{"name":"Instalaciones","content":"10,000 - 100,000"},{"name":"Sensible","content":"Optimizado para dispositivos m\u00f3viles"},{"name":"Navegadores compatibles","content":"Safari, Firefox, Opera, Chrome, Edge"}],"tags":[],"tags_disable_links":"","hide_more_platforms":"","video_object":"","demo_hide_cta":"","demo_hide_cloud_options":"","pricing_title":"","pricing":[{"pricing_icon":"platform","pricing_title":"Elfsight Apps","pricing_title_caption":"Soluci\u00f3n digital multiplataforma que se adapta a cualquier sitio web","pricing_price":"desde $0 \/ mes","pricing_price_caption":"comienza con el plan gratuito","pricing_benefits":[{"text":"N\u00famero ilimitado de sitios web"},{"text":"Atenci\u00f3n al cliente gratuita"},{"text":"Ayuda de instalaci\u00f3n gratuita"},{"text":"Dise\u00f1o flexible"}],"pricing_button_text":"A\u00f1adir al sitio web","pricing_button_url":"#demo"}],"related_apps_title":"","related_apps_hidden":"","author":"","image":[],"title":"","job":"","social_networks":[]},"_links":{"self":[{"href":"https:\/\/elfsight.com\/es\/wp-json\/wp\/v2\/pages\/8324","targetHints":{"allow":["GET"]}}],"collection":[{"href":"https:\/\/elfsight.com\/es\/wp-json\/wp\/v2\/pages"}],"about":[{"href":"https:\/\/elfsight.com\/es\/wp-json\/wp\/v2\/types\/page"}],"author":[{"embeddable":true,"href":"https:\/\/elfsight.com\/es\/wp-json\/wp\/v2\/users\/9"}],"replies":[{"embeddable":true,"href":"https:\/\/elfsight.com\/es\/wp-json\/wp\/v2\/comments?post=8324"}],"version-history":[{"count":2,"href":"https:\/\/elfsight.com\/es\/wp-json\/wp\/v2\/pages\/8324\/revisions"}],"predecessor-version":[{"id":18576,"href":"https:\/\/elfsight.com\/es\/wp-json\/wp\/v2\/pages\/8324\/revisions\/18576"}],"up":[{"embeddable":true,"href":"https:\/\/elfsight.com\/es\/wp-json\/wp\/v2\/pages\/650"}],"wp:attachment":[{"href":"https:\/\/elfsight.com\/es\/wp-json\/wp\/v2\/media?parent=8324"}],"curies":[{"name":"wp","href":"https:\/\/api.w.org\/{rel}","templated":true}]}}