{"id":8322,"date":"1970-01-01T00:00:00","date_gmt":"1970-01-01T00:00:00","guid":{"rendered":"https:\/\/elfsight.com\/es\/?page_id=8322"},"modified":"2025-02-06T15:38:56","modified_gmt":"2025-02-06T15:38:56","slug":"facebook","status":"publish","type":"page","link":"https:\/\/elfsight.com\/es\/click-to-call-widget\/facebook\/","title":{"rendered":"Click to Call &#8211; Facebook Page"},"content":{"rendered":"<div class=\"application-platform-content-item-description application-platform-content-item\" id=\"description\" data-nav-section=\"description\"><h2>Descripci\u00f3n<\/h2><p>El widget Click To Call para la p\u00e1gina de Facebook es una herramienta efectiva que permite que la audiencia de su sitio web se comunique con usted m\u00e1s r\u00e1pido. Sus visitantes pueden llamarlo presionando la imagen del tel\u00e9fono en el m\u00f3vil y, en cuanto a la PC, su n\u00famero se presenta en negrita para marcarlo m\u00e1s f\u00e1cilmente. La burbuja en s\u00ed y la ventana de dial son extremadamente configurables y le permiten crear un estilo verdaderamente exclusivo del complemento. Adem\u00e1s, eres libre de modificar todas las partes de tu widget para que combine perfectamente con el dise\u00f1o general del sitio web.<\/p><div class=\"faq\" data-component=\"FAQ\"><div class=\"faq-item\">\r\n\t\t\t\t\t<div class=\"faq-item-question\">\r\n\t\t\t\t\t\t<h3 class=\"faq-item-question-text\">\u00bfD\u00f3nde puedo insertar el bot\u00f3n Click to Call?<\/h3>\r\n\r\n\t\t\t\t\t\t<div class=\"faq-item-question-icon\"><\/div>\r\n\t\t\t\t\t<\/div>\r\n\r\n\t\t\t\t\t<div class=\"faq-item-answer\">\r\n\t\t\t\t\t\t<div class=\"faq-item-answer-text\"> <p>Puedes seleccionar las p\u00e1ginas donde deseas mostrar la burbuja telef\u00f3nica e ingresar sus URL en la secci\u00f3n de configuraci\u00f3n. O puede eliminar p\u00e1ginas espec\u00edficas, tambi\u00e9n por URL.<\/p> <\/div>\r\n\t\t\t\t\t<\/div>\r\n\t\t\t\t<\/div><div class=\"faq-item\">\r\n\t\t\t\t\t<div class=\"faq-item-question\">\r\n\t\t\t\t\t\t<h3 class=\"faq-item-question-text\">\u00bfC\u00f3mo podr\u00eda beneficiarme del widget?<\/h3>\r\n\r\n\t\t\t\t\t\t<div class=\"faq-item-question-icon\"><\/div>\r\n\t\t\t\t\t<\/div>\r\n\r\n\t\t\t\t\t<div class=\"faq-item-answer\">\r\n\t\t\t\t\t\t<div class=\"faq-item-answer-text\"> <p>El chat directo por tel\u00e9fono ayuda a convertir m\u00e1s posibles compradores en clientes reales. Adem\u00e1s, una presentaci\u00f3n m\u00e1s sencilla de las llamadas y los n\u00fameros de tel\u00e9fono har\u00e1 que llamarle sea m\u00e1s f\u00e1cil.<\/p> <\/div>\r\n\t\t\t\t\t<\/div>\r\n\t\t\t\t<\/div> <div class=\"faq-item\">\r\n\t\t\t\t\t<div class=\"faq-item-question\">\r\n\t\t\t\t\t\t<h3 class=\"faq-item-question-text\">\u00bfQu\u00e9 necesito para incrustar el bot\u00f3n Llamar ahora en mi p\u00e1gina de Facebook?<\/h3>\r\n\r\n\t\t\t\t\t\t<div class=\"faq-item-question-icon\"><\/div>\r\n\t\t\t\t\t<\/div>\r\n\r\n\t\t\t\t\t<div class=\"faq-item-answer\">\r\n\t\t\t\t\t\t<div class=\"faq-item-answer-text\"> <p>Todo lo que tiene que hacer es dise\u00f1ar su complemento, elegir los colores y los par\u00e1metros de tama\u00f1o, luego guardarlo y copiar el c\u00f3digo que aparecer\u00e1 en la ventana emergente al finalizar el proceso de creaci\u00f3n. Inserta este c\u00f3digo en la plantilla de tu sitio web.<\/p> <\/div>\r\n\t\t\t\t\t<\/div>\r\n\t\t\t\t<\/div> <\/div> <p><b>\u00a1Haz que llamarte desde el sitio sea f\u00e1cil con un solo clic!<\/b><\/p><\/div> <div class=\"application-platform-content-item-features application-platform-content-item\" id=\"features\" data-nav-section=\"features\"><h2>Caracter\u00edsticas<\/h2><p>Para comprender completamente el bot\u00f3n de llamada, consulta la lista de las funciones m\u00e1s importantes. Hacen que nuestro widget sea incre\u00edblemente eficiente para su promoci\u00f3n: <\/p><ul><li>Llamadas telef\u00f3nicas r\u00e1pidas en dispositivos m\u00f3viles; <\/li><li>3 opciones de colocaci\u00f3n de widgets: flotante a la izquierda, flotante a la derecha o personalizado; <\/li><li>La opci\u00f3n de colocar widgets en p\u00e1ginas particulares o excluir p\u00e1ginas web; <\/li><li>3 variantes de usuarios a los que mostrarles el widget: todos, nuevos y solo recurrentes; <\/li><li> Activadores de widgets incorporados: tiempo invertido en la p\u00e1gina, tiempo invertido en la p\u00e1gina, posici\u00f3n de desplazamiento e intenci\u00f3n de salida. <\/li><\/ul><p><a href=\"#demo\">La demostraci\u00f3n en vivo le mostrar\u00e1 todas las funciones<\/a><\/p><\/div> <div class=\"application-platform-content-item-installation application-platform-content-item\" id=\"installation\" data-nav-section=\"installation\"><h2>C\u00f3mo agregar el bot\u00f3n de llamada a su p\u00e1gina comercial de Facebook<\/h2><p> Un par de acciones r\u00e1pidas son lo \u00fanico que necesita hacer para agregar el widget a su p\u00e1gina.<\/p><ol><li><b>Emplee nuestro configurador gratuito y comience a crear su complemento personalizado. <\/b><br> Encuentre el formulario personalizado y la funcionalidad de la herramienta y aplique las ediciones. <\/li> <li><b>Copie el c\u00f3digo individual que se muestra en la ventana de Elfsight Apps. <\/b><br> Cuando finalice la generaci\u00f3n de su herramienta personal, copie el c\u00f3digo individual en el cuadro que aparece y gu\u00e1rdelo para futuras necesidades. <\/li> <li><b>Comience a aplicar la herramienta en el sitio de su p\u00e1gina de Facebook. <\/b><br>Integre el c\u00f3digo que ha guardado recientemente en su p\u00e1gina de inicio y guarde las correcciones. <\/li> <li><b>La instalaci\u00f3n se ha realizado por completo. <\/b><br> Vaya a su sitio web para comprobar c\u00f3mo se est\u00e1 ejecutando el complemento. <\/li><\/ol> <p>\u00bfA\u00fan no te has decidido? \u00bfO tener problemas? Una sola solicitud a nuestro servicio de atenci\u00f3n al cliente resolver\u00e1 cualquier problema.<\/p><\/div>","protected":false},"excerpt":{"rendered":"","protected":false},"author":9,"featured_media":0,"parent":650,"menu_order":0,"comment_status":"closed","ping_status":"closed","template":"templates\/template-application-platform.php","meta":{"publish_to_discourse":"","publish_post_category":"","wpdc_auto_publish_overridden":"","wpdc_topic_tags":"","wpdc_pin_topic":"","wpdc_pin_until":"","discourse_post_id":"","discourse_permalink":"","wpdc_publishing_response":"","wpdc_publishing_error":"","footnotes":""},"class_list":["post-8322","page","type-page","status-publish","hentry"],"yoast_head":"<!-- This site is optimized with the Yoast SEO plugin v25.3.1 - https:\/\/yoast.com\/wordpress\/plugins\/seo\/ -->\n<title>Bot\u00f3n de llamada Facebook | Agregar el bot\u00f3n Hacer clic para llamar a la p\u00e1gina de Facebook (2025)<\/title>\n<meta name=\"description\" content=\"Integre un widget activo de clic para llamar en el sitio de su p\u00e1gina de Facebook. Utilice una demostraci\u00f3n gratuita de Elfsight y cree su complemento personalizado.\" \/>\n<meta name=\"robots\" content=\"index, follow, max-snippet:-1, max-image-preview:large, max-video-preview:-1\" \/>\n<link rel=\"canonical\" href=\"https:\/\/elfsight.com\/es\/click-to-call-widget\/facebook\/\" \/>\n<meta property=\"og:locale\" content=\"es_ES\" \/>\n<meta property=\"og:type\" content=\"article\" \/>\n<meta property=\"og:title\" content=\"Bot\u00f3n de llamada Facebook | Agregar el bot\u00f3n Hacer clic para llamar a la p\u00e1gina de Facebook (2025)\" \/>\n<meta property=\"og:description\" content=\"Integre un widget activo de clic para llamar en el sitio de su p\u00e1gina de Facebook. Utilice una demostraci\u00f3n gratuita de Elfsight y cree su complemento personalizado.\" \/>\n<meta property=\"og:url\" content=\"https:\/\/elfsight.com\/es\/click-to-call-widget\/facebook\/\" \/>\n<meta property=\"og:site_name\" content=\"Elfsight ES\" \/>\n<meta property=\"article:modified_time\" content=\"2025-02-06T15:38:56+00:00\" \/>\n<meta name=\"twitter:card\" content=\"summary_large_image\" \/>\n<meta name=\"twitter:label1\" content=\"Tiempo de lectura\" \/>\n\t<meta name=\"twitter:data1\" content=\"3 minutos\" \/>\n<!-- \/ Yoast SEO plugin. -->","yoast_head_json":{"title":"Bot\u00f3n de llamada Facebook | Agregar el bot\u00f3n Hacer clic para llamar a la p\u00e1gina de Facebook (2025)","description":"Integre un widget activo de clic para llamar en el sitio de su p\u00e1gina de Facebook. Utilice una demostraci\u00f3n gratuita de Elfsight y cree su complemento personalizado.","robots":{"index":"index","follow":"follow","max-snippet":"max-snippet:-1","max-image-preview":"max-image-preview:large","max-video-preview":"max-video-preview:-1"},"canonical":"https:\/\/elfsight.com\/es\/click-to-call-widget\/facebook\/","og_locale":"es_ES","og_type":"article","og_title":"Bot\u00f3n de llamada Facebook | Agregar el bot\u00f3n Hacer clic para llamar a la p\u00e1gina de Facebook (2025)","og_description":"Integre un widget activo de clic para llamar en el sitio de su p\u00e1gina de Facebook. Utilice una demostraci\u00f3n gratuita de Elfsight y cree su complemento personalizado.","og_url":"https:\/\/elfsight.com\/es\/click-to-call-widget\/facebook\/","og_site_name":"Elfsight ES","article_modified_time":"2025-02-06T15:38:56+00:00","twitter_card":"summary_large_image","twitter_misc":{"Tiempo de lectura":"3 minutos"},"schema":{"@context":"https:\/\/schema.org","@graph":[{"@type":"WebPage","@id":"https:\/\/elfsight.com\/es\/click-to-call-widget\/facebook\/","url":"https:\/\/elfsight.com\/es\/click-to-call-widget\/facebook\/","name":"Bot\u00f3n de llamada Facebook | Agregar el bot\u00f3n Hacer clic para llamar a la p\u00e1gina de Facebook (2025)","isPartOf":{"@id":"https:\/\/elfsight.com\/es\/#website"},"datePublished":"1970-01-01T00:00:00+00:00","dateModified":"2025-02-06T15:38:56+00:00","description":"Integre un widget activo de clic para llamar en el sitio de su p\u00e1gina de Facebook. Utilice una demostraci\u00f3n gratuita de Elfsight y cree su complemento personalizado.","breadcrumb":{"@id":"https:\/\/elfsight.com\/es\/click-to-call-widget\/facebook\/#breadcrumb"},"inLanguage":"es","potentialAction":[{"@type":"ReadAction","target":["https:\/\/elfsight.com\/es\/click-to-call-widget\/facebook\/"]}]},{"@type":"BreadcrumbList","@id":"https:\/\/elfsight.com\/es\/click-to-call-widget\/facebook\/#breadcrumb","itemListElement":[{"@type":"ListItem","position":1,"name":"Home","item":"https:\/\/elfsight.com\/es\/"},{"@type":"ListItem","position":2,"name":"Click to Call","item":"https:\/\/elfsight.com\/es\/click-to-call-widget\/"},{"@type":"ListItem","position":3,"name":"Click to Call &#8211; Facebook Page"}]},{"@type":"WebSite","@id":"https:\/\/elfsight.com\/es\/#website","url":"https:\/\/elfsight.com\/es\/","name":"Elfsight ES","description":"Just another Elfsight Sites site","potentialAction":[{"@type":"SearchAction","target":{"@type":"EntryPoint","urlTemplate":"https:\/\/elfsight.com\/es\/?s={search_term_string}"},"query-input":{"@type":"PropertyValueSpecification","valueRequired":true,"valueName":"search_term_string"}}],"inLanguage":"es"}]}},"meta_box":{"industry":"","seo_heading":"","heading":"","description":"","cta_heading":"","cta_description":"","application":"649","h1":"Haga clic para llamar al bot\u00f3n de la p\u00e1gina de Facebook","h1_caption":"Permita que los usuarios se comuniquen con usted al instante con un simple bot\u00f3n de hacer clic para llamar, lo que facilita el acceso directo al sitio web de su p\u00e1gina de Facebook sin esfuerzo.","application_category":[],"applications_title":"","applications_request_title":"","applications_request_button_text":"","hero_text":"","hero_video":"","hero_video_schema_markup":"","selling_points_title":"","selling_points_caption":"","selling_points":[],"selling_points_cta_text":"","features_title":"","features":"","ed_cta_examples_text":"","ed_cta_examples_hidden":"","ed_cta_demo_text":"","ed_cta_demo_hidden":"","why_caption":"","why_editor_title":"","why_editor_text":"","why_team_title":"","why_team_text":"","why_service_title":"","why_service_text":"","template_catalog_visible":"","template_catalog_title":"","template_catalog_text":"","template_catalog_categories_visible":"","demo_title":"Crea tu widget Click to Call","demo_caption":"\u00a1Configure su Click to Call y agr\u00e9guelo al sitio web de su p\u00e1gina de Facebook de forma gratuita!","default_faq_hidden":"","app_template_category":[],"platform":"64","template_public_id":"","codecanyon_url":"","codecanyon_item_id":"","codecanyon_price":"","pricing_caption":"","pricing_elfsight_apps_hide_column":"","pricing_elfsight_apps_url":"","pricing_codecanyon_price_caption":"","integration_category":[],"integration_request_title":"","integration_request_cta":"","integration_platform":"","integrations":[],"platform_category":[],"video_schema_markup":"","price":"desde $0 \/ mes","trial":"","benefits":[{"text":"Ayuda de instalaci\u00f3n gratuita"},{"text":"Atenci\u00f3n al cliente experimentada"},{"text":"Garant\u00eda de reembolso de 14 d\u00edas"},{"text":"Actualizaciones futuras"}],"button_url":"#demo","button_target_blank":"","button_nofollow":"","attributes":[{"name":"Instalaciones","content":"10,000 - 100,000"},{"name":"Sensible","content":"S\u00ed"},{"name":"Navegadores compatibles","content":"Chrome, Safari, Opera, Firefox, Edge"}],"tags":[],"tags_disable_links":"","hide_more_platforms":"","video_object":"","demo_hide_cta":"","demo_hide_cloud_options":"","pricing_title":"","pricing":[{"pricing_icon":"platform","pricing_title":"Elfsight Apps","pricing_title_caption":"Software multiplataforma","pricing_price":"desde $0 \/ mes","pricing_price_caption":"comienza con el plan gratuito","pricing_benefits":[{"text":"Sitios web ilimitados"},{"text":"Soporte premium"},{"text":"Soporte de instalaci\u00f3n gratuito"},{"text":"100% personalizable"}],"pricing_button_text":"A\u00f1adir al sitio web","pricing_button_url":"#demo"}],"related_apps_title":"","related_apps_hidden":"","author":"","image":[],"title":"","job":"","social_networks":[]},"_links":{"self":[{"href":"https:\/\/elfsight.com\/es\/wp-json\/wp\/v2\/pages\/8322","targetHints":{"allow":["GET"]}}],"collection":[{"href":"https:\/\/elfsight.com\/es\/wp-json\/wp\/v2\/pages"}],"about":[{"href":"https:\/\/elfsight.com\/es\/wp-json\/wp\/v2\/types\/page"}],"author":[{"embeddable":true,"href":"https:\/\/elfsight.com\/es\/wp-json\/wp\/v2\/users\/9"}],"replies":[{"embeddable":true,"href":"https:\/\/elfsight.com\/es\/wp-json\/wp\/v2\/comments?post=8322"}],"version-history":[{"count":2,"href":"https:\/\/elfsight.com\/es\/wp-json\/wp\/v2\/pages\/8322\/revisions"}],"predecessor-version":[{"id":18578,"href":"https:\/\/elfsight.com\/es\/wp-json\/wp\/v2\/pages\/8322\/revisions\/18578"}],"up":[{"embeddable":true,"href":"https:\/\/elfsight.com\/es\/wp-json\/wp\/v2\/pages\/650"}],"wp:attachment":[{"href":"https:\/\/elfsight.com\/es\/wp-json\/wp\/v2\/media?parent=8322"}],"curies":[{"name":"wp","href":"https:\/\/api.w.org\/{rel}","templated":true}]}}