{"id":8317,"date":"1970-01-01T00:00:00","date_gmt":"1970-01-01T00:00:00","guid":{"rendered":"https:\/\/elfsight.com\/es\/?page_id=8317"},"modified":"2025-02-06T15:38:56","modified_gmt":"2025-02-06T15:38:56","slug":"elementor","status":"publish","type":"page","link":"https:\/\/elfsight.com\/es\/click-to-call-widget\/elementor\/","title":{"rendered":"Click to Call &#8211; Elementor"},"content":{"rendered":"<div class=\"application-platform-content-item-description application-platform-content-item\" id=\"description\" data-nav-section=\"description\"> <h2>Insertar clic para llamar en Elementor con el widget de Elfsight<\/h2> <p>El bot\u00f3n Llamar ahora de Elementor es el widget m\u00e1s pr\u00e1ctico para su sitio, lo que hace que sea m\u00e1s pr\u00e1ctico para los visitantes comunicarse con usted por tel\u00e9fono. Cuando los usuarios navegan por su sitio en tel\u00e9fonos m\u00f3viles, el widget comienza a marcar su n\u00famero, despu\u00e9s de que una persona hace clic en la burbuja del tel\u00e9fono. Cuando se ve desde computadoras de escritorio, el clic muestra su n\u00famero en la p\u00e1gina y ayuda a los usuarios a iniciar una llamada al instante. No podr\u00e1s simplemente a\u00f1adir tu n\u00famero, sino que tambi\u00e9n mostrar\u00e1 la ventana de llamada con el nombre e imagen de tu persona de contacto y un breve texto. Todas las partes de la ventana de llamada son intercambiables y le permiten dise\u00f1ar varias apariencias de la interfaz. Tambi\u00e9n hay una funci\u00f3n para elegir un activador que har\u00e1 que aparezca la burbuja del tel\u00e9fono y elegir una categor\u00eda de espectadores para quienes aparecer\u00e1.<\/p> <div class=\"faq\" data-component=\"FAQ\"><div class=\"faq-item\">\r\n\t\t\t\t\t<div class=\"faq-item-question\">\r\n\t\t\t\t\t\t<h3 class=\"faq-item-question-text\">\u00bfD\u00f3nde puedo mostrarlo en mi sitio?<\/h3>\r\n\r\n\t\t\t\t\t\t<div class=\"faq-item-question-icon\"><\/div>\r\n\t\t\t\t\t<\/div>\r\n\r\n\t\t\t\t\t<div class=\"faq-item-answer\">\r\n\t\t\t\t\t\t<div class=\"faq-item-answer-text\"> <p>El widget de llamada de Elfsight se puede introducir en cualquier p\u00e1gina de su sitio web o en todas las p\u00e1ginas. En la configuraci\u00f3n de Hacer clic para llamar, puede agregar las URL de p\u00e1ginas separadas donde necesita insertar el bot\u00f3n Llamar ahora en el widget. O aplique la opci\u00f3n Excluir e inserte las URL de las p\u00e1ginas donde necesita restringir la visualizaci\u00f3n del widget. <\/p> <\/div>\r\n\t\t\t\t\t<\/div>\r\n\t\t\t\t<\/div><div class=\"faq-item\">\r\n\t\t\t\t\t<div class=\"faq-item-question\">\r\n\t\t\t\t\t\t<h3 class=\"faq-item-question-text\">\u00bfC\u00f3mo me beneficiar\u00eda el widget de bot\u00f3n de llamada Elementor?<\/h3>\r\n\r\n\t\t\t\t\t\t<div class=\"faq-item-question-icon\"><\/div>\r\n\t\t\t\t\t<\/div>\r\n\r\n\t\t\t\t\t<div class=\"faq-item-answer\">\r\n\t\t\t\t\t\t<div class=\"faq-item-answer-text\"> <p>Puedes comenzar a recibir m\u00e1s llamadas de los usuarios gracias a una forma r\u00e1pida y pr\u00e1ctica de llamarte desde la p\u00e1gina web. Esto le ayudar\u00e1 a obtener m\u00e1s conversaciones personales y a convertir a los usuarios en nuevos clientes. Adem\u00e1s, puede recopilar su base de datos de clientes potenciales. <\/p> <\/div>\r\n\t\t\t\t\t<\/div>\r\n\t\t\t\t<\/div> <div class=\"faq-item\">\r\n\t\t\t\t\t<div class=\"faq-item-question\">\r\n\t\t\t\t\t\t<h3 class=\"faq-item-question-text\">\u00bfC\u00f3mo incorporo el widget de llamada en mi sitio web de Elementor?<\/h3>\r\n\r\n\t\t\t\t\t\t<div class=\"faq-item-question-icon\"><\/div>\r\n\t\t\t\t\t<\/div>\r\n\r\n\t\t\t\t\t<div class=\"faq-item-answer\">\r\n\t\t\t\t\t\t<div class=\"faq-item-answer-text\"> <p>Solo necesitar\u00e1s un minuto para activarlo. La instalaci\u00f3n es s\u00faper r\u00e1pida, gratuita y no requiere codificaci\u00f3n. <\/p> <p>Puede agregar el widget del bot\u00f3n de llamada a su p\u00e1gina web a trav\u00e9s de nuestro servicio. Para hacerlo realice la breve descripci\u00f3n que aparece a continuaci\u00f3n en esta p\u00e1gina. <\/p> <\/div>\r\n\t\t\t\t\t<\/div>\r\n\t\t\t\t<\/div> <\/div> <\/div> <div class=\"application-platform-content-item-features application-platform-content-item\" id=\"features\" data-nav-section=\"features\"> <h2>Caracter\u00edsticas principales del widget Click to Call<\/h2> <p>Para tener un mejor conocimiento de Click to Call, aqu\u00ed tienes una lista de las caracter\u00edsticas esenciales. Hacen que este widget sea incre\u00edblemente eficiente para usted:<\/p> <ul><li>Marcaci\u00f3n con un clic en m\u00f3viles; <\/li> <li>3 opciones de posici\u00f3n del widget: flotante hacia la izquierda o hacia la derecha o personalizada; <\/li> <li>La opci\u00f3n de mostrar el widget en p\u00e1ginas web seleccionadas o excluir p\u00e1ginas web; <\/li> <li>3 grupos de usuarios para ver el widget: todos, nuevos o recurrentes; <\/li> <li> Activadores de apertura de widgets incorporados: tiempo en la p\u00e1gina, tiempo invertido en el sitio web, porcentaje de desplazamiento e intento de abandonar el sitio. <\/li> <\/ul><p><a href=\"#demo\">Para conocer todas las funciones, vea la demostraci\u00f3n en vivo<\/a><\/p> <\/div> <div class=\"application-platform-content-item-installation application-platform-content-item\" id=\"installation\" data-nav-section=\"installation\"> <h2>c\u00f3mo agregar el widget del bot\u00f3n Haga clic para llamar en su sitio web de Elementor<\/h2> <p>Un par de pasos r\u00e1pidos es todo lo que necesita para mostrar el widget.<\/p> <ol><li><b>Dise\u00f1e su complemento de llamada personalizado<\/b><br> Mediante nuestro editor gratuito, obtenga un complemento con una apariencia y caracter\u00edsticas funcionales seleccionadas. <\/li><li><b>Copia el c\u00f3digo individual para configurar el complemento<\/b><br> Despu\u00e9s de haber configurado tu widget, obtendr\u00e1s tu c\u00f3digo personal en la ventana que aparece en Elfsight Apps. C\u00f3pielo para su uso posterior. <\/li><li><b>Agregue el complemento en su sitio web de Elementor<\/b><br> Elija el \u00e1rea donde desea agregar el complemento y pegue el c\u00f3digo copiado all\u00ed. Publicar los cambios. <\/li> <li><b>\u00a1Ya terminaste! <\/b><br>Entra en tu tienda, para comprobar tu plugin. <\/li> <\/ol><p>\u00bfA\u00fan est\u00e1s inquieto? \u00bfO tienes preguntas que hacer? Una sola solicitud a nuestro equipo de soporte resolver\u00e1 cualquier problema. <\/p> <\/div>","protected":false},"excerpt":{"rendered":"","protected":false},"author":9,"featured_media":0,"parent":650,"menu_order":0,"comment_status":"closed","ping_status":"closed","template":"templates\/template-application-platform.php","meta":{"publish_to_discourse":"","publish_post_category":"","wpdc_auto_publish_overridden":"","wpdc_topic_tags":"","wpdc_pin_topic":"","wpdc_pin_until":"","discourse_post_id":"","discourse_permalink":"","wpdc_publishing_response":"","wpdc_publishing_error":"","footnotes":""},"class_list":["post-8317","page","type-page","status-publish","hentry"],"yoast_head":"<!-- This site is optimized with the Yoast SEO plugin v25.3.1 - https:\/\/yoast.com\/wordpress\/plugins\/seo\/ -->\n<title>Agregue el widget del bot\u00f3n Hacer clic para llamar al sitio web de Elementor (2026)<\/title>\n<meta name=\"description\" content=\"Con Elfsight, d\u00e9 forma a su bot\u00f3n Click to Call y agr\u00e9guelo al sitio web de Elementor con facilidad. Disponemos de atenci\u00f3n al cliente gratuita y otros bonos.\" \/>\n<meta name=\"robots\" content=\"index, follow, max-snippet:-1, max-image-preview:large, max-video-preview:-1\" \/>\n<link rel=\"canonical\" href=\"https:\/\/elfsight.com\/es\/click-to-call-widget\/elementor\/\" \/>\n<meta property=\"og:locale\" content=\"es_ES\" \/>\n<meta property=\"og:type\" content=\"article\" \/>\n<meta property=\"og:title\" content=\"Agregue el widget del bot\u00f3n Hacer clic para llamar al sitio web de Elementor (2026)\" \/>\n<meta property=\"og:description\" content=\"Con Elfsight, d\u00e9 forma a su bot\u00f3n Click to Call y agr\u00e9guelo al sitio web de Elementor con facilidad. Disponemos de atenci\u00f3n al cliente gratuita y otros bonos.\" \/>\n<meta property=\"og:url\" content=\"https:\/\/elfsight.com\/es\/click-to-call-widget\/elementor\/\" \/>\n<meta property=\"og:site_name\" content=\"Elfsight ES\" \/>\n<meta property=\"article:modified_time\" content=\"2025-02-06T15:38:56+00:00\" \/>\n<meta name=\"twitter:card\" content=\"summary_large_image\" \/>\n<meta name=\"twitter:label1\" content=\"Tiempo de lectura\" \/>\n\t<meta name=\"twitter:data1\" content=\"4 minutos\" \/>\n<!-- \/ Yoast SEO plugin. -->","yoast_head_json":{"title":"Agregue el widget del bot\u00f3n Hacer clic para llamar al sitio web de Elementor (2026)","description":"Con Elfsight, d\u00e9 forma a su bot\u00f3n Click to Call y agr\u00e9guelo al sitio web de Elementor con facilidad. Disponemos de atenci\u00f3n al cliente gratuita y otros bonos.","robots":{"index":"index","follow":"follow","max-snippet":"max-snippet:-1","max-image-preview":"max-image-preview:large","max-video-preview":"max-video-preview:-1"},"canonical":"https:\/\/elfsight.com\/es\/click-to-call-widget\/elementor\/","og_locale":"es_ES","og_type":"article","og_title":"Agregue el widget del bot\u00f3n Hacer clic para llamar al sitio web de Elementor (2026)","og_description":"Con Elfsight, d\u00e9 forma a su bot\u00f3n Click to Call y agr\u00e9guelo al sitio web de Elementor con facilidad. Disponemos de atenci\u00f3n al cliente gratuita y otros bonos.","og_url":"https:\/\/elfsight.com\/es\/click-to-call-widget\/elementor\/","og_site_name":"Elfsight ES","article_modified_time":"2025-02-06T15:38:56+00:00","twitter_card":"summary_large_image","twitter_misc":{"Tiempo de lectura":"4 minutos"},"schema":{"@context":"https:\/\/schema.org","@graph":[{"@type":"WebPage","@id":"https:\/\/elfsight.com\/es\/click-to-call-widget\/elementor\/","url":"https:\/\/elfsight.com\/es\/click-to-call-widget\/elementor\/","name":"Agregue el widget del bot\u00f3n Hacer clic para llamar al sitio web de Elementor (2026)","isPartOf":{"@id":"https:\/\/elfsight.com\/es\/#website"},"datePublished":"1970-01-01T00:00:00+00:00","dateModified":"2025-02-06T15:38:56+00:00","description":"Con Elfsight, d\u00e9 forma a su bot\u00f3n Click to Call y agr\u00e9guelo al sitio web de Elementor con facilidad. Disponemos de atenci\u00f3n al cliente gratuita y otros bonos.","breadcrumb":{"@id":"https:\/\/elfsight.com\/es\/click-to-call-widget\/elementor\/#breadcrumb"},"inLanguage":"es","potentialAction":[{"@type":"ReadAction","target":["https:\/\/elfsight.com\/es\/click-to-call-widget\/elementor\/"]}]},{"@type":"BreadcrumbList","@id":"https:\/\/elfsight.com\/es\/click-to-call-widget\/elementor\/#breadcrumb","itemListElement":[{"@type":"ListItem","position":1,"name":"Home","item":"https:\/\/elfsight.com\/es\/"},{"@type":"ListItem","position":2,"name":"Click to Call","item":"https:\/\/elfsight.com\/es\/click-to-call-widget\/"},{"@type":"ListItem","position":3,"name":"Click to Call &#8211; Elementor"}]},{"@type":"WebSite","@id":"https:\/\/elfsight.com\/es\/#website","url":"https:\/\/elfsight.com\/es\/","name":"Elfsight ES","description":"Just another Elfsight Sites site","potentialAction":[{"@type":"SearchAction","target":{"@type":"EntryPoint","urlTemplate":"https:\/\/elfsight.com\/es\/?s={search_term_string}"},"query-input":{"@type":"PropertyValueSpecification","valueRequired":true,"valueName":"search_term_string"}}],"inLanguage":"es"}]}},"meta_box":{"industry":"","seo_heading":"","heading":"","description":"","cta_heading":"","cta_description":"","application":"649","h1":"Widget de clic para llamar de Elementor","h1_caption":"Permita que los usuarios se comuniquen con usted instant\u00e1neamente con un simple bot\u00f3n de hacer clic para llamar, lo que facilita el acceso directo a su sitio web de Elementor sin esfuerzo.","application_category":[],"applications_title":"","applications_request_title":"","applications_request_button_text":"","hero_text":"","hero_video":"","hero_video_schema_markup":"","selling_points_title":"","selling_points_caption":"","selling_points":[],"selling_points_cta_text":"","features_title":"","features":"","ed_cta_examples_text":"","ed_cta_examples_hidden":"","ed_cta_demo_text":"","ed_cta_demo_hidden":"","why_caption":"","why_editor_title":"","why_editor_text":"","why_team_title":"","why_team_text":"","why_service_title":"","why_service_text":"","template_catalog_visible":"","template_catalog_title":"","template_catalog_text":"","template_catalog_categories_visible":"","demo_title":"Crea tu widget Click to Call","demo_caption":"\u00a1Configure su Click to Call y agr\u00e9guelo a su sitio web de Elementor gratis!","default_faq_hidden":"","app_template_category":[],"platform":"58","template_public_id":"","codecanyon_url":"","codecanyon_item_id":"","codecanyon_price":"","pricing_caption":"","pricing_elfsight_apps_hide_column":"","pricing_elfsight_apps_url":"","pricing_codecanyon_price_caption":"","integration_category":[],"integration_request_title":"","integration_request_cta":"","integration_platform":"","integrations":[],"platform_category":[],"video_schema_markup":"","price":"desde $0 \/ mes","trial":"","benefits":[{"text":"Ayuda de instalaci\u00f3n gratuita"},{"text":"Servicio al cliente competente"},{"text":"Garant\u00eda de devoluci\u00f3n de dinero de 14 d\u00edas"},{"text":"Actualizaciones continuas"}],"button_url":"#demo","button_target_blank":"","button_nofollow":"","attributes":[{"name":"Instalaciones","content":"10,000 - 100,000"},{"name":"Sensible","content":"S\u00ed"},{"name":"Navegadores compatibles","content":"IE11, Firefox, Safari, Opera, Chrome, Edge"}],"tags":[],"tags_disable_links":"","hide_more_platforms":"","video_object":"","demo_hide_cta":"","demo_hide_cloud_options":"","pricing_title":"","pricing":[{"pricing_icon":"platform","pricing_title":"Elfsight  Apps","pricing_title_caption":"Soluci\u00f3n multiplataforma","pricing_price":"desde $0 \/ mes","pricing_price_caption":"comienza con el plan gratuito","pricing_benefits":[{"text":"Dominios ilimitados"},{"text":"Soporte 24 horas al d\u00eda, 7 d\u00edas a la semana"},{"text":"Asistencia de instalaci\u00f3n gratuita"},{"text":"Oferta especial para m\u00faltiples aplicaciones"}],"pricing_button_text":"A\u00f1adir al sitio web","pricing_button_url":"#demo"}],"related_apps_title":"","related_apps_hidden":"","author":"","image":[],"title":"","job":"","social_networks":[]},"_links":{"self":[{"href":"https:\/\/elfsight.com\/es\/wp-json\/wp\/v2\/pages\/8317","targetHints":{"allow":["GET"]}}],"collection":[{"href":"https:\/\/elfsight.com\/es\/wp-json\/wp\/v2\/pages"}],"about":[{"href":"https:\/\/elfsight.com\/es\/wp-json\/wp\/v2\/types\/page"}],"author":[{"embeddable":true,"href":"https:\/\/elfsight.com\/es\/wp-json\/wp\/v2\/users\/9"}],"replies":[{"embeddable":true,"href":"https:\/\/elfsight.com\/es\/wp-json\/wp\/v2\/comments?post=8317"}],"version-history":[{"count":2,"href":"https:\/\/elfsight.com\/es\/wp-json\/wp\/v2\/pages\/8317\/revisions"}],"predecessor-version":[{"id":18579,"href":"https:\/\/elfsight.com\/es\/wp-json\/wp\/v2\/pages\/8317\/revisions\/18579"}],"up":[{"embeddable":true,"href":"https:\/\/elfsight.com\/es\/wp-json\/wp\/v2\/pages\/650"}],"wp:attachment":[{"href":"https:\/\/elfsight.com\/es\/wp-json\/wp\/v2\/media?parent=8317"}],"curies":[{"name":"wp","href":"https:\/\/api.w.org\/{rel}","templated":true}]}}