{"id":8315,"date":"1970-01-01T00:00:00","date_gmt":"1970-01-01T00:00:00","guid":{"rendered":"https:\/\/elfsight.com\/es\/?page_id=8315"},"modified":"2025-02-06T15:38:56","modified_gmt":"2025-02-06T15:38:56","slug":"blogger","status":"publish","type":"page","link":"https:\/\/elfsight.com\/es\/click-to-call-widget\/blogger\/","title":{"rendered":"Click to Call &#8211; Blogger"},"content":{"rendered":"<div class=\"application-platform-content-item-description application-platform-content-item\" id=\"description\" data-nav-section=\"description\"> <h2>Descripci\u00f3n<\/h2> <p>El bot\u00f3n Llamar ahora de Elfsight es un widget simple para cualquier sitio, que har\u00e1 que sus visitantes lo llamen m\u00e1s r\u00e1pido. Visto desde el m\u00f3vil, el widget comienza a marcar el n\u00famero seleccionado, justo despu\u00e9s de que una persona hace clic en la burbuja del tel\u00e9fono. Cuando se usa desde PC y tabletas, el clic revelar\u00e1 su n\u00famero en la p\u00e1gina y ayudar\u00e1 a los usuarios a llamarlo de inmediato. Existe una opci\u00f3n no solo para mostrar su n\u00famero de tel\u00e9fono, sino tambi\u00e9n para mostrar la ventana de llamada donde los usuarios pueden ver el nombre y la foto de la persona de contacto del cliente y un t\u00edtulo. Todas las partes son flexibles, lo que permite crear apariencias variadas de la interfaz. Tambi\u00e9n puedes asignar un disparador que active la burbuja del tel\u00e9fono y decidir qu\u00e9 categor\u00eda de espectadores la ver\u00e1n. <\/p> <div class=\"faq\" data-component=\"FAQ\"><div class=\"faq-item\">\r\n\t\t\t\t\t<div class=\"faq-item-question\">\r\n\t\t\t\t\t\t<h3 class=\"faq-item-question-text\">\u00bfD\u00f3nde puedo publicar este complemento en mi sitio web?<\/h3>\r\n\r\n\t\t\t\t\t\t<div class=\"faq-item-question-icon\"><\/div>\r\n\t\t\t\t\t<\/div>\r\n\r\n\t\t\t\t\t<div class=\"faq-item-answer\">\r\n\t\t\t\t\t\t<div class=\"faq-item-answer-text\"> <p>Puedes insertarlo en cualquier p\u00e1gina de tu sitio, as\u00ed como en todas las p\u00e1ginas. En la configuraci\u00f3n de Click To Call, puede insertar las URL de las p\u00e1ginas en las que necesita colocar el widget. Alternativamente, use la funci\u00f3n Excluir y agregue las URL de las p\u00e1ginas exactas donde desea prohibir la visualizaci\u00f3n del widget. <\/p> <\/div>\r\n\t\t\t\t\t<\/div>\r\n\t\t\t\t<\/div><div class=\"faq-item\">\r\n\t\t\t\t\t<div class=\"faq-item-question\">\r\n\t\t\t\t\t\t<h3 class=\"faq-item-question-text\">\u00bfC\u00f3mo me beneficiar\u00eda el widget de llamada?<\/h3>\r\n\r\n\t\t\t\t\t\t<div class=\"faq-item-question-icon\"><\/div>\r\n\t\t\t\t\t<\/div>\r\n\r\n\t\t\t\t\t<div class=\"faq-item-answer\">\r\n\t\t\t\t\t\t<div class=\"faq-item-answer-text\"> <p>Puedes empezar a recibir m\u00e1s llamadas de clientes gracias a una forma r\u00e1pida y pr\u00e1ctica de llamarte por tel\u00e9fono, sin salir de la p\u00e1gina web. Puede contribuir a tener conversaciones m\u00e1s directas y convertir a los visitantes en clientes. M\u00e1s a\u00fan, puede recopilar clientes potenciales de su base de clientes. <\/p> <\/div>\r\n\t\t\t\t\t<\/div>\r\n\t\t\t\t<\/div> <div class=\"faq-item\">\r\n\t\t\t\t\t<div class=\"faq-item-question\">\r\n\t\t\t\t\t\t<h3 class=\"faq-item-question-text\">\u00bfC\u00f3mo instalo el widget de llamada en mi sitio web de Blogger?<\/h3>\r\n\r\n\t\t\t\t\t\t<div class=\"faq-item-question-icon\"><\/div>\r\n\t\t\t\t\t<\/div>\r\n\r\n\t\t\t\t\t<div class=\"faq-item-answer\">\r\n\t\t\t\t\t\t<div class=\"faq-item-answer-text\"> <p>Solo necesitas dos minutos de tu tiempo para configurarlo. La integraci\u00f3n es realmente r\u00e1pida, gratuita y no requiere codificaci\u00f3n. <\/p> <p>&gt;Puedes integrar el widget de llamada con tu sitio web directamente en nuestro servicio. Para esto, aplique la gu\u00eda a continuaci\u00f3n en esta p\u00e1gina.<\/p> <\/div>\r\n\t\t\t\t\t<\/div>\r\n\t\t\t\t<\/div> <\/div> <\/div> <div class=\"application-platform-content-item-features application-platform-content-item\" id=\"features\" data-nav-section=\"features\"> <h2>Caracter\u00edsticas<\/h2> <p>Para tener una idea clara del widget, vea la lista de sus funciones m\u00e1s importantes. Hacen que este widget sea incre\u00edblemente beneficioso para ti: <\/p> <ul><li>Marcaci\u00f3n inmediata en m\u00f3viles; <\/li> <li>Seleccione una de las opciones de posici\u00f3n del widget: flotante izquierda o derecha o personalizada; <\/li> <li>La opci\u00f3n de demostrar el widget en p\u00e1ginas web espec\u00edficas o excluir p\u00e1ginas; <\/li> <li>Tres tipos de visitantes para quienes aparecer\u00e1 el widget: todos, nuevos o recurrentes; <\/li> <li> Cuatro activadores de apertura de widgets incorporados: tiempo pasado en la p\u00e1gina, tiempo en el sitio, cantidad de desplazamiento e intento de abandonar el sitio. <\/li> <\/ul><p><a href=\"#demo\">Para explorar m\u00e1s funciones, vea la demostraci\u00f3n<\/a><\/p> <\/div> <div class=\"application-platform-content-item-installation application-platform-content-item\" id=\"installation\" data-nav-section=\"installation\"> <h2>C\u00f3mo agregar el widget Click To Call a su sitio web de Blogger<\/h2> <p>Los pasos a continuaci\u00f3n son lo \u00fanico que debe hacer para activar el widget. <\/p> <ol><li><b>Construya su complemento de llamada personalizado<\/b><br> Con la ayuda de nuestro editor gratuito, cree un complemento con un dise\u00f1o y una funcionalidad personalizados. <\/li><li><b>Reciba el c\u00f3digo individual para instalar el complemento<\/b><br> Despu\u00e9s de haber configurado su widget, obtendr\u00e1 su c\u00f3digo de instalaci\u00f3n en la ventana que aparece en Elfsight Apps. C\u00f3pialo. <\/li> <li><b>Integre el complemento en su sitio de Blogger<\/b><br> Vaya al \u00e1rea en la que planea integrar el complemento y agregue all\u00ed el c\u00f3digo copiado. Publicar las ediciones. <\/li> <li><b>La instalaci\u00f3n ha finalizado<\/b><br> Ingrese a la p\u00e1gina para ver su complemento de llamada. <\/li> <\/ol><p>\u00bfA\u00fan dudas de algo? \u00bfO tener problemas? Una sola solicitud a nuestro departamento de atenci\u00f3n al cliente solucionar\u00e1 cualquier tipo de problema. <\/p> <\/div>","protected":false},"excerpt":{"rendered":"","protected":false},"author":9,"featured_media":0,"parent":650,"menu_order":0,"comment_status":"closed","ping_status":"closed","template":"templates\/template-application-platform.php","meta":{"publish_to_discourse":"","publish_post_category":"","wpdc_auto_publish_overridden":"","wpdc_topic_tags":"","wpdc_pin_topic":"","wpdc_pin_until":"","discourse_post_id":"","discourse_permalink":"","wpdc_publishing_response":"","wpdc_publishing_error":"","footnotes":""},"class_list":["post-8315","page","type-page","status-publish","hentry"],"yoast_head":"<!-- This site is optimized with the Yoast SEO plugin v25.3.1 - https:\/\/yoast.com\/wordpress\/plugins\/seo\/ -->\n<title>Agregue el widget del bot\u00f3n Hacer clic para llamar en el sitio web de Blogger (gratis y r\u00e1pido)<\/title>\n<meta name=\"description\" content=\"Con Elfsight, produzca su Click to Call y agr\u00e9guelo al sitio web de Blogger en poco tiempo. Disponemos de atenci\u00f3n al cliente gratuita y m\u00e1s bonos.\" \/>\n<meta name=\"robots\" content=\"index, follow, max-snippet:-1, max-image-preview:large, max-video-preview:-1\" \/>\n<link rel=\"canonical\" href=\"https:\/\/elfsight.com\/es\/click-to-call-widget\/blogger\/\" \/>\n<meta property=\"og:locale\" content=\"es_ES\" \/>\n<meta property=\"og:type\" content=\"article\" \/>\n<meta property=\"og:title\" content=\"Agregue el widget del bot\u00f3n Hacer clic para llamar en el sitio web de Blogger (gratis y r\u00e1pido)\" \/>\n<meta property=\"og:description\" content=\"Con Elfsight, produzca su Click to Call y agr\u00e9guelo al sitio web de Blogger en poco tiempo. Disponemos de atenci\u00f3n al cliente gratuita y m\u00e1s bonos.\" \/>\n<meta property=\"og:url\" content=\"https:\/\/elfsight.com\/es\/click-to-call-widget\/blogger\/\" \/>\n<meta property=\"og:site_name\" content=\"Elfsight ES\" \/>\n<meta property=\"article:modified_time\" content=\"2025-02-06T15:38:56+00:00\" \/>\n<meta name=\"twitter:card\" content=\"summary_large_image\" \/>\n<meta name=\"twitter:label1\" content=\"Tiempo de lectura\" \/>\n\t<meta name=\"twitter:data1\" content=\"3 minutos\" \/>\n<!-- \/ Yoast SEO plugin. -->","yoast_head_json":{"title":"Agregue el widget del bot\u00f3n Hacer clic para llamar en el sitio web de Blogger (gratis y r\u00e1pido)","description":"Con Elfsight, produzca su Click to Call y agr\u00e9guelo al sitio web de Blogger en poco tiempo. Disponemos de atenci\u00f3n al cliente gratuita y m\u00e1s bonos.","robots":{"index":"index","follow":"follow","max-snippet":"max-snippet:-1","max-image-preview":"max-image-preview:large","max-video-preview":"max-video-preview:-1"},"canonical":"https:\/\/elfsight.com\/es\/click-to-call-widget\/blogger\/","og_locale":"es_ES","og_type":"article","og_title":"Agregue el widget del bot\u00f3n Hacer clic para llamar en el sitio web de Blogger (gratis y r\u00e1pido)","og_description":"Con Elfsight, produzca su Click to Call y agr\u00e9guelo al sitio web de Blogger en poco tiempo. Disponemos de atenci\u00f3n al cliente gratuita y m\u00e1s bonos.","og_url":"https:\/\/elfsight.com\/es\/click-to-call-widget\/blogger\/","og_site_name":"Elfsight ES","article_modified_time":"2025-02-06T15:38:56+00:00","twitter_card":"summary_large_image","twitter_misc":{"Tiempo de lectura":"3 minutos"},"schema":{"@context":"https:\/\/schema.org","@graph":[{"@type":"WebPage","@id":"https:\/\/elfsight.com\/es\/click-to-call-widget\/blogger\/","url":"https:\/\/elfsight.com\/es\/click-to-call-widget\/blogger\/","name":"Agregue el widget del bot\u00f3n Hacer clic para llamar en el sitio web de Blogger (gratis y r\u00e1pido)","isPartOf":{"@id":"https:\/\/elfsight.com\/es\/#website"},"datePublished":"1970-01-01T00:00:00+00:00","dateModified":"2025-02-06T15:38:56+00:00","description":"Con Elfsight, produzca su Click to Call y agr\u00e9guelo al sitio web de Blogger en poco tiempo. Disponemos de atenci\u00f3n al cliente gratuita y m\u00e1s bonos.","breadcrumb":{"@id":"https:\/\/elfsight.com\/es\/click-to-call-widget\/blogger\/#breadcrumb"},"inLanguage":"es","potentialAction":[{"@type":"ReadAction","target":["https:\/\/elfsight.com\/es\/click-to-call-widget\/blogger\/"]}]},{"@type":"BreadcrumbList","@id":"https:\/\/elfsight.com\/es\/click-to-call-widget\/blogger\/#breadcrumb","itemListElement":[{"@type":"ListItem","position":1,"name":"Home","item":"https:\/\/elfsight.com\/es\/"},{"@type":"ListItem","position":2,"name":"Click to Call","item":"https:\/\/elfsight.com\/es\/click-to-call-widget\/"},{"@type":"ListItem","position":3,"name":"Click to Call &#8211; Blogger"}]},{"@type":"WebSite","@id":"https:\/\/elfsight.com\/es\/#website","url":"https:\/\/elfsight.com\/es\/","name":"Elfsight ES","description":"Just another Elfsight Sites site","potentialAction":[{"@type":"SearchAction","target":{"@type":"EntryPoint","urlTemplate":"https:\/\/elfsight.com\/es\/?s={search_term_string}"},"query-input":{"@type":"PropertyValueSpecification","valueRequired":true,"valueName":"search_term_string"}}],"inLanguage":"es"}]}},"meta_box":{"industry":"","seo_heading":"","heading":"","description":"","cta_heading":"","cta_description":"","application":"649","h1":"Widget de clic para llamar de Blogger","h1_caption":"Permita que los usuarios se comuniquen con usted al instante con un simple bot\u00f3n de hacer clic para llamar, lo que facilita el acceso directo a su sitio web de Blogger sin esfuerzo.","application_category":[],"applications_title":"","applications_request_title":"","applications_request_button_text":"","hero_text":"","hero_video":"","hero_video_schema_markup":"","selling_points_title":"","selling_points_caption":"","selling_points":[],"selling_points_cta_text":"","features_title":"","features":"","ed_cta_examples_text":"","ed_cta_examples_hidden":"","ed_cta_demo_text":"","ed_cta_demo_hidden":"","why_caption":"","why_editor_title":"","why_editor_text":"","why_team_title":"","why_team_text":"","why_service_title":"","why_service_text":"","template_catalog_visible":"","template_catalog_title":"","template_catalog_text":"","template_catalog_categories_visible":"","demo_title":"Crea tu widget Click to Call","demo_caption":"\u00a1Configura tu Click to Call y agr\u00e9galo a tu sitio web de Blogger gratis!","default_faq_hidden":"","app_template_category":[],"platform":"39","template_public_id":"","codecanyon_url":"","codecanyon_item_id":"","codecanyon_price":"","pricing_caption":"","pricing_elfsight_apps_hide_column":"","pricing_elfsight_apps_url":"","pricing_codecanyon_price_caption":"","integration_category":[],"integration_request_title":"","integration_request_cta":"","integration_platform":"","integrations":[],"platform_category":[],"video_schema_markup":"","price":"desde $0 \/ mes","trial":"","benefits":[{"text":"Servicio de instalaci\u00f3n gratuito"},{"text":"Servicio al cliente profesional"},{"text":"Garant\u00eda de reembolso de 14 d\u00edas"},{"text":"Actualizando constantemente"}],"button_url":"#demo","button_target_blank":"","button_nofollow":"","attributes":[{"name":"Instalaciones","content":"10,000 - 100,000"},{"name":"Sensible","content":"S\u00ed"},{"name":"Navegadores compatibles","content":"Firefox, Safari, Opera, Chrome, Edge"}],"tags":[],"tags_disable_links":"","hide_more_platforms":"","video_object":"","demo_hide_cta":"","demo_hide_cloud_options":"","pricing_title":"","pricing":[{"pricing_icon":"platform","pricing_title":"Elfsight Apps","pricing_title_caption":"Versi\u00f3n independiente de la plataforma","pricing_price":"desde $0 \/ mes","pricing_price_caption":"comienza con un plan gratuito","pricing_benefits":[{"text":"Sitios web ilimitados"},{"text":"Soporte premium de la empresa y bien documentado."},{"text":"Ayuda de instalaci\u00f3n gratuita"},{"text":"100% personalizable"}],"pricing_button_text":"A\u00f1adir al sitio web","pricing_button_url":"#demo"}],"related_apps_title":"","related_apps_hidden":"","author":"","image":[],"title":"","job":"","social_networks":[]},"_links":{"self":[{"href":"https:\/\/elfsight.com\/es\/wp-json\/wp\/v2\/pages\/8315","targetHints":{"allow":["GET"]}}],"collection":[{"href":"https:\/\/elfsight.com\/es\/wp-json\/wp\/v2\/pages"}],"about":[{"href":"https:\/\/elfsight.com\/es\/wp-json\/wp\/v2\/types\/page"}],"author":[{"embeddable":true,"href":"https:\/\/elfsight.com\/es\/wp-json\/wp\/v2\/users\/9"}],"replies":[{"embeddable":true,"href":"https:\/\/elfsight.com\/es\/wp-json\/wp\/v2\/comments?post=8315"}],"version-history":[{"count":2,"href":"https:\/\/elfsight.com\/es\/wp-json\/wp\/v2\/pages\/8315\/revisions"}],"predecessor-version":[{"id":18581,"href":"https:\/\/elfsight.com\/es\/wp-json\/wp\/v2\/pages\/8315\/revisions\/18581"}],"up":[{"embeddable":true,"href":"https:\/\/elfsight.com\/es\/wp-json\/wp\/v2\/pages\/650"}],"wp:attachment":[{"href":"https:\/\/elfsight.com\/es\/wp-json\/wp\/v2\/media?parent=8315"}],"curies":[{"name":"wp","href":"https:\/\/api.w.org\/{rel}","templated":true}]}}