{"id":8292,"date":"1970-01-01T00:00:00","date_gmt":"1970-01-01T00:00:00","guid":{"rendered":"https:\/\/elfsight.com\/es\/?page_id=8292"},"modified":"2025-02-06T15:39:05","modified_gmt":"2025-02-06T15:39:05","slug":"prestashop","status":"publish","type":"page","link":"https:\/\/elfsight.com\/es\/contact-form-widget\/prestashop\/","title":{"rendered":"Contact Form &#8211; PrestaShop"},"content":{"rendered":"<div class=\"application-platform-content-item-description application-platform-content-item\" id=\"description\" data-nav-section=\"description\"><h2>Formulario de contacto para PrestaShop<\/h2><p>Si est\u00e1 buscando un formulario de contacto personalizado para su sitio web PrestaShop, el complemento gratuito del m\u00f3dulo de formulario de contacto PrestaShop de Elfsight puede ayudarle. Ayuda con los requisitos principales para recopilar comentarios y pedidos de los clientes de su sitio. Simplemente inserte los campos necesarios para completar, busque la plantilla requerida y ajuste la combinaci\u00f3n de colores para motivar a\u00fan m\u00e1s a sus clientes a enviar una rese\u00f1a sobre sus productos o negocio. Reciba rese\u00f1as, reciba pedidos y responda las preguntas de los usuarios de su sitio web con facilidad utilizando nuestro complemento de formulario de contacto de PrestaShop.<\/p><p><b>Reciba comentarios, reciba pedidos y escriba respuestas a los mensajes de los visitantes de su sitio.<\/b><\/p><\/div> <div class=\"application-platform-content-item-features application-platform-content-item\" id=\"features\" data-nav-section=\"features\"> <h2>Caracter\u00edsticas del complemento de formulario de contacto<\/h2> <ul><li>6 plantillas predefinidas dise\u00f1ado para los casos de uso m\u00e1s populares<\/li><li>Cualquier cantidad de campos<\/li><li>Cree no solo formularios de una sola etapa, sino tambi\u00e9n de varios pasos <\/li><li>Descripciones disponibles para cada elemento que se ver\u00e1 debajo del campo<\/li><li>M\u00faltiples direcciones de correo electr\u00f3nico para enviar resultados de llenado <\/li><li>Se agrega soporte invisible para reCAPTCHA al formulario<\/li><li>La URL de la p\u00e1gina donde se envi\u00f3 el formulario se agrega al texto del mensaje. <\/li><\/ul><p><a href=\"#demo\">Simplemente pruebe esta demostraci\u00f3n para ver c\u00f3mo funciona<\/a><\/p> <\/div> <div class=\"application-platform-content-item-installation application-platform-content-item\" id=\"installation\" data-nav-section=\"installation\"> <h2>\u00bfC\u00f3mo agrego un formulario de contacto a mi sitio PrestaShop? <\/h2> <p>Simplemente siga los siguientes pasos que se describen a continuaci\u00f3n para integrar la herramienta. <\/p> <ol><li><b>Emplea nuestro editor gratuito y comienza a darle forma a tu instrumento \u00fanico. <\/b><br> Elija la forma preferible y las caracter\u00edsticas funcionales del complemento y guarde las correcciones. <\/li> <li><b>Adquiera el c\u00f3digo \u00fanico que aparece en el cuadro de Elfsight Apps. <\/b><br> Inmediatamente despu\u00e9s de que finalice la generaci\u00f3n de su complemento, copie el c\u00f3digo exclusivo de la ventana emergente que aparece y gu\u00e1rdelo para su uso posterior. <\/li> <li><b>Comience a utilizar el widget en el sitio web de PrestaShop. <\/b><br>Incrusta el c\u00f3digo guardado anteriormente en tu sitio web y guarda las correcciones. <\/li> <li><b>La instalaci\u00f3n se realiz\u00f3 exitosamente. <\/b><br>Visite su p\u00e1gina para observar c\u00f3mo funciona la herramienta. <\/li><\/ol> <p>A condici\u00f3n de enfrentar preguntas o enfrentar algunos problemas, comun\u00edquese con nuestro personal de soporte. Nuestros asesores estar\u00e1n encantados de resolver todas las dudas que puedas tener con el widget. <\/p> <div class=\"faq\" data-component=\"FAQ\"> <div class=\"faq-item\">\r\n\t\t\t\t\t<div class=\"faq-item-question\">\r\n\t\t\t\t\t\t<h3 class=\"faq-item-question-text\">\u00bfC\u00f3mo agregar un formulario de contacto a mi sitio web PrestaShop sin conocimientos de codificaci\u00f3n?<\/h3>\r\n\r\n\t\t\t\t\t\t<div class=\"faq-item-question-icon\"><\/div>\r\n\t\t\t\t\t<\/div>\r\n\r\n\t\t\t\t\t<div class=\"faq-item-answer\">\r\n\t\t\t\t\t\t<div class=\"faq-item-answer-text\"> <p>Elfsight proporciona una soluci\u00f3n SaaS que le permite crear un widget de formulario de contacto usted mismo. Vea lo f\u00e1cil que es el proceso: trabaje directamente en el editor en l\u00ednea para crear un widget de formulario de contacto que le gustar\u00eda ver en su sitio web PrestaShop. Elija una de las plantillas predise\u00f1adas y ajuste la configuraci\u00f3n del formulario de contacto, agregue su contenido, cambie el dise\u00f1o y la combinaci\u00f3n de colores sin conocimientos de codificaci\u00f3n. Guarde el formulario de contacto y copie su c\u00f3digo de instalaci\u00f3n, que podr\u00e1 pegar en su sitio web PrestaShop sin necesidad de comprar una suscripci\u00f3n paga. Con nuestro editor intuitivo, cualquier usuario de Internet puede crear un widget de formulario de contacto en l\u00ednea e incrustarlo f\u00e1cilmente en su sitio web PrestaShop. No es necesario pagar ni ingresar las credenciales de su tarjeta para acceder al servicio. Si tiene alg\u00fan problema en cualquier paso, no dude en ponerse en contacto con nuestro equipo de soporte t\u00e9cnico.<\/p> <\/div>\r\n\t\t\t\t\t<\/div>\r\n\t\t\t\t<\/div><div class=\"faq-item\">\r\n\t\t\t\t\t<div class=\"faq-item-question\">\r\n\t\t\t\t\t\t<h3 class=\"faq-item-question-text\">\u00bfOfrecen plantillas de formulario de contacto para el sitio web de PrestaShop?<\/h3>\r\n\r\n\t\t\t\t\t\t<div class=\"faq-item-question-icon\"><\/div>\r\n\t\t\t\t\t<\/div>\r\n\r\n\t\t\t\t\t<div class=\"faq-item-answer\">\r\n\t\t\t\t\t\t<div class=\"faq-item-answer-text\"><p>S\u00ed, Elfsight tiene m\u00e1s de 300 plantillas listas para usar para cualquier caso. Echa un vistazo m\u00e1s de cerca a las <a href=\"https:\/\/elfsight.com\/online-form-builder\/templates\/contact-forms\/\">plantillas de formularios de contacto<\/a> y elige la que m\u00e1s te guste.<\/p><\/div>\r\n\t\t\t\t\t<\/div>\r\n\t\t\t\t<\/div> <\/div> <\/div>","protected":false},"excerpt":{"rendered":"","protected":false},"author":9,"featured_media":0,"parent":669,"menu_order":0,"comment_status":"closed","ping_status":"closed","template":"templates\/template-application-platform.php","meta":{"publish_to_discourse":"","publish_post_category":"","wpdc_auto_publish_overridden":"","wpdc_topic_tags":"","wpdc_pin_topic":"","wpdc_pin_until":"","discourse_post_id":"","discourse_permalink":"","wpdc_publishing_response":"","wpdc_publishing_error":"","footnotes":""},"class_list":["post-8292","page","type-page","status-publish","hentry"],"yoast_head":"<!-- This site is optimized with the Yoast SEO plugin v25.3.1 - https:\/\/yoast.com\/wordpress\/plugins\/seo\/ -->\n<title>\u00a1Crea y agrega formulario de contacto en PrestaShop gratis!<\/title>\n<meta name=\"description\" content=\"Cree su complemento de formulario de contacto personal para PrestaShop y agr\u00e9guelo a su sitio en solo 3 minutos. \u00a1Editor gratuito, soporte con configuraci\u00f3n y bonificaciones!\" \/>\n<meta name=\"robots\" content=\"index, follow, max-snippet:-1, max-image-preview:large, max-video-preview:-1\" \/>\n<link rel=\"canonical\" href=\"https:\/\/elfsight.com\/es\/contact-form-widget\/prestashop\/\" \/>\n<meta property=\"og:locale\" content=\"es_ES\" \/>\n<meta property=\"og:type\" content=\"article\" \/>\n<meta property=\"og:title\" content=\"\u00a1Crea y agrega formulario de contacto en PrestaShop gratis!\" \/>\n<meta property=\"og:description\" content=\"Cree su complemento de formulario de contacto personal para PrestaShop y agr\u00e9guelo a su sitio en solo 3 minutos. \u00a1Editor gratuito, soporte con configuraci\u00f3n y bonificaciones!\" \/>\n<meta property=\"og:url\" content=\"https:\/\/elfsight.com\/es\/contact-form-widget\/prestashop\/\" \/>\n<meta property=\"og:site_name\" content=\"Elfsight ES\" \/>\n<meta property=\"article:modified_time\" content=\"2025-02-06T15:39:05+00:00\" \/>\n<meta name=\"twitter:card\" content=\"summary_large_image\" \/>\n<meta name=\"twitter:label1\" content=\"Tiempo de lectura\" \/>\n\t<meta name=\"twitter:data1\" content=\"3 minutos\" \/>\n<!-- \/ Yoast SEO plugin. -->","yoast_head_json":{"title":"\u00a1Crea y agrega formulario de contacto en PrestaShop gratis!","description":"Cree su complemento de formulario de contacto personal para PrestaShop y agr\u00e9guelo a su sitio en solo 3 minutos. \u00a1Editor gratuito, soporte con configuraci\u00f3n y bonificaciones!","robots":{"index":"index","follow":"follow","max-snippet":"max-snippet:-1","max-image-preview":"max-image-preview:large","max-video-preview":"max-video-preview:-1"},"canonical":"https:\/\/elfsight.com\/es\/contact-form-widget\/prestashop\/","og_locale":"es_ES","og_type":"article","og_title":"\u00a1Crea y agrega formulario de contacto en PrestaShop gratis!","og_description":"Cree su complemento de formulario de contacto personal para PrestaShop y agr\u00e9guelo a su sitio en solo 3 minutos. \u00a1Editor gratuito, soporte con configuraci\u00f3n y bonificaciones!","og_url":"https:\/\/elfsight.com\/es\/contact-form-widget\/prestashop\/","og_site_name":"Elfsight ES","article_modified_time":"2025-02-06T15:39:05+00:00","twitter_card":"summary_large_image","twitter_misc":{"Tiempo de lectura":"3 minutos"},"schema":{"@context":"https:\/\/schema.org","@graph":[{"@type":"WebPage","@id":"https:\/\/elfsight.com\/es\/contact-form-widget\/prestashop\/","url":"https:\/\/elfsight.com\/es\/contact-form-widget\/prestashop\/","name":"\u00a1Crea y agrega formulario de contacto en PrestaShop gratis!","isPartOf":{"@id":"https:\/\/elfsight.com\/es\/#website"},"datePublished":"1970-01-01T00:00:00+00:00","dateModified":"2025-02-06T15:39:05+00:00","description":"Cree su complemento de formulario de contacto personal para PrestaShop y agr\u00e9guelo a su sitio en solo 3 minutos. \u00a1Editor gratuito, soporte con configuraci\u00f3n y bonificaciones!","breadcrumb":{"@id":"https:\/\/elfsight.com\/es\/contact-form-widget\/prestashop\/#breadcrumb"},"inLanguage":"es","potentialAction":[{"@type":"ReadAction","target":["https:\/\/elfsight.com\/es\/contact-form-widget\/prestashop\/"]}]},{"@type":"BreadcrumbList","@id":"https:\/\/elfsight.com\/es\/contact-form-widget\/prestashop\/#breadcrumb","itemListElement":[{"@type":"ListItem","position":1,"name":"Home","item":"https:\/\/elfsight.com\/es\/"},{"@type":"ListItem","position":2,"name":"Contact Form","item":"https:\/\/elfsight.com\/es\/contact-form-widget\/"},{"@type":"ListItem","position":3,"name":"Contact Form &#8211; PrestaShop"}]},{"@type":"WebSite","@id":"https:\/\/elfsight.com\/es\/#website","url":"https:\/\/elfsight.com\/es\/","name":"Elfsight ES","description":"Just another Elfsight Sites site","potentialAction":[{"@type":"SearchAction","target":{"@type":"EntryPoint","urlTemplate":"https:\/\/elfsight.com\/es\/?s={search_term_string}"},"query-input":{"@type":"PropertyValueSpecification","valueRequired":true,"valueName":"search_term_string"}}],"inLanguage":"es"}]}},"meta_box":{"industry":"","seo_heading":"","heading":"","description":"","cta_heading":"","cta_description":"","application":"668","h1":"Complemento de formulario de contacto para PrestaShop","h1_caption":"Cree e incruste f\u00e1cilmente formularios de contacto en su sitio web para fomentar la interacci\u00f3n del usuario y las consultas en su sitio web Prestashop sin esfuerzo.","application_category":[],"applications_title":"","applications_request_title":"","applications_request_button_text":"","hero_text":"","hero_video":"","hero_video_schema_markup":"","selling_points_title":"","selling_points_caption":"","selling_points":[],"selling_points_cta_text":"","features_title":"","features":"","ed_cta_examples_text":"","ed_cta_examples_hidden":"","ed_cta_demo_text":"","ed_cta_demo_hidden":"","why_caption":"","why_editor_title":"","why_editor_text":"","why_team_title":"","why_team_text":"","why_service_title":"","why_service_text":"","template_catalog_visible":"","template_catalog_title":"","template_catalog_text":"","template_catalog_categories_visible":"","demo_title":"Crea tu complemento de formulario de contacto","demo_caption":"\u00a1Configura tu formulario de contacto y agr\u00e9galo a tu sitio web PrestaShop gratis!","default_faq_hidden":"","app_template_category":[],"platform":"2250","template_public_id":"","codecanyon_url":"","codecanyon_item_id":"","codecanyon_price":"","pricing_caption":"","pricing_elfsight_apps_hide_column":"","pricing_elfsight_apps_url":"","pricing_codecanyon_price_caption":"","integration_category":[],"integration_request_title":"","integration_request_cta":"","integration_platform":"","integrations":[],"platform_category":[],"video_schema_markup":"","price":"desde $0 \/ mes","trial":"","benefits":[{"text":"Ayuda de instalaci\u00f3n gratuita"},{"text":"Soporte excepcional"},{"text":"Garant\u00eda de devoluci\u00f3n de dinero de 14 d\u00edas"},{"text":"Mejoras gratuitas de por vida"}],"button_url":"#demo","button_target_blank":"","button_nofollow":"","attributes":[{"name":"Instalaciones","content":"100,000 - 500,000"},{"name":"Sensible","content":"S\u00ed"},{"name":"Navegadores compatibles","content":"Firefox, Safari, Opera, Chrome, Edge"}],"tags":[],"tags_disable_links":"","hide_more_platforms":"","video_object":"","demo_hide_cta":"","demo_hide_cloud_options":"","pricing_title":"","pricing":[{"pricing_icon":"platform","pricing_title":"Elfsight Apps","pricing_title_caption":"Versi\u00f3n multiplataforma que funciona en cualquier sitio web","pricing_price":"desde $0 \/ mes","pricing_price_caption":"comienza con un plan gratuito","pricing_benefits":[{"text":"Dominios ilimitados"},{"text":"Soporte empresarial dedicado y bien documentado."},{"text":"Asistencia de instalaci\u00f3n gratuita"},{"text":"Dise\u00f1o flexible"}],"pricing_button_text":"A\u00f1adir al sitio web","pricing_button_url":"#demo"}],"related_apps_title":"","related_apps_hidden":"","author":"","image":[],"title":"","job":"","social_networks":[]},"_links":{"self":[{"href":"https:\/\/elfsight.com\/es\/wp-json\/wp\/v2\/pages\/8292","targetHints":{"allow":["GET"]}}],"collection":[{"href":"https:\/\/elfsight.com\/es\/wp-json\/wp\/v2\/pages"}],"about":[{"href":"https:\/\/elfsight.com\/es\/wp-json\/wp\/v2\/types\/page"}],"author":[{"embeddable":true,"href":"https:\/\/elfsight.com\/es\/wp-json\/wp\/v2\/users\/9"}],"replies":[{"embeddable":true,"href":"https:\/\/elfsight.com\/es\/wp-json\/wp\/v2\/comments?post=8292"}],"version-history":[{"count":2,"href":"https:\/\/elfsight.com\/es\/wp-json\/wp\/v2\/pages\/8292\/revisions"}],"predecessor-version":[{"id":18584,"href":"https:\/\/elfsight.com\/es\/wp-json\/wp\/v2\/pages\/8292\/revisions\/18584"}],"up":[{"embeddable":true,"href":"https:\/\/elfsight.com\/es\/wp-json\/wp\/v2\/pages\/669"}],"wp:attachment":[{"href":"https:\/\/elfsight.com\/es\/wp-json\/wp\/v2\/media?parent=8292"}],"curies":[{"name":"wp","href":"https:\/\/api.w.org\/{rel}","templated":true}]}}