{"id":8282,"date":"1970-01-01T00:00:00","date_gmt":"1970-01-01T00:00:00","guid":{"rendered":"https:\/\/elfsight.com\/es\/?page_id=8282"},"modified":"2025-02-06T15:39:05","modified_gmt":"2025-02-06T15:39:05","slug":"jimdo","status":"publish","type":"page","link":"https:\/\/elfsight.com\/es\/contact-form-widget\/jimdo\/","title":{"rendered":"Contact Form &#8211; Jimdo"},"content":{"rendered":"<div class=\"application-platform-content-item-description application-platform-content-item\" id=\"description\" data-nav-section=\"description\"> <h2>Formulario de contacto para Jimdo<\/h2> <p>Nuestro widget de formulario de contacto de Jimdo: se adapta a todas las posibles necesidades cr\u00edticas a la hora de recibir impresiones y pedidos de los clientes de su sitio web. Muestre los elementos necesarios para completar, ajuste la plantilla deseada y ajuste la interfaz, para incitar a\u00fan m\u00e1s a sus clientes a escribir una rese\u00f1a sobre los productos de su empresa. \u00a1Reciba rese\u00f1as, obtenga pedidos y escriba respuestas a los mensajes de los usuarios de su sitio! <\/p><p><b>Con el formulario de contacto, inicie un crecimiento empresarial sostenible y mejore las ventas.<\/b><\/p> <\/div> <div class=\"application-platform-content-item-features application-platform-content-item\" id=\"features\" data-nav-section=\"features\"> <h2>Complemento de formulario de contacto<\/h2> <ul><li>6 plantillas predefinidas dise\u00f1adas para los casos de uso m\u00e1s populares<\/li><li>Cualquier cantidad de campos<\/li><li>Cree no solo formularios de varios pasos, sino tambi\u00e9n de una sola etapa <\/li><li>Descripciones disponibles para cada elemento que se ver\u00e1 debajo del campo<\/li><li>Varias direcciones de correo electr\u00f3nico para enviar resultados de llenado <\/li><li>Se agrega soporte invisible para reCAPTCHA al formulario<\/li><li>La URL de la p\u00e1gina donde se envi\u00f3 el formulario se agrega al texto del mensaje. <\/li><\/ul><p><a href=\"#demo\">Pruebe esta demostraci\u00f3n para tener una idea completa<\/a><\/p> <\/div> <div class=\"application-platform-content-item-installation application-platform-content-item\" id=\"installation\" data-nav-section=\"installation\"> <h2>\u00bfC\u00f3mo agregar un formulario de contacto a mi p\u00e1gina web de Jimdo? <\/h2> <p>Simplemente siga las pautas a continuaci\u00f3n para insertar el widget. <\/p> <ol><li><b>Utilice nuestra demostraci\u00f3n gratuita y comience a dar forma a su instrumento personalizado. <\/b><br> Encuentre el dise\u00f1o y las caracter\u00edsticas preferibles del widget y guarde las ediciones. <\/li> <li><b>Reciba su c\u00f3digo \u00fanico que se muestra en el formulario especial en Elfsight Apps. <\/b><br> Tan pronto como finalice la configuraci\u00f3n de su herramienta, copie el c\u00f3digo individual en el cuadro que aparece y gu\u00e1rdelo para usarlo en el futuro. <\/li> <li><b>Empieza a utilizar el widget en tu p\u00e1gina de inicio de Jimdo. <\/b><br> Pega el c\u00f3digo copiado recientemente en tu p\u00e1gina web y guarda las mejoras. <\/li> <li><b>La instalaci\u00f3n se realiz\u00f3 exitosamente. <\/b><br> Vaya a su sitio para observar el trabajo del widget. <\/li><\/ol> <p>En caso de tener consultas o tener alg\u00fan problema, no dude en comunicarse con nuestro personal de servicio al cliente. Nuestros especialistas estar\u00e1n encantados de ayudarte con todas las dudas que puedas tener con el widget. <\/p> <div class=\"faq\" data-component=\"FAQ\"> <div class=\"faq-item\">\r\n\t\t\t\t\t<div class=\"faq-item-question\">\r\n\t\t\t\t\t\t<h3 class=\"faq-item-question-text\">\u00bfC\u00f3mo puedo a\u00f1adir un formulario de contacto a mi sitio web Jimdo sin conocimientos de codificaci\u00f3n?<\/h3>\r\n\r\n\t\t\t\t\t\t<div class=\"faq-item-question-icon\"><\/div>\r\n\t\t\t\t\t<\/div>\r\n\r\n\t\t\t\t\t<div class=\"faq-item-answer\">\r\n\t\t\t\t\t\t<div class=\"faq-item-answer-text\"> <p>Elfsight proporciona una soluci\u00f3n SaaS que te permite crear un widget de formulario de contacto t\u00fa mismo. Mira lo f\u00e1cil que es el proceso: trabaja directamente en el editor en l\u00ednea para crear un widget de formulario de contacto que te gustar\u00eda ver en tu sitio web Jimdo. Elija una de las plantillas predise\u00f1adas y ajuste la configuraci\u00f3n del formulario de contacto, agregue su contenido, cambie el dise\u00f1o y los colores sin conocimientos de codificaci\u00f3n. Guarda el formulario de contacto y copia su c\u00f3digo de instalaci\u00f3n, que podr\u00e1s pegar f\u00e1cilmente en tu sitio web Jimdo sin necesidad de comprar una suscripci\u00f3n paga. Con nuestro editor intuitivo, cualquier usuario de Internet puede crear un widget de formulario de contacto online e incrustarlo f\u00e1cilmente en su sitio web Jimdo. No es necesario pagar ni ingresar las credenciales de su tarjeta para acceder al servicio. Si tiene alg\u00fan problema en cualquier paso, no dude en ponerse en contacto con nuestro equipo de soporte t\u00e9cnico.<\/p> <\/div>\r\n\t\t\t\t\t<\/div>\r\n\t\t\t\t<\/div><div class=\"faq-item\">\r\n\t\t\t\t\t<div class=\"faq-item-question\">\r\n\t\t\t\t\t\t<h3 class=\"faq-item-question-text\">\u00bfTiene alguna plantilla de formulario de contacto lista para usar para el sitio web de Jimdo?<\/h3>\r\n\r\n\t\t\t\t\t\t<div class=\"faq-item-question-icon\"><\/div>\r\n\t\t\t\t\t<\/div>\r\n\r\n\t\t\t\t\t<div class=\"faq-item-answer\">\r\n\t\t\t\t\t\t<div class=\"faq-item-answer-text\"><p>S\u00ed, hay una amplia selecci\u00f3n de m\u00e1s de 300 plantillas para ahorrar tiempo al crear un formulario desde cero. Consulte las <a href=\"https:\/\/elfsight.com\/online-form-builder\/templates\/contact-forms\/\">plantillas de formularios de contacto<\/a> para cualquier ocasi\u00f3n y encuentre la que se ajuste a sus expectativas.<\/p><\/div>\r\n\t\t\t\t\t<\/div>\r\n\t\t\t\t<\/div> <\/div> <\/div>","protected":false},"excerpt":{"rendered":"","protected":false},"author":9,"featured_media":0,"parent":669,"menu_order":0,"comment_status":"closed","ping_status":"closed","template":"templates\/template-application-platform.php","meta":{"publish_to_discourse":"","publish_post_category":"","wpdc_auto_publish_overridden":"","wpdc_topic_tags":"","wpdc_pin_topic":"","wpdc_pin_until":"","discourse_post_id":"","discourse_permalink":"","wpdc_publishing_response":"","wpdc_publishing_error":"","footnotes":""},"class_list":["post-8282","page","type-page","status-publish","hentry"],"yoast_head":"<!-- This site is optimized with the Yoast SEO plugin v25.3.1 - https:\/\/yoast.com\/wordpress\/plugins\/seo\/ -->\n<title>\u00a1Crea y a\u00f1ade un formulario de contacto en Jimdo gratis!<\/title>\n<meta name=\"description\" content=\"Crea tu widget de formulario de contacto personal para a\u00f1adir Jimdo a tu sitio en tan solo 3 minutos. \u00a1Editor, soporte y bonificaciones gratuitos de Elfsight!\" \/>\n<meta name=\"robots\" content=\"index, follow, max-snippet:-1, max-image-preview:large, max-video-preview:-1\" \/>\n<link rel=\"canonical\" href=\"https:\/\/elfsight.com\/es\/contact-form-widget\/jimdo\/\" \/>\n<meta property=\"og:locale\" content=\"es_ES\" \/>\n<meta property=\"og:type\" content=\"article\" \/>\n<meta property=\"og:title\" content=\"\u00a1Crea y a\u00f1ade un formulario de contacto en Jimdo gratis!\" \/>\n<meta property=\"og:description\" content=\"Crea tu widget de formulario de contacto personal para a\u00f1adir Jimdo a tu sitio en tan solo 3 minutos. \u00a1Editor, soporte y bonificaciones gratuitos de Elfsight!\" \/>\n<meta property=\"og:url\" content=\"https:\/\/elfsight.com\/es\/contact-form-widget\/jimdo\/\" \/>\n<meta property=\"og:site_name\" content=\"Elfsight ES\" \/>\n<meta property=\"article:modified_time\" content=\"2025-02-06T15:39:05+00:00\" \/>\n<meta name=\"twitter:card\" content=\"summary_large_image\" \/>\n<meta name=\"twitter:label1\" content=\"Tiempo de lectura\" \/>\n\t<meta name=\"twitter:data1\" content=\"3 minutos\" \/>\n<!-- \/ Yoast SEO plugin. -->","yoast_head_json":{"title":"\u00a1Crea y a\u00f1ade un formulario de contacto en Jimdo gratis!","description":"Crea tu widget de formulario de contacto personal para a\u00f1adir Jimdo a tu sitio en tan solo 3 minutos. \u00a1Editor, soporte y bonificaciones gratuitos de Elfsight!","robots":{"index":"index","follow":"follow","max-snippet":"max-snippet:-1","max-image-preview":"max-image-preview:large","max-video-preview":"max-video-preview:-1"},"canonical":"https:\/\/elfsight.com\/es\/contact-form-widget\/jimdo\/","og_locale":"es_ES","og_type":"article","og_title":"\u00a1Crea y a\u00f1ade un formulario de contacto en Jimdo gratis!","og_description":"Crea tu widget de formulario de contacto personal para a\u00f1adir Jimdo a tu sitio en tan solo 3 minutos. \u00a1Editor, soporte y bonificaciones gratuitos de Elfsight!","og_url":"https:\/\/elfsight.com\/es\/contact-form-widget\/jimdo\/","og_site_name":"Elfsight ES","article_modified_time":"2025-02-06T15:39:05+00:00","twitter_card":"summary_large_image","twitter_misc":{"Tiempo de lectura":"3 minutos"},"schema":{"@context":"https:\/\/schema.org","@graph":[{"@type":"WebPage","@id":"https:\/\/elfsight.com\/es\/contact-form-widget\/jimdo\/","url":"https:\/\/elfsight.com\/es\/contact-form-widget\/jimdo\/","name":"\u00a1Crea y a\u00f1ade un formulario de contacto en Jimdo gratis!","isPartOf":{"@id":"https:\/\/elfsight.com\/es\/#website"},"datePublished":"1970-01-01T00:00:00+00:00","dateModified":"2025-02-06T15:39:05+00:00","description":"Crea tu widget de formulario de contacto personal para a\u00f1adir Jimdo a tu sitio en tan solo 3 minutos. \u00a1Editor, soporte y bonificaciones gratuitos de Elfsight!","breadcrumb":{"@id":"https:\/\/elfsight.com\/es\/contact-form-widget\/jimdo\/#breadcrumb"},"inLanguage":"es","potentialAction":[{"@type":"ReadAction","target":["https:\/\/elfsight.com\/es\/contact-form-widget\/jimdo\/"]}]},{"@type":"BreadcrumbList","@id":"https:\/\/elfsight.com\/es\/contact-form-widget\/jimdo\/#breadcrumb","itemListElement":[{"@type":"ListItem","position":1,"name":"Home","item":"https:\/\/elfsight.com\/es\/"},{"@type":"ListItem","position":2,"name":"Contact Form","item":"https:\/\/elfsight.com\/es\/contact-form-widget\/"},{"@type":"ListItem","position":3,"name":"Contact Form &#8211; Jimdo"}]},{"@type":"WebSite","@id":"https:\/\/elfsight.com\/es\/#website","url":"https:\/\/elfsight.com\/es\/","name":"Elfsight ES","description":"Just another Elfsight Sites site","potentialAction":[{"@type":"SearchAction","target":{"@type":"EntryPoint","urlTemplate":"https:\/\/elfsight.com\/es\/?s={search_term_string}"},"query-input":{"@type":"PropertyValueSpecification","valueRequired":true,"valueName":"search_term_string"}}],"inLanguage":"es"}]}},"meta_box":{"industry":"","seo_heading":"","heading":"","description":"","cta_heading":"","cta_description":"","application":"668","h1":"Widget de formulario de contacto para Jimdo","h1_caption":"Crea e integra f\u00e1cilmente formularios de contacto en tu sitio web para fomentar la interacci\u00f3n del usuario y las consultas en tu sitio web Jimdo sin esfuerzo.","application_category":[],"applications_title":"","applications_request_title":"","applications_request_button_text":"","hero_text":"","hero_video":"","hero_video_schema_markup":"","selling_points_title":"","selling_points_caption":"","selling_points":[],"selling_points_cta_text":"","features_title":"","features":"","ed_cta_examples_text":"","ed_cta_examples_hidden":"","ed_cta_demo_text":"","ed_cta_demo_hidden":"","why_caption":"","why_editor_title":"","why_editor_text":"","why_team_title":"","why_team_text":"","why_service_title":"","why_service_text":"","template_catalog_visible":"","template_catalog_title":"","template_catalog_text":"","template_catalog_categories_visible":"","demo_title":"Crea tu widget de formulario de contacto","demo_caption":"\u00a1Configura tu formulario de contacto y a\u00f1\u00e1delo a tu sitio web Jimdo gratis!","default_faq_hidden":"","app_template_category":[],"platform":"2198","template_public_id":"","codecanyon_url":"","codecanyon_item_id":"","codecanyon_price":"","pricing_caption":"","pricing_elfsight_apps_hide_column":"","pricing_elfsight_apps_url":"","pricing_codecanyon_price_caption":"","integration_category":[],"integration_request_title":"","integration_request_cta":"","integration_platform":"","integrations":[],"platform_category":[],"video_schema_markup":"","price":"desde $0 \/ mes","trial":"","benefits":[{"text":"Ayuda de instalaci\u00f3n gratuita"},{"text":"Servicio al cliente profesional"},{"text":"Garant\u00eda de reembolso de 14 d\u00edas"},{"text":"Actualizando constantemente"}],"button_url":"#demo","button_target_blank":"","button_nofollow":"","attributes":[{"name":"Instalaciones","content":"100,000 - 500,000"},{"name":"Sensible","content":"S\u00ed"},{"name":"Navegadores compatibles","content":"Firefox, Safari, Opera, Chrome, Edge"}],"tags":[],"tags_disable_links":"","hide_more_platforms":"","video_object":"","demo_hide_cta":"","demo_hide_cloud_options":"","pricing_title":"","pricing":[{"pricing_icon":"platform","pricing_title":"Elfsight Apps","pricing_title_caption":"Versi\u00f3n multiplataforma que funciona en cualquier sitio web","pricing_price":"desde $0 \/ mes","pricing_price_caption":"comienza con un plan gratuito","pricing_benefits":[{"text":"Sitios web ilimitados"},{"text":"Soporte empresarial dedicado y bien documentado."},{"text":"Asistencia de instalaci\u00f3n gratuita"},{"text":"100% personalizable"}],"pricing_button_text":"A\u00f1adir al sitio web","pricing_button_url":"#demo"}],"related_apps_title":"","related_apps_hidden":"","author":"","image":[],"title":"","job":"","social_networks":[]},"_links":{"self":[{"href":"https:\/\/elfsight.com\/es\/wp-json\/wp\/v2\/pages\/8282","targetHints":{"allow":["GET"]}}],"collection":[{"href":"https:\/\/elfsight.com\/es\/wp-json\/wp\/v2\/pages"}],"about":[{"href":"https:\/\/elfsight.com\/es\/wp-json\/wp\/v2\/types\/page"}],"author":[{"embeddable":true,"href":"https:\/\/elfsight.com\/es\/wp-json\/wp\/v2\/users\/9"}],"replies":[{"embeddable":true,"href":"https:\/\/elfsight.com\/es\/wp-json\/wp\/v2\/comments?post=8282"}],"version-history":[{"count":2,"href":"https:\/\/elfsight.com\/es\/wp-json\/wp\/v2\/pages\/8282\/revisions"}],"predecessor-version":[{"id":18585,"href":"https:\/\/elfsight.com\/es\/wp-json\/wp\/v2\/pages\/8282\/revisions\/18585"}],"up":[{"embeddable":true,"href":"https:\/\/elfsight.com\/es\/wp-json\/wp\/v2\/pages\/669"}],"wp:attachment":[{"href":"https:\/\/elfsight.com\/es\/wp-json\/wp\/v2\/media?parent=8282"}],"curies":[{"name":"wp","href":"https:\/\/api.w.org\/{rel}","templated":true}]}}