{"id":8227,"date":"1970-01-01T00:00:00","date_gmt":"1970-01-01T00:00:00","guid":{"rendered":"https:\/\/elfsight.com\/es\/?page_id=8227"},"modified":"2025-02-06T15:39:14","modified_gmt":"2025-02-06T15:39:14","slug":"jimdo","status":"publish","type":"page","link":"https:\/\/elfsight.com\/es\/cookie-consent-widget\/jimdo\/","title":{"rendered":"Cookie Consent &#8211; Jimdo"},"content":{"rendered":"<div class=\"application-platform-content-item-description application-platform-content-item\" id=\"description\" data-nav-section=\"description\"> <h2>Descripci\u00f3n<\/h2> <p>Con Elfsight Cookie Consent, ser\u00e1 muy f\u00e1cil anunciar a la audiencia que su sitio web tiene cookies en una bonita barra emergente. Este widget le permite escribir su propio mensaje, incluir un enlace a la pol\u00edtica de uso de su sitio web y colocar botones activos para obtener el consentimiento de los usuarios. Puede optar por mostrar el widget en forma de barra de p\u00e1gina o cuadro y elegir cualquier posici\u00f3n para \u00e9l. Adem\u00e1s, las opciones de color le ayudan a que el widget parezca nativo y se integre bien con el concepto de estilo general del sitio. <\/p><p><b>Haga que su sitio tenga m\u00e1s \u00e9xito para los objetivos de comercio electr\u00f3nico con el consentimiento de cookies.<\/b><\/p> <\/div> <div class=\"application-platform-content-item-features application-platform-content-item\" id=\"features\" data-nav-section=\"features\"> <h2>Estas son las caracter\u00edsticas centrales del widget: <\/h2> <ul><li>Notifique a los visitantes del sitio web sobre el uso de cookies en su sitio<\/li><li>Muestre una notificaci\u00f3n simple o solicite un consentimiento<\/li><li>Agregue su propio mensaje de notificaci\u00f3n con formato y enlaces compatibles<\/li><li>Mostrar u ocultar el bot\u00f3n de notificaci\u00f3n<\/li><li>La opci\u00f3n para editar el texto de la etiqueta del bot\u00f3n<\/li><li>Botones Rechazar y Aceptar para el tipo de solicitud de consentimiento<\/li><li>Agregar o eliminar icono de cookie<\/li><li>Elija el dise\u00f1o de barra o cuadro del widget<\/li><\/ul><p><a href=\"#demo\">Puede probar lo que ofrece el widget usando la demostraci\u00f3n<\/a><\/p> <\/div> <div class=\"application-platform-content-item-installation application-platform-content-item\" id=\"installation\" data-nav-section=\"installation\"> <h2>\u00bfC\u00f3mo puedo insertar el consentimiento de cookies en mi sitio Jimdo? <\/h2> <p>Simplemente siga las instrucciones a continuaci\u00f3n para integrar el widget. <\/p> <ol><li><b>Utiliza nuestro editor gratuito y comienza a darle forma a tu widget personalizado. <\/b><br> Especifique el aspecto y los aspectos preferibles del widget y aplique las ediciones. <\/li> <li><b>Copia tu c\u00f3digo \u00fanico que aparece en el formulario especial en Elfsight Apps. <\/b><br> Cuando finalice el establecimiento de su herramienta, copie el c\u00f3digo individual en la ventana que aparece y gu\u00e1rdelo para usarlo en el futuro. <\/li> <li><b>Iniciar el uso del widget en la p\u00e1gina web de Jimdo. <\/b><br>Incrusta el c\u00f3digo que has guardado recientemente en tu p\u00e1gina web y guarda las correcciones. <\/li> <li><b>\u00a1Listo! La incrustaci\u00f3n se realiza con \u00e9xito. <\/b><br> Vaya a su sitio para inspeccionar el rendimiento del widget. <\/li><\/ol> <p>Si tienes alg\u00fan problema, no dudes en escribir a nuestro equipo de atenci\u00f3n al cliente. Nuestros especialistas estar\u00e1n encantados de resolver todas las dificultades que puedas tener con el producto. <\/p><div class=\"faq\" data-component=\"FAQ\"><div class=\"faq-item\">\r\n\t\t\t\t\t<div class=\"faq-item-question\">\r\n\t\t\t\t\t\t<h3 class=\"faq-item-question-text\">\u00bfC\u00f3mo agregar Cookie Consent a mi sitio web Jimdo sin conocimientos de codificaci\u00f3n?<\/h3>\r\n\r\n\t\t\t\t\t\t<div class=\"faq-item-question-icon\"><\/div>\r\n\t\t\t\t\t<\/div>\r\n\r\n\t\t\t\t\t<div class=\"faq-item-answer\">\r\n\t\t\t\t\t\t<div class=\"faq-item-answer-text\"> <p>Elfsight proporciona una soluci\u00f3n SaaS que te permite crear un widget de Cookie Consent t\u00fa mismo. Mira lo f\u00e1cil que es el proceso: trabaja directamente en el editor en l\u00ednea para crear un widget de Cookie Consent que te gustar\u00eda ver en tu sitio web Jimdo. Elija una de las plantillas predise\u00f1adas y ajuste la configuraci\u00f3n de Consentimiento de cookies, agregue su contenido, cambie el dise\u00f1o y los colores sin conocimientos de codificaci\u00f3n. Guarde el Consentimiento de cookies y copie su c\u00f3digo de instalaci\u00f3n, que podr\u00e1 agregar f\u00e1cilmente en su sitio web Jimdo sin necesidad de comprar una suscripci\u00f3n paga. Con nuestro editor intuitivo, cualquier usuario de Internet puede crear un widget de consentimiento de cookies en l\u00ednea e incrustarlo f\u00e1cilmente en su sitio web Jimdo. No es necesario pagar ni ingresar las credenciales de su tarjeta para acceder al servicio. Si tiene alg\u00fan problema en cualquier paso, no dude en ponerse en contacto con nuestro equipo de soporte t\u00e9cnico.<\/p> <\/div>\r\n\t\t\t\t\t<\/div>\r\n\t\t\t\t<\/div> <\/div> <\/div>","protected":false},"excerpt":{"rendered":"","protected":false},"author":9,"featured_media":0,"parent":690,"menu_order":0,"comment_status":"closed","ping_status":"closed","template":"templates\/template-application-platform.php","meta":{"publish_to_discourse":"","publish_post_category":"","wpdc_auto_publish_overridden":"","wpdc_topic_tags":"","wpdc_pin_topic":"","wpdc_pin_until":"","discourse_post_id":"","discourse_permalink":"","wpdc_publishing_response":"","wpdc_publishing_error":"","footnotes":""},"class_list":["post-8227","page","type-page","status-publish","hentry"],"yoast_head":"<!-- This site is optimized with the Yoast SEO plugin v25.3.1 - https:\/\/yoast.com\/wordpress\/plugins\/seo\/ -->\n<title>A\u00f1adir el widget de consentimiento de cookies al sitio web de Jimdo (2025)<\/title>\n<meta name=\"description\" content=\"Con Elfsight, crea tu widget de consentimiento de cookies y publ\u00edcalo en tu sitio web Jimdo. Ofrecemos servicio al cliente gratuito y otras bonificaciones.\" \/>\n<meta name=\"robots\" content=\"index, follow, max-snippet:-1, max-image-preview:large, max-video-preview:-1\" \/>\n<link rel=\"canonical\" href=\"https:\/\/elfsight.com\/es\/cookie-consent-widget\/jimdo\/\" \/>\n<meta property=\"og:locale\" content=\"es_ES\" \/>\n<meta property=\"og:type\" content=\"article\" \/>\n<meta property=\"og:title\" content=\"A\u00f1adir el widget de consentimiento de cookies al sitio web de Jimdo (2025)\" \/>\n<meta property=\"og:description\" content=\"Con Elfsight, crea tu widget de consentimiento de cookies y publ\u00edcalo en tu sitio web Jimdo. Ofrecemos servicio al cliente gratuito y otras bonificaciones.\" \/>\n<meta property=\"og:url\" content=\"https:\/\/elfsight.com\/es\/cookie-consent-widget\/jimdo\/\" \/>\n<meta property=\"og:site_name\" content=\"Elfsight ES\" \/>\n<meta property=\"article:modified_time\" content=\"2025-02-06T15:39:14+00:00\" \/>\n<meta name=\"twitter:card\" content=\"summary_large_image\" \/>\n<meta name=\"twitter:label1\" content=\"Tiempo de lectura\" \/>\n\t<meta name=\"twitter:data1\" content=\"3 minutos\" \/>\n<!-- \/ Yoast SEO plugin. -->","yoast_head_json":{"title":"A\u00f1adir el widget de consentimiento de cookies al sitio web de Jimdo (2025)","description":"Con Elfsight, crea tu widget de consentimiento de cookies y publ\u00edcalo en tu sitio web Jimdo. Ofrecemos servicio al cliente gratuito y otras bonificaciones.","robots":{"index":"index","follow":"follow","max-snippet":"max-snippet:-1","max-image-preview":"max-image-preview:large","max-video-preview":"max-video-preview:-1"},"canonical":"https:\/\/elfsight.com\/es\/cookie-consent-widget\/jimdo\/","og_locale":"es_ES","og_type":"article","og_title":"A\u00f1adir el widget de consentimiento de cookies al sitio web de Jimdo (2025)","og_description":"Con Elfsight, crea tu widget de consentimiento de cookies y publ\u00edcalo en tu sitio web Jimdo. Ofrecemos servicio al cliente gratuito y otras bonificaciones.","og_url":"https:\/\/elfsight.com\/es\/cookie-consent-widget\/jimdo\/","og_site_name":"Elfsight ES","article_modified_time":"2025-02-06T15:39:14+00:00","twitter_card":"summary_large_image","twitter_misc":{"Tiempo de lectura":"3 minutos"},"schema":{"@context":"https:\/\/schema.org","@graph":[{"@type":"WebPage","@id":"https:\/\/elfsight.com\/es\/cookie-consent-widget\/jimdo\/","url":"https:\/\/elfsight.com\/es\/cookie-consent-widget\/jimdo\/","name":"A\u00f1adir el widget de consentimiento de cookies al sitio web de Jimdo (2025)","isPartOf":{"@id":"https:\/\/elfsight.com\/es\/#website"},"datePublished":"1970-01-01T00:00:00+00:00","dateModified":"2025-02-06T15:39:14+00:00","description":"Con Elfsight, crea tu widget de consentimiento de cookies y publ\u00edcalo en tu sitio web Jimdo. Ofrecemos servicio al cliente gratuito y otras bonificaciones.","breadcrumb":{"@id":"https:\/\/elfsight.com\/es\/cookie-consent-widget\/jimdo\/#breadcrumb"},"inLanguage":"es","potentialAction":[{"@type":"ReadAction","target":["https:\/\/elfsight.com\/es\/cookie-consent-widget\/jimdo\/"]}]},{"@type":"BreadcrumbList","@id":"https:\/\/elfsight.com\/es\/cookie-consent-widget\/jimdo\/#breadcrumb","itemListElement":[{"@type":"ListItem","position":1,"name":"Home","item":"https:\/\/elfsight.com\/es\/"},{"@type":"ListItem","position":2,"name":"Cookie Consent","item":"https:\/\/elfsight.com\/es\/cookie-consent-widget\/"},{"@type":"ListItem","position":3,"name":"Cookie Consent &#8211; Jimdo"}]},{"@type":"WebSite","@id":"https:\/\/elfsight.com\/es\/#website","url":"https:\/\/elfsight.com\/es\/","name":"Elfsight ES","description":"Just another Elfsight Sites site","potentialAction":[{"@type":"SearchAction","target":{"@type":"EntryPoint","urlTemplate":"https:\/\/elfsight.com\/es\/?s={search_term_string}"},"query-input":{"@type":"PropertyValueSpecification","valueRequired":true,"valueName":"search_term_string"}}],"inLanguage":"es"}]}},"meta_box":{"industry":"","seo_heading":"","heading":"","description":"","cta_heading":"","cta_description":"","application":"689","h1":"Widget de consentimiento de cookies de Jimdo","h1_caption":"Muestre una notificaci\u00f3n r\u00e1pida de cookies con un bot\u00f3n de aceptaci\u00f3n para los usuarios de su sitio.","application_category":[],"applications_title":"","applications_request_title":"","applications_request_button_text":"","hero_text":"","hero_video":"","hero_video_schema_markup":"","selling_points_title":"","selling_points_caption":"","selling_points":[],"selling_points_cta_text":"","features_title":"","features":"","ed_cta_examples_text":"","ed_cta_examples_hidden":"","ed_cta_demo_text":"","ed_cta_demo_hidden":"","why_caption":"","why_editor_title":"","why_editor_text":"","why_team_title":"","why_team_text":"","why_service_title":"","why_service_text":"","template_catalog_visible":"","template_catalog_title":"","template_catalog_text":"","template_catalog_categories_visible":"","demo_title":"Crea tu widget de consentimiento de cookies","demo_caption":"\u00a1Configura tu Consentimiento de Cookies y a\u00f1\u00e1delo a tu sitio web Jimdo gratis!","default_faq_hidden":"","app_template_category":[],"platform":"2198","template_public_id":"","codecanyon_url":"","codecanyon_item_id":"","codecanyon_price":"","pricing_caption":"","pricing_elfsight_apps_hide_column":"","pricing_elfsight_apps_url":"","pricing_codecanyon_price_caption":"","integration_category":[],"integration_request_title":"","integration_request_cta":"","integration_platform":"","integrations":[],"platform_category":[],"video_schema_markup":"","price":"desde $0 \/ mes","trial":"","benefits":[{"text":"Ayuda de instalaci\u00f3n gratuita"},{"text":"Atenci\u00f3n al cliente experimentada"},{"text":"Garant\u00eda de devoluci\u00f3n de dinero de 14 d\u00edas"},{"text":"Mejoras continuas y gratuitas"}],"button_url":"#demo","button_target_blank":"","button_nofollow":"","attributes":[{"name":"Instalaciones","content":"100,000 - 500,000"},{"name":"Sensible","content":"S\u00ed"},{"name":"Navegadores compatibles","content":"Firefox, Safari, Opera, Chrome, Edge"}],"tags":[],"tags_disable_links":"","hide_more_platforms":"","video_object":"","demo_hide_cta":"","demo_hide_cloud_options":"","pricing_title":"","pricing":[{"pricing_icon":"platform","pricing_title":"Elfsight Apps","pricing_title_caption":"Versi\u00f3n multiplataforma","pricing_price":"desde $0 \/ mes","pricing_price_caption":"comienza con un plan gratuito","pricing_benefits":[{"text":"Sitios web ilimitados"},{"text":"Atenci\u00f3n al cliente dedicada"},{"text":"Servicio de instalaci\u00f3n gratuito"},{"text":"Totalmente personalizable"}],"pricing_button_text":"A\u00f1adir al sitio web","pricing_button_url":"#demo"}],"related_apps_title":"","related_apps_hidden":"","author":"","image":[],"title":"","job":"","social_networks":[]},"_links":{"self":[{"href":"https:\/\/elfsight.com\/es\/wp-json\/wp\/v2\/pages\/8227","targetHints":{"allow":["GET"]}}],"collection":[{"href":"https:\/\/elfsight.com\/es\/wp-json\/wp\/v2\/pages"}],"about":[{"href":"https:\/\/elfsight.com\/es\/wp-json\/wp\/v2\/types\/page"}],"author":[{"embeddable":true,"href":"https:\/\/elfsight.com\/es\/wp-json\/wp\/v2\/users\/9"}],"replies":[{"embeddable":true,"href":"https:\/\/elfsight.com\/es\/wp-json\/wp\/v2\/comments?post=8227"}],"version-history":[{"count":2,"href":"https:\/\/elfsight.com\/es\/wp-json\/wp\/v2\/pages\/8227\/revisions"}],"predecessor-version":[{"id":18587,"href":"https:\/\/elfsight.com\/es\/wp-json\/wp\/v2\/pages\/8227\/revisions\/18587"}],"up":[{"embeddable":true,"href":"https:\/\/elfsight.com\/es\/wp-json\/wp\/v2\/pages\/690"}],"wp:attachment":[{"href":"https:\/\/elfsight.com\/es\/wp-json\/wp\/v2\/media?parent=8227"}],"curies":[{"name":"wp","href":"https:\/\/api.w.org\/{rel}","templated":true}]}}