{"id":8203,"date":"1970-01-01T00:00:00","date_gmt":"1970-01-01T00:00:00","guid":{"rendered":"https:\/\/elfsight.com\/es\/?page_id=8203"},"modified":"2025-02-06T15:39:14","modified_gmt":"2025-02-06T15:39:14","slug":"woocommerce","status":"publish","type":"page","link":"https:\/\/elfsight.com\/es\/viber-chat-widget\/woocommerce\/","title":{"rendered":"Viber Chat &#8211; WooCommerce"},"content":{"rendered":"<div class=\"application-platform-content-item-description application-platform-content-item\" id=\"description\" data-nav-section=\"description\"><h2>Descripci\u00f3n<\/h2><p>Viber Chat de Elfsight es una de las formas m\u00e1s r\u00e1pidas para que las personas se comuniquen con usted mientras permanecen en su sitio web. Cada usuario obtendr\u00e1 r\u00e1pidamente respuestas a sus preguntas o ayuda de su parte. Mant\u00e9ngase disponible en l\u00ednea en uno de los chats m\u00e1s utilizados sin parar. Puede configurar Elfsight Viber Chat para que se muestre en p\u00e1ginas seleccionadas y configurarlo para categor\u00edas particulares de visitantes. El widget tiene amplias posibilidades de personalizaci\u00f3n: elija iniciadores de inicio de chat, cree su mensaje de bienvenida, configure \u00edconos y m\u00e1s.<\/p><p><b>Con Viber Messenger, tenga un desarrollo comercial m\u00e1s r\u00e1pido y aumente las ventas<\/b><\/p><\/div> <div class=\"application-platform-content-item-features application-platform-content-item\" id=\"features\" data-nav-section=\"features\"><h2>Explore la lista de las funciones m\u00e1s poderosas:<\/h2><ul><li>Una colecci\u00f3n de \u00edconos de burbujas para que usted pueda elija;<\/li><li>Opci\u00f3n para editar el texto de la burbuja;<\/li><li>Encabezado de chat flexible con logotipo, nombre y t\u00edtulo de la p\u00e1gina;<\/li><li>Elegir la imagen de la p\u00e1gina de forma predeterminada, de la colecci\u00f3n o cargar su propia imagen;<\/li><li>Usar texto personalizado como t\u00edtulo;<\/li><li>El texto del bot\u00f3n Iniciar chat se puede editar.<\/li><\/ul><p><a href=\"#demo\">Explore todas las funciones de personalizaci\u00f3n al 100 %. demostraci\u00f3n funcional<\/a><\/p><\/div><div class=\"application-platform-content-item-installation application-platform-content-item\" id=\"installation\" data-nav-section=\"installation\"><h2>\u00bfC\u00f3mo agregar Viber Chat a mi sitio web WooCommerce?<\/h2><p>Simplemente aplique las instrucciones a continuaci\u00f3n para activar el complemento.<\/p><ol><li><b>Realice nuestra demostraci\u00f3n gratuita y comience a darle forma a su widget personalizado.<\/b><br> Encuentre el dise\u00f1o y las especificaciones preferibles del complemento y aplique el ediciones.<\/li><li><b>Copie el c\u00f3digo \u00fanico que aparece en el cuadro de Elfsight Apps.<\/b><br> Tan pronto como finalice el establecimiento de su complemento personal, copie el c\u00f3digo personal en la ventana que aparece y gu\u00e1rdelo para su uso posterior.<\/li><li><b>Comience a usar el complemento en su sitio web WooCommerce.<\/b><br> Inserte el c\u00f3digo copiado anteriormente en su p\u00e1gina y aplique las mejoras.<\/li><li><b>La configuraci\u00f3n se realiz\u00f3 con \u00e9xito.<\/b><br> Vaya a su sitio web. para ver el rendimiento del complemento.<\/li><\/ol><p>En caso de que experimente alguna dificultad, comun\u00edquese con nuestro equipo de soporte. Nuestra gente est\u00e1 ansiosa por resolver todos los problemas que pueda tener con el producto.<\/p><div class=\"faq\" data-component=\"FAQ\"> <div class=\"faq-item\">\r\n\t\t\t\t\t<div class=\"faq-item-question\">\r\n\t\t\t\t\t\t<h3 class=\"faq-item-question-text\">\u00bfC\u00f3mo puedo agregar Viber Chat a mi sitio web WooCommerce sin conocimientos de codificaci\u00f3n?<\/h3>\r\n\r\n\t\t\t\t\t\t<div class=\"faq-item-question-icon\"><\/div>\r\n\t\t\t\t\t<\/div>\r\n\r\n\t\t\t\t\t<div class=\"faq-item-answer\">\r\n\t\t\t\t\t\t<div class=\"faq-item-answer-text\"> <p>Elfsight proporciona una soluci\u00f3n SaaS que le permite crear un widget de Viber Chat usted mismo. Vea lo f\u00e1cil que es el proceso: trabaje directamente en el editor en l\u00ednea para crear un widget de Viber Chat que le gustar\u00eda ver en su sitio web WooCommerce. Elija una de las plantillas predise\u00f1adas y ajuste la configuraci\u00f3n de Viber Chat, agregue su contenido, cambie el dise\u00f1o y los colores sin conocimientos de codificaci\u00f3n. Guarde Viber Chat y copie su c\u00f3digo de instalaci\u00f3n, que puede simplemente incluir en su sitio web WooCommerce sin comprar una suscripci\u00f3n paga. Con nuestro editor intuitivo, cualquier usuario de Internet puede crear un widget de Viber Chat en l\u00ednea e incrustarlo f\u00e1cilmente en su sitio web WooCommerce. No es necesario pagar ni ingresar las credenciales de su tarjeta para acceder al servicio. Si tiene alg\u00fan problema en cualquier paso, no dude en ponerse en contacto con nuestro equipo de soporte t\u00e9cnico.<\/p> <\/div>\r\n\t\t\t\t\t<\/div>\r\n\t\t\t\t<\/div> <\/div> <\/div>","protected":false},"excerpt":{"rendered":"","protected":false},"author":9,"featured_media":0,"parent":717,"menu_order":0,"comment_status":"closed","ping_status":"closed","template":"templates\/template-application-platform.php","meta":{"publish_to_discourse":"","publish_post_category":"","wpdc_auto_publish_overridden":"","wpdc_topic_tags":"","wpdc_pin_topic":"","wpdc_pin_until":"","discourse_post_id":"","discourse_permalink":"","wpdc_publishing_response":"","wpdc_publishing_error":"","footnotes":""},"class_list":["post-8203","page","type-page","status-publish","hentry"],"yoast_head":"<!-- This site is optimized with the Yoast SEO plugin v25.3.1 - https:\/\/yoast.com\/wordpress\/plugins\/seo\/ -->\n<title>Complemento WooCommerce Viber Chat para su sitio web (2025)<\/title>\n<meta name=\"description\" content=\"Integre el complemento Viber Chat con el sitio web para una comunicaci\u00f3n mejor e inmediata con los clientes. Pruebe la demostraci\u00f3n de Elfsight para crear su complemento personalizado ahora.\" \/>\n<meta name=\"robots\" content=\"index, follow, max-snippet:-1, max-image-preview:large, max-video-preview:-1\" \/>\n<link rel=\"canonical\" href=\"https:\/\/elfsight.com\/es\/viber-chat-widget\/woocommerce\/\" \/>\n<meta property=\"og:locale\" content=\"es_ES\" \/>\n<meta property=\"og:type\" content=\"article\" \/>\n<meta property=\"og:title\" content=\"Complemento WooCommerce Viber Chat para su sitio web (2025)\" \/>\n<meta property=\"og:description\" content=\"Integre el complemento Viber Chat con el sitio web para una comunicaci\u00f3n mejor e inmediata con los clientes. Pruebe la demostraci\u00f3n de Elfsight para crear su complemento personalizado ahora.\" \/>\n<meta property=\"og:url\" content=\"https:\/\/elfsight.com\/es\/viber-chat-widget\/woocommerce\/\" \/>\n<meta property=\"og:site_name\" content=\"Elfsight ES\" \/>\n<meta property=\"article:modified_time\" content=\"2025-02-06T15:39:14+00:00\" \/>\n<meta name=\"twitter:card\" content=\"summary_large_image\" \/>\n<meta name=\"twitter:label1\" content=\"Tiempo de lectura\" \/>\n\t<meta name=\"twitter:data1\" content=\"3 minutos\" \/>\n<!-- \/ Yoast SEO plugin. -->","yoast_head_json":{"title":"Complemento WooCommerce Viber Chat para su sitio web (2025)","description":"Integre el complemento Viber Chat con el sitio web para una comunicaci\u00f3n mejor e inmediata con los clientes. Pruebe la demostraci\u00f3n de Elfsight para crear su complemento personalizado ahora.","robots":{"index":"index","follow":"follow","max-snippet":"max-snippet:-1","max-image-preview":"max-image-preview:large","max-video-preview":"max-video-preview:-1"},"canonical":"https:\/\/elfsight.com\/es\/viber-chat-widget\/woocommerce\/","og_locale":"es_ES","og_type":"article","og_title":"Complemento WooCommerce Viber Chat para su sitio web (2025)","og_description":"Integre el complemento Viber Chat con el sitio web para una comunicaci\u00f3n mejor e inmediata con los clientes. Pruebe la demostraci\u00f3n de Elfsight para crear su complemento personalizado ahora.","og_url":"https:\/\/elfsight.com\/es\/viber-chat-widget\/woocommerce\/","og_site_name":"Elfsight ES","article_modified_time":"2025-02-06T15:39:14+00:00","twitter_card":"summary_large_image","twitter_misc":{"Tiempo de lectura":"3 minutos"},"schema":{"@context":"https:\/\/schema.org","@graph":[{"@type":"WebPage","@id":"https:\/\/elfsight.com\/es\/viber-chat-widget\/woocommerce\/","url":"https:\/\/elfsight.com\/es\/viber-chat-widget\/woocommerce\/","name":"Complemento WooCommerce Viber Chat para su sitio web (2025)","isPartOf":{"@id":"https:\/\/elfsight.com\/es\/#website"},"datePublished":"1970-01-01T00:00:00+00:00","dateModified":"2025-02-06T15:39:14+00:00","description":"Integre el complemento Viber Chat con el sitio web para una comunicaci\u00f3n mejor e inmediata con los clientes. Pruebe la demostraci\u00f3n de Elfsight para crear su complemento personalizado ahora.","breadcrumb":{"@id":"https:\/\/elfsight.com\/es\/viber-chat-widget\/woocommerce\/#breadcrumb"},"inLanguage":"es","potentialAction":[{"@type":"ReadAction","target":["https:\/\/elfsight.com\/es\/viber-chat-widget\/woocommerce\/"]}]},{"@type":"BreadcrumbList","@id":"https:\/\/elfsight.com\/es\/viber-chat-widget\/woocommerce\/#breadcrumb","itemListElement":[{"@type":"ListItem","position":1,"name":"Home","item":"https:\/\/elfsight.com\/es\/"},{"@type":"ListItem","position":2,"name":"Viber Chat","item":"https:\/\/elfsight.com\/es\/viber-chat-widget\/"},{"@type":"ListItem","position":3,"name":"Viber Chat &#8211; WooCommerce"}]},{"@type":"WebSite","@id":"https:\/\/elfsight.com\/es\/#website","url":"https:\/\/elfsight.com\/es\/","name":"Elfsight ES","description":"Just another Elfsight Sites site","potentialAction":[{"@type":"SearchAction","target":{"@type":"EntryPoint","urlTemplate":"https:\/\/elfsight.com\/es\/?s={search_term_string}"},"query-input":{"@type":"PropertyValueSpecification","valueRequired":true,"valueName":"search_term_string"}}],"inLanguage":"es"}]}},"meta_box":{"industry":"","seo_heading":"","heading":"","description":"","cta_heading":"","cta_description":"","application":"716","h1":"Complemento WooCommerce Viber Chat","h1_caption":"Ofrezca Viber como canal de comunicaci\u00f3n en su sitio web, facilitando que los visitantes accedan a su sitio web WooCommerce sin esfuerzo.","application_category":[],"applications_title":"","applications_request_title":"","applications_request_button_text":"","hero_text":"","hero_video":"","hero_video_schema_markup":"","selling_points_title":"","selling_points_caption":"","selling_points":[],"selling_points_cta_text":"","features_title":"","features":"","ed_cta_examples_text":"","ed_cta_examples_hidden":"","ed_cta_demo_text":"","ed_cta_demo_hidden":"","why_caption":"","why_editor_title":"","why_editor_text":"","why_team_title":"","why_team_text":"","why_service_title":"","why_service_text":"","template_catalog_visible":"","template_catalog_title":"","template_catalog_text":"","template_catalog_categories_visible":"","demo_title":"Crea tu aplicaci\u00f3n Viber Chat","demo_caption":"\u00a1Configure su Viber Chat y agr\u00e9guelo a su sitio web WooCommerce gratis!","default_faq_hidden":"","app_template_category":[],"platform":"2311","template_public_id":"","codecanyon_url":"","codecanyon_item_id":"","codecanyon_price":"","pricing_caption":"","pricing_elfsight_apps_hide_column":"","pricing_elfsight_apps_url":"","pricing_codecanyon_price_caption":"","integration_category":[],"integration_request_title":"","integration_request_cta":"","integration_platform":"","integrations":[],"platform_category":[],"video_schema_markup":"","price":"desde $0 \/ mes","trial":"","benefits":[{"text":"Asistencia de instalaci\u00f3n gratuita"},{"text":"Servicio al cliente competente"},{"text":"Garant\u00eda de devoluci\u00f3n de dinero de 14 d\u00edas"},{"text":"Futuras actualizaciones gratuitas"}],"button_url":"#demo","button_target_blank":"","button_nofollow":"","attributes":[{"name":"Instalaciones","content":"10,000 - 100,000"},{"name":"Sensible","content":"S\u00ed"},{"name":"Navegadores compatibles","content":"Firefox, Safari, Opera, Chrome, Edge"}],"tags":[],"tags_disable_links":"","hide_more_platforms":"","video_object":"","demo_hide_cta":"","demo_hide_cloud_options":"","pricing_title":"","pricing":[{"pricing_icon":"platform","pricing_title":"Elfsight Apps","pricing_title_caption":"Software multiplataforma que funciona en cualquier sitio","pricing_price":"desde $0 \/ mes","pricing_price_caption":"comienza con un plan gratuito","pricing_benefits":[{"text":"Dominios ilimitados"},{"text":"Soporte dedicado"},{"text":"Soporte de instalaci\u00f3n gratuito"},{"text":"Dise\u00f1o flexible"}],"pricing_button_text":"A\u00f1adir al sitio web","pricing_button_url":"#demo"}],"related_apps_title":"","related_apps_hidden":"","author":"","image":[],"title":"","job":"","social_networks":[]},"_links":{"self":[{"href":"https:\/\/elfsight.com\/es\/wp-json\/wp\/v2\/pages\/8203","targetHints":{"allow":["GET"]}}],"collection":[{"href":"https:\/\/elfsight.com\/es\/wp-json\/wp\/v2\/pages"}],"about":[{"href":"https:\/\/elfsight.com\/es\/wp-json\/wp\/v2\/types\/page"}],"author":[{"embeddable":true,"href":"https:\/\/elfsight.com\/es\/wp-json\/wp\/v2\/users\/9"}],"replies":[{"embeddable":true,"href":"https:\/\/elfsight.com\/es\/wp-json\/wp\/v2\/comments?post=8203"}],"version-history":[{"count":2,"href":"https:\/\/elfsight.com\/es\/wp-json\/wp\/v2\/pages\/8203\/revisions"}],"predecessor-version":[{"id":18588,"href":"https:\/\/elfsight.com\/es\/wp-json\/wp\/v2\/pages\/8203\/revisions\/18588"}],"up":[{"embeddable":true,"href":"https:\/\/elfsight.com\/es\/wp-json\/wp\/v2\/pages\/717"}],"wp:attachment":[{"href":"https:\/\/elfsight.com\/es\/wp-json\/wp\/v2\/media?parent=8203"}],"curies":[{"name":"wp","href":"https:\/\/api.w.org\/{rel}","templated":true}]}}