{"id":8202,"date":"1970-01-01T00:00:00","date_gmt":"1970-01-01T00:00:00","guid":{"rendered":"https:\/\/elfsight.com\/es\/?page_id=8202"},"modified":"2025-02-06T15:39:14","modified_gmt":"2025-02-06T15:39:14","slug":"wix","status":"publish","type":"page","link":"https:\/\/elfsight.com\/es\/viber-chat-widget\/wix\/","title":{"rendered":"Viber Chat &#8211; Wix"},"content":{"rendered":"<div class=\"application-platform-content-item-description application-platform-content-item\" id=\"description\" data-nav-section=\"description\"> <h2>Descripci\u00f3n<\/h2><p>Elfsight Viber Chat es una de las posibilidades m\u00e1s r\u00e1pidas para que las personas se comuniquen con usted a trav\u00e9s de su sitio web. Cada usuario obtendr\u00e1 r\u00e1pidamente soluciones a sus consultas o ayuda de su parte. Podr\u00e1s permanecer disponible en l\u00ednea en uno de los mensajeros m\u00e1s utilizados sin parar. Puede configurar Elfsight Viber Chat para que se muestre en p\u00e1ginas seleccionadas y dirigirlo a ciertos grupos de audiencia. Hay muchas opciones de personalizaci\u00f3n: elige activadores de inicio de chat, escribe tu mensaje de bienvenida, selecciona \u00edconos y m\u00e1s. Al usar Viber Chat en tu p\u00e1gina, permanecer\u00e1s conectado con las personas en cualquier momento y en cualquier ubicaci\u00f3n.<\/p><p><b>\u00a1Inicia Viber Chat para afrontar tus desaf\u00edos comerciales de manera m\u00e1s eficiente!<\/b><\/p><\/div> <div class=\"application-platform-content-item-features application-platform-content-item\" id=\"features\" data-nav-section=\"features\"> <h2>Consulta la lista de las funciones m\u00e1s \u00fatiles:<\/h2><ul><li>Una colecci\u00f3n de \u00edconos de burbujas para elegir<\/li><li>Burbuja editable texto<\/li><li>Encabezado de FlexibleChat con logotipo, nombre y t\u00edtulo de la p\u00e1gina<\/li><li>Configurar la imagen de la p\u00e1gina de forma predeterminada, desde nuestra biblioteca o cargar su propia imagen<\/li><li>Configurar texto personalizado como t\u00edtulo del chat<\/li><li>Mensaje de bienvenida editable con opciones de formato y enlaces<\/li><\/ul><p><a href=\"#demo\">Pruebe esta demostraci\u00f3n para tener una idea completa<\/a><\/p><\/div> <div class=\"application-platform-content-item-installation application-platform-content-item\" id=\"installation\" data-nav-section=\"installation\"> <h2>\u00bfC\u00f3mo agrego Viber Chat a mi Wix?<\/h2><p>Simplemente siga varios pasos que se detallan a continuaci\u00f3n para insertar el complemento.<\/p><ol><li><b>Emplee nuestra demostraci\u00f3n gratuita y comience a crear su complemento personalizado.<\/b><br>Especifique el dise\u00f1o y las caracter\u00edsticas adecuados del complemento y guarde las ediciones.<\/li><li><b>Copia el c\u00f3digo \u00fanico que se muestra en el formulario especial en Aplicaciones Elfsight<\/b><br>Inmediatamente despu\u00e9s de generar su widget, copie el c\u00f3digo individual en la ventana emergente que aparece y gu\u00e1rdelo para futuras ocasiones.<\/li><li><b>Comience a usar la herramienta en su p\u00e1gina de inicio de Wix<\/b><br>Agregue el c\u00f3digo guardado anteriormente en su p\u00e1gina y guarde las modificaciones.<\/li><li><b>La instalaci\u00f3n se realiz\u00f3 exitosamente<\/b><br>Visite su p\u00e1gina para inspeccionar c\u00f3mo se est\u00e1 ejecutando el complemento.<\/li><\/ol><p>En condiciones de Ante consultas o superando algunos obst\u00e1culos, no dude en ponerse en contacto con nuestro personal de atenci\u00f3n al cliente. Nuestros consultores desean ayudarte con todas las dificultades que puedas tener con el widget.<\/p><div class=\"faq\" data-component=\"FAQ\"> <div class=\"faq-item\">\r\n\t\t\t\t\t<div class=\"faq-item-question\">\r\n\t\t\t\t\t\t<h3 class=\"faq-item-question-text\">\u00bfQu\u00e9 otros widgets para Wix puedes ofrecer?<\/h3>\r\n\r\n\t\t\t\t\t\t<div class=\"faq-item-question-icon\"><\/div>\r\n\t\t\t\t\t<\/div>\r\n\r\n\t\t\t\t\t<div class=\"faq-item-answer\">\r\n\t\t\t\t\t\t<div class=\"faq-item-answer-text\"> <p>Hay muchos widgets de Wix que pueden mejorar f\u00e1cilmente tu sitio web. Por ejemplo, hay otros widgets de chat como <a href=\"https:\/\/elfsight.com\/facebook-chat-widget\/wix\/\" target=\"_blank\" rel=\"noopener\">Facebook Chat<\/a>, <a href=\"https:\/\/elfsight.com\/telegram-chat-widget\/wix\/\" target=\"_blank\" rel=\"noopener\">Telegram Chat<\/a>, <a href=\"https:\/\/elfsight.com\/whatsapp-chat-widget\/wix\/\" target=\"_blank\" rel=\"noopener\">Chat de WhatsApp<\/a>. Todos ellos son f\u00e1ciles de implementar y pueden mejorar enormemente el rendimiento de su sitio web.<\/p><\/div>\r\n\t\t\t\t\t<\/div>\r\n\t\t\t\t<\/div> <\/div> <\/div>","protected":false},"excerpt":{"rendered":"","protected":false},"author":9,"featured_media":0,"parent":717,"menu_order":0,"comment_status":"closed","ping_status":"closed","template":"templates\/template-application-platform.php","meta":{"publish_to_discourse":"","publish_post_category":"","wpdc_auto_publish_overridden":"","wpdc_topic_tags":"","wpdc_pin_topic":"","wpdc_pin_until":"","discourse_post_id":"","discourse_permalink":"","wpdc_publishing_response":"","wpdc_publishing_error":"","footnotes":""},"class_list":["post-8202","page","type-page","status-publish","hentry"],"yoast_head":"<!-- This site is optimized with the Yoast SEO plugin v25.3.1 - https:\/\/yoast.com\/wordpress\/plugins\/seo\/ -->\n<title>Agregue Viber Chat al sitio web de Wix sin codificaci\u00f3n (2025)<\/title>\n<meta name=\"description\" content=\"Agregue Viber Chat a su sitio para una comunicaci\u00f3n m\u00e1s f\u00e1cil y r\u00e1pida con los visitantes. Pruebe la demostraci\u00f3n gratuita de Elfsight para darle forma a su complemento exclusivo ahora mismo.\" \/>\n<meta name=\"robots\" content=\"index, follow, max-snippet:-1, max-image-preview:large, max-video-preview:-1\" \/>\n<link rel=\"canonical\" href=\"https:\/\/elfsight.com\/es\/viber-chat-widget\/wix\/\" \/>\n<meta property=\"og:locale\" content=\"es_ES\" \/>\n<meta property=\"og:type\" content=\"article\" \/>\n<meta property=\"og:title\" content=\"Agregue Viber Chat al sitio web de Wix sin codificaci\u00f3n (2025)\" \/>\n<meta property=\"og:description\" content=\"Agregue Viber Chat a su sitio para una comunicaci\u00f3n m\u00e1s f\u00e1cil y r\u00e1pida con los visitantes. Pruebe la demostraci\u00f3n gratuita de Elfsight para darle forma a su complemento exclusivo ahora mismo.\" \/>\n<meta property=\"og:url\" content=\"https:\/\/elfsight.com\/es\/viber-chat-widget\/wix\/\" \/>\n<meta property=\"og:site_name\" content=\"Elfsight ES\" \/>\n<meta property=\"article:modified_time\" content=\"2025-02-06T15:39:14+00:00\" \/>\n<meta name=\"twitter:card\" content=\"summary_large_image\" \/>\n<meta name=\"twitter:label1\" content=\"Tiempo de lectura\" \/>\n\t<meta name=\"twitter:data1\" content=\"2 minutos\" \/>\n<!-- \/ Yoast SEO plugin. -->","yoast_head_json":{"title":"Agregue Viber Chat al sitio web de Wix sin codificaci\u00f3n (2025)","description":"Agregue Viber Chat a su sitio para una comunicaci\u00f3n m\u00e1s f\u00e1cil y r\u00e1pida con los visitantes. Pruebe la demostraci\u00f3n gratuita de Elfsight para darle forma a su complemento exclusivo ahora mismo.","robots":{"index":"index","follow":"follow","max-snippet":"max-snippet:-1","max-image-preview":"max-image-preview:large","max-video-preview":"max-video-preview:-1"},"canonical":"https:\/\/elfsight.com\/es\/viber-chat-widget\/wix\/","og_locale":"es_ES","og_type":"article","og_title":"Agregue Viber Chat al sitio web de Wix sin codificaci\u00f3n (2025)","og_description":"Agregue Viber Chat a su sitio para una comunicaci\u00f3n m\u00e1s f\u00e1cil y r\u00e1pida con los visitantes. Pruebe la demostraci\u00f3n gratuita de Elfsight para darle forma a su complemento exclusivo ahora mismo.","og_url":"https:\/\/elfsight.com\/es\/viber-chat-widget\/wix\/","og_site_name":"Elfsight ES","article_modified_time":"2025-02-06T15:39:14+00:00","twitter_card":"summary_large_image","twitter_misc":{"Tiempo de lectura":"2 minutos"},"schema":{"@context":"https:\/\/schema.org","@graph":[{"@type":"WebPage","@id":"https:\/\/elfsight.com\/es\/viber-chat-widget\/wix\/","url":"https:\/\/elfsight.com\/es\/viber-chat-widget\/wix\/","name":"Agregue Viber Chat al sitio web de Wix sin codificaci\u00f3n (2025)","isPartOf":{"@id":"https:\/\/elfsight.com\/es\/#website"},"datePublished":"1970-01-01T00:00:00+00:00","dateModified":"2025-02-06T15:39:14+00:00","description":"Agregue Viber Chat a su sitio para una comunicaci\u00f3n m\u00e1s f\u00e1cil y r\u00e1pida con los visitantes. Pruebe la demostraci\u00f3n gratuita de Elfsight para darle forma a su complemento exclusivo ahora mismo.","breadcrumb":{"@id":"https:\/\/elfsight.com\/es\/viber-chat-widget\/wix\/#breadcrumb"},"inLanguage":"es","potentialAction":[{"@type":"ReadAction","target":["https:\/\/elfsight.com\/es\/viber-chat-widget\/wix\/"]}]},{"@type":"BreadcrumbList","@id":"https:\/\/elfsight.com\/es\/viber-chat-widget\/wix\/#breadcrumb","itemListElement":[{"@type":"ListItem","position":1,"name":"Home","item":"https:\/\/elfsight.com\/es\/"},{"@type":"ListItem","position":2,"name":"Viber Chat","item":"https:\/\/elfsight.com\/es\/viber-chat-widget\/"},{"@type":"ListItem","position":3,"name":"Viber Chat &#8211; Wix"}]},{"@type":"WebSite","@id":"https:\/\/elfsight.com\/es\/#website","url":"https:\/\/elfsight.com\/es\/","name":"Elfsight ES","description":"Just another Elfsight Sites site","potentialAction":[{"@type":"SearchAction","target":{"@type":"EntryPoint","urlTemplate":"https:\/\/elfsight.com\/es\/?s={search_term_string}"},"query-input":{"@type":"PropertyValueSpecification","valueRequired":true,"valueName":"search_term_string"}}],"inLanguage":"es"}]}},"meta_box":{"industry":"","seo_heading":"","heading":"","description":"","cta_heading":"","cta_description":"","application":"716","h1":"Chat Viber de Wix","h1_caption":"Ofrezca Viber como canal de comunicaci\u00f3n en su sitio web, facilitando que los visitantes accedan a su sitio web Wix sin esfuerzo.","application_category":[],"applications_title":"","applications_request_title":"","applications_request_button_text":"","hero_text":"","hero_video":"","hero_video_schema_markup":"","selling_points_title":"","selling_points_caption":"","selling_points":[],"selling_points_cta_text":"","features_title":"","features":"","ed_cta_examples_text":"","ed_cta_examples_hidden":"","ed_cta_demo_text":"","ed_cta_demo_hidden":"","why_caption":"","why_editor_title":"","why_editor_text":"","why_team_title":"","why_team_text":"","why_service_title":"","why_service_text":"","template_catalog_visible":"","template_catalog_title":"","template_catalog_text":"","template_catalog_categories_visible":"","demo_title":"Crea tu aplicaci\u00f3n Viber Chat","demo_caption":"\u00a1Configura tu Viber Chat y agr\u00e9galo a tu sitio web Wix gratis!","default_faq_hidden":"","app_template_category":[],"platform":"112","template_public_id":"","codecanyon_url":"","codecanyon_item_id":"","codecanyon_price":"","pricing_caption":"","pricing_elfsight_apps_hide_column":"","pricing_elfsight_apps_url":"","pricing_codecanyon_price_caption":"","integration_category":[],"integration_request_title":"","integration_request_cta":"","integration_platform":"","integrations":[],"platform_category":[],"video_schema_markup":"","price":"desde $0 \/ mes","trial":"","benefits":[{"text":"Asistencia de instalaci\u00f3n gratuita"},{"text":"Servicio al cliente profesional"},{"text":"Garant\u00eda de reembolso de 14 d\u00edas"},{"text":"Futuras actualizaciones gratuitas"}],"button_url":"#demo","button_target_blank":"","button_nofollow":"","attributes":[{"name":"Instalaciones","content":"10,000 - 100,000"},{"name":"Sensible","content":"S\u00ed"},{"name":"Navegadores compatibles","content":"Firefox, Safari, Opera, Chrome, Edge"}],"tags":[],"tags_disable_links":"","hide_more_platforms":"","video_object":"","demo_hide_cta":"","demo_hide_cloud_options":"","pricing_title":"","pricing":[{"pricing_icon":"platform","pricing_title":"Elfsight Apps","pricing_title_caption":"Soluci\u00f3n digital multiplataforma","pricing_price":"desde $0 \/ mes","pricing_price_caption":"comienza con el plan gratuito","pricing_benefits":[{"text":"Dominios ilimitados"},{"text":"Soporte profesional"},{"text":"Servicio de instalaci\u00f3n gratuito"},{"text":"Oferta especial para m\u00faltiples aplicaciones."}],"pricing_button_text":"A\u00f1adir al sitio web","pricing_button_url":"#demo"}],"related_apps_title":"","related_apps_hidden":"","author":"","image":[],"title":"","job":"","social_networks":[]},"_links":{"self":[{"href":"https:\/\/elfsight.com\/es\/wp-json\/wp\/v2\/pages\/8202","targetHints":{"allow":["GET"]}}],"collection":[{"href":"https:\/\/elfsight.com\/es\/wp-json\/wp\/v2\/pages"}],"about":[{"href":"https:\/\/elfsight.com\/es\/wp-json\/wp\/v2\/types\/page"}],"author":[{"embeddable":true,"href":"https:\/\/elfsight.com\/es\/wp-json\/wp\/v2\/users\/9"}],"replies":[{"embeddable":true,"href":"https:\/\/elfsight.com\/es\/wp-json\/wp\/v2\/comments?post=8202"}],"version-history":[{"count":2,"href":"https:\/\/elfsight.com\/es\/wp-json\/wp\/v2\/pages\/8202\/revisions"}],"predecessor-version":[{"id":18589,"href":"https:\/\/elfsight.com\/es\/wp-json\/wp\/v2\/pages\/8202\/revisions\/18589"}],"up":[{"embeddable":true,"href":"https:\/\/elfsight.com\/es\/wp-json\/wp\/v2\/pages\/717"}],"wp:attachment":[{"href":"https:\/\/elfsight.com\/es\/wp-json\/wp\/v2\/media?parent=8202"}],"curies":[{"name":"wp","href":"https:\/\/api.w.org\/{rel}","templated":true}]}}