{"id":8196,"date":"1970-01-01T00:00:00","date_gmt":"1970-01-01T00:00:00","guid":{"rendered":"https:\/\/elfsight.com\/es\/?page_id=8196"},"modified":"2025-02-06T15:39:23","modified_gmt":"2025-02-06T15:39:23","slug":"webnode","status":"publish","type":"page","link":"https:\/\/elfsight.com\/es\/viber-chat-widget\/webnode\/","title":{"rendered":"Viber Chat &#8211; Webnode"},"content":{"rendered":"<div class=\"application-platform-content-item-description application-platform-content-item\" id=\"description\" data-nav-section=\"description\"> <h2>Descripci\u00f3n<\/h2><p>Elfsight Viber Chat es la posibilidad m\u00e1s r\u00e1pida para que las personas se comuniquen con usted mientras permanecen en su sitio web. Cada usuario obtendr\u00e1 r\u00e1pidamente soluciones a sus preguntas o asistencia de su parte. Mant\u00e9ngase disponible en l\u00ednea en uno de los mensajeros m\u00e1s utilizados. Puede elegir que Elfsight Viber Chat se realice en p\u00e1ginas espec\u00edficas y orientarlo a categor\u00edas separadas de audiencia. Hay amplias posibilidades de personalizaci\u00f3n: elija activadores de inicio de chat, redacte su texto de bienvenida, elija \u00edconos y mucho m\u00e1s. Al usar Viber Chat en el sitio web, estar\u00e1 accesible para las personas en todo momento y en cualquier ubicaci\u00f3n.<\/p><p><b>\u00a1Agregue Viber Chat para alcanzar los picos de su negocio con menos esfuerzo!<\/b><\/p><\/div> <div class=\"application-platform-content-item-features application-platform-content-item\" id=\"features\" data-nav-section=\"features\"> <h2>Estas son las caracter\u00edsticas fundamentales del widget:<\/h2><ul><li>Una colecci\u00f3n de iconos de burbujas para elegir<\/li><li>Burbuja editable texto<\/li><li>Encabezado de FlexibleChat con logotipo, nombre y t\u00edtulo de la p\u00e1gina<\/li><li>Nombre de chat editable<\/li><li>Configuraci\u00f3n de texto personalizado como t\u00edtulo de chat<\/li><li>Bot\u00f3n Iniciar chat con texto editable<\/li><\/ul><p><a href=\"#demo\">Pruebe todas las configuraciones en una demostraci\u00f3n con todas las funciones<\/a><\/p><\/div> <div class=\"application-platform-content-item-installation application-platform-content-item\" id=\"installation\" data-nav-section=\"installation\"> <h2>\u00bfC\u00f3mo puedo agregar Viber Chat a mi Webnode?<\/h2><p>Simplemente aplique las instrucciones a continuaci\u00f3n para integrar la herramienta.<\/p><ol><li><b>Inicie nuestra demostraci\u00f3n gratuita y comience a construir su propio instrumento.<\/b><br>Encuentre la interfaz y las opciones preferibles de la herramienta y aplique las modificaciones.<\/li><li><b>Adquiera su c\u00f3digo individual que aparece en la ventana emergente de Elfsight Aplicaciones<\/b><br>Inmediatamente despu\u00e9s de que finalice la creaci\u00f3n de su complemento, copie el c\u00f3digo personal de la ventana emergente que aparece y gu\u00e1rdelo para usarlo m\u00e1s adelante.<\/li><li><b>Inicie la utilizaci\u00f3n del complemento en su p\u00e1gina web de Webnode<\/b><br>Implemente el c\u00f3digo que guard\u00f3 recientemente en su sitio web y aplique las correcciones.<\/li><li><b>\u00a1Listo! La incrustaci\u00f3n finaliz\u00f3 exitosamente<\/b><br>Vaya a su sitio para inspeccionar c\u00f3mo est\u00e1 funcionando el complemento.<\/li><\/ol><p>Si tiene preguntas o tiene algunos problemas, no dude en comunicarse con nuestro personal de soporte. Nuestros consultores anhelan resolver todos los problemas que pueda tener con el complemento.<\/p><div class=\"faq\" data-component=\"FAQ\"> <div class=\"faq-item\">\r\n\t\t\t\t\t<div class=\"faq-item-question\">\r\n\t\t\t\t\t\t<h3 class=\"faq-item-question-text\">\u00bfC\u00f3mo agregar Viber Chat a mi sitio web Webnode sin conocimientos de codificaci\u00f3n?<\/h3>\r\n\r\n\t\t\t\t\t\t<div class=\"faq-item-question-icon\"><\/div>\r\n\t\t\t\t\t<\/div>\r\n\r\n\t\t\t\t\t<div class=\"faq-item-answer\">\r\n\t\t\t\t\t\t<div class=\"faq-item-answer-text\"> <p>Elfsight proporciona una soluci\u00f3n SaaS que le permite crear un widget de Viber Chat usted mismo. Vea lo f\u00e1cil que es el proceso: trabaje directamente en el editor en l\u00ednea para crear un widget de Viber Chat que le gustar\u00eda ver en su sitio web de Webnode. Elija una de las plantillas predise\u00f1adas y ajuste la configuraci\u00f3n de Viber Chat, agregue su contenido, cambie el dise\u00f1o y los colores sin conocimientos de codificaci\u00f3n. Guarde Viber Chat y copie su c\u00f3digo de instalaci\u00f3n, que puede insertar f\u00e1cilmente en su sitio web Webnode sin necesidad de comprar una versi\u00f3n paga. Con nuestro editor intuitivo, cualquier usuario de Internet puede crear un widget de Viber Chat en l\u00ednea e incrustarlo f\u00e1cilmente en su sitio web Webnode. No es necesario pagar ni ingresar las credenciales de su tarjeta para acceder al servicio. Si tiene alg\u00fan problema en cualquier paso, no dude en ponerse en contacto con nuestro equipo de soporte t\u00e9cnico.<\/p> <\/div>\r\n\t\t\t\t\t<\/div>\r\n\t\t\t\t<\/div> <\/div> <\/div>","protected":false},"excerpt":{"rendered":"","protected":false},"author":9,"featured_media":0,"parent":717,"menu_order":0,"comment_status":"closed","ping_status":"closed","template":"templates\/template-application-platform.php","meta":{"publish_to_discourse":"","publish_post_category":"","wpdc_auto_publish_overridden":"","wpdc_topic_tags":"","wpdc_pin_topic":"","wpdc_pin_until":"","discourse_post_id":"","discourse_permalink":"","wpdc_publishing_response":"","wpdc_publishing_error":"","footnotes":""},"class_list":["post-8196","page","type-page","status-publish","hentry"],"yoast_head":"<!-- This site is optimized with the Yoast SEO plugin v25.3.1 - https:\/\/yoast.com\/wordpress\/plugins\/seo\/ -->\n<title>Agregue Viber Chat al sitio web de Webnode sin codificar (2025)<\/title>\n<meta name=\"description\" content=\"Agregue Viber Chat al sitio para una comunicaci\u00f3n fluida e instant\u00e1nea con los usuarios. Consulte la demostraci\u00f3n gratuita de Elfsight para crear su complemento exclusivo ahora mismo.\" \/>\n<meta name=\"robots\" content=\"index, follow, max-snippet:-1, max-image-preview:large, max-video-preview:-1\" \/>\n<link rel=\"canonical\" href=\"https:\/\/elfsight.com\/es\/viber-chat-widget\/webnode\/\" \/>\n<meta property=\"og:locale\" content=\"es_ES\" \/>\n<meta property=\"og:type\" content=\"article\" \/>\n<meta property=\"og:title\" content=\"Agregue Viber Chat al sitio web de Webnode sin codificar (2025)\" \/>\n<meta property=\"og:description\" content=\"Agregue Viber Chat al sitio para una comunicaci\u00f3n fluida e instant\u00e1nea con los usuarios. Consulte la demostraci\u00f3n gratuita de Elfsight para crear su complemento exclusivo ahora mismo.\" \/>\n<meta property=\"og:url\" content=\"https:\/\/elfsight.com\/es\/viber-chat-widget\/webnode\/\" \/>\n<meta property=\"og:site_name\" content=\"Elfsight ES\" \/>\n<meta property=\"article:modified_time\" content=\"2025-02-06T15:39:23+00:00\" \/>\n<meta name=\"twitter:card\" content=\"summary_large_image\" \/>\n<meta name=\"twitter:label1\" content=\"Tiempo de lectura\" \/>\n\t<meta name=\"twitter:data1\" content=\"3 minutos\" \/>\n<!-- \/ Yoast SEO plugin. -->","yoast_head_json":{"title":"Agregue Viber Chat al sitio web de Webnode sin codificar (2025)","description":"Agregue Viber Chat al sitio para una comunicaci\u00f3n fluida e instant\u00e1nea con los usuarios. Consulte la demostraci\u00f3n gratuita de Elfsight para crear su complemento exclusivo ahora mismo.","robots":{"index":"index","follow":"follow","max-snippet":"max-snippet:-1","max-image-preview":"max-image-preview:large","max-video-preview":"max-video-preview:-1"},"canonical":"https:\/\/elfsight.com\/es\/viber-chat-widget\/webnode\/","og_locale":"es_ES","og_type":"article","og_title":"Agregue Viber Chat al sitio web de Webnode sin codificar (2025)","og_description":"Agregue Viber Chat al sitio para una comunicaci\u00f3n fluida e instant\u00e1nea con los usuarios. Consulte la demostraci\u00f3n gratuita de Elfsight para crear su complemento exclusivo ahora mismo.","og_url":"https:\/\/elfsight.com\/es\/viber-chat-widget\/webnode\/","og_site_name":"Elfsight ES","article_modified_time":"2025-02-06T15:39:23+00:00","twitter_card":"summary_large_image","twitter_misc":{"Tiempo de lectura":"3 minutos"},"schema":{"@context":"https:\/\/schema.org","@graph":[{"@type":"WebPage","@id":"https:\/\/elfsight.com\/es\/viber-chat-widget\/webnode\/","url":"https:\/\/elfsight.com\/es\/viber-chat-widget\/webnode\/","name":"Agregue Viber Chat al sitio web de Webnode sin codificar (2025)","isPartOf":{"@id":"https:\/\/elfsight.com\/es\/#website"},"datePublished":"1970-01-01T00:00:00+00:00","dateModified":"2025-02-06T15:39:23+00:00","description":"Agregue Viber Chat al sitio para una comunicaci\u00f3n fluida e instant\u00e1nea con los usuarios. Consulte la demostraci\u00f3n gratuita de Elfsight para crear su complemento exclusivo ahora mismo.","breadcrumb":{"@id":"https:\/\/elfsight.com\/es\/viber-chat-widget\/webnode\/#breadcrumb"},"inLanguage":"es","potentialAction":[{"@type":"ReadAction","target":["https:\/\/elfsight.com\/es\/viber-chat-widget\/webnode\/"]}]},{"@type":"BreadcrumbList","@id":"https:\/\/elfsight.com\/es\/viber-chat-widget\/webnode\/#breadcrumb","itemListElement":[{"@type":"ListItem","position":1,"name":"Home","item":"https:\/\/elfsight.com\/es\/"},{"@type":"ListItem","position":2,"name":"Viber Chat","item":"https:\/\/elfsight.com\/es\/viber-chat-widget\/"},{"@type":"ListItem","position":3,"name":"Viber Chat &#8211; Webnode"}]},{"@type":"WebSite","@id":"https:\/\/elfsight.com\/es\/#website","url":"https:\/\/elfsight.com\/es\/","name":"Elfsight ES","description":"Just another Elfsight Sites site","potentialAction":[{"@type":"SearchAction","target":{"@type":"EntryPoint","urlTemplate":"https:\/\/elfsight.com\/es\/?s={search_term_string}"},"query-input":{"@type":"PropertyValueSpecification","valueRequired":true,"valueName":"search_term_string"}}],"inLanguage":"es"}]}},"meta_box":{"industry":"","seo_heading":"","heading":"","description":"","cta_heading":"","cta_description":"","application":"716","h1":"Chat Viber Webnode","h1_caption":"Ofrezca Viber como canal de comunicaci\u00f3n en su sitio web, facilitando a los visitantes llegar a su sitio web Webnode sin esfuerzo.","application_category":[],"applications_title":"","applications_request_title":"","applications_request_button_text":"","hero_text":"","hero_video":"","hero_video_schema_markup":"","selling_points_title":"","selling_points_caption":"","selling_points":[],"selling_points_cta_text":"","features_title":"","features":"","ed_cta_examples_text":"","ed_cta_examples_hidden":"","ed_cta_demo_text":"","ed_cta_demo_hidden":"","why_caption":"","why_editor_title":"","why_editor_text":"","why_team_title":"","why_team_text":"","why_service_title":"","why_service_text":"","template_catalog_visible":"","template_catalog_title":"","template_catalog_text":"","template_catalog_categories_visible":"","demo_title":"Crea tu widget de chat de Viber","demo_caption":"\u00a1Configura tu Viber Chat y agr\u00e9galo a tu sitio web Webnode gratis!","default_faq_hidden":"","app_template_category":[],"platform":"2302","template_public_id":"","codecanyon_url":"","codecanyon_item_id":"","codecanyon_price":"","pricing_caption":"","pricing_elfsight_apps_hide_column":"","pricing_elfsight_apps_url":"","pricing_codecanyon_price_caption":"","integration_category":[],"integration_request_title":"","integration_request_cta":"","integration_platform":"","integrations":[],"platform_category":[],"video_schema_markup":"","price":"desde $0 \/ mes","trial":"","benefits":[{"text":"Asistencia de instalaci\u00f3n gratuita"},{"text":"Servicio al cliente profesional"},{"text":"Garant\u00eda de reembolso de 14 d\u00edas"},{"text":"Mejoras gratuitas de por vida"}],"button_url":"#demo","button_target_blank":"","button_nofollow":"","attributes":[{"name":"Instalaciones","content":"10,000 - 100,000"},{"name":"Sensible","content":"S\u00ed"},{"name":"Navegadores compatibles","content":"Firefox, Safari, Opera, Chrome, Edge"}],"tags":[],"tags_disable_links":"","hide_more_platforms":"","video_object":"","demo_hide_cta":"","demo_hide_cloud_options":"","pricing_title":"","pricing":[{"pricing_icon":"platform","pricing_title":"Elfsight Apps","pricing_title_caption":"Versi\u00f3n multiplataforma que se adapta a cualquier sitio web","pricing_price":"desde $0 \/ mes","pricing_price_caption":"comienza con el plan gratuito","pricing_benefits":[{"text":"Sitios web ilimitados"},{"text":"Soporte r\u00e1pido y bien documentado."},{"text":"Ayuda de instalaci\u00f3n gratuita"},{"text":"Precio especial para m\u00faltiples aplicaciones"}],"pricing_button_text":"A\u00f1adir al sitio web","pricing_button_url":"#demo"}],"related_apps_title":"","related_apps_hidden":"","author":"","image":[],"title":"","job":"","social_networks":[]},"_links":{"self":[{"href":"https:\/\/elfsight.com\/es\/wp-json\/wp\/v2\/pages\/8196","targetHints":{"allow":["GET"]}}],"collection":[{"href":"https:\/\/elfsight.com\/es\/wp-json\/wp\/v2\/pages"}],"about":[{"href":"https:\/\/elfsight.com\/es\/wp-json\/wp\/v2\/types\/page"}],"author":[{"embeddable":true,"href":"https:\/\/elfsight.com\/es\/wp-json\/wp\/v2\/users\/9"}],"replies":[{"embeddable":true,"href":"https:\/\/elfsight.com\/es\/wp-json\/wp\/v2\/comments?post=8196"}],"version-history":[{"count":2,"href":"https:\/\/elfsight.com\/es\/wp-json\/wp\/v2\/pages\/8196\/revisions"}],"predecessor-version":[{"id":18591,"href":"https:\/\/elfsight.com\/es\/wp-json\/wp\/v2\/pages\/8196\/revisions\/18591"}],"up":[{"embeddable":true,"href":"https:\/\/elfsight.com\/es\/wp-json\/wp\/v2\/pages\/717"}],"wp:attachment":[{"href":"https:\/\/elfsight.com\/es\/wp-json\/wp\/v2\/media?parent=8196"}],"curies":[{"name":"wp","href":"https:\/\/api.w.org\/{rel}","templated":true}]}}