{"id":8195,"date":"1970-01-01T00:00:00","date_gmt":"1970-01-01T00:00:00","guid":{"rendered":"https:\/\/elfsight.com\/es\/?page_id=8195"},"modified":"2025-02-06T15:39:23","modified_gmt":"2025-02-06T15:39:23","slug":"webflow","status":"publish","type":"page","link":"https:\/\/elfsight.com\/es\/viber-chat-widget\/webflow\/","title":{"rendered":"Viber Chat &#8211; Webflow"},"content":{"rendered":"<div class=\"application-platform-content-item-description application-platform-content-item\" id=\"description\" data-nav-section=\"description\"> <h2>Incorpore Viber Chat en Webflow con el widget de Elfsight<\/h2><p>Elfsight Viber Chat es la herramienta m\u00e1s r\u00e1pida para que los usuarios se comuniquen con usted mientras permanecen en su sitio web. Cada usuario obtendr\u00e1 r\u00e1pidamente soluciones a sus preguntas o ayuda de su parte. Mant\u00e9ngase disponible en vivo en uno de los mensajeros m\u00e1s utilizados. Puede configurar Elfsight Viber Chat para que aparezca en p\u00e1ginas espec\u00edficas y configurarlo para categor\u00edas separadas de audiencia. El widget presenta una variedad de posibilidades de personalizaci\u00f3n: elija activadores de inicio de chat, establezca su propio texto de bienvenida, elija \u00edconos y otras funciones. Al utilizar Viber Chat en su sitio web, podr\u00e1 estar disponible para los visitantes en todo momento y desde cualquier lugar.<\/p><p><b>\u00a1Incorpore Viber Chat para afrontar sus desaf\u00edos de comercio electr\u00f3nico m\u00e1s r\u00e1pido!<\/b><\/p><\/div> <div class=\"application-platform-content-item-features application-platform-content-item\" id=\"features\" data-nav-section=\"features\"> <h2>Estas son solo algunas de las muchas caracter\u00edsticas del widget:<\/h2><ul><li>Una biblioteca de \u00edconos de burbujas para elija<\/li><li>Opci\u00f3n para editar el texto de la burbuja<\/li><li>Encabezado del chat con logotipo, nombre y t\u00edtulo de la p\u00e1gina<\/li><li>Nombre de chat editable<\/li><li>Una opci\u00f3n para elegir texto personalizado como t\u00edtulo<\/li><li>Una opci\u00f3n para editar el mensaje de bienvenida con opciones de formato y enlaces<\/li><\/ul><p><a href=\"#demo\">Simplemente pruebe esta demostraci\u00f3n para ver c\u00f3mo funciona<\/a><\/p><\/div> <div class=\"application-platform-content-item-installation application-platform-content-item\" id=\"installation\" data-nav-section=\"installation\"> <h2>\u00bfC\u00f3mo puedo incrustar Viber Chat en mi Webflow?<\/h2><p>Simplemente aplique las instrucciones a continuaci\u00f3n para integrar la herramienta.<\/p><ol><li><b>Administre nuestra demostraci\u00f3n gratuita y comience a crear su widget personalizado.<\/b><br>Determine el aspecto seleccionado y los rasgos funcionales de la herramienta y aplique las correcciones.<\/li><li><b>Adquiera el c\u00f3digo \u00fanico que se revela en el cuadro de Elfsight Aplicaciones<\/b><br>Cuando finalice la generaci\u00f3n de su herramienta personal, copie el c\u00f3digo personal en el cuadro emergente y gu\u00e1rdelo para uso futuro.<\/li><li><b>Ingrese al uso de la herramienta en su sitio web Webflow<\/b><br>Inserte el c\u00f3digo copiado recientemente en su p\u00e1gina y aplique las modificaciones.<\/li><li><b>La configuraci\u00f3n finaliz\u00f3 exitosamente<\/b><br>Visite su p\u00e1gina web para revisar el rendimiento de la herramienta.<\/li><\/ol><p>En caso de que tenga problemas con alguna obst\u00e1culos, p\u00f3ngase en contacto con nuestro personal de soporte. Nuestros consultores est\u00e1n ansiosos por ayudarlo con todas las preguntas que pueda tener sobre la herramienta.<\/p><div class=\"faq\" data-component=\"FAQ\"> <div class=\"faq-item\">\r\n\t\t\t\t\t<div class=\"faq-item-question\">\r\n\t\t\t\t\t\t<h3 class=\"faq-item-question-text\">\u00bfC\u00f3mo agregar Viber Chat a mi sitio web Webflow sin conocimientos de codificaci\u00f3n?<\/h3>\r\n\r\n\t\t\t\t\t\t<div class=\"faq-item-question-icon\"><\/div>\r\n\t\t\t\t\t<\/div>\r\n\r\n\t\t\t\t\t<div class=\"faq-item-answer\">\r\n\t\t\t\t\t\t<div class=\"faq-item-answer-text\"> <p>Elfsight proporciona una soluci\u00f3n SaaS que le permite crear un widget de Viber Chat usted mismo. Vea lo f\u00e1cil que es el proceso: trabaje directamente en el editor en l\u00ednea para crear un widget de Viber Chat que le gustar\u00eda ver en su sitio web de Webflow. Elija una de las plantillas predise\u00f1adas y ajuste la configuraci\u00f3n de Viber Chat, agregue su contenido, cambie el dise\u00f1o y los colores sin conocimientos de codificaci\u00f3n. Guarde Viber Chat y copie su c\u00f3digo de instalaci\u00f3n, que puede pegar f\u00e1cilmente en su sitio web Webflow sin necesidad de comprar una versi\u00f3n paga. Con nuestro editor intuitivo, cualquier usuario de Internet puede crear un widget de Viber Chat en l\u00ednea e incrustarlo f\u00e1cilmente en su sitio web Webflow. No es necesario pagar ni ingresar las credenciales de su tarjeta para acceder al servicio. Si tiene alg\u00fan problema en cualquier paso, no dude en ponerse en contacto con nuestro equipo de soporte t\u00e9cnico.<\/p> <\/div>\r\n\t\t\t\t\t<\/div>\r\n\t\t\t\t<\/div> <\/div> <\/div>","protected":false},"excerpt":{"rendered":"","protected":false},"author":9,"featured_media":0,"parent":717,"menu_order":0,"comment_status":"closed","ping_status":"closed","template":"templates\/template-application-platform.php","meta":{"publish_to_discourse":"","publish_post_category":"","wpdc_auto_publish_overridden":"","wpdc_topic_tags":"","wpdc_pin_topic":"","wpdc_pin_until":"","discourse_post_id":"","discourse_permalink":"","wpdc_publishing_response":"","wpdc_publishing_error":"","footnotes":""},"class_list":["post-8195","page","type-page","status-publish","hentry"],"yoast_head":"<!-- This site is optimized with the Yoast SEO plugin v25.3.1 - https:\/\/yoast.com\/wordpress\/plugins\/seo\/ -->\n<title>Agregue Viber Chat al sitio web de Webflow sin codificaci\u00f3n (2025)<\/title>\n<meta name=\"description\" content=\"Integre Viber con el sitio para una comunicaci\u00f3n mejor e instant\u00e1nea con los visitantes. Pruebe la demostraci\u00f3n gratuita de Elfsight para darle forma a su complemento \u00fanico ahora.\" \/>\n<meta name=\"robots\" content=\"index, follow, max-snippet:-1, max-image-preview:large, max-video-preview:-1\" \/>\n<link rel=\"canonical\" href=\"https:\/\/elfsight.com\/es\/viber-chat-widget\/webflow\/\" \/>\n<meta property=\"og:locale\" content=\"es_ES\" \/>\n<meta property=\"og:type\" content=\"article\" \/>\n<meta property=\"og:title\" content=\"Agregue Viber Chat al sitio web de Webflow sin codificaci\u00f3n (2025)\" \/>\n<meta property=\"og:description\" content=\"Integre Viber con el sitio para una comunicaci\u00f3n mejor e instant\u00e1nea con los visitantes. Pruebe la demostraci\u00f3n gratuita de Elfsight para darle forma a su complemento \u00fanico ahora.\" \/>\n<meta property=\"og:url\" content=\"https:\/\/elfsight.com\/es\/viber-chat-widget\/webflow\/\" \/>\n<meta property=\"og:site_name\" content=\"Elfsight ES\" \/>\n<meta property=\"article:modified_time\" content=\"2025-02-06T15:39:23+00:00\" \/>\n<meta name=\"twitter:card\" content=\"summary_large_image\" \/>\n<meta name=\"twitter:label1\" content=\"Tiempo de lectura\" \/>\n\t<meta name=\"twitter:data1\" content=\"3 minutos\" \/>\n<!-- \/ Yoast SEO plugin. -->","yoast_head_json":{"title":"Agregue Viber Chat al sitio web de Webflow sin codificaci\u00f3n (2025)","description":"Integre Viber con el sitio para una comunicaci\u00f3n mejor e instant\u00e1nea con los visitantes. Pruebe la demostraci\u00f3n gratuita de Elfsight para darle forma a su complemento \u00fanico ahora.","robots":{"index":"index","follow":"follow","max-snippet":"max-snippet:-1","max-image-preview":"max-image-preview:large","max-video-preview":"max-video-preview:-1"},"canonical":"https:\/\/elfsight.com\/es\/viber-chat-widget\/webflow\/","og_locale":"es_ES","og_type":"article","og_title":"Agregue Viber Chat al sitio web de Webflow sin codificaci\u00f3n (2025)","og_description":"Integre Viber con el sitio para una comunicaci\u00f3n mejor e instant\u00e1nea con los visitantes. Pruebe la demostraci\u00f3n gratuita de Elfsight para darle forma a su complemento \u00fanico ahora.","og_url":"https:\/\/elfsight.com\/es\/viber-chat-widget\/webflow\/","og_site_name":"Elfsight ES","article_modified_time":"2025-02-06T15:39:23+00:00","twitter_card":"summary_large_image","twitter_misc":{"Tiempo de lectura":"3 minutos"},"schema":{"@context":"https:\/\/schema.org","@graph":[{"@type":"WebPage","@id":"https:\/\/elfsight.com\/es\/viber-chat-widget\/webflow\/","url":"https:\/\/elfsight.com\/es\/viber-chat-widget\/webflow\/","name":"Agregue Viber Chat al sitio web de Webflow sin codificaci\u00f3n (2025)","isPartOf":{"@id":"https:\/\/elfsight.com\/es\/#website"},"datePublished":"1970-01-01T00:00:00+00:00","dateModified":"2025-02-06T15:39:23+00:00","description":"Integre Viber con el sitio para una comunicaci\u00f3n mejor e instant\u00e1nea con los visitantes. Pruebe la demostraci\u00f3n gratuita de Elfsight para darle forma a su complemento \u00fanico ahora.","breadcrumb":{"@id":"https:\/\/elfsight.com\/es\/viber-chat-widget\/webflow\/#breadcrumb"},"inLanguage":"es","potentialAction":[{"@type":"ReadAction","target":["https:\/\/elfsight.com\/es\/viber-chat-widget\/webflow\/"]}]},{"@type":"BreadcrumbList","@id":"https:\/\/elfsight.com\/es\/viber-chat-widget\/webflow\/#breadcrumb","itemListElement":[{"@type":"ListItem","position":1,"name":"Home","item":"https:\/\/elfsight.com\/es\/"},{"@type":"ListItem","position":2,"name":"Viber Chat","item":"https:\/\/elfsight.com\/es\/viber-chat-widget\/"},{"@type":"ListItem","position":3,"name":"Viber Chat &#8211; Webflow"}]},{"@type":"WebSite","@id":"https:\/\/elfsight.com\/es\/#website","url":"https:\/\/elfsight.com\/es\/","name":"Elfsight ES","description":"Just another Elfsight Sites site","potentialAction":[{"@type":"SearchAction","target":{"@type":"EntryPoint","urlTemplate":"https:\/\/elfsight.com\/es\/?s={search_term_string}"},"query-input":{"@type":"PropertyValueSpecification","valueRequired":true,"valueName":"search_term_string"}}],"inLanguage":"es"}]}},"meta_box":{"industry":"","seo_heading":"","heading":"","description":"","cta_heading":"","cta_description":"","application":"716","h1":"Chat de Viber de flujo web","h1_caption":"Ofrezca Viber como canal de comunicaci\u00f3n en su sitio web, facilitando que los visitantes accedan a su sitio web Webflow sin esfuerzo.","application_category":[],"applications_title":"","applications_request_title":"","applications_request_button_text":"","hero_text":"","hero_video":"","hero_video_schema_markup":"","selling_points_title":"","selling_points_caption":"","selling_points":[],"selling_points_cta_text":"","features_title":"","features":"","ed_cta_examples_text":"","ed_cta_examples_hidden":"","ed_cta_demo_text":"","ed_cta_demo_hidden":"","why_caption":"","why_editor_title":"","why_editor_text":"","why_team_title":"","why_team_text":"","why_service_title":"","why_service_text":"","template_catalog_visible":"","template_catalog_title":"","template_catalog_text":"","template_catalog_categories_visible":"","demo_title":"Crea tu widget de chat de Viber","demo_caption":"\u00a1Configure su Viber Chat y agr\u00e9guelo a su sitio web Webflow gratis!","default_faq_hidden":"","app_template_category":[],"platform":"106","template_public_id":"","codecanyon_url":"","codecanyon_item_id":"","codecanyon_price":"","pricing_caption":"","pricing_elfsight_apps_hide_column":"","pricing_elfsight_apps_url":"","pricing_codecanyon_price_caption":"","integration_category":[],"integration_request_title":"","integration_request_cta":"","integration_platform":"","integrations":[],"platform_category":[],"video_schema_markup":"","price":"desde $0 \/ mes","trial":"","benefits":[{"text":"Ayuda de instalaci\u00f3n gratuita"},{"text":"Servicio al cliente profesional"},{"text":"Garant\u00eda de reembolso de 14 d\u00edas"},{"text":"Futuras actualizaciones gratuitas"}],"button_url":"#demo","button_target_blank":"","button_nofollow":"","attributes":[{"name":"Instalaciones","content":"10,000 - 100,000"},{"name":"Sensible","content":"S\u00ed"},{"name":"Navegadores compatibles","content":"Firefox, Safari, Opera, Edge, Chrome"}],"tags":[],"tags_disable_links":"","hide_more_platforms":"","video_object":"","demo_hide_cta":"","demo_hide_cloud_options":"","pricing_title":"","pricing":[{"pricing_icon":"platform","pricing_title":"Elfsight Apps","pricing_title_caption":"Soluci\u00f3n independiente de plataforma que funciona en cualquier sitio web","pricing_price":"desde $0 \/ mes","pricing_price_caption":"comienza con el plan gratuito","pricing_benefits":[{"text":"N\u00famero ilimitado de dominios"},{"text":"Atenci\u00f3n al cliente gratuita"},{"text":"Ayuda de instalaci\u00f3n gratuita"},{"text":"Oferta especial para m\u00faltiples aplicaciones."}],"pricing_button_text":"A\u00f1adir al sitio web","pricing_button_url":"#demo"}],"related_apps_title":"","related_apps_hidden":"","author":"","image":[],"title":"","job":"","social_networks":[]},"_links":{"self":[{"href":"https:\/\/elfsight.com\/es\/wp-json\/wp\/v2\/pages\/8195","targetHints":{"allow":["GET"]}}],"collection":[{"href":"https:\/\/elfsight.com\/es\/wp-json\/wp\/v2\/pages"}],"about":[{"href":"https:\/\/elfsight.com\/es\/wp-json\/wp\/v2\/types\/page"}],"author":[{"embeddable":true,"href":"https:\/\/elfsight.com\/es\/wp-json\/wp\/v2\/users\/9"}],"replies":[{"embeddable":true,"href":"https:\/\/elfsight.com\/es\/wp-json\/wp\/v2\/comments?post=8195"}],"version-history":[{"count":2,"href":"https:\/\/elfsight.com\/es\/wp-json\/wp\/v2\/pages\/8195\/revisions"}],"predecessor-version":[{"id":18592,"href":"https:\/\/elfsight.com\/es\/wp-json\/wp\/v2\/pages\/8195\/revisions\/18592"}],"up":[{"embeddable":true,"href":"https:\/\/elfsight.com\/es\/wp-json\/wp\/v2\/pages\/717"}],"wp:attachment":[{"href":"https:\/\/elfsight.com\/es\/wp-json\/wp\/v2\/media?parent=8195"}],"curies":[{"name":"wp","href":"https:\/\/api.w.org\/{rel}","templated":true}]}}