{"id":8189,"date":"1970-01-01T00:00:00","date_gmt":"1970-01-01T00:00:00","guid":{"rendered":"https:\/\/elfsight.com\/es\/?page_id=8189"},"modified":"2025-02-06T15:39:32","modified_gmt":"2025-02-06T15:39:32","slug":"shopify","status":"publish","type":"page","link":"https:\/\/elfsight.com\/es\/viber-chat-widget\/shopify\/","title":{"rendered":"Viber Chat &#8211; Shopify"},"content":{"rendered":"<div class=\"application-platform-content-item-description application-platform-content-item\" id=\"description\" data-nav-section=\"description\"> <h2>Incorpore Viber Chat en Shopify con el widget de Elfsight<\/h2><p>Elfsight Viber Chat es una de las herramientas m\u00e1s pr\u00e1cticas para que los usuarios se comuniquen con usted en su sitio web. Cada usuario obtendr\u00e1 r\u00e1pidamente respuestas a sus consultas o asistencia de su parte. Mant\u00e9ngase disponible en vivo en uno de los chats favoritos. Puede elegir Elfsight Viber Chat para que aparezca en p\u00e1ginas seleccionadas y configurarlo para grupos separados de visitantes. Hay muchas posibilidades de personalizaci\u00f3n: elija activadores de inicio de chat, redacte su propio mensaje de bienvenida, seleccione \u00edconos y otras funciones. Con la ayuda de Viber Chat en tu p\u00e1gina, puedes permanecer conectado con las personas en cualquier momento y desde cualquier lugar.<\/p><p><b>Con Viber Chat, inicia un fuerte crecimiento empresarial y mejores ventas<\/b><\/p><\/div> <div class=\"application-platform-content-item-features application-platform-content-item\" id=\"features\" data-nav-section=\"features\"> <h2>El widget tiene caracter\u00edsticas \u00fatiles y sencillas, mira algunas de ellas:<\/h2><ul><li>Una colecci\u00f3n de \u00edconos de burbujas para elija<\/li><li>Opci\u00f3n para editar el texto de la burbuja<\/li><li>Encabezado del chat con logotipo, nombre y t\u00edtulo de la p\u00e1gina<\/li><li>Nombre del chat editable<\/li><li>Configuraci\u00f3n de texto personalizado como t\u00edtulo del chat<\/li><li>Mensaje de bienvenida editable usando opciones de formato y enlaces<\/li><\/ul><p><a href=\"#demo\">Pruebe todas las configuraciones en una demostraci\u00f3n completamente funcional<\/a><\/p><\/div> <div class=\"application-platform-content-item-installation application-platform-content-item\" id=\"installation\" data-nav-section=\"installation\"> <h2>\u00bfC\u00f3mo agrego Viber Chat a mi sitio web de Shopify?<\/h2><p>Simplemente sigue los siguientes pasos que se describen a continuaci\u00f3n para insertar el widget.<\/p><ol><li><b>Emplea nuestro configurador gratuito y comienza a crear tu propia aplicaci\u00f3n. <\/b><br> Determine la interfaz y la funcionalidad adecuadas de la aplicaci\u00f3n y guarde todas las correcciones. <\/li> <li><b>Reciba el c\u00f3digo individual revelado en el cuadro de Elfsight Apps. <\/b><br> Tan pronto como se complete la personalizaci\u00f3n de su aplicaci\u00f3n, copie su c\u00f3digo en la ventana emergente que aparece y gu\u00e1rdelo para futuras necesidades. <\/li> <li><b>Comienza a utilizar la aplicaci\u00f3n en tu sitio web Shopify. <\/b><br> A\u00f1ade el c\u00f3digo que has copiado recientemente en tu p\u00e1gina web y aplica las correcciones. <\/li> <li><b>\u00a1Ya terminaste! La integraci\u00f3n ha terminado por completo. <\/b><br> Vaya a su sitio para inspeccionar c\u00f3mo funciona la aplicaci\u00f3n. <\/li><\/ol><p>En caso de tener consultas o encontrarse con alguna dificultad, por favor escriba a nuestro personal de atenci\u00f3n al cliente. Nuestros consultores anhelan resolver todas las preguntas que puedas tener con el producto.<\/p><div class=\"faq\" data-component=\"FAQ\"> <div class=\"faq-item\">\r\n\t\t\t\t\t<div class=\"faq-item-question\">\r\n\t\t\t\t\t\t<h3 class=\"faq-item-question-text\">\u00bfC\u00f3mo puedo agregar Viber Chat a mi sitio web de Shopify sin conocimientos de codificaci\u00f3n?<\/h3>\r\n\r\n\t\t\t\t\t\t<div class=\"faq-item-question-icon\"><\/div>\r\n\t\t\t\t\t<\/div>\r\n\r\n\t\t\t\t\t<div class=\"faq-item-answer\">\r\n\t\t\t\t\t\t<div class=\"faq-item-answer-text\"> <p>Elfsight proporciona una soluci\u00f3n SaaS que te permite crear un widget de Viber Chat t\u00fa mismo. Mira lo f\u00e1cil que es el proceso: trabaja directamente en el editor en l\u00ednea para crear un widget de Viber Chat que te gustar\u00eda ver en tu sitio web de Shopify. Elija una de las plantillas predise\u00f1adas y ajuste la configuraci\u00f3n de Viber Chat, agregue su contenido, cambie el dise\u00f1o y los colores sin conocimientos de codificaci\u00f3n. Guarde Viber Chat y copie su c\u00f3digo de instalaci\u00f3n, que puede incluir f\u00e1cilmente en su sitio web Shopify sin necesidad de comprar una versi\u00f3n paga. Con nuestro editor intuitivo, cualquier usuario de Internet puede crear un widget de Viber Chat en l\u00ednea e incrustarlo f\u00e1cilmente en su sitio web Shopify. No es necesario pagar ni ingresar las credenciales de su tarjeta para acceder al servicio. Si tiene alg\u00fan problema en cualquier paso, no dude en ponerse en contacto con nuestro equipo de soporte t\u00e9cnico.<\/p> <\/div>\r\n\t\t\t\t\t<\/div>\r\n\t\t\t\t<\/div> <\/div> <\/div>","protected":false},"excerpt":{"rendered":"","protected":false},"author":9,"featured_media":0,"parent":717,"menu_order":0,"comment_status":"closed","ping_status":"closed","template":"templates\/template-application-platform.php","meta":{"publish_to_discourse":"","publish_post_category":"","wpdc_auto_publish_overridden":"","wpdc_topic_tags":"","wpdc_pin_topic":"","wpdc_pin_until":"","discourse_post_id":"","discourse_permalink":"","wpdc_publishing_response":"","wpdc_publishing_error":"","footnotes":""},"class_list":["post-8189","page","type-page","status-publish","hentry"],"yoast_head":"<!-- This site is optimized with the Yoast SEO plugin v25.3.1 - https:\/\/yoast.com\/wordpress\/plugins\/seo\/ -->\n<title>Agregue Viber Chat al sitio web de Shopify sin codificaci\u00f3n (2025)<\/title>\n<meta name=\"description\" content=\"Incorpore Viber Chat en su sitio para conectarse m\u00e1s f\u00e1cil y r\u00e1pidamente con los visitantes. Pruebe la demostraci\u00f3n gratuita de Elfsight para crear su complemento personalizado ahora.\" \/>\n<meta name=\"robots\" content=\"index, follow, max-snippet:-1, max-image-preview:large, max-video-preview:-1\" \/>\n<link rel=\"canonical\" href=\"https:\/\/elfsight.com\/es\/viber-chat-widget\/shopify\/\" \/>\n<meta property=\"og:locale\" content=\"es_ES\" \/>\n<meta property=\"og:type\" content=\"article\" \/>\n<meta property=\"og:title\" content=\"Agregue Viber Chat al sitio web de Shopify sin codificaci\u00f3n (2025)\" \/>\n<meta property=\"og:description\" content=\"Incorpore Viber Chat en su sitio para conectarse m\u00e1s f\u00e1cil y r\u00e1pidamente con los visitantes. Pruebe la demostraci\u00f3n gratuita de Elfsight para crear su complemento personalizado ahora.\" \/>\n<meta property=\"og:url\" content=\"https:\/\/elfsight.com\/es\/viber-chat-widget\/shopify\/\" \/>\n<meta property=\"og:site_name\" content=\"Elfsight ES\" \/>\n<meta property=\"article:modified_time\" content=\"2025-02-06T15:39:32+00:00\" \/>\n<meta name=\"twitter:card\" content=\"summary_large_image\" \/>\n<meta name=\"twitter:label1\" content=\"Tiempo de lectura\" \/>\n\t<meta name=\"twitter:data1\" content=\"3 minutos\" \/>\n<!-- \/ Yoast SEO plugin. -->","yoast_head_json":{"title":"Agregue Viber Chat al sitio web de Shopify sin codificaci\u00f3n (2025)","description":"Incorpore Viber Chat en su sitio para conectarse m\u00e1s f\u00e1cil y r\u00e1pidamente con los visitantes. Pruebe la demostraci\u00f3n gratuita de Elfsight para crear su complemento personalizado ahora.","robots":{"index":"index","follow":"follow","max-snippet":"max-snippet:-1","max-image-preview":"max-image-preview:large","max-video-preview":"max-video-preview:-1"},"canonical":"https:\/\/elfsight.com\/es\/viber-chat-widget\/shopify\/","og_locale":"es_ES","og_type":"article","og_title":"Agregue Viber Chat al sitio web de Shopify sin codificaci\u00f3n (2025)","og_description":"Incorpore Viber Chat en su sitio para conectarse m\u00e1s f\u00e1cil y r\u00e1pidamente con los visitantes. Pruebe la demostraci\u00f3n gratuita de Elfsight para crear su complemento personalizado ahora.","og_url":"https:\/\/elfsight.com\/es\/viber-chat-widget\/shopify\/","og_site_name":"Elfsight ES","article_modified_time":"2025-02-06T15:39:32+00:00","twitter_card":"summary_large_image","twitter_misc":{"Tiempo de lectura":"3 minutos"},"schema":{"@context":"https:\/\/schema.org","@graph":[{"@type":"WebPage","@id":"https:\/\/elfsight.com\/es\/viber-chat-widget\/shopify\/","url":"https:\/\/elfsight.com\/es\/viber-chat-widget\/shopify\/","name":"Agregue Viber Chat al sitio web de Shopify sin codificaci\u00f3n (2025)","isPartOf":{"@id":"https:\/\/elfsight.com\/es\/#website"},"datePublished":"1970-01-01T00:00:00+00:00","dateModified":"2025-02-06T15:39:32+00:00","description":"Incorpore Viber Chat en su sitio para conectarse m\u00e1s f\u00e1cil y r\u00e1pidamente con los visitantes. Pruebe la demostraci\u00f3n gratuita de Elfsight para crear su complemento personalizado ahora.","breadcrumb":{"@id":"https:\/\/elfsight.com\/es\/viber-chat-widget\/shopify\/#breadcrumb"},"inLanguage":"es","potentialAction":[{"@type":"ReadAction","target":["https:\/\/elfsight.com\/es\/viber-chat-widget\/shopify\/"]}]},{"@type":"BreadcrumbList","@id":"https:\/\/elfsight.com\/es\/viber-chat-widget\/shopify\/#breadcrumb","itemListElement":[{"@type":"ListItem","position":1,"name":"Home","item":"https:\/\/elfsight.com\/es\/"},{"@type":"ListItem","position":2,"name":"Viber Chat","item":"https:\/\/elfsight.com\/es\/viber-chat-widget\/"},{"@type":"ListItem","position":3,"name":"Viber Chat &#8211; Shopify"}]},{"@type":"WebSite","@id":"https:\/\/elfsight.com\/es\/#website","url":"https:\/\/elfsight.com\/es\/","name":"Elfsight ES","description":"Just another Elfsight Sites site","potentialAction":[{"@type":"SearchAction","target":{"@type":"EntryPoint","urlTemplate":"https:\/\/elfsight.com\/es\/?s={search_term_string}"},"query-input":{"@type":"PropertyValueSpecification","valueRequired":true,"valueName":"search_term_string"}}],"inLanguage":"es"}]}},"meta_box":{"industry":"","seo_heading":"","heading":"","description":"","cta_heading":"","cta_description":"","application":"716","h1":"Chat Viber de Shopify","h1_caption":"Ofrezca Viber como canal de comunicaci\u00f3n en su sitio web, facilitando que los visitantes accedan a su sitio web de Shopify sin esfuerzo.","application_category":[],"applications_title":"","applications_request_title":"","applications_request_button_text":"","hero_text":"","hero_video":"","hero_video_schema_markup":"","selling_points_title":"","selling_points_caption":"","selling_points":[],"selling_points_cta_text":"","features_title":"","features":"","ed_cta_examples_text":"","ed_cta_examples_hidden":"","ed_cta_demo_text":"","ed_cta_demo_hidden":"","why_caption":"","why_editor_title":"","why_editor_text":"","why_team_title":"","why_team_text":"","why_service_title":"","why_service_text":"","template_catalog_visible":"","template_catalog_title":"","template_catalog_text":"","template_catalog_categories_visible":"","demo_title":"Crea tu aplicaci\u00f3n Viber Chat","demo_caption":"\u00a1Configura tu Viber Chat y agr\u00e9galo a tu sitio web Shopify gratis!","default_faq_hidden":"","app_template_category":[],"platform":"91","template_public_id":"","codecanyon_url":"","codecanyon_item_id":"","codecanyon_price":"","pricing_caption":"","pricing_elfsight_apps_hide_column":"","pricing_elfsight_apps_url":"","pricing_codecanyon_price_caption":"","integration_category":[],"integration_request_title":"","integration_request_cta":"","integration_platform":"","integrations":[],"platform_category":[],"video_schema_markup":"","price":"desde $0 \/ mes","trial":"","benefits":[{"text":"Servicio de instalaci\u00f3n gratuito"},{"text":"Soporte premium"},{"text":"Garant\u00eda de devoluci\u00f3n de dinero de 14 d\u00edas"},{"text":"Actualizaciones gratuitas continuas"}],"button_url":"#demo","button_target_blank":"","button_nofollow":"","attributes":[{"name":"Instalaciones","content":"10,000 - 100,000"},{"name":"Sensible","content":"S\u00ed"},{"name":"Navegadores compatibles","content":"Firefox, Safari, Opera, Chrome, Edge"}],"tags":[],"tags_disable_links":"","hide_more_platforms":"","video_object":"","demo_hide_cta":"","demo_hide_cloud_options":"","pricing_title":"","pricing":[{"pricing_icon":"cloud","pricing_title":"Elfsight Apps","pricing_title_caption":"Versi\u00f3n multiplataforma que funciona en cualquier sitio web.","pricing_price":"desde $0 \/ mes","pricing_price_caption":"comienza con el plan gratuito","pricing_benefits":[{"text":"Sitios web ilimitados"},{"text":"Soporte premium"},{"text":"Servicio de instalaci\u00f3n gratuito"},{"text":"Oferta especial para m\u00faltiples aplicaciones."}],"pricing_button_text":"A\u00f1adir al sitio web","pricing_button_url":"#demo"}],"related_apps_title":"","related_apps_hidden":"","author":"","image":[],"title":"","job":"","social_networks":[]},"_links":{"self":[{"href":"https:\/\/elfsight.com\/es\/wp-json\/wp\/v2\/pages\/8189","targetHints":{"allow":["GET"]}}],"collection":[{"href":"https:\/\/elfsight.com\/es\/wp-json\/wp\/v2\/pages"}],"about":[{"href":"https:\/\/elfsight.com\/es\/wp-json\/wp\/v2\/types\/page"}],"author":[{"embeddable":true,"href":"https:\/\/elfsight.com\/es\/wp-json\/wp\/v2\/users\/9"}],"replies":[{"embeddable":true,"href":"https:\/\/elfsight.com\/es\/wp-json\/wp\/v2\/comments?post=8189"}],"version-history":[{"count":2,"href":"https:\/\/elfsight.com\/es\/wp-json\/wp\/v2\/pages\/8189\/revisions"}],"predecessor-version":[{"id":18594,"href":"https:\/\/elfsight.com\/es\/wp-json\/wp\/v2\/pages\/8189\/revisions\/18594"}],"up":[{"embeddable":true,"href":"https:\/\/elfsight.com\/es\/wp-json\/wp\/v2\/pages\/717"}],"wp:attachment":[{"href":"https:\/\/elfsight.com\/es\/wp-json\/wp\/v2\/media?parent=8189"}],"curies":[{"name":"wp","href":"https:\/\/api.w.org\/{rel}","templated":true}]}}