{"id":8188,"date":"1970-01-01T00:00:00","date_gmt":"1970-01-01T00:00:00","guid":{"rendered":"https:\/\/elfsight.com\/es\/?page_id=8188"},"modified":"2025-02-06T15:39:32","modified_gmt":"2025-02-06T15:39:32","slug":"prestashop","status":"publish","type":"page","link":"https:\/\/elfsight.com\/es\/viber-chat-widget\/prestashop\/","title":{"rendered":"Viber Chat &#8211; PrestaShop"},"content":{"rendered":"<div class=\"application-platform-content-item-description application-platform-content-item\" id=\"description\" data-nav-section=\"description\"> <h2>Descripci\u00f3n<\/h2> <p>Viber Chat creado por Elfsight es la forma m\u00e1s sencilla para que las personas de su sitio web se comuniquen con usted y tengan respuestas a sus preguntas y solicitudes. Ahora est\u00e1 disponible en vivo para los usuarios en su popular Messenger en cualquier lugar y en cualquier momento. Incorpore Viber Chat en su tienda y permita que aparezca en p\u00e1ginas espec\u00edficas o para tipos de usuarios elegidos, introduzca activadores de inicio de chat, cree su mensaje de bienvenida \u00fanico, elija \u00edconos y a\u00fan m\u00e1s. Al utilizar el chat de Viber en su sitio web, sus usuarios podr\u00e1n acceder f\u00e1cilmente a usted en cualquier momento y sin importar d\u00f3nde se encuentre. <\/p><p><b>\u00a1Obt\u00e9n lo mejor de Viber Chat para lograr tus objetivos comerciales m\u00e1s f\u00e1cilmente! <\/b><\/p> <\/div> <div class=\"application-platform-content-item-features application-platform-content-item\" id=\"features\" data-nav-section=\"features\"> <h2>El widget ofrece funciones pr\u00e1cticas y sencillas, consulte algunas de ellas: <\/h2> <ul><li>Agregue Viber Messenger a su tienda para mantenerse en contacto con los visitantes<\/li><li>Proporcione respuestas directamente desde su cuenta de Viber<\/li><li>Elija entre tres variantes de dise\u00f1o de chat: burbuja flotante, burbuja incrustada, e incrustar ventana de chat<\/li><li> Elija su variante de \u00edcono de burbuja en nuestro conjunto de \u00edconos disponibles<\/li><li>Edite el texto de la burbuja de chat<\/li><\/ul><p><a href=\"#demo\">Explore todas las configuraciones en una demostraci\u00f3n con todas las funciones<\/a><\/p> <\/div> <div class=\"application-platform-content-item-installation application-platform-content-item\" id=\"installation\" data-nav-section=\"installation\"> <h2>C\u00f3mo agregar Viber Chat a mi PrestaShop sitio web<\/h2> <p>Simplemente siga varios pasos que se presentan a continuaci\u00f3n para insertar el complemento. <\/p> <ol><li><b>Realiza nuestra demostraci\u00f3n gratuita y comienza a crear tu propio complemento. <\/b><br> Encuentre el dise\u00f1o personalizado y las especificaciones del widget y aplique las ediciones. <\/li> <li><b>Copie el c\u00f3digo individual que aparece en la ventana de Elfsight Apps. <\/b><br> Una vez finalizada la personalizaci\u00f3n de su herramienta, copie el c\u00f3digo individual de la ventana que aparece y gu\u00e1rdelo para futuras ocasiones. <\/li> <li><b>Comience a utilizar el complemento en su sitio PrestaShop. <\/b><br> Inserta el c\u00f3digo copiado recientemente en tu p\u00e1gina de inicio y guarda las modificaciones. <\/li> <li><b>\u00a1Ya terminaste! La configuraci\u00f3n se realiza con \u00e9xito. <\/b><br>Vaya a su p\u00e1gina para examinar c\u00f3mo funciona el complemento. <\/li><\/ol> <p>Si tienes alguna complicaci\u00f3n, no dudes en comunicarte con nuestro equipo de soporte. Nuestros especialistas est\u00e1n deseando ayudarte con todas las dudas que puedas tener con el widget. <\/p> <div class=\"faq\" data-component=\"FAQ\"> <div class=\"faq-item\">\r\n\t\t\t\t\t<div class=\"faq-item-question\">\r\n\t\t\t\t\t\t<h3 class=\"faq-item-question-text\">\u00bfC\u00f3mo agregar Viber Chat a mi sitio web PrestaShop sin conocimientos de codificaci\u00f3n?<\/h3>\r\n\r\n\t\t\t\t\t\t<div class=\"faq-item-question-icon\"><\/div>\r\n\t\t\t\t\t<\/div>\r\n\r\n\t\t\t\t\t<div class=\"faq-item-answer\">\r\n\t\t\t\t\t\t<div class=\"faq-item-answer-text\"> <p>Elfsight proporciona una soluci\u00f3n SaaS que le permite crear un widget de Viber Chat usted mismo. Vea lo f\u00e1cil que es el proceso: trabaje directamente en el editor en l\u00ednea para crear un widget de Viber Chat que le gustar\u00eda ver en su sitio web de PrestaShop. Elija una de las plantillas predise\u00f1adas y ajuste la configuraci\u00f3n de Viber Chat, agregue su contenido, cambie el dise\u00f1o y la combinaci\u00f3n de colores sin conocimientos de codificaci\u00f3n. Guarde Viber Chat y copie su c\u00f3digo de instalaci\u00f3n, que puede insertar f\u00e1cilmente en su sitio web PrestaShop sin comprar una suscripci\u00f3n paga. Con nuestro editor intuitivo, cualquier usuario de Internet puede crear un widget de Viber Chat en l\u00ednea e incrustarlo f\u00e1cilmente en su sitio web PrestaShop. No es necesario pagar ni ingresar las credenciales de su tarjeta para acceder al servicio. Si tiene alg\u00fan problema en cualquier paso, no dude en ponerse en contacto con nuestro equipo de soporte t\u00e9cnico.<\/p> <\/div>\r\n\t\t\t\t\t<\/div>\r\n\t\t\t\t<\/div> <\/div> <\/div>","protected":false},"excerpt":{"rendered":"","protected":false},"author":9,"featured_media":0,"parent":717,"menu_order":0,"comment_status":"closed","ping_status":"closed","template":"templates\/template-application-platform.php","meta":{"publish_to_discourse":"","publish_post_category":"","wpdc_auto_publish_overridden":"","wpdc_topic_tags":"","wpdc_pin_topic":"","wpdc_pin_until":"","discourse_post_id":"","discourse_permalink":"","wpdc_publishing_response":"","wpdc_publishing_error":"","footnotes":""},"class_list":["post-8188","page","type-page","status-publish","hentry"],"yoast_head":"<!-- This site is optimized with the Yoast SEO plugin v25.3.1 - https:\/\/yoast.com\/wordpress\/plugins\/seo\/ -->\n<title>Agregue Viber Chat al sitio web de PrestaShop sin codificaci\u00f3n (2026)<\/title>\n<meta name=\"description\" content=\"Agregue Viber Chat a su sitio para una comunicaci\u00f3n mejor y m\u00e1s r\u00e1pida con los clientes. Pruebe la demostraci\u00f3n gratuita de Elfsight para configurar su complemento personalizado ahora.\" \/>\n<meta name=\"robots\" content=\"index, follow, max-snippet:-1, max-image-preview:large, max-video-preview:-1\" \/>\n<link rel=\"canonical\" href=\"https:\/\/elfsight.com\/es\/viber-chat-widget\/prestashop\/\" \/>\n<meta property=\"og:locale\" content=\"es_ES\" \/>\n<meta property=\"og:type\" content=\"article\" \/>\n<meta property=\"og:title\" content=\"Agregue Viber Chat al sitio web de PrestaShop sin codificaci\u00f3n (2026)\" \/>\n<meta property=\"og:description\" content=\"Agregue Viber Chat a su sitio para una comunicaci\u00f3n mejor y m\u00e1s r\u00e1pida con los clientes. Pruebe la demostraci\u00f3n gratuita de Elfsight para configurar su complemento personalizado ahora.\" \/>\n<meta property=\"og:url\" content=\"https:\/\/elfsight.com\/es\/viber-chat-widget\/prestashop\/\" \/>\n<meta property=\"og:site_name\" content=\"Elfsight ES\" \/>\n<meta property=\"article:modified_time\" content=\"2025-02-06T15:39:32+00:00\" \/>\n<meta name=\"twitter:card\" content=\"summary_large_image\" \/>\n<meta name=\"twitter:label1\" content=\"Tiempo de lectura\" \/>\n\t<meta name=\"twitter:data1\" content=\"3 minutos\" \/>\n<!-- \/ Yoast SEO plugin. -->","yoast_head_json":{"title":"Agregue Viber Chat al sitio web de PrestaShop sin codificaci\u00f3n (2026)","description":"Agregue Viber Chat a su sitio para una comunicaci\u00f3n mejor y m\u00e1s r\u00e1pida con los clientes. Pruebe la demostraci\u00f3n gratuita de Elfsight para configurar su complemento personalizado ahora.","robots":{"index":"index","follow":"follow","max-snippet":"max-snippet:-1","max-image-preview":"max-image-preview:large","max-video-preview":"max-video-preview:-1"},"canonical":"https:\/\/elfsight.com\/es\/viber-chat-widget\/prestashop\/","og_locale":"es_ES","og_type":"article","og_title":"Agregue Viber Chat al sitio web de PrestaShop sin codificaci\u00f3n (2026)","og_description":"Agregue Viber Chat a su sitio para una comunicaci\u00f3n mejor y m\u00e1s r\u00e1pida con los clientes. Pruebe la demostraci\u00f3n gratuita de Elfsight para configurar su complemento personalizado ahora.","og_url":"https:\/\/elfsight.com\/es\/viber-chat-widget\/prestashop\/","og_site_name":"Elfsight ES","article_modified_time":"2025-02-06T15:39:32+00:00","twitter_card":"summary_large_image","twitter_misc":{"Tiempo de lectura":"3 minutos"},"schema":{"@context":"https:\/\/schema.org","@graph":[{"@type":"WebPage","@id":"https:\/\/elfsight.com\/es\/viber-chat-widget\/prestashop\/","url":"https:\/\/elfsight.com\/es\/viber-chat-widget\/prestashop\/","name":"Agregue Viber Chat al sitio web de PrestaShop sin codificaci\u00f3n (2026)","isPartOf":{"@id":"https:\/\/elfsight.com\/es\/#website"},"datePublished":"1970-01-01T00:00:00+00:00","dateModified":"2025-02-06T15:39:32+00:00","description":"Agregue Viber Chat a su sitio para una comunicaci\u00f3n mejor y m\u00e1s r\u00e1pida con los clientes. Pruebe la demostraci\u00f3n gratuita de Elfsight para configurar su complemento personalizado ahora.","breadcrumb":{"@id":"https:\/\/elfsight.com\/es\/viber-chat-widget\/prestashop\/#breadcrumb"},"inLanguage":"es","potentialAction":[{"@type":"ReadAction","target":["https:\/\/elfsight.com\/es\/viber-chat-widget\/prestashop\/"]}]},{"@type":"BreadcrumbList","@id":"https:\/\/elfsight.com\/es\/viber-chat-widget\/prestashop\/#breadcrumb","itemListElement":[{"@type":"ListItem","position":1,"name":"Home","item":"https:\/\/elfsight.com\/es\/"},{"@type":"ListItem","position":2,"name":"Viber Chat","item":"https:\/\/elfsight.com\/es\/viber-chat-widget\/"},{"@type":"ListItem","position":3,"name":"Viber Chat &#8211; PrestaShop"}]},{"@type":"WebSite","@id":"https:\/\/elfsight.com\/es\/#website","url":"https:\/\/elfsight.com\/es\/","name":"Elfsight ES","description":"Just another Elfsight Sites site","potentialAction":[{"@type":"SearchAction","target":{"@type":"EntryPoint","urlTemplate":"https:\/\/elfsight.com\/es\/?s={search_term_string}"},"query-input":{"@type":"PropertyValueSpecification","valueRequired":true,"valueName":"search_term_string"}}],"inLanguage":"es"}]}},"meta_box":{"industry":"","seo_heading":"","heading":"","description":"","cta_heading":"","cta_description":"","application":"716","h1":"Complemento de chat Viber de PrestaShop","h1_caption":"Ofrezca Viber como canal de comunicaci\u00f3n en su sitio web, facilitando que los visitantes accedan a su sitio web Prestashop sin esfuerzo.","application_category":[],"applications_title":"","applications_request_title":"","applications_request_button_text":"","hero_text":"","hero_video":"","hero_video_schema_markup":"","selling_points_title":"","selling_points_caption":"","selling_points":[],"selling_points_cta_text":"","features_title":"","features":"","ed_cta_examples_text":"","ed_cta_examples_hidden":"","ed_cta_demo_text":"","ed_cta_demo_hidden":"","why_caption":"","why_editor_title":"","why_editor_text":"","why_team_title":"","why_team_text":"","why_service_title":"","why_service_text":"","template_catalog_visible":"","template_catalog_title":"","template_catalog_text":"","template_catalog_categories_visible":"","demo_title":"Crea tu complemento de Viber Chat","demo_caption":"\u00a1Configura tu Viber Chat y agr\u00e9galo a tu sitio web PrestaShop gratis!","default_faq_hidden":"","app_template_category":[],"platform":"2250","template_public_id":"","codecanyon_url":"","codecanyon_item_id":"","codecanyon_price":"","pricing_caption":"","pricing_elfsight_apps_hide_column":"","pricing_elfsight_apps_url":"","pricing_codecanyon_price_caption":"","integration_category":[],"integration_request_title":"","integration_request_cta":"","integration_platform":"","integrations":[],"platform_category":[],"video_schema_markup":"","price":"desde $0 \/ mes","trial":"","benefits":[{"text":"Servicio de instalaci\u00f3n gratuito"},{"text":"Atenci\u00f3n al cliente experimentada"},{"text":"Garant\u00eda de devoluci\u00f3n de dinero de 14 d\u00edas"},{"text":"Mejoras continuas"}],"button_url":"#demo","button_target_blank":"","button_nofollow":"","attributes":[{"name":"Instalaciones","content":"10,000 - 100,000"},{"name":"Sensible","content":"S\u00ed"},{"name":"Navegadores compatibles","content":"Firefox, Safari, Opera, Chrome, Edge"}],"tags":[],"tags_disable_links":"","hide_more_platforms":"","video_object":"","demo_hide_cta":"","demo_hide_cloud_options":"","pricing_title":"","pricing":[{"pricing_icon":"platform","pricing_title":"Elfsight Apps","pricing_title_caption":"Versi\u00f3n multiplataforma que funciona en cualquier sitio web.","pricing_price":"desde $0 \/ mes","pricing_price_caption":"comienza con un plan gratuito","pricing_benefits":[{"text":"Dominios ilimitados"},{"text":"Atenci\u00f3n al cliente gratuita"},{"text":"Soporte de instalaci\u00f3n gratuito"},{"text":"Dise\u00f1o flexible"}],"pricing_button_text":"A\u00f1adir al sitio web","pricing_button_url":"#demo"}],"related_apps_title":"","related_apps_hidden":"","author":"","image":[],"title":"","job":"","social_networks":[]},"_links":{"self":[{"href":"https:\/\/elfsight.com\/es\/wp-json\/wp\/v2\/pages\/8188","targetHints":{"allow":["GET"]}}],"collection":[{"href":"https:\/\/elfsight.com\/es\/wp-json\/wp\/v2\/pages"}],"about":[{"href":"https:\/\/elfsight.com\/es\/wp-json\/wp\/v2\/types\/page"}],"author":[{"embeddable":true,"href":"https:\/\/elfsight.com\/es\/wp-json\/wp\/v2\/users\/9"}],"replies":[{"embeddable":true,"href":"https:\/\/elfsight.com\/es\/wp-json\/wp\/v2\/comments?post=8188"}],"version-history":[{"count":2,"href":"https:\/\/elfsight.com\/es\/wp-json\/wp\/v2\/pages\/8188\/revisions"}],"predecessor-version":[{"id":18595,"href":"https:\/\/elfsight.com\/es\/wp-json\/wp\/v2\/pages\/8188\/revisions\/18595"}],"up":[{"embeddable":true,"href":"https:\/\/elfsight.com\/es\/wp-json\/wp\/v2\/pages\/717"}],"wp:attachment":[{"href":"https:\/\/elfsight.com\/es\/wp-json\/wp\/v2\/media?parent=8188"}],"curies":[{"name":"wp","href":"https:\/\/api.w.org\/{rel}","templated":true}]}}