{"id":8187,"date":"1970-01-01T00:00:00","date_gmt":"1970-01-01T00:00:00","guid":{"rendered":"https:\/\/elfsight.com\/es\/?page_id=8187"},"modified":"2025-02-06T15:39:32","modified_gmt":"2025-02-06T15:39:32","slug":"opencart","status":"publish","type":"page","link":"https:\/\/elfsight.com\/es\/viber-chat-widget\/opencart\/","title":{"rendered":"Viber Chat &#8211; OpenCart"},"content":{"rendered":"<div class=\"application-platform-content-item-description application-platform-content-item\" id=\"description\" data-nav-section=\"description\"> <h2>Descripci\u00f3n<\/h2><p>Elfsight Viber Chat es una de las posibilidades m\u00e1s r\u00e1pidas para que las personas se dirijan a usted a trav\u00e9s de su sitio web. Cada usuario obtendr\u00e1 r\u00e1pidamente soluciones a sus consultas o ayuda de su parte. Mant\u00e9ngase disponible en l\u00ednea en uno de los servicios de mensajer\u00eda m\u00e1s utilizados las 24 horas, los 7 d\u00edas de la semana. Puede configurar Elfsight Viber Chat para que se produzca en p\u00e1ginas concretas y orientarlo a grupos concretos de visitantes. El widget tiene una variedad de opciones de personalizaci\u00f3n: asignar iniciadores de inicio de chat, configurar su propio texto de bienvenida, configurar \u00edconos y m\u00e1s. Usando Viber Chat en el sitio, puede permanecer conectado para los visitantes en cualquier momento y desde cualquier lugar.<\/p><p><b>Haga que su sitio sea m\u00e1s eficiente para las tareas de comercio electr\u00f3nico con la ayuda de Viber Chat<\/b><\/p><\/div> <div class=\"application-platform-content-item-features application-platform-content-item\" id=\"features\" data-nav-section=\"features\"> <h2>Las caracter\u00edsticas fundamentales del widget incluyen<\/h2><ul><li>Una biblioteca de \u00edconos de burbujas para elegir<\/li><li>Opci\u00f3n para editar la burbuja texto<\/li><li>Encabezado de chat con logotipo, nombre y t\u00edtulo de la p\u00e1gina<\/li><li>Nombre de chat editable<\/li><li>Cinco opciones de tiempo de respuesta en el t\u00edtulo de la ventana de chat<\/li><li>Una opci\u00f3n para elegir texto personalizado como t\u00edtulo de chat<\/li><li>Bot\u00f3n Iniciar chat con texto editable<\/li><\/ul><p><a href=\"#demo\">Puedes probar si el widget es para ti probando el demostraci\u00f3n<\/a><\/p><\/div> <div class=\"application-platform-content-item-installation application-platform-content-item\" id=\"installation\" data-nav-section=\"installation\"> <h2>\u00bfC\u00f3mo puedo incrustar Viber Chat en mi sitio web OpenCart?<\/h2><p>Simplemente siga un par de pasos que se describen a continuaci\u00f3n para integrar el widget.<\/p><ol><li><b>Utilice nuestro configurador gratuito y comience a formar su extensi\u00f3n personalizada. <\/b><br> Elija la disposici\u00f3n y el rendimiento preferidos de la extensi\u00f3n y guarde todas las modificaciones. <\/li> <li><b>Adquiera su c\u00f3digo individual que aparece en la ventana de Elfsight Apps. <\/b><br> Una vez finalizada la configuraci\u00f3n de su extensi\u00f3n, copie el c\u00f3digo individual en la ventana que aparece y gu\u00e1rdelo para usarlo en el futuro. <\/li> <li><b>Iniciar el uso de la extensi\u00f3n en la p\u00e1gina web de OpenCart. <\/b><br>Integre el c\u00f3digo guardado anteriormente en su p\u00e1gina y aplique los ajustes. <\/li> <li><b>\u00a1Ya terminaste! La incrustaci\u00f3n se realiza con \u00e9xito. <\/b><br>Visite su sitio web para ver el funcionamiento de la extensi\u00f3n. <\/li><\/ol><p>Si tiene alguna dificultad, no dude en comunicarse con nuestro personal de servicio al cliente. Nuestros especialistas estar\u00e1n encantados de ayudarle con todos los problemas que pueda tener con la herramienta.<\/p><div class=\"faq\" data-component=\"FAQ\"> <div class=\"faq-item\">\r\n\t\t\t\t\t<div class=\"faq-item-question\">\r\n\t\t\t\t\t\t<h3 class=\"faq-item-question-text\">\u00bfC\u00f3mo agregar Viber Chat a mi sitio web OpenCart sin conocimientos de codificaci\u00f3n?<\/h3>\r\n\r\n\t\t\t\t\t\t<div class=\"faq-item-question-icon\"><\/div>\r\n\t\t\t\t\t<\/div>\r\n\r\n\t\t\t\t\t<div class=\"faq-item-answer\">\r\n\t\t\t\t\t\t<div class=\"faq-item-answer-text\"> <p>Elfsight proporciona una soluci\u00f3n SaaS que le permite crear un widget de Viber Chat usted mismo. Vea lo f\u00e1cil que es el proceso: trabaje directamente en el editor en l\u00ednea para crear un widget de Viber Chat que le gustar\u00eda ver en su sitio web OpenCart. Elija una de las plantillas predise\u00f1adas y ajuste la configuraci\u00f3n de Viber Chat, agregue su contenido, cambie el dise\u00f1o y los colores sin conocimientos de codificaci\u00f3n. Guarde Viber Chat y copie su c\u00f3digo de instalaci\u00f3n, que puede agregar en su sitio web OpenCart sin necesidad de comprar una versi\u00f3n paga. Con nuestro editor intuitivo, cualquier usuario de Internet puede crear un widget de Viber Chat en l\u00ednea e incrustarlo f\u00e1cilmente en su sitio web OpenCart. No es necesario pagar ni ingresar las credenciales de su tarjeta para acceder al servicio. Si tiene alg\u00fan problema en cualquier paso, no dude en ponerse en contacto con nuestro equipo de soporte t\u00e9cnico.<\/p> <\/div>\r\n\t\t\t\t\t<\/div>\r\n\t\t\t\t<\/div> <\/div> <\/div>","protected":false},"excerpt":{"rendered":"","protected":false},"author":9,"featured_media":0,"parent":717,"menu_order":0,"comment_status":"closed","ping_status":"closed","template":"templates\/template-application-platform.php","meta":{"publish_to_discourse":"","publish_post_category":"","wpdc_auto_publish_overridden":"","wpdc_topic_tags":"","wpdc_pin_topic":"","wpdc_pin_until":"","discourse_post_id":"","discourse_permalink":"","wpdc_publishing_response":"","wpdc_publishing_error":"","footnotes":""},"class_list":["post-8187","page","type-page","status-publish","hentry"],"yoast_head":"<!-- This site is optimized with the Yoast SEO plugin v25.3.1 - https:\/\/yoast.com\/wordpress\/plugins\/seo\/ -->\n<title>Agregue Viber Chat al sitio web OpenCart sin codificaci\u00f3n (2025)<\/title>\n<meta name=\"description\" content=\"Incorpore Viber Chat en el sitio para una comunicaci\u00f3n m\u00e1s f\u00e1cil y r\u00e1pida con los clientes. Pruebe la demostraci\u00f3n gratuita de Elfsight para crear su complemento personalizado ahora.\" \/>\n<meta name=\"robots\" content=\"index, follow, max-snippet:-1, max-image-preview:large, max-video-preview:-1\" \/>\n<link rel=\"canonical\" href=\"https:\/\/elfsight.com\/es\/viber-chat-widget\/opencart\/\" \/>\n<meta property=\"og:locale\" content=\"es_ES\" \/>\n<meta property=\"og:type\" content=\"article\" \/>\n<meta property=\"og:title\" content=\"Agregue Viber Chat al sitio web OpenCart sin codificaci\u00f3n (2025)\" \/>\n<meta property=\"og:description\" content=\"Incorpore Viber Chat en el sitio para una comunicaci\u00f3n m\u00e1s f\u00e1cil y r\u00e1pida con los clientes. Pruebe la demostraci\u00f3n gratuita de Elfsight para crear su complemento personalizado ahora.\" \/>\n<meta property=\"og:url\" content=\"https:\/\/elfsight.com\/es\/viber-chat-widget\/opencart\/\" \/>\n<meta property=\"og:site_name\" content=\"Elfsight ES\" \/>\n<meta property=\"article:modified_time\" content=\"2025-02-06T15:39:32+00:00\" \/>\n<meta name=\"twitter:card\" content=\"summary_large_image\" \/>\n<meta name=\"twitter:label1\" content=\"Tiempo de lectura\" \/>\n\t<meta name=\"twitter:data1\" content=\"3 minutos\" \/>\n<!-- \/ Yoast SEO plugin. -->","yoast_head_json":{"title":"Agregue Viber Chat al sitio web OpenCart sin codificaci\u00f3n (2025)","description":"Incorpore Viber Chat en el sitio para una comunicaci\u00f3n m\u00e1s f\u00e1cil y r\u00e1pida con los clientes. Pruebe la demostraci\u00f3n gratuita de Elfsight para crear su complemento personalizado ahora.","robots":{"index":"index","follow":"follow","max-snippet":"max-snippet:-1","max-image-preview":"max-image-preview:large","max-video-preview":"max-video-preview:-1"},"canonical":"https:\/\/elfsight.com\/es\/viber-chat-widget\/opencart\/","og_locale":"es_ES","og_type":"article","og_title":"Agregue Viber Chat al sitio web OpenCart sin codificaci\u00f3n (2025)","og_description":"Incorpore Viber Chat en el sitio para una comunicaci\u00f3n m\u00e1s f\u00e1cil y r\u00e1pida con los clientes. Pruebe la demostraci\u00f3n gratuita de Elfsight para crear su complemento personalizado ahora.","og_url":"https:\/\/elfsight.com\/es\/viber-chat-widget\/opencart\/","og_site_name":"Elfsight ES","article_modified_time":"2025-02-06T15:39:32+00:00","twitter_card":"summary_large_image","twitter_misc":{"Tiempo de lectura":"3 minutos"},"schema":{"@context":"https:\/\/schema.org","@graph":[{"@type":"WebPage","@id":"https:\/\/elfsight.com\/es\/viber-chat-widget\/opencart\/","url":"https:\/\/elfsight.com\/es\/viber-chat-widget\/opencart\/","name":"Agregue Viber Chat al sitio web OpenCart sin codificaci\u00f3n (2025)","isPartOf":{"@id":"https:\/\/elfsight.com\/es\/#website"},"datePublished":"1970-01-01T00:00:00+00:00","dateModified":"2025-02-06T15:39:32+00:00","description":"Incorpore Viber Chat en el sitio para una comunicaci\u00f3n m\u00e1s f\u00e1cil y r\u00e1pida con los clientes. Pruebe la demostraci\u00f3n gratuita de Elfsight para crear su complemento personalizado ahora.","breadcrumb":{"@id":"https:\/\/elfsight.com\/es\/viber-chat-widget\/opencart\/#breadcrumb"},"inLanguage":"es","potentialAction":[{"@type":"ReadAction","target":["https:\/\/elfsight.com\/es\/viber-chat-widget\/opencart\/"]}]},{"@type":"BreadcrumbList","@id":"https:\/\/elfsight.com\/es\/viber-chat-widget\/opencart\/#breadcrumb","itemListElement":[{"@type":"ListItem","position":1,"name":"Home","item":"https:\/\/elfsight.com\/es\/"},{"@type":"ListItem","position":2,"name":"Viber Chat","item":"https:\/\/elfsight.com\/es\/viber-chat-widget\/"},{"@type":"ListItem","position":3,"name":"Viber Chat &#8211; OpenCart"}]},{"@type":"WebSite","@id":"https:\/\/elfsight.com\/es\/#website","url":"https:\/\/elfsight.com\/es\/","name":"Elfsight ES","description":"Just another Elfsight Sites site","potentialAction":[{"@type":"SearchAction","target":{"@type":"EntryPoint","urlTemplate":"https:\/\/elfsight.com\/es\/?s={search_term_string}"},"query-input":{"@type":"PropertyValueSpecification","valueRequired":true,"valueName":"search_term_string"}}],"inLanguage":"es"}]}},"meta_box":{"industry":"","seo_heading":"","heading":"","description":"","cta_heading":"","cta_description":"","application":"716","h1":"Chat Viber OpenCart","h1_caption":"Ofrezca Viber como canal de comunicaci\u00f3n en su sitio web, facilitando que los visitantes accedan a su sitio web Opencart sin esfuerzo.","application_category":[],"applications_title":"","applications_request_title":"","applications_request_button_text":"","hero_text":"","hero_video":"","hero_video_schema_markup":"","selling_points_title":"","selling_points_caption":"","selling_points":[],"selling_points_cta_text":"","features_title":"","features":"","ed_cta_examples_text":"","ed_cta_examples_hidden":"","ed_cta_demo_text":"","ed_cta_demo_hidden":"","why_caption":"","why_editor_title":"","why_editor_text":"","why_team_title":"","why_team_text":"","why_service_title":"","why_service_text":"","template_catalog_visible":"","template_catalog_title":"","template_catalog_text":"","template_catalog_categories_visible":"","demo_title":"Crea tu extensi\u00f3n de Viber Chat","demo_caption":"\u00a1Configure su Viber Chat y agr\u00e9guelo a su sitio web OpenCart gratis!","default_faq_hidden":"","app_template_category":[],"platform":"88","template_public_id":"","codecanyon_url":"","codecanyon_item_id":"","codecanyon_price":"","pricing_caption":"","pricing_elfsight_apps_hide_column":"","pricing_elfsight_apps_url":"","pricing_codecanyon_price_caption":"","integration_category":[],"integration_request_title":"","integration_request_cta":"","integration_platform":"","integrations":[],"platform_category":[],"video_schema_markup":"","price":"desde $0 \/ mes","trial":"","benefits":[{"text":"Servicio de instalaci\u00f3n gratuito"},{"text":"Servicio al cliente competente"},{"text":"Garant\u00eda de devoluci\u00f3n de dinero de 14 d\u00edas"},{"text":"Mejoras peri\u00f3dicas"}],"button_url":"#demo","button_target_blank":"","button_nofollow":"","attributes":[{"name":"Instalaciones","content":"10,000 - 100,000"},{"name":"Sensible","content":"S\u00ed"},{"name":"Navegadores compatibles","content":"Firefox, Safari, Opera, Edge, Chrome"}],"tags":[],"tags_disable_links":"","hide_more_platforms":"","video_object":"","demo_hide_cta":"","demo_hide_cloud_options":"","pricing_title":"","pricing":[{"pricing_icon":"platform","pricing_title":"Elfsight Apps","pricing_title_caption":"Soluci\u00f3n digital multiplataforma","pricing_price":"desde $0 \/ mes","pricing_price_caption":"comienza con el plan gratuito","pricing_benefits":[{"text":"Dominios ilimitados"},{"text":"Soporte empresarial dedicado"},{"text":"Soporte de instalaci\u00f3n gratuito"},{"text":"Totalmente personalizable"}],"pricing_button_text":"A\u00f1adir al sitio web","pricing_button_url":"#demo"}],"related_apps_title":"","related_apps_hidden":"","author":"","image":[],"title":"","job":"","social_networks":[]},"_links":{"self":[{"href":"https:\/\/elfsight.com\/es\/wp-json\/wp\/v2\/pages\/8187","targetHints":{"allow":["GET"]}}],"collection":[{"href":"https:\/\/elfsight.com\/es\/wp-json\/wp\/v2\/pages"}],"about":[{"href":"https:\/\/elfsight.com\/es\/wp-json\/wp\/v2\/types\/page"}],"author":[{"embeddable":true,"href":"https:\/\/elfsight.com\/es\/wp-json\/wp\/v2\/users\/9"}],"replies":[{"embeddable":true,"href":"https:\/\/elfsight.com\/es\/wp-json\/wp\/v2\/comments?post=8187"}],"version-history":[{"count":2,"href":"https:\/\/elfsight.com\/es\/wp-json\/wp\/v2\/pages\/8187\/revisions"}],"predecessor-version":[{"id":18596,"href":"https:\/\/elfsight.com\/es\/wp-json\/wp\/v2\/pages\/8187\/revisions\/18596"}],"up":[{"embeddable":true,"href":"https:\/\/elfsight.com\/es\/wp-json\/wp\/v2\/pages\/717"}],"wp:attachment":[{"href":"https:\/\/elfsight.com\/es\/wp-json\/wp\/v2\/media?parent=8187"}],"curies":[{"name":"wp","href":"https:\/\/api.w.org\/{rel}","templated":true}]}}