{"id":8181,"date":"1970-01-01T00:00:00","date_gmt":"1970-01-01T00:00:00","guid":{"rendered":"https:\/\/elfsight.com\/es\/?page_id=8181"},"modified":"2025-02-06T15:39:40","modified_gmt":"2025-02-06T15:39:40","slug":"magento","status":"publish","type":"page","link":"https:\/\/elfsight.com\/es\/viber-chat-widget\/magento\/","title":{"rendered":"Viber Chat &#8211; Magento"},"content":{"rendered":"<div class=\"application-platform-content-item-description application-platform-content-item\" id=\"description\" data-nav-section=\"description\"> <h2>Descripci\u00f3n<\/h2><p>Viber Chat de Elfsight es una de las formas m\u00e1s r\u00e1pidas para que los usuarios se dirijan a usted a trav\u00e9s de su sitio web. Cada usuario obtendr\u00e1 r\u00e1pidamente respuestas a sus preguntas o ayuda de su parte. Mant\u00e9ngase disponible en l\u00ednea en uno de los chats favoritos. Puede elegir Elfsight Viber Chat para mostrarlo en p\u00e1ginas espec\u00edficas y dirigirlo a categor\u00edas particulares de visitantes. Hay muchas posibilidades de personalizaci\u00f3n: elija activadores de inicio de chat, redacte su texto de bienvenida, seleccione \u00edconos y mucho m\u00e1s. Al tener Viber Chat en la p\u00e1gina, puedes permanecer conectado con las personas en todo momento y desde cualquier lugar.<\/p><p><b>Haz que tu sitio sea m\u00e1s eficiente para objetivos comerciales con Viber Chat<\/b><\/p><\/div> <div class=\"application-platform-content-item-features application-platform-content-item\" id=\"features\" data-nav-section=\"features\"> <h2>Estas son solo algunas de las caracter\u00edsticas del widget:<\/h2><ul><li>Una colecci\u00f3n de \u00edconos de burbujas para que elijas<\/li><li>Editable texto de burbuja<\/li><li>Encabezado de FlexibleChat con imagen de p\u00e1gina, nombre y t\u00edtulo<\/li><li>Opci\u00f3n para editar el nombre del chat<\/li><li>Usar texto personalizado como t\u00edtulo<\/li><li>Mensaje de bienvenida editable usando opciones de formato y enlaces<\/li><\/ul><p><a href=\"#demo\">Simplemente consulte esta demostraci\u00f3n para tener una idea completa<\/a><\/p><\/div> <div class=\"application-platform-content-item-installation application-platform-content-item\" id=\"installation\" data-nav-section=\"installation\"> <h2>\u00bfC\u00f3mo agregar Viber Chat a mi sitio web Magento?<\/h2><p>Simplemente siga los pasos que se describen a continuaci\u00f3n para activar el complemento.<\/p><ol><li><b>Administre nuestra demostraci\u00f3n gratuita y comience a crear su propia extensi\u00f3n. <\/b><br> Elija el aspecto y las opciones deseables de la extensi\u00f3n y aplique todas las modificaciones. <\/li> <li><b>Copia el c\u00f3digo \u00fanico que se muestra en el cuadro de Elfsight Apps. <\/b><br> Una vez realizada la personalizaci\u00f3n de su extensi\u00f3n, copie su c\u00f3digo en la ventana emergente que aparece y gu\u00e1rdelo para su uso posterior. <\/li> <li><b>Comience a utilizar la extensi\u00f3n en su sitio web Magento. <\/b><br>Incrusta el c\u00f3digo copiado anteriormente en tu p\u00e1gina web y guarda los ajustes. <\/li> <li><b>\u00a1Ya terminaste! La incrustaci\u00f3n ha finalizado por completo. <\/b><br> Vaya a su sitio web para inspeccionar c\u00f3mo est\u00e1 funcionando la extensi\u00f3n. <\/li><\/ol><p>En caso de tener consultas o encontrar alg\u00fan problema, no dude en ponerse en contacto con nuestro equipo de atenci\u00f3n al cliente. Nuestros especialistas estar\u00e1n encantados de resolver todas las dificultades que pueda tener con el producto.<\/p><div class=\"faq\" data-component=\"FAQ\"> <div class=\"faq-item\">\r\n\t\t\t\t\t<div class=\"faq-item-question\">\r\n\t\t\t\t\t\t<h3 class=\"faq-item-question-text\">\u00bfC\u00f3mo puedo agregar Viber Chat a mi sitio web Magento sin conocimientos de codificaci\u00f3n?<\/h3>\r\n\r\n\t\t\t\t\t\t<div class=\"faq-item-question-icon\"><\/div>\r\n\t\t\t\t\t<\/div>\r\n\r\n\t\t\t\t\t<div class=\"faq-item-answer\">\r\n\t\t\t\t\t\t<div class=\"faq-item-answer-text\"> <p>Elfsight proporciona una soluci\u00f3n SaaS que le permite crear un widget de Viber Chat usted mismo. Vea lo f\u00e1cil que es el proceso: trabaje directamente en el editor en l\u00ednea para crear un widget de Viber Chat que le gustar\u00eda ver en su sitio web Magento. Elija una de las plantillas predise\u00f1adas y ajuste la configuraci\u00f3n de Viber Chat, agregue su contenido, cambie el dise\u00f1o y la combinaci\u00f3n de colores sin conocimientos de codificaci\u00f3n. Guarde Viber Chat y copie su c\u00f3digo de instalaci\u00f3n, que simplemente puede agregar a su sitio web Magento sin comprar una suscripci\u00f3n paga. Con nuestro editor intuitivo, cualquier usuario de Internet puede crear un widget de Viber Chat en l\u00ednea e incrustarlo f\u00e1cilmente en su sitio web Magento. No es necesario pagar ni ingresar las credenciales de su tarjeta para acceder al servicio. Si tiene alg\u00fan problema en cualquier paso, no dude en ponerse en contacto con nuestro equipo de soporte t\u00e9cnico.<\/p> <\/div>\r\n\t\t\t\t\t<\/div>\r\n\t\t\t\t<\/div> <\/div> <\/div>","protected":false},"excerpt":{"rendered":"","protected":false},"author":9,"featured_media":0,"parent":717,"menu_order":0,"comment_status":"closed","ping_status":"closed","template":"templates\/template-application-platform.php","meta":{"publish_to_discourse":"","publish_post_category":"","wpdc_auto_publish_overridden":"","wpdc_topic_tags":"","wpdc_pin_topic":"","wpdc_pin_until":"","discourse_post_id":"","discourse_permalink":"","wpdc_publishing_response":"","wpdc_publishing_error":"","footnotes":""},"class_list":["post-8181","page","type-page","status-publish","hentry"],"yoast_head":"<!-- This site is optimized with the Yoast SEO plugin v25.3.1 - https:\/\/yoast.com\/wordpress\/plugins\/seo\/ -->\n<title>Agregue Viber Chat al sitio web de Magento sin codificaci\u00f3n (2026)<\/title>\n<meta name=\"description\" content=\"Agregue Viber Chat a su sitio web para una comunicaci\u00f3n m\u00e1s f\u00e1cil e instant\u00e1nea con los visitantes. Pruebe la demostraci\u00f3n de Elfsight para crear su propio complemento ahora mismo.\" \/>\n<meta name=\"robots\" content=\"index, follow, max-snippet:-1, max-image-preview:large, max-video-preview:-1\" \/>\n<link rel=\"canonical\" href=\"https:\/\/elfsight.com\/es\/viber-chat-widget\/magento\/\" \/>\n<meta property=\"og:locale\" content=\"es_ES\" \/>\n<meta property=\"og:type\" content=\"article\" \/>\n<meta property=\"og:title\" content=\"Agregue Viber Chat al sitio web de Magento sin codificaci\u00f3n (2026)\" \/>\n<meta property=\"og:description\" content=\"Agregue Viber Chat a su sitio web para una comunicaci\u00f3n m\u00e1s f\u00e1cil e instant\u00e1nea con los visitantes. Pruebe la demostraci\u00f3n de Elfsight para crear su propio complemento ahora mismo.\" \/>\n<meta property=\"og:url\" content=\"https:\/\/elfsight.com\/es\/viber-chat-widget\/magento\/\" \/>\n<meta property=\"og:site_name\" content=\"Elfsight ES\" \/>\n<meta property=\"article:modified_time\" content=\"2025-02-06T15:39:40+00:00\" \/>\n<meta name=\"twitter:card\" content=\"summary_large_image\" \/>\n<meta name=\"twitter:label1\" content=\"Tiempo de lectura\" \/>\n\t<meta name=\"twitter:data1\" content=\"3 minutos\" \/>\n<!-- \/ Yoast SEO plugin. -->","yoast_head_json":{"title":"Agregue Viber Chat al sitio web de Magento sin codificaci\u00f3n (2026)","description":"Agregue Viber Chat a su sitio web para una comunicaci\u00f3n m\u00e1s f\u00e1cil e instant\u00e1nea con los visitantes. Pruebe la demostraci\u00f3n de Elfsight para crear su propio complemento ahora mismo.","robots":{"index":"index","follow":"follow","max-snippet":"max-snippet:-1","max-image-preview":"max-image-preview:large","max-video-preview":"max-video-preview:-1"},"canonical":"https:\/\/elfsight.com\/es\/viber-chat-widget\/magento\/","og_locale":"es_ES","og_type":"article","og_title":"Agregue Viber Chat al sitio web de Magento sin codificaci\u00f3n (2026)","og_description":"Agregue Viber Chat a su sitio web para una comunicaci\u00f3n m\u00e1s f\u00e1cil e instant\u00e1nea con los visitantes. Pruebe la demostraci\u00f3n de Elfsight para crear su propio complemento ahora mismo.","og_url":"https:\/\/elfsight.com\/es\/viber-chat-widget\/magento\/","og_site_name":"Elfsight ES","article_modified_time":"2025-02-06T15:39:40+00:00","twitter_card":"summary_large_image","twitter_misc":{"Tiempo de lectura":"3 minutos"},"schema":{"@context":"https:\/\/schema.org","@graph":[{"@type":"WebPage","@id":"https:\/\/elfsight.com\/es\/viber-chat-widget\/magento\/","url":"https:\/\/elfsight.com\/es\/viber-chat-widget\/magento\/","name":"Agregue Viber Chat al sitio web de Magento sin codificaci\u00f3n (2026)","isPartOf":{"@id":"https:\/\/elfsight.com\/es\/#website"},"datePublished":"1970-01-01T00:00:00+00:00","dateModified":"2025-02-06T15:39:40+00:00","description":"Agregue Viber Chat a su sitio web para una comunicaci\u00f3n m\u00e1s f\u00e1cil e instant\u00e1nea con los visitantes. Pruebe la demostraci\u00f3n de Elfsight para crear su propio complemento ahora mismo.","breadcrumb":{"@id":"https:\/\/elfsight.com\/es\/viber-chat-widget\/magento\/#breadcrumb"},"inLanguage":"es","potentialAction":[{"@type":"ReadAction","target":["https:\/\/elfsight.com\/es\/viber-chat-widget\/magento\/"]}]},{"@type":"BreadcrumbList","@id":"https:\/\/elfsight.com\/es\/viber-chat-widget\/magento\/#breadcrumb","itemListElement":[{"@type":"ListItem","position":1,"name":"Home","item":"https:\/\/elfsight.com\/es\/"},{"@type":"ListItem","position":2,"name":"Viber Chat","item":"https:\/\/elfsight.com\/es\/viber-chat-widget\/"},{"@type":"ListItem","position":3,"name":"Viber Chat &#8211; Magento"}]},{"@type":"WebSite","@id":"https:\/\/elfsight.com\/es\/#website","url":"https:\/\/elfsight.com\/es\/","name":"Elfsight ES","description":"Just another Elfsight Sites site","potentialAction":[{"@type":"SearchAction","target":{"@type":"EntryPoint","urlTemplate":"https:\/\/elfsight.com\/es\/?s={search_term_string}"},"query-input":{"@type":"PropertyValueSpecification","valueRequired":true,"valueName":"search_term_string"}}],"inLanguage":"es"}]}},"meta_box":{"industry":"","seo_heading":"","heading":"","description":"","cta_heading":"","cta_description":"","application":"716","h1":"Chat Viber Magento","h1_caption":"Ofrezca Viber como canal de comunicaci\u00f3n en su sitio web, facilitando que los visitantes accedan a su sitio web Magento sin esfuerzo.","application_category":[],"applications_title":"","applications_request_title":"","applications_request_button_text":"","hero_text":"","hero_video":"","hero_video_schema_markup":"","selling_points_title":"","selling_points_caption":"","selling_points":[],"selling_points_cta_text":"","features_title":"","features":"","ed_cta_examples_text":"","ed_cta_examples_hidden":"","ed_cta_demo_text":"","ed_cta_demo_hidden":"","why_caption":"","why_editor_title":"","why_editor_text":"","why_team_title":"","why_team_text":"","why_service_title":"","why_service_text":"","template_catalog_visible":"","template_catalog_title":"","template_catalog_text":"","template_catalog_categories_visible":"","demo_title":"Crea tu extensi\u00f3n de Viber Chat","demo_caption":"\u00a1Configure su Viber Chat y agr\u00e9guelo a su sitio web Magento gratis!","default_faq_hidden":"","app_template_category":[],"platform":"82","template_public_id":"","codecanyon_url":"","codecanyon_item_id":"","codecanyon_price":"","pricing_caption":"","pricing_elfsight_apps_hide_column":"","pricing_elfsight_apps_url":"","pricing_codecanyon_price_caption":"","integration_category":[],"integration_request_title":"","integration_request_cta":"","integration_platform":"","integrations":[],"platform_category":[],"video_schema_markup":"","price":"desde $0 \/ mes","trial":"","benefits":[{"text":"Asistencia de instalaci\u00f3n gratuita"},{"text":"Atenci\u00f3n al cliente experimentada"},{"text":"Garant\u00eda de reembolso de 14 d\u00edas"},{"text":"Desarrollo continuo"}],"button_url":"#demo","button_target_blank":"","button_nofollow":"","attributes":[{"name":"Instalaciones","content":"10,000 - 100,000"},{"name":"Sensible","content":"S\u00ed"},{"name":"Navegadores compatibles","content":"Firefox, Safari, Opera, Chrome, Edge"}],"tags":[],"tags_disable_links":"","hide_more_platforms":"","video_object":"","demo_hide_cta":"","demo_hide_cloud_options":"","pricing_title":"","pricing":[{"pricing_icon":"platform","pricing_title":"Elfsight Apps","pricing_title_caption":"Soluci\u00f3n digital multiplataforma que funciona en cualquier sitio web","pricing_price":"desde $0 \/ mes","pricing_price_caption":"comienza con un plan gratuito","pricing_benefits":[{"text":"Dominios ilimitados"},{"text":"Atenci\u00f3n al cliente premium y bien documentada."},{"text":"Soporte de instalaci\u00f3n gratuito"},{"text":"Dise\u00f1o flexible"}],"pricing_button_text":"A\u00f1adir al sitio web","pricing_button_url":"#demo"}],"related_apps_title":"","related_apps_hidden":"","author":"","image":[],"title":"","job":"","social_networks":[]},"_links":{"self":[{"href":"https:\/\/elfsight.com\/es\/wp-json\/wp\/v2\/pages\/8181","targetHints":{"allow":["GET"]}}],"collection":[{"href":"https:\/\/elfsight.com\/es\/wp-json\/wp\/v2\/pages"}],"about":[{"href":"https:\/\/elfsight.com\/es\/wp-json\/wp\/v2\/types\/page"}],"author":[{"embeddable":true,"href":"https:\/\/elfsight.com\/es\/wp-json\/wp\/v2\/users\/9"}],"replies":[{"embeddable":true,"href":"https:\/\/elfsight.com\/es\/wp-json\/wp\/v2\/comments?post=8181"}],"version-history":[{"count":2,"href":"https:\/\/elfsight.com\/es\/wp-json\/wp\/v2\/pages\/8181\/revisions"}],"predecessor-version":[{"id":18598,"href":"https:\/\/elfsight.com\/es\/wp-json\/wp\/v2\/pages\/8181\/revisions\/18598"}],"up":[{"embeddable":true,"href":"https:\/\/elfsight.com\/es\/wp-json\/wp\/v2\/pages\/717"}],"wp:attachment":[{"href":"https:\/\/elfsight.com\/es\/wp-json\/wp\/v2\/media?parent=8181"}],"curies":[{"name":"wp","href":"https:\/\/api.w.org\/{rel}","templated":true}]}}