{"id":8173,"date":"1970-01-01T00:00:00","date_gmt":"1970-01-01T00:00:00","guid":{"rendered":"https:\/\/elfsight.com\/es\/?page_id=8173"},"modified":"2025-02-06T15:39:50","modified_gmt":"2025-02-06T15:39:50","slug":"jimdo","status":"publish","type":"page","link":"https:\/\/elfsight.com\/es\/viber-chat-widget\/jimdo\/","title":{"rendered":"Viber Chat &#8211; Jimdo"},"content":{"rendered":"<div class=\"application-platform-content-item-description application-platform-content-item\" id=\"description\" data-nav-section=\"description\"><h2>Descripci\u00f3n<\/h2> <p>Viber Chat creado por Elfsight es la forma m\u00e1s sencilla para que las personas de su sitio web se comuniquen con usted y obtengan respuestas a sus preguntas y solicitudes. Eres libre de permanecer disponible en l\u00ednea para la clientela en su querido Messenger las 24 horas, los 7 d\u00edas de la semana. Agregue Viber Chat a una p\u00e1gina web y podr\u00e1 aparecer en las p\u00e1ginas m\u00e1s importantes o para tipos espec\u00edficos de clientes, seleccionar activadores de inicio de chat, mostrar su propio mensaje de bienvenida, alinear \u00edconos y aplicar otras personalizaciones. Al utilizar el chat de Viber instalado en el sitio, permanecer\u00e1 informado de sus visitantes en cualquier momento y sin importar su ubicaci\u00f3n. <\/p><p><b>Haga que su sitio sea m\u00e1s eficaz para los objetivos comerciales con la ayuda de Viber Chat.<\/b><\/p> <\/div> <div class=\"application-platform-content-item-features application-platform-content-item\" id=\"features\" data-nav-section=\"features\"> <h2>Vea la lista de las funciones m\u00e1s potentes: <\/h2> <ul><li>Inserte Viber Messenger en su tienda para estar siempre disponible para los usuarios<\/li><li>Responda a los mensajes directamente desde su Viber p\u00e1gina<\/li><li> 3 tipos de ubicaci\u00f3n de chat: como burbuja flotante, burbuja incrustada y ventana de chat incrustada<\/li><li>Explore una biblioteca de \u00edconos de burbujas para tomar de<\/li><li>Texto de burbuja editable<\/li><\/ul><p><a href=\"#demo\">Simplemente consulte esta demostraci\u00f3n para ver c\u00f3mo funciona<\/a><\/p> <\/div> <div class=\"application-platform-content-item-installation application-platform-content-item\" id=\"installation\" data-nav-section=\"installation\"> <h2>\u00bfC\u00f3mo a\u00f1adir Viber Chat a un sitio web de Jimdo? <\/h2> <p>Simplemente siga las pautas a continuaci\u00f3n para activar el widget. <\/p> <ol><li><b>Emplee nuestro editor gratuito y comience a crear su widget personalizado. <\/b><br> Determine el dise\u00f1o seleccionado y la funcionalidad de la herramienta y guarde las ediciones. <\/li> <li><b>Obtenga el c\u00f3digo individual revelado en el cuadro de Elfsight Apps. <\/b><br> Cuando finalice la personalizaci\u00f3n de su herramienta personal, copie el c\u00f3digo personal en la ventana emergente que aparece y gu\u00e1rdelo para su uso posterior. <\/li> <li><b>Entra en el uso del widget en tu p\u00e1gina de inicio de Jimdo. <\/b><br>Implementa el c\u00f3digo que has guardado antes en tu p\u00e1gina de inicio y aplica las mejoras. <\/li> <li><b>La configuraci\u00f3n se realiz\u00f3 correctamente. <\/b><br>Visita su p\u00e1gina web para examinar el funcionamiento del widget. <\/li><\/ol> <p>Con la condici\u00f3n de resolver preguntas o enfrentar algunas dificultades, no dude en comunicarse con nuestro equipo de atenci\u00f3n al cliente. Nuestra gente estar\u00e1 encantada de ayudarle con todas las preguntas que pueda tener sobre el widget. <\/p> <div class=\"faq\" data-component=\"FAQ\"> <div class=\"faq-item\">\r\n\t\t\t\t\t<div class=\"faq-item-question\">\r\n\t\t\t\t\t\t<h3 class=\"faq-item-question-text\">\u00bfC\u00f3mo puedo a\u00f1adir Viber Chat a mi sitio web Jimdo sin conocimientos de codificaci\u00f3n?<\/h3>\r\n\r\n\t\t\t\t\t\t<div class=\"faq-item-question-icon\"><\/div>\r\n\t\t\t\t\t<\/div>\r\n\r\n\t\t\t\t\t<div class=\"faq-item-answer\">\r\n\t\t\t\t\t\t<div class=\"faq-item-answer-text\"> <p>Elfsight proporciona una soluci\u00f3n SaaS que te permite crear un widget de Viber Chat t\u00fa mismo. Mira lo f\u00e1cil que es el proceso: trabaja directamente en el editor en l\u00ednea para crear un widget de Viber Chat que te gustar\u00eda ver en tu sitio web Jimdo. Elija una de las plantillas predise\u00f1adas y ajuste la configuraci\u00f3n de Viber Chat, agregue su contenido, cambie el dise\u00f1o y la combinaci\u00f3n de colores sin conocimientos de codificaci\u00f3n. Guarda Viber Chat y copia su c\u00f3digo de instalaci\u00f3n, que puedes insertar f\u00e1cilmente en tu sitio web Jimdo sin necesidad de comprar una versi\u00f3n paga. Con nuestro editor intuitivo, cualquier usuario de Internet puede crear un widget de Viber Chat en l\u00ednea e incrustarlo f\u00e1cilmente en su sitio web Jimdo. No es necesario pagar ni ingresar las credenciales de su tarjeta para acceder al servicio. Si tiene alg\u00fan problema en cualquier paso, no dude en ponerse en contacto con nuestro equipo de soporte t\u00e9cnico.<\/p> <\/div>\r\n\t\t\t\t\t<\/div>\r\n\t\t\t\t<\/div> <\/div> <\/div>","protected":false},"excerpt":{"rendered":"","protected":false},"author":9,"featured_media":0,"parent":717,"menu_order":0,"comment_status":"closed","ping_status":"closed","template":"templates\/template-application-platform.php","meta":{"publish_to_discourse":"","publish_post_category":"","wpdc_auto_publish_overridden":"","wpdc_topic_tags":"","wpdc_pin_topic":"","wpdc_pin_until":"","discourse_post_id":"","discourse_permalink":"","wpdc_publishing_response":"","wpdc_publishing_error":"","footnotes":""},"class_list":["post-8173","page","type-page","status-publish","hentry"],"yoast_head":"<!-- This site is optimized with the Yoast SEO plugin v25.3.1 - https:\/\/yoast.com\/wordpress\/plugins\/seo\/ -->\n<title>A\u00f1ade Viber Chat al sitio web de Jimdo sin codificar (2025)<\/title>\n<meta name=\"description\" content=\"Agregue Viber Chat a su sitio para una comunicaci\u00f3n mejor y m\u00e1s r\u00e1pida con los clientes. Pruebe la demostraci\u00f3n gratuita de Elfsight para configurar su widget personalizado ahora.\" \/>\n<meta name=\"robots\" content=\"index, follow, max-snippet:-1, max-image-preview:large, max-video-preview:-1\" \/>\n<link rel=\"canonical\" href=\"https:\/\/elfsight.com\/es\/viber-chat-widget\/jimdo\/\" \/>\n<meta property=\"og:locale\" content=\"es_ES\" \/>\n<meta property=\"og:type\" content=\"article\" \/>\n<meta property=\"og:title\" content=\"A\u00f1ade Viber Chat al sitio web de Jimdo sin codificar (2025)\" \/>\n<meta property=\"og:description\" content=\"Agregue Viber Chat a su sitio para una comunicaci\u00f3n mejor y m\u00e1s r\u00e1pida con los clientes. Pruebe la demostraci\u00f3n gratuita de Elfsight para configurar su widget personalizado ahora.\" \/>\n<meta property=\"og:url\" content=\"https:\/\/elfsight.com\/es\/viber-chat-widget\/jimdo\/\" \/>\n<meta property=\"og:site_name\" content=\"Elfsight ES\" \/>\n<meta property=\"article:modified_time\" content=\"2025-02-06T15:39:50+00:00\" \/>\n<meta name=\"twitter:card\" content=\"summary_large_image\" \/>\n<meta name=\"twitter:label1\" content=\"Tiempo de lectura\" \/>\n\t<meta name=\"twitter:data1\" content=\"3 minutos\" \/>\n<!-- \/ Yoast SEO plugin. -->","yoast_head_json":{"title":"A\u00f1ade Viber Chat al sitio web de Jimdo sin codificar (2025)","description":"Agregue Viber Chat a su sitio para una comunicaci\u00f3n mejor y m\u00e1s r\u00e1pida con los clientes. Pruebe la demostraci\u00f3n gratuita de Elfsight para configurar su widget personalizado ahora.","robots":{"index":"index","follow":"follow","max-snippet":"max-snippet:-1","max-image-preview":"max-image-preview:large","max-video-preview":"max-video-preview:-1"},"canonical":"https:\/\/elfsight.com\/es\/viber-chat-widget\/jimdo\/","og_locale":"es_ES","og_type":"article","og_title":"A\u00f1ade Viber Chat al sitio web de Jimdo sin codificar (2025)","og_description":"Agregue Viber Chat a su sitio para una comunicaci\u00f3n mejor y m\u00e1s r\u00e1pida con los clientes. Pruebe la demostraci\u00f3n gratuita de Elfsight para configurar su widget personalizado ahora.","og_url":"https:\/\/elfsight.com\/es\/viber-chat-widget\/jimdo\/","og_site_name":"Elfsight ES","article_modified_time":"2025-02-06T15:39:50+00:00","twitter_card":"summary_large_image","twitter_misc":{"Tiempo de lectura":"3 minutos"},"schema":{"@context":"https:\/\/schema.org","@graph":[{"@type":"WebPage","@id":"https:\/\/elfsight.com\/es\/viber-chat-widget\/jimdo\/","url":"https:\/\/elfsight.com\/es\/viber-chat-widget\/jimdo\/","name":"A\u00f1ade Viber Chat al sitio web de Jimdo sin codificar (2025)","isPartOf":{"@id":"https:\/\/elfsight.com\/es\/#website"},"datePublished":"1970-01-01T00:00:00+00:00","dateModified":"2025-02-06T15:39:50+00:00","description":"Agregue Viber Chat a su sitio para una comunicaci\u00f3n mejor y m\u00e1s r\u00e1pida con los clientes. Pruebe la demostraci\u00f3n gratuita de Elfsight para configurar su widget personalizado ahora.","breadcrumb":{"@id":"https:\/\/elfsight.com\/es\/viber-chat-widget\/jimdo\/#breadcrumb"},"inLanguage":"es","potentialAction":[{"@type":"ReadAction","target":["https:\/\/elfsight.com\/es\/viber-chat-widget\/jimdo\/"]}]},{"@type":"BreadcrumbList","@id":"https:\/\/elfsight.com\/es\/viber-chat-widget\/jimdo\/#breadcrumb","itemListElement":[{"@type":"ListItem","position":1,"name":"Home","item":"https:\/\/elfsight.com\/es\/"},{"@type":"ListItem","position":2,"name":"Viber Chat","item":"https:\/\/elfsight.com\/es\/viber-chat-widget\/"},{"@type":"ListItem","position":3,"name":"Viber Chat &#8211; Jimdo"}]},{"@type":"WebSite","@id":"https:\/\/elfsight.com\/es\/#website","url":"https:\/\/elfsight.com\/es\/","name":"Elfsight ES","description":"Just another Elfsight Sites site","potentialAction":[{"@type":"SearchAction","target":{"@type":"EntryPoint","urlTemplate":"https:\/\/elfsight.com\/es\/?s={search_term_string}"},"query-input":{"@type":"PropertyValueSpecification","valueRequired":true,"valueName":"search_term_string"}}],"inLanguage":"es"}]}},"meta_box":{"industry":"","seo_heading":"","heading":"","description":"","cta_heading":"","cta_description":"","application":"716","h1":"Chat Viber de Jimdo","h1_caption":"Ofrece Viber como canal de comunicaci\u00f3n en tu sitio web, facilitando a los visitantes llegar a tu sitio web Jimdo sin esfuerzo.","application_category":[],"applications_title":"","applications_request_title":"","applications_request_button_text":"","hero_text":"","hero_video":"","hero_video_schema_markup":"","selling_points_title":"","selling_points_caption":"","selling_points":[],"selling_points_cta_text":"","features_title":"","features":"","ed_cta_examples_text":"","ed_cta_examples_hidden":"","ed_cta_demo_text":"","ed_cta_demo_hidden":"","why_caption":"","why_editor_title":"","why_editor_text":"","why_team_title":"","why_team_text":"","why_service_title":"","why_service_text":"","template_catalog_visible":"","template_catalog_title":"","template_catalog_text":"","template_catalog_categories_visible":"","demo_title":"Crea tu widget de chat de Viber","demo_caption":"\u00a1Configura tu Viber Chat y a\u00f1\u00e1delo a tu sitio web Jimdo gratis!","default_faq_hidden":"","app_template_category":[],"platform":"2198","template_public_id":"","codecanyon_url":"","codecanyon_item_id":"","codecanyon_price":"","pricing_caption":"","pricing_elfsight_apps_hide_column":"","pricing_elfsight_apps_url":"","pricing_codecanyon_price_caption":"","integration_category":[],"integration_request_title":"","integration_request_cta":"","integration_platform":"","integrations":[],"platform_category":[],"video_schema_markup":"","price":"desde $0 \/ mes","trial":"","benefits":[{"text":"Ayuda de instalaci\u00f3n gratuita"},{"text":"Atenci\u00f3n al cliente experimentada"},{"text":"Garant\u00eda de devoluci\u00f3n de dinero de 14 d\u00edas"},{"text":"Actualizando constantemente"}],"button_url":"#demo","button_target_blank":"","button_nofollow":"","attributes":[{"name":"Instalaciones","content":"10,000 - 100,000"},{"name":"Sensible","content":"S\u00ed"},{"name":"Navegadores compatibles","content":"Firefox, Safari, Opera, Chrome, Edge"}],"tags":[],"tags_disable_links":"","hide_more_platforms":"","video_object":"","demo_hide_cta":"","demo_hide_cloud_options":"","pricing_title":"","pricing":[{"pricing_icon":"platform","pricing_title":"Elfsight Apps","pricing_title_caption":"Soluci\u00f3n independiente de plataforma que se adapta a cualquier sitio web","pricing_price":"desde $0 \/ mes","pricing_price_caption":"comienza con un plan gratuito","pricing_benefits":[{"text":"N\u00famero ilimitado de dominios"},{"text":"Soporte gratuito de la empresa"},{"text":"Soporte de instalaci\u00f3n gratuito"},{"text":"Totalmente personalizable"}],"pricing_button_text":"A\u00f1adir al sitio web","pricing_button_url":"#demo"}],"related_apps_title":"","related_apps_hidden":"","author":"","image":[],"title":"","job":"","social_networks":[]},"_links":{"self":[{"href":"https:\/\/elfsight.com\/es\/wp-json\/wp\/v2\/pages\/8173","targetHints":{"allow":["GET"]}}],"collection":[{"href":"https:\/\/elfsight.com\/es\/wp-json\/wp\/v2\/pages"}],"about":[{"href":"https:\/\/elfsight.com\/es\/wp-json\/wp\/v2\/types\/page"}],"author":[{"embeddable":true,"href":"https:\/\/elfsight.com\/es\/wp-json\/wp\/v2\/users\/9"}],"replies":[{"embeddable":true,"href":"https:\/\/elfsight.com\/es\/wp-json\/wp\/v2\/comments?post=8173"}],"version-history":[{"count":2,"href":"https:\/\/elfsight.com\/es\/wp-json\/wp\/v2\/pages\/8173\/revisions"}],"predecessor-version":[{"id":18602,"href":"https:\/\/elfsight.com\/es\/wp-json\/wp\/v2\/pages\/8173\/revisions\/18602"}],"up":[{"embeddable":true,"href":"https:\/\/elfsight.com\/es\/wp-json\/wp\/v2\/pages\/717"}],"wp:attachment":[{"href":"https:\/\/elfsight.com\/es\/wp-json\/wp\/v2\/media?parent=8173"}],"curies":[{"name":"wp","href":"https:\/\/api.w.org\/{rel}","templated":true}]}}