{"id":8172,"date":"1970-01-01T00:00:00","date_gmt":"1970-01-01T00:00:00","guid":{"rendered":"https:\/\/elfsight.com\/es\/?page_id=8172"},"modified":"2025-02-06T15:39:50","modified_gmt":"2025-02-06T15:39:50","slug":"iframe","status":"publish","type":"page","link":"https:\/\/elfsight.com\/es\/viber-chat-widget\/iframe\/","title":{"rendered":"Viber Chat &#8211; iFrame"},"content":{"rendered":"<div class=\"application-platform-content-item-description application-platform-content-item\" id=\"description\" data-nav-section=\"description\"> <h2>Integre Viber Chat en iFrame con el widget de Elfsight<\/h2><p>Elfsight Viber Chat es la herramienta m\u00e1s conveniente para que los visitantes del sitio web se dirijan a usted en su sitio web. Cada usuario obtendr\u00e1 r\u00e1pidamente soluciones a sus preguntas o asistencia de su parte. Mantente disponible en vivo en uno de los chats m\u00e1s populares. Puede elegir que Elfsight Viber Chat se realice en p\u00e1ginas seleccionadas y orientarlo a categor\u00edas particulares de visitantes. El widget ofrece una variedad de posibilidades de personalizaci\u00f3n: asignar activadores de inicio de chat, escribir su propio texto de bienvenida, seleccionar iconos y otras funciones. Con la ayuda de Viber Chat en su sitio, permanecer\u00e1 accesible para los visitantes en todo momento y desde cualquier lugar.<\/p><p><b>\u00a1Inserte Viber Chat para lograr sus objetivos comerciales m\u00e1s r\u00e1pido!<\/b><\/p><\/div> <div class=\"application-platform-content-item-features application-platform-content-item\" id=\"features\" data-nav-section=\"features\"> <h2>Encuentre a continuaci\u00f3n las caracter\u00edsticas fundamentales del widget:<\/h2><ul><li>Una colecci\u00f3n de \u00edconos de burbujas para elegir<\/li><li>Opci\u00f3n para editar el texto de la burbuja<\/li><li>Encabezado de chat con imagen de p\u00e1gina, nombre y t\u00edtulo<\/li><li>Configurar la imagen de la p\u00e1gina de forma predeterminada, desde nuestra colecci\u00f3n o cargar una imagen personalizada<\/li><li>Configurar texto personalizado como t\u00edtulo<\/li><li>El texto del bot\u00f3n Iniciar chat se puede editar<\/li><\/ul><p><a href=\"#demo\">Puedes probar todas las capacidades del widget en la demostraci\u00f3n de este page<\/a><\/p><\/div> <div class=\"application-platform-content-item-installation application-platform-content-item\" id=\"installation\" data-nav-section=\"installation\"> <h2>\u00bfC\u00f3mo incrustar Viber Chat en mi sitio web iFrame?<\/h2><p>Simplemente siga estos pasos que se detallan a continuaci\u00f3n para activar la herramienta.<\/p><ol><li><b>Utilice nuestro editor gratuito y comience a darle forma a su complemento personalizado.<\/b><br>Elija el dise\u00f1o y las opciones adecuados de la herramienta y guarde las ediciones.<\/li><li><b>Copie el c\u00f3digo personal que se muestra en el cuadro de Elfsight Apps<\/b><br>Una vez finalizada la personalizaci\u00f3n de su herramienta, copie el c\u00f3digo exclusivo en la ventana emergente que aparece y gu\u00e1rdelo para su uso posterior.<\/li><li><b>Comience a usar la herramienta en la p\u00e1gina de inicio de iFrame<\/b><br>Inserte el c\u00f3digo que guard\u00f3 anteriormente en su p\u00e1gina web y guarde los ajustes.<\/li><li><b>La instalaci\u00f3n est\u00e1 completa realizado<\/b><br>Vaya a su sitio para ver c\u00f3mo funciona la herramienta.<\/li><\/ol><p>A condici\u00f3n de enfrentar preguntas o enfrentar algunos obst\u00e1culos, no dude en comunicarse con nuestro equipo de soporte. Nuestros consultores anhelan resolver todas las dificultades que pueda tener con la herramienta.<\/p><div class=\"faq\" data-component=\"FAQ\"> <div class=\"faq-item\">\r\n\t\t\t\t\t<div class=\"faq-item-question\">\r\n\t\t\t\t\t\t<h3 class=\"faq-item-question-text\">\u00bfC\u00f3mo puedo agregar Viber Chat a mi sitio web iFrame sin conocimientos de codificaci\u00f3n?<\/h3>\r\n\r\n\t\t\t\t\t\t<div class=\"faq-item-question-icon\"><\/div>\r\n\t\t\t\t\t<\/div>\r\n\r\n\t\t\t\t\t<div class=\"faq-item-answer\">\r\n\t\t\t\t\t\t<div class=\"faq-item-answer-text\"> <p>Elfsight proporciona una soluci\u00f3n SaaS que le permite crear un widget de Viber Chat usted mismo. Vea lo f\u00e1cil que es el proceso: trabaje directamente en el editor en l\u00ednea para crear un widget de Viber Chat que le gustar\u00eda ver en su sitio web iFrame. Elija una de las plantillas predise\u00f1adas y ajuste la configuraci\u00f3n de Viber Chat, agregue su contenido, cambie el dise\u00f1o y la combinaci\u00f3n de colores sin conocimientos de codificaci\u00f3n. Guarde Viber Chat y copie su c\u00f3digo de instalaci\u00f3n, que puede agregar f\u00e1cilmente en su sitio web iFrame sin necesidad de comprar una suscripci\u00f3n paga. Con nuestro editor intuitivo, cualquier usuario de Internet puede crear un widget de Viber Chat en l\u00ednea e incrustarlo f\u00e1cilmente en su sitio web iFrame. No es necesario pagar ni ingresar las credenciales de su tarjeta para acceder al servicio. Si tiene alg\u00fan problema en cualquier paso, no dude en ponerse en contacto con nuestro equipo de soporte t\u00e9cnico.<\/p> <\/div>\r\n\t\t\t\t\t<\/div>\r\n\t\t\t\t<\/div> <\/div> <\/div>","protected":false},"excerpt":{"rendered":"","protected":false},"author":9,"featured_media":0,"parent":717,"menu_order":0,"comment_status":"closed","ping_status":"closed","template":"templates\/template-application-platform.php","meta":{"publish_to_discourse":"","publish_post_category":"","wpdc_auto_publish_overridden":"","wpdc_topic_tags":"","wpdc_pin_topic":"","wpdc_pin_until":"","discourse_post_id":"","discourse_permalink":"","wpdc_publishing_response":"","wpdc_publishing_error":"","footnotes":""},"class_list":["post-8172","page","type-page","status-publish","hentry"],"yoast_head":"<!-- This site is optimized with the Yoast SEO plugin v25.3.1 - https:\/\/yoast.com\/wordpress\/plugins\/seo\/ -->\n<title>Agregue Viber Chat al sitio web iFrame sin codificaci\u00f3n (2026)<\/title>\n<meta name=\"description\" content=\"Agregue Viber Chat al sitio web para conectarse de forma fluida e inmediata con los usuarios. Pruebe la demostraci\u00f3n de Elfsight para darle forma a su complemento exclusivo ahora\" \/>\n<meta name=\"robots\" content=\"index, follow, max-snippet:-1, max-image-preview:large, max-video-preview:-1\" \/>\n<link rel=\"canonical\" href=\"https:\/\/elfsight.com\/es\/viber-chat-widget\/iframe\/\" \/>\n<meta property=\"og:locale\" content=\"es_ES\" \/>\n<meta property=\"og:type\" content=\"article\" \/>\n<meta property=\"og:title\" content=\"Agregue Viber Chat al sitio web iFrame sin codificaci\u00f3n (2026)\" \/>\n<meta property=\"og:description\" content=\"Agregue Viber Chat al sitio web para conectarse de forma fluida e inmediata con los usuarios. Pruebe la demostraci\u00f3n de Elfsight para darle forma a su complemento exclusivo ahora\" \/>\n<meta property=\"og:url\" content=\"https:\/\/elfsight.com\/es\/viber-chat-widget\/iframe\/\" \/>\n<meta property=\"og:site_name\" content=\"Elfsight ES\" \/>\n<meta property=\"article:modified_time\" content=\"2025-02-06T15:39:50+00:00\" \/>\n<meta name=\"twitter:card\" content=\"summary_large_image\" \/>\n<meta name=\"twitter:label1\" content=\"Tiempo de lectura\" \/>\n\t<meta name=\"twitter:data1\" content=\"3 minutos\" \/>\n<!-- \/ Yoast SEO plugin. -->","yoast_head_json":{"title":"Agregue Viber Chat al sitio web iFrame sin codificaci\u00f3n (2026)","description":"Agregue Viber Chat al sitio web para conectarse de forma fluida e inmediata con los usuarios. Pruebe la demostraci\u00f3n de Elfsight para darle forma a su complemento exclusivo ahora","robots":{"index":"index","follow":"follow","max-snippet":"max-snippet:-1","max-image-preview":"max-image-preview:large","max-video-preview":"max-video-preview:-1"},"canonical":"https:\/\/elfsight.com\/es\/viber-chat-widget\/iframe\/","og_locale":"es_ES","og_type":"article","og_title":"Agregue Viber Chat al sitio web iFrame sin codificaci\u00f3n (2026)","og_description":"Agregue Viber Chat al sitio web para conectarse de forma fluida e inmediata con los usuarios. Pruebe la demostraci\u00f3n de Elfsight para darle forma a su complemento exclusivo ahora","og_url":"https:\/\/elfsight.com\/es\/viber-chat-widget\/iframe\/","og_site_name":"Elfsight ES","article_modified_time":"2025-02-06T15:39:50+00:00","twitter_card":"summary_large_image","twitter_misc":{"Tiempo de lectura":"3 minutos"},"schema":{"@context":"https:\/\/schema.org","@graph":[{"@type":"WebPage","@id":"https:\/\/elfsight.com\/es\/viber-chat-widget\/iframe\/","url":"https:\/\/elfsight.com\/es\/viber-chat-widget\/iframe\/","name":"Agregue Viber Chat al sitio web iFrame sin codificaci\u00f3n (2026)","isPartOf":{"@id":"https:\/\/elfsight.com\/es\/#website"},"datePublished":"1970-01-01T00:00:00+00:00","dateModified":"2025-02-06T15:39:50+00:00","description":"Agregue Viber Chat al sitio web para conectarse de forma fluida e inmediata con los usuarios. Pruebe la demostraci\u00f3n de Elfsight para darle forma a su complemento exclusivo ahora","breadcrumb":{"@id":"https:\/\/elfsight.com\/es\/viber-chat-widget\/iframe\/#breadcrumb"},"inLanguage":"es","potentialAction":[{"@type":"ReadAction","target":["https:\/\/elfsight.com\/es\/viber-chat-widget\/iframe\/"]}]},{"@type":"BreadcrumbList","@id":"https:\/\/elfsight.com\/es\/viber-chat-widget\/iframe\/#breadcrumb","itemListElement":[{"@type":"ListItem","position":1,"name":"Home","item":"https:\/\/elfsight.com\/es\/"},{"@type":"ListItem","position":2,"name":"Viber Chat","item":"https:\/\/elfsight.com\/es\/viber-chat-widget\/"},{"@type":"ListItem","position":3,"name":"Viber Chat &#8211; iFrame"}]},{"@type":"WebSite","@id":"https:\/\/elfsight.com\/es\/#website","url":"https:\/\/elfsight.com\/es\/","name":"Elfsight ES","description":"Just another Elfsight Sites site","potentialAction":[{"@type":"SearchAction","target":{"@type":"EntryPoint","urlTemplate":"https:\/\/elfsight.com\/es\/?s={search_term_string}"},"query-input":{"@type":"PropertyValueSpecification","valueRequired":true,"valueName":"search_term_string"}}],"inLanguage":"es"}]}},"meta_box":{"industry":"","seo_heading":"","heading":"","description":"","cta_heading":"","cta_description":"","application":"716","h1":"Chat Viber iFrame","h1_caption":"Ofrezca Viber como canal de comunicaci\u00f3n en su sitio web, facilitando que los visitantes accedan a su sitio web iFrame sin esfuerzo.","application_category":[],"applications_title":"","applications_request_title":"","applications_request_button_text":"","hero_text":"","hero_video":"","hero_video_schema_markup":"","selling_points_title":"","selling_points_caption":"","selling_points":[],"selling_points_cta_text":"","features_title":"","features":"","ed_cta_examples_text":"","ed_cta_examples_hidden":"","ed_cta_demo_text":"","ed_cta_demo_hidden":"","why_caption":"","why_editor_title":"","why_editor_text":"","why_team_title":"","why_team_text":"","why_service_title":"","why_service_text":"","template_catalog_visible":"","template_catalog_title":"","template_catalog_text":"","template_catalog_categories_visible":"","demo_title":"Crea tu widget de chat de Viber","demo_caption":"\u00a1Configure su Viber Chat y agr\u00e9guelo a su sitio web iFrame gratis!","default_faq_hidden":"","app_template_category":[],"platform":"2192","template_public_id":"","codecanyon_url":"","codecanyon_item_id":"","codecanyon_price":"","pricing_caption":"","pricing_elfsight_apps_hide_column":"","pricing_elfsight_apps_url":"","pricing_codecanyon_price_caption":"","integration_category":[],"integration_request_title":"","integration_request_cta":"","integration_platform":"","integrations":[],"platform_category":[],"video_schema_markup":"","price":"desde $0 \/ mes","trial":"","benefits":[{"text":"Servicio de instalaci\u00f3n gratuito"},{"text":"Atenci\u00f3n al cliente profesional"},{"text":"Garant\u00eda de devoluci\u00f3n de dinero de 14 d\u00edas"},{"text":"Actualizaciones continuas"}],"button_url":"#demo","button_target_blank":"","button_nofollow":"","attributes":[{"name":"Instalaciones","content":"10,000 - 100,000"},{"name":"Sensible","content":"S\u00ed"},{"name":"Navegadores compatibles","content":"Opera, Safari, Edge, Firefox, Chrome"}],"tags":[],"tags_disable_links":"","hide_more_platforms":"","video_object":"","demo_hide_cta":"","demo_hide_cloud_options":"","pricing_title":"","pricing":[{"pricing_icon":"platform","pricing_title":"Elfsight Apps","pricing_title_caption":"Software independiente de la plataforma","pricing_price":"desde $0 \/ mes","pricing_price_caption":"comienza con el plan gratuito","pricing_benefits":[{"text":"Dominios ilimitados"},{"text":"Soporte profesional"},{"text":"Servicio de instalaci\u00f3n gratuito"},{"text":"Gran oferta para m\u00faltiples aplicaciones"}],"pricing_button_text":"A\u00f1adir al sitio web","pricing_button_url":"#demo"}],"related_apps_title":"","related_apps_hidden":"","author":"","image":[],"title":"","job":"","social_networks":[]},"_links":{"self":[{"href":"https:\/\/elfsight.com\/es\/wp-json\/wp\/v2\/pages\/8172","targetHints":{"allow":["GET"]}}],"collection":[{"href":"https:\/\/elfsight.com\/es\/wp-json\/wp\/v2\/pages"}],"about":[{"href":"https:\/\/elfsight.com\/es\/wp-json\/wp\/v2\/types\/page"}],"author":[{"embeddable":true,"href":"https:\/\/elfsight.com\/es\/wp-json\/wp\/v2\/users\/9"}],"replies":[{"embeddable":true,"href":"https:\/\/elfsight.com\/es\/wp-json\/wp\/v2\/comments?post=8172"}],"version-history":[{"count":2,"href":"https:\/\/elfsight.com\/es\/wp-json\/wp\/v2\/pages\/8172\/revisions"}],"predecessor-version":[{"id":18603,"href":"https:\/\/elfsight.com\/es\/wp-json\/wp\/v2\/pages\/8172\/revisions\/18603"}],"up":[{"embeddable":true,"href":"https:\/\/elfsight.com\/es\/wp-json\/wp\/v2\/pages\/717"}],"wp:attachment":[{"href":"https:\/\/elfsight.com\/es\/wp-json\/wp\/v2\/media?parent=8172"}],"curies":[{"name":"wp","href":"https:\/\/api.w.org\/{rel}","templated":true}]}}