{"id":8171,"date":"1970-01-01T00:00:00","date_gmt":"1970-01-01T00:00:00","guid":{"rendered":"https:\/\/elfsight.com\/es\/?page_id=8171"},"modified":"2025-02-06T15:39:50","modified_gmt":"2025-02-06T15:39:50","slug":"html","status":"publish","type":"page","link":"https:\/\/elfsight.com\/es\/viber-chat-widget\/html\/","title":{"rendered":"Viber Chat &#8211; HTML"},"content":{"rendered":"<div class=\"application-platform-content-item-description application-platform-content-item\" id=\"description\" data-nav-section=\"description\"> <h2>Descripci\u00f3n<\/h2><p>Elfsight Viber Chat es la posibilidad m\u00e1s pr\u00e1ctica para que los visitantes del sitio web se comuniquen con usted mientras permanecen en su sitio web. Cada usuario obtendr\u00e1 r\u00e1pidamente respuestas a sus consultas o asistencia de su parte. Podr\u00e1s permanecer disponible en vivo en uno de los mensajeros m\u00e1s utilizados. Puede elegir Elfsight Viber Chat para que aparezca en p\u00e1ginas espec\u00edficas y dirigirlo a ciertos grupos de visitantes. Hay una variedad de posibilidades de personalizaci\u00f3n: elija activadores de inicio de chat, cree su texto de bienvenida, seleccione \u00edconos y mucho m\u00e1s. Al usar Viber Chat en su sitio, los visitantes podr\u00e1n acceder a \u00e9l en cualquier momento y en cualquier ubicaci\u00f3n.<\/p><p><b>\u00a1Agregue Viber Chat para alcanzar sus desaf\u00edos comerciales con menos esfuerzo!<\/b><\/p><\/div> <div class=\"application-platform-content-item-features application-platform-content-item\" id=\"features\" data-nav-section=\"features\"> <h2>Vea la lista de las caracter\u00edsticas m\u00e1s destacadas:<\/h2><ul><li>Una colecci\u00f3n de \u00edconos de burbujas para que usted elija<\/li><li>Burbuja editable texto<\/li><li>Encabezado de chat con logotipo, nombre y t\u00edtulo de la p\u00e1gina<\/li><li>Seleccionar la imagen de la p\u00e1gina de forma predeterminada, de la colecci\u00f3n o cargar su propia imagen<\/li><li>Una opci\u00f3n para elegir texto personalizado como t\u00edtulo<\/li><li>El texto del bot\u00f3n Iniciar chat se puede editar<\/li><\/ul><p><a href=\"#demo\">Examine todas las configuraciones en una demostraci\u00f3n con todas las funciones<\/a><\/p><\/div> <div class=\"application-platform-content-item-installation application-platform-content-item\" id=\"installation\" data-nav-section=\"installation\"> <h2>\u00bfC\u00f3mo puedo agregar Viber Chat a mi sitio web HTML?<\/h2><p>Simplemente siga un par de pasos que se detallan a continuaci\u00f3n para activar la herramienta.<\/p><ol><li><b>Utilice nuestro editor gratuito y comience a darle forma a su widget personalizado.<\/b><br>Determine el dise\u00f1o y la funcionalidad preferidos del widget y guarde las modificaciones.<\/li><li><b>Copia el c\u00f3digo personal que se muestra en el cuadro de Aplicaciones Elfsight<\/b><br>Tan pronto como se complete la personalizaci\u00f3n de su widget personal, copie el c\u00f3digo individual del cuadro que aparece y gu\u00e1rdelo para su uso posterior.<\/li><li><b>Ingrese al uso del complemento en la p\u00e1gina de inicio HTML<\/b><br>Implemente el c\u00f3digo copiado anteriormente en su p\u00e1gina de inicio y guarde las ediciones.<\/li><li><b>\u00a1Listo! La integraci\u00f3n ha finalizado por completo<\/b><br>Visita su p\u00e1gina web para ver c\u00f3mo funciona la herramienta.<\/li><\/ol><p>Si tienes alguna dificultad, no dudes en escribir a nuestro equipo de atenci\u00f3n al cliente. Nuestra gente est\u00e1 ansiosa por ayudarlo con todos los problemas que pueda tener con el widget.<\/p><div class=\"faq\" data-component=\"FAQ\"> <div class=\"faq-item\">\r\n\t\t\t\t\t<div class=\"faq-item-question\">\r\n\t\t\t\t\t\t<h3 class=\"faq-item-question-text\">\u00bfC\u00f3mo puedo agregar Viber Chat a mi sitio web HTML sin conocimientos de codificaci\u00f3n?<\/h3>\r\n\r\n\t\t\t\t\t\t<div class=\"faq-item-question-icon\"><\/div>\r\n\t\t\t\t\t<\/div>\r\n\r\n\t\t\t\t\t<div class=\"faq-item-answer\">\r\n\t\t\t\t\t\t<div class=\"faq-item-answer-text\"> <p>Elfsight proporciona una soluci\u00f3n SaaS que le permite crear un widget de Viber Chat usted mismo. Vea lo f\u00e1cil que es el proceso: trabaje directamente en el editor en l\u00ednea para crear un widget de Viber Chat que le gustar\u00eda ver en su sitio web HTML. Elija una de las plantillas predise\u00f1adas y ajuste la configuraci\u00f3n de Viber Chat, agregue su contenido, cambie el dise\u00f1o y los colores sin conocimientos de codificaci\u00f3n. Guarde Viber Chat y copie su c\u00f3digo de instalaci\u00f3n, que simplemente puede agregar a su sitio web HTML sin comprar un plan pago. Con nuestro editor intuitivo, cualquier usuario de Internet puede crear un widget de Viber Chat en l\u00ednea e incrustarlo f\u00e1cilmente en su sitio web HTML. No es necesario pagar ni ingresar las credenciales de su tarjeta para acceder al servicio. Si tiene alg\u00fan problema en cualquier paso, no dude en ponerse en contacto con nuestro equipo de soporte t\u00e9cnico.<\/p> <\/div>\r\n\t\t\t\t\t<\/div>\r\n\t\t\t\t<\/div> <\/div> <\/div>","protected":false},"excerpt":{"rendered":"","protected":false},"author":9,"featured_media":0,"parent":717,"menu_order":0,"comment_status":"closed","ping_status":"closed","template":"templates\/template-application-platform.php","meta":{"publish_to_discourse":"","publish_post_category":"","wpdc_auto_publish_overridden":"","wpdc_topic_tags":"","wpdc_pin_topic":"","wpdc_pin_until":"","discourse_post_id":"","discourse_permalink":"","wpdc_publishing_response":"","wpdc_publishing_error":"","footnotes":""},"class_list":["post-8171","page","type-page","status-publish","hentry"],"yoast_head":"<!-- This site is optimized with the Yoast SEO plugin v25.3.1 - https:\/\/yoast.com\/wordpress\/plugins\/seo\/ -->\n<title>Agregue Viber Chat al sitio web HTML sin codificaci\u00f3n (2025)<\/title>\n<meta name=\"description\" content=\"Incorpore Viber Chat en el sitio web para conectarse de manera m\u00e1s fluida y r\u00e1pida con los visitantes. Pruebe la demostraci\u00f3n gratuita de Elfsight para crear su propio complemento ahora mismo.\" \/>\n<meta name=\"robots\" content=\"index, follow, max-snippet:-1, max-image-preview:large, max-video-preview:-1\" \/>\n<link rel=\"canonical\" href=\"https:\/\/elfsight.com\/es\/viber-chat-widget\/html\/\" \/>\n<meta property=\"og:locale\" content=\"es_ES\" \/>\n<meta property=\"og:type\" content=\"article\" \/>\n<meta property=\"og:title\" content=\"Agregue Viber Chat al sitio web HTML sin codificaci\u00f3n (2025)\" \/>\n<meta property=\"og:description\" content=\"Incorpore Viber Chat en el sitio web para conectarse de manera m\u00e1s fluida y r\u00e1pida con los visitantes. Pruebe la demostraci\u00f3n gratuita de Elfsight para crear su propio complemento ahora mismo.\" \/>\n<meta property=\"og:url\" content=\"https:\/\/elfsight.com\/es\/viber-chat-widget\/html\/\" \/>\n<meta property=\"og:site_name\" content=\"Elfsight ES\" \/>\n<meta property=\"article:modified_time\" content=\"2025-02-06T15:39:50+00:00\" \/>\n<meta name=\"twitter:card\" content=\"summary_large_image\" \/>\n<meta name=\"twitter:label1\" content=\"Tiempo de lectura\" \/>\n\t<meta name=\"twitter:data1\" content=\"3 minutos\" \/>\n<!-- \/ Yoast SEO plugin. -->","yoast_head_json":{"title":"Agregue Viber Chat al sitio web HTML sin codificaci\u00f3n (2025)","description":"Incorpore Viber Chat en el sitio web para conectarse de manera m\u00e1s fluida y r\u00e1pida con los visitantes. Pruebe la demostraci\u00f3n gratuita de Elfsight para crear su propio complemento ahora mismo.","robots":{"index":"index","follow":"follow","max-snippet":"max-snippet:-1","max-image-preview":"max-image-preview:large","max-video-preview":"max-video-preview:-1"},"canonical":"https:\/\/elfsight.com\/es\/viber-chat-widget\/html\/","og_locale":"es_ES","og_type":"article","og_title":"Agregue Viber Chat al sitio web HTML sin codificaci\u00f3n (2025)","og_description":"Incorpore Viber Chat en el sitio web para conectarse de manera m\u00e1s fluida y r\u00e1pida con los visitantes. Pruebe la demostraci\u00f3n gratuita de Elfsight para crear su propio complemento ahora mismo.","og_url":"https:\/\/elfsight.com\/es\/viber-chat-widget\/html\/","og_site_name":"Elfsight ES","article_modified_time":"2025-02-06T15:39:50+00:00","twitter_card":"summary_large_image","twitter_misc":{"Tiempo de lectura":"3 minutos"},"schema":{"@context":"https:\/\/schema.org","@graph":[{"@type":"WebPage","@id":"https:\/\/elfsight.com\/es\/viber-chat-widget\/html\/","url":"https:\/\/elfsight.com\/es\/viber-chat-widget\/html\/","name":"Agregue Viber Chat al sitio web HTML sin codificaci\u00f3n (2025)","isPartOf":{"@id":"https:\/\/elfsight.com\/es\/#website"},"datePublished":"1970-01-01T00:00:00+00:00","dateModified":"2025-02-06T15:39:50+00:00","description":"Incorpore Viber Chat en el sitio web para conectarse de manera m\u00e1s fluida y r\u00e1pida con los visitantes. Pruebe la demostraci\u00f3n gratuita de Elfsight para crear su propio complemento ahora mismo.","breadcrumb":{"@id":"https:\/\/elfsight.com\/es\/viber-chat-widget\/html\/#breadcrumb"},"inLanguage":"es","potentialAction":[{"@type":"ReadAction","target":["https:\/\/elfsight.com\/es\/viber-chat-widget\/html\/"]}]},{"@type":"BreadcrumbList","@id":"https:\/\/elfsight.com\/es\/viber-chat-widget\/html\/#breadcrumb","itemListElement":[{"@type":"ListItem","position":1,"name":"Home","item":"https:\/\/elfsight.com\/es\/"},{"@type":"ListItem","position":2,"name":"Viber Chat","item":"https:\/\/elfsight.com\/es\/viber-chat-widget\/"},{"@type":"ListItem","position":3,"name":"Viber Chat &#8211; HTML"}]},{"@type":"WebSite","@id":"https:\/\/elfsight.com\/es\/#website","url":"https:\/\/elfsight.com\/es\/","name":"Elfsight ES","description":"Just another Elfsight Sites site","potentialAction":[{"@type":"SearchAction","target":{"@type":"EntryPoint","urlTemplate":"https:\/\/elfsight.com\/es\/?s={search_term_string}"},"query-input":{"@type":"PropertyValueSpecification","valueRequired":true,"valueName":"search_term_string"}}],"inLanguage":"es"}]}},"meta_box":{"industry":"","seo_heading":"","heading":"","description":"","cta_heading":"","cta_description":"","application":"716","h1":"Chat Viber HTML","h1_caption":"Ofrezca Viber como canal de comunicaci\u00f3n en su sitio web, facilitando que los visitantes accedan a su sitio web HTML sin esfuerzo.","application_category":[],"applications_title":"","applications_request_title":"","applications_request_button_text":"","hero_text":"","hero_video":"","hero_video_schema_markup":"","selling_points_title":"","selling_points_caption":"","selling_points":[],"selling_points_cta_text":"","features_title":"","features":"","ed_cta_examples_text":"","ed_cta_examples_hidden":"","ed_cta_demo_text":"","ed_cta_demo_hidden":"","why_caption":"","why_editor_title":"","why_editor_text":"","why_team_title":"","why_team_text":"","why_service_title":"","why_service_text":"","template_catalog_visible":"","template_catalog_title":"","template_catalog_text":"","template_catalog_categories_visible":"","demo_title":"Crea tu widget de chat de Viber","demo_caption":"\u00a1Configure su Viber Chat y agr\u00e9guelo a su sitio web HTML gratis!","default_faq_hidden":"","app_template_category":[],"platform":"70","template_public_id":"","codecanyon_url":"","codecanyon_item_id":"","codecanyon_price":"","pricing_caption":"","pricing_elfsight_apps_hide_column":"","pricing_elfsight_apps_url":"","pricing_codecanyon_price_caption":"","integration_category":[],"integration_request_title":"","integration_request_cta":"","integration_platform":"","integrations":[],"platform_category":[],"video_schema_markup":"","price":"desde $0 \/ mes","trial":"","benefits":[{"text":"Ayuda de instalaci\u00f3n gratuita"},{"text":"Soporte premium"},{"text":"Garant\u00eda de devoluci\u00f3n de dinero de 14 d\u00edas"},{"text":"Actualizaciones gratuitas continuas"}],"button_url":"#demo","button_target_blank":"","button_nofollow":"","attributes":[{"name":"Instalaciones","content":"10,000 - 100,000"},{"name":"Sensible","content":"S\u00ed"},{"name":"Navegadores compatibles","content":"Firefox, Safari, Opera, Chrome, Edge"}],"tags":[],"tags_disable_links":"","hide_more_platforms":"","video_object":"","demo_hide_cta":"","demo_hide_cloud_options":"","pricing_title":"","pricing":[{"pricing_icon":"platform","pricing_title":"Elfsight Apps","pricing_title_caption":"Software multiplataforma","pricing_price":"desde $0 \/ mes","pricing_price_caption":"comienza con el plan gratuito","pricing_benefits":[{"text":"Sitios web ilimitados"},{"text":"Soporte premium y puntual"},{"text":"Asistencia de instalaci\u00f3n gratuita"},{"text":"Oferta especial para m\u00faltiples aplicaciones"}],"pricing_button_text":"A\u00f1adir al sitio web","pricing_button_url":"#demo"}],"related_apps_title":"","related_apps_hidden":"","author":"","image":[],"title":"","job":"","social_networks":[]},"_links":{"self":[{"href":"https:\/\/elfsight.com\/es\/wp-json\/wp\/v2\/pages\/8171","targetHints":{"allow":["GET"]}}],"collection":[{"href":"https:\/\/elfsight.com\/es\/wp-json\/wp\/v2\/pages"}],"about":[{"href":"https:\/\/elfsight.com\/es\/wp-json\/wp\/v2\/types\/page"}],"author":[{"embeddable":true,"href":"https:\/\/elfsight.com\/es\/wp-json\/wp\/v2\/users\/9"}],"replies":[{"embeddable":true,"href":"https:\/\/elfsight.com\/es\/wp-json\/wp\/v2\/comments?post=8171"}],"version-history":[{"count":2,"href":"https:\/\/elfsight.com\/es\/wp-json\/wp\/v2\/pages\/8171\/revisions"}],"predecessor-version":[{"id":18604,"href":"https:\/\/elfsight.com\/es\/wp-json\/wp\/v2\/pages\/8171\/revisions\/18604"}],"up":[{"embeddable":true,"href":"https:\/\/elfsight.com\/es\/wp-json\/wp\/v2\/pages\/717"}],"wp:attachment":[{"href":"https:\/\/elfsight.com\/es\/wp-json\/wp\/v2\/media?parent=8171"}],"curies":[{"name":"wp","href":"https:\/\/api.w.org\/{rel}","templated":true}]}}