{"id":8170,"date":"1970-01-01T00:00:00","date_gmt":"1970-01-01T00:00:00","guid":{"rendered":"https:\/\/elfsight.com\/es\/?page_id=8170"},"modified":"2025-02-06T15:39:50","modified_gmt":"2025-02-06T15:39:50","slug":"google-sites","status":"publish","type":"page","link":"https:\/\/elfsight.com\/es\/viber-chat-widget\/google-sites\/","title":{"rendered":"Viber Chat &#8211; Google Sites"},"content":{"rendered":"<div class=\"application-platform-content-item-description application-platform-content-item\" id=\"description\" data-nav-section=\"description\"> <h2>Integre Viber Chat en Google Sites con el widget de Elfsight<\/h2> <p>Elfsight Viber Chat para Google Sites es una de las posibilidades m\u00e1s convenientes para que sus clientes se dirijan a usted en su sitio web. Cada usuario obtendr\u00e1 r\u00e1pidamente respuestas a sus consultas o asistencia de su parte. Podr\u00e1s permanecer disponible en vivo en uno de los chats m\u00e1s populares sin parar. Puede configurar Elfsight Viber Chat para que se muestre en p\u00e1ginas seleccionadas y dirigirlo a grupos espec\u00edficos de audiencia. El widget ofrece un mont\u00f3n de posibilidades de personalizaci\u00f3n: asigna activadores de inicio de chat, escribe tu propio mensaje de bienvenida, configura iconos y mucho m\u00e1s. Con la ayuda de Viber Chat en el sitio web, estar\u00e1 conectado con los visitantes en todo momento y desde cualquier lugar. <\/p> <p><b>\u00a1Agregue Viber Chat para lograr sus desaf\u00edos de comercio electr\u00f3nico m\u00e1s r\u00e1pido!<\/b><\/p> <\/div> <div class=\"application-platform-content-item-features application-platform-content-item\" id=\"features\" data-nav-section=\"features\"> <h2>Estas son solo algunas de las muchas caracter\u00edsticas del widget: <\/h2> <ul><li>Una biblioteca de \u00edconos de burbujas para que pueda seleccionar<\/li><li>Texto de burbuja editable<\/li><li>Encabezado de chat con imagen de p\u00e1gina, nombre y t\u00edtulo. <\/li><li>Configurar la imagen de la p\u00e1gina de forma predeterminada, desde nuestra biblioteca o cargar su propia imagen<\/li><li><\/li><\/ul><p><a href=\"#demo\">Puede descubrir todas las capacidades del widget en la demostraci\u00f3n de esta p\u00e1gina<\/a><\/p> <\/div> <div class=\"application-platform-content-item-installation application-platform-content-item\" id=\"installation\" data-nav-section=\"installation\"> <h2>\u00bfC\u00f3mo agrego el chat de Viber a mi sitio web de Google Sites? <\/h2> <p>Simplemente siga varios pasos que se presentan a continuaci\u00f3n para integrar la herramienta. <\/p> <ol><li><b>Abre nuestro editor gratuito y comienza a crear tu propio instrumento. <\/b><br> Encuentre la forma y funcionalidad preferibles de la herramienta y aplique las correcciones. <\/li> <li><b>Reciba su c\u00f3digo \u00fanico expuesto en el cuadro de Elfsight Apps. <\/b><br> Una vez finalizada la configuraci\u00f3n de su complemento, copie el c\u00f3digo individual en el cuadro que aparece y gu\u00e1rdelo para usarlo m\u00e1s adelante. <\/li> <li><b>Comience a utilizar el complemento en su sitio web de Google Sites. <\/b><br>Incrusta el c\u00f3digo que has guardado antes en tu p\u00e1gina web y aplica los ajustes. <\/li> <li><b>\u00a1Listo! La integraci\u00f3n ha finalizado con \u00e9xito. <\/b><br>Vaya a su p\u00e1gina para observar c\u00f3mo funciona el complemento. <\/li><\/ol> <div class=\"tip-yellow tip\"><b>Debido a las peculiaridades del trabajo de Google Sites, el widget puede tener un aspecto diferente al de la demostraci\u00f3n en l\u00ednea. Nos disculpamos por cualquier inconveniente causado.<\/b><\/div><p>Suponiendo que enfrente algunas dificultades, busque ayuda de nuestro equipo de soporte. Nuestra gente estar\u00e1 encantada de resolver todas las dudas que puedas tener con el producto. <\/p> <div class=\"faq\" data-component=\"FAQ\"> <div class=\"faq-item\">\r\n\t\t\t\t\t<div class=\"faq-item-question\">\r\n\t\t\t\t\t\t<h3 class=\"faq-item-question-text\">\u00bfC\u00f3mo agregar Viber Chat a mi sitio web de Google Sites sin conocimientos de codificaci\u00f3n?<\/h3>\r\n\r\n\t\t\t\t\t\t<div class=\"faq-item-question-icon\"><\/div>\r\n\t\t\t\t\t<\/div>\r\n\r\n\t\t\t\t\t<div class=\"faq-item-answer\">\r\n\t\t\t\t\t\t<div class=\"faq-item-answer-text\"> <p>Elfsight proporciona una soluci\u00f3n SaaS que le permite crear un widget de Viber Chat usted mismo. Vea lo f\u00e1cil que es el proceso: trabaje directamente en el editor en l\u00ednea para crear un widget de Viber Chat que le gustar\u00eda ver en su sitio web de Google Sites. Elija una de las plantillas predise\u00f1adas y ajuste la configuraci\u00f3n de Viber Chat, agregue su contenido, cambie el dise\u00f1o y los colores sin conocimientos de codificaci\u00f3n. Guarde Viber Chat y copie su c\u00f3digo de instalaci\u00f3n, que puede simplemente pegar en su sitio web de Google Sites sin comprar un plan pago. Con nuestro editor intuitivo, cualquier usuario de Internet puede crear un widget de Viber Chat en l\u00ednea e incrustarlo f\u00e1cilmente en su sitio web de Google Sites. No es necesario pagar ni ingresar las credenciales de su tarjeta para acceder al servicio. Si tiene alg\u00fan problema en cualquier paso, no dude en ponerse en contacto con nuestro equipo de soporte t\u00e9cnico.<\/p> <\/div>\r\n\t\t\t\t\t<\/div>\r\n\t\t\t\t<\/div> <\/div> <\/div>","protected":false},"excerpt":{"rendered":"","protected":false},"author":9,"featured_media":0,"parent":717,"menu_order":0,"comment_status":"closed","ping_status":"closed","template":"templates\/template-application-platform.php","meta":{"publish_to_discourse":"","publish_post_category":"","wpdc_auto_publish_overridden":"","wpdc_topic_tags":"","wpdc_pin_topic":"","wpdc_pin_until":"","discourse_post_id":"","discourse_permalink":"","wpdc_publishing_response":"","wpdc_publishing_error":"","footnotes":""},"class_list":["post-8170","page","type-page","status-publish","hentry"],"yoast_head":"<!-- This site is optimized with the Yoast SEO plugin v25.3.1 - https:\/\/yoast.com\/wordpress\/plugins\/seo\/ -->\n<title>Chat de Viber: agregue el widget de chat de Viber a Google Sites (2025)<\/title>\n<meta name=\"description\" content=\"Integre el chat de Viber con su sitio para conectarse de manera fluida e inmediata con los usuarios. Pruebe la demostraci\u00f3n gratuita de Elfsight para crear su complemento exclusivo ahora mismo.\" \/>\n<meta name=\"robots\" content=\"index, follow, max-snippet:-1, max-image-preview:large, max-video-preview:-1\" \/>\n<link rel=\"canonical\" href=\"https:\/\/elfsight.com\/es\/viber-chat-widget\/google-sites\/\" \/>\n<meta property=\"og:locale\" content=\"es_ES\" \/>\n<meta property=\"og:type\" content=\"article\" \/>\n<meta property=\"og:title\" content=\"Chat de Viber: agregue el widget de chat de Viber a Google Sites (2025)\" \/>\n<meta property=\"og:description\" content=\"Integre el chat de Viber con su sitio para conectarse de manera fluida e inmediata con los usuarios. Pruebe la demostraci\u00f3n gratuita de Elfsight para crear su complemento exclusivo ahora mismo.\" \/>\n<meta property=\"og:url\" content=\"https:\/\/elfsight.com\/es\/viber-chat-widget\/google-sites\/\" \/>\n<meta property=\"og:site_name\" content=\"Elfsight ES\" \/>\n<meta property=\"article:modified_time\" content=\"2025-02-06T15:39:50+00:00\" \/>\n<meta name=\"twitter:card\" content=\"summary_large_image\" \/>\n<meta name=\"twitter:label1\" content=\"Tiempo de lectura\" \/>\n\t<meta name=\"twitter:data1\" content=\"3 minutos\" \/>\n<!-- \/ Yoast SEO plugin. -->","yoast_head_json":{"title":"Chat de Viber: agregue el widget de chat de Viber a Google Sites (2025)","description":"Integre el chat de Viber con su sitio para conectarse de manera fluida e inmediata con los usuarios. Pruebe la demostraci\u00f3n gratuita de Elfsight para crear su complemento exclusivo ahora mismo.","robots":{"index":"index","follow":"follow","max-snippet":"max-snippet:-1","max-image-preview":"max-image-preview:large","max-video-preview":"max-video-preview:-1"},"canonical":"https:\/\/elfsight.com\/es\/viber-chat-widget\/google-sites\/","og_locale":"es_ES","og_type":"article","og_title":"Chat de Viber: agregue el widget de chat de Viber a Google Sites (2025)","og_description":"Integre el chat de Viber con su sitio para conectarse de manera fluida e inmediata con los usuarios. Pruebe la demostraci\u00f3n gratuita de Elfsight para crear su complemento exclusivo ahora mismo.","og_url":"https:\/\/elfsight.com\/es\/viber-chat-widget\/google-sites\/","og_site_name":"Elfsight ES","article_modified_time":"2025-02-06T15:39:50+00:00","twitter_card":"summary_large_image","twitter_misc":{"Tiempo de lectura":"3 minutos"},"schema":{"@context":"https:\/\/schema.org","@graph":[{"@type":"WebPage","@id":"https:\/\/elfsight.com\/es\/viber-chat-widget\/google-sites\/","url":"https:\/\/elfsight.com\/es\/viber-chat-widget\/google-sites\/","name":"Chat de Viber: agregue el widget de chat de Viber a Google Sites (2025)","isPartOf":{"@id":"https:\/\/elfsight.com\/es\/#website"},"datePublished":"1970-01-01T00:00:00+00:00","dateModified":"2025-02-06T15:39:50+00:00","description":"Integre el chat de Viber con su sitio para conectarse de manera fluida e inmediata con los usuarios. Pruebe la demostraci\u00f3n gratuita de Elfsight para crear su complemento exclusivo ahora mismo.","breadcrumb":{"@id":"https:\/\/elfsight.com\/es\/viber-chat-widget\/google-sites\/#breadcrumb"},"inLanguage":"es","potentialAction":[{"@type":"ReadAction","target":["https:\/\/elfsight.com\/es\/viber-chat-widget\/google-sites\/"]}]},{"@type":"BreadcrumbList","@id":"https:\/\/elfsight.com\/es\/viber-chat-widget\/google-sites\/#breadcrumb","itemListElement":[{"@type":"ListItem","position":1,"name":"Home","item":"https:\/\/elfsight.com\/es\/"},{"@type":"ListItem","position":2,"name":"Viber Chat","item":"https:\/\/elfsight.com\/es\/viber-chat-widget\/"},{"@type":"ListItem","position":3,"name":"Viber Chat &#8211; Google Sites"}]},{"@type":"WebSite","@id":"https:\/\/elfsight.com\/es\/#website","url":"https:\/\/elfsight.com\/es\/","name":"Elfsight ES","description":"Just another Elfsight Sites site","potentialAction":[{"@type":"SearchAction","target":{"@type":"EntryPoint","urlTemplate":"https:\/\/elfsight.com\/es\/?s={search_term_string}"},"query-input":{"@type":"PropertyValueSpecification","valueRequired":true,"valueName":"search_term_string"}}],"inLanguage":"es"}]}},"meta_box":{"industry":"","seo_heading":"","heading":"","description":"","cta_heading":"","cta_description":"","application":"716","h1":"Widget de chat de Viber de Google Sites","h1_caption":"Ofrezca Viber como canal de comunicaci\u00f3n en su sitio web, facilitando que los visitantes accedan a sus sitios de Google sin esfuerzo.","application_category":[],"applications_title":"","applications_request_title":"","applications_request_button_text":"","hero_text":"","hero_video":"","hero_video_schema_markup":"","selling_points_title":"","selling_points_caption":"","selling_points":[],"selling_points_cta_text":"","features_title":"","features":"","ed_cta_examples_text":"","ed_cta_examples_hidden":"","ed_cta_demo_text":"","ed_cta_demo_hidden":"","why_caption":"","why_editor_title":"","why_editor_text":"","why_team_title":"","why_team_text":"","why_service_title":"","why_service_text":"","template_catalog_visible":"","template_catalog_title":"","template_catalog_text":"","template_catalog_categories_visible":"","demo_title":"Crea tu widget de chat de Viber","demo_caption":"\u00a1Configure su Viber Chat y agr\u00e9guelo a su sitio web de Google Sites gratis!","default_faq_hidden":"","app_template_category":[],"platform":"67","template_public_id":"","codecanyon_url":"","codecanyon_item_id":"","codecanyon_price":"","pricing_caption":"","pricing_elfsight_apps_hide_column":"","pricing_elfsight_apps_url":"","pricing_codecanyon_price_caption":"","integration_category":[],"integration_request_title":"","integration_request_cta":"","integration_platform":"","integrations":[],"platform_category":[],"video_schema_markup":"","price":"desde $0 \/ mes","trial":"","benefits":[{"text":"Servicio de instalaci\u00f3n gratuito"},{"text":"Servicio al cliente profesional"},{"text":"Garant\u00eda de devoluci\u00f3n de dinero de 14 d\u00edas"},{"text":"Actualizando constantemente"}],"button_url":"#demo","button_target_blank":"","button_nofollow":"","attributes":[{"name":"Instalaciones","content":"10,000 - 100,000"},{"name":"Sensible","content":"Totalmente adaptable"},{"name":"Navegadores compatibles","content":"Safari, Edge, Chrome, Firefox, Opera"}],"tags":[],"tags_disable_links":"","hide_more_platforms":"","video_object":"","demo_hide_cta":"","demo_hide_cloud_options":"","pricing_title":"","pricing":[{"pricing_icon":"platform","pricing_title":"Elfsight Apps","pricing_title_caption":"Soluci\u00f3n independiente de plataforma que se adapta a cualquier sitio web","pricing_price":"desde $0 \/ mes","pricing_price_caption":"comienza con el plan gratuito","pricing_benefits":[{"text":"Dominios ilimitados"},{"text":"Atenci\u00f3n al cliente premium"},{"text":"Soporte de instalaci\u00f3n gratuito"},{"text":"Precio especial para m\u00faltiples aplicaciones"}],"pricing_button_text":"A\u00f1adir al sitio web","pricing_button_url":"#demo"}],"related_apps_title":"","related_apps_hidden":"","author":"","image":[],"title":"","job":"","social_networks":[]},"_links":{"self":[{"href":"https:\/\/elfsight.com\/es\/wp-json\/wp\/v2\/pages\/8170","targetHints":{"allow":["GET"]}}],"collection":[{"href":"https:\/\/elfsight.com\/es\/wp-json\/wp\/v2\/pages"}],"about":[{"href":"https:\/\/elfsight.com\/es\/wp-json\/wp\/v2\/types\/page"}],"author":[{"embeddable":true,"href":"https:\/\/elfsight.com\/es\/wp-json\/wp\/v2\/users\/9"}],"replies":[{"embeddable":true,"href":"https:\/\/elfsight.com\/es\/wp-json\/wp\/v2\/comments?post=8170"}],"version-history":[{"count":2,"href":"https:\/\/elfsight.com\/es\/wp-json\/wp\/v2\/pages\/8170\/revisions"}],"predecessor-version":[{"id":18605,"href":"https:\/\/elfsight.com\/es\/wp-json\/wp\/v2\/pages\/8170\/revisions\/18605"}],"up":[{"embeddable":true,"href":"https:\/\/elfsight.com\/es\/wp-json\/wp\/v2\/pages\/717"}],"wp:attachment":[{"href":"https:\/\/elfsight.com\/es\/wp-json\/wp\/v2\/media?parent=8170"}],"curies":[{"name":"wp","href":"https:\/\/api.w.org\/{rel}","templated":true}]}}