{"id":8165,"date":"1970-01-01T00:00:00","date_gmt":"1970-01-01T00:00:00","guid":{"rendered":"https:\/\/elfsight.com\/es\/?page_id=8165"},"modified":"2025-02-06T15:39:58","modified_gmt":"2025-02-06T15:39:58","slug":"godaddy","status":"publish","type":"page","link":"https:\/\/elfsight.com\/es\/viber-chat-widget\/godaddy\/","title":{"rendered":"Viber Chat &#8211; GoDaddy"},"content":{"rendered":"<div class=\"application-platform-content-item-description application-platform-content-item\" id=\"description\" data-nav-section=\"description\"> <h2>Incorpore Viber Chat en GoDaddy con el widget de Elfsight<\/h2> <p>Viber Chat de Elfsight es la forma m\u00e1s r\u00e1pida para que las personas se comuniquen con usted a trav\u00e9s de su sitio web de GoDaddy. Cada usuario obtendr\u00e1 r\u00e1pidamente soluciones a sus consultas o asistencia de su parte. Podr\u00e1s permanecer disponible en l\u00ednea en uno de los mensajeros m\u00e1s populares las 24 horas, los 7 d\u00edas de la semana. Puede configurar Elfsight Viber Chat para que aparezca en p\u00e1ginas espec\u00edficas y para ciertos grupos de visitantes. El complemento ofrece muchas opciones de personalizaci\u00f3n: definir activadores de inicio de chat, redactar el texto de bienvenida, seleccionar \u00edconos y otras funciones. Al tener Viber Chat en la p\u00e1gina, puedes estar disponible para las personas en cualquier momento y desde cualquier lugar. <\/p> <p><b>Haga que su sitio web tenga m\u00e1s \u00e9xito para sus objetivos comerciales con la ayuda de Viber Chat<\/b><\/p> <\/div> <div class=\"application-platform-content-item-features application-platform-content-item\" id=\"features\" data-nav-section=\"features\"> <h2>Consulte la lista de las funciones m\u00e1s potentes: <\/h2> <ul><li>Una biblioteca de \u00edconos de burbujas para que usted elija<\/li><li>Texto de burbuja editable<\/li><li>Encabezado de chat con logotipo de p\u00e1gina, nombre, y t\u00edtulo<\/li><li>Seleccionar la imagen de la p\u00e1gina de forma predeterminada, de la colecci\u00f3n o cargar su propia imagen<\/li><li>5 variantes de tiempo de respuesta en el t\u00edtulo de la ventana de chat<\/li><li>Una opci\u00f3n para elegir texto personalizado como t\u00edtulo<\/li><li>Mensaje de bienvenida editable usando opciones de formato y enlaces<\/li><\/ul><p><a href=\"#demo\">Explore todas las caracter\u00edsticas de personalizaci\u00f3n en una demostraci\u00f3n completamente funcional<\/a><\/p> <\/div> <div class=\"application-platform-content-item-installation application-platform-content-item\" id=\"installation\" data-nav-section=\"installation\"> <h2>\u00bfC\u00f3mo agrego Viber Chat en mi sitio GoDaddy? <\/h2> <p>Simplemente siga varios pasos que se presentan a continuaci\u00f3n para comenzar a trabajar con el complemento. <\/p> <ol><li><b>Emplee nuestra demostraci\u00f3n gratuita y comience a crear su propio complemento. <\/b><br> Elija el dise\u00f1o preferible y las caracter\u00edsticas funcionales de la herramienta y aplique las ediciones. <\/li> <li><b>Obtenga el c\u00f3digo individual que aparece en la ventana de Elfsight Apps<\/b><br> Inmediatamente despu\u00e9s de finalizar la configuraci\u00f3n de su herramienta, copie el c\u00f3digo individual en la ventana que aparece y gu\u00e1rdelo para futuras ocasiones. <\/li> <li><b>Comience a utilizar el complemento en su p\u00e1gina web de GoDaddy<\/b><br> Integre el c\u00f3digo que guard\u00f3 recientemente en su p\u00e1gina y aplique las modificaciones. <\/li> <li><b>\u00a1Ya terminaste! La configuraci\u00f3n est\u00e1 completamente realizada<\/b><br> Vaya a su sitio web para inspeccionar el funcionamiento del complemento. <\/li><\/ol> <div class=\"tip-yellow tip\"><b>Debido a las peculiaridades de mostrar inserciones personalizadas con c\u00f3digo, las plantillas flotantes pueden tener un aspecto diferente al de la demostraci\u00f3n en l\u00ednea. T\u00f3mate tu tiempo para probar tus widgets.<\/b><\/div><p>Si tienes algunas dificultades, no dudes en recurrir a nuestro personal de soporte. Nuestra gente est\u00e1 ansiosa por ayudarte con todas las preguntas que puedas tener con la herramienta. <\/p> <div class=\"faq\" data-component=\"FAQ\"> <div class=\"faq-item\">\r\n\t\t\t\t\t<div class=\"faq-item-question\">\r\n\t\t\t\t\t\t<h3 class=\"faq-item-question-text\">\u00bfC\u00f3mo agregar Viber Chat a mi sitio web de GoDaddy sin conocimientos de codificaci\u00f3n?<\/h3>\r\n\r\n\t\t\t\t\t\t<div class=\"faq-item-question-icon\"><\/div>\r\n\t\t\t\t\t<\/div>\r\n\r\n\t\t\t\t\t<div class=\"faq-item-answer\">\r\n\t\t\t\t\t\t<div class=\"faq-item-answer-text\"> <p>Elfsight proporciona una soluci\u00f3n SaaS que le permite crear un widget de Viber Chat usted mismo. Vea lo f\u00e1cil que es el proceso: trabaje directamente en el editor en l\u00ednea para crear un widget de Viber Chat que le gustar\u00eda ver en su sitio web de GoDaddy. Elija una de las plantillas predise\u00f1adas y ajuste la configuraci\u00f3n de Viber Chat, agregue su contenido, cambie el dise\u00f1o y los colores sin conocimientos de codificaci\u00f3n. Guarde Viber Chat y copie su c\u00f3digo de instalaci\u00f3n, para que pueda agregarlo f\u00e1cilmente a su sitio web GoDaddy sin necesidad de comprar un plan pago. Con nuestro editor intuitivo, cualquier usuario de Internet puede crear un widget de Viber Chat en l\u00ednea e incrustarlo f\u00e1cilmente en su sitio web GoDaddy. No es necesario pagar ni ingresar las credenciales de su tarjeta para acceder al servicio. Si tiene alg\u00fan problema en cualquier paso, no dude en ponerse en contacto con nuestro equipo de soporte t\u00e9cnico.<\/p> <\/div>\r\n\t\t\t\t\t<\/div>\r\n\t\t\t\t<\/div> <\/div> <\/div>","protected":false},"excerpt":{"rendered":"","protected":false},"author":9,"featured_media":0,"parent":717,"menu_order":0,"comment_status":"closed","ping_status":"closed","template":"templates\/template-application-platform.php","meta":{"publish_to_discourse":"","publish_post_category":"","wpdc_auto_publish_overridden":"","wpdc_topic_tags":"","wpdc_pin_topic":"","wpdc_pin_until":"","discourse_post_id":"","discourse_permalink":"","wpdc_publishing_response":"","wpdc_publishing_error":"","footnotes":""},"class_list":["post-8165","page","type-page","status-publish","hentry"],"yoast_head":"<!-- This site is optimized with the Yoast SEO plugin v25.3.1 - https:\/\/yoast.com\/wordpress\/plugins\/seo\/ -->\n<title>Viber Chat - \u00a1Agregue el complemento Viber Chat al sitio web de GoDaddy!<\/title>\n<meta name=\"description\" content=\"Incorpore Viber Chat en su sitio web para conectarse mejor y m\u00e1s r\u00e1pidamente con los clientes. Consulte la demostraci\u00f3n de Elfsight para crear su propio complemento ahora.\" \/>\n<meta name=\"robots\" content=\"index, follow, max-snippet:-1, max-image-preview:large, max-video-preview:-1\" \/>\n<link rel=\"canonical\" href=\"https:\/\/elfsight.com\/es\/viber-chat-widget\/godaddy\/\" \/>\n<meta property=\"og:locale\" content=\"es_ES\" \/>\n<meta property=\"og:type\" content=\"article\" \/>\n<meta property=\"og:title\" content=\"Viber Chat - \u00a1Agregue el complemento Viber Chat al sitio web de GoDaddy!\" \/>\n<meta property=\"og:description\" content=\"Incorpore Viber Chat en su sitio web para conectarse mejor y m\u00e1s r\u00e1pidamente con los clientes. Consulte la demostraci\u00f3n de Elfsight para crear su propio complemento ahora.\" \/>\n<meta property=\"og:url\" content=\"https:\/\/elfsight.com\/es\/viber-chat-widget\/godaddy\/\" \/>\n<meta property=\"og:site_name\" content=\"Elfsight ES\" \/>\n<meta property=\"article:modified_time\" content=\"2025-02-06T15:39:58+00:00\" \/>\n<meta name=\"twitter:card\" content=\"summary_large_image\" \/>\n<meta name=\"twitter:label1\" content=\"Tiempo de lectura\" \/>\n\t<meta name=\"twitter:data1\" content=\"3 minutos\" \/>\n<!-- \/ Yoast SEO plugin. -->","yoast_head_json":{"title":"Viber Chat - \u00a1Agregue el complemento Viber Chat al sitio web de GoDaddy!","description":"Incorpore Viber Chat en su sitio web para conectarse mejor y m\u00e1s r\u00e1pidamente con los clientes. Consulte la demostraci\u00f3n de Elfsight para crear su propio complemento ahora.","robots":{"index":"index","follow":"follow","max-snippet":"max-snippet:-1","max-image-preview":"max-image-preview:large","max-video-preview":"max-video-preview:-1"},"canonical":"https:\/\/elfsight.com\/es\/viber-chat-widget\/godaddy\/","og_locale":"es_ES","og_type":"article","og_title":"Viber Chat - \u00a1Agregue el complemento Viber Chat al sitio web de GoDaddy!","og_description":"Incorpore Viber Chat en su sitio web para conectarse mejor y m\u00e1s r\u00e1pidamente con los clientes. Consulte la demostraci\u00f3n de Elfsight para crear su propio complemento ahora.","og_url":"https:\/\/elfsight.com\/es\/viber-chat-widget\/godaddy\/","og_site_name":"Elfsight ES","article_modified_time":"2025-02-06T15:39:58+00:00","twitter_card":"summary_large_image","twitter_misc":{"Tiempo de lectura":"3 minutos"},"schema":{"@context":"https:\/\/schema.org","@graph":[{"@type":"WebPage","@id":"https:\/\/elfsight.com\/es\/viber-chat-widget\/godaddy\/","url":"https:\/\/elfsight.com\/es\/viber-chat-widget\/godaddy\/","name":"Viber Chat - \u00a1Agregue el complemento Viber Chat al sitio web de GoDaddy!","isPartOf":{"@id":"https:\/\/elfsight.com\/es\/#website"},"datePublished":"1970-01-01T00:00:00+00:00","dateModified":"2025-02-06T15:39:58+00:00","description":"Incorpore Viber Chat en su sitio web para conectarse mejor y m\u00e1s r\u00e1pidamente con los clientes. Consulte la demostraci\u00f3n de Elfsight para crear su propio complemento ahora.","breadcrumb":{"@id":"https:\/\/elfsight.com\/es\/viber-chat-widget\/godaddy\/#breadcrumb"},"inLanguage":"es","potentialAction":[{"@type":"ReadAction","target":["https:\/\/elfsight.com\/es\/viber-chat-widget\/godaddy\/"]}]},{"@type":"BreadcrumbList","@id":"https:\/\/elfsight.com\/es\/viber-chat-widget\/godaddy\/#breadcrumb","itemListElement":[{"@type":"ListItem","position":1,"name":"Home","item":"https:\/\/elfsight.com\/es\/"},{"@type":"ListItem","position":2,"name":"Viber Chat","item":"https:\/\/elfsight.com\/es\/viber-chat-widget\/"},{"@type":"ListItem","position":3,"name":"Viber Chat &#8211; GoDaddy"}]},{"@type":"WebSite","@id":"https:\/\/elfsight.com\/es\/#website","url":"https:\/\/elfsight.com\/es\/","name":"Elfsight ES","description":"Just another Elfsight Sites site","potentialAction":[{"@type":"SearchAction","target":{"@type":"EntryPoint","urlTemplate":"https:\/\/elfsight.com\/es\/?s={search_term_string}"},"query-input":{"@type":"PropertyValueSpecification","valueRequired":true,"valueName":"search_term_string"}}],"inLanguage":"es"}]}},"meta_box":{"industry":"","seo_heading":"","heading":"","description":"","cta_heading":"","cta_description":"","application":"716","h1":"Complemento GoDaddy Viber Chat","h1_caption":"Ofrezca Viber como canal de comunicaci\u00f3n en su sitio web, facilitando que los visitantes accedan a su sitio web de GoDaddy sin esfuerzo.","application_category":[],"applications_title":"","applications_request_title":"","applications_request_button_text":"","hero_text":"","hero_video":"","hero_video_schema_markup":"","selling_points_title":"","selling_points_caption":"","selling_points":[],"selling_points_cta_text":"","features_title":"","features":"","ed_cta_examples_text":"","ed_cta_examples_hidden":"","ed_cta_demo_text":"","ed_cta_demo_hidden":"","why_caption":"","why_editor_title":"","why_editor_text":"","why_team_title":"","why_team_text":"","why_service_title":"","why_service_text":"","template_catalog_visible":"","template_catalog_title":"","template_catalog_text":"","template_catalog_categories_visible":"","demo_title":"Crea tu complemento de Viber Chat","demo_caption":"\u00a1Configura tu Viber Chat y agr\u00e9galo a tu sitio web de GoDaddy gratis!","default_faq_hidden":"","app_template_category":[],"platform":"2183","template_public_id":"","codecanyon_url":"","codecanyon_item_id":"","codecanyon_price":"","pricing_caption":"","pricing_elfsight_apps_hide_column":"","pricing_elfsight_apps_url":"","pricing_codecanyon_price_caption":"","integration_category":[],"integration_request_title":"","integration_request_cta":"","integration_platform":"","integrations":[],"platform_category":[],"video_schema_markup":"","price":"desde $0 \/ mes","trial":"","benefits":[{"text":"Asistencia de instalaci\u00f3n gratuita"},{"text":"Soporte premium"},{"text":"Garant\u00eda de reembolso de 14 d\u00edas"},{"text":"Actualizando constantemente"}],"button_url":"#demo","button_target_blank":"","button_nofollow":"","attributes":[{"name":"Instalaciones","content":"10,000 - 100,000"},{"name":"Sensible","content":"S\u00ed"},{"name":"Navegadores compatibles","content":"IE11, Firefox, Safari, Opera, Chrome, Edge"}],"tags":[],"tags_disable_links":"","hide_more_platforms":"","video_object":"","demo_hide_cta":"","demo_hide_cloud_options":"","pricing_title":"","pricing":[{"pricing_icon":"platform","pricing_title":"Elfsight Apps","pricing_title_caption":"Soluci\u00f3n digital multiplataforma","pricing_price":"desde $0 \/ mes","pricing_price_caption":"comienza con el plan gratuito","pricing_benefits":[{"text":"Dominios ilimitados"},{"text":"Soporte r\u00e1pido de la empresa"},{"text":"Asistencia de instalaci\u00f3n gratuita"},{"text":"100% personalizable"}],"pricing_button_text":"A\u00f1adir al sitio web","pricing_button_url":"#demo"}],"related_apps_title":"","related_apps_hidden":"","author":"","image":[],"title":"","job":"","social_networks":[]},"_links":{"self":[{"href":"https:\/\/elfsight.com\/es\/wp-json\/wp\/v2\/pages\/8165","targetHints":{"allow":["GET"]}}],"collection":[{"href":"https:\/\/elfsight.com\/es\/wp-json\/wp\/v2\/pages"}],"about":[{"href":"https:\/\/elfsight.com\/es\/wp-json\/wp\/v2\/types\/page"}],"author":[{"embeddable":true,"href":"https:\/\/elfsight.com\/es\/wp-json\/wp\/v2\/users\/9"}],"replies":[{"embeddable":true,"href":"https:\/\/elfsight.com\/es\/wp-json\/wp\/v2\/comments?post=8165"}],"version-history":[{"count":2,"href":"https:\/\/elfsight.com\/es\/wp-json\/wp\/v2\/pages\/8165\/revisions"}],"predecessor-version":[{"id":18606,"href":"https:\/\/elfsight.com\/es\/wp-json\/wp\/v2\/pages\/8165\/revisions\/18606"}],"up":[{"embeddable":true,"href":"https:\/\/elfsight.com\/es\/wp-json\/wp\/v2\/pages\/717"}],"wp:attachment":[{"href":"https:\/\/elfsight.com\/es\/wp-json\/wp\/v2\/media?parent=8165"}],"curies":[{"name":"wp","href":"https:\/\/api.w.org\/{rel}","templated":true}]}}