{"id":8164,"date":"1970-01-01T00:00:00","date_gmt":"1970-01-01T00:00:00","guid":{"rendered":"https:\/\/elfsight.com\/es\/?page_id=8164"},"modified":"2025-02-06T15:39:58","modified_gmt":"2025-02-06T15:39:58","slug":"facebook","status":"publish","type":"page","link":"https:\/\/elfsight.com\/es\/viber-chat-widget\/facebook\/","title":{"rendered":"Viber Chat &#8211; Facebook Page"},"content":{"rendered":"<div class=\"application-platform-content-item-description application-platform-content-item\" id=\"description\" data-nav-section=\"description\"> <h2>Descripci\u00f3n<\/h2><p>Viber Chat de Elfsight es una de las posibilidades m\u00e1s convenientes para que las personas se comuniquen con usted a trav\u00e9s de su sitio web. Cada usuario obtendr\u00e1 r\u00e1pidamente respuestas a sus consultas o asistencia de su parte. Estar\u00e1s disponible en l\u00ednea en uno de los mensajeros m\u00e1s populares las 24 horas, los 7 d\u00edas de la semana. Puede seleccionar Elfsight Viber Chat para que aparezca en p\u00e1ginas espec\u00edficas y configurarlo para grupos de audiencia espec\u00edficos. Hay una variedad de opciones de personalizaci\u00f3n: elija activadores de inicio de chat, escriba su texto de bienvenida, elija \u00edconos y otras funciones. Con la ayuda de Viber Chat en el sitio web, los visitantes permanecer\u00e1n conectados en todo momento y en cualquier ubicaci\u00f3n.<\/p><p><b>Con Viber Chat, observe el crecimiento activo del negocio y aumente las ventas<\/b><\/p><\/div> <div class=\"application-platform-content-item-features application-platform-content-item\" id=\"features\" data-nav-section=\"features\"> <h2>Conozca la lista de las funciones m\u00e1s importantes:<\/h2><ul><li>Una colecci\u00f3n de \u00edconos de burbujas para que usted pueda elija<\/li><li>Texto de burbuja editable<\/li><li>Encabezado de chat con imagen de p\u00e1gina, nombre y t\u00edtulo<\/li><li>Opci\u00f3n para editar el nombre del chat<\/li><li>Configurar texto personalizado como t\u00edtulo<\/li><li>Mensaje de bienvenida editable con opciones de formato y enlaces<\/li><\/ul><p><a href=\"#demo\">Puede explorar si el widget es para usted con la ayuda de la demostraci\u00f3n<\/a><\/p><\/div> <div class=\"application-platform-content-item-installation application-platform-content-item\" id=\"installation\" data-nav-section=\"installation\"> <h2>\u00bfC\u00f3mo puedo insertar Viber Chat en mi p\u00e1gina de Facebook?<\/h2><p>Simplemente aplique las instrucciones a continuaci\u00f3n para activar el complemento.<\/p><ol><li><b>Inicie nuestro configurador gratuito y comience a crear su complemento personalizado.<\/b><br>Encuentre el dise\u00f1o y los aspectos adecuados de la herramienta y guarde las ediciones.<\/li><li><b>Copia el c\u00f3digo personal que aparece en el cuadro en Aplicaciones Elfsight<\/b><br>Inmediatamente despu\u00e9s de generar su herramienta personal, copie el c\u00f3digo exclusivo de la ventana que aparece y gu\u00e1rdelo para su uso posterior.<\/li><li><b>Comience a aplicar el widget en la p\u00e1gina web de la p\u00e1gina de Facebook<\/b><br>Agregue el c\u00f3digo copiado recientemente en su sitio web y aplique los ajustes.<\/li><li><b>\u00a1Listo! La configuraci\u00f3n est\u00e1 completamente realizada<\/b><br>Visite su p\u00e1gina web para ver el rendimiento del widget.<\/li><\/ol><p>Si encuentra algunos obst\u00e1culos, no dude en escribir a nuestro personal de soporte. Nuestros consultores estar\u00e1n encantados de ayudarle con todas las dificultades que pueda tener con el complemento.<\/p><div class=\"faq\" data-component=\"FAQ\"> <div class=\"faq-item\">\r\n\t\t\t\t\t<div class=\"faq-item-question\">\r\n\t\t\t\t\t\t<h3 class=\"faq-item-question-text\">\u00bfC\u00f3mo agregar Viber Chat al sitio web de mi p\u00e1gina de Facebook sin conocimientos de codificaci\u00f3n?<\/h3>\r\n\r\n\t\t\t\t\t\t<div class=\"faq-item-question-icon\"><\/div>\r\n\t\t\t\t\t<\/div>\r\n\r\n\t\t\t\t\t<div class=\"faq-item-answer\">\r\n\t\t\t\t\t\t<div class=\"faq-item-answer-text\"> <p>Elfsight proporciona una soluci\u00f3n SaaS que le permite crear un widget de Viber Chat usted mismo. Vea lo f\u00e1cil que es el proceso: trabaje directamente en el editor en l\u00ednea para crear un widget de Viber Chat que le gustar\u00eda ver en el sitio web de su p\u00e1gina de Facebook. Elija una de las plantillas predise\u00f1adas y ajuste la configuraci\u00f3n de Viber Chat, agregue su contenido, cambie el dise\u00f1o y los colores sin conocimientos de codificaci\u00f3n. Guarde Viber Chat y copie su c\u00f3digo de instalaci\u00f3n, que puede insertar f\u00e1cilmente en el sitio web de su p\u00e1gina de Facebook sin comprar una versi\u00f3n paga. Con nuestro editor intuitivo, cualquier usuario de Internet puede crear un widget de Viber Chat en l\u00ednea e incrustarlo f\u00e1cilmente en el sitio web de su p\u00e1gina de Facebook. No es necesario pagar ni ingresar las credenciales de su tarjeta para acceder al servicio. Si tiene alg\u00fan problema en cualquier paso, no dude en ponerse en contacto con nuestro equipo de soporte t\u00e9cnico.<\/p> <\/div>\r\n\t\t\t\t\t<\/div>\r\n\t\t\t\t<\/div> <\/div> <\/div>","protected":false},"excerpt":{"rendered":"","protected":false},"author":9,"featured_media":0,"parent":717,"menu_order":0,"comment_status":"closed","ping_status":"closed","template":"templates\/template-application-platform.php","meta":{"publish_to_discourse":"","publish_post_category":"","wpdc_auto_publish_overridden":"","wpdc_topic_tags":"","wpdc_pin_topic":"","wpdc_pin_until":"","discourse_post_id":"","discourse_permalink":"","wpdc_publishing_response":"","wpdc_publishing_error":"","footnotes":""},"class_list":["post-8164","page","type-page","status-publish","hentry"],"yoast_head":"<!-- This site is optimized with the Yoast SEO plugin v25.3.1 - https:\/\/yoast.com\/wordpress\/plugins\/seo\/ -->\n<title>Agregue Viber Chat al sitio web de la p\u00e1gina de Facebook sin codificaci\u00f3n (2025)<\/title>\n<meta name=\"description\" content=\"Incorpore Viber Chat en su sitio para una comunicaci\u00f3n m\u00e1s f\u00e1cil y r\u00e1pida con los clientes. Pruebe la demostraci\u00f3n de Elfsight para crear su propio complemento ahora.\" \/>\n<meta name=\"robots\" content=\"index, follow, max-snippet:-1, max-image-preview:large, max-video-preview:-1\" \/>\n<link rel=\"canonical\" href=\"https:\/\/elfsight.com\/es\/viber-chat-widget\/facebook\/\" \/>\n<meta property=\"og:locale\" content=\"es_ES\" \/>\n<meta property=\"og:type\" content=\"article\" \/>\n<meta property=\"og:title\" content=\"Agregue Viber Chat al sitio web de la p\u00e1gina de Facebook sin codificaci\u00f3n (2025)\" \/>\n<meta property=\"og:description\" content=\"Incorpore Viber Chat en su sitio para una comunicaci\u00f3n m\u00e1s f\u00e1cil y r\u00e1pida con los clientes. Pruebe la demostraci\u00f3n de Elfsight para crear su propio complemento ahora.\" \/>\n<meta property=\"og:url\" content=\"https:\/\/elfsight.com\/es\/viber-chat-widget\/facebook\/\" \/>\n<meta property=\"og:site_name\" content=\"Elfsight ES\" \/>\n<meta property=\"article:modified_time\" content=\"2025-02-06T15:39:58+00:00\" \/>\n<meta name=\"twitter:card\" content=\"summary_large_image\" \/>\n<meta name=\"twitter:label1\" content=\"Tiempo de lectura\" \/>\n\t<meta name=\"twitter:data1\" content=\"3 minutos\" \/>\n<!-- \/ Yoast SEO plugin. -->","yoast_head_json":{"title":"Agregue Viber Chat al sitio web de la p\u00e1gina de Facebook sin codificaci\u00f3n (2025)","description":"Incorpore Viber Chat en su sitio para una comunicaci\u00f3n m\u00e1s f\u00e1cil y r\u00e1pida con los clientes. Pruebe la demostraci\u00f3n de Elfsight para crear su propio complemento ahora.","robots":{"index":"index","follow":"follow","max-snippet":"max-snippet:-1","max-image-preview":"max-image-preview:large","max-video-preview":"max-video-preview:-1"},"canonical":"https:\/\/elfsight.com\/es\/viber-chat-widget\/facebook\/","og_locale":"es_ES","og_type":"article","og_title":"Agregue Viber Chat al sitio web de la p\u00e1gina de Facebook sin codificaci\u00f3n (2025)","og_description":"Incorpore Viber Chat en su sitio para una comunicaci\u00f3n m\u00e1s f\u00e1cil y r\u00e1pida con los clientes. Pruebe la demostraci\u00f3n de Elfsight para crear su propio complemento ahora.","og_url":"https:\/\/elfsight.com\/es\/viber-chat-widget\/facebook\/","og_site_name":"Elfsight ES","article_modified_time":"2025-02-06T15:39:58+00:00","twitter_card":"summary_large_image","twitter_misc":{"Tiempo de lectura":"3 minutos"},"schema":{"@context":"https:\/\/schema.org","@graph":[{"@type":"WebPage","@id":"https:\/\/elfsight.com\/es\/viber-chat-widget\/facebook\/","url":"https:\/\/elfsight.com\/es\/viber-chat-widget\/facebook\/","name":"Agregue Viber Chat al sitio web de la p\u00e1gina de Facebook sin codificaci\u00f3n (2025)","isPartOf":{"@id":"https:\/\/elfsight.com\/es\/#website"},"datePublished":"1970-01-01T00:00:00+00:00","dateModified":"2025-02-06T15:39:58+00:00","description":"Incorpore Viber Chat en su sitio para una comunicaci\u00f3n m\u00e1s f\u00e1cil y r\u00e1pida con los clientes. Pruebe la demostraci\u00f3n de Elfsight para crear su propio complemento ahora.","breadcrumb":{"@id":"https:\/\/elfsight.com\/es\/viber-chat-widget\/facebook\/#breadcrumb"},"inLanguage":"es","potentialAction":[{"@type":"ReadAction","target":["https:\/\/elfsight.com\/es\/viber-chat-widget\/facebook\/"]}]},{"@type":"BreadcrumbList","@id":"https:\/\/elfsight.com\/es\/viber-chat-widget\/facebook\/#breadcrumb","itemListElement":[{"@type":"ListItem","position":1,"name":"Home","item":"https:\/\/elfsight.com\/es\/"},{"@type":"ListItem","position":2,"name":"Viber Chat","item":"https:\/\/elfsight.com\/es\/viber-chat-widget\/"},{"@type":"ListItem","position":3,"name":"Viber Chat &#8211; Facebook Page"}]},{"@type":"WebSite","@id":"https:\/\/elfsight.com\/es\/#website","url":"https:\/\/elfsight.com\/es\/","name":"Elfsight ES","description":"Just another Elfsight Sites site","potentialAction":[{"@type":"SearchAction","target":{"@type":"EntryPoint","urlTemplate":"https:\/\/elfsight.com\/es\/?s={search_term_string}"},"query-input":{"@type":"PropertyValueSpecification","valueRequired":true,"valueName":"search_term_string"}}],"inLanguage":"es"}]}},"meta_box":{"industry":"","seo_heading":"","heading":"","description":"","cta_heading":"","cta_description":"","application":"716","h1":"Chat de Viber de la p\u00e1gina de Facebook","h1_caption":"Ofrezca Viber como canal de comunicaci\u00f3n en su sitio web, facilitando a los visitantes el acceso al sitio web de su p\u00e1gina de Facebook sin esfuerzo.","application_category":[],"applications_title":"","applications_request_title":"","applications_request_button_text":"","hero_text":"","hero_video":"","hero_video_schema_markup":"","selling_points_title":"","selling_points_caption":"","selling_points":[],"selling_points_cta_text":"","features_title":"","features":"","ed_cta_examples_text":"","ed_cta_examples_hidden":"","ed_cta_demo_text":"","ed_cta_demo_hidden":"","why_caption":"","why_editor_title":"","why_editor_text":"","why_team_title":"","why_team_text":"","why_service_title":"","why_service_text":"","template_catalog_visible":"","template_catalog_title":"","template_catalog_text":"","template_catalog_categories_visible":"","demo_title":"Crea tu widget de chat de Viber","demo_caption":"\u00a1Configure su Viber Chat y agr\u00e9guelo al sitio web de su p\u00e1gina de Facebook de forma gratuita!","default_faq_hidden":"","app_template_category":[],"platform":"64","template_public_id":"","codecanyon_url":"","codecanyon_item_id":"","codecanyon_price":"","pricing_caption":"","pricing_elfsight_apps_hide_column":"","pricing_elfsight_apps_url":"","pricing_codecanyon_price_caption":"","integration_category":[],"integration_request_title":"","integration_request_cta":"","integration_platform":"","integrations":[],"platform_category":[],"video_schema_markup":"","price":"desde $0 \/ mes","trial":"","benefits":[{"text":"Ayuda de instalaci\u00f3n gratuita"},{"text":"Servicio al cliente eficaz"},{"text":"Garant\u00eda de reembolso de 14 d\u00edas"},{"text":"Actualizaciones gratuitas de por vida"}],"button_url":"#demo","button_target_blank":"","button_nofollow":"","attributes":[{"name":"Instalaciones","content":"10,000 - 100,000"},{"name":"Sensible","content":"S\u00ed"},{"name":"Navegadores compatibles","content":"Chrome, Firefox, Opera, Edge, Safari"}],"tags":[],"tags_disable_links":"","hide_more_platforms":"","video_object":"","demo_hide_cta":"","demo_hide_cloud_options":"","pricing_title":"","pricing":[{"pricing_icon":"platform","pricing_title":"Elfsight Apps","pricing_title_caption":"Software independiente de la plataforma","pricing_price":"desde $0 \/ mes","pricing_price_caption":"comienza con el plan gratuito","pricing_benefits":[{"text":"Dominios ilimitados"},{"text":"Soporte r\u00e1pido"},{"text":"Soporte de instalaci\u00f3n gratuito"},{"text":"Oferta especial para m\u00faltiples aplicaciones"}],"pricing_button_text":"A\u00f1adir al sitio web","pricing_button_url":"#demo"}],"related_apps_title":"","related_apps_hidden":"","author":"","image":[],"title":"","job":"","social_networks":[]},"_links":{"self":[{"href":"https:\/\/elfsight.com\/es\/wp-json\/wp\/v2\/pages\/8164","targetHints":{"allow":["GET"]}}],"collection":[{"href":"https:\/\/elfsight.com\/es\/wp-json\/wp\/v2\/pages"}],"about":[{"href":"https:\/\/elfsight.com\/es\/wp-json\/wp\/v2\/types\/page"}],"author":[{"embeddable":true,"href":"https:\/\/elfsight.com\/es\/wp-json\/wp\/v2\/users\/9"}],"replies":[{"embeddable":true,"href":"https:\/\/elfsight.com\/es\/wp-json\/wp\/v2\/comments?post=8164"}],"version-history":[{"count":2,"href":"https:\/\/elfsight.com\/es\/wp-json\/wp\/v2\/pages\/8164\/revisions"}],"predecessor-version":[{"id":18607,"href":"https:\/\/elfsight.com\/es\/wp-json\/wp\/v2\/pages\/8164\/revisions\/18607"}],"up":[{"embeddable":true,"href":"https:\/\/elfsight.com\/es\/wp-json\/wp\/v2\/pages\/717"}],"wp:attachment":[{"href":"https:\/\/elfsight.com\/es\/wp-json\/wp\/v2\/media?parent=8164"}],"curies":[{"name":"wp","href":"https:\/\/api.w.org\/{rel}","templated":true}]}}